{"id":981,"date":"2019-02-28T21:00:44","date_gmt":"2019-02-28T20:00:44","guid":{"rendered":"https:\/\/we.pb.edu.pl\/ktiae\/?page_id=981"},"modified":"2025-11-23T13:35:19","modified_gmt":"2025-11-23T12:35:19","slug":"partnerzy","status":"publish","type":"page","link":"https:\/\/we.pb.edu.pl\/kfeits\/w-sieci-rzeczy\/partnerzy\/","title":{"rendered":"Partnerzy"},"content":{"rendered":"<ul class=\"nav nav-pills\">\n<li><a href=\"\/kfeits\/w-sieci-rzeczy\/\"> Strona Ko\u0142a <\/a><\/li>\n<li><a href=\"\/kfeits\/w-sieci-rzeczy\/aktualnosci\/\"> Aktualno\u015bci <\/a><\/li>\n<li><a href=\"\/kfeits\/w-sieci-rzeczy\/czlonkowie\/\"> Cz\u0142onkowie <\/a><\/li>\n<li><a href=\"\/kfeits\/w-sieci-rzeczy\/materialy\/\"> Materia\u0142y <\/a><\/li>\n<li><a href=\"\/kfeits\/w-sieci-rzeczy\/projekty\/\"> Projekty <\/a><\/li>\n<li><a href=\"\/kfeits\/w-sieci-rzeczy\/warsztaty\/\"> Warsztaty <\/a><\/li>\n<li><a href=\"\/kfeits\/w-sieci-rzeczy\/partnerzy\/\"> Partnerzy <\/a><\/li>\n<li><a href=\"\/kfeits\/w-sieci-rzeczy\/kontakt\/\"> Kontakt<\/a><\/li>\n<\/ul>\n<hr \/>\n<p>Wsp\u00f3\u0142praca to umiej\u0119tno\u015b\u0107 wsp\u00f3lnego wykonywania zada\u0144 i\u00a0rozwi\u0105zywania problem\u00f3w. W tym miejscu zamieszczamy informacje o firmach i ko\u0142ach wspieraj\u0105cych nasze projekty. Je\u017celi chcesz nawi\u0105za\u0107 wsp\u00f3\u0142prac\u0119 <a href=\"\/kfeits\/w-sieci-rzeczy\/kontakt\/\">skontaktuj si\u0119 z nami<\/a>.<\/p>\n<hr \/>\n<p><a href=\"https:\/\/botland.com.pl\"><img decoding=\"async\" src=\"https:\/\/botland.com.pl\/img\/logo_botland_kn.png\" alt=\"Sklep dla robotyk\u00f3w i elektronik\u00f3w, Arduino, Raspberry Pi - BOTLAND\" \/><\/a><\/p>\n","protected":false},"excerpt":{"rendered":"<p>Wsp\u00f3\u0142praca to umiej\u0119tno\u015b\u0107 wsp\u00f3lnego wykonywania zada\u0144 i\u00a0rozwi\u0105zywania problem\u00f3w. W tym miejscu zamieszczamy informacje o firmach<a class=\"read-more\" href=\"https:\/\/we.pb.edu.pl\/kfeits\/w-sieci-rzeczy\/partnerzy\/\" title=\"Poka\u017c artyku\u0142 Partnerzy\">wi\u0119cej<\/a><\/p>\n","protected":false},"author":20,"featured_media":0,"parent":788,"menu_order":0,"comment_status":"closed","ping_status":"closed","template":"","meta":{"inline_featured_image":false,"ngg_post_thumbnail":0,"footnotes":""},"class_list":["post-981","page","type-page","status-publish","hentry"],"acf":[],"yoast_head":"<!-- This site is optimized with the Yoast SEO plugin v26.4 - https:\/\/yoast.com\/wordpress\/plugins\/seo\/ -->\n<title>Partnerzy - Katedra Fotoniki, Elektroniki i Techniki \u015awietlnej<\/title>\n<meta name=\"robots\" content=\"index, follow, max-snippet:-1, max-image-preview:large, max-video-preview:-1\" \/>\n<link rel=\"canonical\" href=\"https:\/\/we.pb.edu.pl\/kfeits\/w-sieci-rzeczy\/partnerzy\/\" \/>\n<meta property=\"og:locale\" content=\"pl_PL\" \/>\n<meta property=\"og:type\" content=\"article\" \/>\n<meta property=\"og:title\" content=\"Partnerzy - Katedra Fotoniki, Elektroniki i Techniki \u015awietlnej\" \/>\n<meta property=\"og:description\" content=\"Wsp\u00f3\u0142praca to umiej\u0119tno\u015b\u0107 wsp\u00f3lnego wykonywania zada\u0144 i\u00a0rozwi\u0105zywania problem\u00f3w. W tym miejscu zamieszczamy informacje o firmachwi\u0119cej\" \/>\n<meta property=\"og:url\" content=\"https:\/\/we.pb.edu.pl\/kfeits\/w-sieci-rzeczy\/partnerzy\/\" \/>\n<meta property=\"og:site_name\" content=\"Katedra Fotoniki, Elektroniki i Techniki \u015awietlnej\" \/>\n<meta property=\"article:modified_time\" content=\"2025-11-23T12:35:19+00:00\" \/>\n<meta property=\"og:image\" content=\"https:\/\/botland.com.pl\/img\/logo_botland_kn.png\" \/>\n<meta name=\"twitter:card\" content=\"summary_large_image\" \/>\n<meta name=\"twitter:label1\" content=\"Szacowany czas czytania\" \/>\n\t<meta name=\"twitter:data1\" content=\"1 minuta\" \/>\n<script type=\"application\/ld+json\" class=\"yoast-schema-graph\">{\"@context\":\"https:\/\/schema.org\",\"@graph\":[{\"@type\":\"WebPage\",\"@id\":\"https:\/\/we.pb.edu.pl\/kfeits\/w-sieci-rzeczy\/partnerzy\/\",\"url\":\"https:\/\/we.pb.edu.pl\/kfeits\/w-sieci-rzeczy\/partnerzy\/\",\"name\":\"Partnerzy - Katedra Fotoniki, Elektroniki i Techniki \u015awietlnej\",\"isPartOf\":{\"@id\":\"https:\/\/we.pb.edu.pl\/kfeits\/#website\"},\"primaryImageOfPage\":{\"@id\":\"https:\/\/we.pb.edu.pl\/kfeits\/w-sieci-rzeczy\/partnerzy\/#primaryimage\"},\"image\":{\"@id\":\"https:\/\/we.pb.edu.pl\/kfeits\/w-sieci-rzeczy\/partnerzy\/#primaryimage\"},\"thumbnailUrl\":\"https:\/\/botland.com.pl\/img\/logo_botland_kn.png\",\"datePublished\":\"2019-02-28T20:00:44+00:00\",\"dateModified\":\"2025-11-23T12:35:19+00:00\",\"breadcrumb\":{\"@id\":\"https:\/\/we.pb.edu.pl\/kfeits\/w-sieci-rzeczy\/partnerzy\/#breadcrumb\"},\"inLanguage\":\"pl-PL\",\"potentialAction\":[{\"@type\":\"ReadAction\",\"target\":[\"https:\/\/we.pb.edu.pl\/kfeits\/w-sieci-rzeczy\/partnerzy\/\"]}]},{\"@type\":\"ImageObject\",\"inLanguage\":\"pl-PL\",\"@id\":\"https:\/\/we.pb.edu.pl\/kfeits\/w-sieci-rzeczy\/partnerzy\/#primaryimage\",\"url\":\"https:\/\/botland.com.pl\/img\/logo_botland_kn.png\",\"contentUrl\":\"https:\/\/botland.com.pl\/img\/logo_botland_kn.png\"},{\"@type\":\"BreadcrumbList\",\"@id\":\"https:\/\/we.pb.edu.pl\/kfeits\/w-sieci-rzeczy\/partnerzy\/#breadcrumb\",\"itemListElement\":[{\"@type\":\"ListItem\",\"position\":1,\"name\":\"Strona g\u0142\u00f3wna\",\"item\":\"https:\/\/we.pb.edu.pl\/kfeits\/\"},{\"@type\":\"ListItem\",\"position\":2,\"name\":\"Ko\u0142o Naukowe System\u00f3w Wbudowanych &#8222;W sieci rzeczy&#8221;\",\"item\":\"https:\/\/we.pb.edu.pl\/kfeits\/w-sieci-rzeczy\/\"},{\"@type\":\"ListItem\",\"position\":3,\"name\":\"Partnerzy\"}]},{\"@type\":\"WebSite\",\"@id\":\"https:\/\/we.pb.edu.pl\/kfeits\/#website\",\"url\":\"https:\/\/we.pb.edu.pl\/kfeits\/\",\"name\":\"Katedra Fotoniki, Elektroniki i Techniki \u015awietlnej\",\"description\":\"\",\"potentialAction\":[{\"@type\":\"SearchAction\",\"target\":{\"@type\":\"EntryPoint\",\"urlTemplate\":\"https:\/\/we.pb.edu.pl\/kfeits\/?s={search_term_string}\"},\"query-input\":{\"@type\":\"PropertyValueSpecification\",\"valueRequired\":true,\"valueName\":\"search_term_string\"}}],\"inLanguage\":\"pl-PL\"}]}<\/script>\n<!-- \/ Yoast SEO plugin. -->","yoast_head_json":{"title":"Partnerzy - Katedra Fotoniki, Elektroniki i Techniki \u015awietlnej","robots":{"index":"index","follow":"follow","max-snippet":"max-snippet:-1","max-image-preview":"max-image-preview:large","max-video-preview":"max-video-preview:-1"},"canonical":"https:\/\/we.pb.edu.pl\/kfeits\/w-sieci-rzeczy\/partnerzy\/","og_locale":"pl_PL","og_type":"article","og_title":"Partnerzy - Katedra Fotoniki, Elektroniki i Techniki \u015awietlnej","og_description":"Wsp\u00f3\u0142praca to umiej\u0119tno\u015b\u0107 wsp\u00f3lnego wykonywania zada\u0144 i\u00a0rozwi\u0105zywania problem\u00f3w. W tym miejscu zamieszczamy informacje o firmachwi\u0119cej","og_url":"https:\/\/we.pb.edu.pl\/kfeits\/w-sieci-rzeczy\/partnerzy\/","og_site_name":"Katedra Fotoniki, Elektroniki i Techniki \u015awietlnej","article_modified_time":"2025-11-23T12:35:19+00:00","og_image":[{"url":"https:\/\/botland.com.pl\/img\/logo_botland_kn.png","type":"","width":"","height":""}],"twitter_card":"summary_large_image","twitter_misc":{"Szacowany czas czytania":"1 minuta"},"schema":{"@context":"https:\/\/schema.org","@graph":[{"@type":"WebPage","@id":"https:\/\/we.pb.edu.pl\/kfeits\/w-sieci-rzeczy\/partnerzy\/","url":"https:\/\/we.pb.edu.pl\/kfeits\/w-sieci-rzeczy\/partnerzy\/","name":"Partnerzy - Katedra Fotoniki, Elektroniki i Techniki \u015awietlnej","isPartOf":{"@id":"https:\/\/we.pb.edu.pl\/kfeits\/#website"},"primaryImageOfPage":{"@id":"https:\/\/we.pb.edu.pl\/kfeits\/w-sieci-rzeczy\/partnerzy\/#primaryimage"},"image":{"@id":"https:\/\/we.pb.edu.pl\/kfeits\/w-sieci-rzeczy\/partnerzy\/#primaryimage"},"thumbnailUrl":"https:\/\/botland.com.pl\/img\/logo_botland_kn.png","datePublished":"2019-02-28T20:00:44+00:00","dateModified":"2025-11-23T12:35:19+00:00","breadcrumb":{"@id":"https:\/\/we.pb.edu.pl\/kfeits\/w-sieci-rzeczy\/partnerzy\/#breadcrumb"},"inLanguage":"pl-PL","potentialAction":[{"@type":"ReadAction","target":["https:\/\/we.pb.edu.pl\/kfeits\/w-sieci-rzeczy\/partnerzy\/"]}]},{"@type":"ImageObject","inLanguage":"pl-PL","@id":"https:\/\/we.pb.edu.pl\/kfeits\/w-sieci-rzeczy\/partnerzy\/#primaryimage","url":"https:\/\/botland.com.pl\/img\/logo_botland_kn.png","contentUrl":"https:\/\/botland.com.pl\/img\/logo_botland_kn.png"},{"@type":"BreadcrumbList","@id":"https:\/\/we.pb.edu.pl\/kfeits\/w-sieci-rzeczy\/partnerzy\/#breadcrumb","itemListElement":[{"@type":"ListItem","position":1,"name":"Strona g\u0142\u00f3wna","item":"https:\/\/we.pb.edu.pl\/kfeits\/"},{"@type":"ListItem","position":2,"name":"Ko\u0142o Naukowe System\u00f3w Wbudowanych &#8222;W sieci rzeczy&#8221;","item":"https:\/\/we.pb.edu.pl\/kfeits\/w-sieci-rzeczy\/"},{"@type":"ListItem","position":3,"name":"Partnerzy"}]},{"@type":"WebSite","@id":"https:\/\/we.pb.edu.pl\/kfeits\/#website","url":"https:\/\/we.pb.edu.pl\/kfeits\/","name":"Katedra Fotoniki, Elektroniki i Techniki \u015awietlnej","description":"","potentialAction":[{"@type":"SearchAction","target":{"@type":"EntryPoint","urlTemplate":"https:\/\/we.pb.edu.pl\/kfeits\/?s={search_term_string}"},"query-input":{"@type":"PropertyValueSpecification","valueRequired":true,"valueName":"search_term_string"}}],"inLanguage":"pl-PL"}]}},"_links":{"self":[{"href":"https:\/\/we.pb.edu.pl\/kfeits\/wp-json\/wp\/v2\/pages\/981","targetHints":{"allow":["GET"]}}],"collection":[{"href":"https:\/\/we.pb.edu.pl\/kfeits\/wp-json\/wp\/v2\/pages"}],"about":[{"href":"https:\/\/we.pb.edu.pl\/kfeits\/wp-json\/wp\/v2\/types\/page"}],"author":[{"embeddable":true,"href":"https:\/\/we.pb.edu.pl\/kfeits\/wp-json\/wp\/v2\/users\/20"}],"replies":[{"embeddable":true,"href":"https:\/\/we.pb.edu.pl\/kfeits\/wp-json\/wp\/v2\/comments?post=981"}],"version-history":[{"count":8,"href":"https:\/\/we.pb.edu.pl\/kfeits\/wp-json\/wp\/v2\/pages\/981\/revisions"}],"predecessor-version":[{"id":6072,"href":"https:\/\/we.pb.edu.pl\/kfeits\/wp-json\/wp\/v2\/pages\/981\/revisions\/6072"}],"up":[{"embeddable":true,"href":"https:\/\/we.pb.edu.pl\/kfeits\/wp-json\/wp\/v2\/pages\/788"}],"wp:attachment":[{"href":"https:\/\/we.pb.edu.pl\/kfeits\/wp-json\/wp\/v2\/media?parent=981"}],"curies":[{"name":"wp","href":"https:\/\/api.w.org\/{rel}","templated":true}]}}