{"id":954,"date":"2019-02-24T00:16:48","date_gmt":"2019-02-23T23:16:48","guid":{"rendered":"https:\/\/we.pb.edu.pl\/ktiae\/?page_id=954"},"modified":"2026-03-19T11:36:46","modified_gmt":"2026-03-19T10:36:46","slug":"embedded-systems","status":"publish","type":"page","link":"https:\/\/we.pb.edu.pl\/kfeits\/krzysztof-konopko\/erasmus\/embedded-systems\/","title":{"rendered":"Embedded systems"},"content":{"rendered":"<p><strong>ul. Zwierzyniecka 10, 15-351 Bia\u0142ystok, s. CBD-32<\/strong><\/p>\n<p><span class=\"tlid-translation translation\"><span class=\"\" title=\"\">lecturer<\/span><\/span>: <a href=\"\/kfeits\/krzysztof-konopko\/\">Krzysztof Konopko<\/a><\/p>\n<hr \/>\n<p>Presentations from the lecture:<\/p>\n<ul>\n<li><a href=\"https:\/\/box.biaman.pl\/f\/5bd1f0f9e45d4414b6b7\/?raw=1&amp;ext=.pdf\">Linux &#8211; Embedded System.<\/a><\/li>\n<li><a href=\"https:\/\/box.biaman.pl\/f\/e7332919a0444551b23d\/?raw=1&amp;ext=.pdf\">Linux shell.<\/a><\/li>\n<li><a href=\"https:\/\/box.biaman.pl\/f\/8932ac492bdc4283948a\/?raw=1&amp;ext=.pdf\">Shell scripts.<\/a><\/li>\n<li><a href=\"https:\/\/box.biaman.pl\/f\/6e2eba200fe944718d91\/?raw=1&amp;ext=.pdf\">Toolchain.<\/a><\/li>\n<li><a href=\"https:\/\/box.biaman.pl\/f\/af0072b525cc48889e71\/?raw=1&amp;ext=.pdf\">A minimal system for embedded devices.<\/a><\/li>\n<li><a href=\"https:\/\/box.biaman.pl\/f\/3d443c6a54174a1db64e\/?raw=1&amp;ext=.pdf\">OpenWrt.<\/a><\/li>\n<\/ul>\n<hr \/>\n<p>Instructions for laboratory exercises:<\/p>\n<ul>\n<li>Bash Shell Programming.<\/li>\n<li>Toolchain.<\/li>\n<li>Busybox.\u00a0(config.txt, cmdline.txt, system image raspberry.img).<\/li>\n<li>OpenWRT.<\/li>\n<\/ul>\n<hr \/>\n<p><span class=\"tlid-translation translation\" lang=\"en\"><span class=\"\" title=\"\">Interesting links<\/span><\/span>:<\/p>\n<ul>\n<li><a href=\"https:\/\/www.linuxjournal.com\/content\/diy-build-custom-minimal-linux-distribution-source\">DIY: Build a Custom Minimal Linux Distribution from Source.<\/a><\/li>\n<\/ul>\n","protected":false},"excerpt":{"rendered":"<p>ul. Zwierzyniecka 10, 15-351 Bia\u0142ystok, s. CBD-32 lecturer: Krzysztof Konopko Presentations from the lecture: Linux<a class=\"read-more\" href=\"https:\/\/we.pb.edu.pl\/kfeits\/krzysztof-konopko\/erasmus\/embedded-systems\/\" title=\"Poka\u017c artyku\u0142 Embedded systems\">wi\u0119cej<\/a><\/p>\n","protected":false},"author":20,"featured_media":0,"parent":4413,"menu_order":0,"comment_status":"closed","ping_status":"closed","template":"","meta":{"inline_featured_image":false,"ngg_post_thumbnail":0,"footnotes":""},"class_list":["post-954","page","type-page","status-publish","hentry"],"acf":[],"yoast_head":"<!-- This site is optimized with the Yoast SEO plugin v26.4 - https:\/\/yoast.com\/wordpress\/plugins\/seo\/ -->\n<title>Embedded systems - Katedra Fotoniki, Elektroniki i Techniki \u015awietlnej<\/title>\n<meta name=\"robots\" content=\"index, follow, max-snippet:-1, max-image-preview:large, max-video-preview:-1\" \/>\n<link rel=\"canonical\" href=\"https:\/\/we.pb.edu.pl\/kfeits\/krzysztof-konopko\/erasmus\/embedded-systems\/\" \/>\n<meta property=\"og:locale\" content=\"pl_PL\" \/>\n<meta property=\"og:type\" content=\"article\" \/>\n<meta property=\"og:title\" content=\"Embedded systems - Katedra Fotoniki, Elektroniki i Techniki \u015awietlnej\" \/>\n<meta property=\"og:description\" content=\"ul. Zwierzyniecka 10, 15-351 Bia\u0142ystok, s. CBD-32 lecturer: Krzysztof Konopko Presentations from the lecture: Linuxwi\u0119cej\" \/>\n<meta property=\"og:url\" content=\"https:\/\/we.pb.edu.pl\/kfeits\/krzysztof-konopko\/erasmus\/embedded-systems\/\" \/>\n<meta property=\"og:site_name\" content=\"Katedra Fotoniki, Elektroniki i Techniki \u015awietlnej\" \/>\n<meta property=\"article:modified_time\" content=\"2026-03-19T10:36:46+00:00\" \/>\n<meta name=\"twitter:card\" content=\"summary_large_image\" \/>\n<meta name=\"twitter:label1\" content=\"Szacowany czas czytania\" \/>\n\t<meta name=\"twitter:data1\" content=\"1 minuta\" \/>\n<script type=\"application\/ld+json\" class=\"yoast-schema-graph\">{\"@context\":\"https:\/\/schema.org\",\"@graph\":[{\"@type\":\"WebPage\",\"@id\":\"https:\/\/we.pb.edu.pl\/kfeits\/krzysztof-konopko\/erasmus\/embedded-systems\/\",\"url\":\"https:\/\/we.pb.edu.pl\/kfeits\/krzysztof-konopko\/erasmus\/embedded-systems\/\",\"name\":\"Embedded systems - Katedra Fotoniki, Elektroniki i Techniki \u015awietlnej\",\"isPartOf\":{\"@id\":\"https:\/\/we.pb.edu.pl\/kfeits\/#website\"},\"datePublished\":\"2019-02-23T23:16:48+00:00\",\"dateModified\":\"2026-03-19T10:36:46+00:00\",\"breadcrumb\":{\"@id\":\"https:\/\/we.pb.edu.pl\/kfeits\/krzysztof-konopko\/erasmus\/embedded-systems\/#breadcrumb\"},\"inLanguage\":\"pl-PL\",\"potentialAction\":[{\"@type\":\"ReadAction\",\"target\":[\"https:\/\/we.pb.edu.pl\/kfeits\/krzysztof-konopko\/erasmus\/embedded-systems\/\"]}]},{\"@type\":\"BreadcrumbList\",\"@id\":\"https:\/\/we.pb.edu.pl\/kfeits\/krzysztof-konopko\/erasmus\/embedded-systems\/#breadcrumb\",\"itemListElement\":[{\"@type\":\"ListItem\",\"position\":1,\"name\":\"Strona g\u0142\u00f3wna\",\"item\":\"https:\/\/we.pb.edu.pl\/kfeits\/\"},{\"@type\":\"ListItem\",\"position\":2,\"name\":\"dr in\u017c. Krzysztof Konopko\",\"item\":\"https:\/\/we.pb.edu.pl\/kfeits\/krzysztof-konopko\/\"},{\"@type\":\"ListItem\",\"position\":3,\"name\":\"Erasmus\",\"item\":\"https:\/\/we.pb.edu.pl\/kfeits\/krzysztof-konopko\/erasmus\/\"},{\"@type\":\"ListItem\",\"position\":4,\"name\":\"Embedded systems\"}]},{\"@type\":\"WebSite\",\"@id\":\"https:\/\/we.pb.edu.pl\/kfeits\/#website\",\"url\":\"https:\/\/we.pb.edu.pl\/kfeits\/\",\"name\":\"Katedra Fotoniki, Elektroniki i Techniki \u015awietlnej\",\"description\":\"\",\"potentialAction\":[{\"@type\":\"SearchAction\",\"target\":{\"@type\":\"EntryPoint\",\"urlTemplate\":\"https:\/\/we.pb.edu.pl\/kfeits\/?s={search_term_string}\"},\"query-input\":{\"@type\":\"PropertyValueSpecification\",\"valueRequired\":true,\"valueName\":\"search_term_string\"}}],\"inLanguage\":\"pl-PL\"}]}<\/script>\n<!-- \/ Yoast SEO plugin. -->","yoast_head_json":{"title":"Embedded systems - Katedra Fotoniki, Elektroniki i Techniki \u015awietlnej","robots":{"index":"index","follow":"follow","max-snippet":"max-snippet:-1","max-image-preview":"max-image-preview:large","max-video-preview":"max-video-preview:-1"},"canonical":"https:\/\/we.pb.edu.pl\/kfeits\/krzysztof-konopko\/erasmus\/embedded-systems\/","og_locale":"pl_PL","og_type":"article","og_title":"Embedded systems - Katedra Fotoniki, Elektroniki i Techniki \u015awietlnej","og_description":"ul. Zwierzyniecka 10, 15-351 Bia\u0142ystok, s. CBD-32 lecturer: Krzysztof Konopko Presentations from the lecture: Linuxwi\u0119cej","og_url":"https:\/\/we.pb.edu.pl\/kfeits\/krzysztof-konopko\/erasmus\/embedded-systems\/","og_site_name":"Katedra Fotoniki, Elektroniki i Techniki \u015awietlnej","article_modified_time":"2026-03-19T10:36:46+00:00","twitter_card":"summary_large_image","twitter_misc":{"Szacowany czas czytania":"1 minuta"},"schema":{"@context":"https:\/\/schema.org","@graph":[{"@type":"WebPage","@id":"https:\/\/we.pb.edu.pl\/kfeits\/krzysztof-konopko\/erasmus\/embedded-systems\/","url":"https:\/\/we.pb.edu.pl\/kfeits\/krzysztof-konopko\/erasmus\/embedded-systems\/","name":"Embedded systems - Katedra Fotoniki, Elektroniki i Techniki \u015awietlnej","isPartOf":{"@id":"https:\/\/we.pb.edu.pl\/kfeits\/#website"},"datePublished":"2019-02-23T23:16:48+00:00","dateModified":"2026-03-19T10:36:46+00:00","breadcrumb":{"@id":"https:\/\/we.pb.edu.pl\/kfeits\/krzysztof-konopko\/erasmus\/embedded-systems\/#breadcrumb"},"inLanguage":"pl-PL","potentialAction":[{"@type":"ReadAction","target":["https:\/\/we.pb.edu.pl\/kfeits\/krzysztof-konopko\/erasmus\/embedded-systems\/"]}]},{"@type":"BreadcrumbList","@id":"https:\/\/we.pb.edu.pl\/kfeits\/krzysztof-konopko\/erasmus\/embedded-systems\/#breadcrumb","itemListElement":[{"@type":"ListItem","position":1,"name":"Strona g\u0142\u00f3wna","item":"https:\/\/we.pb.edu.pl\/kfeits\/"},{"@type":"ListItem","position":2,"name":"dr in\u017c. Krzysztof Konopko","item":"https:\/\/we.pb.edu.pl\/kfeits\/krzysztof-konopko\/"},{"@type":"ListItem","position":3,"name":"Erasmus","item":"https:\/\/we.pb.edu.pl\/kfeits\/krzysztof-konopko\/erasmus\/"},{"@type":"ListItem","position":4,"name":"Embedded systems"}]},{"@type":"WebSite","@id":"https:\/\/we.pb.edu.pl\/kfeits\/#website","url":"https:\/\/we.pb.edu.pl\/kfeits\/","name":"Katedra Fotoniki, Elektroniki i Techniki \u015awietlnej","description":"","potentialAction":[{"@type":"SearchAction","target":{"@type":"EntryPoint","urlTemplate":"https:\/\/we.pb.edu.pl\/kfeits\/?s={search_term_string}"},"query-input":{"@type":"PropertyValueSpecification","valueRequired":true,"valueName":"search_term_string"}}],"inLanguage":"pl-PL"}]}},"_links":{"self":[{"href":"https:\/\/we.pb.edu.pl\/kfeits\/wp-json\/wp\/v2\/pages\/954","targetHints":{"allow":["GET"]}}],"collection":[{"href":"https:\/\/we.pb.edu.pl\/kfeits\/wp-json\/wp\/v2\/pages"}],"about":[{"href":"https:\/\/we.pb.edu.pl\/kfeits\/wp-json\/wp\/v2\/types\/page"}],"author":[{"embeddable":true,"href":"https:\/\/we.pb.edu.pl\/kfeits\/wp-json\/wp\/v2\/users\/20"}],"replies":[{"embeddable":true,"href":"https:\/\/we.pb.edu.pl\/kfeits\/wp-json\/wp\/v2\/comments?post=954"}],"version-history":[{"count":92,"href":"https:\/\/we.pb.edu.pl\/kfeits\/wp-json\/wp\/v2\/pages\/954\/revisions"}],"predecessor-version":[{"id":6320,"href":"https:\/\/we.pb.edu.pl\/kfeits\/wp-json\/wp\/v2\/pages\/954\/revisions\/6320"}],"up":[{"embeddable":true,"href":"https:\/\/we.pb.edu.pl\/kfeits\/wp-json\/wp\/v2\/pages\/4413"}],"wp:attachment":[{"href":"https:\/\/we.pb.edu.pl\/kfeits\/wp-json\/wp\/v2\/media?parent=954"}],"curies":[{"name":"wp","href":"https:\/\/api.w.org\/{rel}","templated":true}]}}