{"id":945,"date":"2019-02-21T22:24:57","date_gmt":"2019-02-21T21:24:57","guid":{"rendered":"https:\/\/we.pb.edu.pl\/ktiae\/?page_id=945"},"modified":"2026-04-27T10:21:54","modified_gmt":"2026-04-27T08:21:54","slug":"podstawy-telekomunikacji","status":"publish","type":"page","link":"https:\/\/we.pb.edu.pl\/kfeits\/krzysztof-konopko\/eit1s\/podstawy-telekomunikacji\/","title":{"rendered":"Podstawy telekomunikacji"},"content":{"rendered":"<p><strong>ul. Zwierzyniecka 10, 15-351 Bia\u0142ystok, s. CBD-32<\/strong><\/p>\n<p>prowadz\u0105cy: <a href=\"\/kfeits\/krzysztof-konopko\/\">Krzysztof Konopko<\/a>, Marek Garbaruk, Mateusz Sumorek<\/p>\n<hr \/>\n<p><strong>Prezentacje z wyk\u0142adu:<\/strong><\/p>\n<ul>\n<li><a href=\"https:\/\/box.biaman.pl\/f\/6633e2a780174653bf19\/?raw=1&amp;ext=.pdf\">Informacje o przedmiocie.<\/a>\u00a0<a href=\"https:\/\/box.biaman.pl\/f\/00bf07feab854deba599\/?raw=1&amp;ext=.pdf\">Modele system\u00f3w telekomunikacyjnych.<\/a><\/li>\n<li><a href=\"https:\/\/box.biaman.pl\/f\/0303bf5082b2491ab9bc\/?raw=1&amp;ext=.pdf\">Sygna\u0142y deterministyczne.<\/a>\u00a0<a href=\"https:\/\/box.biaman.pl\/f\/f46d5c51a7de423bb0ad\/?raw=1&amp;ext=.pdf\">Sygna\u0142y stochastyczne.<\/a><\/li>\n<li><a href=\"https:\/\/box.biaman.pl\/f\/2e6c9163f6bc4deba8a9\/?raw=1&amp;ext=.pdf\">Media Transmisyjne.<\/a><\/li>\n<li><a href=\"https:\/\/box.biaman.pl\/f\/21c17144ca254dc7a375\/?raw=1&amp;ext=.pdf\">Modulacje analogowe.<\/a> <a href=\"https:\/\/box.biaman.pl\/f\/1001de26a067405aa8f9\/?raw=1&amp;ext=.pdf\">Transmisja sygna\u0142\u00f3w analogowych.<\/a><\/li>\n<li>\n<div><a href=\"https:\/\/box.biaman.pl\/f\/da1f167b5cad4dbfafd3\/?raw=1&amp;ext=.pdf\">Cyfrowa reprezentacja sygna\u0142\u00f3w.<\/a> <a href=\"https:\/\/box.biaman.pl\/f\/c8d34a7444544222b5c3\/?raw=1&amp;ext=.pdf\">Transmisja sygna\u0142\u00f3w cyfrowych w pa\u015bmie podstawowym.<\/a><\/div>\n<\/li>\n<li><a href=\"https:\/\/box.biaman.pl\/f\/83c6e97a107b43bb8354\/?raw=1&amp;ext=.pdf\">Modulacje cyfrowe.<\/a><\/li>\n<li>Telekomutacja. Systemy telekomunikacyjne.<\/li>\n<\/ul>\n<hr \/>\n<p><strong>Instrukcje do \u0107wicze\u0144 laboratoryjnych:<\/strong><\/p>\n<ul>\n<li><a href=\"https:\/\/box.biaman.pl\/f\/ebbb008e046e4667a370\/?raw=1&amp;ext=.pdf\">Sygna\u0142y deterministyczne i stochastyczne.<\/a>\n<ul>\n<li><a href=\"https:\/\/box.biaman.pl\/f\/104a1775a4b54808ba0d\/?dl=1\">syg_rzecz_det.grc,<\/a><\/li>\n<li><a href=\"https:\/\/box.biaman.pl\/f\/2c44fb20fd9c4a5590c9\/?dl=1\">syg_zesp_det.grc,<\/a><\/li>\n<li><a href=\"https:\/\/box.biaman.pl\/f\/78eddad844ae426ea5fe\/?dl=1\">syg_rzecz_los.grc,<\/a><\/li>\n<li><a href=\"https:\/\/box.biaman.pl\/f\/5c8b35b2d33d49a3862f\/?dl=1\">hack_rf_syg.grc.<\/a><\/li>\n<\/ul>\n<\/li>\n<li><a href=\"https:\/\/box.biaman.pl\/f\/18f06652b58f4d59b2b3\/?raw=1&amp;ext=.pdf\">Charakterystyka amplitudowo-cz\u0119stotliwo\u015bciowa kana\u0142u telefonicznego.<\/a>\n<ul>\n<li><a href=\"https:\/\/box.biaman.pl\/f\/c09d8fca86eb4be893e0\/?dl=1\">audio_channel.grc,<\/a><\/li>\n<li><a href=\"https:\/\/box.biaman.pl\/f\/7799628cf63c439e87f4\/?dl=1\">char_ampl.grc.<\/a><\/li>\n<\/ul>\n<\/li>\n<li><a href=\"https:\/\/box.biaman.pl\/f\/305500e532aa458eb1a7\/?raw=1&amp;ext=.pdf\">Charakterystyka fazowo-cz\u0119stotliwo\u015bciowa kana\u0142u telefonicznego, op\u00f3\u017anienie grupowe.<\/a>\n<ul>\n<li><a href=\"https:\/\/box.biaman.pl\/f\/be2ceb4e81454c88a515\/?dl=1\">opoznienie.grc,<\/a><\/li>\n<li><a href=\"https:\/\/box.biaman.pl\/f\/837953436f5b4b60905d\/?dl=1\">char_faz.grc.<\/a><\/li>\n<\/ul>\n<\/li>\n<li><a href=\"https:\/\/box.biaman.pl\/f\/a643dd90b8a941aaacee\/?raw=1&amp;ext=.pdf\">Modulacja amplitudy.<\/a>\n<ul>\n<li>\n<div><a href=\"https:\/\/box.biaman.pl\/f\/b79acb3a869146deb4b9\/\">gen_AM_DSB.grc,<\/a><\/div>\n<\/li>\n<li><a href=\"https:\/\/box.biaman.pl\/f\/528474cf2bda49908ebe\/\">gen_AM_DSB-SC.grc,<\/a><\/li>\n<li><a href=\"https:\/\/box.biaman.pl\/f\/b84ed9bf113b47609262\/\">det_AM_DSB.grc,<\/a><\/li>\n<li><a href=\"https:\/\/box.biaman.pl\/f\/4f99d78b26a2478b906b\/\">det_AM_DSB-SC.grc.<\/a><\/li>\n<\/ul>\n<\/li>\n<li><a href=\"https:\/\/box.biaman.pl\/f\/adf82371c4074c4fa7c2\/?raw=1&amp;ext=.pdf\">Modulacja cz\u0119stotliwo\u015bci.<\/a>\n<ul>\n<li><a href=\"https:\/\/box.biaman.pl\/f\/5c22d427313e42a58bcb\/\">gen_FM.grc,<\/a><\/li>\n<li><a href=\"https:\/\/box.biaman.pl\/f\/7a49bb763be94e658103\/\">gen_PM.grc,<\/a><\/li>\n<li><a href=\"https:\/\/box.biaman.pl\/f\/8f8341ce9d194f0886ee\/\">det_FM.grc.<\/a><\/li>\n<\/ul>\n<\/li>\n<li><a href=\"https:\/\/box.biaman.pl\/f\/d23ef61cbb284ffab862\/?raw=1&amp;ext=.pdf\">PCM &#8211; pr\u00f3bkowanie i kwantyzacja sygna\u0142\u00f3w analogowych.<\/a>\n<ul>\n<li><a href=\"https:\/\/box.biaman.pl\/f\/fe35cfbf7b524d6bbf39\/\">sampler.grc<\/a><\/li>\n<li><a href=\"https:\/\/box.biaman.pl\/f\/b554519b8fa84318a834\/\">kwantyzator.grc<\/a><\/li>\n<\/ul>\n<\/li>\n<li><a href=\"https:\/\/box.biaman.pl\/f\/6724290460b64ab9ac56\/?raw=1&amp;ext=.pdf\">Kompresja sygna\u0142\u00f3w<\/a>.\n<ul>\n<li><a href=\"https:\/\/box.biaman.pl\/f\/f7788d0b74c14638a6c6\/\">A-law.grc<\/a>,<\/li>\n<li><a href=\"https:\/\/box.biaman.pl\/f\/b60a4741a727447e857f\/\">A-law_static.grc<\/a>,<\/li>\n<li><a href=\"https:\/\/box.biaman.pl\/f\/539fdd266314458f992f\/\">A-law_SNR.grc<\/a>,<\/li>\n<li><a href=\"https:\/\/box.biaman.pl\/f\/58400d6fa2b44c25acef\/\">u-law.grc<\/a>,<\/li>\n<li><a href=\"https:\/\/box.biaman.pl\/f\/bde78e14007542458495\/\">u-law_static.grc<\/a>,<\/li>\n<li><a href=\"https:\/\/box.biaman.pl\/f\/243142e4289d403db335\/\">u-law_SNR.grc<\/a>,<\/li>\n<\/ul>\n<\/li>\n<li><a href=\"https:\/\/box.biaman.pl\/f\/47f4b40eed51493aa926\/?raw=1&amp;ext=.pdf\">Transmisja sygna\u0142\u00f3w w pa\u015bmie podstawowym \u2013 kody transmisyjne:<\/a> \u00a0(skrypt Pythona do wykre\u015blania widma g\u0119sto\u015bci mocy <a href=\"https:\/\/box.biaman.pl\/f\/53d9f53368554ef7b55f\/\">plot_psd.py<\/a>\u00a0 w celu uruchomienia skryptu nale\u017cy w terminalu wprowadzi\u0107 komend\u0119: <span style=\"font-family: courier new, courier, monospace\">python plot_psd.py &#8211;help<\/span>)\n<ul>\n<li><a href=\"https:\/\/box.biaman.pl\/f\/bb0389b97f7441b5ae8c\/\">2b1q_5000_0.001_1_48000.dat<\/a>,<\/li>\n<li><a href=\"https:\/\/box.biaman.pl\/f\/ed97dc68449645539eac\/\">ami_5000_0.001_1_48000.dat<\/a>,<\/li>\n<li><a href=\"https:\/\/box.biaman.pl\/f\/b259e3c51f4948b1a95a\/\">manchester_5000_0.001_1_48000.dat<\/a>,<\/li>\n<li><a href=\"https:\/\/box.biaman.pl\/f\/a0d8594e29c841879819\/\">polnrz_5000_0.001_1_48000.dat<\/a>,<\/li>\n<li><a href=\"https:\/\/box.biaman.pl\/f\/d1310cc456884194bd15\/\">polrz_5000_0.001_1_48000.dat<\/a>,<\/li>\n<li><a href=\"https:\/\/box.biaman.pl\/f\/1fc9cf1b982d4356af63\/\">uninrz_5000_0.001_1_48000.dat<\/a>,<\/li>\n<li><a href=\"https:\/\/box.biaman.pl\/f\/bbd225cd81064f01b7ad\/\">unirz_5000_0.001_1_48000.dat<\/a>,<\/li>\n<li><a href=\"https:\/\/box.biaman.pl\/f\/5d7c6bae565146f9a6cc\/\">kody transmisyjne.grc<\/a>.<\/li>\n<\/ul>\n<\/li>\n<li><a href=\"https:\/\/box.biaman.pl\/f\/48c1ef9086cb48d98802\/?raw=1&amp;ext=.pdf\">Transmisja sygna\u0142\u00f3w w pa\u015bmie podstawowym &#8211; BER<\/a>:\n<ul>\n<li><a href=\"https:\/\/box.biaman.pl\/f\/c31245fffefb4a548597\/\">transmisja.grc,<\/a><\/li>\n<li><a href=\"https:\/\/box.biaman.pl\/f\/f3bb765b8bd24719976c\/\">transmisja BER.grc.<\/a><\/li>\n<\/ul>\n<\/li>\n<\/ul>\n<ul>\n<li><a href=\"https:\/\/box.biaman.pl\/f\/66df73d4339746f9bea4\/?raw=1&amp;ext=.pdf\">Cyfrowa transmisja pasmowa \u2013 kluczowanie amplitudy.<\/a>\n<ul>\n<li><a href=\"https:\/\/box.biaman.pl\/f\/f64557f1e8b0420ab9ea\/\">modulacje_cyfrowe_ASK.grc<\/a>,<\/li>\n<li><a href=\"https:\/\/box.biaman.pl\/f\/9d41bd7332bb446188e1\/\">modulacje_cyfrowe_ASK_BER.grc.<\/a><\/li>\n<li><a href=\"https:\/\/box.biaman.pl\/f\/c61619c4792145f2a6e2\/\">konstelacje<\/a><\/li>\n<\/ul>\n<\/li>\n<\/ul>\n<ul>\n<li><a href=\"https:\/\/box.biaman.pl\/f\/1978af592dd147279faa\/?raw=1&amp;ext=.pdf\">Cyfrowa transmisja pasmowa \u2013 kluczowanie fazy.<\/a>\n<ul>\n<li><a href=\"https:\/\/box.biaman.pl\/f\/79af2f9af0aa411e8fe1\/\">modulacje_cyfrowe_PSK.grc<\/a>,<\/li>\n<li><a href=\"https:\/\/box.biaman.pl\/f\/14ff71d988cf4095a0bb\/\">modulacje_cyfrowe_PSK_BER.grc.<\/a><\/li>\n<li><a href=\"https:\/\/box.biaman.pl\/f\/c61619c4792145f2a6e2\/\">konstelacje<\/a><\/li>\n<\/ul>\n<\/li>\n<\/ul>\n<ul>\n<li>Cyfrowa transmisja pasmowa \u2013 kluczowanie cz\u0119stotliwo\u015bci.<\/li>\n<\/ul>\n<hr \/>\n<p><strong>Materia\u0142y dodatkowe:<\/strong><\/p>\n<ul>\n<li><a href=\"https:\/\/box.biaman.pl\/f\/dc77c72bec194da7ac2e\/?raw=1&amp;ext=.pdf\">Wprowadzenie do programu GNURadio.<\/a><\/li>\n<\/ul>\n<hr \/>\n<p><strong>Literatura:<\/strong><\/p>\n<ul>\n<li>Richard Read, <em>Telekomunikacja<\/em>, Wydawnictwa Komunikacji i \u0141\u0105czno\u015bci, Warszawa 2004<\/li>\n<li>Simon Haykin, <em>Systemy telekomunikacyjne<\/em>, Wydawnictwa Komunikacji i \u0141\u0105czno\u015bci, Warszawa 2004<\/li>\n<li>Krzysztof Weso\u0142owski, <em>Podstawy cyfrowych system\u00f3w telekomunikacyjnych<\/em>, Wydawnictwa Komunikacji i \u0141\u0105czno\u015bci, Warszawa 2003<\/li>\n<li>Krzysztof Weso\u0142owski, <em>Systemy radiokomunikacji ruchomej<\/em>, Wydawnictwa Komunikacji i \u0141\u0105czno\u015bci, Warszawa 2003<\/li>\n<li>Wojciech Kabaci\u0144ski, Mariusz \u017bal, <em>Sieci telekomunikacyjne, <\/em>Wydawnictwa Komunikacji i \u0141\u0105czno\u015bci, Warszawa 2008<\/li>\n<\/ul>\n","protected":false},"excerpt":{"rendered":"<p>ul. Zwierzyniecka 10, 15-351 Bia\u0142ystok, s. CBD-32 prowadz\u0105cy: Krzysztof Konopko, Marek Garbaruk, Mateusz Sumorek Prezentacje<a class=\"read-more\" href=\"https:\/\/we.pb.edu.pl\/kfeits\/krzysztof-konopko\/eit1s\/podstawy-telekomunikacji\/\" title=\"Poka\u017c artyku\u0142 Podstawy telekomunikacji\">wi\u0119cej<\/a><\/p>\n","protected":false},"author":20,"featured_media":0,"parent":4393,"menu_order":0,"comment_status":"closed","ping_status":"closed","template":"","meta":{"inline_featured_image":false,"ngg_post_thumbnail":0,"footnotes":""},"class_list":["post-945","page","type-page","status-publish","hentry"],"acf":[],"yoast_head":"<!-- This site is optimized with the Yoast SEO plugin v26.4 - https:\/\/yoast.com\/wordpress\/plugins\/seo\/ -->\n<title>Podstawy telekomunikacji - Katedra Fotoniki, Elektroniki i Techniki \u015awietlnej<\/title>\n<meta name=\"robots\" content=\"index, follow, max-snippet:-1, max-image-preview:large, max-video-preview:-1\" \/>\n<link rel=\"canonical\" href=\"https:\/\/we.pb.edu.pl\/kfeits\/krzysztof-konopko\/eit1s\/podstawy-telekomunikacji\/\" \/>\n<meta property=\"og:locale\" content=\"pl_PL\" \/>\n<meta property=\"og:type\" content=\"article\" \/>\n<meta property=\"og:title\" content=\"Podstawy telekomunikacji - Katedra Fotoniki, Elektroniki i Techniki \u015awietlnej\" \/>\n<meta property=\"og:description\" content=\"ul. Zwierzyniecka 10, 15-351 Bia\u0142ystok, s. CBD-32 prowadz\u0105cy: Krzysztof Konopko, Marek Garbaruk, Mateusz Sumorek Prezentacjewi\u0119cej\" \/>\n<meta property=\"og:url\" content=\"https:\/\/we.pb.edu.pl\/kfeits\/krzysztof-konopko\/eit1s\/podstawy-telekomunikacji\/\" \/>\n<meta property=\"og:site_name\" content=\"Katedra Fotoniki, Elektroniki i Techniki \u015awietlnej\" \/>\n<meta property=\"article:modified_time\" content=\"2026-04-27T08:21:54+00:00\" \/>\n<meta name=\"twitter:card\" content=\"summary_large_image\" \/>\n<meta name=\"twitter:label1\" content=\"Szacowany czas czytania\" \/>\n\t<meta name=\"twitter:data1\" content=\"2 minuty\" \/>\n<script type=\"application\/ld+json\" class=\"yoast-schema-graph\">{\"@context\":\"https:\/\/schema.org\",\"@graph\":[{\"@type\":\"WebPage\",\"@id\":\"https:\/\/we.pb.edu.pl\/kfeits\/krzysztof-konopko\/eit1s\/podstawy-telekomunikacji\/\",\"url\":\"https:\/\/we.pb.edu.pl\/kfeits\/krzysztof-konopko\/eit1s\/podstawy-telekomunikacji\/\",\"name\":\"Podstawy telekomunikacji - Katedra Fotoniki, Elektroniki i Techniki \u015awietlnej\",\"isPartOf\":{\"@id\":\"https:\/\/we.pb.edu.pl\/kfeits\/#website\"},\"datePublished\":\"2019-02-21T21:24:57+00:00\",\"dateModified\":\"2026-04-27T08:21:54+00:00\",\"breadcrumb\":{\"@id\":\"https:\/\/we.pb.edu.pl\/kfeits\/krzysztof-konopko\/eit1s\/podstawy-telekomunikacji\/#breadcrumb\"},\"inLanguage\":\"pl-PL\",\"potentialAction\":[{\"@type\":\"ReadAction\",\"target\":[\"https:\/\/we.pb.edu.pl\/kfeits\/krzysztof-konopko\/eit1s\/podstawy-telekomunikacji\/\"]}]},{\"@type\":\"BreadcrumbList\",\"@id\":\"https:\/\/we.pb.edu.pl\/kfeits\/krzysztof-konopko\/eit1s\/podstawy-telekomunikacji\/#breadcrumb\",\"itemListElement\":[{\"@type\":\"ListItem\",\"position\":1,\"name\":\"Strona g\u0142\u00f3wna\",\"item\":\"https:\/\/we.pb.edu.pl\/kfeits\/\"},{\"@type\":\"ListItem\",\"position\":2,\"name\":\"dr in\u017c. Krzysztof Konopko\",\"item\":\"https:\/\/we.pb.edu.pl\/kfeits\/krzysztof-konopko\/\"},{\"@type\":\"ListItem\",\"position\":3,\"name\":\"EiT1S\",\"item\":\"https:\/\/we.pb.edu.pl\/kfeits\/krzysztof-konopko\/eit1s\/\"},{\"@type\":\"ListItem\",\"position\":4,\"name\":\"Podstawy telekomunikacji\"}]},{\"@type\":\"WebSite\",\"@id\":\"https:\/\/we.pb.edu.pl\/kfeits\/#website\",\"url\":\"https:\/\/we.pb.edu.pl\/kfeits\/\",\"name\":\"Katedra Fotoniki, Elektroniki i Techniki \u015awietlnej\",\"description\":\"\",\"potentialAction\":[{\"@type\":\"SearchAction\",\"target\":{\"@type\":\"EntryPoint\",\"urlTemplate\":\"https:\/\/we.pb.edu.pl\/kfeits\/?s={search_term_string}\"},\"query-input\":{\"@type\":\"PropertyValueSpecification\",\"valueRequired\":true,\"valueName\":\"search_term_string\"}}],\"inLanguage\":\"pl-PL\"}]}<\/script>\n<!-- \/ Yoast SEO plugin. -->","yoast_head_json":{"title":"Podstawy telekomunikacji - Katedra Fotoniki, Elektroniki i Techniki \u015awietlnej","robots":{"index":"index","follow":"follow","max-snippet":"max-snippet:-1","max-image-preview":"max-image-preview:large","max-video-preview":"max-video-preview:-1"},"canonical":"https:\/\/we.pb.edu.pl\/kfeits\/krzysztof-konopko\/eit1s\/podstawy-telekomunikacji\/","og_locale":"pl_PL","og_type":"article","og_title":"Podstawy telekomunikacji - Katedra Fotoniki, Elektroniki i Techniki \u015awietlnej","og_description":"ul. Zwierzyniecka 10, 15-351 Bia\u0142ystok, s. CBD-32 prowadz\u0105cy: Krzysztof Konopko, Marek Garbaruk, Mateusz Sumorek Prezentacjewi\u0119cej","og_url":"https:\/\/we.pb.edu.pl\/kfeits\/krzysztof-konopko\/eit1s\/podstawy-telekomunikacji\/","og_site_name":"Katedra Fotoniki, Elektroniki i Techniki \u015awietlnej","article_modified_time":"2026-04-27T08:21:54+00:00","twitter_card":"summary_large_image","twitter_misc":{"Szacowany czas czytania":"2 minuty"},"schema":{"@context":"https:\/\/schema.org","@graph":[{"@type":"WebPage","@id":"https:\/\/we.pb.edu.pl\/kfeits\/krzysztof-konopko\/eit1s\/podstawy-telekomunikacji\/","url":"https:\/\/we.pb.edu.pl\/kfeits\/krzysztof-konopko\/eit1s\/podstawy-telekomunikacji\/","name":"Podstawy telekomunikacji - Katedra Fotoniki, Elektroniki i Techniki \u015awietlnej","isPartOf":{"@id":"https:\/\/we.pb.edu.pl\/kfeits\/#website"},"datePublished":"2019-02-21T21:24:57+00:00","dateModified":"2026-04-27T08:21:54+00:00","breadcrumb":{"@id":"https:\/\/we.pb.edu.pl\/kfeits\/krzysztof-konopko\/eit1s\/podstawy-telekomunikacji\/#breadcrumb"},"inLanguage":"pl-PL","potentialAction":[{"@type":"ReadAction","target":["https:\/\/we.pb.edu.pl\/kfeits\/krzysztof-konopko\/eit1s\/podstawy-telekomunikacji\/"]}]},{"@type":"BreadcrumbList","@id":"https:\/\/we.pb.edu.pl\/kfeits\/krzysztof-konopko\/eit1s\/podstawy-telekomunikacji\/#breadcrumb","itemListElement":[{"@type":"ListItem","position":1,"name":"Strona g\u0142\u00f3wna","item":"https:\/\/we.pb.edu.pl\/kfeits\/"},{"@type":"ListItem","position":2,"name":"dr in\u017c. Krzysztof Konopko","item":"https:\/\/we.pb.edu.pl\/kfeits\/krzysztof-konopko\/"},{"@type":"ListItem","position":3,"name":"EiT1S","item":"https:\/\/we.pb.edu.pl\/kfeits\/krzysztof-konopko\/eit1s\/"},{"@type":"ListItem","position":4,"name":"Podstawy telekomunikacji"}]},{"@type":"WebSite","@id":"https:\/\/we.pb.edu.pl\/kfeits\/#website","url":"https:\/\/we.pb.edu.pl\/kfeits\/","name":"Katedra Fotoniki, Elektroniki i Techniki \u015awietlnej","description":"","potentialAction":[{"@type":"SearchAction","target":{"@type":"EntryPoint","urlTemplate":"https:\/\/we.pb.edu.pl\/kfeits\/?s={search_term_string}"},"query-input":{"@type":"PropertyValueSpecification","valueRequired":true,"valueName":"search_term_string"}}],"inLanguage":"pl-PL"}]}},"_links":{"self":[{"href":"https:\/\/we.pb.edu.pl\/kfeits\/wp-json\/wp\/v2\/pages\/945","targetHints":{"allow":["GET"]}}],"collection":[{"href":"https:\/\/we.pb.edu.pl\/kfeits\/wp-json\/wp\/v2\/pages"}],"about":[{"href":"https:\/\/we.pb.edu.pl\/kfeits\/wp-json\/wp\/v2\/types\/page"}],"author":[{"embeddable":true,"href":"https:\/\/we.pb.edu.pl\/kfeits\/wp-json\/wp\/v2\/users\/20"}],"replies":[{"embeddable":true,"href":"https:\/\/we.pb.edu.pl\/kfeits\/wp-json\/wp\/v2\/comments?post=945"}],"version-history":[{"count":199,"href":"https:\/\/we.pb.edu.pl\/kfeits\/wp-json\/wp\/v2\/pages\/945\/revisions"}],"predecessor-version":[{"id":6409,"href":"https:\/\/we.pb.edu.pl\/kfeits\/wp-json\/wp\/v2\/pages\/945\/revisions\/6409"}],"up":[{"embeddable":true,"href":"https:\/\/we.pb.edu.pl\/kfeits\/wp-json\/wp\/v2\/pages\/4393"}],"wp:attachment":[{"href":"https:\/\/we.pb.edu.pl\/kfeits\/wp-json\/wp\/v2\/media?parent=945"}],"curies":[{"name":"wp","href":"https:\/\/api.w.org\/{rel}","templated":true}]}}