{"id":939,"date":"2019-02-21T21:55:18","date_gmt":"2019-02-21T20:55:18","guid":{"rendered":"https:\/\/we.pb.edu.pl\/ktiae\/?page_id=939"},"modified":"2026-04-22T09:00:44","modified_gmt":"2026-04-22T07:00:44","slug":"fundamentals-of-telecommunications","status":"publish","type":"page","link":"https:\/\/we.pb.edu.pl\/kfeits\/krzysztof-konopko\/erasmus\/fundamentals-of-telecommunications\/","title":{"rendered":"Fundamentals of telecommunications"},"content":{"rendered":"<p><strong>ul. Zwierzyniecka 10, 15-351 Bia\u0142ystok, s. CBD-32<\/strong><\/p>\n<p><span class=\"tlid-translation translation\"><span class=\"\" title=\"\">lecturer<\/span><\/span>: <a href=\"\/kfeits\/krzysztof-konopko\/\">Krzysztof Konopko<\/a><\/p>\n<hr \/>\n<p>Presentations from the lecture:<\/p>\n<ul>\n<li><a href=\"https:\/\/box.biaman.pl\/f\/6bb8481db92146128ea5\/?raw=1&amp;ext=.pdf\">Introduction. Communication Systems Overview.<\/a><\/li>\n<li><a href=\"https:\/\/box.biaman.pl\/f\/7d99fd79a1544a9a94d3\/?raw=1&amp;ext=.pdf\">Deterministic Signal Analysis.<\/a>\u00a0<a href=\"https:\/\/box.biaman.pl\/f\/ac9d4eab10bc4e6ebe02\/?raw=1&amp;ext=.pdf\">Stochastic Signal Analysis.<\/a><\/li>\n<li><a href=\"https:\/\/box.biaman.pl\/f\/d57c08c7e612444d9b0b\/?raw=1&amp;ext=.pdf\">Noise.<\/a><\/li>\n<li><a href=\"https:\/\/box.biaman.pl\/f\/ca5482963fc14d3aa59b\/?raw=1&amp;ext=.pdf\">Transmission Media.<\/a><\/li>\n<li><a href=\"https:\/\/box.biaman.pl\/f\/e59dff2fce1347c7a265\/?raw=1&amp;ext=.pdf\">Analog Modulation Systems.<\/a><\/li>\n<li><a href=\"https:\/\/box.biaman.pl\/f\/15e25019b477445d9def\/?raw=1&amp;ext=.pdf\">Noise in Analog Communication Systems.<\/a><\/li>\n<li><a href=\"https:\/\/box.biaman.pl\/f\/78270439e89b40e088cc\/?raw=1&amp;ext=.pdf\">PCM.<\/a><\/li>\n<li><a href=\"https:\/\/box.biaman.pl\/f\/55ac1e6e7ef94b3cb188\/?raw=1&amp;ext=.pdf\">Baseband transmission.<\/a><\/li>\n<li><a href=\"https:\/\/box.biaman.pl\/f\/d6799789832a402fa83b\/?raw=1&amp;ext=.pdf\">Digital modulation.<\/a><\/li>\n<\/ul>\n<hr \/>\n<p>Instructions for laboratory exercises:<\/p>\n<ul>\n<li><a href=\"https:\/\/box.biaman.pl\/f\/6683d01bf60047b8af01\/?raw=1&amp;ext=.pdf\">Deterministic and random signal analysis<\/a>.\n<ul>\n<li><a href=\"https:\/\/box.biaman.pl\/f\/8d0c952066a841479f71\/\">real_det_signals.grc<\/a>,<\/li>\n<li><a href=\"https:\/\/box.biaman.pl\/f\/3d4959d24b8f41c59cdb\/\">complex_det_signals.grc<\/a>,<\/li>\n<li><a href=\"https:\/\/box.biaman.pl\/f\/9263a426752b40f0bba0\/\">real_random_signals.grc<\/a>,<\/li>\n<li><a href=\"https:\/\/box.biaman.pl\/f\/9b87cf4c00994dba8f12\/\">hack_rf_syg.grc<\/a>.<\/li>\n<\/ul>\n<\/li>\n<li>Spectral characteristics of the telephone channel.\n<ul>\n<li>ampl_char.grc,<\/li>\n<li>delay.grc.<\/li>\n<\/ul>\n<\/li>\n<li>Analog modulation.\n<ul>\n<li>gen_AM_DSB.grc,<\/li>\n<li>gen_AM_DSB-SC.grc,<\/li>\n<li>det_AM_DSB.grc,<\/li>\n<li>det_AM_DSB-SC.grc,<\/li>\n<li>gen_FM.grc,<\/li>\n<li>det_FM.grc.<\/li>\n<\/ul>\n<\/li>\n<li>PCM.\n<ul>\n<li>sampler.grc<\/li>\n<li>quantizer.grc<\/li>\n<li>A-law.grc<\/li>\n<li>A-law static.grc<\/li>\n<li>A-law SNR.grc<\/li>\n<li>u-law.grc<\/li>\n<li>u-law static.grc<\/li>\n<li>u-law SNR.grc<\/li>\n<\/ul>\n<\/li>\n<li>Baseband digital transmission.\n<ul>\n<li>plot_psd.py<\/li>\n<li>2b1q_5000_0.001_1_48000.dat<\/li>\n<li>ami_5000_0.001_1_48000.dat<\/li>\n<li>manchester_5000_0.001_1_48000.dat<\/li>\n<li>polnrz_5000_0.001_1_48000.dat<\/li>\n<li>polrz_5000_0.001_1_48000.dat<\/li>\n<li>uninrz_5000_0.001_1_48000.dat<\/li>\n<li>unirz_5000_0.001_1_48000.dat<\/li>\n<li>eye_diagram.grc<\/li>\n<li>transmission_BER.grc<\/li>\n<\/ul>\n<\/li>\n<li>Digital modulation. \u00a0(constellations.txt)\n<ul>\n<li>digital_modulation_BER.grc<\/li>\n<\/ul>\n<\/li>\n<\/ul>\n<hr \/>\n<p>Bibliography:<\/p>\n<ol>\n<li>Simon Haykin, Communication Systems<\/li>\n<li>John G. Proakis, Masoud Salehi, Fundamentals of Communication Systems<\/li>\n<li>A. Bruce Carlson, Paul B. Crilly, Janet C. Rutledge, Communication Systems<\/li>\n<li>B. P. Lathi and Z. Ding, Modern Digital Analog Communication Systems<\/li>\n<li>Roger L. Freeman, Fundamentals of Telecommunications<\/li>\n<li>Krzysztof Wesolowski, Mobile Communication Systems<\/li>\n<\/ol>\n","protected":false},"excerpt":{"rendered":"<p>ul. Zwierzyniecka 10, 15-351 Bia\u0142ystok, s. CBD-32 lecturer: Krzysztof Konopko Presentations from the lecture: Introduction.<a class=\"read-more\" href=\"https:\/\/we.pb.edu.pl\/kfeits\/krzysztof-konopko\/erasmus\/fundamentals-of-telecommunications\/\" title=\"Poka\u017c artyku\u0142 Fundamentals of telecommunications\">wi\u0119cej<\/a><\/p>\n","protected":false},"author":20,"featured_media":0,"parent":4413,"menu_order":0,"comment_status":"closed","ping_status":"closed","template":"","meta":{"inline_featured_image":false,"ngg_post_thumbnail":0,"footnotes":""},"class_list":["post-939","page","type-page","status-publish","hentry"],"acf":[],"yoast_head":"<!-- This site is optimized with the Yoast SEO plugin v26.4 - https:\/\/yoast.com\/wordpress\/plugins\/seo\/ -->\n<title>Fundamentals of telecommunications - Katedra Fotoniki, Elektroniki i Techniki \u015awietlnej<\/title>\n<meta name=\"robots\" content=\"index, follow, max-snippet:-1, max-image-preview:large, max-video-preview:-1\" \/>\n<link rel=\"canonical\" href=\"https:\/\/we.pb.edu.pl\/kfeits\/krzysztof-konopko\/erasmus\/fundamentals-of-telecommunications\/\" \/>\n<meta property=\"og:locale\" content=\"pl_PL\" \/>\n<meta property=\"og:type\" content=\"article\" \/>\n<meta property=\"og:title\" content=\"Fundamentals of telecommunications - Katedra Fotoniki, Elektroniki i Techniki \u015awietlnej\" \/>\n<meta property=\"og:description\" content=\"ul. Zwierzyniecka 10, 15-351 Bia\u0142ystok, s. CBD-32 lecturer: Krzysztof Konopko Presentations from the lecture: Introduction.wi\u0119cej\" \/>\n<meta property=\"og:url\" content=\"https:\/\/we.pb.edu.pl\/kfeits\/krzysztof-konopko\/erasmus\/fundamentals-of-telecommunications\/\" \/>\n<meta property=\"og:site_name\" content=\"Katedra Fotoniki, Elektroniki i Techniki \u015awietlnej\" \/>\n<meta property=\"article:modified_time\" content=\"2026-04-22T07:00:44+00:00\" \/>\n<meta name=\"twitter:card\" content=\"summary_large_image\" \/>\n<meta name=\"twitter:label1\" content=\"Szacowany czas czytania\" \/>\n\t<meta name=\"twitter:data1\" content=\"1 minuta\" \/>\n<script type=\"application\/ld+json\" class=\"yoast-schema-graph\">{\"@context\":\"https:\/\/schema.org\",\"@graph\":[{\"@type\":\"WebPage\",\"@id\":\"https:\/\/we.pb.edu.pl\/kfeits\/krzysztof-konopko\/erasmus\/fundamentals-of-telecommunications\/\",\"url\":\"https:\/\/we.pb.edu.pl\/kfeits\/krzysztof-konopko\/erasmus\/fundamentals-of-telecommunications\/\",\"name\":\"Fundamentals of telecommunications - Katedra Fotoniki, Elektroniki i Techniki \u015awietlnej\",\"isPartOf\":{\"@id\":\"https:\/\/we.pb.edu.pl\/kfeits\/#website\"},\"datePublished\":\"2019-02-21T20:55:18+00:00\",\"dateModified\":\"2026-04-22T07:00:44+00:00\",\"breadcrumb\":{\"@id\":\"https:\/\/we.pb.edu.pl\/kfeits\/krzysztof-konopko\/erasmus\/fundamentals-of-telecommunications\/#breadcrumb\"},\"inLanguage\":\"pl-PL\",\"potentialAction\":[{\"@type\":\"ReadAction\",\"target\":[\"https:\/\/we.pb.edu.pl\/kfeits\/krzysztof-konopko\/erasmus\/fundamentals-of-telecommunications\/\"]}]},{\"@type\":\"BreadcrumbList\",\"@id\":\"https:\/\/we.pb.edu.pl\/kfeits\/krzysztof-konopko\/erasmus\/fundamentals-of-telecommunications\/#breadcrumb\",\"itemListElement\":[{\"@type\":\"ListItem\",\"position\":1,\"name\":\"Strona g\u0142\u00f3wna\",\"item\":\"https:\/\/we.pb.edu.pl\/kfeits\/\"},{\"@type\":\"ListItem\",\"position\":2,\"name\":\"dr in\u017c. Krzysztof Konopko\",\"item\":\"https:\/\/we.pb.edu.pl\/kfeits\/krzysztof-konopko\/\"},{\"@type\":\"ListItem\",\"position\":3,\"name\":\"Erasmus\",\"item\":\"https:\/\/we.pb.edu.pl\/kfeits\/krzysztof-konopko\/erasmus\/\"},{\"@type\":\"ListItem\",\"position\":4,\"name\":\"Fundamentals of telecommunications\"}]},{\"@type\":\"WebSite\",\"@id\":\"https:\/\/we.pb.edu.pl\/kfeits\/#website\",\"url\":\"https:\/\/we.pb.edu.pl\/kfeits\/\",\"name\":\"Katedra Fotoniki, Elektroniki i Techniki \u015awietlnej\",\"description\":\"\",\"potentialAction\":[{\"@type\":\"SearchAction\",\"target\":{\"@type\":\"EntryPoint\",\"urlTemplate\":\"https:\/\/we.pb.edu.pl\/kfeits\/?s={search_term_string}\"},\"query-input\":{\"@type\":\"PropertyValueSpecification\",\"valueRequired\":true,\"valueName\":\"search_term_string\"}}],\"inLanguage\":\"pl-PL\"}]}<\/script>\n<!-- \/ Yoast SEO plugin. -->","yoast_head_json":{"title":"Fundamentals of telecommunications - Katedra Fotoniki, Elektroniki i Techniki \u015awietlnej","robots":{"index":"index","follow":"follow","max-snippet":"max-snippet:-1","max-image-preview":"max-image-preview:large","max-video-preview":"max-video-preview:-1"},"canonical":"https:\/\/we.pb.edu.pl\/kfeits\/krzysztof-konopko\/erasmus\/fundamentals-of-telecommunications\/","og_locale":"pl_PL","og_type":"article","og_title":"Fundamentals of telecommunications - Katedra Fotoniki, Elektroniki i Techniki \u015awietlnej","og_description":"ul. Zwierzyniecka 10, 15-351 Bia\u0142ystok, s. CBD-32 lecturer: Krzysztof Konopko Presentations from the lecture: Introduction.wi\u0119cej","og_url":"https:\/\/we.pb.edu.pl\/kfeits\/krzysztof-konopko\/erasmus\/fundamentals-of-telecommunications\/","og_site_name":"Katedra Fotoniki, Elektroniki i Techniki \u015awietlnej","article_modified_time":"2026-04-22T07:00:44+00:00","twitter_card":"summary_large_image","twitter_misc":{"Szacowany czas czytania":"1 minuta"},"schema":{"@context":"https:\/\/schema.org","@graph":[{"@type":"WebPage","@id":"https:\/\/we.pb.edu.pl\/kfeits\/krzysztof-konopko\/erasmus\/fundamentals-of-telecommunications\/","url":"https:\/\/we.pb.edu.pl\/kfeits\/krzysztof-konopko\/erasmus\/fundamentals-of-telecommunications\/","name":"Fundamentals of telecommunications - Katedra Fotoniki, Elektroniki i Techniki \u015awietlnej","isPartOf":{"@id":"https:\/\/we.pb.edu.pl\/kfeits\/#website"},"datePublished":"2019-02-21T20:55:18+00:00","dateModified":"2026-04-22T07:00:44+00:00","breadcrumb":{"@id":"https:\/\/we.pb.edu.pl\/kfeits\/krzysztof-konopko\/erasmus\/fundamentals-of-telecommunications\/#breadcrumb"},"inLanguage":"pl-PL","potentialAction":[{"@type":"ReadAction","target":["https:\/\/we.pb.edu.pl\/kfeits\/krzysztof-konopko\/erasmus\/fundamentals-of-telecommunications\/"]}]},{"@type":"BreadcrumbList","@id":"https:\/\/we.pb.edu.pl\/kfeits\/krzysztof-konopko\/erasmus\/fundamentals-of-telecommunications\/#breadcrumb","itemListElement":[{"@type":"ListItem","position":1,"name":"Strona g\u0142\u00f3wna","item":"https:\/\/we.pb.edu.pl\/kfeits\/"},{"@type":"ListItem","position":2,"name":"dr in\u017c. Krzysztof Konopko","item":"https:\/\/we.pb.edu.pl\/kfeits\/krzysztof-konopko\/"},{"@type":"ListItem","position":3,"name":"Erasmus","item":"https:\/\/we.pb.edu.pl\/kfeits\/krzysztof-konopko\/erasmus\/"},{"@type":"ListItem","position":4,"name":"Fundamentals of telecommunications"}]},{"@type":"WebSite","@id":"https:\/\/we.pb.edu.pl\/kfeits\/#website","url":"https:\/\/we.pb.edu.pl\/kfeits\/","name":"Katedra Fotoniki, Elektroniki i Techniki \u015awietlnej","description":"","potentialAction":[{"@type":"SearchAction","target":{"@type":"EntryPoint","urlTemplate":"https:\/\/we.pb.edu.pl\/kfeits\/?s={search_term_string}"},"query-input":{"@type":"PropertyValueSpecification","valueRequired":true,"valueName":"search_term_string"}}],"inLanguage":"pl-PL"}]}},"_links":{"self":[{"href":"https:\/\/we.pb.edu.pl\/kfeits\/wp-json\/wp\/v2\/pages\/939","targetHints":{"allow":["GET"]}}],"collection":[{"href":"https:\/\/we.pb.edu.pl\/kfeits\/wp-json\/wp\/v2\/pages"}],"about":[{"href":"https:\/\/we.pb.edu.pl\/kfeits\/wp-json\/wp\/v2\/types\/page"}],"author":[{"embeddable":true,"href":"https:\/\/we.pb.edu.pl\/kfeits\/wp-json\/wp\/v2\/users\/20"}],"replies":[{"embeddable":true,"href":"https:\/\/we.pb.edu.pl\/kfeits\/wp-json\/wp\/v2\/comments?post=939"}],"version-history":[{"count":135,"href":"https:\/\/we.pb.edu.pl\/kfeits\/wp-json\/wp\/v2\/pages\/939\/revisions"}],"predecessor-version":[{"id":6392,"href":"https:\/\/we.pb.edu.pl\/kfeits\/wp-json\/wp\/v2\/pages\/939\/revisions\/6392"}],"up":[{"embeddable":true,"href":"https:\/\/we.pb.edu.pl\/kfeits\/wp-json\/wp\/v2\/pages\/4413"}],"wp:attachment":[{"href":"https:\/\/we.pb.edu.pl\/kfeits\/wp-json\/wp\/v2\/media?parent=939"}],"curies":[{"name":"wp","href":"https:\/\/api.w.org\/{rel}","templated":true}]}}