{"id":906,"date":"2019-02-06T09:32:35","date_gmt":"2019-02-06T08:32:35","guid":{"rendered":"https:\/\/we.pb.edu.pl\/ktiae\/?page_id=906"},"modified":"2020-02-24T14:06:03","modified_gmt":"2020-02-24T13:06:03","slug":"kompatybilnosc-elektromagnetyczna-ekoenergetyka","status":"publish","type":"page","link":"https:\/\/we.pb.edu.pl\/kfeits\/dydaktyka\/kompatybilnosc-elektromagnetyczna-ekoenergetyka\/","title":{"rendered":"Kompatybilno\u015b\u0107 Elektromagnetyczna (Ekoenergetyka)"},"content":{"rendered":"<h3><span class=\"label label-primary\">EKS1A611256<\/span> <span class=\"label label-primary\">laboratorium<\/span><\/h3>\n<div style=\"margin-bottom:0.2em\"><span class=\"label label-default\">studia stacjonarne I stopnia, sem. VI, Ekoenergetyka, 15 godzin<\/span><\/div>\n<div><span class=\"label label-default\">forma zaliczenia: ocena sprawozda\u0144 i\u00a0sprawdzian\u00f3w przygotowania do zaj\u0119\u0107<\/span><\/div>\n<h3>Program szczeg\u00f3\u0142owy<\/h3>\n<h5>Seria I (WE-346)<\/h5>\n<div style=\"display:flex; flex-flow:row wrap\">\n<div style=\"padding-right:0.4em; width:1.2em\">1.<\/div>\n<div style=\"flex-grow:100;\">Wprowadzenie, regulamin laboratorium, zapoznanie z zagadnieniami BHP.<\/div>\n<div>1\u00a0 godz.<\/div>\n<\/div>\n<div style=\"display:flex; flex-flow:row wrap\">\n<div style=\"padding-right:0.4em; width:1.2em\">2.<\/div>\n<div style=\"flex-grow:100;\">Sprz\u0119\u017cenia pomi\u0119dzy uk\u0142adami przewod\u00f3w <span class=\"nr_instrukcji\">(nr in\u00adstruk\u00adcji 1)<\/span>.<\/div>\n<div>2\u00a0 godz.<\/div>\n<\/div>\n<div style=\"display:flex; flex-flow:row wrap\">\n<div style=\"padding-right:0.4em; width:1.2em\">3.<\/div>\n<div style=\"flex-grow:100;\">Elementy i uk\u0142ady do ograniczania przepi\u0119\u0107 <span class=\"nr_instrukcji\">(nr instrukcji 5)<\/span>.<\/div>\n<div>2\u00a0 godz.<\/div>\n<\/div>\n<div style=\"display:flex; flex-flow:row wrap\">\n<div style=\"padding-right:0.4em; width:1.2em\">4.<\/div>\n<div style=\"flex-grow:100;\">Pomiar promieniowanych i przewodzonych zaburze\u0144 elektromagnetycznych <span class=\"nr_instrukcji\">(nr in\u00adstruk\u00adcji 12)<\/span>.<\/div>\n<div>2\u00a0 godz.<\/div>\n<\/div>\n<h5>Seria II (IET-1\/30)<\/h5>\n<div style=\"display:flex; flex-flow:row wrap\">\n<div style=\"padding-right:0.4em; width:1.2em\">5.<\/div>\n<div style=\"flex-grow:100;\">Generatory udarowe <span class=\"nr_instrukcji\">(nr in\u00adstruk\u00adcji 8)<\/span>.<\/div>\n<div>2\u00a0 godz.<\/div>\n<\/div>\n<div style=\"display:flex; flex-flow:row wrap\">\n<div style=\"padding-right:0.4em; width:1.2em\">6.<\/div>\n<div style=\"flex-grow:100;\">Badanie skuteczno\u015bci ekranowania r\u00f3\u017cnego rodzaju ekran\u00f3w <span class=\"nr_instrukcji\">(nr in\u00adstruk\u00adcji 9)<\/span>.<\/div>\n<div>2\u00a0 godz.<\/div>\n<\/div>\n<div style=\"display:flex; flex-flow:row wrap\">\n<div style=\"padding-right:0.4em; width:1.2em\">7.<\/div>\n<div style=\"flex-grow:100;\">Zjawiska falowe w liniach d\u0142ugich <span class=\"nr_instrukcji\">(nr instrukcji 13)<\/span>.<\/div>\n<div>2\u00a0 godz.<\/div>\n<\/div>\n<div style=\"display:flex; flex-flow:row wrap\">\n<div style=\"padding-right:0.4em; width:1.2em\">8.<\/div>\n<div style=\"flex-grow:100;\">Zaliczenie ko\u0144cowe.<\/div>\n<div>2\u00a0 godz.<\/div>\n<\/div>\n<h3>Literatura<\/h3>\n<ol class=\"compact\">\n<li>Wi\u0119ckowski T. W.: <i>Badana kompatybilno\u015bci elektromagnetycznej urz\u0105dze\u0144 elektrycznych i\u00a0elektronicznych;<\/i> Oficyna Wydawnicza Politechniki Wroc\u0142awskiej, Wroc\u0142aw 2001.<\/li>\n<li>Machczy\u0144ski W.: <i>Wprowadzenie do kompatybilno\u015bci elektromagnetycznej;<\/i> Wydawnictwa Politechniki Pozna\u0144skiej, Pozna\u0144 2010.<\/li>\n<li>Augustyniak L.: <i>Laboratorium kompatybilno\u015bci elektromagnetycznej;<\/i> Oficyna Wydawnicza Politechniki Bia\u0142ostockiej, Bia\u0142ystok, 2010.<\/li>\n<li>Ruszel P.: <i>Kompatybilno\u015b\u0107 elektromagnetyczna elektronicznych urz\u0105dze\u0144 pomiarowych;<\/i> Oficyna Wydawnicza Politechniki Wroc\u0142awskiej, Wroc\u0142aw 2008.<\/li>\n<li>Sowa A.: <i>Ochrona urz\u0105dze\u0144 oraz system\u00f3w elektronicznych przed nara\u017ceniami piorunowymi;<\/i> Oficyna Wydawnicza Politechniki Bia\u0142ostockiej, Bia\u0142ystok 2011.<\/li>\n<li>Ott W. H.: <i>Electromagnetic compatibility engineering;<\/i> NJ: Wiley, Heboken 2009.<\/li>\n<li>Williams T.: <i>EMC for systems and installations;<\/i> Newness, Oxford 2000.<\/li>\n<li>Vijayaraghavan G., Brawn M.: <i>Grounding, Bonding, Shielding and Surge Protection;<\/i> Newnes 2004.<\/li>\n<li>Markowska R., Sowa A.: <i>Ochrona odgromowa obiekt\u00f3w budowlanych, Seria: Zeszyty dla elektryk\u00f3w \u2013 nr 6;<\/i> Dom Wydawniczy Medium, Warszawa 2009.<\/li>\n<li>Markowska R., Sowa A.: <i>Ograniczanie przepi\u0119\u0107 w\u00a0instalacjach elektrycznych w\u00a0obiektach budowlanych. Seria: Zeszyty dla elektryk\u00f3w &#8211; nr 9;<\/i> Dom Wydawniczy Medium, Warszawa, 2011.<\/li>\n<li>Sowa A.: <i>Kompleksowa ochrona odgromowa i\u00a0przepi\u0119ciowa;<\/i> Biblioteka COSiW SEP, 2005.<\/li>\n<\/ol>\n<h3>Instrukcje do \u0107wicze\u0144 laboratoryjnych<\/h3>\n<p><a href=\"https:\/\/box.biaman.pl\/d\/4e0acca44b114855af70\/\">Instrukcje<\/a><\/p>\n","protected":false},"excerpt":{"rendered":"<p>Program szczeg\u00f3\u0142owy Seria I (WE-346) 1. Wprowadzenie, regulamin laboratorium, zapoznanie z zagadnieniami BHP. 1\u00a0 godz.<a class=\"read-more\" href=\"https:\/\/we.pb.edu.pl\/kfeits\/dydaktyka\/kompatybilnosc-elektromagnetyczna-ekoenergetyka\/\" title=\"Poka\u017c artyku\u0142 Kompatybilno\u015b\u0107 Elektromagnetyczna (Ekoenergetyka)\">wi\u0119cej<\/a><\/p>\n","protected":false},"author":9,"featured_media":0,"parent":253,"menu_order":0,"comment_status":"closed","ping_status":"closed","template":"","meta":{"inline_featured_image":false,"ngg_post_thumbnail":0,"footnotes":""},"class_list":["post-906","page","type-page","status-publish","hentry"],"acf":[],"yoast_head":"<!-- This site is optimized with the Yoast SEO plugin v26.4 - https:\/\/yoast.com\/wordpress\/plugins\/seo\/ -->\n<title>Kompatybilno\u015b\u0107 Elektromagnetyczna (Ekoenergetyka) - Katedra Fotoniki, Elektroniki i Techniki \u015awietlnej<\/title>\n<meta name=\"robots\" content=\"index, follow, max-snippet:-1, max-image-preview:large, max-video-preview:-1\" \/>\n<link rel=\"canonical\" href=\"https:\/\/we.pb.edu.pl\/kfeits\/dydaktyka\/kompatybilnosc-elektromagnetyczna-ekoenergetyka\/\" \/>\n<meta property=\"og:locale\" content=\"pl_PL\" \/>\n<meta property=\"og:type\" content=\"article\" \/>\n<meta property=\"og:title\" content=\"Kompatybilno\u015b\u0107 Elektromagnetyczna (Ekoenergetyka) - Katedra Fotoniki, Elektroniki i Techniki \u015awietlnej\" \/>\n<meta property=\"og:description\" content=\"Program szczeg\u00f3\u0142owy Seria I (WE-346) 1. Wprowadzenie, regulamin laboratorium, zapoznanie z zagadnieniami BHP. 1\u00a0 godz.wi\u0119cej\" \/>\n<meta property=\"og:url\" content=\"https:\/\/we.pb.edu.pl\/kfeits\/dydaktyka\/kompatybilnosc-elektromagnetyczna-ekoenergetyka\/\" \/>\n<meta property=\"og:site_name\" content=\"Katedra Fotoniki, Elektroniki i Techniki \u015awietlnej\" \/>\n<meta property=\"article:modified_time\" content=\"2020-02-24T13:06:03+00:00\" \/>\n<meta name=\"twitter:card\" content=\"summary_large_image\" \/>\n<meta name=\"twitter:label1\" content=\"Szacowany czas czytania\" \/>\n\t<meta name=\"twitter:data1\" content=\"1 minuta\" \/>\n<script type=\"application\/ld+json\" class=\"yoast-schema-graph\">{\"@context\":\"https:\/\/schema.org\",\"@graph\":[{\"@type\":\"WebPage\",\"@id\":\"https:\/\/we.pb.edu.pl\/kfeits\/dydaktyka\/kompatybilnosc-elektromagnetyczna-ekoenergetyka\/\",\"url\":\"https:\/\/we.pb.edu.pl\/kfeits\/dydaktyka\/kompatybilnosc-elektromagnetyczna-ekoenergetyka\/\",\"name\":\"Kompatybilno\u015b\u0107 Elektromagnetyczna (Ekoenergetyka) - Katedra Fotoniki, Elektroniki i Techniki \u015awietlnej\",\"isPartOf\":{\"@id\":\"https:\/\/we.pb.edu.pl\/kfeits\/#website\"},\"datePublished\":\"2019-02-06T08:32:35+00:00\",\"dateModified\":\"2020-02-24T13:06:03+00:00\",\"breadcrumb\":{\"@id\":\"https:\/\/we.pb.edu.pl\/kfeits\/dydaktyka\/kompatybilnosc-elektromagnetyczna-ekoenergetyka\/#breadcrumb\"},\"inLanguage\":\"pl-PL\",\"potentialAction\":[{\"@type\":\"ReadAction\",\"target\":[\"https:\/\/we.pb.edu.pl\/kfeits\/dydaktyka\/kompatybilnosc-elektromagnetyczna-ekoenergetyka\/\"]}]},{\"@type\":\"BreadcrumbList\",\"@id\":\"https:\/\/we.pb.edu.pl\/kfeits\/dydaktyka\/kompatybilnosc-elektromagnetyczna-ekoenergetyka\/#breadcrumb\",\"itemListElement\":[{\"@type\":\"ListItem\",\"position\":1,\"name\":\"Strona g\u0142\u00f3wna\",\"item\":\"https:\/\/we.pb.edu.pl\/kfeits\/\"},{\"@type\":\"ListItem\",\"position\":2,\"name\":\"Dydaktyka\",\"item\":\"https:\/\/we.pb.edu.pl\/kfeits\/dydaktyka\/\"},{\"@type\":\"ListItem\",\"position\":3,\"name\":\"Kompatybilno\u015b\u0107 Elektromagnetyczna (Ekoenergetyka)\"}]},{\"@type\":\"WebSite\",\"@id\":\"https:\/\/we.pb.edu.pl\/kfeits\/#website\",\"url\":\"https:\/\/we.pb.edu.pl\/kfeits\/\",\"name\":\"Katedra Fotoniki, Elektroniki i Techniki \u015awietlnej\",\"description\":\"\",\"potentialAction\":[{\"@type\":\"SearchAction\",\"target\":{\"@type\":\"EntryPoint\",\"urlTemplate\":\"https:\/\/we.pb.edu.pl\/kfeits\/?s={search_term_string}\"},\"query-input\":{\"@type\":\"PropertyValueSpecification\",\"valueRequired\":true,\"valueName\":\"search_term_string\"}}],\"inLanguage\":\"pl-PL\"}]}<\/script>\n<!-- \/ Yoast SEO plugin. -->","yoast_head_json":{"title":"Kompatybilno\u015b\u0107 Elektromagnetyczna (Ekoenergetyka) - Katedra Fotoniki, Elektroniki i Techniki \u015awietlnej","robots":{"index":"index","follow":"follow","max-snippet":"max-snippet:-1","max-image-preview":"max-image-preview:large","max-video-preview":"max-video-preview:-1"},"canonical":"https:\/\/we.pb.edu.pl\/kfeits\/dydaktyka\/kompatybilnosc-elektromagnetyczna-ekoenergetyka\/","og_locale":"pl_PL","og_type":"article","og_title":"Kompatybilno\u015b\u0107 Elektromagnetyczna (Ekoenergetyka) - Katedra Fotoniki, Elektroniki i Techniki \u015awietlnej","og_description":"Program szczeg\u00f3\u0142owy Seria I (WE-346) 1. Wprowadzenie, regulamin laboratorium, zapoznanie z zagadnieniami BHP. 1\u00a0 godz.wi\u0119cej","og_url":"https:\/\/we.pb.edu.pl\/kfeits\/dydaktyka\/kompatybilnosc-elektromagnetyczna-ekoenergetyka\/","og_site_name":"Katedra Fotoniki, Elektroniki i Techniki \u015awietlnej","article_modified_time":"2020-02-24T13:06:03+00:00","twitter_card":"summary_large_image","twitter_misc":{"Szacowany czas czytania":"1 minuta"},"schema":{"@context":"https:\/\/schema.org","@graph":[{"@type":"WebPage","@id":"https:\/\/we.pb.edu.pl\/kfeits\/dydaktyka\/kompatybilnosc-elektromagnetyczna-ekoenergetyka\/","url":"https:\/\/we.pb.edu.pl\/kfeits\/dydaktyka\/kompatybilnosc-elektromagnetyczna-ekoenergetyka\/","name":"Kompatybilno\u015b\u0107 Elektromagnetyczna (Ekoenergetyka) - Katedra Fotoniki, Elektroniki i Techniki \u015awietlnej","isPartOf":{"@id":"https:\/\/we.pb.edu.pl\/kfeits\/#website"},"datePublished":"2019-02-06T08:32:35+00:00","dateModified":"2020-02-24T13:06:03+00:00","breadcrumb":{"@id":"https:\/\/we.pb.edu.pl\/kfeits\/dydaktyka\/kompatybilnosc-elektromagnetyczna-ekoenergetyka\/#breadcrumb"},"inLanguage":"pl-PL","potentialAction":[{"@type":"ReadAction","target":["https:\/\/we.pb.edu.pl\/kfeits\/dydaktyka\/kompatybilnosc-elektromagnetyczna-ekoenergetyka\/"]}]},{"@type":"BreadcrumbList","@id":"https:\/\/we.pb.edu.pl\/kfeits\/dydaktyka\/kompatybilnosc-elektromagnetyczna-ekoenergetyka\/#breadcrumb","itemListElement":[{"@type":"ListItem","position":1,"name":"Strona g\u0142\u00f3wna","item":"https:\/\/we.pb.edu.pl\/kfeits\/"},{"@type":"ListItem","position":2,"name":"Dydaktyka","item":"https:\/\/we.pb.edu.pl\/kfeits\/dydaktyka\/"},{"@type":"ListItem","position":3,"name":"Kompatybilno\u015b\u0107 Elektromagnetyczna (Ekoenergetyka)"}]},{"@type":"WebSite","@id":"https:\/\/we.pb.edu.pl\/kfeits\/#website","url":"https:\/\/we.pb.edu.pl\/kfeits\/","name":"Katedra Fotoniki, Elektroniki i Techniki \u015awietlnej","description":"","potentialAction":[{"@type":"SearchAction","target":{"@type":"EntryPoint","urlTemplate":"https:\/\/we.pb.edu.pl\/kfeits\/?s={search_term_string}"},"query-input":{"@type":"PropertyValueSpecification","valueRequired":true,"valueName":"search_term_string"}}],"inLanguage":"pl-PL"}]}},"_links":{"self":[{"href":"https:\/\/we.pb.edu.pl\/kfeits\/wp-json\/wp\/v2\/pages\/906","targetHints":{"allow":["GET"]}}],"collection":[{"href":"https:\/\/we.pb.edu.pl\/kfeits\/wp-json\/wp\/v2\/pages"}],"about":[{"href":"https:\/\/we.pb.edu.pl\/kfeits\/wp-json\/wp\/v2\/types\/page"}],"author":[{"embeddable":true,"href":"https:\/\/we.pb.edu.pl\/kfeits\/wp-json\/wp\/v2\/users\/9"}],"replies":[{"embeddable":true,"href":"https:\/\/we.pb.edu.pl\/kfeits\/wp-json\/wp\/v2\/comments?post=906"}],"version-history":[{"count":9,"href":"https:\/\/we.pb.edu.pl\/kfeits\/wp-json\/wp\/v2\/pages\/906\/revisions"}],"predecessor-version":[{"id":1559,"href":"https:\/\/we.pb.edu.pl\/kfeits\/wp-json\/wp\/v2\/pages\/906\/revisions\/1559"}],"up":[{"embeddable":true,"href":"https:\/\/we.pb.edu.pl\/kfeits\/wp-json\/wp\/v2\/pages\/253"}],"wp:attachment":[{"href":"https:\/\/we.pb.edu.pl\/kfeits\/wp-json\/wp\/v2\/media?parent=906"}],"curies":[{"name":"wp","href":"https:\/\/api.w.org\/{rel}","templated":true}]}}