{"id":893,"date":"2019-01-21T14:48:43","date_gmt":"2019-01-21T13:48:43","guid":{"rendered":"https:\/\/we.pb.edu.pl\/ktiae\/?page_id=893"},"modified":"2019-01-21T14:48:43","modified_gmt":"2019-01-21T13:48:43","slug":"pytania-na-egzamin-dyplomowy","status":"publish","type":"page","link":"https:\/\/we.pb.edu.pl\/kfeits\/dydaktyka\/pytania-na-egzamin-dyplomowy\/","title":{"rendered":"Pytania na egzamin dyplomowy"},"content":{"rendered":"<h3>Kierunek: Elektronika i Telekomunikacja<\/h3>\n<ol>\n<li>Stan nieustalony w obwodzie szeregowym RC, RL lub RLC przy wymuszeniu skokiem napi\u0119cia sta\u0142ego.<\/li>\n<li>Diody p\u00f3\u0142przewodnikowe (prostownicze, stabilizacyjne, pojemno\u015bciowe, prze\u0142\u0105czaj\u0105ce) \u2013 charakterystyki, parametry, zastosowania.<\/li>\n<li>Tranzystory bipolarne i unipolarne (JFET, MOSFET, MESFET) \u2013 budowa, charakterystyki, parametry, schematy zast\u0119pcze.<\/li>\n<li>Podstawowe p\u00f3\u0142przewodnikowe elementy optoelektroniczne \u2013 parametry, charakterystyki, przyk\u0142ady zastosowa\u0144.<\/li>\n<li>Bezz\u0142\u0105czowe elementy p\u00f3\u0142przewodnikowe (np. termistory, warystory, hallotrony, gaussotrony, fotorezystory, piezorezystory, elementy Gunna).<\/li>\n<li>Podstawowe bramki logiczne (TTL, CMOS).<\/li>\n<li>Wzmacniacz operacyjny \u2013 budowa, parametry. Idealny wzmacniacz operacyjny.<\/li>\n<li>Zastosowania wzmacniaczy operacyjnych w uk\u0142adach liniowych: wzmacniacze, sumatory, \u017ar\u00f3d\u0142a pr\u0105dowe i napi\u0119ciowe, uk\u0142ady r\u00f3\u017cniczkuj\u0105ce i ca\u0142kuj\u0105ce. Ograniczenia nieliniowe w uk\u0142adach ze wzmacniaczami operacyjnymi.<\/li>\n<li>Stabilizatory napi\u0119cia: liniowe i impulsowe. Przyk\u0142adowy schemat i bilans mocy.<\/li>\n<li>Wzmacniacze mocy ma\u0142ej cz\u0119stotliwo\u015bci. Podstawowe w\u0142a\u015bciwo\u015bci wzmacniaczy mocy klasy A, B, AB, D. Zniekszta\u0142cenia nieliniowe we wzmacniaczach mocy.<\/li>\n<li>Przetworniki cyfrowo\u2013analogowe i analogowo\u2013cyfrowe; rodzaje przetwornik\u00f3w, parametry, przyk\u0142ady zastosowa\u0144.<\/li>\n<li>P\u0119tla fazowa \u2013 zasada dzia\u0142ania, podstawowe zastosowania.<\/li>\n<li>Opis procesu transmisji danych za pomoc\u0105 warstwowego modelu OSI.<\/li>\n<li>Adresowanie stacji sieciowych pracuj\u0105cych z protoko\u0142em IP.<\/li>\n<li>Podstawowe architektury system\u00f3w procesorowych (harwardzka oraz von Neumanna), wyja\u015bni\u0107 i skomentowa\u0107 r\u00f3\u017cnice.<\/li>\n<li>Podstawowe typy zmiennych stosowanych w j\u0119zyku C\/C++, ich rozmiary w pami\u0119ci oraz zakresy mo\u017cliwych do zapisania liczb. Kod NKB, U2 oraz Qx.<\/li>\n<li>Zasady doboru cz\u0119stotliwo\u015bci pr\u00f3bkowania sygna\u0142\u00f3w.<\/li>\n<li>W\u0142a\u015bciwo\u015bci dyskretnego przekszta\u0142cenia Fouriera i szybkiego przekszta\u0142cenia Fouriera.<\/li>\n<li>Metody wyznaczania i zastosowanie charakterystyk cz\u0119stotliwo\u015bciowych filtr\u00f3w.<\/li>\n<li>Por\u00f3wnanie w\u0142a\u015bciwo\u015bci i struktura cyfrowych filtr\u00f3w NOI i SOI.<\/li>\n<\/ol>\n<h3>Kierunek: Elektronika i Telekomunikacja, specjalno\u015b\u0107: AE<\/h3>\n<ol>\n<li>Parametry rozproszenia &#8211; definicja i&nbsp;spos\u00f3b pomiaru.<\/li>\n<li>W\u0142a\u015bciwo\u015bci fali p\u0142askiej (TEM) i&nbsp;w\u0142a\u015bciwo\u015bci fal w falowodach.<\/li>\n<li>Uk\u0142ady techniki wielkich cz\u0119stotliwo\u015bci \u2013 sprz\u0119gacze kierunkowe, dzielniki mocy, filtry, rezonatory.<\/li>\n<li>Modulacje analogowe \u2013 podstawowe cechy, przebiegi czasowe, widmo, zale\u017cno\u015bci energetyczne.<\/li>\n<li>Modulatory i&nbsp;demodulatory AM, FM, PM.<\/li>\n<li>Modulacje cyfrowe &#8211; rodzaje i&nbsp;w\u0142a\u015bciwo\u015bci.<\/li>\n<li>Konstrukcje i&nbsp;parametry uk\u0142ad\u00f3w przemiany cz\u0119stotliwo\u015bci.<\/li>\n<li>Generatory LC i&nbsp;kwarcowe \u2013 podstawowe konstrukcje.<\/li>\n<li>Elementy i&nbsp;uk\u0142ady ograniczania przepi\u0119\u0107 w&nbsp;instalacjach elektrycznych i&nbsp;systemach transmisji sygna\u0142\u00f3w.<\/li>\n<li>Rodzaje sprz\u0119\u017ce\u0144 elektromagnetycznych mi\u0119dzy uk\u0142adami przewod\u00f3w \u2013 om\u00f3wi\u0107 wybrany rodzaj.<\/li>\n<li>Wy\u0142adowania elektrostatyczne (ESD) \u2013 charakterystyka i&nbsp;metody ochrony.<\/li>\n<li>Multimetry cyfrowe \u2013 zasada dzia\u0142ania.<\/li>\n<li>Sposoby pr\u00f3bkowania w&nbsp;oscyloskopie cyfrowym.<\/li>\n<\/ol>\n<h3>Kierunek: Elektronika i Telekomunikacja, specjalno\u015b\u0107: AE, \u015bcie\u017cka: TB<\/h3>\n<ol>\n<li>Linia d\u0142uga w&nbsp;telekomunikacji, zastosowania (inwertery immitancji, transformator szerokopasmowy, inne).<\/li>\n<li>Odbiornik superheterodynowy.<\/li>\n<li>Automatyczne regulacje w&nbsp;odbiorniku \u2013 ARW i&nbsp;ARCz.<\/li>\n<li>Metody zwielokrotniania kana\u0142\u00f3w telekomunikacyjnych.<\/li>\n<li>Parametry anten radiokomunikacyjnych.<\/li>\n<li>Zasada dzia\u0142ania systemu GSM.<\/li>\n<li>Systemy trunkingowe.<\/li>\n<li>Telewizja cyfrowa w&nbsp;standardzie DVB.<\/li>\n<li>Radiofonia analogowa i&nbsp;cyfrowa \u2013 standardy.<\/li>\n<li>Technika identyfikacji zdalnej RFID \u2013 cechy, podzia\u0142, przyk\u0142adowe zastosowania.<\/li>\n<li>Wy\u015bwietlacze LCD \u2013 budowa, zasada dzia\u0142ania, zjawiska fizyczne.<\/li>\n<li>Metody projekcji obrazu telewizyjnego (projektory wizyjne).<\/li>\n<\/ol>\n<h3>Kierunek: Elektronika i Telekomunikacja, specjalno\u015b\u0107: AE, \u015bcie\u017cka: EP<\/h3>\n<ol>\n<li>Tyrystory, triaki i&nbsp;optotriaki \u2013 budowa, parametry, zastosowanie.<\/li>\n<li>Uk\u0142ady prostownik\u00f3w dwu- i&nbsp;tr\u00f3jfazowych oraz ich podstawowe parametry.<\/li>\n<li>Przeka\u017anik SSR. Budowa i&nbsp;dzia\u0142anie.<\/li>\n<li>Falowniki napi\u0119cia. Budowa i&nbsp;dzia\u0142anie.<\/li>\n<li>Falowniki pr\u0105du. Budowa i&nbsp;dzia\u0142anie.<\/li>\n<li>Przetwornice DC\/DC. Przyk\u0142adowy schemat i&nbsp;zasada dzia\u0142ania.<\/li>\n<\/ol>\n<h3>Kierunek: Elektronika i Telekomunikacja, specjalno\u015b\u0107: TiO<\/h3>\n<ol>\n<li>Struktura aplikacji internetowych oraz stosowanych w&nbsp;nich technologii.<\/li>\n<li>Charakterystyka systemu DNS.<\/li>\n<li>Por\u00f3wnanie routingu statycznego i&nbsp;dynamicznego w sieci IP.<\/li>\n<li>Por\u00f3wnanie cech komutowanej i&nbsp;pakietowej transmisji danych w&nbsp;kom\u00f3rkowej sieci telekomunikacyjnej.<\/li>\n<\/ol>\n<h3>Kierunek: Elektronika i Telekomunikacja, specjalno\u015b\u0107: TiO, \u015bcie\u017cka: TI<\/h3>\n<ol>\n<li>Charakterystyka standard\u00f3w sieci bezprzewodowych rodziny Wi-Fi.<\/li>\n<li>Protoko\u0142y routingu dynamicznego i&nbsp;ich w\u0142a\u015bciwo\u015bci.<\/li>\n<li>Podzia\u0142 i&nbsp;charakterystyka algorytm\u00f3w szyfrowania stosowanych w&nbsp;systemach sieciowych.<\/li>\n<li>Technologie zabezpiecze\u0144 stosowane w&nbsp;sieciach standardu Wi-Fi.<\/li>\n<li>Struktura systemu zarz\u0105dzania sieci\u0105 z&nbsp;protoko\u0142em SNMP.<\/li>\n<li>Podstawowe architektury system\u00f3w zapewnienia parametr\u00f3w jako\u015bciowych w&nbsp;sieciach komputerowych.<\/li>\n<li>Charakterystyka technologii wirtualnych sieci lokalnych (VLAN).<\/li>\n<li>Cechy, metody realizacji i&nbsp;zastosowania wirtualnych sieci prywatnych (VPN).<\/li>\n<li>Certyfikaty cyfrowe oraz infrastruktura klucza publicznego (PKI) i&nbsp;ich rola w&nbsp;systemach podpisu cyfrowego.<\/li>\n<li>Opis dzia\u0142ania filtru typu TBF.<\/li>\n<li>Podzia\u0142 sieci IP na podsieci metodami FLSM i&nbsp;VLSM.<\/li>\n<li>Charakterystyka NAS i&nbsp;SAN jako technologii przy\u0142\u0105czania pami\u0119ci masowych do system\u00f3w serwerowych.<\/li>\n<li>Model generacji sygna\u0142u mowy, transmitancja filtru modeluj\u0105cego trakt g\u0142osowy. Przyk\u0142ady standard\u00f3w kodowania sygna\u0142u mowy.<\/li>\n<li>Kompresja sygna\u0142u audio i&nbsp;wideo w&nbsp;standardach MPEG1 oraz MPEG2.<\/li>\n<li>Por\u00f3wnanie standard\u00f3w MPEG1\/MPEG2 ze standardem MPEG4.<\/li>\n<\/ol>\n<h3>Kierunek: Elektronika i Telekomunikacja, specjalno\u015b\u0107: TiO, \u015bcie\u017cka: OE<\/h3>\n<ol>\n<li>Budowa \u015bwiat\u0142owodu. Podzia\u0142 \u015bwiat\u0142owod\u00f3w ze wzgl\u0119du na profil wsp\u00f3\u0142czynnika za\u0142amania \u015bwiat\u0142a i&nbsp;liczb\u0119 prowadzonych mod\u00f3w.<\/li>\n<li>T\u0142umienie w&nbsp;\u015bwiat\u0142owodach. Okna transmisyjne wykorzystywane w&nbsp;telekomunikacji \u015bwiat\u0142owodowej.<\/li>\n<li>Budowa typowego \u015bwiat\u0142owodowego toru telekomunikacyjnego. Przyk\u0142adowe elementy stosowane w&nbsp;charakterze nadajnika i&nbsp;odbiornika.<\/li>\n<li>Dyspersja w&nbsp;\u015bwiat\u0142owodach. Ograniczenia pr\u0119dko\u015bci transmisji danych w&nbsp;\u015bwiat\u0142owodach jedno i&nbsp;wielomodowych.<\/li>\n<li>Elementy optoelektroniczne stosowane do zamiany energii promieniowania na energi\u0119 elektryczn\u0105 \u2013 budowa, charakterystyki napi\u0119ciowo-pr\u0105dowe, spos\u00f3b \u0142\u0105czenia.<\/li>\n<\/ol>\n","protected":false},"excerpt":{"rendered":"<p>Kierunek: Elektronika i Telekomunikacja Stan nieustalony w obwodzie szeregowym RC, RL lub RLC przy wymuszeniu<a class=\"read-more\" href=\"https:\/\/we.pb.edu.pl\/kfeits\/dydaktyka\/pytania-na-egzamin-dyplomowy\/\" title=\"Poka\u017c artyku\u0142 Pytania na egzamin dyplomowy\">wi\u0119cej<\/a><\/p>\n","protected":false},"author":9,"featured_media":0,"parent":253,"menu_order":0,"comment_status":"closed","ping_status":"closed","template":"","meta":{"inline_featured_image":false,"ngg_post_thumbnail":0,"footnotes":""},"class_list":["post-893","page","type-page","status-publish","hentry"],"acf":[],"yoast_head":"<!-- This site is optimized with the Yoast SEO plugin v26.4 - https:\/\/yoast.com\/wordpress\/plugins\/seo\/ -->\n<title>Pytania na egzamin dyplomowy - Katedra Fotoniki, Elektroniki i Techniki \u015awietlnej<\/title>\n<meta name=\"robots\" content=\"index, follow, max-snippet:-1, max-image-preview:large, max-video-preview:-1\" \/>\n<link rel=\"canonical\" href=\"https:\/\/we.pb.edu.pl\/kfeits\/dydaktyka\/pytania-na-egzamin-dyplomowy\/\" \/>\n<meta property=\"og:locale\" content=\"pl_PL\" \/>\n<meta property=\"og:type\" content=\"article\" \/>\n<meta property=\"og:title\" content=\"Pytania na egzamin dyplomowy - Katedra Fotoniki, Elektroniki i Techniki \u015awietlnej\" \/>\n<meta property=\"og:description\" content=\"Kierunek: Elektronika i Telekomunikacja Stan nieustalony w obwodzie szeregowym RC, RL lub RLC przy wymuszeniuwi\u0119cej\" \/>\n<meta property=\"og:url\" content=\"https:\/\/we.pb.edu.pl\/kfeits\/dydaktyka\/pytania-na-egzamin-dyplomowy\/\" \/>\n<meta property=\"og:site_name\" content=\"Katedra Fotoniki, Elektroniki i Techniki \u015awietlnej\" \/>\n<meta name=\"twitter:card\" content=\"summary_large_image\" \/>\n<meta name=\"twitter:label1\" content=\"Szacowany czas czytania\" \/>\n\t<meta name=\"twitter:data1\" content=\"4 minuty\" \/>\n<script type=\"application\/ld+json\" class=\"yoast-schema-graph\">{\"@context\":\"https:\/\/schema.org\",\"@graph\":[{\"@type\":\"WebPage\",\"@id\":\"https:\/\/we.pb.edu.pl\/kfeits\/dydaktyka\/pytania-na-egzamin-dyplomowy\/\",\"url\":\"https:\/\/we.pb.edu.pl\/kfeits\/dydaktyka\/pytania-na-egzamin-dyplomowy\/\",\"name\":\"Pytania na egzamin dyplomowy - Katedra Fotoniki, Elektroniki i Techniki \u015awietlnej\",\"isPartOf\":{\"@id\":\"https:\/\/we.pb.edu.pl\/kfeits\/#website\"},\"datePublished\":\"2019-01-21T13:48:43+00:00\",\"breadcrumb\":{\"@id\":\"https:\/\/we.pb.edu.pl\/kfeits\/dydaktyka\/pytania-na-egzamin-dyplomowy\/#breadcrumb\"},\"inLanguage\":\"pl-PL\",\"potentialAction\":[{\"@type\":\"ReadAction\",\"target\":[\"https:\/\/we.pb.edu.pl\/kfeits\/dydaktyka\/pytania-na-egzamin-dyplomowy\/\"]}]},{\"@type\":\"BreadcrumbList\",\"@id\":\"https:\/\/we.pb.edu.pl\/kfeits\/dydaktyka\/pytania-na-egzamin-dyplomowy\/#breadcrumb\",\"itemListElement\":[{\"@type\":\"ListItem\",\"position\":1,\"name\":\"Strona g\u0142\u00f3wna\",\"item\":\"https:\/\/we.pb.edu.pl\/kfeits\/\"},{\"@type\":\"ListItem\",\"position\":2,\"name\":\"Dydaktyka\",\"item\":\"https:\/\/we.pb.edu.pl\/kfeits\/dydaktyka\/\"},{\"@type\":\"ListItem\",\"position\":3,\"name\":\"Pytania na egzamin dyplomowy\"}]},{\"@type\":\"WebSite\",\"@id\":\"https:\/\/we.pb.edu.pl\/kfeits\/#website\",\"url\":\"https:\/\/we.pb.edu.pl\/kfeits\/\",\"name\":\"Katedra Fotoniki, Elektroniki i Techniki \u015awietlnej\",\"description\":\"\",\"potentialAction\":[{\"@type\":\"SearchAction\",\"target\":{\"@type\":\"EntryPoint\",\"urlTemplate\":\"https:\/\/we.pb.edu.pl\/kfeits\/?s={search_term_string}\"},\"query-input\":{\"@type\":\"PropertyValueSpecification\",\"valueRequired\":true,\"valueName\":\"search_term_string\"}}],\"inLanguage\":\"pl-PL\"}]}<\/script>\n<!-- \/ Yoast SEO plugin. -->","yoast_head_json":{"title":"Pytania na egzamin dyplomowy - Katedra Fotoniki, Elektroniki i Techniki \u015awietlnej","robots":{"index":"index","follow":"follow","max-snippet":"max-snippet:-1","max-image-preview":"max-image-preview:large","max-video-preview":"max-video-preview:-1"},"canonical":"https:\/\/we.pb.edu.pl\/kfeits\/dydaktyka\/pytania-na-egzamin-dyplomowy\/","og_locale":"pl_PL","og_type":"article","og_title":"Pytania na egzamin dyplomowy - Katedra Fotoniki, Elektroniki i Techniki \u015awietlnej","og_description":"Kierunek: Elektronika i Telekomunikacja Stan nieustalony w obwodzie szeregowym RC, RL lub RLC przy wymuszeniuwi\u0119cej","og_url":"https:\/\/we.pb.edu.pl\/kfeits\/dydaktyka\/pytania-na-egzamin-dyplomowy\/","og_site_name":"Katedra Fotoniki, Elektroniki i Techniki \u015awietlnej","twitter_card":"summary_large_image","twitter_misc":{"Szacowany czas czytania":"4 minuty"},"schema":{"@context":"https:\/\/schema.org","@graph":[{"@type":"WebPage","@id":"https:\/\/we.pb.edu.pl\/kfeits\/dydaktyka\/pytania-na-egzamin-dyplomowy\/","url":"https:\/\/we.pb.edu.pl\/kfeits\/dydaktyka\/pytania-na-egzamin-dyplomowy\/","name":"Pytania na egzamin dyplomowy - Katedra Fotoniki, Elektroniki i Techniki \u015awietlnej","isPartOf":{"@id":"https:\/\/we.pb.edu.pl\/kfeits\/#website"},"datePublished":"2019-01-21T13:48:43+00:00","breadcrumb":{"@id":"https:\/\/we.pb.edu.pl\/kfeits\/dydaktyka\/pytania-na-egzamin-dyplomowy\/#breadcrumb"},"inLanguage":"pl-PL","potentialAction":[{"@type":"ReadAction","target":["https:\/\/we.pb.edu.pl\/kfeits\/dydaktyka\/pytania-na-egzamin-dyplomowy\/"]}]},{"@type":"BreadcrumbList","@id":"https:\/\/we.pb.edu.pl\/kfeits\/dydaktyka\/pytania-na-egzamin-dyplomowy\/#breadcrumb","itemListElement":[{"@type":"ListItem","position":1,"name":"Strona g\u0142\u00f3wna","item":"https:\/\/we.pb.edu.pl\/kfeits\/"},{"@type":"ListItem","position":2,"name":"Dydaktyka","item":"https:\/\/we.pb.edu.pl\/kfeits\/dydaktyka\/"},{"@type":"ListItem","position":3,"name":"Pytania na egzamin dyplomowy"}]},{"@type":"WebSite","@id":"https:\/\/we.pb.edu.pl\/kfeits\/#website","url":"https:\/\/we.pb.edu.pl\/kfeits\/","name":"Katedra Fotoniki, Elektroniki i Techniki \u015awietlnej","description":"","potentialAction":[{"@type":"SearchAction","target":{"@type":"EntryPoint","urlTemplate":"https:\/\/we.pb.edu.pl\/kfeits\/?s={search_term_string}"},"query-input":{"@type":"PropertyValueSpecification","valueRequired":true,"valueName":"search_term_string"}}],"inLanguage":"pl-PL"}]}},"_links":{"self":[{"href":"https:\/\/we.pb.edu.pl\/kfeits\/wp-json\/wp\/v2\/pages\/893","targetHints":{"allow":["GET"]}}],"collection":[{"href":"https:\/\/we.pb.edu.pl\/kfeits\/wp-json\/wp\/v2\/pages"}],"about":[{"href":"https:\/\/we.pb.edu.pl\/kfeits\/wp-json\/wp\/v2\/types\/page"}],"author":[{"embeddable":true,"href":"https:\/\/we.pb.edu.pl\/kfeits\/wp-json\/wp\/v2\/users\/9"}],"replies":[{"embeddable":true,"href":"https:\/\/we.pb.edu.pl\/kfeits\/wp-json\/wp\/v2\/comments?post=893"}],"version-history":[{"count":5,"href":"https:\/\/we.pb.edu.pl\/kfeits\/wp-json\/wp\/v2\/pages\/893\/revisions"}],"predecessor-version":[{"id":898,"href":"https:\/\/we.pb.edu.pl\/kfeits\/wp-json\/wp\/v2\/pages\/893\/revisions\/898"}],"up":[{"embeddable":true,"href":"https:\/\/we.pb.edu.pl\/kfeits\/wp-json\/wp\/v2\/pages\/253"}],"wp:attachment":[{"href":"https:\/\/we.pb.edu.pl\/kfeits\/wp-json\/wp\/v2\/media?parent=893"}],"curies":[{"name":"wp","href":"https:\/\/api.w.org\/{rel}","templated":true}]}}