{"id":813,"date":"2018-11-28T09:30:19","date_gmt":"2018-11-28T08:30:19","guid":{"rendered":"https:\/\/we.pb.edu.pl\/ktiae\/?page_id=813"},"modified":"2025-11-23T13:44:31","modified_gmt":"2025-11-23T12:44:31","slug":"materialy","status":"publish","type":"page","link":"https:\/\/we.pb.edu.pl\/kfeits\/w-sieci-rzeczy\/materialy\/","title":{"rendered":"Materia\u0142y"},"content":{"rendered":"<ul class=\"nav nav-pills\">\n<li><a href=\"\/kfeits\/w-sieci-rzeczy\/\"> Strona Ko\u0142a <\/a><\/li>\n<li><a href=\"\/kfeits\/w-sieci-rzeczy\/aktualnosci\/\"> Aktualno\u015bci <\/a><\/li>\n<li><a href=\"\/kfeits\/w-sieci-rzeczy\/czlonkowie\/\"> Cz\u0142onkowie <\/a><\/li>\n<li><a href=\"\/kfeits\/w-sieci-rzeczy\/materialy\/\"> Materia\u0142y <\/a><\/li>\n<li><a href=\"\/kfeits\/w-sieci-rzeczy\/projekty\/\"> Projekty <\/a><\/li>\n<li><a href=\"\/kfeits\/w-sieci-rzeczy\/warsztaty\/\"> Warsztaty <\/a><\/li>\n<li><a href=\"\/kfeits\/w-sieci-rzeczy\/partnerzy\/\"> Partnerzy <\/a><\/li>\n<li><a href=\"\/kfeits\/w-sieci-rzeczy\/kontakt\/\"> Kontakt<\/a><\/li>\n<\/ul>\n<p>&nbsp;<\/p>\n<hr \/>\n<p>W Kole Naukowym System\u00f3w Wbudowanych &#8222;W sieci rzeczy&#8221; w realizacji naszych projekt\u00f3w mo\u017cemy korzysta\u0107 z:<\/p>\n<p>Telekomunikacja, teletransmisja, SDR (Software Defined Radio), VoIP:<\/p>\n<ul>\n<li>USRP X310 &#8211; wydajna, skalowalna platforma radiowa (SDR) do projektowania i wdra\u017cania system\u00f3w komunikacji bezprzewodowej nowej generacji <a href=\"https:\/\/www.ettus.com\/all-products\/x310-kit\/\">https:\/\/www.ettus.com\/all-products\/x310-kit\/<\/a>,<\/li>\n<li>USRP B210 &#8211; uniwersalne urz\u0105dzenie SDR, kt\u00f3re pozwala nadawa\u0107 i odbiera\u0107 sygna\u0142y radiowe w bardzo szerokim zakresie cz\u0119stotliwo\u015bci (70 MHz\u20136 GHz) <a href=\"https:\/\/www.ettus.com\/all-products\/ub210-kit\/\">https:\/\/www.ettus.com\/all-products\/ub210-kit\/<\/a>,<\/li>\n<li>HackRF &#8211; urz\u0105dzenie do transmisji i odbioru fal radiowych z zakresu od 10 MHz do 6 GHz zaprojektowane do wdra\u017cania i badania i sygna\u0142\u00f3w radiowych <a href=\"https:\/\/greatscottgadgets.com\/hackrf\/one\/\">https:\/\/greatscottgadgets.com\/hackrf\/one\/<\/a>,<\/li>\n<li>karty Atcom AXE-1600P, umo\u017cliwiaj\u0105ce obs\u0142ug\u0119 do 16 analogowych port\u00f3w FXO\/FXS,<\/li>\n<li>karty Atcom AXE4DL obs\u0142uguj\u0105ce do 4 trakt\u00f3w ISDN PRI\/E1\/T\/J1,<\/li>\n<li>karty Atcom AXE-800PN obs\u0142uguj\u0105ce do 8 analogowych port\u00f3w FXO\/FXS,<\/li>\n<li>karty AXE1PL wyposa\u017cone w jeden trakt ISDN PRI\/E1\/T\/J1,<\/li>\n<li>5G HAT RM520N-GL &#8211; zestaw z modu\u0142em Quectel 5G RM520N-GL przeznaczony do wsp\u00f3\u0142pracy z minikomputerem Raspberry Pi. Wspiera sieci 5G SA lub NSA i jest wstecznie kompatybilny z sieci\u0105 4G oraz 3G. Waveshare RM520N-GL 5G HAT (with case) (EU) <a href=\"https:\/\/www.waveshare.com\/wiki\/RM520N-GL_5G_HAT\">https:\/\/www.waveshare.com\/wiki\/RM520N-GL_5G_HAT<\/a>.<\/li>\n<\/ul>\n<p>Systemy wbudowane:<\/p>\n<ul>\n<li>reComputer J4012 &#8211; Nvidia Jetson Orin NX 16GB RAM + 128GB NVMe <a href=\"https:\/\/www.seeedstudio.com\/reComputer-J4012-p-5586.html\">https:\/\/www.seeedstudio.com\/reComputer-J4012-p-5586.html<\/a>,<\/li>\n<li>reComputer J1010 &#8211; Nvidia Jetson Nano 4GB RAM + 16GB eMMC <a href=\"https:\/\/www.seeedstudio.com\/Jetson-10-1-A0-p-5336.html\">https:\/\/www.seeedstudio.com\/Jetson-10-1-A0-p-5336.html<\/a><\/li>\n<li>Raspberry Pi 5 &#8211; <a href=\"https:\/\/www.raspberrypi.com\/products\/raspberry-pi-5\/\">https:\/\/www.raspberrypi.com\/products\/raspberry-pi-5\/<\/a>,<\/li>\n<li>Raspberry Pi 3 &#8211; <a href=\"https:\/\/www.raspberrypi.com\/products\/raspberry-pi-3-model-b\/\">https:\/\/www.raspberrypi.com\/products\/raspberry-pi-3-model-b\/<\/a>,<\/li>\n<li>STM32MP157F-DK2 &#8211; estaw startowy z mikroprocesorem STM32MP157FAC1 (Cortex-A7 i Cortex-M4). Wyposa\u017cony zosta\u0142 w wy\u015bwietlacz TFT 4&#8243;, komunikacj\u0119 WiFi i Bluetooth LE 4.1 &#8211; <a href=\"https:\/\/www.st.com\/en\/evaluation-tools\/stm32mp157f-dk2.html\">https:\/\/www.st.com\/en\/evaluation-tools\/stm32mp157f-dk2.html<\/a>,<\/li>\n<li>ZL29ARM &#8211; platforma sprz\u0119towa pozwalaj\u0105ca pozna\u0107 i przetestowa\u0107 mo\u017cliwo\u015bci mikrokontroler\u00f3w z rodziny STM32 Connectivity Line (STM32F107). <a href=\"https:\/\/kamami.pl\/wycofane-z-oferty\/179532-zl29arm-zestaw-uruchomieniowy-z-mikrokontrolerem-stm32f107vct6.html\">https:\/\/kamami.pl\/wycofane-z-oferty\/179532-zl29arm-zestaw-uruchomieniowy-z-mikrokontrolerem-stm32f107vct6.html<\/a>,<\/li>\n<li>KAmeleon-STM32L4 &#8211; zestaw startowy z mikrokontrolerem STM32L496ZGT6 &#8211; <a href=\"https:\/\/kameleonboard.org\/\">https:\/\/kameleonboard.org\/<\/a>,<\/li>\n<li>Luxonis Oak-D-Lite &#8211; zestaw wyprodukowany przez firm\u0119 Luxonis, kt\u00f3ry wykorzystuje technologie procesora wizyjnego (VPU) Myriad X. Wsp\u00f3\u0142pracuje z popularnymi platformami takimi jak Raspberry Pi. Urz\u0105dzenie wyposa\u017cone jest w trzy kamery &#8211; dwie kamery stereo 640 x 480 px oraz jedn\u0105 kamer\u0105 13 Mpx Auto-Focus umo\u017cliwiaj\u0105c\u0105 przechwytywanie kolorowych obraz\u00f3w w rozdzielczo\u015bci 4208 x 3120 px. https:\/\/shop.luxonis.com\/products\/oak-d-lite-1,<\/li>\n<li>Enviro pHAT &#8211; czujnik temperatury, wilgotno\u015bci, ci\u015bnienia, \u015bwiat\u0142a &#8211; nak\u0142adka dla Raspberry Pi. <a href=\"https:\/\/github.com\/pimoroni\/enviro-phat\">https:\/\/github.com\/pimoroni\/enviro-phat<\/a>,<\/li>\n<li>ReSpeaker &#8211; p\u0142ytka rozszerzaj\u0105ca dla Raspberry wyposa\u017cona w mikrofony, przeznaczona dla AI i aplikacji g\u0142osowych. <a href=\"https:\/\/www.seeedstudio.com\/ReSpeaker-2-Mics-Pi-HAT-p-2874.html\">https:\/\/www.seeedstudio.com\/ReSpeaker-2-Mics-Pi-HAT-p-2874.html<\/a>,<\/li>\n<li>Modu\u0142 z wy\u015bwietlaczem e-paper 1,54\u201d o rozdzielczo\u015bci 200 x 200 px. Komunikuje si\u0119 poprzez interfejs SPI np. z Arduino lub Raspberry Pi. <a href=\"https:\/\/www.waveshare.com\/1.54inch-e-paper-module-b.html\">https:\/\/www.waveshare.com\/1.54inch-e-paper-module-b.html<\/a>,<\/li>\n<li>PMS7003 &#8211; Laserowy czujnik zanieczyszcze\u0144 powietrza cz\u0105steczkami PM1,0, PM2.5 oraz PM10. Pozwala na precyzyjn\u0105 analiz\u0119 ilo\u015bci zanieczyszcze\u0144 w otoczeniu, ma niewielkie wymiary i wbudowany cichy wentylator przet\u0142aczaj\u0105cy <a href=\"https:\/\/kamami.pl\/czujniki-gazow\/564008-plantower-pms7003-laserowy-czujnik-pylu-pm25.html\">https:\/\/kamami.pl\/czujniki-gazow\/564008-plantower-pms7003-laserowy-czujnik-pylu-pm25.html<\/a>,<\/li>\n<li>Modu\u0142 zarz\u0105dzania energi\u0105 s\u0142oneczn\u0105 z ogniwem s\u0142onecznym <a href=\"https:\/\/kamami.pl\/ogniwa-sloneczne\/572388-monocrystalline-solar-panel-5v-1a-panel-solarny.html\">https:\/\/kamami.pl\/ogniwa-sloneczne\/572388-monocrystalline-solar-panel-5v-1a-panel-solarny.html<\/a>,<\/li>\n<li>czujniki w tym: BME280 &#8211; czujnik wilgotno\u015bci, temperatury oraz ci\u015bnienia, modu\u0142 PIR detektor ruchu HC-SR501, czujnik C2H5OH w powierzu MQ-3, czujnik czadu MQ-7, czujnik ha\u0142asu, g\u0142osu LM393, ultrad\u017awi\u0119kowy czujnik odleg\u0142o\u015bci HC-SR04 &#8230;<\/li>\n<\/ul>\n<p>Sieci sensorowe, IoT:<\/p>\n<ul>\n<li>P-NUCLEO-LRWAN2 &#8211; Pakiet startowy STM32 Nucleo dla technologii LoRa. Sk\u0142ada si\u0119 z dw\u00f3ch zestaw\u00f3w deweloperskich: NUCLEO-L073RZ i NUCLEO-F746ZG oraz modu\u0142\u00f3w rozszerze\u0144 do komunikacji w ramach LoRa: I-NUCLEO-LRWAN1 i LRWAN GS HF1. STMicroelectronics P-NUCLEO-LRWAN2 <a href=\"https:\/\/www.st.com\/en\/evaluation-tools\/p-nucleo-lrwan2.html\">https:\/\/www.st.com\/en\/evaluation-tools\/p-nucleo-lrwan2.html<\/a>,<\/li>\n<li>Pygate jest 8-kana\u0142ow\u0105 bramk\u0105 LoRaWAN 868 MHz opart\u0105 o uk\u0142ad SX1257 oraz SX1308. Po\u0142\u0105cz go wraz z WiPy 3.0, LoPy4 lub GPy oraz pod\u0142\u0105cz dowolny inny modu\u0142 PyCom, aby stworzy\u0107 zdecentralizowan\u0105 sie\u0107 IoT,<\/li>\n<li>FiPy &#8211; modu\u0142 pozwalaj\u0105cy na komunikacj\u0119 z sieci\u0105 LoRa 868 MHz, WiFi oraz Bluetooth BLE, SigFox oraz LTE M1. Oparty na systemie Linux ze wsparciem dla j\u0119zyka Python. Posiada uk\u0142ad ESP32 z 4 MB pami\u0119ci RAM oraz 8 MB Flash. 22 linie GPIO, interfejsy 2x UART, 2x SPI, I2C oraz przetwornik A\/C oraz C\/A umo\u017cliwiaj\u0105cy pod\u0142\u0105czenie dowolnych czujnik\u00f3w i stworzenie sieci Internetu Rzeczy (IoT) &#8211; <a href=\"https:\/\/docs.pycom.io\/datasheets\/development\/fipy\/\">https:\/\/docs.pycom.io\/datasheets\/development\/fipy\/<\/a>,<\/li>\n<li>LoPy &#8211; modu\u0142 pozwalaj\u0105cy na komunikacj\u0119 z sieci\u0105 LoRa 868 MHz, WiFi oraz Bluetooth BLE oparty na systemie Linux ze wsparciem dla programist\u00f3w j\u0119zyka Python. Posiada uk\u0142ad ESP32 z 512 kB pami\u0119ci RAM oraz 4 MB Flash. 24 linie GPIO, interfejsy 2x UART, 2x SPI, I2C, I2S, microSD oraz 8 kana\u0142\u00f3w 12-bitowego przetwornika A\/C umo\u017cliwiaj\u0105 pod\u0142\u0105czenie dowolnych czujnik\u00f3w i stworzenie sieci Internetu Rzeczy (IoT) &#8211; <a href=\"https:\/\/docs.pycom.io\/datasheets\/development\/lopy4\/\">https:\/\/docs.pycom.io\/datasheets\/development\/lopy4\/<\/a>,<\/li>\n<li>Pysense to rozszerzeniowe dla modu\u0142\u00f3w WiPy, SiPy i LoPy z dodatkowymi czujnikami. Posiada czujnik \u015bwiat\u0142a, barometr, akcelerometr oraz czujnik temperatury. Dodatkowo wyposa\u017cony jest w z\u0142\u0105cze microUSB, z\u0142\u0105cze JST 2,0 mm do baterii lipol oraz slot kart microSD,<\/li>\n<li>Pycom Expansion Board to rozszerzeniowe do modu\u0142\u00f3w WiPy, LoPy, SiPy, FiPy i GPy u\u0142atwiaj\u0105ce prac\u0119 z uk\u0142adem. P\u0142ytka wyposa\u017cona jest m.in. w z\u0142\u0105cze LiPo i USB do zasilania, konwerter USB-UART, \u0142adowark\u0119 akumulator\u00f3w LiPol, slot na kart\u0119 microSD, diody LED. Posiada r\u00f3wnie\u017c wyprowadzone linie GPIO,<\/li>\n<li>TTGO T-Beam V1.1 &#8211; p\u0142ytka rozwojowa IoT z modu\u0142em ESP32 i LoRa 868MHz &#8211; p\u0142ytka rozwojowa przeznaczona do projekt\u00f3w IoT. Wyposa\u017cona zosta\u0142a w modu\u0142 WiFi\/Bluetooth ESP32, LoRa 868 MHz, GPS oraz koszyk na akumulator Li-Ion 18650. TTGO T-Beam V1.1 <a href=\"https:\/\/github.com\/Xinyuan-LilyGO\/LilyGo-LoRa-Series\">https:\/\/github.com\/Xinyuan-LilyGO\/LilyGo-LoRa-Series.<\/a><\/li>\n<\/ul>\n<hr \/>\n<p>&nbsp;<\/p>\n<p>&nbsp;<\/p>\n","protected":false},"excerpt":{"rendered":"<p>&nbsp; W Kole Naukowym System\u00f3w Wbudowanych &#8222;W sieci rzeczy&#8221; w realizacji naszych projekt\u00f3w mo\u017cemy korzysta\u0107<a class=\"read-more\" href=\"https:\/\/we.pb.edu.pl\/kfeits\/w-sieci-rzeczy\/materialy\/\" title=\"Poka\u017c artyku\u0142 Materia\u0142y\">wi\u0119cej<\/a><\/p>\n","protected":false},"author":20,"featured_media":0,"parent":788,"menu_order":0,"comment_status":"closed","ping_status":"closed","template":"","meta":{"inline_featured_image":false,"ngg_post_thumbnail":0,"footnotes":""},"class_list":["post-813","page","type-page","status-publish","hentry"],"acf":[],"yoast_head":"<!-- This site is optimized with the Yoast SEO plugin v26.4 - https:\/\/yoast.com\/wordpress\/plugins\/seo\/ -->\n<title>Materia\u0142y - Katedra Fotoniki, Elektroniki i Techniki \u015awietlnej<\/title>\n<meta name=\"robots\" content=\"index, follow, max-snippet:-1, max-image-preview:large, max-video-preview:-1\" \/>\n<link rel=\"canonical\" href=\"https:\/\/we.pb.edu.pl\/kfeits\/w-sieci-rzeczy\/materialy\/\" \/>\n<meta property=\"og:locale\" content=\"pl_PL\" \/>\n<meta property=\"og:type\" content=\"article\" \/>\n<meta property=\"og:title\" content=\"Materia\u0142y - Katedra Fotoniki, Elektroniki i Techniki \u015awietlnej\" \/>\n<meta property=\"og:description\" content=\"&nbsp; W Kole Naukowym System\u00f3w Wbudowanych &#8222;W sieci rzeczy&#8221; w realizacji naszych projekt\u00f3w mo\u017cemy korzysta\u0107wi\u0119cej\" \/>\n<meta property=\"og:url\" content=\"https:\/\/we.pb.edu.pl\/kfeits\/w-sieci-rzeczy\/materialy\/\" \/>\n<meta property=\"og:site_name\" content=\"Katedra Fotoniki, Elektroniki i Techniki \u015awietlnej\" \/>\n<meta property=\"article:modified_time\" content=\"2025-11-23T12:44:31+00:00\" \/>\n<meta name=\"twitter:card\" content=\"summary_large_image\" \/>\n<meta name=\"twitter:label1\" content=\"Szacowany czas czytania\" \/>\n\t<meta name=\"twitter:data1\" content=\"5 minut\" \/>\n<script type=\"application\/ld+json\" class=\"yoast-schema-graph\">{\"@context\":\"https:\/\/schema.org\",\"@graph\":[{\"@type\":\"WebPage\",\"@id\":\"https:\/\/we.pb.edu.pl\/kfeits\/w-sieci-rzeczy\/materialy\/\",\"url\":\"https:\/\/we.pb.edu.pl\/kfeits\/w-sieci-rzeczy\/materialy\/\",\"name\":\"Materia\u0142y - Katedra Fotoniki, Elektroniki i Techniki \u015awietlnej\",\"isPartOf\":{\"@id\":\"https:\/\/we.pb.edu.pl\/kfeits\/#website\"},\"datePublished\":\"2018-11-28T08:30:19+00:00\",\"dateModified\":\"2025-11-23T12:44:31+00:00\",\"breadcrumb\":{\"@id\":\"https:\/\/we.pb.edu.pl\/kfeits\/w-sieci-rzeczy\/materialy\/#breadcrumb\"},\"inLanguage\":\"pl-PL\",\"potentialAction\":[{\"@type\":\"ReadAction\",\"target\":[\"https:\/\/we.pb.edu.pl\/kfeits\/w-sieci-rzeczy\/materialy\/\"]}]},{\"@type\":\"BreadcrumbList\",\"@id\":\"https:\/\/we.pb.edu.pl\/kfeits\/w-sieci-rzeczy\/materialy\/#breadcrumb\",\"itemListElement\":[{\"@type\":\"ListItem\",\"position\":1,\"name\":\"Strona g\u0142\u00f3wna\",\"item\":\"https:\/\/we.pb.edu.pl\/kfeits\/\"},{\"@type\":\"ListItem\",\"position\":2,\"name\":\"Ko\u0142o Naukowe System\u00f3w Wbudowanych &#8222;W sieci rzeczy&#8221;\",\"item\":\"https:\/\/we.pb.edu.pl\/kfeits\/w-sieci-rzeczy\/\"},{\"@type\":\"ListItem\",\"position\":3,\"name\":\"Materia\u0142y\"}]},{\"@type\":\"WebSite\",\"@id\":\"https:\/\/we.pb.edu.pl\/kfeits\/#website\",\"url\":\"https:\/\/we.pb.edu.pl\/kfeits\/\",\"name\":\"Katedra Fotoniki, Elektroniki i Techniki \u015awietlnej\",\"description\":\"\",\"potentialAction\":[{\"@type\":\"SearchAction\",\"target\":{\"@type\":\"EntryPoint\",\"urlTemplate\":\"https:\/\/we.pb.edu.pl\/kfeits\/?s={search_term_string}\"},\"query-input\":{\"@type\":\"PropertyValueSpecification\",\"valueRequired\":true,\"valueName\":\"search_term_string\"}}],\"inLanguage\":\"pl-PL\"}]}<\/script>\n<!-- \/ Yoast SEO plugin. -->","yoast_head_json":{"title":"Materia\u0142y - Katedra Fotoniki, Elektroniki i Techniki \u015awietlnej","robots":{"index":"index","follow":"follow","max-snippet":"max-snippet:-1","max-image-preview":"max-image-preview:large","max-video-preview":"max-video-preview:-1"},"canonical":"https:\/\/we.pb.edu.pl\/kfeits\/w-sieci-rzeczy\/materialy\/","og_locale":"pl_PL","og_type":"article","og_title":"Materia\u0142y - Katedra Fotoniki, Elektroniki i Techniki \u015awietlnej","og_description":"&nbsp; W Kole Naukowym System\u00f3w Wbudowanych &#8222;W sieci rzeczy&#8221; w realizacji naszych projekt\u00f3w mo\u017cemy korzysta\u0107wi\u0119cej","og_url":"https:\/\/we.pb.edu.pl\/kfeits\/w-sieci-rzeczy\/materialy\/","og_site_name":"Katedra Fotoniki, Elektroniki i Techniki \u015awietlnej","article_modified_time":"2025-11-23T12:44:31+00:00","twitter_card":"summary_large_image","twitter_misc":{"Szacowany czas czytania":"5 minut"},"schema":{"@context":"https:\/\/schema.org","@graph":[{"@type":"WebPage","@id":"https:\/\/we.pb.edu.pl\/kfeits\/w-sieci-rzeczy\/materialy\/","url":"https:\/\/we.pb.edu.pl\/kfeits\/w-sieci-rzeczy\/materialy\/","name":"Materia\u0142y - Katedra Fotoniki, Elektroniki i Techniki \u015awietlnej","isPartOf":{"@id":"https:\/\/we.pb.edu.pl\/kfeits\/#website"},"datePublished":"2018-11-28T08:30:19+00:00","dateModified":"2025-11-23T12:44:31+00:00","breadcrumb":{"@id":"https:\/\/we.pb.edu.pl\/kfeits\/w-sieci-rzeczy\/materialy\/#breadcrumb"},"inLanguage":"pl-PL","potentialAction":[{"@type":"ReadAction","target":["https:\/\/we.pb.edu.pl\/kfeits\/w-sieci-rzeczy\/materialy\/"]}]},{"@type":"BreadcrumbList","@id":"https:\/\/we.pb.edu.pl\/kfeits\/w-sieci-rzeczy\/materialy\/#breadcrumb","itemListElement":[{"@type":"ListItem","position":1,"name":"Strona g\u0142\u00f3wna","item":"https:\/\/we.pb.edu.pl\/kfeits\/"},{"@type":"ListItem","position":2,"name":"Ko\u0142o Naukowe System\u00f3w Wbudowanych &#8222;W sieci rzeczy&#8221;","item":"https:\/\/we.pb.edu.pl\/kfeits\/w-sieci-rzeczy\/"},{"@type":"ListItem","position":3,"name":"Materia\u0142y"}]},{"@type":"WebSite","@id":"https:\/\/we.pb.edu.pl\/kfeits\/#website","url":"https:\/\/we.pb.edu.pl\/kfeits\/","name":"Katedra Fotoniki, Elektroniki i Techniki \u015awietlnej","description":"","potentialAction":[{"@type":"SearchAction","target":{"@type":"EntryPoint","urlTemplate":"https:\/\/we.pb.edu.pl\/kfeits\/?s={search_term_string}"},"query-input":{"@type":"PropertyValueSpecification","valueRequired":true,"valueName":"search_term_string"}}],"inLanguage":"pl-PL"}]}},"_links":{"self":[{"href":"https:\/\/we.pb.edu.pl\/kfeits\/wp-json\/wp\/v2\/pages\/813","targetHints":{"allow":["GET"]}}],"collection":[{"href":"https:\/\/we.pb.edu.pl\/kfeits\/wp-json\/wp\/v2\/pages"}],"about":[{"href":"https:\/\/we.pb.edu.pl\/kfeits\/wp-json\/wp\/v2\/types\/page"}],"author":[{"embeddable":true,"href":"https:\/\/we.pb.edu.pl\/kfeits\/wp-json\/wp\/v2\/users\/20"}],"replies":[{"embeddable":true,"href":"https:\/\/we.pb.edu.pl\/kfeits\/wp-json\/wp\/v2\/comments?post=813"}],"version-history":[{"count":35,"href":"https:\/\/we.pb.edu.pl\/kfeits\/wp-json\/wp\/v2\/pages\/813\/revisions"}],"predecessor-version":[{"id":6078,"href":"https:\/\/we.pb.edu.pl\/kfeits\/wp-json\/wp\/v2\/pages\/813\/revisions\/6078"}],"up":[{"embeddable":true,"href":"https:\/\/we.pb.edu.pl\/kfeits\/wp-json\/wp\/v2\/pages\/788"}],"wp:attachment":[{"href":"https:\/\/we.pb.edu.pl\/kfeits\/wp-json\/wp\/v2\/media?parent=813"}],"curies":[{"name":"wp","href":"https:\/\/api.w.org\/{rel}","templated":true}]}}