{"id":811,"date":"2018-11-28T09:29:56","date_gmt":"2018-11-28T08:29:56","guid":{"rendered":"https:\/\/we.pb.edu.pl\/ktiae\/?page_id=811"},"modified":"2025-11-23T13:34:40","modified_gmt":"2025-11-23T12:34:40","slug":"czlonkowie","status":"publish","type":"page","link":"https:\/\/we.pb.edu.pl\/kfeits\/w-sieci-rzeczy\/czlonkowie\/","title":{"rendered":"Cz\u0142onkowie"},"content":{"rendered":"<ul class=\"nav nav-pills\">\n<li><a href=\"\/kfeits\/w-sieci-rzeczy\/\"> Strona Ko\u0142a <\/a><\/li>\n<li><a href=\"\/kfeits\/w-sieci-rzeczy\/aktualnosci\/\"> Aktualno\u015bci <\/a><\/li>\n<li><a href=\"\/kfeits\/w-sieci-rzeczy\/czlonkowie\/\"> Cz\u0142onkowie <\/a><\/li>\n<li><a href=\"\/kfeits\/w-sieci-rzeczy\/materialy\/\"> Materia\u0142y <\/a><\/li>\n<li><a href=\"\/kfeits\/w-sieci-rzeczy\/projekty\/\"> Projekty <\/a><\/li>\n<li><a href=\"\/kfeits\/w-sieci-rzeczy\/warsztaty\/\"> Warsztaty <\/a><\/li>\n<li><a href=\"\/kfeits\/w-sieci-rzeczy\/partnerzy\/\"> Partnerzy <\/a><\/li>\n<li><a href=\"\/kfeits\/w-sieci-rzeczy\/kontakt\/\"> Kontakt<\/a><\/li>\n<\/ul>\n<hr \/>\n<p><strong>Prezes: <\/strong>Rafa\u0142 Androsiuk<\/p>\n<p>&nbsp;<\/p>\n<p><strong>Wiceprzewodnicz\u0105cy:<\/strong><\/p>\n<p>&nbsp;<\/p>\n<p><strong>Skarbnik:<\/strong><\/p>\n<p>&nbsp;<\/p>\n<p><strong>Cz\u0142onkowie:<\/strong><\/p>\n<p>&nbsp;<\/p>\n<p>&nbsp;<\/p>\n","protected":false},"excerpt":{"rendered":"<p>Prezes: Rafa\u0142 Androsiuk &nbsp; Wiceprzewodnicz\u0105cy: &nbsp; Skarbnik: &nbsp; Cz\u0142onkowie: &nbsp; &nbsp;<\/p>\n","protected":false},"author":20,"featured_media":0,"parent":788,"menu_order":0,"comment_status":"closed","ping_status":"closed","template":"","meta":{"inline_featured_image":false,"ngg_post_thumbnail":0,"footnotes":""},"class_list":["post-811","page","type-page","status-publish","hentry"],"acf":[],"yoast_head":"<!-- This site is optimized with the Yoast SEO plugin v26.4 - https:\/\/yoast.com\/wordpress\/plugins\/seo\/ -->\n<title>Cz\u0142onkowie - Katedra Fotoniki, Elektroniki i Techniki \u015awietlnej<\/title>\n<meta name=\"robots\" content=\"index, follow, max-snippet:-1, max-image-preview:large, max-video-preview:-1\" \/>\n<link rel=\"canonical\" href=\"https:\/\/we.pb.edu.pl\/kfeits\/w-sieci-rzeczy\/czlonkowie\/\" \/>\n<meta property=\"og:locale\" content=\"pl_PL\" \/>\n<meta property=\"og:type\" content=\"article\" \/>\n<meta property=\"og:title\" content=\"Cz\u0142onkowie - Katedra Fotoniki, Elektroniki i Techniki \u015awietlnej\" \/>\n<meta property=\"og:description\" content=\"Prezes: Rafa\u0142 Androsiuk &nbsp; Wiceprzewodnicz\u0105cy: &nbsp; Skarbnik: &nbsp; Cz\u0142onkowie: &nbsp; &nbsp;\" \/>\n<meta property=\"og:url\" content=\"https:\/\/we.pb.edu.pl\/kfeits\/w-sieci-rzeczy\/czlonkowie\/\" \/>\n<meta property=\"og:site_name\" content=\"Katedra Fotoniki, Elektroniki i Techniki \u015awietlnej\" \/>\n<meta property=\"article:modified_time\" content=\"2025-11-23T12:34:40+00:00\" \/>\n<meta name=\"twitter:card\" content=\"summary_large_image\" \/>\n<meta name=\"twitter:label1\" content=\"Szacowany czas czytania\" \/>\n\t<meta name=\"twitter:data1\" content=\"1 minuta\" \/>\n<script type=\"application\/ld+json\" class=\"yoast-schema-graph\">{\"@context\":\"https:\/\/schema.org\",\"@graph\":[{\"@type\":\"WebPage\",\"@id\":\"https:\/\/we.pb.edu.pl\/kfeits\/w-sieci-rzeczy\/czlonkowie\/\",\"url\":\"https:\/\/we.pb.edu.pl\/kfeits\/w-sieci-rzeczy\/czlonkowie\/\",\"name\":\"Cz\u0142onkowie - Katedra Fotoniki, Elektroniki i Techniki \u015awietlnej\",\"isPartOf\":{\"@id\":\"https:\/\/we.pb.edu.pl\/kfeits\/#website\"},\"datePublished\":\"2018-11-28T08:29:56+00:00\",\"dateModified\":\"2025-11-23T12:34:40+00:00\",\"breadcrumb\":{\"@id\":\"https:\/\/we.pb.edu.pl\/kfeits\/w-sieci-rzeczy\/czlonkowie\/#breadcrumb\"},\"inLanguage\":\"pl-PL\",\"potentialAction\":[{\"@type\":\"ReadAction\",\"target\":[\"https:\/\/we.pb.edu.pl\/kfeits\/w-sieci-rzeczy\/czlonkowie\/\"]}]},{\"@type\":\"BreadcrumbList\",\"@id\":\"https:\/\/we.pb.edu.pl\/kfeits\/w-sieci-rzeczy\/czlonkowie\/#breadcrumb\",\"itemListElement\":[{\"@type\":\"ListItem\",\"position\":1,\"name\":\"Strona g\u0142\u00f3wna\",\"item\":\"https:\/\/we.pb.edu.pl\/kfeits\/\"},{\"@type\":\"ListItem\",\"position\":2,\"name\":\"Ko\u0142o Naukowe System\u00f3w Wbudowanych &#8222;W sieci rzeczy&#8221;\",\"item\":\"https:\/\/we.pb.edu.pl\/kfeits\/w-sieci-rzeczy\/\"},{\"@type\":\"ListItem\",\"position\":3,\"name\":\"Cz\u0142onkowie\"}]},{\"@type\":\"WebSite\",\"@id\":\"https:\/\/we.pb.edu.pl\/kfeits\/#website\",\"url\":\"https:\/\/we.pb.edu.pl\/kfeits\/\",\"name\":\"Katedra Fotoniki, Elektroniki i Techniki \u015awietlnej\",\"description\":\"\",\"potentialAction\":[{\"@type\":\"SearchAction\",\"target\":{\"@type\":\"EntryPoint\",\"urlTemplate\":\"https:\/\/we.pb.edu.pl\/kfeits\/?s={search_term_string}\"},\"query-input\":{\"@type\":\"PropertyValueSpecification\",\"valueRequired\":true,\"valueName\":\"search_term_string\"}}],\"inLanguage\":\"pl-PL\"}]}<\/script>\n<!-- \/ Yoast SEO plugin. -->","yoast_head_json":{"title":"Cz\u0142onkowie - Katedra Fotoniki, Elektroniki i Techniki \u015awietlnej","robots":{"index":"index","follow":"follow","max-snippet":"max-snippet:-1","max-image-preview":"max-image-preview:large","max-video-preview":"max-video-preview:-1"},"canonical":"https:\/\/we.pb.edu.pl\/kfeits\/w-sieci-rzeczy\/czlonkowie\/","og_locale":"pl_PL","og_type":"article","og_title":"Cz\u0142onkowie - Katedra Fotoniki, Elektroniki i Techniki \u015awietlnej","og_description":"Prezes: Rafa\u0142 Androsiuk &nbsp; Wiceprzewodnicz\u0105cy: &nbsp; Skarbnik: &nbsp; Cz\u0142onkowie: &nbsp; &nbsp;","og_url":"https:\/\/we.pb.edu.pl\/kfeits\/w-sieci-rzeczy\/czlonkowie\/","og_site_name":"Katedra Fotoniki, Elektroniki i Techniki \u015awietlnej","article_modified_time":"2025-11-23T12:34:40+00:00","twitter_card":"summary_large_image","twitter_misc":{"Szacowany czas czytania":"1 minuta"},"schema":{"@context":"https:\/\/schema.org","@graph":[{"@type":"WebPage","@id":"https:\/\/we.pb.edu.pl\/kfeits\/w-sieci-rzeczy\/czlonkowie\/","url":"https:\/\/we.pb.edu.pl\/kfeits\/w-sieci-rzeczy\/czlonkowie\/","name":"Cz\u0142onkowie - Katedra Fotoniki, Elektroniki i Techniki \u015awietlnej","isPartOf":{"@id":"https:\/\/we.pb.edu.pl\/kfeits\/#website"},"datePublished":"2018-11-28T08:29:56+00:00","dateModified":"2025-11-23T12:34:40+00:00","breadcrumb":{"@id":"https:\/\/we.pb.edu.pl\/kfeits\/w-sieci-rzeczy\/czlonkowie\/#breadcrumb"},"inLanguage":"pl-PL","potentialAction":[{"@type":"ReadAction","target":["https:\/\/we.pb.edu.pl\/kfeits\/w-sieci-rzeczy\/czlonkowie\/"]}]},{"@type":"BreadcrumbList","@id":"https:\/\/we.pb.edu.pl\/kfeits\/w-sieci-rzeczy\/czlonkowie\/#breadcrumb","itemListElement":[{"@type":"ListItem","position":1,"name":"Strona g\u0142\u00f3wna","item":"https:\/\/we.pb.edu.pl\/kfeits\/"},{"@type":"ListItem","position":2,"name":"Ko\u0142o Naukowe System\u00f3w Wbudowanych &#8222;W sieci rzeczy&#8221;","item":"https:\/\/we.pb.edu.pl\/kfeits\/w-sieci-rzeczy\/"},{"@type":"ListItem","position":3,"name":"Cz\u0142onkowie"}]},{"@type":"WebSite","@id":"https:\/\/we.pb.edu.pl\/kfeits\/#website","url":"https:\/\/we.pb.edu.pl\/kfeits\/","name":"Katedra Fotoniki, Elektroniki i Techniki \u015awietlnej","description":"","potentialAction":[{"@type":"SearchAction","target":{"@type":"EntryPoint","urlTemplate":"https:\/\/we.pb.edu.pl\/kfeits\/?s={search_term_string}"},"query-input":{"@type":"PropertyValueSpecification","valueRequired":true,"valueName":"search_term_string"}}],"inLanguage":"pl-PL"}]}},"_links":{"self":[{"href":"https:\/\/we.pb.edu.pl\/kfeits\/wp-json\/wp\/v2\/pages\/811","targetHints":{"allow":["GET"]}}],"collection":[{"href":"https:\/\/we.pb.edu.pl\/kfeits\/wp-json\/wp\/v2\/pages"}],"about":[{"href":"https:\/\/we.pb.edu.pl\/kfeits\/wp-json\/wp\/v2\/types\/page"}],"author":[{"embeddable":true,"href":"https:\/\/we.pb.edu.pl\/kfeits\/wp-json\/wp\/v2\/users\/20"}],"replies":[{"embeddable":true,"href":"https:\/\/we.pb.edu.pl\/kfeits\/wp-json\/wp\/v2\/comments?post=811"}],"version-history":[{"count":13,"href":"https:\/\/we.pb.edu.pl\/kfeits\/wp-json\/wp\/v2\/pages\/811\/revisions"}],"predecessor-version":[{"id":6069,"href":"https:\/\/we.pb.edu.pl\/kfeits\/wp-json\/wp\/v2\/pages\/811\/revisions\/6069"}],"up":[{"embeddable":true,"href":"https:\/\/we.pb.edu.pl\/kfeits\/wp-json\/wp\/v2\/pages\/788"}],"wp:attachment":[{"href":"https:\/\/we.pb.edu.pl\/kfeits\/wp-json\/wp\/v2\/media?parent=811"}],"curies":[{"name":"wp","href":"https:\/\/api.w.org\/{rel}","templated":true}]}}