{"id":809,"date":"2018-11-28T09:29:17","date_gmt":"2018-11-28T08:29:17","guid":{"rendered":"https:\/\/we.pb.edu.pl\/ktiae\/?page_id=809"},"modified":"2025-11-23T13:35:41","modified_gmt":"2025-11-23T12:35:41","slug":"projekty","status":"publish","type":"page","link":"https:\/\/we.pb.edu.pl\/kfeits\/w-sieci-rzeczy\/projekty\/","title":{"rendered":"Projekty"},"content":{"rendered":"<ul class=\"nav nav-pills\">\n<li><a href=\"\/kfeits\/w-sieci-rzeczy\/\"> Strona Ko\u0142a <\/a><\/li>\n<li><a href=\"\/kfeits\/w-sieci-rzeczy\/aktualnosci\/\"> Aktualno\u015bci <\/a><\/li>\n<li><a href=\"\/kfeits\/w-sieci-rzeczy\/czlonkowie\/\"> Cz\u0142onkowie <\/a><\/li>\n<li><a href=\"\/kfeits\/w-sieci-rzeczy\/materialy\/\"> Materia\u0142y <\/a><\/li>\n<li><a href=\"\/kfeits\/w-sieci-rzeczy\/projekty\/\"> Projekty <\/a><\/li>\n<li><a href=\"\/kfeits\/w-sieci-rzeczy\/warsztaty\/\"> Warsztaty <\/a><\/li>\n<li><a href=\"\/kfeits\/w-sieci-rzeczy\/partnerzy\/\"> Partnerzy <\/a><\/li>\n<li><a href=\"\/kfeits\/w-sieci-rzeczy\/kontakt\/\"> Kontakt<\/a><\/li>\n<\/ul>\n<hr \/>\n<p>Projekt: &#8222;<strong>Por\u00f3wnanie metod generacji chmur punkt\u00f3w na potrzeby pojazd\u00f3w autonomicznych<\/strong>&#8221;<\/p>\n<p>Optyczne metody akwizycji 3D odgrywaj\u0105 kluczow\u0105 rol\u0119 w pojazdach autonomicznych, umo\u017cliwiaj\u0105c precyzyjne postrzeganie otoczenia oraz bezpieczn\u0105 i efektywn\u0105 jazd\u0119. W celu zwi\u0119kszenia poziomu autonomiczno\u015bci samochodu stosuje si\u0119 zaawansowane czujniki oraz skanery mog\u0105ce rejestrowa\u0107 otoczenie wok\u00f3\u0142 samochodu. Informacje o otoczeniu mog\u0105 by\u0107 przechowywane w tzw. chmurze punkt\u00f3w (ang. point cloud), kt\u00f3ra stanowi zbi\u00f3r punkt\u00f3w w przestrzeni tr\u00f3jwymiarowej (3D) i opisuje geometri\u0119 powierzchni obiekt\u00f3w lub przestrzeni. Ka\u017cdy punkt w chmurze posiada wsp\u00f3\u0142rz\u0119dne x,y,z, a czasem dodatkowe atrybuty, takie jak kolor, intensywno\u015b\u0107 odbitego \u015bwiat\u0142a czy czas rejestracji. W celu wyboru techniki generowania chmury punkt\u00f3w na potrzeby sterowania pojazdem autonomicznym cz\u0142onkowie Ko\u0142a Naukowego System\u00f3w Wbudowanych \u201eW sieci rzeczy\u201d podzielili si\u0119 na cztery zespo\u0142y. Ka\u017cdy z zespo\u0142\u00f3w zrealizowa\u0142 modu\u0142 generacji chmury punkt\u00f3w bazuj\u0105cy na innej metodzie pomiarowej. Wi\u0119cej informacji o poszczeg\u00f3lnych metodach generowania punkt\u00f3w mo\u017cna znale\u017a\u0107 w raporcie: <a href=\"https:\/\/box.biaman.pl\/seafhttp\/f\/4a3f5bbe9c1f498f9521\/?op=view\">Por\u00f3wnanie metod generacji chmur punkt\u00f3w na potrzeby pojazd\u00f3w autonomicznych.<\/a><\/p>\n<p>&nbsp;<\/p>\n<p>Projekt: &#8222;<strong>Cyfrowa Platforma Zdrowia M\u0142odzie\u017cy<\/strong>&#8221; (ang. Digital Youth Health Platform)<\/p>\n<p>Cyfrowa Platforma Zdrowia M\u0142odzie\u017cy to nazwa mi\u0119dzynarodowego projektu realizowanego w ramach programu Erasmus+. W jego realizacj\u0119 zaanga\u017cowane s\u0105 dwie uczelnie: Ankara Y\u0131ld\u0131r\u0131m Beyaz\u0131t \u00dcniversitesi (Turcja) jako lider projektu i Politechnika Bia\u0142ostocka, jako partner. Wspieraj\u0105 je r\u00f3wnie\u017c organizacje spo\u0142eczne: RESHA z siedzib\u0105 w belgijskim Berchem oraz tureckie: DGH-ARGE Yazilim Dani\u015fmanlik Enerji E\u011fitim \u0130n\u015f. San. Tic. Ltd. \u015eti. w Malatya oraz Digital Robotic Life w Van. Celem projektu jest opracowanie wirtualnego \u015brodowiska, kt\u00f3re \u0142\u0105czy specjalist\u00f3w udzielaj\u0105cych porad z dziedziny zdrowia, sportu czy \u017cywienia oraz u\u017cytkownik\u00f3w, do kt\u00f3rych te porady s\u0105 adresowane. Wiarygodno\u015b\u0107 specjalist\u00f3w sprawdzana jest na podstawie dostarczanych i weryfikowanych certyfikat\u00f3w. Docelowe grupy u\u017cytkownik\u00f3w platformy to: studenci, doktoranci, m\u0142odzie\u017c szkolna, lekarze specjali\u015bci, trenerzy, dietetycy, nauczyciele wychowania fizycznego, itp. Platforma umo\u017cliwia przeprowadzanie bezp\u0142atnych audiowizualnych konsultacji medycznych, a tak\u017ce realizacj\u0119 zdalnych spotka\u0144 z dietetykami czy z trenerami personalnymi. Platform\u0119 wyr\u00f3\u017cnia zaawansowany interfejs cz\u0142owiek-maszyna, w kt\u00f3rym algorytmy sztucznej inteligencji, oparte na sieciach neuronowych i g\u0142\u0119bokim uczeniu maszynowym, s\u0105 w stanie rozpoznawa\u0107, identyfikowa\u0107 i personalizowa\u0107 wybrane cechy u\u017cytkownik\u00f3w i tym samym wspomaga\u0107 prac\u0119 specjalist\u00f3w. Platforma umo\u017cliwia dost\u0119p dla zarejestrowanych u\u017cytkownik\u00f3w zar\u00f3wno z popularnych przegl\u0105darek internetowych (Opera, Microsoft Edge, Google Chrome, Mozilla Firefox) jak i aplikacji uruchamianych na urz\u0105dzeniach mobilnych. Do udzia\u0142u w projekcie zostali zaproszenie r\u00f3wnie\u017c cz\u0142onkowie Ko\u0142o naukowego &#8222;W sieci rzeczy&#8221;, kt\u00f3rzy pomagali w testowaniu funkcjonalno\u015bci aplikacji internetowej i mobilnej oraz zg\u0142aszali uwagi dotycz\u0105ce u\u017cyteczno\u015bci komponent\u00f3w realizowanej platformy. Wi\u0119cej o procesie testowania mo\u017cna przeczyta\u0107 w monografii z: <a href=\"https:\/\/pb.edu.pl\/oficyna-wydawnicza\/wp-content\/uploads\/sites\/4\/2024\/10\/Trzecia-Konferencja-Kol-Naukowych-w-ramach-Politechnicznej-Sieci-Via-Carpatia-.pdf\">Trzeciej Konferencji K\u00f3\u0142 Naukowych w ramach Politechnicznej Sieci Via Carpatia im. Prezydenta RP Lecha Kaczy\u0144skiego<\/a>.<\/p>\n<p>&nbsp;<\/p>\n<p>Projekt: &#8222;<strong>Analiza bitowej stopy b\u0142\u0119du w systemach transmisyjnych z kluczowaniem fazy<\/strong>&#8221;<\/p>\n<p>W ramach wsp\u00f3\u0142pracy z ko\u0142em, kt\u00f3rego opiekunem jest Prof. Goran T. Djordjevic, PhD (Faculty of Electronic Engineering Department of Telecommunications, University of Ni\u0161, Serbia) cz\u0142onkowie Naszego ko\u0142a przeprowadzili badania symulacyjne wp\u0142ywu zak\u0142\u00f3ce\u0144 na transmisj\u0119 sygna\u0142\u00f3w z zastosowaniem modulacji MPSK. Wi\u0119cej informacji mo\u017cna znale\u017a\u0107 w raporcie: <a href=\"https:\/\/box.biaman.pl\/seafhttp\/f\/a1cc0960ff134dde9e2d\/?op=view\">M-ary Phase Shift Keying \u2013 bit error rate performance GNU Radio experiments.<\/a><\/p>\n<p>&nbsp;<\/p>\n<p>Projekt: &#8222;<strong>Projekt sieci sensorowej do monitorowania stanu pasieki&#8221;<\/strong><\/p>\n<p>Zapewnienie odpowiednich warunk\u00f3w \u017cycia oraz rozwoju pszcz\u00f3\u0142, przy zmiennych i cz\u0119sto skrajnych warunkach atmosferycznych, jest wymagaj\u0105cym zadaniem. W ramach projektu stworzono system do pomiaru temperatury, wilgotno\u015bci, st\u0119\u017cenia CO2 wewn\u0105trz ula oraz pomiaru jego wagi oraz temperatury i wilgotno\u015bci otoczenia. G\u0142\u00f3wnym za\u0142o\u017ceniem pracy by\u0142o stworzenie struktury sieci sensorowej oraz w\u0119z\u0142a ko\u0144cowego umo\u017cliwiaj\u0105cych odbi\u00f3r i zapis danych pomiarowych. Podczas realizacji projektu skupiono si\u0119 r\u00f3wnie\u017c na zaprojektowaniu intuicyjnego interfejsu u\u017cytkownika pozwalaj\u0105cego na monitorowanie informacji gromadzonych w bazie danych i dost\u0119p do parametr\u00f3w \u015brodowiskowych ula w czasie rzeczywistym. Us\u0142ugi sieciowe zrealizowano z wykorzystaniem oprogramowania ChirpStack i aplikacji umo\u017cliwiaj\u0105cych magazynowanie, przetwarzanie i wizualizacj\u0119 danych za po\u015brednictwem us\u0142ug InfluxDB oraz Grafana.<\/p>\n<p>&nbsp;<\/p>\n<p>Projekt: <strong>&#8222;Prototypowa sie\u0107 sensorowa do badania jako\u015bci powietrza&#8221;<\/strong><\/p>\n<p>Zanieczyszczenie powietrza, jest jednym z wa\u017cniejszych problem\u00f3w, z kt\u00f3rym musz\u0105 mierzy\u0107 si\u0119 wsp\u00f3\u0142czesne spo\u0142ecze\u0144stwa. Wyst\u0119powanie niepo\u017c\u0105danych zwi\u0105zk\u00f3w chemicznych oraz py\u0142\u00f3w w atmosferze zagra\u017ca zdrowiu i \u017cyciu oddychaj\u0105cych nim ludzi. Jedn\u0105 z metod poprawiaj\u0105cych jako\u015bci powietrza jest ci\u0105g\u0142e kontrolowanie podstawowych parametry sk\u0142adu powietrza i szybkie wykrywanie \u017ar\u00f3de\u0142 zanieczyszcze\u0144. Monitorowanie powinno by\u0107 jednak realizowane na do\u015b\u0107 rozleg\u0142ym obszarze. Rozwi\u0105zaniem problemu mo\u017ce by\u0107 u\u017cycie technologii rozproszonej sieci sensor\u00f3w pomiarowych monitoruj\u0105cych stan powietrza i transmituj\u0105cych bezprzewodowo dane pomiarowe w spos\u00f3b ci\u0105g\u0142y.<\/p>\n<p>Celem projektu by\u0142o rozwi\u0105zanie problemu ci\u0105g\u0142ego monitorowania i okre\u015blania kierunku rozprzestrzeniania si\u0119 zanieczyszcze\u0144 powietrza poprzez wykorzystanie do tego celu systemu bazuj\u0105cego na sieci bezprzewodowych w\u0119z\u0142\u00f3w sensorowych. Wi\u0119cej informacji mo\u017cna znale\u017a\u0107 w raporcie: <a href=\"https:\/\/box.biaman.pl\/seafhttp\/f\/1ba5ce1393174b99823e\/?op=view\">sie\u0107 sensorowa do badania jako\u015bci powietrza<\/a>.<\/p>\n<p>&nbsp;<\/p>\n<p>Projekt: <strong>&#8222;Inteligentne Lustro&#8221;<\/strong><\/p>\n<p>Opracowali studenci dzia\u0142aj\u0105cy w Kole Naukowym System\u00f3w Wbudowanych &#8222;W sieci rzeczy&#8221; pod opiek\u0105 dr. in\u017c. Krzysztofa Konopko.<\/p>\n<p>Celem projektu by\u0142o wykonanie urz\u0105dzenia typu \u201einteligentne lustro\u201d. Opr\u00f3cz podstawowej funkcji odbijania obrazu urz\u0105dzenie posiada te\u017c wiele innych zastosowa\u0144. Mi\u0119dzy innymi:<\/p>\n<ul>\n<li>wy\u015bwietla informacje z lokalnych serwis\u00f3w internetowych,<\/li>\n<li>podaje rzeczywisty czas odjazdu autobus\u00f3w komunikacji miejskiej,<\/li>\n<li>prezentuje stopie\u0144 zanieczyszczenia powietrza,<\/li>\n<li>dzi\u0119ki komunikacji ze zdalnymi sensorami dostarcza tak\u017ce informacji \u015brodowiskowych.<\/li>\n<\/ul>\n<p>Sterowanie odbywa si\u0119 za pomoc\u0105 wydawanych g\u0142osem komend. Wi\u0119cej informacji mo\u017cna znale\u017a\u0107 w pliku: <a href=\"https:\/\/box.biaman.pl\/f\/61aacdcde8aa4c9086f2\/?dl=1\">inteligentne lustro.<\/a><\/p>\n<hr \/>\n<p>&nbsp;<\/p>\n","protected":false},"excerpt":{"rendered":"<p>Projekt: &#8222;Por\u00f3wnanie metod generacji chmur punkt\u00f3w na potrzeby pojazd\u00f3w autonomicznych&#8221; Optyczne metody akwizycji 3D odgrywaj\u0105<a class=\"read-more\" href=\"https:\/\/we.pb.edu.pl\/kfeits\/w-sieci-rzeczy\/projekty\/\" title=\"Poka\u017c artyku\u0142 Projekty\">wi\u0119cej<\/a><\/p>\n","protected":false},"author":20,"featured_media":0,"parent":788,"menu_order":0,"comment_status":"closed","ping_status":"closed","template":"","meta":{"inline_featured_image":false,"ngg_post_thumbnail":0,"footnotes":""},"class_list":["post-809","page","type-page","status-publish","hentry"],"acf":[],"yoast_head":"<!-- This site is optimized with the Yoast SEO plugin v26.4 - https:\/\/yoast.com\/wordpress\/plugins\/seo\/ -->\n<title>Projekty - Katedra Fotoniki, Elektroniki i Techniki \u015awietlnej<\/title>\n<meta name=\"robots\" content=\"index, follow, max-snippet:-1, max-image-preview:large, max-video-preview:-1\" \/>\n<link rel=\"canonical\" href=\"https:\/\/we.pb.edu.pl\/kfeits\/w-sieci-rzeczy\/projekty\/\" \/>\n<meta property=\"og:locale\" content=\"pl_PL\" \/>\n<meta property=\"og:type\" content=\"article\" \/>\n<meta property=\"og:title\" content=\"Projekty - Katedra Fotoniki, Elektroniki i Techniki \u015awietlnej\" \/>\n<meta property=\"og:description\" content=\"Projekt: &#8222;Por\u00f3wnanie metod generacji chmur punkt\u00f3w na potrzeby pojazd\u00f3w autonomicznych&#8221; Optyczne metody akwizycji 3D odgrywaj\u0105wi\u0119cej\" \/>\n<meta property=\"og:url\" content=\"https:\/\/we.pb.edu.pl\/kfeits\/w-sieci-rzeczy\/projekty\/\" \/>\n<meta property=\"og:site_name\" content=\"Katedra Fotoniki, Elektroniki i Techniki \u015awietlnej\" \/>\n<meta property=\"article:modified_time\" content=\"2025-11-23T12:35:41+00:00\" \/>\n<meta name=\"twitter:card\" content=\"summary_large_image\" \/>\n<meta name=\"twitter:label1\" content=\"Szacowany czas czytania\" \/>\n\t<meta name=\"twitter:data1\" content=\"5 minut\" \/>\n<script type=\"application\/ld+json\" class=\"yoast-schema-graph\">{\"@context\":\"https:\/\/schema.org\",\"@graph\":[{\"@type\":\"WebPage\",\"@id\":\"https:\/\/we.pb.edu.pl\/kfeits\/w-sieci-rzeczy\/projekty\/\",\"url\":\"https:\/\/we.pb.edu.pl\/kfeits\/w-sieci-rzeczy\/projekty\/\",\"name\":\"Projekty - Katedra Fotoniki, Elektroniki i Techniki \u015awietlnej\",\"isPartOf\":{\"@id\":\"https:\/\/we.pb.edu.pl\/kfeits\/#website\"},\"datePublished\":\"2018-11-28T08:29:17+00:00\",\"dateModified\":\"2025-11-23T12:35:41+00:00\",\"breadcrumb\":{\"@id\":\"https:\/\/we.pb.edu.pl\/kfeits\/w-sieci-rzeczy\/projekty\/#breadcrumb\"},\"inLanguage\":\"pl-PL\",\"potentialAction\":[{\"@type\":\"ReadAction\",\"target\":[\"https:\/\/we.pb.edu.pl\/kfeits\/w-sieci-rzeczy\/projekty\/\"]}]},{\"@type\":\"BreadcrumbList\",\"@id\":\"https:\/\/we.pb.edu.pl\/kfeits\/w-sieci-rzeczy\/projekty\/#breadcrumb\",\"itemListElement\":[{\"@type\":\"ListItem\",\"position\":1,\"name\":\"Strona g\u0142\u00f3wna\",\"item\":\"https:\/\/we.pb.edu.pl\/kfeits\/\"},{\"@type\":\"ListItem\",\"position\":2,\"name\":\"Ko\u0142o Naukowe System\u00f3w Wbudowanych &#8222;W sieci rzeczy&#8221;\",\"item\":\"https:\/\/we.pb.edu.pl\/kfeits\/w-sieci-rzeczy\/\"},{\"@type\":\"ListItem\",\"position\":3,\"name\":\"Projekty\"}]},{\"@type\":\"WebSite\",\"@id\":\"https:\/\/we.pb.edu.pl\/kfeits\/#website\",\"url\":\"https:\/\/we.pb.edu.pl\/kfeits\/\",\"name\":\"Katedra Fotoniki, Elektroniki i Techniki \u015awietlnej\",\"description\":\"\",\"potentialAction\":[{\"@type\":\"SearchAction\",\"target\":{\"@type\":\"EntryPoint\",\"urlTemplate\":\"https:\/\/we.pb.edu.pl\/kfeits\/?s={search_term_string}\"},\"query-input\":{\"@type\":\"PropertyValueSpecification\",\"valueRequired\":true,\"valueName\":\"search_term_string\"}}],\"inLanguage\":\"pl-PL\"}]}<\/script>\n<!-- \/ Yoast SEO plugin. -->","yoast_head_json":{"title":"Projekty - Katedra Fotoniki, Elektroniki i Techniki \u015awietlnej","robots":{"index":"index","follow":"follow","max-snippet":"max-snippet:-1","max-image-preview":"max-image-preview:large","max-video-preview":"max-video-preview:-1"},"canonical":"https:\/\/we.pb.edu.pl\/kfeits\/w-sieci-rzeczy\/projekty\/","og_locale":"pl_PL","og_type":"article","og_title":"Projekty - Katedra Fotoniki, Elektroniki i Techniki \u015awietlnej","og_description":"Projekt: &#8222;Por\u00f3wnanie metod generacji chmur punkt\u00f3w na potrzeby pojazd\u00f3w autonomicznych&#8221; Optyczne metody akwizycji 3D odgrywaj\u0105wi\u0119cej","og_url":"https:\/\/we.pb.edu.pl\/kfeits\/w-sieci-rzeczy\/projekty\/","og_site_name":"Katedra Fotoniki, Elektroniki i Techniki \u015awietlnej","article_modified_time":"2025-11-23T12:35:41+00:00","twitter_card":"summary_large_image","twitter_misc":{"Szacowany czas czytania":"5 minut"},"schema":{"@context":"https:\/\/schema.org","@graph":[{"@type":"WebPage","@id":"https:\/\/we.pb.edu.pl\/kfeits\/w-sieci-rzeczy\/projekty\/","url":"https:\/\/we.pb.edu.pl\/kfeits\/w-sieci-rzeczy\/projekty\/","name":"Projekty - Katedra Fotoniki, Elektroniki i Techniki \u015awietlnej","isPartOf":{"@id":"https:\/\/we.pb.edu.pl\/kfeits\/#website"},"datePublished":"2018-11-28T08:29:17+00:00","dateModified":"2025-11-23T12:35:41+00:00","breadcrumb":{"@id":"https:\/\/we.pb.edu.pl\/kfeits\/w-sieci-rzeczy\/projekty\/#breadcrumb"},"inLanguage":"pl-PL","potentialAction":[{"@type":"ReadAction","target":["https:\/\/we.pb.edu.pl\/kfeits\/w-sieci-rzeczy\/projekty\/"]}]},{"@type":"BreadcrumbList","@id":"https:\/\/we.pb.edu.pl\/kfeits\/w-sieci-rzeczy\/projekty\/#breadcrumb","itemListElement":[{"@type":"ListItem","position":1,"name":"Strona g\u0142\u00f3wna","item":"https:\/\/we.pb.edu.pl\/kfeits\/"},{"@type":"ListItem","position":2,"name":"Ko\u0142o Naukowe System\u00f3w Wbudowanych &#8222;W sieci rzeczy&#8221;","item":"https:\/\/we.pb.edu.pl\/kfeits\/w-sieci-rzeczy\/"},{"@type":"ListItem","position":3,"name":"Projekty"}]},{"@type":"WebSite","@id":"https:\/\/we.pb.edu.pl\/kfeits\/#website","url":"https:\/\/we.pb.edu.pl\/kfeits\/","name":"Katedra Fotoniki, Elektroniki i Techniki \u015awietlnej","description":"","potentialAction":[{"@type":"SearchAction","target":{"@type":"EntryPoint","urlTemplate":"https:\/\/we.pb.edu.pl\/kfeits\/?s={search_term_string}"},"query-input":{"@type":"PropertyValueSpecification","valueRequired":true,"valueName":"search_term_string"}}],"inLanguage":"pl-PL"}]}},"_links":{"self":[{"href":"https:\/\/we.pb.edu.pl\/kfeits\/wp-json\/wp\/v2\/pages\/809","targetHints":{"allow":["GET"]}}],"collection":[{"href":"https:\/\/we.pb.edu.pl\/kfeits\/wp-json\/wp\/v2\/pages"}],"about":[{"href":"https:\/\/we.pb.edu.pl\/kfeits\/wp-json\/wp\/v2\/types\/page"}],"author":[{"embeddable":true,"href":"https:\/\/we.pb.edu.pl\/kfeits\/wp-json\/wp\/v2\/users\/20"}],"replies":[{"embeddable":true,"href":"https:\/\/we.pb.edu.pl\/kfeits\/wp-json\/wp\/v2\/comments?post=809"}],"version-history":[{"count":15,"href":"https:\/\/we.pb.edu.pl\/kfeits\/wp-json\/wp\/v2\/pages\/809\/revisions"}],"predecessor-version":[{"id":6074,"href":"https:\/\/we.pb.edu.pl\/kfeits\/wp-json\/wp\/v2\/pages\/809\/revisions\/6074"}],"up":[{"embeddable":true,"href":"https:\/\/we.pb.edu.pl\/kfeits\/wp-json\/wp\/v2\/pages\/788"}],"wp:attachment":[{"href":"https:\/\/we.pb.edu.pl\/kfeits\/wp-json\/wp\/v2\/media?parent=809"}],"curies":[{"name":"wp","href":"https:\/\/api.w.org\/{rel}","templated":true}]}}