{"id":803,"date":"2018-11-28T09:15:25","date_gmt":"2018-11-28T08:15:25","guid":{"rendered":"https:\/\/we.pb.edu.pl\/ktiae\/?page_id=803"},"modified":"2026-03-17T13:57:04","modified_gmt":"2026-03-17T12:57:04","slug":"aktualnosci","status":"publish","type":"page","link":"https:\/\/we.pb.edu.pl\/kfeits\/w-sieci-rzeczy\/aktualnosci\/","title":{"rendered":"Aktualno\u015bci"},"content":{"rendered":"<ul class=\"nav nav-pills\">\n<li><a href=\"\/kfeits\/w-sieci-rzeczy\/\"> Strona Ko\u0142a <\/a><\/li>\n<li><a href=\"\/kfeits\/w-sieci-rzeczy\/aktualnosci\/\"> Aktualno\u015bci <\/a><\/li>\n<li><a href=\"\/kfeits\/w-sieci-rzeczy\/czlonkowie\/\"> Cz\u0142onkowie <\/a><\/li>\n<li><a href=\"\/kfeits\/w-sieci-rzeczy\/materialy\/\"> Materia\u0142y <\/a><\/li>\n<li><a href=\"\/kfeits\/w-sieci-rzeczy\/projekty\/\"> Projekty <\/a><\/li>\n<li><a href=\"\/kfeits\/w-sieci-rzeczy\/warsztaty\/\"> Warsztaty <\/a><\/li>\n<li><a href=\"\/kfeits\/w-sieci-rzeczy\/partnerzy\/\"> Partnerzy <\/a><\/li>\n<li><a href=\"\/kfeits\/w-sieci-rzeczy\/kontakt\/\"> Kontakt<\/a><\/li>\n<\/ul>\n<hr \/>\n<p>Korzystanie z Laboratorium Studenckich K\u00f3\u0142 Naukowych w sali WE-210:<\/p>\n<ul>\n<li><a href=\"https:\/\/box.biaman.pl\/f\/e35e9f370dce4c008f73\/?raw=1&amp;ext=.pdf\">Regulamin Laboratorium Studenckich K\u00f3\u0142 Naukowych<\/a><\/li>\n<li><a href=\"https:\/\/box.biaman.pl\/f\/8f68d436ab2a4087bca4\/?raw=1&amp;ext=.pdf\">Monitoring sali informacja rodo<\/a><\/li>\n<\/ul>\n<hr \/>\n<p><strong>Pomorskiego Turnieju Robot\u00f3w \u2013 Robothon 2026<\/strong><\/p>\n[13 marca 2026]\n<p>W trakcie rozgrywanego w S\u0142upsku <strong>Pomorskiego Turnieju Robot\u00f3w \u2013 Robothon 2026<\/strong> robot skonstruowany przez cz\u0142onk\u00f3w Ko\u0142a Naukowego &#8222;W sieci rzeczy&#8221; zwyci\u0119\u017cy\u0142 w kategorii Line Follower Standard. Zwyci\u0119ski przejazd mo\u017cna obejrze\u0107 <a href=\"https:\/\/box.biaman.pl\/seafhttp\/f\/b646c3f9ce53431da910\/?op=view\">tu<\/a>. Konstruktorom serdecznie gratulujemy :).<\/p>\n<p><strong>III Og\u00f3lnopolski Konkurs Robotyczny RobON 2025 <\/strong><\/p>\n[13 grudnia 2025]\n<p>W trakcie rozgrywanego w Kor\u015bnie III Og\u00f3lnopolskiego Konkursu Robotycznego <a href=\"https:\/\/pans.krosno.pl\/robon\/\">RobON 2025<\/a> robot skonstruowany przez cz\u0142onk\u00f3w Ko\u0142a Naukowego &#8222;W sieci rzeczy&#8221; zwyci\u0119\u017cy\u0142 w kategorii Line Follower. Zwyci\u0119ski przejazd mo\u017cna obejrze\u0107 <a href=\"https:\/\/box.biaman.pl\/seafhttp\/f\/26f9966ab9cb425ab6aa\/?op=view\">tu<\/a>. Konstruktorom serdecznie gratulujemy :).<\/p>\n<p><strong>Dzie\u0144 Otwarty PB<\/strong><\/p>\n[17 marca 2025]\n<p>Zapraszamy wszystkich ch\u0119tnych na odwiedzenie stanowiska Naszego ko\u0142a, kt\u00f3re b\u0119dzie prezentowane podczas <a href=\"https:\/\/dni.pb.edu.pl\/\">dni otwartych PB<\/a>. Ko\u0142o &#8222;w sieci rzeczy&#8221; b\u0119dzie reprezentowa\u0142o ko\u0142a z Wydzia\u0142u Elektrycznego na imprezie zorganizowanej w budynku Centrum Nowoczesnego Kszta\u0142cenia PB.\u00a0 Serdecznie zapraszamy \ud83d\ude42<\/p>\n","protected":false},"excerpt":{"rendered":"<p>Korzystanie z Laboratorium Studenckich K\u00f3\u0142 Naukowych w sali WE-210: Regulamin Laboratorium Studenckich K\u00f3\u0142 Naukowych Monitoring<a class=\"read-more\" href=\"https:\/\/we.pb.edu.pl\/kfeits\/w-sieci-rzeczy\/aktualnosci\/\" title=\"Poka\u017c artyku\u0142 Aktualno\u015bci\">wi\u0119cej<\/a><\/p>\n","protected":false},"author":20,"featured_media":0,"parent":788,"menu_order":0,"comment_status":"closed","ping_status":"closed","template":"","meta":{"inline_featured_image":false,"ngg_post_thumbnail":0,"footnotes":""},"class_list":["post-803","page","type-page","status-publish","hentry"],"acf":[],"yoast_head":"<!-- This site is optimized with the Yoast SEO plugin v26.4 - https:\/\/yoast.com\/wordpress\/plugins\/seo\/ -->\n<title>Aktualno\u015bci - Katedra Fotoniki, Elektroniki i Techniki \u015awietlnej<\/title>\n<meta name=\"robots\" content=\"index, follow, max-snippet:-1, max-image-preview:large, max-video-preview:-1\" \/>\n<link rel=\"canonical\" href=\"https:\/\/we.pb.edu.pl\/kfeits\/w-sieci-rzeczy\/aktualnosci\/\" \/>\n<meta property=\"og:locale\" content=\"pl_PL\" \/>\n<meta property=\"og:type\" content=\"article\" \/>\n<meta property=\"og:title\" content=\"Aktualno\u015bci - Katedra Fotoniki, Elektroniki i Techniki \u015awietlnej\" \/>\n<meta property=\"og:description\" content=\"Korzystanie z Laboratorium Studenckich K\u00f3\u0142 Naukowych w sali WE-210: Regulamin Laboratorium Studenckich K\u00f3\u0142 Naukowych Monitoringwi\u0119cej\" \/>\n<meta property=\"og:url\" content=\"https:\/\/we.pb.edu.pl\/kfeits\/w-sieci-rzeczy\/aktualnosci\/\" \/>\n<meta property=\"og:site_name\" content=\"Katedra Fotoniki, Elektroniki i Techniki \u015awietlnej\" \/>\n<meta property=\"article:modified_time\" content=\"2026-03-17T12:57:04+00:00\" \/>\n<meta name=\"twitter:card\" content=\"summary_large_image\" \/>\n<meta name=\"twitter:label1\" content=\"Szacowany czas czytania\" \/>\n\t<meta name=\"twitter:data1\" content=\"2 minuty\" \/>\n<script type=\"application\/ld+json\" class=\"yoast-schema-graph\">{\"@context\":\"https:\/\/schema.org\",\"@graph\":[{\"@type\":\"WebPage\",\"@id\":\"https:\/\/we.pb.edu.pl\/kfeits\/w-sieci-rzeczy\/aktualnosci\/\",\"url\":\"https:\/\/we.pb.edu.pl\/kfeits\/w-sieci-rzeczy\/aktualnosci\/\",\"name\":\"Aktualno\u015bci - Katedra Fotoniki, Elektroniki i Techniki \u015awietlnej\",\"isPartOf\":{\"@id\":\"https:\/\/we.pb.edu.pl\/kfeits\/#website\"},\"datePublished\":\"2018-11-28T08:15:25+00:00\",\"dateModified\":\"2026-03-17T12:57:04+00:00\",\"breadcrumb\":{\"@id\":\"https:\/\/we.pb.edu.pl\/kfeits\/w-sieci-rzeczy\/aktualnosci\/#breadcrumb\"},\"inLanguage\":\"pl-PL\",\"potentialAction\":[{\"@type\":\"ReadAction\",\"target\":[\"https:\/\/we.pb.edu.pl\/kfeits\/w-sieci-rzeczy\/aktualnosci\/\"]}]},{\"@type\":\"BreadcrumbList\",\"@id\":\"https:\/\/we.pb.edu.pl\/kfeits\/w-sieci-rzeczy\/aktualnosci\/#breadcrumb\",\"itemListElement\":[{\"@type\":\"ListItem\",\"position\":1,\"name\":\"Strona g\u0142\u00f3wna\",\"item\":\"https:\/\/we.pb.edu.pl\/kfeits\/\"},{\"@type\":\"ListItem\",\"position\":2,\"name\":\"Ko\u0142o Naukowe System\u00f3w Wbudowanych &#8222;W sieci rzeczy&#8221;\",\"item\":\"https:\/\/we.pb.edu.pl\/kfeits\/w-sieci-rzeczy\/\"},{\"@type\":\"ListItem\",\"position\":3,\"name\":\"Aktualno\u015bci\"}]},{\"@type\":\"WebSite\",\"@id\":\"https:\/\/we.pb.edu.pl\/kfeits\/#website\",\"url\":\"https:\/\/we.pb.edu.pl\/kfeits\/\",\"name\":\"Katedra Fotoniki, Elektroniki i Techniki \u015awietlnej\",\"description\":\"\",\"potentialAction\":[{\"@type\":\"SearchAction\",\"target\":{\"@type\":\"EntryPoint\",\"urlTemplate\":\"https:\/\/we.pb.edu.pl\/kfeits\/?s={search_term_string}\"},\"query-input\":{\"@type\":\"PropertyValueSpecification\",\"valueRequired\":true,\"valueName\":\"search_term_string\"}}],\"inLanguage\":\"pl-PL\"}]}<\/script>\n<!-- \/ Yoast SEO plugin. -->","yoast_head_json":{"title":"Aktualno\u015bci - Katedra Fotoniki, Elektroniki i Techniki \u015awietlnej","robots":{"index":"index","follow":"follow","max-snippet":"max-snippet:-1","max-image-preview":"max-image-preview:large","max-video-preview":"max-video-preview:-1"},"canonical":"https:\/\/we.pb.edu.pl\/kfeits\/w-sieci-rzeczy\/aktualnosci\/","og_locale":"pl_PL","og_type":"article","og_title":"Aktualno\u015bci - Katedra Fotoniki, Elektroniki i Techniki \u015awietlnej","og_description":"Korzystanie z Laboratorium Studenckich K\u00f3\u0142 Naukowych w sali WE-210: Regulamin Laboratorium Studenckich K\u00f3\u0142 Naukowych Monitoringwi\u0119cej","og_url":"https:\/\/we.pb.edu.pl\/kfeits\/w-sieci-rzeczy\/aktualnosci\/","og_site_name":"Katedra Fotoniki, Elektroniki i Techniki \u015awietlnej","article_modified_time":"2026-03-17T12:57:04+00:00","twitter_card":"summary_large_image","twitter_misc":{"Szacowany czas czytania":"2 minuty"},"schema":{"@context":"https:\/\/schema.org","@graph":[{"@type":"WebPage","@id":"https:\/\/we.pb.edu.pl\/kfeits\/w-sieci-rzeczy\/aktualnosci\/","url":"https:\/\/we.pb.edu.pl\/kfeits\/w-sieci-rzeczy\/aktualnosci\/","name":"Aktualno\u015bci - Katedra Fotoniki, Elektroniki i Techniki \u015awietlnej","isPartOf":{"@id":"https:\/\/we.pb.edu.pl\/kfeits\/#website"},"datePublished":"2018-11-28T08:15:25+00:00","dateModified":"2026-03-17T12:57:04+00:00","breadcrumb":{"@id":"https:\/\/we.pb.edu.pl\/kfeits\/w-sieci-rzeczy\/aktualnosci\/#breadcrumb"},"inLanguage":"pl-PL","potentialAction":[{"@type":"ReadAction","target":["https:\/\/we.pb.edu.pl\/kfeits\/w-sieci-rzeczy\/aktualnosci\/"]}]},{"@type":"BreadcrumbList","@id":"https:\/\/we.pb.edu.pl\/kfeits\/w-sieci-rzeczy\/aktualnosci\/#breadcrumb","itemListElement":[{"@type":"ListItem","position":1,"name":"Strona g\u0142\u00f3wna","item":"https:\/\/we.pb.edu.pl\/kfeits\/"},{"@type":"ListItem","position":2,"name":"Ko\u0142o Naukowe System\u00f3w Wbudowanych &#8222;W sieci rzeczy&#8221;","item":"https:\/\/we.pb.edu.pl\/kfeits\/w-sieci-rzeczy\/"},{"@type":"ListItem","position":3,"name":"Aktualno\u015bci"}]},{"@type":"WebSite","@id":"https:\/\/we.pb.edu.pl\/kfeits\/#website","url":"https:\/\/we.pb.edu.pl\/kfeits\/","name":"Katedra Fotoniki, Elektroniki i Techniki \u015awietlnej","description":"","potentialAction":[{"@type":"SearchAction","target":{"@type":"EntryPoint","urlTemplate":"https:\/\/we.pb.edu.pl\/kfeits\/?s={search_term_string}"},"query-input":{"@type":"PropertyValueSpecification","valueRequired":true,"valueName":"search_term_string"}}],"inLanguage":"pl-PL"}]}},"_links":{"self":[{"href":"https:\/\/we.pb.edu.pl\/kfeits\/wp-json\/wp\/v2\/pages\/803","targetHints":{"allow":["GET"]}}],"collection":[{"href":"https:\/\/we.pb.edu.pl\/kfeits\/wp-json\/wp\/v2\/pages"}],"about":[{"href":"https:\/\/we.pb.edu.pl\/kfeits\/wp-json\/wp\/v2\/types\/page"}],"author":[{"embeddable":true,"href":"https:\/\/we.pb.edu.pl\/kfeits\/wp-json\/wp\/v2\/users\/20"}],"replies":[{"embeddable":true,"href":"https:\/\/we.pb.edu.pl\/kfeits\/wp-json\/wp\/v2\/comments?post=803"}],"version-history":[{"count":20,"href":"https:\/\/we.pb.edu.pl\/kfeits\/wp-json\/wp\/v2\/pages\/803\/revisions"}],"predecessor-version":[{"id":6314,"href":"https:\/\/we.pb.edu.pl\/kfeits\/wp-json\/wp\/v2\/pages\/803\/revisions\/6314"}],"up":[{"embeddable":true,"href":"https:\/\/we.pb.edu.pl\/kfeits\/wp-json\/wp\/v2\/pages\/788"}],"wp:attachment":[{"href":"https:\/\/we.pb.edu.pl\/kfeits\/wp-json\/wp\/v2\/media?parent=803"}],"curies":[{"name":"wp","href":"https:\/\/api.w.org\/{rel}","templated":true}]}}