{"id":779,"date":"2018-11-20T19:03:36","date_gmt":"2018-11-20T18:03:36","guid":{"rendered":"https:\/\/we.pb.edu.pl\/ktiae\/?page_id=779"},"modified":"2022-10-12T07:11:50","modified_gmt":"2022-10-12T05:11:50","slug":"elektroniczna-aparatura-pomiarowa","status":"publish","type":"page","link":"https:\/\/we.pb.edu.pl\/kfeits\/maciej-sadowski\/elektroniczna-aparatura-pomiarowa\/","title":{"rendered":"TS2E200016 Elektroniczna Aparatura Pomiarowa,"},"content":{"rendered":"<p style=\"text-align: center\"><span style=\"font-size: 14pt\"><strong>Elektroniczna Aparatura Pomiarowa TS2E200016<\/strong><\/span><\/p>\n<p>&nbsp;<\/p>\n<p style=\"text-align: center\">WYK\u0141AD<\/p>\n<p>Wyk\u0142ad odbywa si\u0119 we wtorki w godz. 14.15-16.45 w sali WE-244 w ci\u0105gu pierwszych pi\u0119ciu tygodni semestru<\/p>\n<p>Zaliczenie: zaliczenie ustne &#8211; metody rozwi\u0105zania wybranych problem\u00f3w pomiarowych.<\/p>\n<p>&nbsp;<\/p>\n<p><strong>Materia\u0142y pomocnicze do wyk\u0142adu<\/strong><\/p>\n<p><a href=\"https:\/\/box.biaman.pl\/f\/fc93d15bd878467086f2\/\">W01<\/a><\/p>\n<p><a href=\"https:\/\/box.biaman.pl\/f\/97fcf74e5fa34e8e8694\/\">W02<\/a><\/p>\n<p>W03<\/p>\n<p>W04<\/p>\n<p>&nbsp;<\/p>\n<p><strong>Literatura dodatkowa<\/strong><\/p>\n<ol>\n<li><a href=\"https:\/\/box.biaman.pl\/f\/2fa83c31ed1d4cb8a7d6\/\">VNA<\/a><\/li>\n<li><a href=\"https:\/\/box.biaman.pl\/f\/11524362e5ef468194e6\/\">Wprowadzenie do pomiar\u00f3w za pomoc\u0105 VNA<\/a><\/li>\n<li><a href=\"https:\/\/box.biaman.pl\/f\/ffc2b3bbfb004e268268\/\">Spectrum Analyzer<\/a><\/li>\n<li>Analizatory widma czasu rzeczywistego RTA<\/li>\n<\/ol>\n<p><strong>Do poczytania<\/strong><\/p>\n<p>pomiary p\u00f3l elektromagnetycznych w Krakowie: http:\/\/krakow.pl\/start\/225961,artykul,pomiary_ekspozymetrem_pem_w_krakowie.html<\/p>\n<p>&nbsp;<\/p>\n<p><strong>Zaliczenie<\/strong><\/p>\n<p><a href=\"https:\/\/box.biaman.pl\/f\/32119e5059ae41f9ae11\/\">Materia\u0142y na zaliczenie &#8211; problemy<\/a><\/p>\n<p>&nbsp;<\/p>\n<p>&nbsp;<\/p>\n<p style=\"text-align: center\">LABORATORIUM<\/p>\n<p>Instrukcje laboratoryjne<\/p>\n<p><a href=\"https:\/\/box.biaman.pl\/f\/f36c35cfc55344ada491\/?dl=1\">Lab.1<\/a><\/p>\n<p><a href=\"https:\/\/box.biaman.pl\/f\/6cf5450b80444b188cc1\/?dl=1\">Lab.2<\/a><\/p>\n<p><a href=\"https:\/\/box.biaman.pl\/f\/feb390a2a2cb4479b1cd\/?dl=1\">Lab.3<\/a><\/p>\n<p>Lab.4<\/p>\n<p>Lab.5<\/p>\n<p>Lab.6<\/p>\n<p>&nbsp;<\/p>\n<p><a href=\"https:\/\/box.biaman.pl\/f\/fe8a72cfd9bd411e9bb7\/?dl=1\">grafik<\/a><\/p>\n<p>&nbsp;<\/p>\n<p>Studenci wykonuj\u0105 z laboratorium sprawozdanie w postaci elektronicznej i wysy\u0142aj\u0105 na skrzynk\u0119 pocztow\u0105: m.sadowski@pb.edu.pl<\/p>\n","protected":false},"excerpt":{"rendered":"<p>Elektroniczna Aparatura Pomiarowa TS2E200016 &nbsp; WYK\u0141AD Wyk\u0142ad odbywa si\u0119 we wtorki w godz. 14.15-16.45 w<a class=\"read-more\" href=\"https:\/\/we.pb.edu.pl\/kfeits\/maciej-sadowski\/elektroniczna-aparatura-pomiarowa\/\" title=\"Poka\u017c artyku\u0142 TS2E200016 Elektroniczna Aparatura Pomiarowa,\">wi\u0119cej<\/a><\/p>\n","protected":false},"author":21,"featured_media":0,"parent":528,"menu_order":0,"comment_status":"closed","ping_status":"closed","template":"","meta":{"inline_featured_image":false,"ngg_post_thumbnail":0,"footnotes":""},"class_list":["post-779","page","type-page","status-publish","hentry"],"acf":[],"yoast_head":"<!-- This site is optimized with the Yoast SEO plugin v26.4 - https:\/\/yoast.com\/wordpress\/plugins\/seo\/ -->\n<title>TS2E200016 Elektroniczna Aparatura Pomiarowa, - Katedra Fotoniki, Elektroniki i Techniki \u015awietlnej<\/title>\n<meta name=\"robots\" content=\"index, follow, max-snippet:-1, max-image-preview:large, max-video-preview:-1\" \/>\n<link rel=\"canonical\" href=\"https:\/\/we.pb.edu.pl\/kfeits\/maciej-sadowski\/elektroniczna-aparatura-pomiarowa\/\" \/>\n<meta property=\"og:locale\" content=\"pl_PL\" \/>\n<meta property=\"og:type\" content=\"article\" \/>\n<meta property=\"og:title\" content=\"TS2E200016 Elektroniczna Aparatura Pomiarowa, - Katedra Fotoniki, Elektroniki i Techniki \u015awietlnej\" \/>\n<meta property=\"og:description\" content=\"Elektroniczna Aparatura Pomiarowa TS2E200016 &nbsp; WYK\u0141AD Wyk\u0142ad odbywa si\u0119 we wtorki w godz. 14.15-16.45 wwi\u0119cej\" \/>\n<meta property=\"og:url\" content=\"https:\/\/we.pb.edu.pl\/kfeits\/maciej-sadowski\/elektroniczna-aparatura-pomiarowa\/\" \/>\n<meta property=\"og:site_name\" content=\"Katedra Fotoniki, Elektroniki i Techniki \u015awietlnej\" \/>\n<meta property=\"article:modified_time\" content=\"2022-10-12T05:11:50+00:00\" \/>\n<meta name=\"twitter:card\" content=\"summary_large_image\" \/>\n<meta name=\"twitter:label1\" content=\"Szacowany czas czytania\" \/>\n\t<meta name=\"twitter:data1\" content=\"1 minuta\" \/>\n<script type=\"application\/ld+json\" class=\"yoast-schema-graph\">{\"@context\":\"https:\/\/schema.org\",\"@graph\":[{\"@type\":\"WebPage\",\"@id\":\"https:\/\/we.pb.edu.pl\/kfeits\/maciej-sadowski\/elektroniczna-aparatura-pomiarowa\/\",\"url\":\"https:\/\/we.pb.edu.pl\/kfeits\/maciej-sadowski\/elektroniczna-aparatura-pomiarowa\/\",\"name\":\"TS2E200016 Elektroniczna Aparatura Pomiarowa, - Katedra Fotoniki, Elektroniki i Techniki \u015awietlnej\",\"isPartOf\":{\"@id\":\"https:\/\/we.pb.edu.pl\/kfeits\/#website\"},\"datePublished\":\"2018-11-20T18:03:36+00:00\",\"dateModified\":\"2022-10-12T05:11:50+00:00\",\"breadcrumb\":{\"@id\":\"https:\/\/we.pb.edu.pl\/kfeits\/maciej-sadowski\/elektroniczna-aparatura-pomiarowa\/#breadcrumb\"},\"inLanguage\":\"pl-PL\",\"potentialAction\":[{\"@type\":\"ReadAction\",\"target\":[\"https:\/\/we.pb.edu.pl\/kfeits\/maciej-sadowski\/elektroniczna-aparatura-pomiarowa\/\"]}]},{\"@type\":\"BreadcrumbList\",\"@id\":\"https:\/\/we.pb.edu.pl\/kfeits\/maciej-sadowski\/elektroniczna-aparatura-pomiarowa\/#breadcrumb\",\"itemListElement\":[{\"@type\":\"ListItem\",\"position\":1,\"name\":\"Strona g\u0142\u00f3wna\",\"item\":\"https:\/\/we.pb.edu.pl\/kfeits\/\"},{\"@type\":\"ListItem\",\"position\":2,\"name\":\"dr in\u017c. Maciej Sadowski\",\"item\":\"https:\/\/we.pb.edu.pl\/kfeits\/maciej-sadowski\/\"},{\"@type\":\"ListItem\",\"position\":3,\"name\":\"TS2E200016 Elektroniczna Aparatura Pomiarowa,\"}]},{\"@type\":\"WebSite\",\"@id\":\"https:\/\/we.pb.edu.pl\/kfeits\/#website\",\"url\":\"https:\/\/we.pb.edu.pl\/kfeits\/\",\"name\":\"Katedra Fotoniki, Elektroniki i Techniki \u015awietlnej\",\"description\":\"\",\"potentialAction\":[{\"@type\":\"SearchAction\",\"target\":{\"@type\":\"EntryPoint\",\"urlTemplate\":\"https:\/\/we.pb.edu.pl\/kfeits\/?s={search_term_string}\"},\"query-input\":{\"@type\":\"PropertyValueSpecification\",\"valueRequired\":true,\"valueName\":\"search_term_string\"}}],\"inLanguage\":\"pl-PL\"}]}<\/script>\n<!-- \/ Yoast SEO plugin. -->","yoast_head_json":{"title":"TS2E200016 Elektroniczna Aparatura Pomiarowa, - Katedra Fotoniki, Elektroniki i Techniki \u015awietlnej","robots":{"index":"index","follow":"follow","max-snippet":"max-snippet:-1","max-image-preview":"max-image-preview:large","max-video-preview":"max-video-preview:-1"},"canonical":"https:\/\/we.pb.edu.pl\/kfeits\/maciej-sadowski\/elektroniczna-aparatura-pomiarowa\/","og_locale":"pl_PL","og_type":"article","og_title":"TS2E200016 Elektroniczna Aparatura Pomiarowa, - Katedra Fotoniki, Elektroniki i Techniki \u015awietlnej","og_description":"Elektroniczna Aparatura Pomiarowa TS2E200016 &nbsp; WYK\u0141AD Wyk\u0142ad odbywa si\u0119 we wtorki w godz. 14.15-16.45 wwi\u0119cej","og_url":"https:\/\/we.pb.edu.pl\/kfeits\/maciej-sadowski\/elektroniczna-aparatura-pomiarowa\/","og_site_name":"Katedra Fotoniki, Elektroniki i Techniki \u015awietlnej","article_modified_time":"2022-10-12T05:11:50+00:00","twitter_card":"summary_large_image","twitter_misc":{"Szacowany czas czytania":"1 minuta"},"schema":{"@context":"https:\/\/schema.org","@graph":[{"@type":"WebPage","@id":"https:\/\/we.pb.edu.pl\/kfeits\/maciej-sadowski\/elektroniczna-aparatura-pomiarowa\/","url":"https:\/\/we.pb.edu.pl\/kfeits\/maciej-sadowski\/elektroniczna-aparatura-pomiarowa\/","name":"TS2E200016 Elektroniczna Aparatura Pomiarowa, - Katedra Fotoniki, Elektroniki i Techniki \u015awietlnej","isPartOf":{"@id":"https:\/\/we.pb.edu.pl\/kfeits\/#website"},"datePublished":"2018-11-20T18:03:36+00:00","dateModified":"2022-10-12T05:11:50+00:00","breadcrumb":{"@id":"https:\/\/we.pb.edu.pl\/kfeits\/maciej-sadowski\/elektroniczna-aparatura-pomiarowa\/#breadcrumb"},"inLanguage":"pl-PL","potentialAction":[{"@type":"ReadAction","target":["https:\/\/we.pb.edu.pl\/kfeits\/maciej-sadowski\/elektroniczna-aparatura-pomiarowa\/"]}]},{"@type":"BreadcrumbList","@id":"https:\/\/we.pb.edu.pl\/kfeits\/maciej-sadowski\/elektroniczna-aparatura-pomiarowa\/#breadcrumb","itemListElement":[{"@type":"ListItem","position":1,"name":"Strona g\u0142\u00f3wna","item":"https:\/\/we.pb.edu.pl\/kfeits\/"},{"@type":"ListItem","position":2,"name":"dr in\u017c. Maciej Sadowski","item":"https:\/\/we.pb.edu.pl\/kfeits\/maciej-sadowski\/"},{"@type":"ListItem","position":3,"name":"TS2E200016 Elektroniczna Aparatura Pomiarowa,"}]},{"@type":"WebSite","@id":"https:\/\/we.pb.edu.pl\/kfeits\/#website","url":"https:\/\/we.pb.edu.pl\/kfeits\/","name":"Katedra Fotoniki, Elektroniki i Techniki \u015awietlnej","description":"","potentialAction":[{"@type":"SearchAction","target":{"@type":"EntryPoint","urlTemplate":"https:\/\/we.pb.edu.pl\/kfeits\/?s={search_term_string}"},"query-input":{"@type":"PropertyValueSpecification","valueRequired":true,"valueName":"search_term_string"}}],"inLanguage":"pl-PL"}]}},"_links":{"self":[{"href":"https:\/\/we.pb.edu.pl\/kfeits\/wp-json\/wp\/v2\/pages\/779","targetHints":{"allow":["GET"]}}],"collection":[{"href":"https:\/\/we.pb.edu.pl\/kfeits\/wp-json\/wp\/v2\/pages"}],"about":[{"href":"https:\/\/we.pb.edu.pl\/kfeits\/wp-json\/wp\/v2\/types\/page"}],"author":[{"embeddable":true,"href":"https:\/\/we.pb.edu.pl\/kfeits\/wp-json\/wp\/v2\/users\/21"}],"replies":[{"embeddable":true,"href":"https:\/\/we.pb.edu.pl\/kfeits\/wp-json\/wp\/v2\/comments?post=779"}],"version-history":[{"count":26,"href":"https:\/\/we.pb.edu.pl\/kfeits\/wp-json\/wp\/v2\/pages\/779\/revisions"}],"predecessor-version":[{"id":3175,"href":"https:\/\/we.pb.edu.pl\/kfeits\/wp-json\/wp\/v2\/pages\/779\/revisions\/3175"}],"up":[{"embeddable":true,"href":"https:\/\/we.pb.edu.pl\/kfeits\/wp-json\/wp\/v2\/pages\/528"}],"wp:attachment":[{"href":"https:\/\/we.pb.edu.pl\/kfeits\/wp-json\/wp\/v2\/media?parent=779"}],"curies":[{"name":"wp","href":"https:\/\/api.w.org\/{rel}","templated":true}]}}