{"id":766,"date":"2018-11-14T11:24:21","date_gmt":"2018-11-14T10:24:21","guid":{"rendered":"https:\/\/we.pb.edu.pl\/ktiae\/?page_id=766"},"modified":"2026-03-05T21:33:31","modified_gmt":"2026-03-05T20:33:31","slug":"marek-garbaruk","status":"publish","type":"page","link":"https:\/\/we.pb.edu.pl\/kfeits\/marek-garbaruk\/","title":{"rendered":"dr in\u017c. Marek Garbaruk"},"content":{"rendered":"<p><strong>ul. Wiejska 45D, 15-351 Bia\u0142ystok, p. WE-305<\/strong><\/p>\n<p>tel.: 085 746 9399<\/p>\n<p>e-mail: m.garbaruk@pb.edu.pl<\/p>\n<p>&nbsp;<\/p>\n<p><strong>Konsultacje (semestr letni 2025\/2026):<\/strong><\/p>\n<p>studia stacjonarne:<\/p>\n<p style=\"padding-left: 40px\">wtorek, godz. 15:15-16:45, WE-305<\/p>\n<p>&nbsp;<\/p>\n<p>studia niestacjonarne (konsultacje tylko w czasie zjazd\u00f3w WE):<\/p>\n<p style=\"padding-left: 40px\">pi\u0105tek, godz. 14:30-16:00, WE-305, TEAMS<\/p>\n<p>&nbsp;<\/p>\n<p>&nbsp;<\/p>\n<p><strong>Materia\u0142y dydaktyczne:<\/strong><\/p>\n<p>studia stacjonarne:<\/p>\n<ul style=\"list-style-type: disc\">\n<li><a href=\"https:\/\/we.pb.edu.pl\/kfeits\/krzysztof-konopko\/eit1s\/podstawy-telekomunikacji\/\">Podstawy telekomunikacji (TS1F2019) &#8211; laboratorium<\/a><\/li>\n<li>\n<p class=\"font-medium\">Systemy i sieci telekomunikacyjne (TS1F4039) \u2014 Laboratorium<\/p>\n<\/li>\n<\/ul>\n<p>&nbsp;<\/p>\n<p>studia niestacjonarne:<\/p>\n<ul>\n<li><a href=\"https:\/\/box.biaman.pl\/d\/5aea8a21d76c43cea3a4\/\">Niezawodno\u015b\u0107 i diagnostyka (TZ2E200037) &#8211; wyk\u0142ad<\/a><\/li>\n<li><a href=\"https:\/\/box.biaman.pl\/d\/1f0d1e3baa7a416bae1c\/\">Technika wysokich napi\u0119\u0107 (EZ1F4033) &#8211; laboratorium<\/a><\/li>\n<\/ul>\n<p>&nbsp;<\/p>\n<p>&nbsp;<\/p>\n<p>&nbsp;<\/p>\n","protected":false},"excerpt":{"rendered":"<p>ul. Wiejska 45D, 15-351 Bia\u0142ystok, p. WE-305 tel.: 085 746 9399 e-mail: m.garbaruk@pb.edu.pl &nbsp; Konsultacje<a class=\"read-more\" href=\"https:\/\/we.pb.edu.pl\/kfeits\/marek-garbaruk\/\" title=\"Poka\u017c artyku\u0142 dr in\u017c. Marek Garbaruk\">wi\u0119cej<\/a><\/p>\n","protected":false},"author":27,"featured_media":0,"parent":0,"menu_order":0,"comment_status":"closed","ping_status":"closed","template":"","meta":{"inline_featured_image":false,"ngg_post_thumbnail":0,"footnotes":""},"class_list":["post-766","page","type-page","status-publish","hentry"],"acf":[],"yoast_head":"<!-- This site is optimized with the Yoast SEO plugin v26.4 - https:\/\/yoast.com\/wordpress\/plugins\/seo\/ -->\n<title>dr in\u017c. Marek Garbaruk - Katedra Fotoniki, Elektroniki i Techniki \u015awietlnej<\/title>\n<meta name=\"robots\" content=\"index, follow, max-snippet:-1, max-image-preview:large, max-video-preview:-1\" \/>\n<link rel=\"canonical\" href=\"https:\/\/we.pb.edu.pl\/kfeits\/marek-garbaruk\/\" \/>\n<meta property=\"og:locale\" content=\"pl_PL\" \/>\n<meta property=\"og:type\" content=\"article\" \/>\n<meta property=\"og:title\" content=\"dr in\u017c. Marek Garbaruk - Katedra Fotoniki, Elektroniki i Techniki \u015awietlnej\" \/>\n<meta property=\"og:description\" content=\"ul. Wiejska 45D, 15-351 Bia\u0142ystok, p. WE-305 tel.: 085 746 9399 e-mail: m.garbaruk@pb.edu.pl &nbsp; Konsultacjewi\u0119cej\" \/>\n<meta property=\"og:url\" content=\"https:\/\/we.pb.edu.pl\/kfeits\/marek-garbaruk\/\" \/>\n<meta property=\"og:site_name\" content=\"Katedra Fotoniki, Elektroniki i Techniki \u015awietlnej\" \/>\n<meta property=\"article:modified_time\" content=\"2026-03-05T20:33:31+00:00\" \/>\n<meta name=\"twitter:card\" content=\"summary_large_image\" \/>\n<meta name=\"twitter:label1\" content=\"Szacowany czas czytania\" \/>\n\t<meta name=\"twitter:data1\" content=\"1 minuta\" \/>\n<script type=\"application\/ld+json\" class=\"yoast-schema-graph\">{\"@context\":\"https:\/\/schema.org\",\"@graph\":[{\"@type\":\"WebPage\",\"@id\":\"https:\/\/we.pb.edu.pl\/kfeits\/marek-garbaruk\/\",\"url\":\"https:\/\/we.pb.edu.pl\/kfeits\/marek-garbaruk\/\",\"name\":\"dr in\u017c. Marek Garbaruk - Katedra Fotoniki, Elektroniki i Techniki \u015awietlnej\",\"isPartOf\":{\"@id\":\"https:\/\/we.pb.edu.pl\/kfeits\/#website\"},\"datePublished\":\"2018-11-14T10:24:21+00:00\",\"dateModified\":\"2026-03-05T20:33:31+00:00\",\"breadcrumb\":{\"@id\":\"https:\/\/we.pb.edu.pl\/kfeits\/marek-garbaruk\/#breadcrumb\"},\"inLanguage\":\"pl-PL\",\"potentialAction\":[{\"@type\":\"ReadAction\",\"target\":[\"https:\/\/we.pb.edu.pl\/kfeits\/marek-garbaruk\/\"]}]},{\"@type\":\"BreadcrumbList\",\"@id\":\"https:\/\/we.pb.edu.pl\/kfeits\/marek-garbaruk\/#breadcrumb\",\"itemListElement\":[{\"@type\":\"ListItem\",\"position\":1,\"name\":\"Strona g\u0142\u00f3wna\",\"item\":\"https:\/\/we.pb.edu.pl\/kfeits\/\"},{\"@type\":\"ListItem\",\"position\":2,\"name\":\"dr in\u017c. Marek Garbaruk\"}]},{\"@type\":\"WebSite\",\"@id\":\"https:\/\/we.pb.edu.pl\/kfeits\/#website\",\"url\":\"https:\/\/we.pb.edu.pl\/kfeits\/\",\"name\":\"Katedra Fotoniki, Elektroniki i Techniki \u015awietlnej\",\"description\":\"\",\"potentialAction\":[{\"@type\":\"SearchAction\",\"target\":{\"@type\":\"EntryPoint\",\"urlTemplate\":\"https:\/\/we.pb.edu.pl\/kfeits\/?s={search_term_string}\"},\"query-input\":{\"@type\":\"PropertyValueSpecification\",\"valueRequired\":true,\"valueName\":\"search_term_string\"}}],\"inLanguage\":\"pl-PL\"}]}<\/script>\n<!-- \/ Yoast SEO plugin. -->","yoast_head_json":{"title":"dr in\u017c. Marek Garbaruk - Katedra Fotoniki, Elektroniki i Techniki \u015awietlnej","robots":{"index":"index","follow":"follow","max-snippet":"max-snippet:-1","max-image-preview":"max-image-preview:large","max-video-preview":"max-video-preview:-1"},"canonical":"https:\/\/we.pb.edu.pl\/kfeits\/marek-garbaruk\/","og_locale":"pl_PL","og_type":"article","og_title":"dr in\u017c. Marek Garbaruk - Katedra Fotoniki, Elektroniki i Techniki \u015awietlnej","og_description":"ul. Wiejska 45D, 15-351 Bia\u0142ystok, p. WE-305 tel.: 085 746 9399 e-mail: m.garbaruk@pb.edu.pl &nbsp; Konsultacjewi\u0119cej","og_url":"https:\/\/we.pb.edu.pl\/kfeits\/marek-garbaruk\/","og_site_name":"Katedra Fotoniki, Elektroniki i Techniki \u015awietlnej","article_modified_time":"2026-03-05T20:33:31+00:00","twitter_card":"summary_large_image","twitter_misc":{"Szacowany czas czytania":"1 minuta"},"schema":{"@context":"https:\/\/schema.org","@graph":[{"@type":"WebPage","@id":"https:\/\/we.pb.edu.pl\/kfeits\/marek-garbaruk\/","url":"https:\/\/we.pb.edu.pl\/kfeits\/marek-garbaruk\/","name":"dr in\u017c. Marek Garbaruk - Katedra Fotoniki, Elektroniki i Techniki \u015awietlnej","isPartOf":{"@id":"https:\/\/we.pb.edu.pl\/kfeits\/#website"},"datePublished":"2018-11-14T10:24:21+00:00","dateModified":"2026-03-05T20:33:31+00:00","breadcrumb":{"@id":"https:\/\/we.pb.edu.pl\/kfeits\/marek-garbaruk\/#breadcrumb"},"inLanguage":"pl-PL","potentialAction":[{"@type":"ReadAction","target":["https:\/\/we.pb.edu.pl\/kfeits\/marek-garbaruk\/"]}]},{"@type":"BreadcrumbList","@id":"https:\/\/we.pb.edu.pl\/kfeits\/marek-garbaruk\/#breadcrumb","itemListElement":[{"@type":"ListItem","position":1,"name":"Strona g\u0142\u00f3wna","item":"https:\/\/we.pb.edu.pl\/kfeits\/"},{"@type":"ListItem","position":2,"name":"dr in\u017c. Marek Garbaruk"}]},{"@type":"WebSite","@id":"https:\/\/we.pb.edu.pl\/kfeits\/#website","url":"https:\/\/we.pb.edu.pl\/kfeits\/","name":"Katedra Fotoniki, Elektroniki i Techniki \u015awietlnej","description":"","potentialAction":[{"@type":"SearchAction","target":{"@type":"EntryPoint","urlTemplate":"https:\/\/we.pb.edu.pl\/kfeits\/?s={search_term_string}"},"query-input":{"@type":"PropertyValueSpecification","valueRequired":true,"valueName":"search_term_string"}}],"inLanguage":"pl-PL"}]}},"_links":{"self":[{"href":"https:\/\/we.pb.edu.pl\/kfeits\/wp-json\/wp\/v2\/pages\/766","targetHints":{"allow":["GET"]}}],"collection":[{"href":"https:\/\/we.pb.edu.pl\/kfeits\/wp-json\/wp\/v2\/pages"}],"about":[{"href":"https:\/\/we.pb.edu.pl\/kfeits\/wp-json\/wp\/v2\/types\/page"}],"author":[{"embeddable":true,"href":"https:\/\/we.pb.edu.pl\/kfeits\/wp-json\/wp\/v2\/users\/27"}],"replies":[{"embeddable":true,"href":"https:\/\/we.pb.edu.pl\/kfeits\/wp-json\/wp\/v2\/comments?post=766"}],"version-history":[{"count":99,"href":"https:\/\/we.pb.edu.pl\/kfeits\/wp-json\/wp\/v2\/pages\/766\/revisions"}],"predecessor-version":[{"id":6283,"href":"https:\/\/we.pb.edu.pl\/kfeits\/wp-json\/wp\/v2\/pages\/766\/revisions\/6283"}],"wp:attachment":[{"href":"https:\/\/we.pb.edu.pl\/kfeits\/wp-json\/wp\/v2\/media?parent=766"}],"curies":[{"name":"wp","href":"https:\/\/api.w.org\/{rel}","templated":true}]}}