{"id":757,"date":"2018-11-13T14:13:43","date_gmt":"2018-11-13T13:13:43","guid":{"rendered":"https:\/\/we.pb.edu.pl\/ktiae\/?page_id=757"},"modified":"2019-09-30T10:25:19","modified_gmt":"2019-09-30T08:25:19","slug":"wstep-do-technik-multimedialnych","status":"publish","type":"page","link":"https:\/\/we.pb.edu.pl\/kfeits\/wstep-do-technik-multimedialnych\/","title":{"rendered":"Wst\u0119p do Technik Multimedialnych"},"content":{"rendered":"<h3>Pracownia specjalistyczna, studia stacjonarne<\/h3>\n<h4>Instrukcje do \u0107wicze\u0144<\/h4>\n<ul>\n<li><a href=\"https:\/\/box.biaman.pl\/f\/3c5086e1c93f4898865c\/?raw=1&amp;ext=.pdf\">Instrukcja do \u0107wiczenia 1<\/a><\/li>\n<li><a href=\"https:\/\/box.biaman.pl\/f\/ed96affb68bb4185862c\/?raw=1&amp;ext=.pdf\">Instrukcja do \u0107wiczenia 2\/3<\/a><\/li>\n<li><a href=\"https:\/\/box.biaman.pl\/f\/b3be819164d4412facb8\/?raw=1&amp;ext=.pdf\">Instrukcja do \u0107wiczenia 4\/5<\/a><\/li>\n<li><a href=\"https:\/\/box.biaman.pl\/f\/bb5b46ae7ec14232b1bc\/?raw=1&amp;ext=.pdf\">Instrukcja do \u0107wiczenia 6\/7<\/a><\/li>\n<li><a href=\"https:\/\/box.biaman.pl\/f\/38e28b18aa034ec7972e\/?raw=1&amp;ext=.pdf\">Instrukcja do \u0107wiczenia 8\/9<\/a><\/li>\n<\/ul>\n","protected":false},"excerpt":{"rendered":"<p>Pracownia specjalistyczna, studia stacjonarne Instrukcje do \u0107wicze\u0144 Instrukcja do \u0107wiczenia 1 Instrukcja do \u0107wiczenia 2\/3<a class=\"read-more\" href=\"https:\/\/we.pb.edu.pl\/kfeits\/wstep-do-technik-multimedialnych\/\" title=\"Poka\u017c artyku\u0142 Wst\u0119p do Technik Multimedialnych\">wi\u0119cej<\/a><\/p>\n","protected":false},"author":26,"featured_media":0,"parent":0,"menu_order":0,"comment_status":"closed","ping_status":"closed","template":"","meta":{"inline_featured_image":false,"ngg_post_thumbnail":0,"footnotes":""},"class_list":["post-757","page","type-page","status-publish","hentry"],"acf":[],"yoast_head":"<!-- This site is optimized with the Yoast SEO plugin v26.4 - https:\/\/yoast.com\/wordpress\/plugins\/seo\/ -->\n<title>Wst\u0119p do Technik Multimedialnych - Katedra Fotoniki, Elektroniki i Techniki \u015awietlnej<\/title>\n<meta name=\"robots\" content=\"index, follow, max-snippet:-1, max-image-preview:large, max-video-preview:-1\" \/>\n<link rel=\"canonical\" href=\"https:\/\/we.pb.edu.pl\/kfeits\/ewa-swiercz__trashed\/wstep-do-technik-multimedialnych\/\" \/>\n<meta property=\"og:locale\" content=\"pl_PL\" \/>\n<meta property=\"og:type\" content=\"article\" \/>\n<meta property=\"og:title\" content=\"Wst\u0119p do Technik Multimedialnych - Katedra Fotoniki, Elektroniki i Techniki \u015awietlnej\" \/>\n<meta property=\"og:description\" content=\"Pracownia specjalistyczna, studia stacjonarne Instrukcje do \u0107wicze\u0144 Instrukcja do \u0107wiczenia 1 Instrukcja do \u0107wiczenia 2\/3wi\u0119cej\" \/>\n<meta property=\"og:url\" content=\"https:\/\/we.pb.edu.pl\/kfeits\/ewa-swiercz__trashed\/wstep-do-technik-multimedialnych\/\" \/>\n<meta property=\"og:site_name\" content=\"Katedra Fotoniki, Elektroniki i Techniki \u015awietlnej\" \/>\n<meta property=\"article:modified_time\" content=\"2019-09-30T08:25:19+00:00\" \/>\n<meta name=\"twitter:card\" content=\"summary_large_image\" \/>\n<script type=\"application\/ld+json\" class=\"yoast-schema-graph\">{\"@context\":\"https:\/\/schema.org\",\"@graph\":[{\"@type\":\"WebPage\",\"@id\":\"https:\/\/we.pb.edu.pl\/kfeits\/ewa-swiercz__trashed\/wstep-do-technik-multimedialnych\/\",\"url\":\"https:\/\/we.pb.edu.pl\/kfeits\/ewa-swiercz__trashed\/wstep-do-technik-multimedialnych\/\",\"name\":\"Wst\u0119p do Technik Multimedialnych - Katedra Fotoniki, Elektroniki i Techniki \u015awietlnej\",\"isPartOf\":{\"@id\":\"https:\/\/we.pb.edu.pl\/kfeits\/#website\"},\"datePublished\":\"2018-11-13T13:13:43+00:00\",\"dateModified\":\"2019-09-30T08:25:19+00:00\",\"breadcrumb\":{\"@id\":\"https:\/\/we.pb.edu.pl\/kfeits\/ewa-swiercz__trashed\/wstep-do-technik-multimedialnych\/#breadcrumb\"},\"inLanguage\":\"pl-PL\",\"potentialAction\":[{\"@type\":\"ReadAction\",\"target\":[\"https:\/\/we.pb.edu.pl\/kfeits\/ewa-swiercz__trashed\/wstep-do-technik-multimedialnych\/\"]}]},{\"@type\":\"BreadcrumbList\",\"@id\":\"https:\/\/we.pb.edu.pl\/kfeits\/ewa-swiercz__trashed\/wstep-do-technik-multimedialnych\/#breadcrumb\",\"itemListElement\":[{\"@type\":\"ListItem\",\"position\":1,\"name\":\"Strona g\u0142\u00f3wna\",\"item\":\"https:\/\/we.pb.edu.pl\/kfeits\/\"},{\"@type\":\"ListItem\",\"position\":2,\"name\":\"Wst\u0119p do Technik Multimedialnych\"}]},{\"@type\":\"WebSite\",\"@id\":\"https:\/\/we.pb.edu.pl\/kfeits\/#website\",\"url\":\"https:\/\/we.pb.edu.pl\/kfeits\/\",\"name\":\"Katedra Fotoniki, Elektroniki i Techniki \u015awietlnej\",\"description\":\"\",\"potentialAction\":[{\"@type\":\"SearchAction\",\"target\":{\"@type\":\"EntryPoint\",\"urlTemplate\":\"https:\/\/we.pb.edu.pl\/kfeits\/?s={search_term_string}\"},\"query-input\":{\"@type\":\"PropertyValueSpecification\",\"valueRequired\":true,\"valueName\":\"search_term_string\"}}],\"inLanguage\":\"pl-PL\"}]}<\/script>\n<!-- \/ Yoast SEO plugin. -->","yoast_head_json":{"title":"Wst\u0119p do Technik Multimedialnych - Katedra Fotoniki, Elektroniki i Techniki \u015awietlnej","robots":{"index":"index","follow":"follow","max-snippet":"max-snippet:-1","max-image-preview":"max-image-preview:large","max-video-preview":"max-video-preview:-1"},"canonical":"https:\/\/we.pb.edu.pl\/kfeits\/ewa-swiercz__trashed\/wstep-do-technik-multimedialnych\/","og_locale":"pl_PL","og_type":"article","og_title":"Wst\u0119p do Technik Multimedialnych - Katedra Fotoniki, Elektroniki i Techniki \u015awietlnej","og_description":"Pracownia specjalistyczna, studia stacjonarne Instrukcje do \u0107wicze\u0144 Instrukcja do \u0107wiczenia 1 Instrukcja do \u0107wiczenia 2\/3wi\u0119cej","og_url":"https:\/\/we.pb.edu.pl\/kfeits\/ewa-swiercz__trashed\/wstep-do-technik-multimedialnych\/","og_site_name":"Katedra Fotoniki, Elektroniki i Techniki \u015awietlnej","article_modified_time":"2019-09-30T08:25:19+00:00","twitter_card":"summary_large_image","schema":{"@context":"https:\/\/schema.org","@graph":[{"@type":"WebPage","@id":"https:\/\/we.pb.edu.pl\/kfeits\/ewa-swiercz__trashed\/wstep-do-technik-multimedialnych\/","url":"https:\/\/we.pb.edu.pl\/kfeits\/ewa-swiercz__trashed\/wstep-do-technik-multimedialnych\/","name":"Wst\u0119p do Technik Multimedialnych - Katedra Fotoniki, Elektroniki i Techniki \u015awietlnej","isPartOf":{"@id":"https:\/\/we.pb.edu.pl\/kfeits\/#website"},"datePublished":"2018-11-13T13:13:43+00:00","dateModified":"2019-09-30T08:25:19+00:00","breadcrumb":{"@id":"https:\/\/we.pb.edu.pl\/kfeits\/ewa-swiercz__trashed\/wstep-do-technik-multimedialnych\/#breadcrumb"},"inLanguage":"pl-PL","potentialAction":[{"@type":"ReadAction","target":["https:\/\/we.pb.edu.pl\/kfeits\/ewa-swiercz__trashed\/wstep-do-technik-multimedialnych\/"]}]},{"@type":"BreadcrumbList","@id":"https:\/\/we.pb.edu.pl\/kfeits\/ewa-swiercz__trashed\/wstep-do-technik-multimedialnych\/#breadcrumb","itemListElement":[{"@type":"ListItem","position":1,"name":"Strona g\u0142\u00f3wna","item":"https:\/\/we.pb.edu.pl\/kfeits\/"},{"@type":"ListItem","position":2,"name":"Wst\u0119p do Technik Multimedialnych"}]},{"@type":"WebSite","@id":"https:\/\/we.pb.edu.pl\/kfeits\/#website","url":"https:\/\/we.pb.edu.pl\/kfeits\/","name":"Katedra Fotoniki, Elektroniki i Techniki \u015awietlnej","description":"","potentialAction":[{"@type":"SearchAction","target":{"@type":"EntryPoint","urlTemplate":"https:\/\/we.pb.edu.pl\/kfeits\/?s={search_term_string}"},"query-input":{"@type":"PropertyValueSpecification","valueRequired":true,"valueName":"search_term_string"}}],"inLanguage":"pl-PL"}]}},"_links":{"self":[{"href":"https:\/\/we.pb.edu.pl\/kfeits\/wp-json\/wp\/v2\/pages\/757","targetHints":{"allow":["GET"]}}],"collection":[{"href":"https:\/\/we.pb.edu.pl\/kfeits\/wp-json\/wp\/v2\/pages"}],"about":[{"href":"https:\/\/we.pb.edu.pl\/kfeits\/wp-json\/wp\/v2\/types\/page"}],"author":[{"embeddable":true,"href":"https:\/\/we.pb.edu.pl\/kfeits\/wp-json\/wp\/v2\/users\/26"}],"replies":[{"embeddable":true,"href":"https:\/\/we.pb.edu.pl\/kfeits\/wp-json\/wp\/v2\/comments?post=757"}],"version-history":[{"count":5,"href":"https:\/\/we.pb.edu.pl\/kfeits\/wp-json\/wp\/v2\/pages\/757\/revisions"}],"predecessor-version":[{"id":1238,"href":"https:\/\/we.pb.edu.pl\/kfeits\/wp-json\/wp\/v2\/pages\/757\/revisions\/1238"}],"wp:attachment":[{"href":"https:\/\/we.pb.edu.pl\/kfeits\/wp-json\/wp\/v2\/media?parent=757"}],"curies":[{"name":"wp","href":"https:\/\/api.w.org\/{rel}","templated":true}]}}