{"id":743,"date":"2018-11-05T20:10:48","date_gmt":"2018-11-05T19:10:48","guid":{"rendered":"https:\/\/we.pb.edu.pl\/ktiae\/?page_id=743"},"modified":"2026-04-20T16:10:54","modified_gmt":"2026-04-20T14:10:54","slug":"kits","status":"publish","type":"page","link":"https:\/\/we.pb.edu.pl\/kfeits\/krzysztof-konopko\/eit1s\/kits\/","title":{"rendered":"Kodowanie i transmisja sygna\u0142\u00f3w"},"content":{"rendered":"<p><strong>ul. Zwierzyniecka 10, 15-351 Bia\u0142ystok, s. CBD-32<\/strong><\/p>\n<p>prowadz\u0105cy: <a href=\"\/kfeits\/krzysztof-konopko\/\">Krzysztof Konopko<\/a><\/p>\n<hr \/>\n<p><strong>Prezentacje z wyk\u0142adu:<\/strong><\/p>\n<ul>\n<li><a href=\"https:\/\/box.biaman.pl\/f\/9f8be0355b0740b095b5\/?raw=1&amp;ext=.pdf\">Wiadomo\u015bci wst\u0119pne.<\/a> <a href=\"https:\/\/box.biaman.pl\/f\/8ae33d5af4d54deca748\/?raw=1&amp;ext=.pdf\">Wprowadzenie do teorii informacji.<\/a><\/li>\n<li><a href=\"https:\/\/box.biaman.pl\/f\/5ae48fea154344908e7c\/?raw=1&amp;ext=.pdf\">Kodowanie \u017ar\u00f3d\u0142owe.<\/a><\/li>\n<li><a href=\"https:\/\/box.biaman.pl\/f\/711311d6f782472fb67c\/?raw=1&amp;ext=.pdf\">Kodowanie kana\u0142owe.<\/a><\/li>\n<li>Transmisja sygna\u0142\u00f3w cyfrowych. Zwielokrotnienie kana\u0142\u00f3w.<\/li>\n<li>OFDM.<\/li>\n<li>MIMO.<\/li>\n<li>Cyfrowe systemy telekomunikacyjne.<\/li>\n<\/ul>\n<hr \/>\n<p><strong>Instrukcje do<\/strong> <strong>\u0107wicze\u0144 laboratoryjnych:<\/strong><\/p>\n<ul>\n<li><a href=\"https:\/\/box.biaman.pl\/f\/4da723c396824a1fb296\/?raw=1&amp;ext=.pdf\">Zaj\u0119cia wst\u0119pne.<\/a><\/li>\n<li><a href=\"https:\/\/box.biaman.pl\/f\/2221144f567f4ab489b1\/?raw=1&amp;ext=.pdf\">Kodowanie \u017ar\u00f3d\u0142owe<\/a> (<a href=\"https:\/\/box.biaman.pl\/f\/5190f47e8c4b4baa895c\/\">archiwum ze skryptami i plikami referencyjnymi<\/a>).<\/li>\n<li><a href=\"https:\/\/box.biaman.pl\/f\/b431e13614524be2bd4b\/?raw=1&amp;ext=.pdf\">Kodowanie kana\u0142owe<\/a> (<a href=\"https:\/\/box.biaman.pl\/f\/3425932e3de74ea49ba4\/\">archiwum ze schematami GNURadio<\/a>).<\/li>\n<li><a href=\"https:\/\/box.biaman.pl\/f\/db703d990caa47d98520\/?raw=1&amp;ext=.pdf\">Transmisja sygna\u0142\u00f3w cyfrowych. Cyfrowe modulacje binarne<\/a>\u00a0<a href=\"https:\/\/box.biaman.pl\/f\/ffd827ff54f14afa96c7\/\">(archiwum ze schematami GNURadio).<\/a><\/li>\n<li>Korekcja zniekszta\u0142ce\u0144 liniowych kana\u0142u telekomunikacyjnego.<\/li>\n<li>Systemy z rozpraszaniem widma.<\/li>\n<li>Modulacja OFDM.<\/li>\n<\/ul>\n<p>&nbsp;<\/p>\n<hr \/>\n<p><strong>Materia\u0142y dodatkowe<\/strong><strong>:<\/strong><\/p>\n<ul>\n<li><a href=\"https:\/\/box.biaman.pl\/f\/4da723c396824a1fb296\/?raw=1&amp;ext=.pdf\">Instrukcja GnuRadio<\/a><\/li>\n<\/ul>\n<hr \/>\n<p><strong>Literatura:<\/strong><\/p>\n<ul>\n<li>Simon Haykin, Systemy telekomunikacyjne. T.1, 2., Warszawa : Wydawnictwa Komunikacji i \u0141\u0105czno\u015bci, 2004.<\/li>\n<li>Jacek Izydorczyk, Matlab i podstawy telekomunikacji, Gliwice : Helion, 2017.<\/li>\n<li>Krzysztof Weso\u0142owski, Podstawy cyfrowych system\u00f3w telekomunikacyjnych, Wydawnictwa Komunikacji i \u0141\u0105czno\u015bci, Warszawa 2003<\/li>\n<li>Tomasz Piotr Zieli\u0144ski, Przemys\u0142aw Korohoda, Cyfrowe przetwarzanie sygna\u0142\u00f3w w telekomunikacji : podstawy, multimedia,<br \/>\ntransmisja, Warszawa : Wydaw. Naukowe PWN, 2014.<\/li>\n<\/ul>\n","protected":false},"excerpt":{"rendered":"<p>ul. Zwierzyniecka 10, 15-351 Bia\u0142ystok, s. CBD-32 prowadz\u0105cy: Krzysztof Konopko Prezentacje z wyk\u0142adu: Wiadomo\u015bci wst\u0119pne.<a class=\"read-more\" href=\"https:\/\/we.pb.edu.pl\/kfeits\/krzysztof-konopko\/eit1s\/kits\/\" title=\"Poka\u017c artyku\u0142 Kodowanie i transmisja sygna\u0142\u00f3w\">wi\u0119cej<\/a><\/p>\n","protected":false},"author":20,"featured_media":0,"parent":4393,"menu_order":0,"comment_status":"closed","ping_status":"closed","template":"","meta":{"inline_featured_image":false,"ngg_post_thumbnail":0,"footnotes":""},"class_list":["post-743","page","type-page","status-publish","hentry"],"acf":[],"yoast_head":"<!-- This site is optimized with the Yoast SEO plugin v26.4 - https:\/\/yoast.com\/wordpress\/plugins\/seo\/ -->\n<title>Kodowanie i transmisja sygna\u0142\u00f3w - Katedra Fotoniki, Elektroniki i Techniki \u015awietlnej<\/title>\n<meta name=\"robots\" content=\"index, follow, max-snippet:-1, max-image-preview:large, max-video-preview:-1\" \/>\n<link rel=\"canonical\" href=\"https:\/\/we.pb.edu.pl\/kfeits\/krzysztof-konopko\/eit1s\/kits\/\" \/>\n<meta property=\"og:locale\" content=\"pl_PL\" \/>\n<meta property=\"og:type\" content=\"article\" \/>\n<meta property=\"og:title\" content=\"Kodowanie i transmisja sygna\u0142\u00f3w - Katedra Fotoniki, Elektroniki i Techniki \u015awietlnej\" \/>\n<meta property=\"og:description\" content=\"ul. Zwierzyniecka 10, 15-351 Bia\u0142ystok, s. CBD-32 prowadz\u0105cy: Krzysztof Konopko Prezentacje z wyk\u0142adu: Wiadomo\u015bci wst\u0119pne.wi\u0119cej\" \/>\n<meta property=\"og:url\" content=\"https:\/\/we.pb.edu.pl\/kfeits\/krzysztof-konopko\/eit1s\/kits\/\" \/>\n<meta property=\"og:site_name\" content=\"Katedra Fotoniki, Elektroniki i Techniki \u015awietlnej\" \/>\n<meta property=\"article:modified_time\" content=\"2026-04-20T14:10:54+00:00\" \/>\n<meta name=\"twitter:card\" content=\"summary_large_image\" \/>\n<meta name=\"twitter:label1\" content=\"Szacowany czas czytania\" \/>\n\t<meta name=\"twitter:data1\" content=\"1 minuta\" \/>\n<script type=\"application\/ld+json\" class=\"yoast-schema-graph\">{\"@context\":\"https:\/\/schema.org\",\"@graph\":[{\"@type\":\"WebPage\",\"@id\":\"https:\/\/we.pb.edu.pl\/kfeits\/krzysztof-konopko\/eit1s\/kits\/\",\"url\":\"https:\/\/we.pb.edu.pl\/kfeits\/krzysztof-konopko\/eit1s\/kits\/\",\"name\":\"Kodowanie i transmisja sygna\u0142\u00f3w - Katedra Fotoniki, Elektroniki i Techniki \u015awietlnej\",\"isPartOf\":{\"@id\":\"https:\/\/we.pb.edu.pl\/kfeits\/#website\"},\"datePublished\":\"2018-11-05T19:10:48+00:00\",\"dateModified\":\"2026-04-20T14:10:54+00:00\",\"breadcrumb\":{\"@id\":\"https:\/\/we.pb.edu.pl\/kfeits\/krzysztof-konopko\/eit1s\/kits\/#breadcrumb\"},\"inLanguage\":\"pl-PL\",\"potentialAction\":[{\"@type\":\"ReadAction\",\"target\":[\"https:\/\/we.pb.edu.pl\/kfeits\/krzysztof-konopko\/eit1s\/kits\/\"]}]},{\"@type\":\"BreadcrumbList\",\"@id\":\"https:\/\/we.pb.edu.pl\/kfeits\/krzysztof-konopko\/eit1s\/kits\/#breadcrumb\",\"itemListElement\":[{\"@type\":\"ListItem\",\"position\":1,\"name\":\"Strona g\u0142\u00f3wna\",\"item\":\"https:\/\/we.pb.edu.pl\/kfeits\/\"},{\"@type\":\"ListItem\",\"position\":2,\"name\":\"dr in\u017c. Krzysztof Konopko\",\"item\":\"https:\/\/we.pb.edu.pl\/kfeits\/krzysztof-konopko\/\"},{\"@type\":\"ListItem\",\"position\":3,\"name\":\"EiT1S\",\"item\":\"https:\/\/we.pb.edu.pl\/kfeits\/krzysztof-konopko\/eit1s\/\"},{\"@type\":\"ListItem\",\"position\":4,\"name\":\"Kodowanie i transmisja sygna\u0142\u00f3w\"}]},{\"@type\":\"WebSite\",\"@id\":\"https:\/\/we.pb.edu.pl\/kfeits\/#website\",\"url\":\"https:\/\/we.pb.edu.pl\/kfeits\/\",\"name\":\"Katedra Fotoniki, Elektroniki i Techniki \u015awietlnej\",\"description\":\"\",\"potentialAction\":[{\"@type\":\"SearchAction\",\"target\":{\"@type\":\"EntryPoint\",\"urlTemplate\":\"https:\/\/we.pb.edu.pl\/kfeits\/?s={search_term_string}\"},\"query-input\":{\"@type\":\"PropertyValueSpecification\",\"valueRequired\":true,\"valueName\":\"search_term_string\"}}],\"inLanguage\":\"pl-PL\"}]}<\/script>\n<!-- \/ Yoast SEO plugin. -->","yoast_head_json":{"title":"Kodowanie i transmisja sygna\u0142\u00f3w - Katedra Fotoniki, Elektroniki i Techniki \u015awietlnej","robots":{"index":"index","follow":"follow","max-snippet":"max-snippet:-1","max-image-preview":"max-image-preview:large","max-video-preview":"max-video-preview:-1"},"canonical":"https:\/\/we.pb.edu.pl\/kfeits\/krzysztof-konopko\/eit1s\/kits\/","og_locale":"pl_PL","og_type":"article","og_title":"Kodowanie i transmisja sygna\u0142\u00f3w - Katedra Fotoniki, Elektroniki i Techniki \u015awietlnej","og_description":"ul. Zwierzyniecka 10, 15-351 Bia\u0142ystok, s. CBD-32 prowadz\u0105cy: Krzysztof Konopko Prezentacje z wyk\u0142adu: Wiadomo\u015bci wst\u0119pne.wi\u0119cej","og_url":"https:\/\/we.pb.edu.pl\/kfeits\/krzysztof-konopko\/eit1s\/kits\/","og_site_name":"Katedra Fotoniki, Elektroniki i Techniki \u015awietlnej","article_modified_time":"2026-04-20T14:10:54+00:00","twitter_card":"summary_large_image","twitter_misc":{"Szacowany czas czytania":"1 minuta"},"schema":{"@context":"https:\/\/schema.org","@graph":[{"@type":"WebPage","@id":"https:\/\/we.pb.edu.pl\/kfeits\/krzysztof-konopko\/eit1s\/kits\/","url":"https:\/\/we.pb.edu.pl\/kfeits\/krzysztof-konopko\/eit1s\/kits\/","name":"Kodowanie i transmisja sygna\u0142\u00f3w - Katedra Fotoniki, Elektroniki i Techniki \u015awietlnej","isPartOf":{"@id":"https:\/\/we.pb.edu.pl\/kfeits\/#website"},"datePublished":"2018-11-05T19:10:48+00:00","dateModified":"2026-04-20T14:10:54+00:00","breadcrumb":{"@id":"https:\/\/we.pb.edu.pl\/kfeits\/krzysztof-konopko\/eit1s\/kits\/#breadcrumb"},"inLanguage":"pl-PL","potentialAction":[{"@type":"ReadAction","target":["https:\/\/we.pb.edu.pl\/kfeits\/krzysztof-konopko\/eit1s\/kits\/"]}]},{"@type":"BreadcrumbList","@id":"https:\/\/we.pb.edu.pl\/kfeits\/krzysztof-konopko\/eit1s\/kits\/#breadcrumb","itemListElement":[{"@type":"ListItem","position":1,"name":"Strona g\u0142\u00f3wna","item":"https:\/\/we.pb.edu.pl\/kfeits\/"},{"@type":"ListItem","position":2,"name":"dr in\u017c. Krzysztof Konopko","item":"https:\/\/we.pb.edu.pl\/kfeits\/krzysztof-konopko\/"},{"@type":"ListItem","position":3,"name":"EiT1S","item":"https:\/\/we.pb.edu.pl\/kfeits\/krzysztof-konopko\/eit1s\/"},{"@type":"ListItem","position":4,"name":"Kodowanie i transmisja sygna\u0142\u00f3w"}]},{"@type":"WebSite","@id":"https:\/\/we.pb.edu.pl\/kfeits\/#website","url":"https:\/\/we.pb.edu.pl\/kfeits\/","name":"Katedra Fotoniki, Elektroniki i Techniki \u015awietlnej","description":"","potentialAction":[{"@type":"SearchAction","target":{"@type":"EntryPoint","urlTemplate":"https:\/\/we.pb.edu.pl\/kfeits\/?s={search_term_string}"},"query-input":{"@type":"PropertyValueSpecification","valueRequired":true,"valueName":"search_term_string"}}],"inLanguage":"pl-PL"}]}},"_links":{"self":[{"href":"https:\/\/we.pb.edu.pl\/kfeits\/wp-json\/wp\/v2\/pages\/743","targetHints":{"allow":["GET"]}}],"collection":[{"href":"https:\/\/we.pb.edu.pl\/kfeits\/wp-json\/wp\/v2\/pages"}],"about":[{"href":"https:\/\/we.pb.edu.pl\/kfeits\/wp-json\/wp\/v2\/types\/page"}],"author":[{"embeddable":true,"href":"https:\/\/we.pb.edu.pl\/kfeits\/wp-json\/wp\/v2\/users\/20"}],"replies":[{"embeddable":true,"href":"https:\/\/we.pb.edu.pl\/kfeits\/wp-json\/wp\/v2\/comments?post=743"}],"version-history":[{"count":91,"href":"https:\/\/we.pb.edu.pl\/kfeits\/wp-json\/wp\/v2\/pages\/743\/revisions"}],"predecessor-version":[{"id":6382,"href":"https:\/\/we.pb.edu.pl\/kfeits\/wp-json\/wp\/v2\/pages\/743\/revisions\/6382"}],"up":[{"embeddable":true,"href":"https:\/\/we.pb.edu.pl\/kfeits\/wp-json\/wp\/v2\/pages\/4393"}],"wp:attachment":[{"href":"https:\/\/we.pb.edu.pl\/kfeits\/wp-json\/wp\/v2\/media?parent=743"}],"curies":[{"name":"wp","href":"https:\/\/api.w.org\/{rel}","templated":true}]}}