{"id":705,"date":"2018-10-31T13:16:08","date_gmt":"2018-10-31T12:16:08","guid":{"rendered":"https:\/\/we.pb.edu.pl\/ktiae\/?page_id=705"},"modified":"2020-09-15T17:02:42","modified_gmt":"2020-09-15T15:02:42","slug":"technika-w-cz","status":"publish","type":"page","link":"https:\/\/we.pb.edu.pl\/kfeits\/karol-aniserowicz\/technika-w-cz\/","title":{"rendered":"Technika w. cz."},"content":{"rendered":"<h3 style=\"text-align:center\">TECHNIKA WIELKICH CZ\u0118STOTLIWO\u015aCI<\/h3>\n<h4>Literatura<\/h4>\n<ol class=\"compact\">\n<li>W. Czarczy\u0144ski:<i> Podstawy techniki mikrofalowej, <\/i>Wyd. Politechniki Wroc\u0142awskiej, 2003.<\/li>\n<li><span class=\"b\">J. Dobrowolski:<i> Technika wielkich cz\u0119stotliwo\u015bci, <\/i>Wyd. PW, W-wa 2001.<\/span><\/li>\n<li>J. Dobrowolski:<i> Monolityczne mikrofalowe uk\u0142ady scalone, <\/i>WNT, W-wa 1999.<\/li>\n<li>J. Dobrowolski:<i> Uk\u0142ady scalone CMOS na cz\u0119stotliwo\u015bci radiowe i mikrofalowe, <\/i>EXIT, W-wa 2007.<\/li>\n<li><span class=\"b\"> B. Galwas, J. Dawidczyk, J. Piotrowski, J. Skulski, A. Szyma\u0144ska: <a href=\"http:\/\/wazniak.mimuw.edu.pl\/index.php?title=Techniki_transmisji_sygna%C5%82%C3%B3w\"><i>Techniki transmisji sygna\u0142\u00f3w<\/i><\/a><\/span> &#8211; materia\u0142y opublikowane w Internecie.<\/li>\n<li>B. Galwas:<i> Miernictwo mikrofalowe, <\/i>WK\u0141, W-wa 1985.<\/li>\n<li>B. Galwas:<i> Mikrofalowe generatory i wzmacniacze tranzystorowe, <\/i>WK\u0141, W-wa 1991.<\/li>\n<li>E. I. Ginzton:<i> Miernictwo mikrofalowe, <\/i>PWT, W-wa 1961.<\/li>\n<li>A. Jele\u0144ski (red.): <i>Mikrofalowa elektronika cia\u0142a sta\u0142ego<\/i>, PWN, W-wa 1976.<\/li>\n<li>J. Klamka:<i> Heteroz\u0142\u0105czowe przyrz\u0105dy p\u00f3\u0142przewodnikowe na zakres mikrofal i fal milimetrowych, <\/i>Agencja Lotnicza Altair sp. z o.o., W-wa 2002.<\/li>\n<li>R. Litwin:<i> Teoria pola elektromagnetycznego, <\/i>WNT, W-wa 1973.<\/li>\n<li>R. Litwin, M. Suski:<i> Technika mikrofalowa, <\/i>WNT, W-wa 1972.<\/li>\n<li>T. Morawski, W. Gwarek:<i> Teoria pola elektromagnetycznego, <\/i>WNT, W-wa 2006.<\/li>\n<li>B. M. Oliver, J. M. Cage:<i> Pomiary i urz\u0105dzenia elektroniczne, <\/i>WK\u0141, W-wa 1978.<\/li>\n<li><span class=\"b\"> J. Osiowski:<i> Teoria obwod\u00f3w, <\/i>tom II, WNT, W-wa 1971.<\/span><\/li>\n<li>J. Osiowski, J. Szabatin:<i> Podstawy teorii obwod\u00f3w, <\/i>tom III, WNT, W-wa 2006.<\/li>\n<li>W. Rosi\u0144ski, E. S\u0119dek, Z. Wro\u0144ski:<i> Mikrofalowa elektronika p\u00f3\u0142przewodnikowa, <\/i>PWN, W-wa 1982.<\/li>\n<li>S. Ros\u0142oniec:<i> Liniowe obwody mikrofalowe. Metody analizy i syntezy, <\/i>WK\u0141, W-wa 1999.<\/li>\n<li>S. Ros\u0142oniec:<i> Algorytmy projektowania wybranych liniowych uk\u0142ad\u00f3w mikrofalowych, <\/i>WK\u0141, W-wa 1987.<\/li>\n<li>H. E. Thomas:<i> Techniki i urz\u0105dzenia mikrofalowe. Poradnik, <\/i>WNT, W-wa 1978.<\/li>\n<p> <\/p>\n<li>R. E. Collin:<i> Foundations for Microwave Engineering, <\/i>McGraw-Hill, 2001.<\/li>\n<li>J. Dobrowolski:<i> Microwave Network Design Using the Scattering Matrix, <\/i>Artech House,  2010.<\/li>\n<li>R. S. Elliott:<i> An Introduction to Guided Waves and Microwave Circuits, <\/i>Prentice-Hall, 1998.<\/li>\n<li><a href=\"https:\/\/www.microwaves101.com\/\" target=\"_blank\" rel=\"noopener noreferrer\">Microwave Encyclopedia<\/a> &#8211; materia\u0142y opublikowane w Internecie.<\/li>\n<li><a href=\"http:\/\/qucs.sourceforge.net\/index.html\" target=\"_blank\" rel=\"noopener noreferrer\">Qucs &#8211; Quite universal circuit simulator<\/a>  i jego <a href=\"http:\/\/qucs.sourceforge.net\/technical.html\" target=\"_blank\" rel=\"noopener noreferrer\">dokumentacja techniczna<\/a> &#8211; materia\u0142y opublikowane w Internecie.<\/li>\n<p> <br \/>\n<b>For Erasmus+ students<\/b> &#8212; books available <a href=\"http:\/\/biblioteka.pb.edu.pl\/en\">in our library<\/a>:<br \/>\n<\/p>\n<li> J. F. White:<i> High frequency techniques: an introduction to RF and microwave engineering, <\/i>Wiley, 2003. <\/li>\n<li> R. Sorrentino, G. Bianchi:<i> Microwave and RF engineering, <\/i>Wiley, 2010.<\/li>\n<li> U. L. Rohde, M. Rudolph:<i> RF\/microwave circuit design for wireless applications, <\/i>Wiley, 2013.<\/li>\n<li> R. C. Li:<i> RF circuit design,<\/i> Wiley, 2008.<\/li>\n<\/ol>\n<h4>Zbiory zada\u0144, skrypty<\/h4>\n<ol class=\"compact\" start=\"29\">\n<li><span class=\"b\"> K. Aniserowicz:<i> Linie d\u0142ugie w stanie ustalonym &#8211; zbi\u00f3r zada\u0144. <\/i>Oficyna Wydawnicza PB, Bia\u0142ystok 2012.<\/span><\/li>\n<li>J. Dobrowolski:<i> Technika wielkich cz\u0119stotliwo\u015bci. Zadania. <\/i>Skrypt PW, W-wa 2002.<\/li>\n<li>A. Hildebrandt, H. So\u0142tysik, A. Zieli\u0144ski:<i> Teoria obwod\u00f3w w zadaniach. <\/i>WNT, W-wa 1977.<\/li>\n<li>T. Morawski, J. Zborowska:<i> Pola i fale elektromagnetyczne. Zbi\u00f3r zada\u0144.<\/i> Oficyna Wydawnicza Politechniki Warszawskiej, 2005.<\/li>\n<li><i>Zbi\u00f3r zada\u0144 z teorii pola elektromagnetycznego <\/i>&#8211; praca zbiorowa pod red. T. Morawskiego, WNT, W-wa 1990.<\/li>\n<li>R. Czoch, A. Francik, K. Sachse:<i> Mikrofale. \u0106wiczenia laboratoryjne<\/i>, Wyd. Politechniki Wroc\u0142awskiej, Wroc\u0142aw 1993.<\/li>\n<\/ol>\n<h3>PLIKI DO POBRANIA &#8211; DOWNLOADS<\/h3>\n<h4>Materia\u0142y pomocnicze do wyk\u0142ad\u00f3w<\/h4>\n<p><a href=\"https:\/\/box.biaman.pl\/f\/2a02abd5ee5d4c56bfb9\/?dl=1\">Kopie prezentacji &#8222;Technika wielkich cz\u0119stotliwo\u015bci&#8221;<\/a><br \/>\n<a href=\"https:\/\/box.biaman.pl\/f\/7cd9e0e4e740427b9c69\/?dl=1\">Przyk\u0142adowe pytania egzaminacyjne<\/a><br \/>\n<a href=\"https:\/\/box.biaman.pl\/f\/b43a6c237ea74245b6ba\/?dl=1\">Pytania testowe<\/a><br \/>\n<a href=\"http:\/\/emanim.szialab.org\/\">EMANIM<\/a> &#8211; program ilustruj\u0105cy zagadnienia polaryzacji fal p\u0142askich<\/p>\n<h4>Materia\u0142y pomocnicze do pracowni<\/h4>\n<p><a href=\"https:\/\/box.biaman.pl\/f\/d16dcd5afbf34c70aa4f\/?dl=1\">Instrukcje do pracowni<\/a><br \/>\n<a href=\"https:\/\/box.biaman.pl\/f\/74234c304a8d4c2a8d6d\/?dl=1\">Wykres Smitha<\/a><br \/>\n<a href=\"https:\/\/box.biaman.pl\/f\/6bb8e93ad152459b86e5\/?dl=1\">Zestaw wzor\u00f3w do analizy linii d\u0142ugiej<\/a><\/p>\n<h4>Materia\u0142y pomocnicze do laboratorium<\/h4>\n<p><a href=\"https:\/\/box.biaman.pl\/f\/5940ab47116b4cf5bcf2\/?dl=1\">Instrukcje do laboratorium<\/a><\/p>\n<h4>Program LINIA<\/h4>\n<p style=\"text-align:justify\">Mam nadziej\u0119, \u017ce <a href=\"https:\/\/box.biaman.pl\/f\/3bf49ad399374a038e93\/?dl=1\">program LINIA<\/a> pomo\u017ce Ci zrozumie\u0107 zjawiska falowe w liniach d\u0142ugich (je\u017celi zechcesz po\u015bwi\u0119ci\u0107 temu zagadnieniu kilkadziesi\u0105t minut uwagi). Program nale\u017cy do kategorii <i>freeware<\/i>. Poni\u017cej &#8211; przyk\u0142adowe animacje wykonane za pomoc\u0105 programu LINIA:<\/p>\n<p><img loading=\"lazy\" decoding=\"async\" src=\"https:\/\/box.biaman.pl\/f\/e5e73653f4f94d06b6ab\/?dl=1\" alt=\"\" width=\"650\" height=\"360\" class=\"aligncenter size-full wp-image-714\" \/><\/p>\n<p><img loading=\"lazy\" decoding=\"async\" src=\"https:\/\/box.biaman.pl\/f\/795c7a774bab4a53ba51\/?dl=1\" alt=\"\" width=\"650\" height=\"360\" class=\"aligncenter size-full wp-image-715\"><\/p>\n<p style=\"text-align:justify\">Jest to program DOS-owy. W celu uruchomienia go pod kontrol\u0105 system\u00f3w nowszych od Windows XP polecam emulator <a href=\"http:\/\/www.dosbox.com\">DOSBox<\/a>.<\/p>\n<p style=\"text-align:justify\">Wi\u0119kszo\u015b\u0107 danych do programu jest predefiniowana w kodzie \u017ar\u00f3d\u0142owym. W celu dostosowania go do pracy z&nbsp;coraz szybszymi komputerami zastosowa\u0142em plik danych spowalniaj\u0105cych, o nazwie WOLNIEJ.LIN. Zawiera on cztery liczby ca\u0142kowite, dobierane eksperymentalnie, pogrupowane w dw\u00f3ch wierszach:<\/p>\n<table class=\"table table-bordered table-condensed\" style=\"width:auto\">\n<tr>\n<td>wiersz 1:<\/td>\n<td>dzielnik1<\/td>\n<td>dzielnik2<\/td>\n<\/tr>\n<tr>\n<td>wiersz 2:<\/td>\n<td>spKrok<\/td>\n<td>spMax<\/td>\n<\/tr>\n<\/table>\n<p><span class=\"b\"><i>Obja\u015bnienie:<\/i><\/span><br \/>\n<i>dzielnik1<\/i> \u2013 spowalnianie rysowania wykres\u00f3w <i>u(z, t)<\/i>, <i>i(z, t)<\/i> &nbsp;w&nbsp;stanie ustalonym przy wymuszeniu sinusoidalnym (opcja <span class=\"b\">F2<\/span>)<br \/>\n<i>dzielnik2<\/i> \u2013 spowalnianie rysowania wykres\u00f3w <i>u(z, t)<\/i> &nbsp;= <i>u<sup>+<\/sup>(z, t)<\/i> &nbsp;+ <i>u<sup>&minus;<\/sup>(z, t)<\/i> &nbsp;w&nbsp;stanie ustalonym przy wymuszeniu sinusoidalnym (opcja <span class=\"b\">F3<\/span>)<br \/>\n<i>spKrok<\/i>, <i>spMax<\/i> \u2013 spowalnianie stanu nieustalonego (opcja <span class=\"b\">F4<\/span>)<\/p>\n<p><a href=\"https:\/\/box.biaman.pl\/f\/3bf49ad399374a038e93\/?dl=1\">Pobierz program LINIA.<\/a><\/p>\n","protected":false},"excerpt":{"rendered":"<p>TECHNIKA WIELKICH CZ\u0118STOTLIWO\u015aCI Literatura W. Czarczy\u0144ski: Podstawy techniki mikrofalowej, Wyd. Politechniki Wroc\u0142awskiej, 2003. J. Dobrowolski:<a class=\"read-more\" href=\"https:\/\/we.pb.edu.pl\/kfeits\/karol-aniserowicz\/technika-w-cz\/\" title=\"Poka\u017c artyku\u0142 Technika w. cz.\">wi\u0119cej<\/a><\/p>\n","protected":false},"author":25,"featured_media":0,"parent":596,"menu_order":0,"comment_status":"closed","ping_status":"closed","template":"","meta":{"inline_featured_image":false,"ngg_post_thumbnail":0,"footnotes":""},"class_list":["post-705","page","type-page","status-publish","hentry"],"acf":[],"yoast_head":"<!-- This site is optimized with the Yoast SEO plugin v26.4 - https:\/\/yoast.com\/wordpress\/plugins\/seo\/ -->\n<title>Technika w. cz. - Katedra Fotoniki, Elektroniki i Techniki \u015awietlnej<\/title>\n<meta name=\"robots\" content=\"index, follow, max-snippet:-1, max-image-preview:large, max-video-preview:-1\" \/>\n<link rel=\"canonical\" href=\"https:\/\/we.pb.edu.pl\/kfeits\/karol-aniserowicz\/technika-w-cz\/\" \/>\n<meta property=\"og:locale\" content=\"pl_PL\" \/>\n<meta property=\"og:type\" content=\"article\" \/>\n<meta property=\"og:title\" content=\"Technika w. cz. - Katedra Fotoniki, Elektroniki i Techniki \u015awietlnej\" \/>\n<meta property=\"og:description\" content=\"TECHNIKA WIELKICH CZ\u0118STOTLIWO\u015aCI Literatura W. Czarczy\u0144ski: Podstawy techniki mikrofalowej, Wyd. Politechniki Wroc\u0142awskiej, 2003. J. Dobrowolski:wi\u0119cej\" \/>\n<meta property=\"og:url\" content=\"https:\/\/we.pb.edu.pl\/kfeits\/karol-aniserowicz\/technika-w-cz\/\" \/>\n<meta property=\"og:site_name\" content=\"Katedra Fotoniki, Elektroniki i Techniki \u015awietlnej\" \/>\n<meta property=\"article:modified_time\" content=\"2020-09-15T15:02:42+00:00\" \/>\n<meta property=\"og:image\" content=\"https:\/\/we.pb.edu.pl\/kfeits\/wp-content\/uploads\/sites\/5\/2018\/10\/linia1.gif\" \/>\n\t<meta property=\"og:image:width\" content=\"650\" \/>\n\t<meta property=\"og:image:height\" content=\"360\" \/>\n\t<meta property=\"og:image:type\" content=\"image\/gif\" \/>\n<meta name=\"twitter:card\" content=\"summary_large_image\" \/>\n<meta name=\"twitter:label1\" content=\"Szacowany czas czytania\" \/>\n\t<meta name=\"twitter:data1\" content=\"3 minuty\" \/>\n<script type=\"application\/ld+json\" class=\"yoast-schema-graph\">{\"@context\":\"https:\/\/schema.org\",\"@graph\":[{\"@type\":\"WebPage\",\"@id\":\"https:\/\/we.pb.edu.pl\/kfeits\/karol-aniserowicz\/technika-w-cz\/\",\"url\":\"https:\/\/we.pb.edu.pl\/kfeits\/karol-aniserowicz\/technika-w-cz\/\",\"name\":\"Technika w. cz. - Katedra Fotoniki, Elektroniki i Techniki \u015awietlnej\",\"isPartOf\":{\"@id\":\"https:\/\/we.pb.edu.pl\/kfeits\/#website\"},\"primaryImageOfPage\":{\"@id\":\"https:\/\/we.pb.edu.pl\/kfeits\/karol-aniserowicz\/technika-w-cz\/#primaryimage\"},\"image\":{\"@id\":\"https:\/\/we.pb.edu.pl\/kfeits\/karol-aniserowicz\/technika-w-cz\/#primaryimage\"},\"thumbnailUrl\":\"https:\/\/box.biaman.pl\/f\/e5e73653f4f94d06b6ab\/?dl=1\",\"datePublished\":\"2018-10-31T12:16:08+00:00\",\"dateModified\":\"2020-09-15T15:02:42+00:00\",\"breadcrumb\":{\"@id\":\"https:\/\/we.pb.edu.pl\/kfeits\/karol-aniserowicz\/technika-w-cz\/#breadcrumb\"},\"inLanguage\":\"pl-PL\",\"potentialAction\":[{\"@type\":\"ReadAction\",\"target\":[\"https:\/\/we.pb.edu.pl\/kfeits\/karol-aniserowicz\/technika-w-cz\/\"]}]},{\"@type\":\"ImageObject\",\"inLanguage\":\"pl-PL\",\"@id\":\"https:\/\/we.pb.edu.pl\/kfeits\/karol-aniserowicz\/technika-w-cz\/#primaryimage\",\"url\":\"https:\/\/box.biaman.pl\/f\/e5e73653f4f94d06b6ab\/?dl=1\",\"contentUrl\":\"https:\/\/box.biaman.pl\/f\/e5e73653f4f94d06b6ab\/?dl=1\"},{\"@type\":\"BreadcrumbList\",\"@id\":\"https:\/\/we.pb.edu.pl\/kfeits\/karol-aniserowicz\/technika-w-cz\/#breadcrumb\",\"itemListElement\":[{\"@type\":\"ListItem\",\"position\":1,\"name\":\"Strona g\u0142\u00f3wna\",\"item\":\"https:\/\/we.pb.edu.pl\/kfeits\/\"},{\"@type\":\"ListItem\",\"position\":2,\"name\":\"dr hab. in\u017c. Karol Aniserowicz, prof. PB\",\"item\":\"https:\/\/we.pb.edu.pl\/kfeits\/karol-aniserowicz\/\"},{\"@type\":\"ListItem\",\"position\":3,\"name\":\"Technika w. cz.\"}]},{\"@type\":\"WebSite\",\"@id\":\"https:\/\/we.pb.edu.pl\/kfeits\/#website\",\"url\":\"https:\/\/we.pb.edu.pl\/kfeits\/\",\"name\":\"Katedra Fotoniki, Elektroniki i Techniki \u015awietlnej\",\"description\":\"\",\"potentialAction\":[{\"@type\":\"SearchAction\",\"target\":{\"@type\":\"EntryPoint\",\"urlTemplate\":\"https:\/\/we.pb.edu.pl\/kfeits\/?s={search_term_string}\"},\"query-input\":{\"@type\":\"PropertyValueSpecification\",\"valueRequired\":true,\"valueName\":\"search_term_string\"}}],\"inLanguage\":\"pl-PL\"}]}<\/script>\n<!-- \/ Yoast SEO plugin. -->","yoast_head_json":{"title":"Technika w. cz. - Katedra Fotoniki, Elektroniki i Techniki \u015awietlnej","robots":{"index":"index","follow":"follow","max-snippet":"max-snippet:-1","max-image-preview":"max-image-preview:large","max-video-preview":"max-video-preview:-1"},"canonical":"https:\/\/we.pb.edu.pl\/kfeits\/karol-aniserowicz\/technika-w-cz\/","og_locale":"pl_PL","og_type":"article","og_title":"Technika w. cz. - Katedra Fotoniki, Elektroniki i Techniki \u015awietlnej","og_description":"TECHNIKA WIELKICH CZ\u0118STOTLIWO\u015aCI Literatura W. Czarczy\u0144ski: Podstawy techniki mikrofalowej, Wyd. Politechniki Wroc\u0142awskiej, 2003. J. Dobrowolski:wi\u0119cej","og_url":"https:\/\/we.pb.edu.pl\/kfeits\/karol-aniserowicz\/technika-w-cz\/","og_site_name":"Katedra Fotoniki, Elektroniki i Techniki \u015awietlnej","article_modified_time":"2020-09-15T15:02:42+00:00","og_image":[{"width":650,"height":360,"url":"https:\/\/we.pb.edu.pl\/kfeits\/wp-content\/uploads\/sites\/5\/2018\/10\/linia1.gif","type":"image\/gif"}],"twitter_card":"summary_large_image","twitter_misc":{"Szacowany czas czytania":"3 minuty"},"schema":{"@context":"https:\/\/schema.org","@graph":[{"@type":"WebPage","@id":"https:\/\/we.pb.edu.pl\/kfeits\/karol-aniserowicz\/technika-w-cz\/","url":"https:\/\/we.pb.edu.pl\/kfeits\/karol-aniserowicz\/technika-w-cz\/","name":"Technika w. cz. - Katedra Fotoniki, Elektroniki i Techniki \u015awietlnej","isPartOf":{"@id":"https:\/\/we.pb.edu.pl\/kfeits\/#website"},"primaryImageOfPage":{"@id":"https:\/\/we.pb.edu.pl\/kfeits\/karol-aniserowicz\/technika-w-cz\/#primaryimage"},"image":{"@id":"https:\/\/we.pb.edu.pl\/kfeits\/karol-aniserowicz\/technika-w-cz\/#primaryimage"},"thumbnailUrl":"https:\/\/box.biaman.pl\/f\/e5e73653f4f94d06b6ab\/?dl=1","datePublished":"2018-10-31T12:16:08+00:00","dateModified":"2020-09-15T15:02:42+00:00","breadcrumb":{"@id":"https:\/\/we.pb.edu.pl\/kfeits\/karol-aniserowicz\/technika-w-cz\/#breadcrumb"},"inLanguage":"pl-PL","potentialAction":[{"@type":"ReadAction","target":["https:\/\/we.pb.edu.pl\/kfeits\/karol-aniserowicz\/technika-w-cz\/"]}]},{"@type":"ImageObject","inLanguage":"pl-PL","@id":"https:\/\/we.pb.edu.pl\/kfeits\/karol-aniserowicz\/technika-w-cz\/#primaryimage","url":"https:\/\/box.biaman.pl\/f\/e5e73653f4f94d06b6ab\/?dl=1","contentUrl":"https:\/\/box.biaman.pl\/f\/e5e73653f4f94d06b6ab\/?dl=1"},{"@type":"BreadcrumbList","@id":"https:\/\/we.pb.edu.pl\/kfeits\/karol-aniserowicz\/technika-w-cz\/#breadcrumb","itemListElement":[{"@type":"ListItem","position":1,"name":"Strona g\u0142\u00f3wna","item":"https:\/\/we.pb.edu.pl\/kfeits\/"},{"@type":"ListItem","position":2,"name":"dr hab. in\u017c. Karol Aniserowicz, prof. PB","item":"https:\/\/we.pb.edu.pl\/kfeits\/karol-aniserowicz\/"},{"@type":"ListItem","position":3,"name":"Technika w. cz."}]},{"@type":"WebSite","@id":"https:\/\/we.pb.edu.pl\/kfeits\/#website","url":"https:\/\/we.pb.edu.pl\/kfeits\/","name":"Katedra Fotoniki, Elektroniki i Techniki \u015awietlnej","description":"","potentialAction":[{"@type":"SearchAction","target":{"@type":"EntryPoint","urlTemplate":"https:\/\/we.pb.edu.pl\/kfeits\/?s={search_term_string}"},"query-input":{"@type":"PropertyValueSpecification","valueRequired":true,"valueName":"search_term_string"}}],"inLanguage":"pl-PL"}]}},"_links":{"self":[{"href":"https:\/\/we.pb.edu.pl\/kfeits\/wp-json\/wp\/v2\/pages\/705","targetHints":{"allow":["GET"]}}],"collection":[{"href":"https:\/\/we.pb.edu.pl\/kfeits\/wp-json\/wp\/v2\/pages"}],"about":[{"href":"https:\/\/we.pb.edu.pl\/kfeits\/wp-json\/wp\/v2\/types\/page"}],"author":[{"embeddable":true,"href":"https:\/\/we.pb.edu.pl\/kfeits\/wp-json\/wp\/v2\/users\/25"}],"replies":[{"embeddable":true,"href":"https:\/\/we.pb.edu.pl\/kfeits\/wp-json\/wp\/v2\/comments?post=705"}],"version-history":[{"count":37,"href":"https:\/\/we.pb.edu.pl\/kfeits\/wp-json\/wp\/v2\/pages\/705\/revisions"}],"predecessor-version":[{"id":2398,"href":"https:\/\/we.pb.edu.pl\/kfeits\/wp-json\/wp\/v2\/pages\/705\/revisions\/2398"}],"up":[{"embeddable":true,"href":"https:\/\/we.pb.edu.pl\/kfeits\/wp-json\/wp\/v2\/pages\/596"}],"wp:attachment":[{"href":"https:\/\/we.pb.edu.pl\/kfeits\/wp-json\/wp\/v2\/media?parent=705"}],"curies":[{"name":"wp","href":"https:\/\/api.w.org\/{rel}","templated":true}]}}