{"id":669,"date":"2019-09-07T11:52:31","date_gmt":"2019-09-07T09:52:31","guid":{"rendered":"https:\/\/we.pb.edu.pl\/ktiae\/?page_id=669"},"modified":"2025-01-28T09:19:11","modified_gmt":"2025-01-28T08:19:11","slug":"ogloszenia","status":"publish","type":"page","link":"https:\/\/we.pb.edu.pl\/kfeits\/karol-aniserowicz\/ogloszenia\/","title":{"rendered":"Og\u0142oszenia"},"content":{"rendered":"<h3>Elektronika i Telekomunikacja &#8211; studia stacjonarne I stopnia<\/h3>\n<hr \/>\n<h4>Protok\u00f3\u0142 z zaj\u0119\u0107 laboratoryjnych lub z pracowni specjalistycznej<\/h4>\n<p><a href=\"https:\/\/box.biaman.pl\/f\/4801c5c456d342959736\/?dl=1\">Co powinien zawiera\u0107 protok\u00f3\u0142 z wykonanego \u0107wiczenia?<\/a><\/p>\n<hr \/>\n<h3>Prace dyplomowe<\/h3>\n<p><a href=\"https:\/\/box.biaman.pl\/f\/0edad6cb129f46ad8dbe\/?dl=1\">Co powinna zawiera\u0107 praca dyplomowa?<\/a><br \/>\n<a href=\"http:\/\/slideplayer.pl\/slide\/3115033\/\">Jak pisa\u0107 prac\u0119 dyplomow\u0105.<\/a><\/p>\n<hr \/>\n","protected":false},"excerpt":{"rendered":"<p>Elektronika i Telekomunikacja &#8211; studia stacjonarne I stopnia Protok\u00f3\u0142 z zaj\u0119\u0107 laboratoryjnych lub z pracowni<a class=\"read-more\" href=\"https:\/\/we.pb.edu.pl\/kfeits\/karol-aniserowicz\/ogloszenia\/\" title=\"Poka\u017c artyku\u0142 Og\u0142oszenia\">wi\u0119cej<\/a><\/p>\n","protected":false},"author":25,"featured_media":0,"parent":596,"menu_order":0,"comment_status":"closed","ping_status":"closed","template":"","meta":{"inline_featured_image":false,"ngg_post_thumbnail":0,"footnotes":""},"class_list":["post-669","page","type-page","status-publish","hentry"],"acf":[],"yoast_head":"<!-- This site is optimized with the Yoast SEO plugin v26.4 - https:\/\/yoast.com\/wordpress\/plugins\/seo\/ -->\n<title>Og\u0142oszenia - Katedra Fotoniki, Elektroniki i Techniki \u015awietlnej<\/title>\n<meta name=\"robots\" content=\"index, follow, max-snippet:-1, max-image-preview:large, max-video-preview:-1\" \/>\n<link rel=\"canonical\" href=\"https:\/\/we.pb.edu.pl\/kfeits\/karol-aniserowicz\/ogloszenia\/\" \/>\n<meta property=\"og:locale\" content=\"pl_PL\" \/>\n<meta property=\"og:type\" content=\"article\" \/>\n<meta property=\"og:title\" content=\"Og\u0142oszenia - Katedra Fotoniki, Elektroniki i Techniki \u015awietlnej\" \/>\n<meta property=\"og:description\" content=\"Elektronika i Telekomunikacja &#8211; studia stacjonarne I stopnia Protok\u00f3\u0142 z zaj\u0119\u0107 laboratoryjnych lub z pracowniwi\u0119cej\" \/>\n<meta property=\"og:url\" content=\"https:\/\/we.pb.edu.pl\/kfeits\/karol-aniserowicz\/ogloszenia\/\" \/>\n<meta property=\"og:site_name\" content=\"Katedra Fotoniki, Elektroniki i Techniki \u015awietlnej\" \/>\n<meta property=\"article:modified_time\" content=\"2025-01-28T08:19:11+00:00\" \/>\n<meta name=\"twitter:card\" content=\"summary_large_image\" \/>\n<meta name=\"twitter:label1\" content=\"Szacowany czas czytania\" \/>\n\t<meta name=\"twitter:data1\" content=\"1 minuta\" \/>\n<script type=\"application\/ld+json\" class=\"yoast-schema-graph\">{\"@context\":\"https:\/\/schema.org\",\"@graph\":[{\"@type\":\"WebPage\",\"@id\":\"https:\/\/we.pb.edu.pl\/kfeits\/karol-aniserowicz\/ogloszenia\/\",\"url\":\"https:\/\/we.pb.edu.pl\/kfeits\/karol-aniserowicz\/ogloszenia\/\",\"name\":\"Og\u0142oszenia - Katedra Fotoniki, Elektroniki i Techniki \u015awietlnej\",\"isPartOf\":{\"@id\":\"https:\/\/we.pb.edu.pl\/kfeits\/#website\"},\"datePublished\":\"2019-09-07T09:52:31+00:00\",\"dateModified\":\"2025-01-28T08:19:11+00:00\",\"breadcrumb\":{\"@id\":\"https:\/\/we.pb.edu.pl\/kfeits\/karol-aniserowicz\/ogloszenia\/#breadcrumb\"},\"inLanguage\":\"pl-PL\",\"potentialAction\":[{\"@type\":\"ReadAction\",\"target\":[\"https:\/\/we.pb.edu.pl\/kfeits\/karol-aniserowicz\/ogloszenia\/\"]}]},{\"@type\":\"BreadcrumbList\",\"@id\":\"https:\/\/we.pb.edu.pl\/kfeits\/karol-aniserowicz\/ogloszenia\/#breadcrumb\",\"itemListElement\":[{\"@type\":\"ListItem\",\"position\":1,\"name\":\"Strona g\u0142\u00f3wna\",\"item\":\"https:\/\/we.pb.edu.pl\/kfeits\/\"},{\"@type\":\"ListItem\",\"position\":2,\"name\":\"dr hab. in\u017c. Karol Aniserowicz, prof. PB\",\"item\":\"https:\/\/we.pb.edu.pl\/kfeits\/karol-aniserowicz\/\"},{\"@type\":\"ListItem\",\"position\":3,\"name\":\"Og\u0142oszenia\"}]},{\"@type\":\"WebSite\",\"@id\":\"https:\/\/we.pb.edu.pl\/kfeits\/#website\",\"url\":\"https:\/\/we.pb.edu.pl\/kfeits\/\",\"name\":\"Katedra Fotoniki, Elektroniki i Techniki \u015awietlnej\",\"description\":\"\",\"potentialAction\":[{\"@type\":\"SearchAction\",\"target\":{\"@type\":\"EntryPoint\",\"urlTemplate\":\"https:\/\/we.pb.edu.pl\/kfeits\/?s={search_term_string}\"},\"query-input\":{\"@type\":\"PropertyValueSpecification\",\"valueRequired\":true,\"valueName\":\"search_term_string\"}}],\"inLanguage\":\"pl-PL\"}]}<\/script>\n<!-- \/ Yoast SEO plugin. -->","yoast_head_json":{"title":"Og\u0142oszenia - Katedra Fotoniki, Elektroniki i Techniki \u015awietlnej","robots":{"index":"index","follow":"follow","max-snippet":"max-snippet:-1","max-image-preview":"max-image-preview:large","max-video-preview":"max-video-preview:-1"},"canonical":"https:\/\/we.pb.edu.pl\/kfeits\/karol-aniserowicz\/ogloszenia\/","og_locale":"pl_PL","og_type":"article","og_title":"Og\u0142oszenia - Katedra Fotoniki, Elektroniki i Techniki \u015awietlnej","og_description":"Elektronika i Telekomunikacja &#8211; studia stacjonarne I stopnia Protok\u00f3\u0142 z zaj\u0119\u0107 laboratoryjnych lub z pracowniwi\u0119cej","og_url":"https:\/\/we.pb.edu.pl\/kfeits\/karol-aniserowicz\/ogloszenia\/","og_site_name":"Katedra Fotoniki, Elektroniki i Techniki \u015awietlnej","article_modified_time":"2025-01-28T08:19:11+00:00","twitter_card":"summary_large_image","twitter_misc":{"Szacowany czas czytania":"1 minuta"},"schema":{"@context":"https:\/\/schema.org","@graph":[{"@type":"WebPage","@id":"https:\/\/we.pb.edu.pl\/kfeits\/karol-aniserowicz\/ogloszenia\/","url":"https:\/\/we.pb.edu.pl\/kfeits\/karol-aniserowicz\/ogloszenia\/","name":"Og\u0142oszenia - Katedra Fotoniki, Elektroniki i Techniki \u015awietlnej","isPartOf":{"@id":"https:\/\/we.pb.edu.pl\/kfeits\/#website"},"datePublished":"2019-09-07T09:52:31+00:00","dateModified":"2025-01-28T08:19:11+00:00","breadcrumb":{"@id":"https:\/\/we.pb.edu.pl\/kfeits\/karol-aniserowicz\/ogloszenia\/#breadcrumb"},"inLanguage":"pl-PL","potentialAction":[{"@type":"ReadAction","target":["https:\/\/we.pb.edu.pl\/kfeits\/karol-aniserowicz\/ogloszenia\/"]}]},{"@type":"BreadcrumbList","@id":"https:\/\/we.pb.edu.pl\/kfeits\/karol-aniserowicz\/ogloszenia\/#breadcrumb","itemListElement":[{"@type":"ListItem","position":1,"name":"Strona g\u0142\u00f3wna","item":"https:\/\/we.pb.edu.pl\/kfeits\/"},{"@type":"ListItem","position":2,"name":"dr hab. in\u017c. Karol Aniserowicz, prof. PB","item":"https:\/\/we.pb.edu.pl\/kfeits\/karol-aniserowicz\/"},{"@type":"ListItem","position":3,"name":"Og\u0142oszenia"}]},{"@type":"WebSite","@id":"https:\/\/we.pb.edu.pl\/kfeits\/#website","url":"https:\/\/we.pb.edu.pl\/kfeits\/","name":"Katedra Fotoniki, Elektroniki i Techniki \u015awietlnej","description":"","potentialAction":[{"@type":"SearchAction","target":{"@type":"EntryPoint","urlTemplate":"https:\/\/we.pb.edu.pl\/kfeits\/?s={search_term_string}"},"query-input":{"@type":"PropertyValueSpecification","valueRequired":true,"valueName":"search_term_string"}}],"inLanguage":"pl-PL"}]}},"_links":{"self":[{"href":"https:\/\/we.pb.edu.pl\/kfeits\/wp-json\/wp\/v2\/pages\/669","targetHints":{"allow":["GET"]}}],"collection":[{"href":"https:\/\/we.pb.edu.pl\/kfeits\/wp-json\/wp\/v2\/pages"}],"about":[{"href":"https:\/\/we.pb.edu.pl\/kfeits\/wp-json\/wp\/v2\/types\/page"}],"author":[{"embeddable":true,"href":"https:\/\/we.pb.edu.pl\/kfeits\/wp-json\/wp\/v2\/users\/25"}],"replies":[{"embeddable":true,"href":"https:\/\/we.pb.edu.pl\/kfeits\/wp-json\/wp\/v2\/comments?post=669"}],"version-history":[{"count":146,"href":"https:\/\/we.pb.edu.pl\/kfeits\/wp-json\/wp\/v2\/pages\/669\/revisions"}],"predecessor-version":[{"id":4726,"href":"https:\/\/we.pb.edu.pl\/kfeits\/wp-json\/wp\/v2\/pages\/669\/revisions\/4726"}],"up":[{"embeddable":true,"href":"https:\/\/we.pb.edu.pl\/kfeits\/wp-json\/wp\/v2\/pages\/596"}],"wp:attachment":[{"href":"https:\/\/we.pb.edu.pl\/kfeits\/wp-json\/wp\/v2\/media?parent=669"}],"curies":[{"name":"wp","href":"https:\/\/api.w.org\/{rel}","templated":true}]}}