{"id":664,"date":"2018-10-31T08:50:42","date_gmt":"2018-10-31T07:50:42","guid":{"rendered":"https:\/\/we.pb.edu.pl\/ktiae\/?page_id=664"},"modified":"2019-08-22T22:34:02","modified_gmt":"2019-08-22T20:34:02","slug":"szkola_doktorska","status":"publish","type":"page","link":"https:\/\/we.pb.edu.pl\/kfeits\/karol-aniserowicz\/szkola_doktorska\/","title":{"rendered":"Szko\u0142a doktorska"},"content":{"rendered":"<h3 style=\"text-align:center\">SZKO\u0141A DOKTORSKA PB<\/h3>\n<h4 style=\"text-align:center\">Metody numeryczne w zagadnieniach elektrodynamiki<\/h3>\n<h4>Literatura<\/h4>\n<ol class=\"compact\">\n<li>K. Aniserowicz: <i>Wybrane metody przybli\u017conego rozwi\u0105zywania zagadnie\u0144 brzegowych elektrodynamiki technicznej<\/i>, Oficyna Wyd. Politechniki Bia\u0142ostockiej, Bia\u0142ystok 2017.<\/li>\n<li>K. Aniserowicz: &#8222;Comparison of different numerical methods for solving boundary-value problems in electromagnetics&#8221;, <i>IEEE Transactions on Education<\/i>, vol. 47, no. 2, pp. 241-246, 2004.<\/li>\n<li>W. \u017bakowski, W. Ko\u0142odziej: <i>Matematyka<\/i>, cz\u0119\u015b\u0107 II, rozdz. IV, WNT.<\/li>\n<li>Strona internetowa pakietu <a href=\"http:\/\/sourceforge.net\/projects\/maxima\/files\/\">Maxima<\/a> do oblicze\u0144 symbolicznych.<\/li>\n<li>K. J. Bathe: <i>Finite element procedures<\/i>, Prentice-Hall, 1996.<\/li>\n<li>R. F. Harrington: <i>Field computation by moment methods<\/i>, New York, IEEE Press, 1993.<\/li>\n<li>J. N. Reddy: <i>Energy principles and variational methods in applied mechanics<\/i>, J. Wiley &amp; Sons, 2002.<\/li>\n<li>O. C. Zienkiewicz, K. Morgan: <i>Finite elements and approximation<\/i>, Dover Publications, 2006.<\/li>\n<\/ol>\n<h4>Materia\u0142y<\/h4>\n<p>Dokumentacja pakietu Maxima jest <a href=\"http:\/\/maxima.sourceforge.net\/documentation.html\">tutaj<\/a>.<\/p>\n","protected":false},"excerpt":{"rendered":"<p>SZKO\u0141A DOKTORSKA PB Metody numeryczne w zagadnieniach elektrodynamiki Literatura K. Aniserowicz: Wybrane metody przybli\u017conego rozwi\u0105zywania<a class=\"read-more\" href=\"https:\/\/we.pb.edu.pl\/kfeits\/karol-aniserowicz\/szkola_doktorska\/\" title=\"Poka\u017c artyku\u0142 Szko\u0142a doktorska\">wi\u0119cej<\/a><\/p>\n","protected":false},"author":25,"featured_media":0,"parent":596,"menu_order":0,"comment_status":"closed","ping_status":"closed","template":"","meta":{"inline_featured_image":false,"ngg_post_thumbnail":0,"footnotes":""},"class_list":["post-664","page","type-page","status-publish","hentry"],"acf":[],"yoast_head":"<!-- This site is optimized with the Yoast SEO plugin v26.4 - https:\/\/yoast.com\/wordpress\/plugins\/seo\/ -->\n<title>Szko\u0142a doktorska - Katedra Fotoniki, Elektroniki i Techniki \u015awietlnej<\/title>\n<meta name=\"robots\" content=\"index, follow, max-snippet:-1, max-image-preview:large, max-video-preview:-1\" \/>\n<link rel=\"canonical\" href=\"https:\/\/we.pb.edu.pl\/kfeits\/karol-aniserowicz\/szkola_doktorska\/\" \/>\n<meta property=\"og:locale\" content=\"pl_PL\" \/>\n<meta property=\"og:type\" content=\"article\" \/>\n<meta property=\"og:title\" content=\"Szko\u0142a doktorska - Katedra Fotoniki, Elektroniki i Techniki \u015awietlnej\" \/>\n<meta property=\"og:description\" content=\"SZKO\u0141A DOKTORSKA PB Metody numeryczne w zagadnieniach elektrodynamiki Literatura K. Aniserowicz: Wybrane metody przybli\u017conego rozwi\u0105zywaniawi\u0119cej\" \/>\n<meta property=\"og:url\" content=\"https:\/\/we.pb.edu.pl\/kfeits\/karol-aniserowicz\/szkola_doktorska\/\" \/>\n<meta property=\"og:site_name\" content=\"Katedra Fotoniki, Elektroniki i Techniki \u015awietlnej\" \/>\n<meta property=\"article:modified_time\" content=\"2019-08-22T20:34:02+00:00\" \/>\n<meta name=\"twitter:card\" content=\"summary_large_image\" \/>\n<meta name=\"twitter:label1\" content=\"Szacowany czas czytania\" \/>\n\t<meta name=\"twitter:data1\" content=\"1 minuta\" \/>\n<script type=\"application\/ld+json\" class=\"yoast-schema-graph\">{\"@context\":\"https:\/\/schema.org\",\"@graph\":[{\"@type\":\"WebPage\",\"@id\":\"https:\/\/we.pb.edu.pl\/kfeits\/karol-aniserowicz\/szkola_doktorska\/\",\"url\":\"https:\/\/we.pb.edu.pl\/kfeits\/karol-aniserowicz\/szkola_doktorska\/\",\"name\":\"Szko\u0142a doktorska - Katedra Fotoniki, Elektroniki i Techniki \u015awietlnej\",\"isPartOf\":{\"@id\":\"https:\/\/we.pb.edu.pl\/kfeits\/#website\"},\"datePublished\":\"2018-10-31T07:50:42+00:00\",\"dateModified\":\"2019-08-22T20:34:02+00:00\",\"breadcrumb\":{\"@id\":\"https:\/\/we.pb.edu.pl\/kfeits\/karol-aniserowicz\/szkola_doktorska\/#breadcrumb\"},\"inLanguage\":\"pl-PL\",\"potentialAction\":[{\"@type\":\"ReadAction\",\"target\":[\"https:\/\/we.pb.edu.pl\/kfeits\/karol-aniserowicz\/szkola_doktorska\/\"]}]},{\"@type\":\"BreadcrumbList\",\"@id\":\"https:\/\/we.pb.edu.pl\/kfeits\/karol-aniserowicz\/szkola_doktorska\/#breadcrumb\",\"itemListElement\":[{\"@type\":\"ListItem\",\"position\":1,\"name\":\"Strona g\u0142\u00f3wna\",\"item\":\"https:\/\/we.pb.edu.pl\/kfeits\/\"},{\"@type\":\"ListItem\",\"position\":2,\"name\":\"dr hab. in\u017c. Karol Aniserowicz, prof. PB\",\"item\":\"https:\/\/we.pb.edu.pl\/kfeits\/karol-aniserowicz\/\"},{\"@type\":\"ListItem\",\"position\":3,\"name\":\"Szko\u0142a doktorska\"}]},{\"@type\":\"WebSite\",\"@id\":\"https:\/\/we.pb.edu.pl\/kfeits\/#website\",\"url\":\"https:\/\/we.pb.edu.pl\/kfeits\/\",\"name\":\"Katedra Fotoniki, Elektroniki i Techniki \u015awietlnej\",\"description\":\"\",\"potentialAction\":[{\"@type\":\"SearchAction\",\"target\":{\"@type\":\"EntryPoint\",\"urlTemplate\":\"https:\/\/we.pb.edu.pl\/kfeits\/?s={search_term_string}\"},\"query-input\":{\"@type\":\"PropertyValueSpecification\",\"valueRequired\":true,\"valueName\":\"search_term_string\"}}],\"inLanguage\":\"pl-PL\"}]}<\/script>\n<!-- \/ Yoast SEO plugin. -->","yoast_head_json":{"title":"Szko\u0142a doktorska - Katedra Fotoniki, Elektroniki i Techniki \u015awietlnej","robots":{"index":"index","follow":"follow","max-snippet":"max-snippet:-1","max-image-preview":"max-image-preview:large","max-video-preview":"max-video-preview:-1"},"canonical":"https:\/\/we.pb.edu.pl\/kfeits\/karol-aniserowicz\/szkola_doktorska\/","og_locale":"pl_PL","og_type":"article","og_title":"Szko\u0142a doktorska - Katedra Fotoniki, Elektroniki i Techniki \u015awietlnej","og_description":"SZKO\u0141A DOKTORSKA PB Metody numeryczne w zagadnieniach elektrodynamiki Literatura K. Aniserowicz: Wybrane metody przybli\u017conego rozwi\u0105zywaniawi\u0119cej","og_url":"https:\/\/we.pb.edu.pl\/kfeits\/karol-aniserowicz\/szkola_doktorska\/","og_site_name":"Katedra Fotoniki, Elektroniki i Techniki \u015awietlnej","article_modified_time":"2019-08-22T20:34:02+00:00","twitter_card":"summary_large_image","twitter_misc":{"Szacowany czas czytania":"1 minuta"},"schema":{"@context":"https:\/\/schema.org","@graph":[{"@type":"WebPage","@id":"https:\/\/we.pb.edu.pl\/kfeits\/karol-aniserowicz\/szkola_doktorska\/","url":"https:\/\/we.pb.edu.pl\/kfeits\/karol-aniserowicz\/szkola_doktorska\/","name":"Szko\u0142a doktorska - Katedra Fotoniki, Elektroniki i Techniki \u015awietlnej","isPartOf":{"@id":"https:\/\/we.pb.edu.pl\/kfeits\/#website"},"datePublished":"2018-10-31T07:50:42+00:00","dateModified":"2019-08-22T20:34:02+00:00","breadcrumb":{"@id":"https:\/\/we.pb.edu.pl\/kfeits\/karol-aniserowicz\/szkola_doktorska\/#breadcrumb"},"inLanguage":"pl-PL","potentialAction":[{"@type":"ReadAction","target":["https:\/\/we.pb.edu.pl\/kfeits\/karol-aniserowicz\/szkola_doktorska\/"]}]},{"@type":"BreadcrumbList","@id":"https:\/\/we.pb.edu.pl\/kfeits\/karol-aniserowicz\/szkola_doktorska\/#breadcrumb","itemListElement":[{"@type":"ListItem","position":1,"name":"Strona g\u0142\u00f3wna","item":"https:\/\/we.pb.edu.pl\/kfeits\/"},{"@type":"ListItem","position":2,"name":"dr hab. in\u017c. Karol Aniserowicz, prof. PB","item":"https:\/\/we.pb.edu.pl\/kfeits\/karol-aniserowicz\/"},{"@type":"ListItem","position":3,"name":"Szko\u0142a doktorska"}]},{"@type":"WebSite","@id":"https:\/\/we.pb.edu.pl\/kfeits\/#website","url":"https:\/\/we.pb.edu.pl\/kfeits\/","name":"Katedra Fotoniki, Elektroniki i Techniki \u015awietlnej","description":"","potentialAction":[{"@type":"SearchAction","target":{"@type":"EntryPoint","urlTemplate":"https:\/\/we.pb.edu.pl\/kfeits\/?s={search_term_string}"},"query-input":{"@type":"PropertyValueSpecification","valueRequired":true,"valueName":"search_term_string"}}],"inLanguage":"pl-PL"}]}},"_links":{"self":[{"href":"https:\/\/we.pb.edu.pl\/kfeits\/wp-json\/wp\/v2\/pages\/664","targetHints":{"allow":["GET"]}}],"collection":[{"href":"https:\/\/we.pb.edu.pl\/kfeits\/wp-json\/wp\/v2\/pages"}],"about":[{"href":"https:\/\/we.pb.edu.pl\/kfeits\/wp-json\/wp\/v2\/types\/page"}],"author":[{"embeddable":true,"href":"https:\/\/we.pb.edu.pl\/kfeits\/wp-json\/wp\/v2\/users\/25"}],"replies":[{"embeddable":true,"href":"https:\/\/we.pb.edu.pl\/kfeits\/wp-json\/wp\/v2\/comments?post=664"}],"version-history":[{"count":7,"href":"https:\/\/we.pb.edu.pl\/kfeits\/wp-json\/wp\/v2\/pages\/664\/revisions"}],"predecessor-version":[{"id":1184,"href":"https:\/\/we.pb.edu.pl\/kfeits\/wp-json\/wp\/v2\/pages\/664\/revisions\/1184"}],"up":[{"embeddable":true,"href":"https:\/\/we.pb.edu.pl\/kfeits\/wp-json\/wp\/v2\/pages\/596"}],"wp:attachment":[{"href":"https:\/\/we.pb.edu.pl\/kfeits\/wp-json\/wp\/v2\/media?parent=664"}],"curies":[{"name":"wp","href":"https:\/\/api.w.org\/{rel}","templated":true}]}}