{"id":6212,"date":"2026-02-23T22:23:12","date_gmt":"2026-02-23T21:23:12","guid":{"rendered":"https:\/\/we.pb.edu.pl\/kfeits\/?page_id=6212"},"modified":"2026-04-02T12:44:03","modified_gmt":"2026-04-02T10:44:03","slug":"posi","status":"publish","type":"page","link":"https:\/\/we.pb.edu.pl\/kfeits\/dariusz-janczak\/eit\/posi\/","title":{"rendered":"Przetwarzanie obraz\u00f3w i sztuczna inteligencja w systemach Internetu rzeczy"},"content":{"rendered":"<p><b>Materia\u0142y do wyk\u0142ad\u00f3w<\/b><\/p>\n<ul>\n<li style=\"list-style-type: none\">\n<ul>\n<li><a href=\"https:\/\/box.biaman.pl\/f\/d05146b1d2e14a82a0f5\/?raw=1&amp;ext=.pdf\">cz\u0119\u015b\u0107 1<\/a><\/li>\n<li><a href=\"https:\/\/box.biaman.pl\/f\/c377e8d74f0648ac92c0\/?raw=1&amp;ext=.pdf\">cz\u0119\u015b\u0107 2<\/a><\/li>\n<li>cz\u0119\u015b\u0107 3<\/li>\n<li>cz\u0119\u015b\u0107 4<\/li>\n<\/ul>\n<\/li>\n<\/ul>\n<p>&nbsp;<\/p>\n<hr \/>\n<p><b>Instrukcje do \u0107wicze\u0144 laboratoryjnych:<\/b><\/p>\n<ul>\n<li><a href=\"https:\/\/box.biaman.pl\/f\/56c812fedafb476981fe\/?raw=1&amp;ext=.pdf\"> Przetwarzanie obrazu i wizualizacja danych<\/a><\/li>\n<li><a href=\"https:\/\/box.biaman.pl\/f\/b57b8c2e02004429a1c2\/?raw=1&amp;ext=.pdf\">Badanie metod filtracji obrazu<\/a><\/li>\n<li><a href=\"https:\/\/box.biaman.pl\/f\/eff8bc2b04d946d5a8b0\/?raw=1&amp;ext=.pdf\">Wykorzystanie przestrzeni kolor\u00f3w HSV do \u015bledzenie obiekt\u00f3w<\/a><\/li>\n<\/ul>\n","protected":false},"excerpt":{"rendered":"<p>Materia\u0142y do wyk\u0142ad\u00f3w cz\u0119\u015b\u0107 1 cz\u0119\u015b\u0107 2 cz\u0119\u015b\u0107 3 cz\u0119\u015b\u0107 4 &nbsp; Instrukcje do \u0107wicze\u0144<a class=\"read-more\" href=\"https:\/\/we.pb.edu.pl\/kfeits\/dariusz-janczak\/eit\/posi\/\" title=\"Poka\u017c artyku\u0142 Przetwarzanie obraz\u00f3w i sztuczna inteligencja w systemach Internetu rzeczy\">wi\u0119cej<\/a><\/p>\n","protected":false},"author":22,"featured_media":0,"parent":5170,"menu_order":0,"comment_status":"closed","ping_status":"closed","template":"","meta":{"inline_featured_image":false,"ngg_post_thumbnail":0,"footnotes":""},"class_list":["post-6212","page","type-page","status-publish","hentry"],"acf":[],"yoast_head":"<!-- This site is optimized with the Yoast SEO plugin v26.4 - https:\/\/yoast.com\/wordpress\/plugins\/seo\/ -->\n<title>Przetwarzanie obraz\u00f3w i sztuczna inteligencja w systemach Internetu rzeczy - Katedra Fotoniki, Elektroniki i Techniki \u015awietlnej<\/title>\n<meta name=\"robots\" content=\"index, follow, max-snippet:-1, max-image-preview:large, max-video-preview:-1\" \/>\n<link rel=\"canonical\" href=\"https:\/\/we.pb.edu.pl\/kfeits\/dariusz-janczak\/eit\/posi\/\" \/>\n<meta property=\"og:locale\" content=\"pl_PL\" \/>\n<meta property=\"og:type\" content=\"article\" \/>\n<meta property=\"og:title\" content=\"Przetwarzanie obraz\u00f3w i sztuczna inteligencja w systemach Internetu rzeczy - Katedra Fotoniki, Elektroniki i Techniki \u015awietlnej\" \/>\n<meta property=\"og:description\" content=\"Materia\u0142y do wyk\u0142ad\u00f3w cz\u0119\u015b\u0107 1 cz\u0119\u015b\u0107 2 cz\u0119\u015b\u0107 3 cz\u0119\u015b\u0107 4 &nbsp; Instrukcje do \u0107wicze\u0144wi\u0119cej\" \/>\n<meta property=\"og:url\" content=\"https:\/\/we.pb.edu.pl\/kfeits\/dariusz-janczak\/eit\/posi\/\" \/>\n<meta property=\"og:site_name\" content=\"Katedra Fotoniki, Elektroniki i Techniki \u015awietlnej\" \/>\n<meta property=\"article:modified_time\" content=\"2026-04-02T10:44:03+00:00\" \/>\n<meta name=\"twitter:card\" content=\"summary_large_image\" \/>\n<meta name=\"twitter:label1\" content=\"Szacowany czas czytania\" \/>\n\t<meta name=\"twitter:data1\" content=\"1 minuta\" \/>\n<script type=\"application\/ld+json\" class=\"yoast-schema-graph\">{\"@context\":\"https:\/\/schema.org\",\"@graph\":[{\"@type\":\"WebPage\",\"@id\":\"https:\/\/we.pb.edu.pl\/kfeits\/dariusz-janczak\/eit\/posi\/\",\"url\":\"https:\/\/we.pb.edu.pl\/kfeits\/dariusz-janczak\/eit\/posi\/\",\"name\":\"Przetwarzanie obraz\u00f3w i sztuczna inteligencja w systemach Internetu rzeczy - Katedra Fotoniki, Elektroniki i Techniki \u015awietlnej\",\"isPartOf\":{\"@id\":\"https:\/\/we.pb.edu.pl\/kfeits\/#website\"},\"datePublished\":\"2026-02-23T21:23:12+00:00\",\"dateModified\":\"2026-04-02T10:44:03+00:00\",\"breadcrumb\":{\"@id\":\"https:\/\/we.pb.edu.pl\/kfeits\/dariusz-janczak\/eit\/posi\/#breadcrumb\"},\"inLanguage\":\"pl-PL\",\"potentialAction\":[{\"@type\":\"ReadAction\",\"target\":[\"https:\/\/we.pb.edu.pl\/kfeits\/dariusz-janczak\/eit\/posi\/\"]}]},{\"@type\":\"BreadcrumbList\",\"@id\":\"https:\/\/we.pb.edu.pl\/kfeits\/dariusz-janczak\/eit\/posi\/#breadcrumb\",\"itemListElement\":[{\"@type\":\"ListItem\",\"position\":1,\"name\":\"Strona g\u0142\u00f3wna\",\"item\":\"https:\/\/we.pb.edu.pl\/kfeits\/\"},{\"@type\":\"ListItem\",\"position\":2,\"name\":\"dr hab. in\u017c. Dariusz Ja\u0144czak, prof. PB\",\"item\":\"https:\/\/we.pb.edu.pl\/kfeits\/dariusz-janczak\/\"},{\"@type\":\"ListItem\",\"position\":3,\"name\":\"Elektronika i Telekomunikacja\",\"item\":\"https:\/\/we.pb.edu.pl\/kfeits\/dariusz-janczak\/eit\/\"},{\"@type\":\"ListItem\",\"position\":4,\"name\":\"Przetwarzanie obraz\u00f3w i sztuczna inteligencja w systemach Internetu rzeczy\"}]},{\"@type\":\"WebSite\",\"@id\":\"https:\/\/we.pb.edu.pl\/kfeits\/#website\",\"url\":\"https:\/\/we.pb.edu.pl\/kfeits\/\",\"name\":\"Katedra Fotoniki, Elektroniki i Techniki \u015awietlnej\",\"description\":\"\",\"potentialAction\":[{\"@type\":\"SearchAction\",\"target\":{\"@type\":\"EntryPoint\",\"urlTemplate\":\"https:\/\/we.pb.edu.pl\/kfeits\/?s={search_term_string}\"},\"query-input\":{\"@type\":\"PropertyValueSpecification\",\"valueRequired\":true,\"valueName\":\"search_term_string\"}}],\"inLanguage\":\"pl-PL\"}]}<\/script>\n<!-- \/ Yoast SEO plugin. -->","yoast_head_json":{"title":"Przetwarzanie obraz\u00f3w i sztuczna inteligencja w systemach Internetu rzeczy - Katedra Fotoniki, Elektroniki i Techniki \u015awietlnej","robots":{"index":"index","follow":"follow","max-snippet":"max-snippet:-1","max-image-preview":"max-image-preview:large","max-video-preview":"max-video-preview:-1"},"canonical":"https:\/\/we.pb.edu.pl\/kfeits\/dariusz-janczak\/eit\/posi\/","og_locale":"pl_PL","og_type":"article","og_title":"Przetwarzanie obraz\u00f3w i sztuczna inteligencja w systemach Internetu rzeczy - Katedra Fotoniki, Elektroniki i Techniki \u015awietlnej","og_description":"Materia\u0142y do wyk\u0142ad\u00f3w cz\u0119\u015b\u0107 1 cz\u0119\u015b\u0107 2 cz\u0119\u015b\u0107 3 cz\u0119\u015b\u0107 4 &nbsp; Instrukcje do \u0107wicze\u0144wi\u0119cej","og_url":"https:\/\/we.pb.edu.pl\/kfeits\/dariusz-janczak\/eit\/posi\/","og_site_name":"Katedra Fotoniki, Elektroniki i Techniki \u015awietlnej","article_modified_time":"2026-04-02T10:44:03+00:00","twitter_card":"summary_large_image","twitter_misc":{"Szacowany czas czytania":"1 minuta"},"schema":{"@context":"https:\/\/schema.org","@graph":[{"@type":"WebPage","@id":"https:\/\/we.pb.edu.pl\/kfeits\/dariusz-janczak\/eit\/posi\/","url":"https:\/\/we.pb.edu.pl\/kfeits\/dariusz-janczak\/eit\/posi\/","name":"Przetwarzanie obraz\u00f3w i sztuczna inteligencja w systemach Internetu rzeczy - Katedra Fotoniki, Elektroniki i Techniki \u015awietlnej","isPartOf":{"@id":"https:\/\/we.pb.edu.pl\/kfeits\/#website"},"datePublished":"2026-02-23T21:23:12+00:00","dateModified":"2026-04-02T10:44:03+00:00","breadcrumb":{"@id":"https:\/\/we.pb.edu.pl\/kfeits\/dariusz-janczak\/eit\/posi\/#breadcrumb"},"inLanguage":"pl-PL","potentialAction":[{"@type":"ReadAction","target":["https:\/\/we.pb.edu.pl\/kfeits\/dariusz-janczak\/eit\/posi\/"]}]},{"@type":"BreadcrumbList","@id":"https:\/\/we.pb.edu.pl\/kfeits\/dariusz-janczak\/eit\/posi\/#breadcrumb","itemListElement":[{"@type":"ListItem","position":1,"name":"Strona g\u0142\u00f3wna","item":"https:\/\/we.pb.edu.pl\/kfeits\/"},{"@type":"ListItem","position":2,"name":"dr hab. in\u017c. Dariusz Ja\u0144czak, prof. PB","item":"https:\/\/we.pb.edu.pl\/kfeits\/dariusz-janczak\/"},{"@type":"ListItem","position":3,"name":"Elektronika i Telekomunikacja","item":"https:\/\/we.pb.edu.pl\/kfeits\/dariusz-janczak\/eit\/"},{"@type":"ListItem","position":4,"name":"Przetwarzanie obraz\u00f3w i sztuczna inteligencja w systemach Internetu rzeczy"}]},{"@type":"WebSite","@id":"https:\/\/we.pb.edu.pl\/kfeits\/#website","url":"https:\/\/we.pb.edu.pl\/kfeits\/","name":"Katedra Fotoniki, Elektroniki i Techniki \u015awietlnej","description":"","potentialAction":[{"@type":"SearchAction","target":{"@type":"EntryPoint","urlTemplate":"https:\/\/we.pb.edu.pl\/kfeits\/?s={search_term_string}"},"query-input":{"@type":"PropertyValueSpecification","valueRequired":true,"valueName":"search_term_string"}}],"inLanguage":"pl-PL"}]}},"_links":{"self":[{"href":"https:\/\/we.pb.edu.pl\/kfeits\/wp-json\/wp\/v2\/pages\/6212","targetHints":{"allow":["GET"]}}],"collection":[{"href":"https:\/\/we.pb.edu.pl\/kfeits\/wp-json\/wp\/v2\/pages"}],"about":[{"href":"https:\/\/we.pb.edu.pl\/kfeits\/wp-json\/wp\/v2\/types\/page"}],"author":[{"embeddable":true,"href":"https:\/\/we.pb.edu.pl\/kfeits\/wp-json\/wp\/v2\/users\/22"}],"replies":[{"embeddable":true,"href":"https:\/\/we.pb.edu.pl\/kfeits\/wp-json\/wp\/v2\/comments?post=6212"}],"version-history":[{"count":9,"href":"https:\/\/we.pb.edu.pl\/kfeits\/wp-json\/wp\/v2\/pages\/6212\/revisions"}],"predecessor-version":[{"id":6364,"href":"https:\/\/we.pb.edu.pl\/kfeits\/wp-json\/wp\/v2\/pages\/6212\/revisions\/6364"}],"up":[{"embeddable":true,"href":"https:\/\/we.pb.edu.pl\/kfeits\/wp-json\/wp\/v2\/pages\/5170"}],"wp:attachment":[{"href":"https:\/\/we.pb.edu.pl\/kfeits\/wp-json\/wp\/v2\/media?parent=6212"}],"curies":[{"name":"wp","href":"https:\/\/api.w.org\/{rel}","templated":true}]}}