{"id":618,"date":"2018-10-24T14:15:59","date_gmt":"2018-10-24T12:15:59","guid":{"rendered":"https:\/\/we.pb.edu.pl\/ktiae\/?page_id=618"},"modified":"2023-10-18T22:16:34","modified_gmt":"2023-10-18T20:16:34","slug":"techniki-obliczeniowe","status":"publish","type":"page","link":"https:\/\/we.pb.edu.pl\/kfeits\/karol-aniserowicz\/techniki-obliczeniowe\/","title":{"rendered":"Techniki obliczeniowe"},"content":{"rendered":"<p style=\"font-size:85%\"><i>&#8222;As far as the laws of mathematics refer to reality, they are not certain, as far as they are certain, they do not refer to reality.&#8221;<br \/>\nAlbert Einstein<\/i><\/p>\n<h3 style=\"text-align:center\">TECHNIKI OBLICZENIOWE I SYMULACYJNE<\/h3>\n<h4 style=\"text-align:center\">Literatura do wyk\u0142ad\u00f3w<\/h4>\n<ol class=\"compact\">\n<li><b> K. Aniserowicz: <i>Projektowanie uk\u0142ad\u00f3w elektronicznych wspomagane komputerowo<\/i>, Wyd. PB, Bia\u0142ystok 2010.<\/b><\/li>\n<li> M. Bia\u0142ko: <i>Analiza uk\u0142ad\u00f3w elektronicznych wspomagana mikrokomputerem<\/i>, WNT, W-wa 1989.<\/li>\n<li> D. A. Calahan: <i>Projektowanie uk\u0142ad\u00f3w elektronicznych za pomoc\u0105 maszyny cyfrowej<\/i>, WNT, W-wa 1978.<\/li>\n<li> L. O. Chua, P. M. Lin: <i>Komputerowa analiza uk\u0142ad\u00f3w elektronicznych<\/i>, WNT, W-wa 1981.<\/li>\n<li> M. Dryja, J. i M. Jankowscy: <i>Przegl\u0105d metod i algorytm\u00f3w numerycznych<\/i>, WNT, W-wa 1988.<\/li>\n<li> Z. Fortuna, B. Macukow, J. W\u0105sowski: <i>Metody numeryczne<\/i>, WNT, W-wa 2006.<\/li>\n<li> J. Gierba, W. Oniszczuk, S. Zajkowski: <i>Metody komputerowe oblicze\u0144 numerycznych (Turbo Pascal)<\/i>, skrypt PB, Bia\u0142ystok 1991.<\/li>\n<li> B. Irons, N. G. Shrive: <i>Numerical Methods in Engineering and Applied Science: Numbers Are Fun<\/i>, Ellis Horwood Limited, Chichester 1987.<\/li>\n<li> D. Kincaid, W. Cheney: <i>Analiza numeryczna<\/i>, WNT, W-wa 2006.<\/li>\n<li> J. Krupka, R. Z. Morawski, L. J. Opalski: <i>Wst\u0119p do metod numerycznych dla student\u00f3w elektroniki i&nbsp;technik informacyjnych<\/i>, Wyd. Politechniki Warszawskiej, W-wa 1999.<\/li>\n<li> A. Krupowicz: <i>Metody numeryczne zagadnie\u0144 pocz\u0105tkowych r\u00f3wna\u0144 r\u00f3\u017cniczkowych zwyczajnych<\/i>, PWN, W-wa 1986.<\/li>\n<li><b> P. Krzy\u017canowski, L. Plaskota: <a href=\"http:\/\/wazniak.mimuw.edu.pl\/index.php?title=Metody_numeryczne\" target=\"_blank\" rel=\"noopener noreferrer\"><i>Metody numeryczne<\/i><\/a><\/b><\/li>\n<li> W. Marciniak: <i>Modele element\u00f3w p\u00f3\u0142przewodnikowych<\/i>, WNT, W-wa 1985.<\/li>\n<li><b> S. Ros\u0142oniec: <i>Wybrane metody numeryczne z przyk\u0142adami zastosowa\u0144 w zadaniach in\u017cynierskich<\/i>, Wyd. Politechniki Warszawskiej, W-wa 2008.<\/b><\/li>\n<li> <a href=\"http:\/\/www.elportal.pl\/ea\/\" target=\"_blank\" rel=\"noopener noreferrer\">http:\/\/www.elportal.pl\/ea\/<\/a><\/li>\n<\/ol>\n<h4 style=\"text-align:center\">Literatura do pracowni<\/h4>\n<ol class=\"compact\" start=\"16\">\n<li> <b><i>PSpice 17.2 User Guide (pspug).pdf<\/i><\/b> &#8211; plik dost\u0119pny w Internecie.<\/li>\n<li> A. Dobrowolski: <i>Pod mask\u0105 Spice&#8217;a. Metody i algorytmy analizy uk\u0142ad\u00f3w elektronicznych.<\/i> Wyd. BTC, W-wa 2004.<\/li>\n<li> A. Kr\u00f3l, J. Moczko: <i>PSpice. Symulacja i optymalizacja uk\u0142ad\u00f3w elektronicznych<\/i>, Wyd. Nakom, Pozna\u0144 1998.<\/li>\n<li> Z. Zachara, K. Wojtuszkiewicz: <i>PSpice. Symulacje wzmacniaczy dyskretnych<\/i>, Wyd. MIKOM, Warszawa 2001.<\/li>\n<li> <a href=\"https:\/\/www.mathworks.com\/help\/matlab\/getting-started-with-matlab.html\" rel=\"noopener noreferrer\"><b>Getting started with MATLAB<\/b><\/a><\/li>\n<li> J. Brz\u00f3zka, L. Dorobczy\u0144ski: <i>Matlab: \u015brodowisko oblicze\u0144 naukowo-technicznych<\/i>, Wyd. MIKOM, 2008.<\/li>\n<li> A. Kami\u0144ska, B. Pa\u0144czyk: <i>Matlab. Przyk\u0142ady i zadania<\/i>, seria <i>\u0106wiczenia z&#8230;<\/i>, Wyd. MIKOM, 2002.<\/li>\n<li> B. Mrozek, Z. Mrozek: <i>Matlab i Simulink: poradnik u\u017cytkownika<\/i>, Wyd. Helion, Gliwice, 2018.<\/li>\n<\/ol>\n<h4 style=\"text-align:center\">Materia\u0142y pomocnicze<\/h4>\n<p><a href=\"https:\/\/box.biaman.pl\/f\/2d78b07dd13e49e4bb11\/?dl=1\">Materia\u0142y pomocnicze do wyk\u0142adu.<\/a><\/p>\n<p><a href=\"https:\/\/www.orcad.com\/academic-program\">Oprogramowanie Cadence Design Systems, Inc.<\/a> \u2013 wersja studencka.<\/p>\n<p>17.2-2016-OrCAD-PSpice-Designer-Lite.zip<\/p>\n<p><a href=\"http:\/\/www.flowcad.pl\/\">FlowCAD Poland<\/a> &#8211; polski dystrybutor oprogramowania OrCAD PCB Designer.<br \/>\n<a href=\"https:\/\/box.biaman.pl\/f\/d7fcd129543d46ee8c36\/?dl=1\">Materia\u0142y do zaj\u0119\u0107 w pracowni z PSpice&#8217;m.<\/a><\/p>\n<p><a href=\"https:\/\/box.biaman.pl\/f\/d2f51e7c774b4618bf9d\/?dl=1\">Materia\u0142y do zaj\u0119\u0107 w pracowni z Matlabem.<\/a><br \/>\n<a href=\"https:\/\/www.mathworks.com\/academia\/student_version.html\">Matlab &#8211; wersja studencka.<\/a><\/p>\n<p><a href=\"https:\/\/www.gnu.org\/software\/octave\/download.html\">Octave<\/a> zamiast Matlaba.<\/p>\n<div class=\"alert alert-danger\">\n<p><span class=\"b\">Error ORCAP-15053 Can&#8217;t initialize PSpice UI<\/span><\/p>\n<p>W trakcie pracy z PSpice&#8217;m <b>v.16.6<\/b> mo\u017ce si\u0119 Pa\u0144stwu przydarzy\u0107 uci\u0105\u017cliwy b\u0142\u0105d 15053. Poni\u017cej \u2013 pomoc uzyskana od dystrybutora oprogramowania (firma FlowCAD):<\/p>\n<p style=\"text-align:justify;font-style:italic\">Release 16.6 onwards, apart from installation folder a copy of pspice.ini is saved at HOME environment variable location and from this location pspice.ini read\/write happens. To resolve the error go to My computer &gt; right mouse click &gt; Properties &gt; Advanced &gt; Environment Variables &gt; User variables and check the value of HOME variable. The pspice.ini is picked from location %HOME%\\cdssetup\\OrCAD_PSpice\\16.6.0. Check if pspice.ini file is present at this location. For example:<br \/>\nHOME points to C:\\SPB_Data.Then pspice.ini is picked from C:\\SPB_Data\\cdssetup\\OrCAD_PSpice\\16.6.0. In case HOME variable is defined&nbsp;and there is no pspice.ini file or folder setup cdssetup\\OrCAD_PSpice\\16.6.0 inside it, this error can come. To resolve the error copy pspice.ini file from location \\tools\\pspice and paste it at location %HOME%\\cdssetup\\OrCAD_PSpice\\16.6.0.<\/div>\n","protected":false},"excerpt":{"rendered":"<p>&#8222;As far as the laws of mathematics refer to reality, they are not certain, as<a class=\"read-more\" href=\"https:\/\/we.pb.edu.pl\/kfeits\/karol-aniserowicz\/techniki-obliczeniowe\/\" title=\"Poka\u017c artyku\u0142 Techniki obliczeniowe\">wi\u0119cej<\/a><\/p>\n","protected":false},"author":25,"featured_media":0,"parent":596,"menu_order":0,"comment_status":"closed","ping_status":"closed","template":"","meta":{"inline_featured_image":false,"ngg_post_thumbnail":0,"footnotes":""},"class_list":["post-618","page","type-page","status-publish","hentry"],"acf":[],"yoast_head":"<!-- This site is optimized with the Yoast SEO plugin v26.4 - https:\/\/yoast.com\/wordpress\/plugins\/seo\/ -->\n<title>Techniki obliczeniowe - Katedra Fotoniki, Elektroniki i Techniki \u015awietlnej<\/title>\n<meta name=\"robots\" content=\"index, follow, max-snippet:-1, max-image-preview:large, max-video-preview:-1\" \/>\n<link rel=\"canonical\" href=\"https:\/\/we.pb.edu.pl\/kfeits\/karol-aniserowicz\/techniki-obliczeniowe\/\" \/>\n<meta property=\"og:locale\" content=\"pl_PL\" \/>\n<meta property=\"og:type\" content=\"article\" \/>\n<meta property=\"og:title\" content=\"Techniki obliczeniowe - Katedra Fotoniki, Elektroniki i Techniki \u015awietlnej\" \/>\n<meta property=\"og:description\" content=\"&#8222;As far as the laws of mathematics refer to reality, they are not certain, aswi\u0119cej\" \/>\n<meta property=\"og:url\" content=\"https:\/\/we.pb.edu.pl\/kfeits\/karol-aniserowicz\/techniki-obliczeniowe\/\" \/>\n<meta property=\"og:site_name\" content=\"Katedra Fotoniki, Elektroniki i Techniki \u015awietlnej\" \/>\n<meta property=\"article:modified_time\" content=\"2023-10-18T20:16:34+00:00\" \/>\n<meta name=\"twitter:card\" content=\"summary_large_image\" \/>\n<meta name=\"twitter:label1\" content=\"Szacowany czas czytania\" \/>\n\t<meta name=\"twitter:data1\" content=\"4 minuty\" \/>\n<script type=\"application\/ld+json\" class=\"yoast-schema-graph\">{\"@context\":\"https:\/\/schema.org\",\"@graph\":[{\"@type\":\"WebPage\",\"@id\":\"https:\/\/we.pb.edu.pl\/kfeits\/karol-aniserowicz\/techniki-obliczeniowe\/\",\"url\":\"https:\/\/we.pb.edu.pl\/kfeits\/karol-aniserowicz\/techniki-obliczeniowe\/\",\"name\":\"Techniki obliczeniowe - Katedra Fotoniki, Elektroniki i Techniki \u015awietlnej\",\"isPartOf\":{\"@id\":\"https:\/\/we.pb.edu.pl\/kfeits\/#website\"},\"datePublished\":\"2018-10-24T12:15:59+00:00\",\"dateModified\":\"2023-10-18T20:16:34+00:00\",\"breadcrumb\":{\"@id\":\"https:\/\/we.pb.edu.pl\/kfeits\/karol-aniserowicz\/techniki-obliczeniowe\/#breadcrumb\"},\"inLanguage\":\"pl-PL\",\"potentialAction\":[{\"@type\":\"ReadAction\",\"target\":[\"https:\/\/we.pb.edu.pl\/kfeits\/karol-aniserowicz\/techniki-obliczeniowe\/\"]}]},{\"@type\":\"BreadcrumbList\",\"@id\":\"https:\/\/we.pb.edu.pl\/kfeits\/karol-aniserowicz\/techniki-obliczeniowe\/#breadcrumb\",\"itemListElement\":[{\"@type\":\"ListItem\",\"position\":1,\"name\":\"Strona g\u0142\u00f3wna\",\"item\":\"https:\/\/we.pb.edu.pl\/kfeits\/\"},{\"@type\":\"ListItem\",\"position\":2,\"name\":\"dr hab. in\u017c. Karol Aniserowicz, prof. PB\",\"item\":\"https:\/\/we.pb.edu.pl\/kfeits\/karol-aniserowicz\/\"},{\"@type\":\"ListItem\",\"position\":3,\"name\":\"Techniki obliczeniowe\"}]},{\"@type\":\"WebSite\",\"@id\":\"https:\/\/we.pb.edu.pl\/kfeits\/#website\",\"url\":\"https:\/\/we.pb.edu.pl\/kfeits\/\",\"name\":\"Katedra Fotoniki, Elektroniki i Techniki \u015awietlnej\",\"description\":\"\",\"potentialAction\":[{\"@type\":\"SearchAction\",\"target\":{\"@type\":\"EntryPoint\",\"urlTemplate\":\"https:\/\/we.pb.edu.pl\/kfeits\/?s={search_term_string}\"},\"query-input\":{\"@type\":\"PropertyValueSpecification\",\"valueRequired\":true,\"valueName\":\"search_term_string\"}}],\"inLanguage\":\"pl-PL\"}]}<\/script>\n<!-- \/ Yoast SEO plugin. -->","yoast_head_json":{"title":"Techniki obliczeniowe - Katedra Fotoniki, Elektroniki i Techniki \u015awietlnej","robots":{"index":"index","follow":"follow","max-snippet":"max-snippet:-1","max-image-preview":"max-image-preview:large","max-video-preview":"max-video-preview:-1"},"canonical":"https:\/\/we.pb.edu.pl\/kfeits\/karol-aniserowicz\/techniki-obliczeniowe\/","og_locale":"pl_PL","og_type":"article","og_title":"Techniki obliczeniowe - Katedra Fotoniki, Elektroniki i Techniki \u015awietlnej","og_description":"&#8222;As far as the laws of mathematics refer to reality, they are not certain, aswi\u0119cej","og_url":"https:\/\/we.pb.edu.pl\/kfeits\/karol-aniserowicz\/techniki-obliczeniowe\/","og_site_name":"Katedra Fotoniki, Elektroniki i Techniki \u015awietlnej","article_modified_time":"2023-10-18T20:16:34+00:00","twitter_card":"summary_large_image","twitter_misc":{"Szacowany czas czytania":"4 minuty"},"schema":{"@context":"https:\/\/schema.org","@graph":[{"@type":"WebPage","@id":"https:\/\/we.pb.edu.pl\/kfeits\/karol-aniserowicz\/techniki-obliczeniowe\/","url":"https:\/\/we.pb.edu.pl\/kfeits\/karol-aniserowicz\/techniki-obliczeniowe\/","name":"Techniki obliczeniowe - Katedra Fotoniki, Elektroniki i Techniki \u015awietlnej","isPartOf":{"@id":"https:\/\/we.pb.edu.pl\/kfeits\/#website"},"datePublished":"2018-10-24T12:15:59+00:00","dateModified":"2023-10-18T20:16:34+00:00","breadcrumb":{"@id":"https:\/\/we.pb.edu.pl\/kfeits\/karol-aniserowicz\/techniki-obliczeniowe\/#breadcrumb"},"inLanguage":"pl-PL","potentialAction":[{"@type":"ReadAction","target":["https:\/\/we.pb.edu.pl\/kfeits\/karol-aniserowicz\/techniki-obliczeniowe\/"]}]},{"@type":"BreadcrumbList","@id":"https:\/\/we.pb.edu.pl\/kfeits\/karol-aniserowicz\/techniki-obliczeniowe\/#breadcrumb","itemListElement":[{"@type":"ListItem","position":1,"name":"Strona g\u0142\u00f3wna","item":"https:\/\/we.pb.edu.pl\/kfeits\/"},{"@type":"ListItem","position":2,"name":"dr hab. in\u017c. Karol Aniserowicz, prof. PB","item":"https:\/\/we.pb.edu.pl\/kfeits\/karol-aniserowicz\/"},{"@type":"ListItem","position":3,"name":"Techniki obliczeniowe"}]},{"@type":"WebSite","@id":"https:\/\/we.pb.edu.pl\/kfeits\/#website","url":"https:\/\/we.pb.edu.pl\/kfeits\/","name":"Katedra Fotoniki, Elektroniki i Techniki \u015awietlnej","description":"","potentialAction":[{"@type":"SearchAction","target":{"@type":"EntryPoint","urlTemplate":"https:\/\/we.pb.edu.pl\/kfeits\/?s={search_term_string}"},"query-input":{"@type":"PropertyValueSpecification","valueRequired":true,"valueName":"search_term_string"}}],"inLanguage":"pl-PL"}]}},"_links":{"self":[{"href":"https:\/\/we.pb.edu.pl\/kfeits\/wp-json\/wp\/v2\/pages\/618","targetHints":{"allow":["GET"]}}],"collection":[{"href":"https:\/\/we.pb.edu.pl\/kfeits\/wp-json\/wp\/v2\/pages"}],"about":[{"href":"https:\/\/we.pb.edu.pl\/kfeits\/wp-json\/wp\/v2\/types\/page"}],"author":[{"embeddable":true,"href":"https:\/\/we.pb.edu.pl\/kfeits\/wp-json\/wp\/v2\/users\/25"}],"replies":[{"embeddable":true,"href":"https:\/\/we.pb.edu.pl\/kfeits\/wp-json\/wp\/v2\/comments?post=618"}],"version-history":[{"count":45,"href":"https:\/\/we.pb.edu.pl\/kfeits\/wp-json\/wp\/v2\/pages\/618\/revisions"}],"predecessor-version":[{"id":4498,"href":"https:\/\/we.pb.edu.pl\/kfeits\/wp-json\/wp\/v2\/pages\/618\/revisions\/4498"}],"up":[{"embeddable":true,"href":"https:\/\/we.pb.edu.pl\/kfeits\/wp-json\/wp\/v2\/pages\/596"}],"wp:attachment":[{"href":"https:\/\/we.pb.edu.pl\/kfeits\/wp-json\/wp\/v2\/media?parent=618"}],"curies":[{"name":"wp","href":"https:\/\/api.w.org\/{rel}","templated":true}]}}