{"id":599,"date":"2018-10-24T11:48:47","date_gmt":"2018-10-24T09:48:47","guid":{"rendered":"https:\/\/we.pb.edu.pl\/ktiae\/?page_id=599"},"modified":"2023-09-13T17:58:17","modified_gmt":"2023-09-13T15:58:17","slug":"linki","status":"publish","type":"page","link":"https:\/\/we.pb.edu.pl\/kfeits\/karol-aniserowicz\/linki\/","title":{"rendered":"Linki"},"content":{"rendered":"<h3 style=\"text-align:center\">Warto zajrze\u0107&#8230;<\/h3>\n<h3>Darmowe oprogramowanie<\/h3>\n<p><a href=\"https:\/\/www.openoffice.org\/pl\/\">OpenOffice<\/a>, <a href=\"https:\/\/pl.libreoffice.org\/pobieranie\/stabilna\/\">LibreOffice<\/a> \u2013 pakiety program\u00f3w biurowych;<br \/>\n<a href=\"https:\/\/www.scilab.org\/\">Scilab<\/a>, &nbsp; <a href=\"https:\/\/octave.org\/\">Octave<\/a>, &nbsp; <a href=\"http:\/\/euler.rene-grothmann.de\/\">Euler<\/a>, &nbsp; <a href=\"https:\/\/maxima.sourceforge.io\/\">Maxima<\/a> \u2013 odpowiedniki pakiet\u00f3w Matlab, Maple, Mathematica;<br \/>\n<a href=\"https:\/\/cran.r-project.org\/\">R<\/a> \u2013 statystyka;<br \/>\n<a href=\"https:\/\/inkscape.org\/\">Inkscape<\/a> \u2013 program do obr\u00f3bki grafiki wektorowej;<br \/>\n<a href=\"https:\/\/www.getpaint.net\/index.html\">Paint.NET<\/a> \u2013 program do obr\u00f3bki grafiki rastrowej;<br \/>\n<a href=\"https:\/\/www.orcad.com\/academic-program\">OrCAD\/PSpice<\/a> \u2013 wersje studenckie.<\/p>\n<p><a href=\"https:\/\/www.qsl.net\/4nec2\/\">4NEC2<\/a> \u2013 NEC based antenna modeler and optimizer, prowadzi Arie Voors;<br \/>\n<a href=\"https:\/\/www.funet.fi\/pub\/ham\/antenna\/NEC\/swindex.html\">NEC2<\/a> \u2013 The unofficial Numerical Electromagnetic Code (NEC) Archives, archiwum Raymonda Andersona;<br \/>\n<a href=\"http:\/\/www.nec2.org\/\">NEC2<\/a> \u2013 Numerical Electromagnics Code, prowadzi Trevor Marshall;<br \/>\n<a href=\"https:\/\/ipo.llnl.gov\/technologies\/software\/nec-v50-numerical-electromagnetic-code\">NEC5<\/A> \u2013 wersja p\u0142atna, strona Lawrence Livermore National Laboratory;<\/p>\n<h3>Procedury numeryczne, tablice matematyczne<\/h3>\n<p>Na stronie <a href=\"http:\/\/numerical.recipes\/\">Numerical Recipes<\/a> mo\u017cna znale\u017a\u0107 <a href=\"http:\/\/numerical.recipes\/oldverswitcher.html\">klasyczne ksi\u0105\u017cki<\/a>:<\/p>\n<ul>\n<li>Abramowitz and Stegun: <i>Handbook of Mathematical Functions<\/i>;<\/li>\n<li>\nPress, Teukolsky, Vetterling and Flannery: <i>Numerical Recipes<\/i>.<\/li>\n<\/ul>\n<h3>Anteny i technika wielkich cz\u0119stotliwo\u015bci<\/h3>\n<p><a href=\"http:\/\/emanim.szialab.org\/\">EMANIM<\/a> \u2013 program Andr\u00e1sa Szil\u00e1gyi, ilustruj\u0105cy zagadnienia polaryzacji fal p\u0142askich;<br \/>\n<a href=\"http:\/\/eceweb1.rutgers.edu\/~orfanidi\/ewa\/\">EWA \u2013 Electromagnetic Waves and Antennas<\/a> \u2013 strona Sophoclesa J. Orfanidisa;<br \/>\n<a href=\"http:\/\/www.antenna-theory.com\/\">www.antenna-theory.com<\/a>.<\/p>\n<h3>Rozprawy naukowe<\/h3>\n<p><a href=\"http:\/\/pbc.biaman.pl\/dlibra\/docmetadata?id=69&amp;from=&amp;from=generalsearch&amp;dirids=1\">Monografia<\/a>: <i>Analiza zagadnie\u0144 kompatybilno\u015bci elektromagnetycznej w rozleg\u0142ych obiektach nara\u017conych na&nbsp;wy\u0142adowania atmosferyczne.<\/i><br \/>\n<a href=\"https:\/\/e-isbn.pl\/IsbnWeb\/onix\/summary.html?record_id=1816941\">Monografia<\/a>: <i>Wybrane metody przybli\u017conego rozwi\u0105zywania zagadnie\u0144 brzegowych elektrodynamiki technicznej.<\/i><br \/>\n<a href=\"https:\/\/ksiegarnia.edu.pl\/p5730,uklady-sygnaly-i-zaklocenia-we-wspolczesnych-systemach-telekomunikacyjnych-i-pomiarowych.html\">Monografia zespo\u0142owa<\/a>: <i>Uk\u0142ady, sygna\u0142y i zak\u0142\u00f3cenia we wsp\u00f3\u0142czesnych systemach telekomunikacyjnych i pomiarowych.<\/i><\/p>\n<h3>Inne ciekawe strony<\/h3>\n<p><a href=\"https:\/\/wazniak.mimuw.edu.pl\/index.php?title=Strona_g%C5%82%C3%B3wna\">wazniak.mimuw.edu.pl<\/a> \u2013 polecam materia\u0142y pomocnicze do przedmiot\u00f3w: <i>Metody numeryczne<\/i> i&nbsp;<i>Techniki transmisji sygna\u0142\u00f3w<\/i>,<br \/>\n<a href=\"https:\/\/elportal.pl\/\">Elportal.pl<\/a> \u2013 du\u017co ciekawych informacji, w&nbsp;tym solidna dydaktyka od podstaw,<br \/>\n<a href=\"https:\/\/www.falstad.com\/mathphysics.html\">Math, Physics, and Engineering Applets<\/a> &#8211; edukacyjne aplety Javy, strona Paula Falstada,<\/p>\n","protected":false},"excerpt":{"rendered":"<p>Warto zajrze\u0107&#8230; Darmowe oprogramowanie OpenOffice, LibreOffice \u2013 pakiety program\u00f3w biurowych; Scilab, &nbsp; Octave, &nbsp; Euler,<a class=\"read-more\" href=\"https:\/\/we.pb.edu.pl\/kfeits\/karol-aniserowicz\/linki\/\" title=\"Poka\u017c artyku\u0142 Linki\">wi\u0119cej<\/a><\/p>\n","protected":false},"author":25,"featured_media":0,"parent":596,"menu_order":0,"comment_status":"closed","ping_status":"closed","template":"","meta":{"inline_featured_image":false,"ngg_post_thumbnail":0,"footnotes":""},"class_list":["post-599","page","type-page","status-publish","hentry"],"acf":[],"yoast_head":"<!-- This site is optimized with the Yoast SEO plugin v26.4 - https:\/\/yoast.com\/wordpress\/plugins\/seo\/ -->\n<title>Linki - Katedra Fotoniki, Elektroniki i Techniki \u015awietlnej<\/title>\n<meta name=\"robots\" content=\"index, follow, max-snippet:-1, max-image-preview:large, max-video-preview:-1\" \/>\n<link rel=\"canonical\" href=\"https:\/\/we.pb.edu.pl\/kfeits\/karol-aniserowicz\/linki\/\" \/>\n<meta property=\"og:locale\" content=\"pl_PL\" \/>\n<meta property=\"og:type\" content=\"article\" \/>\n<meta property=\"og:title\" content=\"Linki - Katedra Fotoniki, Elektroniki i Techniki \u015awietlnej\" \/>\n<meta property=\"og:description\" content=\"Warto zajrze\u0107&#8230; Darmowe oprogramowanie OpenOffice, LibreOffice \u2013 pakiety program\u00f3w biurowych; Scilab, &nbsp; Octave, &nbsp; Euler,wi\u0119cej\" \/>\n<meta property=\"og:url\" content=\"https:\/\/we.pb.edu.pl\/kfeits\/karol-aniserowicz\/linki\/\" \/>\n<meta property=\"og:site_name\" content=\"Katedra Fotoniki, Elektroniki i Techniki \u015awietlnej\" \/>\n<meta property=\"article:modified_time\" content=\"2023-09-13T15:58:17+00:00\" \/>\n<meta name=\"twitter:card\" content=\"summary_large_image\" \/>\n<meta name=\"twitter:label1\" content=\"Szacowany czas czytania\" \/>\n\t<meta name=\"twitter:data1\" content=\"2 minuty\" \/>\n<script type=\"application\/ld+json\" class=\"yoast-schema-graph\">{\"@context\":\"https:\/\/schema.org\",\"@graph\":[{\"@type\":\"WebPage\",\"@id\":\"https:\/\/we.pb.edu.pl\/kfeits\/karol-aniserowicz\/linki\/\",\"url\":\"https:\/\/we.pb.edu.pl\/kfeits\/karol-aniserowicz\/linki\/\",\"name\":\"Linki - Katedra Fotoniki, Elektroniki i Techniki \u015awietlnej\",\"isPartOf\":{\"@id\":\"https:\/\/we.pb.edu.pl\/kfeits\/#website\"},\"datePublished\":\"2018-10-24T09:48:47+00:00\",\"dateModified\":\"2023-09-13T15:58:17+00:00\",\"breadcrumb\":{\"@id\":\"https:\/\/we.pb.edu.pl\/kfeits\/karol-aniserowicz\/linki\/#breadcrumb\"},\"inLanguage\":\"pl-PL\",\"potentialAction\":[{\"@type\":\"ReadAction\",\"target\":[\"https:\/\/we.pb.edu.pl\/kfeits\/karol-aniserowicz\/linki\/\"]}]},{\"@type\":\"BreadcrumbList\",\"@id\":\"https:\/\/we.pb.edu.pl\/kfeits\/karol-aniserowicz\/linki\/#breadcrumb\",\"itemListElement\":[{\"@type\":\"ListItem\",\"position\":1,\"name\":\"Strona g\u0142\u00f3wna\",\"item\":\"https:\/\/we.pb.edu.pl\/kfeits\/\"},{\"@type\":\"ListItem\",\"position\":2,\"name\":\"dr hab. in\u017c. Karol Aniserowicz, prof. PB\",\"item\":\"https:\/\/we.pb.edu.pl\/kfeits\/karol-aniserowicz\/\"},{\"@type\":\"ListItem\",\"position\":3,\"name\":\"Linki\"}]},{\"@type\":\"WebSite\",\"@id\":\"https:\/\/we.pb.edu.pl\/kfeits\/#website\",\"url\":\"https:\/\/we.pb.edu.pl\/kfeits\/\",\"name\":\"Katedra Fotoniki, Elektroniki i Techniki \u015awietlnej\",\"description\":\"\",\"potentialAction\":[{\"@type\":\"SearchAction\",\"target\":{\"@type\":\"EntryPoint\",\"urlTemplate\":\"https:\/\/we.pb.edu.pl\/kfeits\/?s={search_term_string}\"},\"query-input\":{\"@type\":\"PropertyValueSpecification\",\"valueRequired\":true,\"valueName\":\"search_term_string\"}}],\"inLanguage\":\"pl-PL\"}]}<\/script>\n<!-- \/ Yoast SEO plugin. -->","yoast_head_json":{"title":"Linki - Katedra Fotoniki, Elektroniki i Techniki \u015awietlnej","robots":{"index":"index","follow":"follow","max-snippet":"max-snippet:-1","max-image-preview":"max-image-preview:large","max-video-preview":"max-video-preview:-1"},"canonical":"https:\/\/we.pb.edu.pl\/kfeits\/karol-aniserowicz\/linki\/","og_locale":"pl_PL","og_type":"article","og_title":"Linki - Katedra Fotoniki, Elektroniki i Techniki \u015awietlnej","og_description":"Warto zajrze\u0107&#8230; Darmowe oprogramowanie OpenOffice, LibreOffice \u2013 pakiety program\u00f3w biurowych; Scilab, &nbsp; Octave, &nbsp; Euler,wi\u0119cej","og_url":"https:\/\/we.pb.edu.pl\/kfeits\/karol-aniserowicz\/linki\/","og_site_name":"Katedra Fotoniki, Elektroniki i Techniki \u015awietlnej","article_modified_time":"2023-09-13T15:58:17+00:00","twitter_card":"summary_large_image","twitter_misc":{"Szacowany czas czytania":"2 minuty"},"schema":{"@context":"https:\/\/schema.org","@graph":[{"@type":"WebPage","@id":"https:\/\/we.pb.edu.pl\/kfeits\/karol-aniserowicz\/linki\/","url":"https:\/\/we.pb.edu.pl\/kfeits\/karol-aniserowicz\/linki\/","name":"Linki - Katedra Fotoniki, Elektroniki i Techniki \u015awietlnej","isPartOf":{"@id":"https:\/\/we.pb.edu.pl\/kfeits\/#website"},"datePublished":"2018-10-24T09:48:47+00:00","dateModified":"2023-09-13T15:58:17+00:00","breadcrumb":{"@id":"https:\/\/we.pb.edu.pl\/kfeits\/karol-aniserowicz\/linki\/#breadcrumb"},"inLanguage":"pl-PL","potentialAction":[{"@type":"ReadAction","target":["https:\/\/we.pb.edu.pl\/kfeits\/karol-aniserowicz\/linki\/"]}]},{"@type":"BreadcrumbList","@id":"https:\/\/we.pb.edu.pl\/kfeits\/karol-aniserowicz\/linki\/#breadcrumb","itemListElement":[{"@type":"ListItem","position":1,"name":"Strona g\u0142\u00f3wna","item":"https:\/\/we.pb.edu.pl\/kfeits\/"},{"@type":"ListItem","position":2,"name":"dr hab. in\u017c. Karol Aniserowicz, prof. PB","item":"https:\/\/we.pb.edu.pl\/kfeits\/karol-aniserowicz\/"},{"@type":"ListItem","position":3,"name":"Linki"}]},{"@type":"WebSite","@id":"https:\/\/we.pb.edu.pl\/kfeits\/#website","url":"https:\/\/we.pb.edu.pl\/kfeits\/","name":"Katedra Fotoniki, Elektroniki i Techniki \u015awietlnej","description":"","potentialAction":[{"@type":"SearchAction","target":{"@type":"EntryPoint","urlTemplate":"https:\/\/we.pb.edu.pl\/kfeits\/?s={search_term_string}"},"query-input":{"@type":"PropertyValueSpecification","valueRequired":true,"valueName":"search_term_string"}}],"inLanguage":"pl-PL"}]}},"_links":{"self":[{"href":"https:\/\/we.pb.edu.pl\/kfeits\/wp-json\/wp\/v2\/pages\/599","targetHints":{"allow":["GET"]}}],"collection":[{"href":"https:\/\/we.pb.edu.pl\/kfeits\/wp-json\/wp\/v2\/pages"}],"about":[{"href":"https:\/\/we.pb.edu.pl\/kfeits\/wp-json\/wp\/v2\/types\/page"}],"author":[{"embeddable":true,"href":"https:\/\/we.pb.edu.pl\/kfeits\/wp-json\/wp\/v2\/users\/25"}],"replies":[{"embeddable":true,"href":"https:\/\/we.pb.edu.pl\/kfeits\/wp-json\/wp\/v2\/comments?post=599"}],"version-history":[{"count":26,"href":"https:\/\/we.pb.edu.pl\/kfeits\/wp-json\/wp\/v2\/pages\/599\/revisions"}],"predecessor-version":[{"id":4389,"href":"https:\/\/we.pb.edu.pl\/kfeits\/wp-json\/wp\/v2\/pages\/599\/revisions\/4389"}],"up":[{"embeddable":true,"href":"https:\/\/we.pb.edu.pl\/kfeits\/wp-json\/wp\/v2\/pages\/596"}],"wp:attachment":[{"href":"https:\/\/we.pb.edu.pl\/kfeits\/wp-json\/wp\/v2\/media?parent=599"}],"curies":[{"name":"wp","href":"https:\/\/api.w.org\/{rel}","templated":true}]}}