{"id":596,"date":"2018-10-24T11:47:39","date_gmt":"2018-10-24T09:47:39","guid":{"rendered":"https:\/\/we.pb.edu.pl\/ktiae\/?page_id=596"},"modified":"2025-01-28T09:14:07","modified_gmt":"2025-01-28T08:14:07","slug":"karol-aniserowicz","status":"publish","type":"page","link":"https:\/\/we.pb.edu.pl\/kfeits\/karol-aniserowicz\/","title":{"rendered":"dr hab. in\u017c. Karol Aniserowicz, prof. PB"},"content":{"rendered":"<p><a href=\"\/kfeits\/karol-aniserowicz\/ogloszenia\/\">Og\u0142oszenia<\/a> \u00a0\u25c9\u00a0 <a href=\"\/kfeits\/karol-aniserowicz\/techniki-obliczeniowe\/\">Techniki obliczeniowe<\/a> \u00a0\u25c9\u00a0 <a href=\"\/kfeits\/karol-aniserowicz\/technika-w-cz\/\">Technika w.cz.<\/a> \u00a0\u25c9\u00a0 <a href=\"\/kfeits\/karol-aniserowicz\/anteny\/\">Anteny<\/a> \u00a0\u25c9\u00a0 <a href=\"\/kfeits\/karol-aniserowicz\/szkola_doktorska\/\">Szko\u0142a doktorska<\/a> \u00a0\u25c9\u00a0 <a href=\"\/kfeits\/karol-aniserowicz\/bhp-w-polu-em\/\">BHP w polu EM<\/a> \u00a0\u25c9\u00a0 <a href=\"\/kfeits\/karol-aniserowicz\/linki\/\">Linki<\/a> \u00a0\u25c9\u00a0 <a href=\"\/kfeits\/karol-aniserowicz\/kronika-ktiae\/\">Kronika KTiAE<\/a><\/p>\n<hr \/>\n<h3 style=\"text-align: center\">Kr\u00f3tko o mnie&#8230;<\/h3>\n<p>\u2013 Przyszed\u0142em na \u015bwiat w <a href=\"http:\/\/www.bialystok.pl\">Bia\u0142ymstoku<\/a>.<\/p>\n<p>\u2013 Mgr in\u017c. \u2013 Wydzia\u0142 Elektroniki Politechniki Warszawskiej.<\/p>\n<p>&#8211; Podj\u0105\u0142em prac\u0119 na <a href=\"\/\">Wydziale Elektrycznym<\/a> <a href=\"http:\/\/pb.edu.pl\">Politechniki Bia\u0142ostockiej<\/a>  i tak ju\u017c zosta\u0142o&#8230;<\/a><\/p>\n<p>\u2013 Dr in\u017c. \u2013 Wydzia\u0142 Elektryczny Politechniki Szczeci\u0144skiej.<\/p>\n<p>&#8211; Dr hab. in\u017c. \u2013 Wydzia\u0142 Elektroniki Politechniki Wroc\u0142awskiej.<\/p>\n<p>&#8211; Profesor PB.<\/p>\n<hr \/>\n<p><a href=\"https:\/\/www.researchgate.net\/profile\/Karol_Aniserowicz\">Karol Aniserowicz on ResearchGate<\/a><\/p>\n<hr \/>\n<h4>Aktualnie:<\/h4>\n<ul class=\"compact\">\n<li>emeryt;<\/li>\n<li>cz\u0142onek SEP (Z\u0142ota Odznaka Honorowa);<\/li>\n<li>cz\u0142onek Polskiego Towarzystwa Zastosowa\u0144 Elektromagnetyzmu (PTZE).<\/li>\n<\/ul>\n<p><span class=\"b\">Rzeczoznawca SEP w zakresach:<\/span> ochrony odgromowej, kompatybilno\u015bci elektromagnetycznej, techniki pomiarowej, oprogramowania u\u017cytkowego.<\/p>\n<p><span class=\"b\">Zainteresowania zawodowe:<\/span> kompatybilno\u015b\u0107 elektromagnetyczna, technika wielkich cz\u0119stotliwo\u015bci, metody numeryczne w analizie p\u00f3l elektromagnetycznych.<\/p>\n<h4>W przesz\u0142o\u015bci:<\/h4>\n<ul class=\"compact\">\n<li>rzecznik dyscyplinarny ds. nauczycieli akademickich PB;<\/li>\n<li>cz\u0142onek Rady Naukowej Wydzia\u0142u Elektrycznego PB;<\/li>\n<li>przewodnicz\u0105cy Rady Dyscypliny Automatyka, Elektronika, Elektrotechnika i Technologie Kosmiczne na WE PB;<\/li>\n<li>kierownik <a href=\"https:\/\/we.pb.edu.pl\/kfeits\/karol-aniserowicz\/kronika-ktiae\/\">Katedry Telekomunikacji i Aparatury Elektronicznej<\/a>;\n<li>ekspert Sekcji Bezpiecze\u0144stwa Elektromagnetycznego Komitetu Elektroniki i\u00a0Telekomunikacji PAN;<\/li>\n<li>cz\u0142onek Polskiego Komitetu Ochrony Odgromowej SEP i cz\u0142onek prezydium PKOO;<\/li>\n<li>wiceprzewodnicz\u0105cy Komisji A (Metrologia Elektromagnetyczna) Komitetu Narodowego PAN ds. Wsp\u00f3\u0142pracy z\u00a0Mi\u0119dzynarodow\u0105 Uni\u0105 Nauk o Radiu (URSI);<\/li>\n<li>cz\u0142onek Senatu PB;<\/li>\n<li>cz\u0142onek Rady Wydzia\u0142u Elektrycznego PB;<\/li>\n<li>kierownik studi\u00f3w doktoranckich na Wydziale Elektrycznym;<\/li>\n<li>IEEE Senior Member;<\/li>\n<li>cz\u0142onek Zarz\u0105du Polskiego Oddzia\u0142u IEEE EMCS jako Past Chair;<\/li>\n<li>IEEE EMC Society Chapter Chair, Polska Sekcja IEEE;<\/li>\n<li>cz\u0142onek IEEE.<\/li>\n<\/ul>\n<div style=\"text-align: center;margin: 2em 0em\">\n<\/div>\n<p style=\"text-align: right;font-size: 82%\">Aktualizacja: 3.10.2024.<\/p>\n","protected":false},"excerpt":{"rendered":"<p>Og\u0142oszenia \u00a0\u25c9\u00a0 Techniki obliczeniowe \u00a0\u25c9\u00a0 Technika w.cz. \u00a0\u25c9\u00a0 Anteny \u00a0\u25c9\u00a0 Szko\u0142a doktorska \u00a0\u25c9\u00a0 BHP w<a class=\"read-more\" href=\"https:\/\/we.pb.edu.pl\/kfeits\/karol-aniserowicz\/\" title=\"Poka\u017c artyku\u0142 dr hab. in\u017c. Karol Aniserowicz, prof. PB\">wi\u0119cej<\/a><\/p>\n","protected":false},"author":25,"featured_media":0,"parent":0,"menu_order":0,"comment_status":"closed","ping_status":"closed","template":"","meta":{"inline_featured_image":false,"ngg_post_thumbnail":0,"footnotes":""},"class_list":["post-596","page","type-page","status-publish","hentry"],"acf":[],"yoast_head":"<!-- This site is optimized with the Yoast SEO plugin v26.4 - https:\/\/yoast.com\/wordpress\/plugins\/seo\/ -->\n<title>dr hab. in\u017c. Karol Aniserowicz, prof. PB - Katedra Fotoniki, Elektroniki i Techniki \u015awietlnej<\/title>\n<meta name=\"robots\" content=\"index, follow, max-snippet:-1, max-image-preview:large, max-video-preview:-1\" \/>\n<link rel=\"canonical\" href=\"https:\/\/we.pb.edu.pl\/kfeits\/karol-aniserowicz\/\" \/>\n<meta property=\"og:locale\" content=\"pl_PL\" \/>\n<meta property=\"og:type\" content=\"article\" \/>\n<meta property=\"og:title\" content=\"dr hab. in\u017c. Karol Aniserowicz, prof. PB - Katedra Fotoniki, Elektroniki i Techniki \u015awietlnej\" \/>\n<meta property=\"og:description\" content=\"Og\u0142oszenia \u00a0\u25c9\u00a0 Techniki obliczeniowe \u00a0\u25c9\u00a0 Technika w.cz. \u00a0\u25c9\u00a0 Anteny \u00a0\u25c9\u00a0 Szko\u0142a doktorska \u00a0\u25c9\u00a0 BHP wwi\u0119cej\" \/>\n<meta property=\"og:url\" content=\"https:\/\/we.pb.edu.pl\/kfeits\/karol-aniserowicz\/\" \/>\n<meta property=\"og:site_name\" content=\"Katedra Fotoniki, Elektroniki i Techniki \u015awietlnej\" \/>\n<meta property=\"article:modified_time\" content=\"2025-01-28T08:14:07+00:00\" \/>\n<meta name=\"twitter:card\" content=\"summary_large_image\" \/>\n<meta name=\"twitter:label1\" content=\"Szacowany czas czytania\" \/>\n\t<meta name=\"twitter:data1\" content=\"2 minuty\" \/>\n<script type=\"application\/ld+json\" class=\"yoast-schema-graph\">{\"@context\":\"https:\/\/schema.org\",\"@graph\":[{\"@type\":\"WebPage\",\"@id\":\"https:\/\/we.pb.edu.pl\/kfeits\/karol-aniserowicz\/\",\"url\":\"https:\/\/we.pb.edu.pl\/kfeits\/karol-aniserowicz\/\",\"name\":\"dr hab. in\u017c. Karol Aniserowicz, prof. PB - Katedra Fotoniki, Elektroniki i Techniki \u015awietlnej\",\"isPartOf\":{\"@id\":\"https:\/\/we.pb.edu.pl\/kfeits\/#website\"},\"datePublished\":\"2018-10-24T09:47:39+00:00\",\"dateModified\":\"2025-01-28T08:14:07+00:00\",\"breadcrumb\":{\"@id\":\"https:\/\/we.pb.edu.pl\/kfeits\/karol-aniserowicz\/#breadcrumb\"},\"inLanguage\":\"pl-PL\",\"potentialAction\":[{\"@type\":\"ReadAction\",\"target\":[\"https:\/\/we.pb.edu.pl\/kfeits\/karol-aniserowicz\/\"]}]},{\"@type\":\"BreadcrumbList\",\"@id\":\"https:\/\/we.pb.edu.pl\/kfeits\/karol-aniserowicz\/#breadcrumb\",\"itemListElement\":[{\"@type\":\"ListItem\",\"position\":1,\"name\":\"Strona g\u0142\u00f3wna\",\"item\":\"https:\/\/we.pb.edu.pl\/kfeits\/\"},{\"@type\":\"ListItem\",\"position\":2,\"name\":\"dr hab. in\u017c. Karol Aniserowicz, prof. PB\"}]},{\"@type\":\"WebSite\",\"@id\":\"https:\/\/we.pb.edu.pl\/kfeits\/#website\",\"url\":\"https:\/\/we.pb.edu.pl\/kfeits\/\",\"name\":\"Katedra Fotoniki, Elektroniki i Techniki \u015awietlnej\",\"description\":\"\",\"potentialAction\":[{\"@type\":\"SearchAction\",\"target\":{\"@type\":\"EntryPoint\",\"urlTemplate\":\"https:\/\/we.pb.edu.pl\/kfeits\/?s={search_term_string}\"},\"query-input\":{\"@type\":\"PropertyValueSpecification\",\"valueRequired\":true,\"valueName\":\"search_term_string\"}}],\"inLanguage\":\"pl-PL\"}]}<\/script>\n<!-- \/ Yoast SEO plugin. -->","yoast_head_json":{"title":"dr hab. in\u017c. Karol Aniserowicz, prof. PB - Katedra Fotoniki, Elektroniki i Techniki \u015awietlnej","robots":{"index":"index","follow":"follow","max-snippet":"max-snippet:-1","max-image-preview":"max-image-preview:large","max-video-preview":"max-video-preview:-1"},"canonical":"https:\/\/we.pb.edu.pl\/kfeits\/karol-aniserowicz\/","og_locale":"pl_PL","og_type":"article","og_title":"dr hab. in\u017c. Karol Aniserowicz, prof. PB - Katedra Fotoniki, Elektroniki i Techniki \u015awietlnej","og_description":"Og\u0142oszenia \u00a0\u25c9\u00a0 Techniki obliczeniowe \u00a0\u25c9\u00a0 Technika w.cz. \u00a0\u25c9\u00a0 Anteny \u00a0\u25c9\u00a0 Szko\u0142a doktorska \u00a0\u25c9\u00a0 BHP wwi\u0119cej","og_url":"https:\/\/we.pb.edu.pl\/kfeits\/karol-aniserowicz\/","og_site_name":"Katedra Fotoniki, Elektroniki i Techniki \u015awietlnej","article_modified_time":"2025-01-28T08:14:07+00:00","twitter_card":"summary_large_image","twitter_misc":{"Szacowany czas czytania":"2 minuty"},"schema":{"@context":"https:\/\/schema.org","@graph":[{"@type":"WebPage","@id":"https:\/\/we.pb.edu.pl\/kfeits\/karol-aniserowicz\/","url":"https:\/\/we.pb.edu.pl\/kfeits\/karol-aniserowicz\/","name":"dr hab. in\u017c. Karol Aniserowicz, prof. PB - Katedra Fotoniki, Elektroniki i Techniki \u015awietlnej","isPartOf":{"@id":"https:\/\/we.pb.edu.pl\/kfeits\/#website"},"datePublished":"2018-10-24T09:47:39+00:00","dateModified":"2025-01-28T08:14:07+00:00","breadcrumb":{"@id":"https:\/\/we.pb.edu.pl\/kfeits\/karol-aniserowicz\/#breadcrumb"},"inLanguage":"pl-PL","potentialAction":[{"@type":"ReadAction","target":["https:\/\/we.pb.edu.pl\/kfeits\/karol-aniserowicz\/"]}]},{"@type":"BreadcrumbList","@id":"https:\/\/we.pb.edu.pl\/kfeits\/karol-aniserowicz\/#breadcrumb","itemListElement":[{"@type":"ListItem","position":1,"name":"Strona g\u0142\u00f3wna","item":"https:\/\/we.pb.edu.pl\/kfeits\/"},{"@type":"ListItem","position":2,"name":"dr hab. in\u017c. Karol Aniserowicz, prof. PB"}]},{"@type":"WebSite","@id":"https:\/\/we.pb.edu.pl\/kfeits\/#website","url":"https:\/\/we.pb.edu.pl\/kfeits\/","name":"Katedra Fotoniki, Elektroniki i Techniki \u015awietlnej","description":"","potentialAction":[{"@type":"SearchAction","target":{"@type":"EntryPoint","urlTemplate":"https:\/\/we.pb.edu.pl\/kfeits\/?s={search_term_string}"},"query-input":{"@type":"PropertyValueSpecification","valueRequired":true,"valueName":"search_term_string"}}],"inLanguage":"pl-PL"}]}},"_links":{"self":[{"href":"https:\/\/we.pb.edu.pl\/kfeits\/wp-json\/wp\/v2\/pages\/596","targetHints":{"allow":["GET"]}}],"collection":[{"href":"https:\/\/we.pb.edu.pl\/kfeits\/wp-json\/wp\/v2\/pages"}],"about":[{"href":"https:\/\/we.pb.edu.pl\/kfeits\/wp-json\/wp\/v2\/types\/page"}],"author":[{"embeddable":true,"href":"https:\/\/we.pb.edu.pl\/kfeits\/wp-json\/wp\/v2\/users\/25"}],"replies":[{"embeddable":true,"href":"https:\/\/we.pb.edu.pl\/kfeits\/wp-json\/wp\/v2\/comments?post=596"}],"version-history":[{"count":51,"href":"https:\/\/we.pb.edu.pl\/kfeits\/wp-json\/wp\/v2\/pages\/596\/revisions"}],"predecessor-version":[{"id":5609,"href":"https:\/\/we.pb.edu.pl\/kfeits\/wp-json\/wp\/v2\/pages\/596\/revisions\/5609"}],"wp:attachment":[{"href":"https:\/\/we.pb.edu.pl\/kfeits\/wp-json\/wp\/v2\/media?parent=596"}],"curies":[{"name":"wp","href":"https:\/\/api.w.org\/{rel}","templated":true}]}}