{"id":5956,"date":"2025-10-18T14:34:06","date_gmt":"2025-10-18T12:34:06","guid":{"rendered":"https:\/\/we.pb.edu.pl\/kfeits\/?page_id=5956"},"modified":"2025-11-16T16:35:32","modified_gmt":"2025-11-16T15:35:32","slug":"tz2e100002-metody-optymalizacji","status":"publish","type":"page","link":"https:\/\/we.pb.edu.pl\/kfeits\/tz2e100002-metody-optymalizacji\/","title":{"rendered":"TZ2E100002 Metody Optymalizacji"},"content":{"rendered":"<p>wyk\u0142ad: 10h, niedziela, 13.30-15.00, aula III<\/p>\n<p>pracownia: 20h, niedziela, 8.00-9.35, 9.50-11.25, WE-105<\/p>\n<p>&nbsp;<\/p>\n<p>MATERIA\u0141Y WYK\u0141ADOWE<\/p>\n<ul>\n<li><a href=\"https:\/\/box.biaman.pl\/f\/95a246005bdb44699ef8\/\">wyk\u0142ad 1<\/a><\/li>\n<li><a href=\"https:\/\/box.biaman.pl\/f\/af2a340db62a4beb81ab\/\">wyk\u0142ad 2<\/a><\/li>\n<li>wyk\u0142ad 3<\/li>\n<li>wyk\u0142ad 4<\/li>\n<li>wyk\u0142ad 5<\/li>\n<\/ul>\n<p>PRACOWNIA<\/p>\n<ul>\n<li><a href=\"https:\/\/box.biaman.pl\/f\/98ebc11fb00e485eb092\/\">Instrukcja ramowa do pracowni<\/a><\/li>\n<\/ul>\n","protected":false},"excerpt":{"rendered":"<p>wyk\u0142ad: 10h, niedziela, 13.30-15.00, aula III pracownia: 20h, niedziela, 8.00-9.35, 9.50-11.25, WE-105 &nbsp; MATERIA\u0141Y WYK\u0141ADOWE<a class=\"read-more\" href=\"https:\/\/we.pb.edu.pl\/kfeits\/tz2e100002-metody-optymalizacji\/\" title=\"Poka\u017c artyku\u0142 TZ2E100002 Metody Optymalizacji\">wi\u0119cej<\/a><\/p>\n","protected":false},"author":21,"featured_media":0,"parent":0,"menu_order":0,"comment_status":"closed","ping_status":"closed","template":"","meta":{"inline_featured_image":false,"ngg_post_thumbnail":0,"footnotes":""},"class_list":["post-5956","page","type-page","status-publish","hentry"],"acf":[],"yoast_head":"<!-- This site is optimized with the Yoast SEO plugin v26.4 - https:\/\/yoast.com\/wordpress\/plugins\/seo\/ -->\n<title>TZ2E100002 Metody Optymalizacji - Katedra Fotoniki, Elektroniki i Techniki \u015awietlnej<\/title>\n<meta name=\"robots\" content=\"index, follow, max-snippet:-1, max-image-preview:large, max-video-preview:-1\" \/>\n<link rel=\"canonical\" href=\"https:\/\/we.pb.edu.pl\/kfeits\/tz2e100002-metody-optymalizacji\/\" \/>\n<meta property=\"og:locale\" content=\"pl_PL\" \/>\n<meta property=\"og:type\" content=\"article\" \/>\n<meta property=\"og:title\" content=\"TZ2E100002 Metody Optymalizacji - Katedra Fotoniki, Elektroniki i Techniki \u015awietlnej\" \/>\n<meta property=\"og:description\" content=\"wyk\u0142ad: 10h, niedziela, 13.30-15.00, aula III pracownia: 20h, niedziela, 8.00-9.35, 9.50-11.25, WE-105 &nbsp; MATERIA\u0141Y WYK\u0141ADOWEwi\u0119cej\" \/>\n<meta property=\"og:url\" content=\"https:\/\/we.pb.edu.pl\/kfeits\/tz2e100002-metody-optymalizacji\/\" \/>\n<meta property=\"og:site_name\" content=\"Katedra Fotoniki, Elektroniki i Techniki \u015awietlnej\" \/>\n<meta property=\"article:modified_time\" content=\"2025-11-16T15:35:32+00:00\" \/>\n<meta name=\"twitter:card\" content=\"summary_large_image\" \/>\n<meta name=\"twitter:label1\" content=\"Szacowany czas czytania\" \/>\n\t<meta name=\"twitter:data1\" content=\"1 minuta\" \/>\n<script type=\"application\/ld+json\" class=\"yoast-schema-graph\">{\"@context\":\"https:\/\/schema.org\",\"@graph\":[{\"@type\":\"WebPage\",\"@id\":\"https:\/\/we.pb.edu.pl\/kfeits\/tz2e100002-metody-optymalizacji\/\",\"url\":\"https:\/\/we.pb.edu.pl\/kfeits\/tz2e100002-metody-optymalizacji\/\",\"name\":\"TZ2E100002 Metody Optymalizacji - Katedra Fotoniki, Elektroniki i Techniki \u015awietlnej\",\"isPartOf\":{\"@id\":\"https:\/\/we.pb.edu.pl\/kfeits\/#website\"},\"datePublished\":\"2025-10-18T12:34:06+00:00\",\"dateModified\":\"2025-11-16T15:35:32+00:00\",\"breadcrumb\":{\"@id\":\"https:\/\/we.pb.edu.pl\/kfeits\/tz2e100002-metody-optymalizacji\/#breadcrumb\"},\"inLanguage\":\"pl-PL\",\"potentialAction\":[{\"@type\":\"ReadAction\",\"target\":[\"https:\/\/we.pb.edu.pl\/kfeits\/tz2e100002-metody-optymalizacji\/\"]}]},{\"@type\":\"BreadcrumbList\",\"@id\":\"https:\/\/we.pb.edu.pl\/kfeits\/tz2e100002-metody-optymalizacji\/#breadcrumb\",\"itemListElement\":[{\"@type\":\"ListItem\",\"position\":1,\"name\":\"Strona g\u0142\u00f3wna\",\"item\":\"https:\/\/we.pb.edu.pl\/kfeits\/\"},{\"@type\":\"ListItem\",\"position\":2,\"name\":\"TZ2E100002 Metody Optymalizacji\"}]},{\"@type\":\"WebSite\",\"@id\":\"https:\/\/we.pb.edu.pl\/kfeits\/#website\",\"url\":\"https:\/\/we.pb.edu.pl\/kfeits\/\",\"name\":\"Katedra Fotoniki, Elektroniki i Techniki \u015awietlnej\",\"description\":\"\",\"potentialAction\":[{\"@type\":\"SearchAction\",\"target\":{\"@type\":\"EntryPoint\",\"urlTemplate\":\"https:\/\/we.pb.edu.pl\/kfeits\/?s={search_term_string}\"},\"query-input\":{\"@type\":\"PropertyValueSpecification\",\"valueRequired\":true,\"valueName\":\"search_term_string\"}}],\"inLanguage\":\"pl-PL\"}]}<\/script>\n<!-- \/ Yoast SEO plugin. -->","yoast_head_json":{"title":"TZ2E100002 Metody Optymalizacji - Katedra Fotoniki, Elektroniki i Techniki \u015awietlnej","robots":{"index":"index","follow":"follow","max-snippet":"max-snippet:-1","max-image-preview":"max-image-preview:large","max-video-preview":"max-video-preview:-1"},"canonical":"https:\/\/we.pb.edu.pl\/kfeits\/tz2e100002-metody-optymalizacji\/","og_locale":"pl_PL","og_type":"article","og_title":"TZ2E100002 Metody Optymalizacji - Katedra Fotoniki, Elektroniki i Techniki \u015awietlnej","og_description":"wyk\u0142ad: 10h, niedziela, 13.30-15.00, aula III pracownia: 20h, niedziela, 8.00-9.35, 9.50-11.25, WE-105 &nbsp; MATERIA\u0141Y WYK\u0141ADOWEwi\u0119cej","og_url":"https:\/\/we.pb.edu.pl\/kfeits\/tz2e100002-metody-optymalizacji\/","og_site_name":"Katedra Fotoniki, Elektroniki i Techniki \u015awietlnej","article_modified_time":"2025-11-16T15:35:32+00:00","twitter_card":"summary_large_image","twitter_misc":{"Szacowany czas czytania":"1 minuta"},"schema":{"@context":"https:\/\/schema.org","@graph":[{"@type":"WebPage","@id":"https:\/\/we.pb.edu.pl\/kfeits\/tz2e100002-metody-optymalizacji\/","url":"https:\/\/we.pb.edu.pl\/kfeits\/tz2e100002-metody-optymalizacji\/","name":"TZ2E100002 Metody Optymalizacji - Katedra Fotoniki, Elektroniki i Techniki \u015awietlnej","isPartOf":{"@id":"https:\/\/we.pb.edu.pl\/kfeits\/#website"},"datePublished":"2025-10-18T12:34:06+00:00","dateModified":"2025-11-16T15:35:32+00:00","breadcrumb":{"@id":"https:\/\/we.pb.edu.pl\/kfeits\/tz2e100002-metody-optymalizacji\/#breadcrumb"},"inLanguage":"pl-PL","potentialAction":[{"@type":"ReadAction","target":["https:\/\/we.pb.edu.pl\/kfeits\/tz2e100002-metody-optymalizacji\/"]}]},{"@type":"BreadcrumbList","@id":"https:\/\/we.pb.edu.pl\/kfeits\/tz2e100002-metody-optymalizacji\/#breadcrumb","itemListElement":[{"@type":"ListItem","position":1,"name":"Strona g\u0142\u00f3wna","item":"https:\/\/we.pb.edu.pl\/kfeits\/"},{"@type":"ListItem","position":2,"name":"TZ2E100002 Metody Optymalizacji"}]},{"@type":"WebSite","@id":"https:\/\/we.pb.edu.pl\/kfeits\/#website","url":"https:\/\/we.pb.edu.pl\/kfeits\/","name":"Katedra Fotoniki, Elektroniki i Techniki \u015awietlnej","description":"","potentialAction":[{"@type":"SearchAction","target":{"@type":"EntryPoint","urlTemplate":"https:\/\/we.pb.edu.pl\/kfeits\/?s={search_term_string}"},"query-input":{"@type":"PropertyValueSpecification","valueRequired":true,"valueName":"search_term_string"}}],"inLanguage":"pl-PL"}]}},"_links":{"self":[{"href":"https:\/\/we.pb.edu.pl\/kfeits\/wp-json\/wp\/v2\/pages\/5956","targetHints":{"allow":["GET"]}}],"collection":[{"href":"https:\/\/we.pb.edu.pl\/kfeits\/wp-json\/wp\/v2\/pages"}],"about":[{"href":"https:\/\/we.pb.edu.pl\/kfeits\/wp-json\/wp\/v2\/types\/page"}],"author":[{"embeddable":true,"href":"https:\/\/we.pb.edu.pl\/kfeits\/wp-json\/wp\/v2\/users\/21"}],"replies":[{"embeddable":true,"href":"https:\/\/we.pb.edu.pl\/kfeits\/wp-json\/wp\/v2\/comments?post=5956"}],"version-history":[{"count":6,"href":"https:\/\/we.pb.edu.pl\/kfeits\/wp-json\/wp\/v2\/pages\/5956\/revisions"}],"predecessor-version":[{"id":6041,"href":"https:\/\/we.pb.edu.pl\/kfeits\/wp-json\/wp\/v2\/pages\/5956\/revisions\/6041"}],"wp:attachment":[{"href":"https:\/\/we.pb.edu.pl\/kfeits\/wp-json\/wp\/v2\/media?parent=5956"}],"curies":[{"name":"wp","href":"https:\/\/api.w.org\/{rel}","templated":true}]}}