{"id":5953,"date":"2025-10-18T14:17:54","date_gmt":"2025-10-18T12:17:54","guid":{"rendered":"https:\/\/we.pb.edu.pl\/kfeits\/?page_id=5953"},"modified":"2026-01-20T21:14:11","modified_gmt":"2026-01-20T20:14:11","slug":"tz2e100003-anteny-i-transmisja-fal","status":"publish","type":"page","link":"https:\/\/we.pb.edu.pl\/kfeits\/tz2e100003-anteny-i-transmisja-fal\/","title":{"rendered":"TZ2E100003 Anteny i Transmisja Fal"},"content":{"rendered":"<p>Wyk\u0142ad: zdalny, piatek godz. 19.20-20.55<\/p>\n<p>Laboratorium: prowadzi dr in\u017c. Marek Garbaruk<\/p>\n<p>&nbsp;<\/p>\n<p>Materia\u0142y wyk\u0142adowe<\/p>\n<ul>\n<li><a href=\"https:\/\/box.biaman.pl\/f\/207f88a30ccb42d6aeff\/\">Wyk\u0142ad 1<\/a><\/li>\n<li><a href=\"https:\/\/box.biaman.pl\/f\/6883ea891ddd4efa8b55\/\">Wyk\u0142ad 2<\/a><\/li>\n<li><a href=\"https:\/\/box.biaman.pl\/f\/759c23e13c284184972b\/\">Wyk\u0142ad 3<\/a><\/li>\n<li><a href=\"https:\/\/box.biaman.pl\/f\/1418786829b6437d9b02\/\">Wyk\u0142ad 4<\/a><\/li>\n<li><a href=\"https:\/\/box.biaman.pl\/f\/31c89aa145614fb69886\/\">Wyk\u0142ad 5<\/a><\/li>\n<li><a href=\"https:\/\/box.biaman.pl\/f\/bf61f867f4ca4ff98115\/\">Wyk\u0142ad 6<\/a><\/li>\n<li><a href=\"https:\/\/box.biaman.pl\/f\/94c0e8728b024bc894cf\/\">Wyk\u0142ad 7<\/a><\/li>\n<li><a href=\"https:\/\/box.biaman.pl\/f\/02cca73393d14fafb904\/\">Wyk\u0142ad 8<\/a><\/li>\n<li><a href=\"https:\/\/box.biaman.pl\/f\/aad71267639e47edbb09\/\">Wyk\u0142ad 9<\/a><\/li>\n<\/ul>\n<p>Wyk\u0142ad ko\u0144czy si\u0119 zaliczeniem na ostatnim zje\u017adzie, 23 stycznia, godz. 19.20, sala WE-109.<\/p>\n<p>&nbsp;<\/p>\n<p>Materia\u0142y dodatkowe<\/p>\n<ul>\n<li><a href=\"https:\/\/box.biaman.pl\/seafhttp\/f\/b8a79e6a4c9c4adebd8c\/?op=view\">Antenna Basics<\/a> &#8211; stosunkowo kr\u00f3tkie i proste informacje dotycz\u0105ce anten<\/li>\n<li><\/li>\n<\/ul>\n<p>&nbsp;<\/p>\n<p>&nbsp;<\/p>\n","protected":false},"excerpt":{"rendered":"<p>Wyk\u0142ad: zdalny, piatek godz. 19.20-20.55 Laboratorium: prowadzi dr in\u017c. Marek Garbaruk &nbsp; Materia\u0142y wyk\u0142adowe Wyk\u0142ad<a class=\"read-more\" href=\"https:\/\/we.pb.edu.pl\/kfeits\/tz2e100003-anteny-i-transmisja-fal\/\" title=\"Poka\u017c artyku\u0142 TZ2E100003 Anteny i Transmisja Fal\">wi\u0119cej<\/a><\/p>\n","protected":false},"author":21,"featured_media":0,"parent":0,"menu_order":0,"comment_status":"closed","ping_status":"closed","template":"","meta":{"inline_featured_image":false,"ngg_post_thumbnail":0,"footnotes":""},"class_list":["post-5953","page","type-page","status-publish","hentry"],"acf":[],"yoast_head":"<!-- This site is optimized with the Yoast SEO plugin v26.4 - https:\/\/yoast.com\/wordpress\/plugins\/seo\/ -->\n<title>TZ2E100003 Anteny i Transmisja Fal - Katedra Fotoniki, Elektroniki i Techniki \u015awietlnej<\/title>\n<meta name=\"robots\" content=\"index, follow, max-snippet:-1, max-image-preview:large, max-video-preview:-1\" \/>\n<link rel=\"canonical\" href=\"https:\/\/we.pb.edu.pl\/kfeits\/tz2e100003-anteny-i-transmisja-fal\/\" \/>\n<meta property=\"og:locale\" content=\"pl_PL\" \/>\n<meta property=\"og:type\" content=\"article\" \/>\n<meta property=\"og:title\" content=\"TZ2E100003 Anteny i Transmisja Fal - Katedra Fotoniki, Elektroniki i Techniki \u015awietlnej\" \/>\n<meta property=\"og:description\" content=\"Wyk\u0142ad: zdalny, piatek godz. 19.20-20.55 Laboratorium: prowadzi dr in\u017c. Marek Garbaruk &nbsp; Materia\u0142y wyk\u0142adowe Wyk\u0142adwi\u0119cej\" \/>\n<meta property=\"og:url\" content=\"https:\/\/we.pb.edu.pl\/kfeits\/tz2e100003-anteny-i-transmisja-fal\/\" \/>\n<meta property=\"og:site_name\" content=\"Katedra Fotoniki, Elektroniki i Techniki \u015awietlnej\" \/>\n<meta property=\"article:modified_time\" content=\"2026-01-20T20:14:11+00:00\" \/>\n<meta name=\"twitter:card\" content=\"summary_large_image\" \/>\n<meta name=\"twitter:label1\" content=\"Szacowany czas czytania\" \/>\n\t<meta name=\"twitter:data1\" content=\"1 minuta\" \/>\n<script type=\"application\/ld+json\" class=\"yoast-schema-graph\">{\"@context\":\"https:\/\/schema.org\",\"@graph\":[{\"@type\":\"WebPage\",\"@id\":\"https:\/\/we.pb.edu.pl\/kfeits\/tz2e100003-anteny-i-transmisja-fal\/\",\"url\":\"https:\/\/we.pb.edu.pl\/kfeits\/tz2e100003-anteny-i-transmisja-fal\/\",\"name\":\"TZ2E100003 Anteny i Transmisja Fal - Katedra Fotoniki, Elektroniki i Techniki \u015awietlnej\",\"isPartOf\":{\"@id\":\"https:\/\/we.pb.edu.pl\/kfeits\/#website\"},\"datePublished\":\"2025-10-18T12:17:54+00:00\",\"dateModified\":\"2026-01-20T20:14:11+00:00\",\"breadcrumb\":{\"@id\":\"https:\/\/we.pb.edu.pl\/kfeits\/tz2e100003-anteny-i-transmisja-fal\/#breadcrumb\"},\"inLanguage\":\"pl-PL\",\"potentialAction\":[{\"@type\":\"ReadAction\",\"target\":[\"https:\/\/we.pb.edu.pl\/kfeits\/tz2e100003-anteny-i-transmisja-fal\/\"]}]},{\"@type\":\"BreadcrumbList\",\"@id\":\"https:\/\/we.pb.edu.pl\/kfeits\/tz2e100003-anteny-i-transmisja-fal\/#breadcrumb\",\"itemListElement\":[{\"@type\":\"ListItem\",\"position\":1,\"name\":\"Strona g\u0142\u00f3wna\",\"item\":\"https:\/\/we.pb.edu.pl\/kfeits\/\"},{\"@type\":\"ListItem\",\"position\":2,\"name\":\"TZ2E100003 Anteny i Transmisja Fal\"}]},{\"@type\":\"WebSite\",\"@id\":\"https:\/\/we.pb.edu.pl\/kfeits\/#website\",\"url\":\"https:\/\/we.pb.edu.pl\/kfeits\/\",\"name\":\"Katedra Fotoniki, Elektroniki i Techniki \u015awietlnej\",\"description\":\"\",\"potentialAction\":[{\"@type\":\"SearchAction\",\"target\":{\"@type\":\"EntryPoint\",\"urlTemplate\":\"https:\/\/we.pb.edu.pl\/kfeits\/?s={search_term_string}\"},\"query-input\":{\"@type\":\"PropertyValueSpecification\",\"valueRequired\":true,\"valueName\":\"search_term_string\"}}],\"inLanguage\":\"pl-PL\"}]}<\/script>\n<!-- \/ Yoast SEO plugin. -->","yoast_head_json":{"title":"TZ2E100003 Anteny i Transmisja Fal - Katedra Fotoniki, Elektroniki i Techniki \u015awietlnej","robots":{"index":"index","follow":"follow","max-snippet":"max-snippet:-1","max-image-preview":"max-image-preview:large","max-video-preview":"max-video-preview:-1"},"canonical":"https:\/\/we.pb.edu.pl\/kfeits\/tz2e100003-anteny-i-transmisja-fal\/","og_locale":"pl_PL","og_type":"article","og_title":"TZ2E100003 Anteny i Transmisja Fal - Katedra Fotoniki, Elektroniki i Techniki \u015awietlnej","og_description":"Wyk\u0142ad: zdalny, piatek godz. 19.20-20.55 Laboratorium: prowadzi dr in\u017c. Marek Garbaruk &nbsp; Materia\u0142y wyk\u0142adowe Wyk\u0142adwi\u0119cej","og_url":"https:\/\/we.pb.edu.pl\/kfeits\/tz2e100003-anteny-i-transmisja-fal\/","og_site_name":"Katedra Fotoniki, Elektroniki i Techniki \u015awietlnej","article_modified_time":"2026-01-20T20:14:11+00:00","twitter_card":"summary_large_image","twitter_misc":{"Szacowany czas czytania":"1 minuta"},"schema":{"@context":"https:\/\/schema.org","@graph":[{"@type":"WebPage","@id":"https:\/\/we.pb.edu.pl\/kfeits\/tz2e100003-anteny-i-transmisja-fal\/","url":"https:\/\/we.pb.edu.pl\/kfeits\/tz2e100003-anteny-i-transmisja-fal\/","name":"TZ2E100003 Anteny i Transmisja Fal - Katedra Fotoniki, Elektroniki i Techniki \u015awietlnej","isPartOf":{"@id":"https:\/\/we.pb.edu.pl\/kfeits\/#website"},"datePublished":"2025-10-18T12:17:54+00:00","dateModified":"2026-01-20T20:14:11+00:00","breadcrumb":{"@id":"https:\/\/we.pb.edu.pl\/kfeits\/tz2e100003-anteny-i-transmisja-fal\/#breadcrumb"},"inLanguage":"pl-PL","potentialAction":[{"@type":"ReadAction","target":["https:\/\/we.pb.edu.pl\/kfeits\/tz2e100003-anteny-i-transmisja-fal\/"]}]},{"@type":"BreadcrumbList","@id":"https:\/\/we.pb.edu.pl\/kfeits\/tz2e100003-anteny-i-transmisja-fal\/#breadcrumb","itemListElement":[{"@type":"ListItem","position":1,"name":"Strona g\u0142\u00f3wna","item":"https:\/\/we.pb.edu.pl\/kfeits\/"},{"@type":"ListItem","position":2,"name":"TZ2E100003 Anteny i Transmisja Fal"}]},{"@type":"WebSite","@id":"https:\/\/we.pb.edu.pl\/kfeits\/#website","url":"https:\/\/we.pb.edu.pl\/kfeits\/","name":"Katedra Fotoniki, Elektroniki i Techniki \u015awietlnej","description":"","potentialAction":[{"@type":"SearchAction","target":{"@type":"EntryPoint","urlTemplate":"https:\/\/we.pb.edu.pl\/kfeits\/?s={search_term_string}"},"query-input":{"@type":"PropertyValueSpecification","valueRequired":true,"valueName":"search_term_string"}}],"inLanguage":"pl-PL"}]}},"_links":{"self":[{"href":"https:\/\/we.pb.edu.pl\/kfeits\/wp-json\/wp\/v2\/pages\/5953","targetHints":{"allow":["GET"]}}],"collection":[{"href":"https:\/\/we.pb.edu.pl\/kfeits\/wp-json\/wp\/v2\/pages"}],"about":[{"href":"https:\/\/we.pb.edu.pl\/kfeits\/wp-json\/wp\/v2\/types\/page"}],"author":[{"embeddable":true,"href":"https:\/\/we.pb.edu.pl\/kfeits\/wp-json\/wp\/v2\/users\/21"}],"replies":[{"embeddable":true,"href":"https:\/\/we.pb.edu.pl\/kfeits\/wp-json\/wp\/v2\/comments?post=5953"}],"version-history":[{"count":12,"href":"https:\/\/we.pb.edu.pl\/kfeits\/wp-json\/wp\/v2\/pages\/5953\/revisions"}],"predecessor-version":[{"id":6181,"href":"https:\/\/we.pb.edu.pl\/kfeits\/wp-json\/wp\/v2\/pages\/5953\/revisions\/6181"}],"wp:attachment":[{"href":"https:\/\/we.pb.edu.pl\/kfeits\/wp-json\/wp\/v2\/media?parent=5953"}],"curies":[{"name":"wp","href":"https:\/\/api.w.org\/{rel}","templated":true}]}}