{"id":5906,"date":"2025-10-07T16:17:10","date_gmt":"2025-10-07T14:17:10","guid":{"rendered":"https:\/\/we.pb.edu.pl\/kfeits\/?page_id=5906"},"modified":"2026-01-22T13:01:21","modified_gmt":"2026-01-22T12:01:21","slug":"zps","status":"publish","type":"page","link":"https:\/\/we.pb.edu.pl\/kfeits\/dariusz-janczak\/eit\/zps\/","title":{"rendered":"Zastosowanie przetwarzania sygna\u0142\u00f3w w systemach Internetu rzeczy"},"content":{"rendered":"<p><b>Materia\u0142y do wyk\u0142ad\u00f3w<\/b><\/p>\n<ul>\n<li><a href=\"https:\/\/box.biaman.pl\/f\/ee0a880eb37c40bf86d8\/?raw=1&amp;ext=.pdf\">cz\u0119\u015b\u0107 1<\/a><\/li>\n<li><a href=\"https:\/\/box.biaman.pl\/f\/3be03c5249c4494fb6a4\/?raw=1&amp;ext=.pdf\">cz\u0119\u015b\u0107 2<\/a><\/li>\n<li><a href=\"https:\/\/box.biaman.pl\/f\/142764a66ea14890a59e\/?raw=1&amp;ext=.pdf\">cz\u0119\u015b\u0107 3<\/a><\/li>\n<li><a href=\"https:\/\/box.biaman.pl\/f\/f7643025e1834d02b799\/?raw=1&amp;ext=.pdf\">cz\u0119\u015b\u0107 4<\/a><\/li>\n<li><a href=\"https:\/\/box.biaman.pl\/f\/dcec3b8f9b704ad7bfaa\/?raw=1&amp;ext=.pdf\">cz\u0119\u015b\u0107 5<\/a><\/li>\n<li><a href=\"https:\/\/box.biaman.pl\/f\/c05228cc396c4b9d8369\/?raw=1&amp;ext=.pdf\">cz\u0119\u015b\u0107 6<\/a><\/li>\n<\/ul>\n<hr \/>\n<p><b>Instrukcje do \u0107wicze\u0144 laboratoryjnych:<\/b><\/p>\n<ul>\n<li><a href=\"https:\/\/box.biaman.pl\/f\/34ca93e7aa754c8d8d4e\/?raw=1&amp;ext=.pdf\">Obs\u0142uga i wykorzystanie uk\u0142ad\u00f3w peryferyjnych<\/a><\/li>\n<li><a href=\"https:\/\/box.biaman.pl\/f\/e5f74ffcb0c9408b853f\/?raw=1&amp;ext=.pdf\">Konfiguracja i wykorzystanie systemu przerwa\u0144<\/a><\/li>\n<li><a href=\"https:\/\/box.biaman.pl\/f\/202e7b314635474cb468\/?raw=1&amp;ext=.pdf\">Realizacja podstawowych procedur przetwarzania sygna\u0142\u00f3w<\/a><\/li>\n<li><a href=\"https:\/\/box.biaman.pl\/f\/cea38e4a4a404575bd12\/?raw=1&amp;ext=.pdf\">Realizacja algorytm\u00f3w cyfrowego przetwarzania sygna\u0142\u00f3w<\/a><\/li>\n<li><a href=\"https:\/\/box.biaman.pl\/f\/94b6b095fb8c4e89a2ed\/?raw=1&amp;ext=.pdf\">Wykorzystanie bibliotek w realizacji przetwarzania sygna\u0142\u00f3w<\/a><\/li>\n<li><a href=\"https:\/\/box.biaman.pl\/f\/bb3e8bf869a847c1a776\/?raw=1&amp;ext=.pdf\">Wykorzystanie interfejsu I\u00b2C do komunikacji czujnikiem IoT<\/a>\n<ul>\n<li><a href=\"https:\/\/box.biaman.pl\/f\/b58a746e50f04f18a0d0\/?raw=1&amp;ext=.pdf\">materia\u0142y dodatkowe<\/a><\/li>\n<\/ul>\n<\/li>\n<li><a href=\"https:\/\/box.biaman.pl\/f\/1bf7bd1dc16e4960991d\/?raw=1&amp;ext=.pdf\">Analiza sygna\u0142\u00f3w z sensor\u00f3w IoT<\/a><\/li>\n<\/ul>\n","protected":false},"excerpt":{"rendered":"<p>Materia\u0142y do wyk\u0142ad\u00f3w cz\u0119\u015b\u0107 1 cz\u0119\u015b\u0107 2 cz\u0119\u015b\u0107 3 cz\u0119\u015b\u0107 4 cz\u0119\u015b\u0107 5 cz\u0119\u015b\u0107 6<a class=\"read-more\" href=\"https:\/\/we.pb.edu.pl\/kfeits\/dariusz-janczak\/eit\/zps\/\" title=\"Poka\u017c artyku\u0142 Zastosowanie przetwarzania sygna\u0142\u00f3w w systemach Internetu rzeczy\">wi\u0119cej<\/a><\/p>\n","protected":false},"author":22,"featured_media":0,"parent":5170,"menu_order":0,"comment_status":"closed","ping_status":"closed","template":"","meta":{"inline_featured_image":false,"ngg_post_thumbnail":0,"footnotes":""},"class_list":["post-5906","page","type-page","status-publish","hentry"],"acf":[],"yoast_head":"<!-- This site is optimized with the Yoast SEO plugin v26.4 - https:\/\/yoast.com\/wordpress\/plugins\/seo\/ -->\n<title>Zastosowanie przetwarzania sygna\u0142\u00f3w w systemach Internetu rzeczy - Katedra Fotoniki, Elektroniki i Techniki \u015awietlnej<\/title>\n<meta name=\"robots\" content=\"index, follow, max-snippet:-1, max-image-preview:large, max-video-preview:-1\" \/>\n<link rel=\"canonical\" href=\"https:\/\/we.pb.edu.pl\/kfeits\/dariusz-janczak\/eit\/zps\/\" \/>\n<meta property=\"og:locale\" content=\"pl_PL\" \/>\n<meta property=\"og:type\" content=\"article\" \/>\n<meta property=\"og:title\" content=\"Zastosowanie przetwarzania sygna\u0142\u00f3w w systemach Internetu rzeczy - Katedra Fotoniki, Elektroniki i Techniki \u015awietlnej\" \/>\n<meta property=\"og:description\" content=\"Materia\u0142y do wyk\u0142ad\u00f3w cz\u0119\u015b\u0107 1 cz\u0119\u015b\u0107 2 cz\u0119\u015b\u0107 3 cz\u0119\u015b\u0107 4 cz\u0119\u015b\u0107 5 cz\u0119\u015b\u0107 6wi\u0119cej\" \/>\n<meta property=\"og:url\" content=\"https:\/\/we.pb.edu.pl\/kfeits\/dariusz-janczak\/eit\/zps\/\" \/>\n<meta property=\"og:site_name\" content=\"Katedra Fotoniki, Elektroniki i Techniki \u015awietlnej\" \/>\n<meta property=\"article:modified_time\" content=\"2026-01-22T12:01:21+00:00\" \/>\n<meta name=\"twitter:card\" content=\"summary_large_image\" \/>\n<meta name=\"twitter:label1\" content=\"Szacowany czas czytania\" \/>\n\t<meta name=\"twitter:data1\" content=\"1 minuta\" \/>\n<script type=\"application\/ld+json\" class=\"yoast-schema-graph\">{\"@context\":\"https:\/\/schema.org\",\"@graph\":[{\"@type\":\"WebPage\",\"@id\":\"https:\/\/we.pb.edu.pl\/kfeits\/dariusz-janczak\/eit\/zps\/\",\"url\":\"https:\/\/we.pb.edu.pl\/kfeits\/dariusz-janczak\/eit\/zps\/\",\"name\":\"Zastosowanie przetwarzania sygna\u0142\u00f3w w systemach Internetu rzeczy - Katedra Fotoniki, Elektroniki i Techniki \u015awietlnej\",\"isPartOf\":{\"@id\":\"https:\/\/we.pb.edu.pl\/kfeits\/#website\"},\"datePublished\":\"2025-10-07T14:17:10+00:00\",\"dateModified\":\"2026-01-22T12:01:21+00:00\",\"breadcrumb\":{\"@id\":\"https:\/\/we.pb.edu.pl\/kfeits\/dariusz-janczak\/eit\/zps\/#breadcrumb\"},\"inLanguage\":\"pl-PL\",\"potentialAction\":[{\"@type\":\"ReadAction\",\"target\":[\"https:\/\/we.pb.edu.pl\/kfeits\/dariusz-janczak\/eit\/zps\/\"]}]},{\"@type\":\"BreadcrumbList\",\"@id\":\"https:\/\/we.pb.edu.pl\/kfeits\/dariusz-janczak\/eit\/zps\/#breadcrumb\",\"itemListElement\":[{\"@type\":\"ListItem\",\"position\":1,\"name\":\"Strona g\u0142\u00f3wna\",\"item\":\"https:\/\/we.pb.edu.pl\/kfeits\/\"},{\"@type\":\"ListItem\",\"position\":2,\"name\":\"dr hab. in\u017c. Dariusz Ja\u0144czak, prof. PB\",\"item\":\"https:\/\/we.pb.edu.pl\/kfeits\/dariusz-janczak\/\"},{\"@type\":\"ListItem\",\"position\":3,\"name\":\"Elektronika i Telekomunikacja\",\"item\":\"https:\/\/we.pb.edu.pl\/kfeits\/dariusz-janczak\/eit\/\"},{\"@type\":\"ListItem\",\"position\":4,\"name\":\"Zastosowanie przetwarzania sygna\u0142\u00f3w w systemach Internetu rzeczy\"}]},{\"@type\":\"WebSite\",\"@id\":\"https:\/\/we.pb.edu.pl\/kfeits\/#website\",\"url\":\"https:\/\/we.pb.edu.pl\/kfeits\/\",\"name\":\"Katedra Fotoniki, Elektroniki i Techniki \u015awietlnej\",\"description\":\"\",\"potentialAction\":[{\"@type\":\"SearchAction\",\"target\":{\"@type\":\"EntryPoint\",\"urlTemplate\":\"https:\/\/we.pb.edu.pl\/kfeits\/?s={search_term_string}\"},\"query-input\":{\"@type\":\"PropertyValueSpecification\",\"valueRequired\":true,\"valueName\":\"search_term_string\"}}],\"inLanguage\":\"pl-PL\"}]}<\/script>\n<!-- \/ Yoast SEO plugin. -->","yoast_head_json":{"title":"Zastosowanie przetwarzania sygna\u0142\u00f3w w systemach Internetu rzeczy - Katedra Fotoniki, Elektroniki i Techniki \u015awietlnej","robots":{"index":"index","follow":"follow","max-snippet":"max-snippet:-1","max-image-preview":"max-image-preview:large","max-video-preview":"max-video-preview:-1"},"canonical":"https:\/\/we.pb.edu.pl\/kfeits\/dariusz-janczak\/eit\/zps\/","og_locale":"pl_PL","og_type":"article","og_title":"Zastosowanie przetwarzania sygna\u0142\u00f3w w systemach Internetu rzeczy - Katedra Fotoniki, Elektroniki i Techniki \u015awietlnej","og_description":"Materia\u0142y do wyk\u0142ad\u00f3w cz\u0119\u015b\u0107 1 cz\u0119\u015b\u0107 2 cz\u0119\u015b\u0107 3 cz\u0119\u015b\u0107 4 cz\u0119\u015b\u0107 5 cz\u0119\u015b\u0107 6wi\u0119cej","og_url":"https:\/\/we.pb.edu.pl\/kfeits\/dariusz-janczak\/eit\/zps\/","og_site_name":"Katedra Fotoniki, Elektroniki i Techniki \u015awietlnej","article_modified_time":"2026-01-22T12:01:21+00:00","twitter_card":"summary_large_image","twitter_misc":{"Szacowany czas czytania":"1 minuta"},"schema":{"@context":"https:\/\/schema.org","@graph":[{"@type":"WebPage","@id":"https:\/\/we.pb.edu.pl\/kfeits\/dariusz-janczak\/eit\/zps\/","url":"https:\/\/we.pb.edu.pl\/kfeits\/dariusz-janczak\/eit\/zps\/","name":"Zastosowanie przetwarzania sygna\u0142\u00f3w w systemach Internetu rzeczy - Katedra Fotoniki, Elektroniki i Techniki \u015awietlnej","isPartOf":{"@id":"https:\/\/we.pb.edu.pl\/kfeits\/#website"},"datePublished":"2025-10-07T14:17:10+00:00","dateModified":"2026-01-22T12:01:21+00:00","breadcrumb":{"@id":"https:\/\/we.pb.edu.pl\/kfeits\/dariusz-janczak\/eit\/zps\/#breadcrumb"},"inLanguage":"pl-PL","potentialAction":[{"@type":"ReadAction","target":["https:\/\/we.pb.edu.pl\/kfeits\/dariusz-janczak\/eit\/zps\/"]}]},{"@type":"BreadcrumbList","@id":"https:\/\/we.pb.edu.pl\/kfeits\/dariusz-janczak\/eit\/zps\/#breadcrumb","itemListElement":[{"@type":"ListItem","position":1,"name":"Strona g\u0142\u00f3wna","item":"https:\/\/we.pb.edu.pl\/kfeits\/"},{"@type":"ListItem","position":2,"name":"dr hab. in\u017c. Dariusz Ja\u0144czak, prof. PB","item":"https:\/\/we.pb.edu.pl\/kfeits\/dariusz-janczak\/"},{"@type":"ListItem","position":3,"name":"Elektronika i Telekomunikacja","item":"https:\/\/we.pb.edu.pl\/kfeits\/dariusz-janczak\/eit\/"},{"@type":"ListItem","position":4,"name":"Zastosowanie przetwarzania sygna\u0142\u00f3w w systemach Internetu rzeczy"}]},{"@type":"WebSite","@id":"https:\/\/we.pb.edu.pl\/kfeits\/#website","url":"https:\/\/we.pb.edu.pl\/kfeits\/","name":"Katedra Fotoniki, Elektroniki i Techniki \u015awietlnej","description":"","potentialAction":[{"@type":"SearchAction","target":{"@type":"EntryPoint","urlTemplate":"https:\/\/we.pb.edu.pl\/kfeits\/?s={search_term_string}"},"query-input":{"@type":"PropertyValueSpecification","valueRequired":true,"valueName":"search_term_string"}}],"inLanguage":"pl-PL"}]}},"_links":{"self":[{"href":"https:\/\/we.pb.edu.pl\/kfeits\/wp-json\/wp\/v2\/pages\/5906","targetHints":{"allow":["GET"]}}],"collection":[{"href":"https:\/\/we.pb.edu.pl\/kfeits\/wp-json\/wp\/v2\/pages"}],"about":[{"href":"https:\/\/we.pb.edu.pl\/kfeits\/wp-json\/wp\/v2\/types\/page"}],"author":[{"embeddable":true,"href":"https:\/\/we.pb.edu.pl\/kfeits\/wp-json\/wp\/v2\/users\/22"}],"replies":[{"embeddable":true,"href":"https:\/\/we.pb.edu.pl\/kfeits\/wp-json\/wp\/v2\/comments?post=5906"}],"version-history":[{"count":17,"href":"https:\/\/we.pb.edu.pl\/kfeits\/wp-json\/wp\/v2\/pages\/5906\/revisions"}],"predecessor-version":[{"id":6186,"href":"https:\/\/we.pb.edu.pl\/kfeits\/wp-json\/wp\/v2\/pages\/5906\/revisions\/6186"}],"up":[{"embeddable":true,"href":"https:\/\/we.pb.edu.pl\/kfeits\/wp-json\/wp\/v2\/pages\/5170"}],"wp:attachment":[{"href":"https:\/\/we.pb.edu.pl\/kfeits\/wp-json\/wp\/v2\/media?parent=5906"}],"curies":[{"name":"wp","href":"https:\/\/api.w.org\/{rel}","templated":true}]}}