{"id":573,"date":"2018-10-23T12:08:46","date_gmt":"2018-10-23T10:08:46","guid":{"rendered":"https:\/\/we.pb.edu.pl\/ktiae\/?page_id=573"},"modified":"2026-03-06T19:13:55","modified_gmt":"2026-03-06T18:13:55","slug":"andrzej-zankiewicz","status":"publish","type":"page","link":"https:\/\/we.pb.edu.pl\/kfeits\/andrzej-zankiewicz\/","title":{"rendered":"dr in\u017c. Andrzej Zankiewicz"},"content":{"rendered":"<p><strong>ul. Wiejska 45D, 15-351 Bia\u0142ystok, pok. 339, tel. 85 746 9442<\/strong><\/p>\n<hr \/>\n<p><b>Przedmioty:<\/b><\/p>\n<ul>\n<li><a href=\"https:\/\/we.pb.edu.pl\/kfeits\/sist\/\">Systemy i sieci telekomunikacyjne<\/a>\u00a0<span style=\"color: #999999\">(EiT, sem. 4)<\/span><\/li>\n<li><a href=\"https:\/\/we.pb.edu.pl\/kfeits\/skisb\/\">Sieci komputerowe i systemy bezprzewodowe<\/a>\u00a0<span style=\"color: #999999\">(CP, sem. 4)<\/span><\/li>\n<li><a href=\"https:\/\/we.pb.edu.pl\/kfeits\/andrzej-zankiewicz\/it_and_iot\/\">Technologie internetowe i Internet rzeczy<\/a>\u00a0<span style=\"color: #999999\">(EiT, sem. 5)<\/span><\/li>\n<li><a href=\"https:\/\/we.pb.edu.pl\/kfeits\/zibwske\/\">Zarz\u0105dzanie sieciami teleinformatycznymi<\/a>\u00a0<span style=\"color: #999999\">(EiT TIiTIRz, sem. 5)<\/span><\/li>\n<li><a href=\"https:\/\/we.pb.edu.pl\/kfeits\/andrzej-zankiewicz\/cyberbezpieczenstwo\/\">Cyberbezpiecze\u0144stwo <\/a>\u00a0<span style=\"color: #999999\">(EiT TIiTIRz, sem. 6)<\/span><\/li>\n<li><a href=\"https:\/\/we.pb.edu.pl\/kfeits\/andrzej-zankiewicz\/sia_tcp_ip\/\">Sieci i aplikacje TCP\/IP<\/a>\u00a0<span style=\"color: #999999\">(EiT 2st. sem. 1)<\/span><\/li>\n<li><a href=\"https:\/\/we.pb.edu.pl\/kfeits\/andrzej-zankiewicz\/zsiut\/\">Zarz\u0105dzanie sieciami i us\u0142ugami telekomunikacyjnymi<\/a>\u00a0<span style=\"color: #999999\">(EiT 2st. sem. 2)<\/span><\/li>\n<li><a href=\"https:\/\/we.pb.edu.pl\/kfeits\/andrzej-zankiewicz\/bsi\/\">Bezpiecze\u0144stwo system\u00f3w informacyjnych<\/a> <span style=\"color: #999999\">(EiT 2st. sem. 3)<\/span><\/li>\n<li><a href=\"https:\/\/we.pb.edu.pl\/kfeits\/andrzej-zankiewicz\/sist\/\">Systemy i sieci telekomunikacyjne<\/a> <span style=\"color: #999999\">(EiT studia niestacjonarne, sem. 5)<\/span><\/li>\n<li><a href=\"https:\/\/we.pb.edu.pl\/kfeits\/andrzej-zankiewicz\/puwww\/\">Programowanie us\u0142ug WWW<\/a> <span style=\"color: #999999\">(EiT studia niestacjonarne, sem. 6)<\/span><\/li>\n<li><a href=\"https:\/\/we.pb.edu.pl\/kfeits\/andrzej-zankiewicz\/z_tstd\/\">Telekomunikacyjne sieci transmisji danych<\/a>\u00a0<span style=\"color: #999999\">(EiT studia niestacjonarne 2 stopnia, sem. 1)<\/span><\/li>\n<li><a href=\"https:\/\/we.pb.edu.pl\/kfeits\/andrzej-zankiewicz\/z_bsi\/\">Bezpiecze\u0144stwo system\u00f3w informacyjnych<\/a> <span style=\"color: #999999\">(EiT studia niestacjonarne 2 stopnia, sem. 2)<\/span><\/li>\n<li><a href=\"https:\/\/we.pb.edu.pl\/kfeits\/andrzej-zankiewicz\/z_zsiuwske\/\">Zarz\u0105dzanie sieciami i us\u0142ugami w systemach komunikacji elektronicznej<\/a>\u00a0<span style=\"color: #999999\">(EiT studia niestacjonarne 2 stopnia, sem. 2)<\/span><\/li>\n<li>TCP\/IP Networks and Applications <span style=\"color: #999999\">(M<span style=\"text-align: left;text-transform: none;text-indent: 0px;letter-spacing: normal;font-family: 'Open Sans',sans-serif;font-size: 15px;font-variant: normal;text-decoration: none;float: none;background-color: #ffffff\">aster studies in <\/span>Electronics and Telecommunications, sem. 1)<\/span><\/li>\n<li><a href=\"https:\/\/we.pb.edu.pl\/kfeits\/andrzej-zankiewicz\/motnas\/\">Management of Telecommunications Networks and Services<\/a> <span style=\"color: #999999\">(M<span style=\"text-align: left;text-transform: none;text-indent: 0px;letter-spacing: normal;font-family: 'Open Sans',sans-serif;font-size: 15px;font-variant: normal;text-decoration: none;float: none;background-color: #ffffff\">aster studies in <\/span>Electronics and Telecommunications, sem. 2)<\/span><\/li>\n<li><a href=\"https:\/\/we.pb.edu.pl\/kfeits\/andrzej-zankiewicz\/sois\/\">Security of Information Systems<\/a> <span style=\"color: #999999\">(M<span style=\"text-align: left;text-transform: none;text-indent: 0px;letter-spacing: normal;font-family: 'Open Sans',sans-serif;font-size: 15px;font-variant: normal;text-decoration: none;float: none;background-color: #ffffff\">aster studies in <\/span>Electronics and Telecommunications, sem. 3)<\/span><\/li>\n<li><a href=\"https:\/\/we.pb.edu.pl\/kfeits\/andrzej-zankiewicz\/computer-networks\/\">Computer Networks<\/a>\u00a0<span style=\"color: #999999\">(Erasmus)<\/span><\/li>\n<li><a href=\"https:\/\/we.pb.edu.pl\/kfeits\/andrzej-zankiewicz\/sarons\/\">Security and reliability of network systems<\/a> <span style=\"color: #999999\">(Erasmus)<\/span><\/li>\n<li><a href=\"https:\/\/we.pb.edu.pl\/kfeits\/andrzej-zankiewicz\/cryptography\/\">Cryptography<\/a> <span style=\"color: #999999\">(Erasmus)<\/span><\/li>\n<\/ul>\n<p>&nbsp;<\/p>\n","protected":false},"excerpt":{"rendered":"<p>ul. Wiejska 45D, 15-351 Bia\u0142ystok, pok. 339, tel. 85 746 9442 Przedmioty: Systemy i sieci<a class=\"read-more\" href=\"https:\/\/we.pb.edu.pl\/kfeits\/andrzej-zankiewicz\/\" title=\"Poka\u017c artyku\u0142 dr in\u017c. Andrzej Zankiewicz\">wi\u0119cej<\/a><\/p>\n","protected":false},"author":24,"featured_media":0,"parent":0,"menu_order":0,"comment_status":"closed","ping_status":"closed","template":"","meta":{"inline_featured_image":false,"ngg_post_thumbnail":0,"footnotes":""},"class_list":["post-573","page","type-page","status-publish","hentry"],"acf":[],"yoast_head":"<!-- This site is optimized with the Yoast SEO plugin v26.4 - https:\/\/yoast.com\/wordpress\/plugins\/seo\/ -->\n<title>dr in\u017c. Andrzej Zankiewicz - Katedra Fotoniki, Elektroniki i Techniki \u015awietlnej<\/title>\n<meta name=\"robots\" content=\"index, follow, max-snippet:-1, max-image-preview:large, max-video-preview:-1\" \/>\n<link rel=\"canonical\" href=\"https:\/\/we.pb.edu.pl\/kfeits\/andrzej-zankiewicz\/\" \/>\n<meta property=\"og:locale\" content=\"pl_PL\" \/>\n<meta property=\"og:type\" content=\"article\" \/>\n<meta property=\"og:title\" content=\"dr in\u017c. Andrzej Zankiewicz - Katedra Fotoniki, Elektroniki i Techniki \u015awietlnej\" \/>\n<meta property=\"og:description\" content=\"ul. Wiejska 45D, 15-351 Bia\u0142ystok, pok. 339, tel. 85 746 9442 Przedmioty: Systemy i sieciwi\u0119cej\" \/>\n<meta property=\"og:url\" content=\"https:\/\/we.pb.edu.pl\/kfeits\/andrzej-zankiewicz\/\" \/>\n<meta property=\"og:site_name\" content=\"Katedra Fotoniki, Elektroniki i Techniki \u015awietlnej\" \/>\n<meta property=\"article:modified_time\" content=\"2026-03-06T18:13:55+00:00\" \/>\n<meta name=\"twitter:card\" content=\"summary_large_image\" \/>\n<meta name=\"twitter:label1\" content=\"Szacowany czas czytania\" \/>\n\t<meta name=\"twitter:data1\" content=\"2 minuty\" \/>\n<script type=\"application\/ld+json\" class=\"yoast-schema-graph\">{\"@context\":\"https:\/\/schema.org\",\"@graph\":[{\"@type\":\"WebPage\",\"@id\":\"https:\/\/we.pb.edu.pl\/kfeits\/andrzej-zankiewicz\/\",\"url\":\"https:\/\/we.pb.edu.pl\/kfeits\/andrzej-zankiewicz\/\",\"name\":\"dr in\u017c. Andrzej Zankiewicz - Katedra Fotoniki, Elektroniki i Techniki \u015awietlnej\",\"isPartOf\":{\"@id\":\"https:\/\/we.pb.edu.pl\/kfeits\/#website\"},\"datePublished\":\"2018-10-23T10:08:46+00:00\",\"dateModified\":\"2026-03-06T18:13:55+00:00\",\"breadcrumb\":{\"@id\":\"https:\/\/we.pb.edu.pl\/kfeits\/andrzej-zankiewicz\/#breadcrumb\"},\"inLanguage\":\"pl-PL\",\"potentialAction\":[{\"@type\":\"ReadAction\",\"target\":[\"https:\/\/we.pb.edu.pl\/kfeits\/andrzej-zankiewicz\/\"]}]},{\"@type\":\"BreadcrumbList\",\"@id\":\"https:\/\/we.pb.edu.pl\/kfeits\/andrzej-zankiewicz\/#breadcrumb\",\"itemListElement\":[{\"@type\":\"ListItem\",\"position\":1,\"name\":\"Strona g\u0142\u00f3wna\",\"item\":\"https:\/\/we.pb.edu.pl\/kfeits\/\"},{\"@type\":\"ListItem\",\"position\":2,\"name\":\"dr in\u017c. Andrzej Zankiewicz\"}]},{\"@type\":\"WebSite\",\"@id\":\"https:\/\/we.pb.edu.pl\/kfeits\/#website\",\"url\":\"https:\/\/we.pb.edu.pl\/kfeits\/\",\"name\":\"Katedra Fotoniki, Elektroniki i Techniki \u015awietlnej\",\"description\":\"\",\"potentialAction\":[{\"@type\":\"SearchAction\",\"target\":{\"@type\":\"EntryPoint\",\"urlTemplate\":\"https:\/\/we.pb.edu.pl\/kfeits\/?s={search_term_string}\"},\"query-input\":{\"@type\":\"PropertyValueSpecification\",\"valueRequired\":true,\"valueName\":\"search_term_string\"}}],\"inLanguage\":\"pl-PL\"}]}<\/script>\n<!-- \/ Yoast SEO plugin. -->","yoast_head_json":{"title":"dr in\u017c. Andrzej Zankiewicz - Katedra Fotoniki, Elektroniki i Techniki \u015awietlnej","robots":{"index":"index","follow":"follow","max-snippet":"max-snippet:-1","max-image-preview":"max-image-preview:large","max-video-preview":"max-video-preview:-1"},"canonical":"https:\/\/we.pb.edu.pl\/kfeits\/andrzej-zankiewicz\/","og_locale":"pl_PL","og_type":"article","og_title":"dr in\u017c. Andrzej Zankiewicz - Katedra Fotoniki, Elektroniki i Techniki \u015awietlnej","og_description":"ul. Wiejska 45D, 15-351 Bia\u0142ystok, pok. 339, tel. 85 746 9442 Przedmioty: Systemy i sieciwi\u0119cej","og_url":"https:\/\/we.pb.edu.pl\/kfeits\/andrzej-zankiewicz\/","og_site_name":"Katedra Fotoniki, Elektroniki i Techniki \u015awietlnej","article_modified_time":"2026-03-06T18:13:55+00:00","twitter_card":"summary_large_image","twitter_misc":{"Szacowany czas czytania":"2 minuty"},"schema":{"@context":"https:\/\/schema.org","@graph":[{"@type":"WebPage","@id":"https:\/\/we.pb.edu.pl\/kfeits\/andrzej-zankiewicz\/","url":"https:\/\/we.pb.edu.pl\/kfeits\/andrzej-zankiewicz\/","name":"dr in\u017c. Andrzej Zankiewicz - Katedra Fotoniki, Elektroniki i Techniki \u015awietlnej","isPartOf":{"@id":"https:\/\/we.pb.edu.pl\/kfeits\/#website"},"datePublished":"2018-10-23T10:08:46+00:00","dateModified":"2026-03-06T18:13:55+00:00","breadcrumb":{"@id":"https:\/\/we.pb.edu.pl\/kfeits\/andrzej-zankiewicz\/#breadcrumb"},"inLanguage":"pl-PL","potentialAction":[{"@type":"ReadAction","target":["https:\/\/we.pb.edu.pl\/kfeits\/andrzej-zankiewicz\/"]}]},{"@type":"BreadcrumbList","@id":"https:\/\/we.pb.edu.pl\/kfeits\/andrzej-zankiewicz\/#breadcrumb","itemListElement":[{"@type":"ListItem","position":1,"name":"Strona g\u0142\u00f3wna","item":"https:\/\/we.pb.edu.pl\/kfeits\/"},{"@type":"ListItem","position":2,"name":"dr in\u017c. Andrzej Zankiewicz"}]},{"@type":"WebSite","@id":"https:\/\/we.pb.edu.pl\/kfeits\/#website","url":"https:\/\/we.pb.edu.pl\/kfeits\/","name":"Katedra Fotoniki, Elektroniki i Techniki \u015awietlnej","description":"","potentialAction":[{"@type":"SearchAction","target":{"@type":"EntryPoint","urlTemplate":"https:\/\/we.pb.edu.pl\/kfeits\/?s={search_term_string}"},"query-input":{"@type":"PropertyValueSpecification","valueRequired":true,"valueName":"search_term_string"}}],"inLanguage":"pl-PL"}]}},"_links":{"self":[{"href":"https:\/\/we.pb.edu.pl\/kfeits\/wp-json\/wp\/v2\/pages\/573","targetHints":{"allow":["GET"]}}],"collection":[{"href":"https:\/\/we.pb.edu.pl\/kfeits\/wp-json\/wp\/v2\/pages"}],"about":[{"href":"https:\/\/we.pb.edu.pl\/kfeits\/wp-json\/wp\/v2\/types\/page"}],"author":[{"embeddable":true,"href":"https:\/\/we.pb.edu.pl\/kfeits\/wp-json\/wp\/v2\/users\/24"}],"replies":[{"embeddable":true,"href":"https:\/\/we.pb.edu.pl\/kfeits\/wp-json\/wp\/v2\/comments?post=573"}],"version-history":[{"count":52,"href":"https:\/\/we.pb.edu.pl\/kfeits\/wp-json\/wp\/v2\/pages\/573\/revisions"}],"predecessor-version":[{"id":6288,"href":"https:\/\/we.pb.edu.pl\/kfeits\/wp-json\/wp\/v2\/pages\/573\/revisions\/6288"}],"wp:attachment":[{"href":"https:\/\/we.pb.edu.pl\/kfeits\/wp-json\/wp\/v2\/media?parent=573"}],"curies":[{"name":"wp","href":"https:\/\/api.w.org\/{rel}","templated":true}]}}