{"id":528,"date":"2018-10-16T08:40:02","date_gmt":"2018-10-16T06:40:02","guid":{"rendered":"https:\/\/we.pb.edu.pl\/ktiae\/?page_id=528"},"modified":"2026-02-27T08:30:14","modified_gmt":"2026-02-27T07:30:14","slug":"maciej-sadowski","status":"publish","type":"page","link":"https:\/\/we.pb.edu.pl\/kfeits\/maciej-sadowski\/","title":{"rendered":"dr in\u017c. Maciej Sadowski"},"content":{"rendered":"<p>ul. Wiejska 45D, 15-351 Bia\u0142ystok, p. 318<\/p>\n<p>e-mail: m.sadowski@pb.edu.pl<\/p>\n<p>&nbsp;<\/p>\n<p><strong>Konsultacje<\/strong><\/p>\n<p>Dla student\u00f3w studi\u00f3w dziennych<\/p>\n<ul>\n<li>Wtorek 12.00-14.00<\/li>\n<li>czwartek\u00a0 10.00-11.30<\/li>\n<\/ul>\n<p>Dla student\u00f3w studi\u00f3w niestacjonarnych<\/p>\n<ul style=\"list-style-type: circle\">\n<li>terminy konsultacji zostan\u0105 podane na pierwszym zje\u017adzie<\/li>\n<\/ul>\n<p>&nbsp;<\/p>\n<p style=\"text-align: center\"><strong>Zaj\u0119cia dydaktyczne<\/strong><\/p>\n<p><strong>Semestr zimowy (Winter semester)<\/strong><\/p>\n<p><a href=\"https:\/\/we.pb.edu.pl\/kfeits\/ts1f1010-wprowadzenie-do-elektroniki\/\">TS1F1010 Wprowadzenie do Elektroniki<\/a><\/p>\n<p><a href=\"https:\/\/we.pb.edu.pl\/kfeits\/ts1f3027-modelowanie-ukladow-elektronicznych\/\">TS1F3027 Modelowanie uk\u0142ad\u00f3w elektronicznych<\/a><\/p>\n<p><a href=\"https:\/\/we.pb.edu.pl\/kfeits\/anteny-i-techniki-bezprzewodowe\/\">TS1F5040 Anteny i Techniki Bezprzewodowe<\/a><\/p>\n<p>&nbsp;<\/p>\n<p>TS2E200016 Elektroniczna Aparatura Pomiarowa<\/p>\n<p><a href=\"https:\/\/we.pb.edu.pl\/kfeits\/ts2e200010-narzedzia-wspomaganego-komputerowo-projektowania-sieci-telekomunikacyjnych\/\">TS2E200010 Narz\u0119dzia wspomaganego komputerowo projektowania sieci telekomunikacyjnych<\/a><\/p>\n<p><a href=\"https:\/\/we.pb.edu.pl\/kfeits\/tz2e100002-metody-optymalizacji\/\">TZ2E100002 Metody Optymalizacji<\/a><\/p>\n<p><a href=\"https:\/\/we.pb.edu.pl\/kfeits\/tz2e100003-anteny-i-transmisja-fal\/\">TZ2E100003 Anteny i Transmisja Fal<\/a><\/p>\n<p>&nbsp;<\/p>\n<p>&nbsp;<\/p>\n<p><strong>Subject for English language students<\/strong><\/p>\n<p>no courses<\/p>\n<p>&nbsp;<\/p>\n<p>&nbsp;<\/p>\n<p>&nbsp;<\/p>\n<p>&nbsp;<\/p>\n<p><strong>Semestr letni<\/strong><\/p>\n<p><a href=\"https:\/\/we.pb.edu.pl\/kfeits\/maciej-sadowski\/pracownia-technologiczna\/\">TS1F4034 Pracownia Technologiczna<\/a><\/p>\n<p><a href=\"https:\/\/we.pb.edu.pl\/kfeits\/tz2e200034-nwkpst\/\">Narz\u0119dzia wspomaganego komputerowo projektowania sieci telekomunikacyjnych TZ2E200034<\/a><\/p>\n<p>&nbsp;<\/p>\n<p>&nbsp;<\/p>\n<p><strong>Materia\u0142y prywatne<\/strong><\/p>\n<p>&nbsp;<\/p>\n","protected":false},"excerpt":{"rendered":"<p>ul. Wiejska 45D, 15-351 Bia\u0142ystok, p. 318 e-mail: m.sadowski@pb.edu.pl &nbsp; Konsultacje Dla student\u00f3w studi\u00f3w dziennych<a class=\"read-more\" href=\"https:\/\/we.pb.edu.pl\/kfeits\/maciej-sadowski\/\" title=\"Poka\u017c artyku\u0142 dr in\u017c. Maciej Sadowski\">wi\u0119cej<\/a><\/p>\n","protected":false},"author":21,"featured_media":0,"parent":0,"menu_order":0,"comment_status":"closed","ping_status":"closed","template":"","meta":{"inline_featured_image":false,"ngg_post_thumbnail":0,"footnotes":""},"class_list":["post-528","page","type-page","status-publish","hentry"],"acf":[],"yoast_head":"<!-- This site is optimized with the Yoast SEO plugin v26.4 - https:\/\/yoast.com\/wordpress\/plugins\/seo\/ -->\n<title>dr in\u017c. Maciej Sadowski - Katedra Fotoniki, Elektroniki i Techniki \u015awietlnej<\/title>\n<meta name=\"robots\" content=\"index, follow, max-snippet:-1, max-image-preview:large, max-video-preview:-1\" \/>\n<link rel=\"canonical\" href=\"https:\/\/we.pb.edu.pl\/kfeits\/maciej-sadowski\/\" \/>\n<meta property=\"og:locale\" content=\"pl_PL\" \/>\n<meta property=\"og:type\" content=\"article\" \/>\n<meta property=\"og:title\" content=\"dr in\u017c. Maciej Sadowski - Katedra Fotoniki, Elektroniki i Techniki \u015awietlnej\" \/>\n<meta property=\"og:description\" content=\"ul. Wiejska 45D, 15-351 Bia\u0142ystok, p. 318 e-mail: m.sadowski@pb.edu.pl &nbsp; Konsultacje Dla student\u00f3w studi\u00f3w dziennychwi\u0119cej\" \/>\n<meta property=\"og:url\" content=\"https:\/\/we.pb.edu.pl\/kfeits\/maciej-sadowski\/\" \/>\n<meta property=\"og:site_name\" content=\"Katedra Fotoniki, Elektroniki i Techniki \u015awietlnej\" \/>\n<meta property=\"article:modified_time\" content=\"2026-02-27T07:30:14+00:00\" \/>\n<meta name=\"twitter:card\" content=\"summary_large_image\" \/>\n<meta name=\"twitter:label1\" content=\"Szacowany czas czytania\" \/>\n\t<meta name=\"twitter:data1\" content=\"1 minuta\" \/>\n<script type=\"application\/ld+json\" class=\"yoast-schema-graph\">{\"@context\":\"https:\/\/schema.org\",\"@graph\":[{\"@type\":\"WebPage\",\"@id\":\"https:\/\/we.pb.edu.pl\/kfeits\/maciej-sadowski\/\",\"url\":\"https:\/\/we.pb.edu.pl\/kfeits\/maciej-sadowski\/\",\"name\":\"dr in\u017c. Maciej Sadowski - Katedra Fotoniki, Elektroniki i Techniki \u015awietlnej\",\"isPartOf\":{\"@id\":\"https:\/\/we.pb.edu.pl\/kfeits\/#website\"},\"datePublished\":\"2018-10-16T06:40:02+00:00\",\"dateModified\":\"2026-02-27T07:30:14+00:00\",\"breadcrumb\":{\"@id\":\"https:\/\/we.pb.edu.pl\/kfeits\/maciej-sadowski\/#breadcrumb\"},\"inLanguage\":\"pl-PL\",\"potentialAction\":[{\"@type\":\"ReadAction\",\"target\":[\"https:\/\/we.pb.edu.pl\/kfeits\/maciej-sadowski\/\"]}]},{\"@type\":\"BreadcrumbList\",\"@id\":\"https:\/\/we.pb.edu.pl\/kfeits\/maciej-sadowski\/#breadcrumb\",\"itemListElement\":[{\"@type\":\"ListItem\",\"position\":1,\"name\":\"Strona g\u0142\u00f3wna\",\"item\":\"https:\/\/we.pb.edu.pl\/kfeits\/\"},{\"@type\":\"ListItem\",\"position\":2,\"name\":\"dr in\u017c. Maciej Sadowski\"}]},{\"@type\":\"WebSite\",\"@id\":\"https:\/\/we.pb.edu.pl\/kfeits\/#website\",\"url\":\"https:\/\/we.pb.edu.pl\/kfeits\/\",\"name\":\"Katedra Fotoniki, Elektroniki i Techniki \u015awietlnej\",\"description\":\"\",\"potentialAction\":[{\"@type\":\"SearchAction\",\"target\":{\"@type\":\"EntryPoint\",\"urlTemplate\":\"https:\/\/we.pb.edu.pl\/kfeits\/?s={search_term_string}\"},\"query-input\":{\"@type\":\"PropertyValueSpecification\",\"valueRequired\":true,\"valueName\":\"search_term_string\"}}],\"inLanguage\":\"pl-PL\"}]}<\/script>\n<!-- \/ Yoast SEO plugin. -->","yoast_head_json":{"title":"dr in\u017c. Maciej Sadowski - Katedra Fotoniki, Elektroniki i Techniki \u015awietlnej","robots":{"index":"index","follow":"follow","max-snippet":"max-snippet:-1","max-image-preview":"max-image-preview:large","max-video-preview":"max-video-preview:-1"},"canonical":"https:\/\/we.pb.edu.pl\/kfeits\/maciej-sadowski\/","og_locale":"pl_PL","og_type":"article","og_title":"dr in\u017c. Maciej Sadowski - Katedra Fotoniki, Elektroniki i Techniki \u015awietlnej","og_description":"ul. Wiejska 45D, 15-351 Bia\u0142ystok, p. 318 e-mail: m.sadowski@pb.edu.pl &nbsp; Konsultacje Dla student\u00f3w studi\u00f3w dziennychwi\u0119cej","og_url":"https:\/\/we.pb.edu.pl\/kfeits\/maciej-sadowski\/","og_site_name":"Katedra Fotoniki, Elektroniki i Techniki \u015awietlnej","article_modified_time":"2026-02-27T07:30:14+00:00","twitter_card":"summary_large_image","twitter_misc":{"Szacowany czas czytania":"1 minuta"},"schema":{"@context":"https:\/\/schema.org","@graph":[{"@type":"WebPage","@id":"https:\/\/we.pb.edu.pl\/kfeits\/maciej-sadowski\/","url":"https:\/\/we.pb.edu.pl\/kfeits\/maciej-sadowski\/","name":"dr in\u017c. Maciej Sadowski - Katedra Fotoniki, Elektroniki i Techniki \u015awietlnej","isPartOf":{"@id":"https:\/\/we.pb.edu.pl\/kfeits\/#website"},"datePublished":"2018-10-16T06:40:02+00:00","dateModified":"2026-02-27T07:30:14+00:00","breadcrumb":{"@id":"https:\/\/we.pb.edu.pl\/kfeits\/maciej-sadowski\/#breadcrumb"},"inLanguage":"pl-PL","potentialAction":[{"@type":"ReadAction","target":["https:\/\/we.pb.edu.pl\/kfeits\/maciej-sadowski\/"]}]},{"@type":"BreadcrumbList","@id":"https:\/\/we.pb.edu.pl\/kfeits\/maciej-sadowski\/#breadcrumb","itemListElement":[{"@type":"ListItem","position":1,"name":"Strona g\u0142\u00f3wna","item":"https:\/\/we.pb.edu.pl\/kfeits\/"},{"@type":"ListItem","position":2,"name":"dr in\u017c. Maciej Sadowski"}]},{"@type":"WebSite","@id":"https:\/\/we.pb.edu.pl\/kfeits\/#website","url":"https:\/\/we.pb.edu.pl\/kfeits\/","name":"Katedra Fotoniki, Elektroniki i Techniki \u015awietlnej","description":"","potentialAction":[{"@type":"SearchAction","target":{"@type":"EntryPoint","urlTemplate":"https:\/\/we.pb.edu.pl\/kfeits\/?s={search_term_string}"},"query-input":{"@type":"PropertyValueSpecification","valueRequired":true,"valueName":"search_term_string"}}],"inLanguage":"pl-PL"}]}},"_links":{"self":[{"href":"https:\/\/we.pb.edu.pl\/kfeits\/wp-json\/wp\/v2\/pages\/528","targetHints":{"allow":["GET"]}}],"collection":[{"href":"https:\/\/we.pb.edu.pl\/kfeits\/wp-json\/wp\/v2\/pages"}],"about":[{"href":"https:\/\/we.pb.edu.pl\/kfeits\/wp-json\/wp\/v2\/types\/page"}],"author":[{"embeddable":true,"href":"https:\/\/we.pb.edu.pl\/kfeits\/wp-json\/wp\/v2\/users\/21"}],"replies":[{"embeddable":true,"href":"https:\/\/we.pb.edu.pl\/kfeits\/wp-json\/wp\/v2\/comments?post=528"}],"version-history":[{"count":86,"href":"https:\/\/we.pb.edu.pl\/kfeits\/wp-json\/wp\/v2\/pages\/528\/revisions"}],"predecessor-version":[{"id":6238,"href":"https:\/\/we.pb.edu.pl\/kfeits\/wp-json\/wp\/v2\/pages\/528\/revisions\/6238"}],"wp:attachment":[{"href":"https:\/\/we.pb.edu.pl\/kfeits\/wp-json\/wp\/v2\/media?parent=528"}],"curies":[{"name":"wp","href":"https:\/\/api.w.org\/{rel}","templated":true}]}}