{"id":519,"date":"2018-10-12T09:37:25","date_gmt":"2018-10-12T07:37:25","guid":{"rendered":"https:\/\/we.pb.edu.pl\/ktiae\/?page_id=519"},"modified":"2026-01-16T21:13:30","modified_gmt":"2026-01-16T20:13:30","slug":"podstawy-telekomutacji","status":"publish","type":"page","link":"https:\/\/we.pb.edu.pl\/kfeits\/krzysztof-konopko\/eit2n\/podstawy-telekomutacji\/","title":{"rendered":"Podstawy telekomutacji"},"content":{"rendered":"<p><strong>ul. Zwierzyniecka 10, 15-351 Bia\u0142ystok, s. CBD-32<\/strong><\/p>\n<p>prowadz\u0105cy: <a href=\"\/kfeits\/krzysztof-konopko\/\">Krzysztof Konopko<\/a><\/p>\n<hr \/>\n<p><strong>Prezentacje z wyk\u0142adu:<\/strong><\/p>\n<ul>\n<li><a href=\"https:\/\/box.biaman.pl\/f\/55172337576a4ee990e5\/?raw=1&amp;ext=.pdf\">Wiadomo\u015bci wst\u0119pne. Co to jest telekomutacja.<\/a><\/li>\n<li><a href=\"https:\/\/box.biaman.pl\/f\/c3274b269e894287be96\/?raw=1&amp;ext=.pdf\">Sygnalizacja dost\u0119powa.<\/a><\/li>\n<li><a href=\"https:\/\/box.biaman.pl\/f\/d2e390b9c6be47fc83dc\/?raw=1&amp;ext=.pdf\">Sygnalizacja mi\u0119dzyw\u0119z\u0142owa.<\/a><\/li>\n<li><a href=\"https:\/\/box.biaman.pl\/f\/65c16a578470460e834b\/?raw=1&amp;ext=.pdf\">Budowa w\u0119z\u0142a komutacyjnego.\u00a0In\u017cynieria ruchu.<\/a><\/li>\n<li><a href=\"https:\/\/box.biaman.pl\/f\/449b7563235b41019110\/?raw=1&amp;ext=.pdf\">Eksploatacja, jako\u015b\u0107 us\u0142ugi g\u0142osowej.<\/a><\/li>\n<\/ul>\n<hr \/>\n<p><strong>Instrukcje do \u0107wicze\u0144 laboratoryjnych:<\/strong><\/p>\n<ul>\n<li><a href=\"https:\/\/box.biaman.pl\/f\/526e55977f594bd6ba82\/?raw=1&amp;ext=.pdf\">Konfiguracja kana\u0142\u00f3w transmisyjnych.<\/a><\/li>\n<li><a href=\"https:\/\/box.biaman.pl\/f\/91e73c763f87463cb714\/?raw=1&amp;ext=.pdf\">Badanie nat\u0119\u017cenia ruch.<\/a><\/li>\n<li><a href=\"https:\/\/box.biaman.pl\/f\/e41ee8f5c3214795aa8a\/?raw=1&amp;ext=.pdf\">Badanie jako\u015b\u0107 us\u0142ugi g\u0142osowej.<\/a><\/li>\n<\/ul>\n<hr \/>\n<p><strong>Materia\u0142y dodatkowe:<\/strong><\/p>\n<ul>\n<li><a href=\"https:\/\/box.biaman.pl\/f\/44c52b0bac014d09aefd\/?raw=1&amp;ext=.pdf\">Instrukcja wst\u0119pna.<\/a><\/li>\n<li><a href=\"https:\/\/box.biaman.pl\/f\/61391025d1de4658a754\/?raw=1&amp;ext=.pdf\">Asterisk.<\/a><\/li>\n<\/ul>\n<hr \/>\n<p><strong>Literatura:<\/strong><\/p>\n<ul>\n<li>Andrzej Jajszczyk, &#8222;Wst\u0119p do telekomutacji&#8221;, WNT, Warszawa 2004.<\/li>\n<li>Grzegorz Danilewicz, Wojciech Kabaci\u0144ski, &#8222;System sygnalizacji nr 7. Protoko\u0142y standardy zastosowania&#8221;, Wydawnictwa Komunikacji i \u0141\u0105czno\u015bci, Warszawa 2005.<\/li>\n<li>Wojciech Kabaci\u0144ski, &#8222;Mariusz \u017bal Sieci telekomunikacyjne&#8221;, Wydawnictwa Komunikacji i \u0141\u0105czno\u015bci, Warszawa 2008.<\/li>\n<li>Maciej Stasiak, Mariusz G\u0142\u0105bowskim, S\u0142awomir Hanczewski, Piotr Zwierzykowski, &#8222;Podstawy in\u017cynierii ruchu i wymiarowania sieci teleinformatycznych&#8221;, Wydawnictwo Politechniki Pozna\u0144skiej, Pozna\u0144 2009<\/li>\n<\/ul>\n","protected":false},"excerpt":{"rendered":"<p>ul. Zwierzyniecka 10, 15-351 Bia\u0142ystok, s. CBD-32 prowadz\u0105cy: Krzysztof Konopko Prezentacje z wyk\u0142adu: Wiadomo\u015bci wst\u0119pne.<a class=\"read-more\" href=\"https:\/\/we.pb.edu.pl\/kfeits\/krzysztof-konopko\/eit2n\/podstawy-telekomutacji\/\" title=\"Poka\u017c artyku\u0142 Podstawy telekomutacji\">wi\u0119cej<\/a><\/p>\n","protected":false},"author":20,"featured_media":0,"parent":4401,"menu_order":0,"comment_status":"closed","ping_status":"closed","template":"","meta":{"inline_featured_image":false,"ngg_post_thumbnail":0,"footnotes":""},"class_list":["post-519","page","type-page","status-publish","hentry"],"acf":[],"yoast_head":"<!-- This site is optimized with the Yoast SEO plugin v26.4 - https:\/\/yoast.com\/wordpress\/plugins\/seo\/ -->\n<title>Podstawy telekomutacji - Katedra Fotoniki, Elektroniki i Techniki \u015awietlnej<\/title>\n<meta name=\"robots\" content=\"index, follow, max-snippet:-1, max-image-preview:large, max-video-preview:-1\" \/>\n<link rel=\"canonical\" href=\"https:\/\/we.pb.edu.pl\/kfeits\/krzysztof-konopko\/eit2n\/podstawy-telekomutacji\/\" \/>\n<meta property=\"og:locale\" content=\"pl_PL\" \/>\n<meta property=\"og:type\" content=\"article\" \/>\n<meta property=\"og:title\" content=\"Podstawy telekomutacji - Katedra Fotoniki, Elektroniki i Techniki \u015awietlnej\" \/>\n<meta property=\"og:description\" content=\"ul. Zwierzyniecka 10, 15-351 Bia\u0142ystok, s. CBD-32 prowadz\u0105cy: Krzysztof Konopko Prezentacje z wyk\u0142adu: Wiadomo\u015bci wst\u0119pne.wi\u0119cej\" \/>\n<meta property=\"og:url\" content=\"https:\/\/we.pb.edu.pl\/kfeits\/krzysztof-konopko\/eit2n\/podstawy-telekomutacji\/\" \/>\n<meta property=\"og:site_name\" content=\"Katedra Fotoniki, Elektroniki i Techniki \u015awietlnej\" \/>\n<meta property=\"article:modified_time\" content=\"2026-01-16T20:13:30+00:00\" \/>\n<meta name=\"twitter:card\" content=\"summary_large_image\" \/>\n<meta name=\"twitter:label1\" content=\"Szacowany czas czytania\" \/>\n\t<meta name=\"twitter:data1\" content=\"1 minuta\" \/>\n<script type=\"application\/ld+json\" class=\"yoast-schema-graph\">{\"@context\":\"https:\/\/schema.org\",\"@graph\":[{\"@type\":\"WebPage\",\"@id\":\"https:\/\/we.pb.edu.pl\/kfeits\/krzysztof-konopko\/eit2n\/podstawy-telekomutacji\/\",\"url\":\"https:\/\/we.pb.edu.pl\/kfeits\/krzysztof-konopko\/eit2n\/podstawy-telekomutacji\/\",\"name\":\"Podstawy telekomutacji - Katedra Fotoniki, Elektroniki i Techniki \u015awietlnej\",\"isPartOf\":{\"@id\":\"https:\/\/we.pb.edu.pl\/kfeits\/#website\"},\"datePublished\":\"2018-10-12T07:37:25+00:00\",\"dateModified\":\"2026-01-16T20:13:30+00:00\",\"breadcrumb\":{\"@id\":\"https:\/\/we.pb.edu.pl\/kfeits\/krzysztof-konopko\/eit2n\/podstawy-telekomutacji\/#breadcrumb\"},\"inLanguage\":\"pl-PL\",\"potentialAction\":[{\"@type\":\"ReadAction\",\"target\":[\"https:\/\/we.pb.edu.pl\/kfeits\/krzysztof-konopko\/eit2n\/podstawy-telekomutacji\/\"]}]},{\"@type\":\"BreadcrumbList\",\"@id\":\"https:\/\/we.pb.edu.pl\/kfeits\/krzysztof-konopko\/eit2n\/podstawy-telekomutacji\/#breadcrumb\",\"itemListElement\":[{\"@type\":\"ListItem\",\"position\":1,\"name\":\"Strona g\u0142\u00f3wna\",\"item\":\"https:\/\/we.pb.edu.pl\/kfeits\/\"},{\"@type\":\"ListItem\",\"position\":2,\"name\":\"dr in\u017c. Krzysztof Konopko\",\"item\":\"https:\/\/we.pb.edu.pl\/kfeits\/krzysztof-konopko\/\"},{\"@type\":\"ListItem\",\"position\":3,\"name\":\"EiT2N\",\"item\":\"https:\/\/we.pb.edu.pl\/kfeits\/krzysztof-konopko\/eit2n\/\"},{\"@type\":\"ListItem\",\"position\":4,\"name\":\"Podstawy telekomutacji\"}]},{\"@type\":\"WebSite\",\"@id\":\"https:\/\/we.pb.edu.pl\/kfeits\/#website\",\"url\":\"https:\/\/we.pb.edu.pl\/kfeits\/\",\"name\":\"Katedra Fotoniki, Elektroniki i Techniki \u015awietlnej\",\"description\":\"\",\"potentialAction\":[{\"@type\":\"SearchAction\",\"target\":{\"@type\":\"EntryPoint\",\"urlTemplate\":\"https:\/\/we.pb.edu.pl\/kfeits\/?s={search_term_string}\"},\"query-input\":{\"@type\":\"PropertyValueSpecification\",\"valueRequired\":true,\"valueName\":\"search_term_string\"}}],\"inLanguage\":\"pl-PL\"}]}<\/script>\n<!-- \/ Yoast SEO plugin. -->","yoast_head_json":{"title":"Podstawy telekomutacji - Katedra Fotoniki, Elektroniki i Techniki \u015awietlnej","robots":{"index":"index","follow":"follow","max-snippet":"max-snippet:-1","max-image-preview":"max-image-preview:large","max-video-preview":"max-video-preview:-1"},"canonical":"https:\/\/we.pb.edu.pl\/kfeits\/krzysztof-konopko\/eit2n\/podstawy-telekomutacji\/","og_locale":"pl_PL","og_type":"article","og_title":"Podstawy telekomutacji - Katedra Fotoniki, Elektroniki i Techniki \u015awietlnej","og_description":"ul. Zwierzyniecka 10, 15-351 Bia\u0142ystok, s. CBD-32 prowadz\u0105cy: Krzysztof Konopko Prezentacje z wyk\u0142adu: Wiadomo\u015bci wst\u0119pne.wi\u0119cej","og_url":"https:\/\/we.pb.edu.pl\/kfeits\/krzysztof-konopko\/eit2n\/podstawy-telekomutacji\/","og_site_name":"Katedra Fotoniki, Elektroniki i Techniki \u015awietlnej","article_modified_time":"2026-01-16T20:13:30+00:00","twitter_card":"summary_large_image","twitter_misc":{"Szacowany czas czytania":"1 minuta"},"schema":{"@context":"https:\/\/schema.org","@graph":[{"@type":"WebPage","@id":"https:\/\/we.pb.edu.pl\/kfeits\/krzysztof-konopko\/eit2n\/podstawy-telekomutacji\/","url":"https:\/\/we.pb.edu.pl\/kfeits\/krzysztof-konopko\/eit2n\/podstawy-telekomutacji\/","name":"Podstawy telekomutacji - Katedra Fotoniki, Elektroniki i Techniki \u015awietlnej","isPartOf":{"@id":"https:\/\/we.pb.edu.pl\/kfeits\/#website"},"datePublished":"2018-10-12T07:37:25+00:00","dateModified":"2026-01-16T20:13:30+00:00","breadcrumb":{"@id":"https:\/\/we.pb.edu.pl\/kfeits\/krzysztof-konopko\/eit2n\/podstawy-telekomutacji\/#breadcrumb"},"inLanguage":"pl-PL","potentialAction":[{"@type":"ReadAction","target":["https:\/\/we.pb.edu.pl\/kfeits\/krzysztof-konopko\/eit2n\/podstawy-telekomutacji\/"]}]},{"@type":"BreadcrumbList","@id":"https:\/\/we.pb.edu.pl\/kfeits\/krzysztof-konopko\/eit2n\/podstawy-telekomutacji\/#breadcrumb","itemListElement":[{"@type":"ListItem","position":1,"name":"Strona g\u0142\u00f3wna","item":"https:\/\/we.pb.edu.pl\/kfeits\/"},{"@type":"ListItem","position":2,"name":"dr in\u017c. Krzysztof Konopko","item":"https:\/\/we.pb.edu.pl\/kfeits\/krzysztof-konopko\/"},{"@type":"ListItem","position":3,"name":"EiT2N","item":"https:\/\/we.pb.edu.pl\/kfeits\/krzysztof-konopko\/eit2n\/"},{"@type":"ListItem","position":4,"name":"Podstawy telekomutacji"}]},{"@type":"WebSite","@id":"https:\/\/we.pb.edu.pl\/kfeits\/#website","url":"https:\/\/we.pb.edu.pl\/kfeits\/","name":"Katedra Fotoniki, Elektroniki i Techniki \u015awietlnej","description":"","potentialAction":[{"@type":"SearchAction","target":{"@type":"EntryPoint","urlTemplate":"https:\/\/we.pb.edu.pl\/kfeits\/?s={search_term_string}"},"query-input":{"@type":"PropertyValueSpecification","valueRequired":true,"valueName":"search_term_string"}}],"inLanguage":"pl-PL"}]}},"_links":{"self":[{"href":"https:\/\/we.pb.edu.pl\/kfeits\/wp-json\/wp\/v2\/pages\/519","targetHints":{"allow":["GET"]}}],"collection":[{"href":"https:\/\/we.pb.edu.pl\/kfeits\/wp-json\/wp\/v2\/pages"}],"about":[{"href":"https:\/\/we.pb.edu.pl\/kfeits\/wp-json\/wp\/v2\/types\/page"}],"author":[{"embeddable":true,"href":"https:\/\/we.pb.edu.pl\/kfeits\/wp-json\/wp\/v2\/users\/20"}],"replies":[{"embeddable":true,"href":"https:\/\/we.pb.edu.pl\/kfeits\/wp-json\/wp\/v2\/comments?post=519"}],"version-history":[{"count":41,"href":"https:\/\/we.pb.edu.pl\/kfeits\/wp-json\/wp\/v2\/pages\/519\/revisions"}],"predecessor-version":[{"id":6137,"href":"https:\/\/we.pb.edu.pl\/kfeits\/wp-json\/wp\/v2\/pages\/519\/revisions\/6137"}],"up":[{"embeddable":true,"href":"https:\/\/we.pb.edu.pl\/kfeits\/wp-json\/wp\/v2\/pages\/4401"}],"wp:attachment":[{"href":"https:\/\/we.pb.edu.pl\/kfeits\/wp-json\/wp\/v2\/media?parent=519"}],"curies":[{"name":"wp","href":"https:\/\/api.w.org\/{rel}","templated":true}]}}