{"id":5170,"date":"2024-10-01T23:04:55","date_gmt":"2024-10-01T21:04:55","guid":{"rendered":"https:\/\/we.pb.edu.pl\/kfeits\/?page_id=5170"},"modified":"2026-02-23T22:29:02","modified_gmt":"2026-02-23T21:29:02","slug":"eit","status":"publish","type":"page","link":"https:\/\/we.pb.edu.pl\/kfeits\/dariusz-janczak\/eit\/","title":{"rendered":"Elektronika i Telekomunikacja"},"content":{"rendered":"<ul>\n<li><a href=\"https:\/\/we.pb.edu.pl\/kfeits\/dariusz-janczak\/cps-eit\/\">Cyfrowe Przetwarzanie Sygna\u0142\u00f3w<\/a><\/li>\n<li><a href=\"https:\/\/we.pb.edu.pl\/kfeits\/dariusz-janczak\/eit\/zps\/\">Zastosowanie przetwarzania sygna\u0142\u00f3w w systemach Internetu rzeczy<\/a><\/li>\n<li><a href=\"https:\/\/we.pb.edu.pl\/kfeits\/dariusz-janczak\/eit\/posi\/\">Przetwarzanie obraz\u00f3w i sztuczna inteligencja w systemach Internetu rzeczy<\/a><\/li>\n<li><a href=\"\/kfeits\/dariusz-janczak\/telekomunikacyjne-systemy-nawigacji-i-lokalizacji\/\">Telekomunikacyjne Systemy Nawigacji i Lokalizacji<\/a><\/li>\n<li><a href=\"https:\/\/we.pb.edu.pl\/kfeits\/pdspwt\/\">Procesory DSP w Telekomunikacji<\/a><\/li>\n<\/ul>\n","protected":false},"excerpt":{"rendered":"<p>Cyfrowe Przetwarzanie Sygna\u0142\u00f3w Zastosowanie przetwarzania sygna\u0142\u00f3w w systemach Internetu rzeczy Przetwarzanie obraz\u00f3w i sztuczna inteligencja<a class=\"read-more\" href=\"https:\/\/we.pb.edu.pl\/kfeits\/dariusz-janczak\/eit\/\" title=\"Poka\u017c artyku\u0142 Elektronika i Telekomunikacja\">wi\u0119cej<\/a><\/p>\n","protected":false},"author":22,"featured_media":0,"parent":536,"menu_order":0,"comment_status":"closed","ping_status":"closed","template":"","meta":{"inline_featured_image":false,"ngg_post_thumbnail":0,"footnotes":""},"class_list":["post-5170","page","type-page","status-publish","hentry"],"acf":[],"yoast_head":"<!-- This site is optimized with the Yoast SEO plugin v26.4 - https:\/\/yoast.com\/wordpress\/plugins\/seo\/ -->\n<title>Elektronika i Telekomunikacja - Katedra Fotoniki, Elektroniki i Techniki \u015awietlnej<\/title>\n<meta name=\"robots\" content=\"index, follow, max-snippet:-1, max-image-preview:large, max-video-preview:-1\" \/>\n<link rel=\"canonical\" href=\"https:\/\/we.pb.edu.pl\/kfeits\/dariusz-janczak\/eit\/\" \/>\n<meta property=\"og:locale\" content=\"pl_PL\" \/>\n<meta property=\"og:type\" content=\"article\" \/>\n<meta property=\"og:title\" content=\"Elektronika i Telekomunikacja - Katedra Fotoniki, Elektroniki i Techniki \u015awietlnej\" \/>\n<meta property=\"og:description\" content=\"Cyfrowe Przetwarzanie Sygna\u0142\u00f3w Zastosowanie przetwarzania sygna\u0142\u00f3w w systemach Internetu rzeczy Przetwarzanie obraz\u00f3w i sztuczna inteligencjawi\u0119cej\" \/>\n<meta property=\"og:url\" content=\"https:\/\/we.pb.edu.pl\/kfeits\/dariusz-janczak\/eit\/\" \/>\n<meta property=\"og:site_name\" content=\"Katedra Fotoniki, Elektroniki i Techniki \u015awietlnej\" \/>\n<meta property=\"article:modified_time\" content=\"2026-02-23T21:29:02+00:00\" \/>\n<meta name=\"twitter:card\" content=\"summary_large_image\" \/>\n<meta name=\"twitter:label1\" content=\"Szacowany czas czytania\" \/>\n\t<meta name=\"twitter:data1\" content=\"1 minuta\" \/>\n<script type=\"application\/ld+json\" class=\"yoast-schema-graph\">{\"@context\":\"https:\/\/schema.org\",\"@graph\":[{\"@type\":\"WebPage\",\"@id\":\"https:\/\/we.pb.edu.pl\/kfeits\/dariusz-janczak\/eit\/\",\"url\":\"https:\/\/we.pb.edu.pl\/kfeits\/dariusz-janczak\/eit\/\",\"name\":\"Elektronika i Telekomunikacja - Katedra Fotoniki, Elektroniki i Techniki \u015awietlnej\",\"isPartOf\":{\"@id\":\"https:\/\/we.pb.edu.pl\/kfeits\/#website\"},\"datePublished\":\"2024-10-01T21:04:55+00:00\",\"dateModified\":\"2026-02-23T21:29:02+00:00\",\"breadcrumb\":{\"@id\":\"https:\/\/we.pb.edu.pl\/kfeits\/dariusz-janczak\/eit\/#breadcrumb\"},\"inLanguage\":\"pl-PL\",\"potentialAction\":[{\"@type\":\"ReadAction\",\"target\":[\"https:\/\/we.pb.edu.pl\/kfeits\/dariusz-janczak\/eit\/\"]}]},{\"@type\":\"BreadcrumbList\",\"@id\":\"https:\/\/we.pb.edu.pl\/kfeits\/dariusz-janczak\/eit\/#breadcrumb\",\"itemListElement\":[{\"@type\":\"ListItem\",\"position\":1,\"name\":\"Strona g\u0142\u00f3wna\",\"item\":\"https:\/\/we.pb.edu.pl\/kfeits\/\"},{\"@type\":\"ListItem\",\"position\":2,\"name\":\"dr hab. in\u017c. Dariusz Ja\u0144czak, prof. PB\",\"item\":\"https:\/\/we.pb.edu.pl\/kfeits\/dariusz-janczak\/\"},{\"@type\":\"ListItem\",\"position\":3,\"name\":\"Elektronika i Telekomunikacja\"}]},{\"@type\":\"WebSite\",\"@id\":\"https:\/\/we.pb.edu.pl\/kfeits\/#website\",\"url\":\"https:\/\/we.pb.edu.pl\/kfeits\/\",\"name\":\"Katedra Fotoniki, Elektroniki i Techniki \u015awietlnej\",\"description\":\"\",\"potentialAction\":[{\"@type\":\"SearchAction\",\"target\":{\"@type\":\"EntryPoint\",\"urlTemplate\":\"https:\/\/we.pb.edu.pl\/kfeits\/?s={search_term_string}\"},\"query-input\":{\"@type\":\"PropertyValueSpecification\",\"valueRequired\":true,\"valueName\":\"search_term_string\"}}],\"inLanguage\":\"pl-PL\"}]}<\/script>\n<!-- \/ Yoast SEO plugin. -->","yoast_head_json":{"title":"Elektronika i Telekomunikacja - Katedra Fotoniki, Elektroniki i Techniki \u015awietlnej","robots":{"index":"index","follow":"follow","max-snippet":"max-snippet:-1","max-image-preview":"max-image-preview:large","max-video-preview":"max-video-preview:-1"},"canonical":"https:\/\/we.pb.edu.pl\/kfeits\/dariusz-janczak\/eit\/","og_locale":"pl_PL","og_type":"article","og_title":"Elektronika i Telekomunikacja - Katedra Fotoniki, Elektroniki i Techniki \u015awietlnej","og_description":"Cyfrowe Przetwarzanie Sygna\u0142\u00f3w Zastosowanie przetwarzania sygna\u0142\u00f3w w systemach Internetu rzeczy Przetwarzanie obraz\u00f3w i sztuczna inteligencjawi\u0119cej","og_url":"https:\/\/we.pb.edu.pl\/kfeits\/dariusz-janczak\/eit\/","og_site_name":"Katedra Fotoniki, Elektroniki i Techniki \u015awietlnej","article_modified_time":"2026-02-23T21:29:02+00:00","twitter_card":"summary_large_image","twitter_misc":{"Szacowany czas czytania":"1 minuta"},"schema":{"@context":"https:\/\/schema.org","@graph":[{"@type":"WebPage","@id":"https:\/\/we.pb.edu.pl\/kfeits\/dariusz-janczak\/eit\/","url":"https:\/\/we.pb.edu.pl\/kfeits\/dariusz-janczak\/eit\/","name":"Elektronika i Telekomunikacja - Katedra Fotoniki, Elektroniki i Techniki \u015awietlnej","isPartOf":{"@id":"https:\/\/we.pb.edu.pl\/kfeits\/#website"},"datePublished":"2024-10-01T21:04:55+00:00","dateModified":"2026-02-23T21:29:02+00:00","breadcrumb":{"@id":"https:\/\/we.pb.edu.pl\/kfeits\/dariusz-janczak\/eit\/#breadcrumb"},"inLanguage":"pl-PL","potentialAction":[{"@type":"ReadAction","target":["https:\/\/we.pb.edu.pl\/kfeits\/dariusz-janczak\/eit\/"]}]},{"@type":"BreadcrumbList","@id":"https:\/\/we.pb.edu.pl\/kfeits\/dariusz-janczak\/eit\/#breadcrumb","itemListElement":[{"@type":"ListItem","position":1,"name":"Strona g\u0142\u00f3wna","item":"https:\/\/we.pb.edu.pl\/kfeits\/"},{"@type":"ListItem","position":2,"name":"dr hab. in\u017c. Dariusz Ja\u0144czak, prof. PB","item":"https:\/\/we.pb.edu.pl\/kfeits\/dariusz-janczak\/"},{"@type":"ListItem","position":3,"name":"Elektronika i Telekomunikacja"}]},{"@type":"WebSite","@id":"https:\/\/we.pb.edu.pl\/kfeits\/#website","url":"https:\/\/we.pb.edu.pl\/kfeits\/","name":"Katedra Fotoniki, Elektroniki i Techniki \u015awietlnej","description":"","potentialAction":[{"@type":"SearchAction","target":{"@type":"EntryPoint","urlTemplate":"https:\/\/we.pb.edu.pl\/kfeits\/?s={search_term_string}"},"query-input":{"@type":"PropertyValueSpecification","valueRequired":true,"valueName":"search_term_string"}}],"inLanguage":"pl-PL"}]}},"_links":{"self":[{"href":"https:\/\/we.pb.edu.pl\/kfeits\/wp-json\/wp\/v2\/pages\/5170","targetHints":{"allow":["GET"]}}],"collection":[{"href":"https:\/\/we.pb.edu.pl\/kfeits\/wp-json\/wp\/v2\/pages"}],"about":[{"href":"https:\/\/we.pb.edu.pl\/kfeits\/wp-json\/wp\/v2\/types\/page"}],"author":[{"embeddable":true,"href":"https:\/\/we.pb.edu.pl\/kfeits\/wp-json\/wp\/v2\/users\/22"}],"replies":[{"embeddable":true,"href":"https:\/\/we.pb.edu.pl\/kfeits\/wp-json\/wp\/v2\/comments?post=5170"}],"version-history":[{"count":14,"href":"https:\/\/we.pb.edu.pl\/kfeits\/wp-json\/wp\/v2\/pages\/5170\/revisions"}],"predecessor-version":[{"id":6217,"href":"https:\/\/we.pb.edu.pl\/kfeits\/wp-json\/wp\/v2\/pages\/5170\/revisions\/6217"}],"up":[{"embeddable":true,"href":"https:\/\/we.pb.edu.pl\/kfeits\/wp-json\/wp\/v2\/pages\/536"}],"wp:attachment":[{"href":"https:\/\/we.pb.edu.pl\/kfeits\/wp-json\/wp\/v2\/media?parent=5170"}],"curies":[{"name":"wp","href":"https:\/\/api.w.org\/{rel}","templated":true}]}}