{"id":4828,"date":"2024-02-20T09:43:01","date_gmt":"2024-02-20T08:43:01","guid":{"rendered":"https:\/\/we.pb.edu.pl\/kfeits\/?page_id=4828"},"modified":"2026-04-02T11:31:05","modified_gmt":"2026-04-02T09:31:05","slug":"mikrokontrolery","status":"publish","type":"page","link":"https:\/\/we.pb.edu.pl\/kfeits\/krzysztof-konopko\/eit1s\/mikrokontrolery\/","title":{"rendered":"Programowanie mikrokontroler\u00f3w w j\u0119zyku wysokiego poziomu 2"},"content":{"rendered":"<p><strong>ul. Zwierzyniecka 10, 15-351 Bia\u0142ystok, s. CBD-32<\/strong><\/p>\n<p>prowadz\u0105cy: <a href=\"\/kfeits\/krzysztof-konopko\/\">Krzysztof Konopko<\/a>, Mateusz Prorok, Mateusz Sumorek<\/p>\n<hr \/>\n<p><strong>Instrukcje do \u0107wicze\u0144 laboratoryjnych:<\/strong><\/p>\n<ul>\n<li><a href=\"https:\/\/box.biaman.pl\/f\/80417e1eccf046539102\/?raw=1&amp;ext=.pdf\">Obs\u0142uga port\u00f3w GPIO (General Purpose Input\/Output)<\/a>. <a href=\"https:\/\/box.biaman.pl\/f\/27019a6972034e5b9121\/?raw=1&amp;ext=.pdf\">Zadania.<\/a><\/li>\n<li><a href=\"https:\/\/box.biaman.pl\/f\/bc8050026ab7461fb818\/?raw=1&amp;ext=.pdf\">Obs\u0142uga przerwa\u0144. Wy\u015bwietlacz LCD<\/a>. <a href=\"https:\/\/box.biaman.pl\/f\/30967eca864741a89083\/?raw=1&amp;ext=.pdf\">Zadania.<\/a><\/li>\n<li><a href=\"https:\/\/box.biaman.pl\/f\/cafc804789a946f08cb5\/?raw=1&amp;ext=.pdf\">Uk\u0142ady licznikowo-czasowe (Timery). Dioda RGB<\/a>. <a href=\"https:\/\/box.biaman.pl\/f\/a213b4ee00724126bf10\/?raw=1&amp;ext=.pdf\">Zadania.<\/a><\/li>\n<li><a href=\"https:\/\/box.biaman.pl\/f\/bd82757e0d044454ac06\/?raw=1&amp;ext=.pdf\">Przetwornik analogowo \u2013 cyfrowy ADC (analog-to-digital converter)<\/a>. <a href=\"https:\/\/box.biaman.pl\/f\/d252c17fe587425d9ca4\/?raw=1&amp;ext=.pdf\">Zadania<\/a>.<\/li>\n<li><a href=\"https:\/\/box.biaman.pl\/f\/3750a00c5b7241e4bccc\/?raw=1&amp;ext=.pdf\">Przetwornik cyfrowo-analogowy DAC (digital-to-analog converter)<\/a>. <a href=\"https:\/\/box.biaman.pl\/f\/c950f602b78f4dafa589\/?raw=1&amp;ext=.pdf\">Zadania.<\/a><\/li>\n<li><a href=\"https:\/\/box.biaman.pl\/f\/c59c03f09e764ebc8162\/?raw=1&amp;ext=.pdf\">Transmisja szeregowa. USART<\/a>. <a href=\"https:\/\/box.biaman.pl\/f\/65c6f9d8d4184ac69575\/?raw=1&amp;ext=.pdf\">Zadania.<\/a><\/li>\n<li><a href=\"https:\/\/box.biaman.pl\/f\/5fa8624f75f74b459a96\/?raw=1&amp;ext=.pdf\">Uk\u0142ady DMA<\/a>. <a href=\"https:\/\/box.biaman.pl\/f\/17fcf13b1ecb48ffa2d3\/?raw=1&amp;ext=.pdf\">Zadania.<\/a><\/li>\n<\/ul>\n<hr \/>\n<p><strong>Materia\u0142y dodatkowe:<\/strong><\/p>\n<ul>\n<li><a href=\"https:\/\/box.biaman.pl\/f\/68350378236b42df81c9\/?dl=1\">LCD_INT.zip<\/a><\/li>\n<\/ul>\n<p><strong>Prezentacje:<\/strong><\/p>\n<ul>\n<li><a href=\"https:\/\/box.biaman.pl\/f\/daa2b6b325eb4bbe856f\/?raw=1&amp;ext=.pdf\">Wst\u0119p<\/a><\/li>\n<li><a href=\"https:\/\/box.biaman.pl\/f\/56b4b25b700d4ac89bb9\/?raw=1&amp;ext=.pdf\">GPIO.<\/a><\/li>\n<li><a href=\"https:\/\/box.biaman.pl\/f\/1aff1bd062aa4df682b9\/?raw=1&amp;ext=.pdf\">INT.<\/a><\/li>\n<li><a href=\"https:\/\/box.biaman.pl\/f\/5ad7b7120fe142de93db\/?raw=1&amp;ext=.pdf\">TIM.<\/a><\/li>\n<li><a href=\"https:\/\/box.biaman.pl\/f\/1bcca437b7f34f868a6a\/?raw=1&amp;ext=.pdf\">ADC.<\/a><\/li>\n<li><a href=\"https:\/\/box.biaman.pl\/f\/ed08ab4df02f4e8b8249\/?raw=1&amp;ext=.pdf\">DAC.<\/a><\/li>\n<li><a href=\"https:\/\/box.biaman.pl\/f\/0b4549901b6042839fa3\/?raw=1&amp;ext=.pdf\">USART.<\/a><\/li>\n<li><a href=\"https:\/\/box.biaman.pl\/f\/768b3b6553d041a1a42d\/?raw=1&amp;ext=.pdf\">DMA.<\/a><\/li>\n<\/ul>\n<hr \/>\n<p><strong>Literatura:<\/strong><\/p>\n<ul>\n<li>BTC Korporacja. Kameleon stm32l4 board, 2022. URL: <a href=\"https:\/\/kameleonboard.org\/\">https:\/\/kameleonboard.org\/<\/a>.<\/li>\n<li>Marek Galewski. STM32 : aplikacje i \u0107wiczenia w j\u0119zyku C z bibliotek\u0105 HAL. Wydaw. BTC, Legionowo, 2019.<\/li>\n<li>Maciej Szumski. Mikrokontrolery STM32 w systemach sterowania i regulacji. Wydaw. BTC, Legionowo, wyd. 1 popr. edition, 2018.<\/li>\n<li>ARM Developer. Arm cortex-m4 processor technical reference manual, 2020. URL:<a href=\"https:\/\/www.st.com\/resource\/en\/reference_manual\/rm0351-stm32l47xxx-stm32l48xxx-stm32l49xxx-and-stm32l4axxx-advanced-armbased-32bit-mcus-stmicroelectronics.pdf\">https:\/\/www.st.com\/resource\/en\/reference_manual\/rm0351-stm32l47xxx-stm32l48xxx-stm32l49xxx-and-stm32l4axxx-advanced-armbased-32bit-mcus-stmicroelectronics.pdf<\/a>.<\/li>\n<li>RM0351 Reference manual. Stm32l47xxx, stm32l48xxx, stm32l49xxx and stm32l4axxx advancedarm-based 32-bit mcus, 2021. URL: <a href=\"https:\/\/www.st.com\/resource\/en\/reference_manual\/rm0351-stm32l47xxx-stm32l48xxx-stm32l49xxx-and-stm32l4axxx-advanced-armbased-32bit-mcus-stmicroelectronics.pdf\">https:\/\/www.st.com\/resource\/en\/reference_manual\/rm0351-stm32l47xxx-stm32l48xxx-stm32l49xxx-and-stm32l4axxx-advanced-armbased-32bit-mcus-stmicroelectronics.pdf<\/a>.<\/li>\n<li>DS11585 Rev 16. Ultra-low-power arm cortex-m4 32-bit mcu+fpu, 100 dmips, up to 1mb flash, 320 kb sram, usb otg fs, audio, external smps, 2022. URL: <a href=\"https:\/\/www.st.com\/resource\/en\/datasheet\/stm32l496ae.pdf\">https:\/\/www.st.com\/resource\/en\/datasheet\/stm32l496ae.pdf<\/a>.<\/li>\n<li>UM2563 User manual. Stm32cubeide installation guide, 2022. URL:<a href=\"https:\/\/www.st.com\/resource\/en\/user_manual\/um2563-stm32cubeide-installation-guide-stmicroelectronics.pdf\">https:\/\/www.st.com\/resource\/en\/user_manual\/um2563-stm32cubeide-installation-guide-stmicroelectronics.pdf<\/a>.<\/li>\n<li>UM2609 User manual. Stm32cubeide user guide, 2022. URL:<a href=\"https:\/\/www.st.com\/resource\/en\/user_manual\/um2563-stm32cubeide-installation-guide-stmicroelectronics.pdf.\">https:\/\/www.st.com\/resource\/en\/user_manual\/um2563-stm32cubeide-installation-guide-stmicroelectronics.pdf.<\/a><\/li>\n<li>UM1884 User manual. Description of stm32l4\/l4+ hal and low-layer drivers, 2021. URL: <a href=\"https:\/\/www.st.com\/resource\/en\/user_manual\/um1884-description-of-stm32l4l4-hal-and-lowlayer-drivers-stmicroelectronics.pdf\">https:\/\/www.st.com\/resource\/en\/user_manual\/um1884-description-of-stm32l4l4-hal-and-lowlayer-drivers-stmicroelectronics.pdf<\/a>.<\/li>\n<li>UM1722 User manual. Developing applications on stm32cube with rtos, 2019. URL: <a href=\"https:\/\/www.st.com\/resource\/en\/user_manual\/um1884-description-of-stm32l4l4-hal-and-lowlayer-drivers-stmicroelectronics.pdf\">https:\/\/www.st.com\/resource\/en\/user_manual\/um1884-description-of-stm32l4l4-hal-and-lowlayer-drivers-stmicroelectronics.pdf<\/a>.<\/li>\n<\/ul>\n<p>&nbsp;<\/p>\n","protected":false},"excerpt":{"rendered":"<p>ul. Zwierzyniecka 10, 15-351 Bia\u0142ystok, s. CBD-32 prowadz\u0105cy: Krzysztof Konopko, Mateusz Prorok, Mateusz Sumorek Instrukcje<a class=\"read-more\" href=\"https:\/\/we.pb.edu.pl\/kfeits\/krzysztof-konopko\/eit1s\/mikrokontrolery\/\" title=\"Poka\u017c artyku\u0142 Programowanie mikrokontroler\u00f3w w j\u0119zyku wysokiego poziomu 2\">wi\u0119cej<\/a><\/p>\n","protected":false},"author":20,"featured_media":0,"parent":4393,"menu_order":0,"comment_status":"closed","ping_status":"closed","template":"","meta":{"inline_featured_image":false,"ngg_post_thumbnail":0,"footnotes":""},"class_list":["post-4828","page","type-page","status-publish","hentry"],"acf":[],"yoast_head":"<!-- This site is optimized with the Yoast SEO plugin v26.4 - https:\/\/yoast.com\/wordpress\/plugins\/seo\/ -->\n<title>Programowanie mikrokontroler\u00f3w w j\u0119zyku wysokiego poziomu 2 - Katedra Fotoniki, Elektroniki i Techniki \u015awietlnej<\/title>\n<meta name=\"robots\" content=\"index, follow, max-snippet:-1, max-image-preview:large, max-video-preview:-1\" \/>\n<link rel=\"canonical\" href=\"https:\/\/we.pb.edu.pl\/kfeits\/krzysztof-konopko\/eit1s\/mikrokontrolery\/\" \/>\n<meta property=\"og:locale\" content=\"pl_PL\" \/>\n<meta property=\"og:type\" content=\"article\" \/>\n<meta property=\"og:title\" content=\"Programowanie mikrokontroler\u00f3w w j\u0119zyku wysokiego poziomu 2 - Katedra Fotoniki, Elektroniki i Techniki \u015awietlnej\" \/>\n<meta property=\"og:description\" content=\"ul. Zwierzyniecka 10, 15-351 Bia\u0142ystok, s. CBD-32 prowadz\u0105cy: Krzysztof Konopko, Mateusz Prorok, Mateusz Sumorek Instrukcjewi\u0119cej\" \/>\n<meta property=\"og:url\" content=\"https:\/\/we.pb.edu.pl\/kfeits\/krzysztof-konopko\/eit1s\/mikrokontrolery\/\" \/>\n<meta property=\"og:site_name\" content=\"Katedra Fotoniki, Elektroniki i Techniki \u015awietlnej\" \/>\n<meta property=\"article:modified_time\" content=\"2026-04-02T09:31:05+00:00\" \/>\n<meta name=\"twitter:card\" content=\"summary_large_image\" \/>\n<meta name=\"twitter:label1\" content=\"Szacowany czas czytania\" \/>\n\t<meta name=\"twitter:data1\" content=\"2 minuty\" \/>\n<script type=\"application\/ld+json\" class=\"yoast-schema-graph\">{\"@context\":\"https:\/\/schema.org\",\"@graph\":[{\"@type\":\"WebPage\",\"@id\":\"https:\/\/we.pb.edu.pl\/kfeits\/krzysztof-konopko\/eit1s\/mikrokontrolery\/\",\"url\":\"https:\/\/we.pb.edu.pl\/kfeits\/krzysztof-konopko\/eit1s\/mikrokontrolery\/\",\"name\":\"Programowanie mikrokontroler\u00f3w w j\u0119zyku wysokiego poziomu 2 - Katedra Fotoniki, Elektroniki i Techniki \u015awietlnej\",\"isPartOf\":{\"@id\":\"https:\/\/we.pb.edu.pl\/kfeits\/#website\"},\"datePublished\":\"2024-02-20T08:43:01+00:00\",\"dateModified\":\"2026-04-02T09:31:05+00:00\",\"breadcrumb\":{\"@id\":\"https:\/\/we.pb.edu.pl\/kfeits\/krzysztof-konopko\/eit1s\/mikrokontrolery\/#breadcrumb\"},\"inLanguage\":\"pl-PL\",\"potentialAction\":[{\"@type\":\"ReadAction\",\"target\":[\"https:\/\/we.pb.edu.pl\/kfeits\/krzysztof-konopko\/eit1s\/mikrokontrolery\/\"]}]},{\"@type\":\"BreadcrumbList\",\"@id\":\"https:\/\/we.pb.edu.pl\/kfeits\/krzysztof-konopko\/eit1s\/mikrokontrolery\/#breadcrumb\",\"itemListElement\":[{\"@type\":\"ListItem\",\"position\":1,\"name\":\"Strona g\u0142\u00f3wna\",\"item\":\"https:\/\/we.pb.edu.pl\/kfeits\/\"},{\"@type\":\"ListItem\",\"position\":2,\"name\":\"dr in\u017c. Krzysztof Konopko\",\"item\":\"https:\/\/we.pb.edu.pl\/kfeits\/krzysztof-konopko\/\"},{\"@type\":\"ListItem\",\"position\":3,\"name\":\"EiT1S\",\"item\":\"https:\/\/we.pb.edu.pl\/kfeits\/krzysztof-konopko\/eit1s\/\"},{\"@type\":\"ListItem\",\"position\":4,\"name\":\"Programowanie mikrokontroler\u00f3w w j\u0119zyku wysokiego poziomu 2\"}]},{\"@type\":\"WebSite\",\"@id\":\"https:\/\/we.pb.edu.pl\/kfeits\/#website\",\"url\":\"https:\/\/we.pb.edu.pl\/kfeits\/\",\"name\":\"Katedra Fotoniki, Elektroniki i Techniki \u015awietlnej\",\"description\":\"\",\"potentialAction\":[{\"@type\":\"SearchAction\",\"target\":{\"@type\":\"EntryPoint\",\"urlTemplate\":\"https:\/\/we.pb.edu.pl\/kfeits\/?s={search_term_string}\"},\"query-input\":{\"@type\":\"PropertyValueSpecification\",\"valueRequired\":true,\"valueName\":\"search_term_string\"}}],\"inLanguage\":\"pl-PL\"}]}<\/script>\n<!-- \/ Yoast SEO plugin. -->","yoast_head_json":{"title":"Programowanie mikrokontroler\u00f3w w j\u0119zyku wysokiego poziomu 2 - Katedra Fotoniki, Elektroniki i Techniki \u015awietlnej","robots":{"index":"index","follow":"follow","max-snippet":"max-snippet:-1","max-image-preview":"max-image-preview:large","max-video-preview":"max-video-preview:-1"},"canonical":"https:\/\/we.pb.edu.pl\/kfeits\/krzysztof-konopko\/eit1s\/mikrokontrolery\/","og_locale":"pl_PL","og_type":"article","og_title":"Programowanie mikrokontroler\u00f3w w j\u0119zyku wysokiego poziomu 2 - Katedra Fotoniki, Elektroniki i Techniki \u015awietlnej","og_description":"ul. Zwierzyniecka 10, 15-351 Bia\u0142ystok, s. CBD-32 prowadz\u0105cy: Krzysztof Konopko, Mateusz Prorok, Mateusz Sumorek Instrukcjewi\u0119cej","og_url":"https:\/\/we.pb.edu.pl\/kfeits\/krzysztof-konopko\/eit1s\/mikrokontrolery\/","og_site_name":"Katedra Fotoniki, Elektroniki i Techniki \u015awietlnej","article_modified_time":"2026-04-02T09:31:05+00:00","twitter_card":"summary_large_image","twitter_misc":{"Szacowany czas czytania":"2 minuty"},"schema":{"@context":"https:\/\/schema.org","@graph":[{"@type":"WebPage","@id":"https:\/\/we.pb.edu.pl\/kfeits\/krzysztof-konopko\/eit1s\/mikrokontrolery\/","url":"https:\/\/we.pb.edu.pl\/kfeits\/krzysztof-konopko\/eit1s\/mikrokontrolery\/","name":"Programowanie mikrokontroler\u00f3w w j\u0119zyku wysokiego poziomu 2 - Katedra Fotoniki, Elektroniki i Techniki \u015awietlnej","isPartOf":{"@id":"https:\/\/we.pb.edu.pl\/kfeits\/#website"},"datePublished":"2024-02-20T08:43:01+00:00","dateModified":"2026-04-02T09:31:05+00:00","breadcrumb":{"@id":"https:\/\/we.pb.edu.pl\/kfeits\/krzysztof-konopko\/eit1s\/mikrokontrolery\/#breadcrumb"},"inLanguage":"pl-PL","potentialAction":[{"@type":"ReadAction","target":["https:\/\/we.pb.edu.pl\/kfeits\/krzysztof-konopko\/eit1s\/mikrokontrolery\/"]}]},{"@type":"BreadcrumbList","@id":"https:\/\/we.pb.edu.pl\/kfeits\/krzysztof-konopko\/eit1s\/mikrokontrolery\/#breadcrumb","itemListElement":[{"@type":"ListItem","position":1,"name":"Strona g\u0142\u00f3wna","item":"https:\/\/we.pb.edu.pl\/kfeits\/"},{"@type":"ListItem","position":2,"name":"dr in\u017c. Krzysztof Konopko","item":"https:\/\/we.pb.edu.pl\/kfeits\/krzysztof-konopko\/"},{"@type":"ListItem","position":3,"name":"EiT1S","item":"https:\/\/we.pb.edu.pl\/kfeits\/krzysztof-konopko\/eit1s\/"},{"@type":"ListItem","position":4,"name":"Programowanie mikrokontroler\u00f3w w j\u0119zyku wysokiego poziomu 2"}]},{"@type":"WebSite","@id":"https:\/\/we.pb.edu.pl\/kfeits\/#website","url":"https:\/\/we.pb.edu.pl\/kfeits\/","name":"Katedra Fotoniki, Elektroniki i Techniki \u015awietlnej","description":"","potentialAction":[{"@type":"SearchAction","target":{"@type":"EntryPoint","urlTemplate":"https:\/\/we.pb.edu.pl\/kfeits\/?s={search_term_string}"},"query-input":{"@type":"PropertyValueSpecification","valueRequired":true,"valueName":"search_term_string"}}],"inLanguage":"pl-PL"}]}},"_links":{"self":[{"href":"https:\/\/we.pb.edu.pl\/kfeits\/wp-json\/wp\/v2\/pages\/4828","targetHints":{"allow":["GET"]}}],"collection":[{"href":"https:\/\/we.pb.edu.pl\/kfeits\/wp-json\/wp\/v2\/pages"}],"about":[{"href":"https:\/\/we.pb.edu.pl\/kfeits\/wp-json\/wp\/v2\/types\/page"}],"author":[{"embeddable":true,"href":"https:\/\/we.pb.edu.pl\/kfeits\/wp-json\/wp\/v2\/users\/20"}],"replies":[{"embeddable":true,"href":"https:\/\/we.pb.edu.pl\/kfeits\/wp-json\/wp\/v2\/comments?post=4828"}],"version-history":[{"count":33,"href":"https:\/\/we.pb.edu.pl\/kfeits\/wp-json\/wp\/v2\/pages\/4828\/revisions"}],"predecessor-version":[{"id":5620,"href":"https:\/\/we.pb.edu.pl\/kfeits\/wp-json\/wp\/v2\/pages\/4828\/revisions\/5620"}],"up":[{"embeddable":true,"href":"https:\/\/we.pb.edu.pl\/kfeits\/wp-json\/wp\/v2\/pages\/4393"}],"wp:attachment":[{"href":"https:\/\/we.pb.edu.pl\/kfeits\/wp-json\/wp\/v2\/media?parent=4828"}],"curies":[{"name":"wp","href":"https:\/\/api.w.org\/{rel}","templated":true}]}}