{"id":46,"date":"2018-05-15T11:30:59","date_gmt":"2018-05-15T09:30:59","guid":{"rendered":"https:\/\/we.pb.edu.pl\/ktiae\/?page_id=46"},"modified":"2024-12-03T15:05:11","modified_gmt":"2024-12-03T14:05:11","slug":"informacje-o-katedrze","status":"publish","type":"page","link":"https:\/\/we.pb.edu.pl\/kfeits\/informacje-o-katedrze\/","title":{"rendered":"Informacje o Katedrze"},"content":{"rendered":"<p class=\"std\">Prowadzone przez pracownik\u00f3w Katedry zaj\u0119cia dydaktyczne s\u0105 powi\u0105zane z\u00a0tre\u015bciami kszta\u0142cenia na kierunkach:<\/p>\n<ul class=\"compact\">\n<li>Elektronika i Telekomunikacja<\/li>\n<li>Ekoenergetyka<\/li>\n<li>Automatyka i Robotyka<\/li>\n<li>Elektrotechnika<\/li>\n<li>Cyfryzacja przemys\u0142u<\/li>\n<\/ul>\n<p class=\"std\">takimi jak elementy i\u00a0uk\u0142ady optoelektroniczne, podstawy techniki \u015bwiat\u0142owodowej, energetyka s\u0142oneczna, przetwarzanie sygna\u0142\u00f3w, techniki bezprzewodowe, sieci teleinformatyczne, technologie internetowe, internet rzeczy, technika wielkich cz\u0119stotliwo\u015bci, kompatybilno\u015b\u0107 elektromagnetyczna.<\/p>\n<p class=\"std\">Prowadzone s\u0105 r\u00f3wnie\u017c zaj\u0119cia dydaktyczne w\u00a0j\u0119zyku angielskim dla student\u00f3w przyje\u017cd\u017caj\u0105cych w\u00a0ramach programu Erasmus+.<\/p>\n<p class=\"std\">Dzia\u0142alno\u015b\u0107 naukowa pracownik\u00f3w katedry koncentruje si\u0119 wok\u00f3\u0142 nast\u0119puj\u0105cych zagadnie\u0144:<\/p>\n<ul class=\"compact\">\n<li>konstrukcja \u015bwiat\u0142owod\u00f3w aktywnych do budowy laser\u00f3w i\u00a0wzmacniaczy w\u0142\u00f3knowych;<\/li>\n<li>\u015bwiat\u0142owody o\u00a0specjalnych konstrukcjach do budowy czujnik\u00f3w, czujniki \u015bwiat\u0142owodowe;<\/li>\n<li>zastosowania \u015bwiat\u0142owod\u00f3w i\u00a0diod LED w\u00a0technice \u015bwietlnej;<\/li>\n<li>badanie fotometrycznych, kolorymetrycznych, elektrycznych i\u00a0termicznych parametr\u00f3w \u017ar\u00f3de\u0142 \u015bwiat\u0142a;<\/li>\n<li>metody projektowania uk\u0142ad\u00f3w \u015bwietlno-optycznych;<\/li>\n<li>projektowanie przyrz\u0105d\u00f3w pomiarowych: fotometrycznych, kolorymetrycznych, optycznych, \u015bwiat\u0142owodowych i\u00a0innych;<\/li>\n<li>badania odporno\u015bci urz\u0105dze\u0144 elektrycznych i\u00a0elektronicznych na udary i\u00a0ESD;<\/li>\n<li>badania wytrzyma\u0142o\u015bci napi\u0119ciowej urz\u0105dze\u0144;<\/li>\n<li>uk\u0142ady przetwarzania sygna\u0142\u00f3w cyfrowych;<\/li>\n<li>technologie Internetu rzeczy (IoT);<\/li>\n<li>infrastruktura telekomunikacyjna, komunikacja bezprzewodowa, uk\u0142ady antenowe;<\/li>\n<li>projektowanie, badanie uk\u0142ad\u00f3w radioelektronicznych.<\/li>\n<\/ul>\n<p class=\"std\">W ramach Katedry funkcjonuj\u0105 nast\u0119puj\u0105ce laboratoria:<\/p>\n<ul class=\"compact\">\n<li>Laboratorium Podstaw Techniki \u015awietlnej<\/li>\n<li>Laboratorium \u015awiat\u0142owod\u00f3w<\/li>\n<li>Laboratorium Optoelektroniki<\/li>\n<li>Laboratorium Miernictwa Promieniowania Optycznego<\/li>\n<li>Laboratorium Sprz\u0119tu O\u015bwietleniowego<\/li>\n<li>Laboratorium Optyki<\/li>\n<li>Laboratorium Techniki Wielkich Cz\u0119stotliwo\u015bci<\/li>\n<li>Laboratorium Sieci Teleinformatycznych<\/li>\n<li>Laboratorium Cyfrowego Przetwarzania Sygna\u0142\u00f3w<\/li>\n<li>Laboratorium Radioelektroniki i Radiokomunikacji<\/li>\n<li>Laboratorium Optoelektroniki i Technik \u015awietlnej \/ In\u017cynierii Materia\u0142owej<\/li>\n<li>Laboratorium Kompatybilno\u015bci Elektromagnetycznej i Ochrony Przeciwzak\u0142\u00f3ceniowej<\/li>\n<li>Laboratorium Techniki Wysokich Napi\u0119\u0107<\/li>\n<li>Laboratorium Impulsowych Nara\u017ce\u0144 Elektromagnetycznych<\/li>\n<li>Laboratorium Technologii \u015awiat\u0142owod\u00f3w<\/li>\n<li>Laboratorium In\u017cynierii Materia\u0142\u00f3w Fotonicznych<\/li>\n<li>Laboratorium Telekomutacji<\/li>\n<li>Laboratorium Techniki Uziomowej<\/li>\n<\/ul>\n","protected":false},"excerpt":{"rendered":"<p>Prowadzone przez pracownik\u00f3w Katedry zaj\u0119cia dydaktyczne s\u0105 powi\u0105zane z\u00a0tre\u015bciami kszta\u0142cenia na kierunkach: Elektronika i Telekomunikacja<a class=\"read-more\" href=\"https:\/\/we.pb.edu.pl\/kfeits\/informacje-o-katedrze\/\" title=\"Poka\u017c artyku\u0142 Informacje o Katedrze\">wi\u0119cej<\/a><\/p>\n","protected":false},"author":9,"featured_media":0,"parent":0,"menu_order":0,"comment_status":"closed","ping_status":"closed","template":"","meta":{"inline_featured_image":false,"ngg_post_thumbnail":0,"footnotes":""},"class_list":["post-46","page","type-page","status-publish","hentry"],"acf":[],"yoast_head":"<!-- This site is optimized with the Yoast SEO plugin v26.4 - https:\/\/yoast.com\/wordpress\/plugins\/seo\/ -->\n<title>Informacje o Katedrze - Katedra Fotoniki, Elektroniki i Techniki \u015awietlnej<\/title>\n<meta name=\"robots\" content=\"index, follow, max-snippet:-1, max-image-preview:large, max-video-preview:-1\" \/>\n<link rel=\"canonical\" href=\"https:\/\/we.pb.edu.pl\/kfeits\/informacje-o-katedrze\/\" \/>\n<meta property=\"og:locale\" content=\"pl_PL\" \/>\n<meta property=\"og:type\" content=\"article\" \/>\n<meta property=\"og:title\" content=\"Informacje o Katedrze - Katedra Fotoniki, Elektroniki i Techniki \u015awietlnej\" \/>\n<meta property=\"og:description\" content=\"Prowadzone przez pracownik\u00f3w Katedry zaj\u0119cia dydaktyczne s\u0105 powi\u0105zane z\u00a0tre\u015bciami kszta\u0142cenia na kierunkach: Elektronika i Telekomunikacjawi\u0119cej\" \/>\n<meta property=\"og:url\" content=\"https:\/\/we.pb.edu.pl\/kfeits\/informacje-o-katedrze\/\" \/>\n<meta property=\"og:site_name\" content=\"Katedra Fotoniki, Elektroniki i Techniki \u015awietlnej\" \/>\n<meta property=\"article:modified_time\" content=\"2024-12-03T14:05:11+00:00\" \/>\n<meta name=\"twitter:card\" content=\"summary_large_image\" \/>\n<script type=\"application\/ld+json\" class=\"yoast-schema-graph\">{\"@context\":\"https:\/\/schema.org\",\"@graph\":[{\"@type\":\"WebPage\",\"@id\":\"https:\/\/we.pb.edu.pl\/kfeits\/informacje-o-katedrze\/\",\"url\":\"https:\/\/we.pb.edu.pl\/kfeits\/informacje-o-katedrze\/\",\"name\":\"Informacje o Katedrze - Katedra Fotoniki, Elektroniki i Techniki \u015awietlnej\",\"isPartOf\":{\"@id\":\"https:\/\/we.pb.edu.pl\/kfeits\/#website\"},\"datePublished\":\"2018-05-15T09:30:59+00:00\",\"dateModified\":\"2024-12-03T14:05:11+00:00\",\"breadcrumb\":{\"@id\":\"https:\/\/we.pb.edu.pl\/kfeits\/informacje-o-katedrze\/#breadcrumb\"},\"inLanguage\":\"pl-PL\",\"potentialAction\":[{\"@type\":\"ReadAction\",\"target\":[\"https:\/\/we.pb.edu.pl\/kfeits\/informacje-o-katedrze\/\"]}]},{\"@type\":\"BreadcrumbList\",\"@id\":\"https:\/\/we.pb.edu.pl\/kfeits\/informacje-o-katedrze\/#breadcrumb\",\"itemListElement\":[{\"@type\":\"ListItem\",\"position\":1,\"name\":\"Strona g\u0142\u00f3wna\",\"item\":\"https:\/\/we.pb.edu.pl\/kfeits\/\"},{\"@type\":\"ListItem\",\"position\":2,\"name\":\"Informacje o Katedrze\"}]},{\"@type\":\"WebSite\",\"@id\":\"https:\/\/we.pb.edu.pl\/kfeits\/#website\",\"url\":\"https:\/\/we.pb.edu.pl\/kfeits\/\",\"name\":\"Katedra Fotoniki, Elektroniki i Techniki \u015awietlnej\",\"description\":\"\",\"potentialAction\":[{\"@type\":\"SearchAction\",\"target\":{\"@type\":\"EntryPoint\",\"urlTemplate\":\"https:\/\/we.pb.edu.pl\/kfeits\/?s={search_term_string}\"},\"query-input\":{\"@type\":\"PropertyValueSpecification\",\"valueRequired\":true,\"valueName\":\"search_term_string\"}}],\"inLanguage\":\"pl-PL\"}]}<\/script>\n<!-- \/ Yoast SEO plugin. -->","yoast_head_json":{"title":"Informacje o Katedrze - Katedra Fotoniki, Elektroniki i Techniki \u015awietlnej","robots":{"index":"index","follow":"follow","max-snippet":"max-snippet:-1","max-image-preview":"max-image-preview:large","max-video-preview":"max-video-preview:-1"},"canonical":"https:\/\/we.pb.edu.pl\/kfeits\/informacje-o-katedrze\/","og_locale":"pl_PL","og_type":"article","og_title":"Informacje o Katedrze - Katedra Fotoniki, Elektroniki i Techniki \u015awietlnej","og_description":"Prowadzone przez pracownik\u00f3w Katedry zaj\u0119cia dydaktyczne s\u0105 powi\u0105zane z\u00a0tre\u015bciami kszta\u0142cenia na kierunkach: Elektronika i Telekomunikacjawi\u0119cej","og_url":"https:\/\/we.pb.edu.pl\/kfeits\/informacje-o-katedrze\/","og_site_name":"Katedra Fotoniki, Elektroniki i Techniki \u015awietlnej","article_modified_time":"2024-12-03T14:05:11+00:00","twitter_card":"summary_large_image","schema":{"@context":"https:\/\/schema.org","@graph":[{"@type":"WebPage","@id":"https:\/\/we.pb.edu.pl\/kfeits\/informacje-o-katedrze\/","url":"https:\/\/we.pb.edu.pl\/kfeits\/informacje-o-katedrze\/","name":"Informacje o Katedrze - Katedra Fotoniki, Elektroniki i Techniki \u015awietlnej","isPartOf":{"@id":"https:\/\/we.pb.edu.pl\/kfeits\/#website"},"datePublished":"2018-05-15T09:30:59+00:00","dateModified":"2024-12-03T14:05:11+00:00","breadcrumb":{"@id":"https:\/\/we.pb.edu.pl\/kfeits\/informacje-o-katedrze\/#breadcrumb"},"inLanguage":"pl-PL","potentialAction":[{"@type":"ReadAction","target":["https:\/\/we.pb.edu.pl\/kfeits\/informacje-o-katedrze\/"]}]},{"@type":"BreadcrumbList","@id":"https:\/\/we.pb.edu.pl\/kfeits\/informacje-o-katedrze\/#breadcrumb","itemListElement":[{"@type":"ListItem","position":1,"name":"Strona g\u0142\u00f3wna","item":"https:\/\/we.pb.edu.pl\/kfeits\/"},{"@type":"ListItem","position":2,"name":"Informacje o Katedrze"}]},{"@type":"WebSite","@id":"https:\/\/we.pb.edu.pl\/kfeits\/#website","url":"https:\/\/we.pb.edu.pl\/kfeits\/","name":"Katedra Fotoniki, Elektroniki i Techniki \u015awietlnej","description":"","potentialAction":[{"@type":"SearchAction","target":{"@type":"EntryPoint","urlTemplate":"https:\/\/we.pb.edu.pl\/kfeits\/?s={search_term_string}"},"query-input":{"@type":"PropertyValueSpecification","valueRequired":true,"valueName":"search_term_string"}}],"inLanguage":"pl-PL"}]}},"_links":{"self":[{"href":"https:\/\/we.pb.edu.pl\/kfeits\/wp-json\/wp\/v2\/pages\/46","targetHints":{"allow":["GET"]}}],"collection":[{"href":"https:\/\/we.pb.edu.pl\/kfeits\/wp-json\/wp\/v2\/pages"}],"about":[{"href":"https:\/\/we.pb.edu.pl\/kfeits\/wp-json\/wp\/v2\/types\/page"}],"author":[{"embeddable":true,"href":"https:\/\/we.pb.edu.pl\/kfeits\/wp-json\/wp\/v2\/users\/9"}],"replies":[{"embeddable":true,"href":"https:\/\/we.pb.edu.pl\/kfeits\/wp-json\/wp\/v2\/comments?post=46"}],"version-history":[{"count":11,"href":"https:\/\/we.pb.edu.pl\/kfeits\/wp-json\/wp\/v2\/pages\/46\/revisions"}],"predecessor-version":[{"id":5498,"href":"https:\/\/we.pb.edu.pl\/kfeits\/wp-json\/wp\/v2\/pages\/46\/revisions\/5498"}],"wp:attachment":[{"href":"https:\/\/we.pb.edu.pl\/kfeits\/wp-json\/wp\/v2\/media?parent=46"}],"curies":[{"name":"wp","href":"https:\/\/api.w.org\/{rel}","templated":true}]}}