{"id":4475,"date":"2023-10-05T16:33:02","date_gmt":"2023-10-05T14:33:02","guid":{"rendered":"https:\/\/we.pb.edu.pl\/kfeits\/?page_id=4475"},"modified":"2026-01-27T19:15:21","modified_gmt":"2026-01-27T18:15:21","slug":"ts1f1010-wprowadzenie-do-elektroniki","status":"publish","type":"page","link":"https:\/\/we.pb.edu.pl\/kfeits\/ts1f1010-wprowadzenie-do-elektroniki\/","title":{"rendered":"TS1F1010 Wprowadzenie do Elektroniki"},"content":{"rendered":"<p style=\"text-align: center\"><span style=\"font-size: 18pt\"><strong>TS1F1010 Wprowadzenie do elektroniki<\/strong><\/span><\/p>\n<p style=\"text-align: center\">Materia\u0142y pomocnicze do wyk\u0142adu<\/p>\n<p>&nbsp;<\/p>\n<p><span style=\"font-size: 14pt\">Prowadz\u0105cy zaj\u0119cia:\u00a0dr in\u017c. Maciej Sadowski<\/span><\/p>\n<p><span style=\"font-size: 14pt\">Termin: \u015broda, godz. 14.15-16.00, sala WE-029 (\u0107wiczenia)<\/span><\/p>\n<p><span style=\"font-size: 14pt\">\u00a0 \u00a0 \u00a0 \u00a0 \u00a0 \u00a0 \u00a0 \u00a0\u015broda, godz. 16.05-17.35, sala WE-029 (wyk\u0142ad)<\/span><\/p>\n<p><span style=\"font-size: 12pt\">zaj\u0119cia dodatkowe Wprowadzenie do elektroniki z elementami matematyki: poniedzia\u0142ek, godz. 16.05-17.35, sala WE-029 lub inna podana przez prowadz\u0105cego (osoby prowadz\u0105ce: dr in\u017c. M. Sadowski, dr M. Wyrwas)<\/span><\/p>\n<p>&nbsp;<\/p>\n<p>Wprowadzenie<\/p>\n<p><a href=\"https:\/\/box.biaman.pl\/f\/32b8a6bb8b3b4f14a5f8\/\"><span style=\"font-size: 12pt\">Wyk\u0142ad 1<\/span><\/a><\/p>\n<p>Dla ch\u0119tnych przyk\u0142ady prostych (?) zada\u0144 do po\u0107wiczenia przed zaj\u0119ciami (<a href=\"https:\/\/box.biaman.pl\/f\/639e6394f843409ca87e\/\">zadania z odpowiedziami<\/a>).<\/p>\n<p><a href=\"https:\/\/box.biaman.pl\/f\/75958a2554e94d2b83f5\/\"><span style=\"font-size: 12pt\">Wyk\u0142ad 2<\/span><\/a><\/p>\n<p><a href=\"https:\/\/box.biaman.pl\/f\/84f216ea6baf453bacb4\/\">Wyk\u0142ad 3<\/a><\/p>\n<p><a href=\"https:\/\/box.biaman.pl\/f\/76cb578f6f1d4a4b8d8c\/\">Wyk\u0142ad 4<\/a><\/p>\n<p><a href=\"https:\/\/box.biaman.pl\/f\/cb07786a45794a26b720\/\">Przyk\u0142adowe zadania z zakresu obwod\u00f3w pr\u0105du sta\u0142ego cz.2<\/a><\/p>\n<p>&nbsp;<\/p>\n<p>W dniu <strong>5 listopada 2025 <\/strong>zaplanowane zosta\u0142o <strong>kolokwium<\/strong> z \u0107wicze\u0144 (1 godzina)<\/p>\n<p>&nbsp;<\/p>\n<p><a href=\"https:\/\/box.biaman.pl\/f\/0dc11e2a0ef24c16be29\/\">Wyk\u0142ad 5<\/a><\/p>\n<p><a href=\"https:\/\/box.biaman.pl\/f\/9d57f7193ab24fbb9c71\/\">Wyk\u0142ad 6<\/a><\/p>\n<p><a href=\"https:\/\/box.biaman.pl\/f\/c89b006c89d24a77a45b\/\">Przyk\u0142adowe zadania do rozwi\u0105zania &#8211; proste obwody pr\u0105du przemiennego.<\/a><\/p>\n<p>&nbsp;<\/p>\n<p>Na dzie\u0144 <strong>3 grudnia 2024<\/strong> zaplanowane zosta\u0142o <strong>kolokwium<\/strong> nr 2 z \u0107wicze\u0144\u00a0 &#8211; z rozwi\u0105zywania uk\u0142ad\u00f3w elektrycznych (metody oczkowa, potencja\u0142\u00f3w w\u0119z\u0142owych, superpozycji). Zaczynamy o godz. 14.15.<\/p>\n<p>&nbsp;<\/p>\n<p><a href=\"https:\/\/box.biaman.pl\/f\/ac07c2e6d7da4c8d8af3\/\">Wyk\u0142ad 7<\/a><\/p>\n<p><a href=\"https:\/\/box.biaman.pl\/f\/bbc9ffed026049ab92c9\/\">Wyk\u0142ad 8<\/a><\/p>\n<p>Na dzie\u0144 <strong>17 grudnia 2024 <\/strong>zaplanowane zosta\u0142o wst\u0119pnie <strong>kolokwium<\/strong> nr 3 z \u0107wicze\u0144 (1 godzina) &#8211; z zada\u0144 z pr\u0105du sinusoidalnie przemiennego.<\/p>\n<p>&nbsp;<\/p>\n<p><a href=\"https:\/\/box.biaman.pl\/f\/3fa5d5629c5e4dfdbe12\/\">Wyk\u0142ad 9<\/a><\/p>\n<p><a href=\"https:\/\/box.biaman.pl\/f\/1af19c2a42c14d79a33e\/\">Wyk\u0142ad 10<\/a><\/p>\n<p>&nbsp;<\/p>\n<p>W dniu <strong>21 stycznia 2026<\/strong>\u00a0piszecie Pa\u0144stwo ostatni kolokwium. Tematyka &#8211; obwody rezonansowe i czw\u00f3rniki.<\/p>\n<p>&nbsp;<\/p>\n<p><a href=\"https:\/\/box.biaman.pl\/seafhttp\/f\/42468118955842939602\/?op=view\">Zagadnienia egzaminacyjne<\/a><\/p>\n<p>&nbsp;<\/p>\n<p><strong>Egzamin &#8211; termin podstawowy:\u00a0 5 lutego 2026, godz. 9-12, sala WE-029<\/strong><\/p>\n<p>&nbsp;<\/p>\n<p><strong>Egzamin &#8211; termin poprawkowy: 10 lutego 2026, godz. 8-10, sala WE-306<\/strong><\/p>\n<p>&nbsp;<\/p>\n<p>&nbsp;<\/p>\n","protected":false},"excerpt":{"rendered":"<p>TS1F1010 Wprowadzenie do elektroniki Materia\u0142y pomocnicze do wyk\u0142adu &nbsp; Prowadz\u0105cy zaj\u0119cia:\u00a0dr in\u017c. Maciej Sadowski Termin:<a class=\"read-more\" href=\"https:\/\/we.pb.edu.pl\/kfeits\/ts1f1010-wprowadzenie-do-elektroniki\/\" title=\"Poka\u017c artyku\u0142 TS1F1010 Wprowadzenie do Elektroniki\">wi\u0119cej<\/a><\/p>\n","protected":false},"author":21,"featured_media":0,"parent":0,"menu_order":0,"comment_status":"closed","ping_status":"closed","template":"","meta":{"inline_featured_image":false,"ngg_post_thumbnail":0,"footnotes":""},"class_list":["post-4475","page","type-page","status-publish","hentry"],"acf":[],"yoast_head":"<!-- This site is optimized with the Yoast SEO plugin v26.4 - https:\/\/yoast.com\/wordpress\/plugins\/seo\/ -->\n<title>TS1F1010 Wprowadzenie do Elektroniki - Katedra Fotoniki, Elektroniki i Techniki \u015awietlnej<\/title>\n<meta name=\"robots\" content=\"index, follow, max-snippet:-1, max-image-preview:large, max-video-preview:-1\" \/>\n<link rel=\"canonical\" href=\"https:\/\/we.pb.edu.pl\/kfeits\/ts1f1010-wprowadzenie-do-elektroniki\/\" \/>\n<meta property=\"og:locale\" content=\"pl_PL\" \/>\n<meta property=\"og:type\" content=\"article\" \/>\n<meta property=\"og:title\" content=\"TS1F1010 Wprowadzenie do Elektroniki - Katedra Fotoniki, Elektroniki i Techniki \u015awietlnej\" \/>\n<meta property=\"og:description\" content=\"TS1F1010 Wprowadzenie do elektroniki Materia\u0142y pomocnicze do wyk\u0142adu &nbsp; Prowadz\u0105cy zaj\u0119cia:\u00a0dr in\u017c. Maciej Sadowski Termin:wi\u0119cej\" \/>\n<meta property=\"og:url\" content=\"https:\/\/we.pb.edu.pl\/kfeits\/ts1f1010-wprowadzenie-do-elektroniki\/\" \/>\n<meta property=\"og:site_name\" content=\"Katedra Fotoniki, Elektroniki i Techniki \u015awietlnej\" \/>\n<meta property=\"article:modified_time\" content=\"2026-01-27T18:15:21+00:00\" \/>\n<meta name=\"twitter:card\" content=\"summary_large_image\" \/>\n<meta name=\"twitter:label1\" content=\"Szacowany czas czytania\" \/>\n\t<meta name=\"twitter:data1\" content=\"2 minuty\" \/>\n<script type=\"application\/ld+json\" class=\"yoast-schema-graph\">{\"@context\":\"https:\/\/schema.org\",\"@graph\":[{\"@type\":\"WebPage\",\"@id\":\"https:\/\/we.pb.edu.pl\/kfeits\/ts1f1010-wprowadzenie-do-elektroniki\/\",\"url\":\"https:\/\/we.pb.edu.pl\/kfeits\/ts1f1010-wprowadzenie-do-elektroniki\/\",\"name\":\"TS1F1010 Wprowadzenie do Elektroniki - Katedra Fotoniki, Elektroniki i Techniki \u015awietlnej\",\"isPartOf\":{\"@id\":\"https:\/\/we.pb.edu.pl\/kfeits\/#website\"},\"datePublished\":\"2023-10-05T14:33:02+00:00\",\"dateModified\":\"2026-01-27T18:15:21+00:00\",\"breadcrumb\":{\"@id\":\"https:\/\/we.pb.edu.pl\/kfeits\/ts1f1010-wprowadzenie-do-elektroniki\/#breadcrumb\"},\"inLanguage\":\"pl-PL\",\"potentialAction\":[{\"@type\":\"ReadAction\",\"target\":[\"https:\/\/we.pb.edu.pl\/kfeits\/ts1f1010-wprowadzenie-do-elektroniki\/\"]}]},{\"@type\":\"BreadcrumbList\",\"@id\":\"https:\/\/we.pb.edu.pl\/kfeits\/ts1f1010-wprowadzenie-do-elektroniki\/#breadcrumb\",\"itemListElement\":[{\"@type\":\"ListItem\",\"position\":1,\"name\":\"Strona g\u0142\u00f3wna\",\"item\":\"https:\/\/we.pb.edu.pl\/kfeits\/\"},{\"@type\":\"ListItem\",\"position\":2,\"name\":\"TS1F1010 Wprowadzenie do Elektroniki\"}]},{\"@type\":\"WebSite\",\"@id\":\"https:\/\/we.pb.edu.pl\/kfeits\/#website\",\"url\":\"https:\/\/we.pb.edu.pl\/kfeits\/\",\"name\":\"Katedra Fotoniki, Elektroniki i Techniki \u015awietlnej\",\"description\":\"\",\"potentialAction\":[{\"@type\":\"SearchAction\",\"target\":{\"@type\":\"EntryPoint\",\"urlTemplate\":\"https:\/\/we.pb.edu.pl\/kfeits\/?s={search_term_string}\"},\"query-input\":{\"@type\":\"PropertyValueSpecification\",\"valueRequired\":true,\"valueName\":\"search_term_string\"}}],\"inLanguage\":\"pl-PL\"}]}<\/script>\n<!-- \/ Yoast SEO plugin. -->","yoast_head_json":{"title":"TS1F1010 Wprowadzenie do Elektroniki - Katedra Fotoniki, Elektroniki i Techniki \u015awietlnej","robots":{"index":"index","follow":"follow","max-snippet":"max-snippet:-1","max-image-preview":"max-image-preview:large","max-video-preview":"max-video-preview:-1"},"canonical":"https:\/\/we.pb.edu.pl\/kfeits\/ts1f1010-wprowadzenie-do-elektroniki\/","og_locale":"pl_PL","og_type":"article","og_title":"TS1F1010 Wprowadzenie do Elektroniki - Katedra Fotoniki, Elektroniki i Techniki \u015awietlnej","og_description":"TS1F1010 Wprowadzenie do elektroniki Materia\u0142y pomocnicze do wyk\u0142adu &nbsp; Prowadz\u0105cy zaj\u0119cia:\u00a0dr in\u017c. Maciej Sadowski Termin:wi\u0119cej","og_url":"https:\/\/we.pb.edu.pl\/kfeits\/ts1f1010-wprowadzenie-do-elektroniki\/","og_site_name":"Katedra Fotoniki, Elektroniki i Techniki \u015awietlnej","article_modified_time":"2026-01-27T18:15:21+00:00","twitter_card":"summary_large_image","twitter_misc":{"Szacowany czas czytania":"2 minuty"},"schema":{"@context":"https:\/\/schema.org","@graph":[{"@type":"WebPage","@id":"https:\/\/we.pb.edu.pl\/kfeits\/ts1f1010-wprowadzenie-do-elektroniki\/","url":"https:\/\/we.pb.edu.pl\/kfeits\/ts1f1010-wprowadzenie-do-elektroniki\/","name":"TS1F1010 Wprowadzenie do Elektroniki - Katedra Fotoniki, Elektroniki i Techniki \u015awietlnej","isPartOf":{"@id":"https:\/\/we.pb.edu.pl\/kfeits\/#website"},"datePublished":"2023-10-05T14:33:02+00:00","dateModified":"2026-01-27T18:15:21+00:00","breadcrumb":{"@id":"https:\/\/we.pb.edu.pl\/kfeits\/ts1f1010-wprowadzenie-do-elektroniki\/#breadcrumb"},"inLanguage":"pl-PL","potentialAction":[{"@type":"ReadAction","target":["https:\/\/we.pb.edu.pl\/kfeits\/ts1f1010-wprowadzenie-do-elektroniki\/"]}]},{"@type":"BreadcrumbList","@id":"https:\/\/we.pb.edu.pl\/kfeits\/ts1f1010-wprowadzenie-do-elektroniki\/#breadcrumb","itemListElement":[{"@type":"ListItem","position":1,"name":"Strona g\u0142\u00f3wna","item":"https:\/\/we.pb.edu.pl\/kfeits\/"},{"@type":"ListItem","position":2,"name":"TS1F1010 Wprowadzenie do Elektroniki"}]},{"@type":"WebSite","@id":"https:\/\/we.pb.edu.pl\/kfeits\/#website","url":"https:\/\/we.pb.edu.pl\/kfeits\/","name":"Katedra Fotoniki, Elektroniki i Techniki \u015awietlnej","description":"","potentialAction":[{"@type":"SearchAction","target":{"@type":"EntryPoint","urlTemplate":"https:\/\/we.pb.edu.pl\/kfeits\/?s={search_term_string}"},"query-input":{"@type":"PropertyValueSpecification","valueRequired":true,"valueName":"search_term_string"}}],"inLanguage":"pl-PL"}]}},"_links":{"self":[{"href":"https:\/\/we.pb.edu.pl\/kfeits\/wp-json\/wp\/v2\/pages\/4475","targetHints":{"allow":["GET"]}}],"collection":[{"href":"https:\/\/we.pb.edu.pl\/kfeits\/wp-json\/wp\/v2\/pages"}],"about":[{"href":"https:\/\/we.pb.edu.pl\/kfeits\/wp-json\/wp\/v2\/types\/page"}],"author":[{"embeddable":true,"href":"https:\/\/we.pb.edu.pl\/kfeits\/wp-json\/wp\/v2\/users\/21"}],"replies":[{"embeddable":true,"href":"https:\/\/we.pb.edu.pl\/kfeits\/wp-json\/wp\/v2\/comments?post=4475"}],"version-history":[{"count":46,"href":"https:\/\/we.pb.edu.pl\/kfeits\/wp-json\/wp\/v2\/pages\/4475\/revisions"}],"predecessor-version":[{"id":6194,"href":"https:\/\/we.pb.edu.pl\/kfeits\/wp-json\/wp\/v2\/pages\/4475\/revisions\/6194"}],"wp:attachment":[{"href":"https:\/\/we.pb.edu.pl\/kfeits\/wp-json\/wp\/v2\/media?parent=4475"}],"curies":[{"name":"wp","href":"https:\/\/api.w.org\/{rel}","templated":true}]}}