{"id":4408,"date":"2023-09-27T19:38:41","date_gmt":"2023-09-27T17:38:41","guid":{"rendered":"https:\/\/we.pb.edu.pl\/kfeits\/?page_id=4408"},"modified":"2025-11-30T13:37:39","modified_gmt":"2025-11-30T12:37:39","slug":"systemy-operacyjne","status":"publish","type":"page","link":"https:\/\/we.pb.edu.pl\/kfeits\/krzysztof-konopko\/cp1s\/systemy-operacyjne\/","title":{"rendered":"Systemy operacyjne"},"content":{"rendered":"<p>wyk\u0142ad: <a href=\"\/kfeits\/krzysztof-konopko\/\">Krzysztof Konopko,<\/a><\/p>\n<p>pracownia specjalistyczna: <a href=\"https:\/\/we.pb.edu.pl\/kfeits\/dariusz-janczak\">Dariusz Ja\u0144czak<\/a>, Gra\u017cyna Gilewska<\/p>\n<hr \/>\n<p><strong>Zagadnienia na zaliczenie ustne:<\/strong><\/p>\n<ul>\n<li>Podstawowe typy licencji oprogramowania<\/li>\n<li>Zarz\u0105dzanie oprogramowaniem w systemie Linux<\/li>\n<li>Podstawowe funkcje systemu operacyjnego<\/li>\n<li>Zarz\u0105dzanie zasobami systemu wbudowanego<\/li>\n<li>Klasyfikacja system\u00f3w operacyjnych<\/li>\n<li>Dost\u0119p do dokumentacji dotycz\u0105cej Linuksa<\/li>\n<li>Przetwarzanie potokowe w pow\u0142oce bash<\/li>\n<li>Prawa dost\u0119pu do plik\u00f3w w systemie Linux<\/li>\n<li>Zmienne w skryptach pow\u0142oki bash<\/li>\n<li>Instrukcje warunkowe w skryptach pow\u0142oki bash<\/li>\n<li>System plik\u00f3w Linuksa<\/li>\n<li>Struktura katalog\u00f3w systemu Linux<\/li>\n<li>Typy plik\u00f3w w systemie Linux<\/li>\n<li>Rejestrowanie zdarze\u0144 systemowych w Linuksie<\/li>\n<li>Zarz\u0105dzanie u\u017cytkownikami w systemie Linux<\/li>\n<li>Planowanie powtarzalnych zada\u0144 w programie cron<\/li>\n<\/ul>\n<hr \/>\n<p><strong>Prezentacje z wyk\u0142adu:<\/strong><\/p>\n<ul>\n<li><a href=\"https:\/\/box.biaman.pl\/f\/e521ea89c2e1426490c9\/?raw=1&amp;ext=.pdf\">Wiadomo\u015bci wst\u0119pne.<\/a><\/li>\n<li><a href=\"https:\/\/box.biaman.pl\/f\/273f8fb40e1a469c8e25\/?raw=1&amp;ext=.pdf\">Wprowadzenie do Linuksa.<\/a><\/li>\n<li><a href=\"https:\/\/box.biaman.pl\/f\/21909cd347a3447aabeb\/?raw=1&amp;ext=.pdf\">Pow\u0142oka systemu Linux.<\/a><\/li>\n<li><a href=\"https:\/\/box.biaman.pl\/f\/9140ece1f5744525b5d7\/?raw=1&amp;ext=.pdf\">Skrypty pow\u0142oki.<\/a><\/li>\n<li><a href=\"https:\/\/box.biaman.pl\/f\/4f905ca6ba894ac0a660\/?raw=1&amp;ext=.pdf\">System plik\u00f3w. Uruchomianie systemu.<\/a><\/li>\n<li><a href=\"https:\/\/box.biaman.pl\/f\/5dc48ef070d34ac9aa7b\/?raw=1&amp;ext=.pdf\">Konfiguracja i zarz\u0105dzanie systemem Linux.<\/a><\/li>\n<li><a href=\"https:\/\/box.biaman.pl\/f\/77b9dce5a9f44c6aad03\/?raw=1&amp;ext=.pdf\">Graficzne interfejsy u\u017cytkownika.<\/a><\/li>\n<li>\n<div>\n<div><a href=\"https:\/\/box.biaman.pl\/f\/29612732822049fe8b64\/?raw=1&amp;ext=.pdf\">Systemy bazuj\u0105ce na j\u0105drze Linuksa.<\/a><\/div>\n<\/div>\n<\/li>\n<li>Wybrane aplikacje w systemie Linux.<\/li>\n<li>Wybrane aplikacje in\u017cynierskie i naukowe.<\/li>\n<\/ul>\n<hr \/>\n<p><strong>Instrukcje do pracowni specjalistycznej:<\/strong><\/p>\n<ul>\n<li><a href=\"https:\/\/box.biaman.pl\/f\/04920664d60d4797b349\/?raw=1&amp;ext=.pdf\"><span dir=\"ltr\" role=\"presentation\">Instalacja i konfiguracja systemu operacyjnego<\/span> <span dir=\"ltr\" role=\"presentation\">na przyk\u0142adzie dystrybucji openwrt.<\/span><\/a><\/li>\n<li><a href=\"https:\/\/box.biaman.pl\/f\/b4f6e3a154b64caaba24\/?raw=1&amp;ext=.pdf\">Korzystanie z konsoli systemowej, zarz\u0105dzanie plikami i katalogami w systemie Linux.<\/a><\/li>\n<li><a href=\"https:\/\/box.biaman.pl\/f\/335c3e1258d046a68181\/?raw=1&amp;ext=.pdf\">Konta u\u017cytkownik\u00f3w. Prawa dost\u0119pu do plik\u00f3w i katalog\u00f3w.<\/a><\/li>\n<li><a href=\"https:\/\/box.biaman.pl\/f\/63eb5ae8e04f44b69dee\/?raw=1&amp;ext=.pdf\">Procesy w systemie Linux. Polecenia zwi\u0105zane z procesami.<\/a><\/li>\n<li><a href=\"https:\/\/box.biaman.pl\/f\/e751ca0aa0a94a85a48b\/?raw=1&amp;ext=.pdf\">Strumienie w systemie Linux. Filtry strumieniowe.<\/a><\/li>\n<li><a href=\"https:\/\/box.biaman.pl\/f\/a9980f929809458b9661\/?raw=1&amp;ext=.pdf\">Tworzenie skrypt\u00f3w w systemie Linux cz. 1.<\/a><\/li>\n<li><a href=\"https:\/\/box.biaman.pl\/f\/faa2c8b1689b4c1e8e1d\/?raw=1&amp;ext=.pdf\">Tworzenie skrypt\u00f3w w systemie Linux cz. 2.<\/a><\/li>\n<li><a href=\"https:\/\/box.biaman.pl\/f\/6f6d1cacaa9845b197b5\/?raw=1&amp;ext=.pdf\">Instalacja i konfiguracja systemu operacyjnego z GUI na przyk\u0142adzie dystrybucji Xubuntu.<\/a><\/li>\n<li><a href=\"https:\/\/box.biaman.pl\/f\/9ba599bc4be04c918d97\/?raw=1&amp;ext=.pdf\">Wprowadzenie do oprogramowania LaTeX cz. 1<\/a>,\n<ul>\n<li>materia\u0142y dodatkowe 1 &#8211; <a href=\"https:\/\/box.biaman.pl\/f\/e92c6e002e1244448c86\/?dl=1\">formatka dokumentu<\/a>,<\/li>\n<li>materia\u0142y dodatkowe 2 &#8211;\u00a0<span dir=\"ltr\" role=\"presentation\"><a href=\"https:\/\/box.biaman.pl\/f\/0a5bff3a086d424ca15f\/?raw=1&amp;ext=.pdf\">&#8222;Nie za kr\u00f3tkie wprowadzenie do systemu LATEX&#8221;.<\/a><\/span><\/li>\n<\/ul>\n<\/li>\n<li><a href=\"https:\/\/box.biaman.pl\/f\/0f388d195c4044b1bcc7\/?raw=1&amp;ext=.pdf\">Wprowadzenie do oprogramowania LaTeX cz. 2.<\/a><\/li>\n<li><a href=\"https:\/\/box.biaman.pl\/f\/d3fa30ff7bec41b3b8c3\/?raw=1&amp;ext=.pdf\">Wprowadzenia do systemu kontroli wersji \u2013 Git.<\/a><\/li>\n<\/ul>\n","protected":false},"excerpt":{"rendered":"<p>wyk\u0142ad: Krzysztof Konopko, pracownia specjalistyczna: Dariusz Ja\u0144czak, Gra\u017cyna Gilewska Zagadnienia na zaliczenie ustne: Podstawowe typy<a class=\"read-more\" href=\"https:\/\/we.pb.edu.pl\/kfeits\/krzysztof-konopko\/cp1s\/systemy-operacyjne\/\" title=\"Poka\u017c artyku\u0142 Systemy operacyjne\">wi\u0119cej<\/a><\/p>\n","protected":false},"author":20,"featured_media":0,"parent":4403,"menu_order":0,"comment_status":"closed","ping_status":"closed","template":"","meta":{"inline_featured_image":false,"ngg_post_thumbnail":0,"footnotes":""},"class_list":["post-4408","page","type-page","status-publish","hentry"],"acf":[],"yoast_head":"<!-- This site is optimized with the Yoast SEO plugin v26.4 - https:\/\/yoast.com\/wordpress\/plugins\/seo\/ -->\n<title>Systemy operacyjne - Katedra Fotoniki, Elektroniki i Techniki \u015awietlnej<\/title>\n<meta name=\"robots\" content=\"index, follow, max-snippet:-1, max-image-preview:large, max-video-preview:-1\" \/>\n<link rel=\"canonical\" href=\"https:\/\/we.pb.edu.pl\/kfeits\/krzysztof-konopko\/cp1s\/systemy-operacyjne\/\" \/>\n<meta property=\"og:locale\" content=\"pl_PL\" \/>\n<meta property=\"og:type\" content=\"article\" \/>\n<meta property=\"og:title\" content=\"Systemy operacyjne - Katedra Fotoniki, Elektroniki i Techniki \u015awietlnej\" \/>\n<meta property=\"og:description\" content=\"wyk\u0142ad: Krzysztof Konopko, pracownia specjalistyczna: Dariusz Ja\u0144czak, Gra\u017cyna Gilewska Zagadnienia na zaliczenie ustne: Podstawowe typywi\u0119cej\" \/>\n<meta property=\"og:url\" content=\"https:\/\/we.pb.edu.pl\/kfeits\/krzysztof-konopko\/cp1s\/systemy-operacyjne\/\" \/>\n<meta property=\"og:site_name\" content=\"Katedra Fotoniki, Elektroniki i Techniki \u015awietlnej\" \/>\n<meta property=\"article:modified_time\" content=\"2025-11-30T12:37:39+00:00\" \/>\n<meta name=\"twitter:card\" content=\"summary_large_image\" \/>\n<meta name=\"twitter:label1\" content=\"Szacowany czas czytania\" \/>\n\t<meta name=\"twitter:data1\" content=\"2 minuty\" \/>\n<script type=\"application\/ld+json\" class=\"yoast-schema-graph\">{\"@context\":\"https:\/\/schema.org\",\"@graph\":[{\"@type\":\"WebPage\",\"@id\":\"https:\/\/we.pb.edu.pl\/kfeits\/krzysztof-konopko\/cp1s\/systemy-operacyjne\/\",\"url\":\"https:\/\/we.pb.edu.pl\/kfeits\/krzysztof-konopko\/cp1s\/systemy-operacyjne\/\",\"name\":\"Systemy operacyjne - Katedra Fotoniki, Elektroniki i Techniki \u015awietlnej\",\"isPartOf\":{\"@id\":\"https:\/\/we.pb.edu.pl\/kfeits\/#website\"},\"datePublished\":\"2023-09-27T17:38:41+00:00\",\"dateModified\":\"2025-11-30T12:37:39+00:00\",\"breadcrumb\":{\"@id\":\"https:\/\/we.pb.edu.pl\/kfeits\/krzysztof-konopko\/cp1s\/systemy-operacyjne\/#breadcrumb\"},\"inLanguage\":\"pl-PL\",\"potentialAction\":[{\"@type\":\"ReadAction\",\"target\":[\"https:\/\/we.pb.edu.pl\/kfeits\/krzysztof-konopko\/cp1s\/systemy-operacyjne\/\"]}]},{\"@type\":\"BreadcrumbList\",\"@id\":\"https:\/\/we.pb.edu.pl\/kfeits\/krzysztof-konopko\/cp1s\/systemy-operacyjne\/#breadcrumb\",\"itemListElement\":[{\"@type\":\"ListItem\",\"position\":1,\"name\":\"Strona g\u0142\u00f3wna\",\"item\":\"https:\/\/we.pb.edu.pl\/kfeits\/\"},{\"@type\":\"ListItem\",\"position\":2,\"name\":\"dr in\u017c. Krzysztof Konopko\",\"item\":\"https:\/\/we.pb.edu.pl\/kfeits\/krzysztof-konopko\/\"},{\"@type\":\"ListItem\",\"position\":3,\"name\":\"CP1S\",\"item\":\"https:\/\/we.pb.edu.pl\/kfeits\/krzysztof-konopko\/cp1s\/\"},{\"@type\":\"ListItem\",\"position\":4,\"name\":\"Systemy operacyjne\"}]},{\"@type\":\"WebSite\",\"@id\":\"https:\/\/we.pb.edu.pl\/kfeits\/#website\",\"url\":\"https:\/\/we.pb.edu.pl\/kfeits\/\",\"name\":\"Katedra Fotoniki, Elektroniki i Techniki \u015awietlnej\",\"description\":\"\",\"potentialAction\":[{\"@type\":\"SearchAction\",\"target\":{\"@type\":\"EntryPoint\",\"urlTemplate\":\"https:\/\/we.pb.edu.pl\/kfeits\/?s={search_term_string}\"},\"query-input\":{\"@type\":\"PropertyValueSpecification\",\"valueRequired\":true,\"valueName\":\"search_term_string\"}}],\"inLanguage\":\"pl-PL\"}]}<\/script>\n<!-- \/ Yoast SEO plugin. -->","yoast_head_json":{"title":"Systemy operacyjne - Katedra Fotoniki, Elektroniki i Techniki \u015awietlnej","robots":{"index":"index","follow":"follow","max-snippet":"max-snippet:-1","max-image-preview":"max-image-preview:large","max-video-preview":"max-video-preview:-1"},"canonical":"https:\/\/we.pb.edu.pl\/kfeits\/krzysztof-konopko\/cp1s\/systemy-operacyjne\/","og_locale":"pl_PL","og_type":"article","og_title":"Systemy operacyjne - Katedra Fotoniki, Elektroniki i Techniki \u015awietlnej","og_description":"wyk\u0142ad: Krzysztof Konopko, pracownia specjalistyczna: Dariusz Ja\u0144czak, Gra\u017cyna Gilewska Zagadnienia na zaliczenie ustne: Podstawowe typywi\u0119cej","og_url":"https:\/\/we.pb.edu.pl\/kfeits\/krzysztof-konopko\/cp1s\/systemy-operacyjne\/","og_site_name":"Katedra Fotoniki, Elektroniki i Techniki \u015awietlnej","article_modified_time":"2025-11-30T12:37:39+00:00","twitter_card":"summary_large_image","twitter_misc":{"Szacowany czas czytania":"2 minuty"},"schema":{"@context":"https:\/\/schema.org","@graph":[{"@type":"WebPage","@id":"https:\/\/we.pb.edu.pl\/kfeits\/krzysztof-konopko\/cp1s\/systemy-operacyjne\/","url":"https:\/\/we.pb.edu.pl\/kfeits\/krzysztof-konopko\/cp1s\/systemy-operacyjne\/","name":"Systemy operacyjne - Katedra Fotoniki, Elektroniki i Techniki \u015awietlnej","isPartOf":{"@id":"https:\/\/we.pb.edu.pl\/kfeits\/#website"},"datePublished":"2023-09-27T17:38:41+00:00","dateModified":"2025-11-30T12:37:39+00:00","breadcrumb":{"@id":"https:\/\/we.pb.edu.pl\/kfeits\/krzysztof-konopko\/cp1s\/systemy-operacyjne\/#breadcrumb"},"inLanguage":"pl-PL","potentialAction":[{"@type":"ReadAction","target":["https:\/\/we.pb.edu.pl\/kfeits\/krzysztof-konopko\/cp1s\/systemy-operacyjne\/"]}]},{"@type":"BreadcrumbList","@id":"https:\/\/we.pb.edu.pl\/kfeits\/krzysztof-konopko\/cp1s\/systemy-operacyjne\/#breadcrumb","itemListElement":[{"@type":"ListItem","position":1,"name":"Strona g\u0142\u00f3wna","item":"https:\/\/we.pb.edu.pl\/kfeits\/"},{"@type":"ListItem","position":2,"name":"dr in\u017c. Krzysztof Konopko","item":"https:\/\/we.pb.edu.pl\/kfeits\/krzysztof-konopko\/"},{"@type":"ListItem","position":3,"name":"CP1S","item":"https:\/\/we.pb.edu.pl\/kfeits\/krzysztof-konopko\/cp1s\/"},{"@type":"ListItem","position":4,"name":"Systemy operacyjne"}]},{"@type":"WebSite","@id":"https:\/\/we.pb.edu.pl\/kfeits\/#website","url":"https:\/\/we.pb.edu.pl\/kfeits\/","name":"Katedra Fotoniki, Elektroniki i Techniki \u015awietlnej","description":"","potentialAction":[{"@type":"SearchAction","target":{"@type":"EntryPoint","urlTemplate":"https:\/\/we.pb.edu.pl\/kfeits\/?s={search_term_string}"},"query-input":{"@type":"PropertyValueSpecification","valueRequired":true,"valueName":"search_term_string"}}],"inLanguage":"pl-PL"}]}},"_links":{"self":[{"href":"https:\/\/we.pb.edu.pl\/kfeits\/wp-json\/wp\/v2\/pages\/4408","targetHints":{"allow":["GET"]}}],"collection":[{"href":"https:\/\/we.pb.edu.pl\/kfeits\/wp-json\/wp\/v2\/pages"}],"about":[{"href":"https:\/\/we.pb.edu.pl\/kfeits\/wp-json\/wp\/v2\/types\/page"}],"author":[{"embeddable":true,"href":"https:\/\/we.pb.edu.pl\/kfeits\/wp-json\/wp\/v2\/users\/20"}],"replies":[{"embeddable":true,"href":"https:\/\/we.pb.edu.pl\/kfeits\/wp-json\/wp\/v2\/comments?post=4408"}],"version-history":[{"count":64,"href":"https:\/\/we.pb.edu.pl\/kfeits\/wp-json\/wp\/v2\/pages\/4408\/revisions"}],"predecessor-version":[{"id":6113,"href":"https:\/\/we.pb.edu.pl\/kfeits\/wp-json\/wp\/v2\/pages\/4408\/revisions\/6113"}],"up":[{"embeddable":true,"href":"https:\/\/we.pb.edu.pl\/kfeits\/wp-json\/wp\/v2\/pages\/4403"}],"wp:attachment":[{"href":"https:\/\/we.pb.edu.pl\/kfeits\/wp-json\/wp\/v2\/media?parent=4408"}],"curies":[{"name":"wp","href":"https:\/\/api.w.org\/{rel}","templated":true}]}}