{"id":4125,"date":"2023-03-04T11:17:58","date_gmt":"2023-03-04T10:17:58","guid":{"rendered":"https:\/\/we.pb.edu.pl\/kfeits\/?page_id=4125"},"modified":"2025-11-23T13:36:00","modified_gmt":"2025-11-23T12:36:00","slug":"warsztaty","status":"publish","type":"page","link":"https:\/\/we.pb.edu.pl\/kfeits\/w-sieci-rzeczy\/warsztaty\/","title":{"rendered":"Warsztaty"},"content":{"rendered":"<ul class=\"nav nav-pills\">\n<li><a href=\"\/kfeits\/w-sieci-rzeczy\/\"> Strona Ko\u0142a <\/a><\/li>\n<li><a href=\"\/kfeits\/w-sieci-rzeczy\/aktualnosci\/\"> Aktualno\u015bci <\/a><\/li>\n<li><a href=\"\/kfeits\/w-sieci-rzeczy\/czlonkowie\/\"> Cz\u0142onkowie <\/a><\/li>\n<li><a href=\"\/kfeits\/w-sieci-rzeczy\/materialy\/\"> Materia\u0142y <\/a><\/li>\n<li><a href=\"\/kfeits\/w-sieci-rzeczy\/projekty\/\"> Projekty <\/a><\/li>\n<li><a href=\"\/kfeits\/w-sieci-rzeczy\/warsztaty\/\"> Warsztaty <\/a><\/li>\n<li><a href=\"\/kfeits\/w-sieci-rzeczy\/partnerzy\/\"> Partnerzy <\/a><\/li>\n<li><a href=\"\/kfeits\/w-sieci-rzeczy\/kontakt\/\"> Kontakt<\/a><\/li>\n<\/ul>\n<p>&nbsp;<\/p>\n<p>Materia\u0142y do warsztat\u00f3w z FreeRTOS:<\/p>\n<ul>\n<li>\n<p class=\"text-truncate\"><a href=\"https:\/\/box.biaman.pl\/f\/58bb68ad42d14a33b88d\/\"><span class=\"op-target\" title=\"lcd_hd44780_lib.c\">lcd_hd44780_lib.c<\/span><\/a>,\u00a0<a href=\"https:\/\/box.biaman.pl\/f\/de3c936319b74db3bfe3\/\"><span class=\"op-target\" title=\"lcd_hd44780_lib.h\">lcd_hd44780_lib.h<\/span><\/a><\/p>\n<\/li>\n<li><a href=\"https:\/\/box.biaman.pl\/seafhttp\/f\/0b240b20c86448b1864d\/?op=view\">event_goupe.zip<\/a><\/li>\n<\/ul>\n<p>Materia\u0142y z warsztat\u00f3w &#8222;OpenCV. Przetwarzanie obraz\u00f3w z zastosowaniem sieci neuronowych&#8221;<\/p>\n<ul>\n<li><a href=\"https:\/\/box.biaman.pl\/f\/d4fdfea1a0c54b0fa287\/?raw=1&amp;ext=.pdf\">Konfigurowanie IDE.<\/a>\u00a0 (<a href=\"https:\/\/box.biaman.pl\/f\/90a1d1933e6348efb234\/?dl=1\">typy danych<\/a>,\u00a0<a href=\"https:\/\/box.biaman.pl\/f\/f1e6f74e375f441a89c3\/?dl=1\">numpy<\/a>).<\/li>\n<li><a href=\"https:\/\/box.biaman.pl\/f\/4ddfbd5fd9ec4227aa39\/?raw=1&amp;ext=.pdf\">OpenCV &#8211; Wprowadzenie.<\/a><\/li>\n<li><a href=\"https:\/\/box.biaman.pl\/f\/99d913a22f5c4ddab552\/?raw=1&amp;ext=.pdf\">OpenCV &#8211; Klasyfikacja I.<\/a><\/li>\n<li><a href=\"https:\/\/box.biaman.pl\/f\/e2b764809a9c4418902b\/?raw=1&amp;ext=.pdf\">OpenCV &#8211; Klsyfikacja AI. <\/a>\u00a0 <a href=\"https:\/\/box.biaman.pl\/f\/dbea04cb8aa74600a785\/?dl=1\">Skrypty Pythona.<\/a><\/li>\n<\/ul>\n<p>Materia\u0142y z warsztat\u00f3w AI:<\/p>\n<ul>\n<li><a class=\"zip\" title=\"pobierz plik\" href=\"https:\/\/we.pb.edu.pl\/kfeits\/wp-content\/uploads\/sites\/5\/2025\/05\/AI-2.zip\" data-id=\"5846\">AI (ZIP, 139 KB)<\/a><\/li>\n<\/ul>\n","protected":false},"excerpt":{"rendered":"<p>&nbsp; Materia\u0142y do warsztat\u00f3w z FreeRTOS: lcd_hd44780_lib.c,\u00a0lcd_hd44780_lib.h event_goupe.zip Materia\u0142y z warsztat\u00f3w &#8222;OpenCV. Przetwarzanie obraz\u00f3w z<a class=\"read-more\" href=\"https:\/\/we.pb.edu.pl\/kfeits\/w-sieci-rzeczy\/warsztaty\/\" title=\"Poka\u017c artyku\u0142 Warsztaty\">wi\u0119cej<\/a><\/p>\n","protected":false},"author":20,"featured_media":0,"parent":788,"menu_order":0,"comment_status":"closed","ping_status":"closed","template":"","meta":{"inline_featured_image":false,"ngg_post_thumbnail":0,"footnotes":""},"class_list":["post-4125","page","type-page","status-publish","hentry"],"acf":[],"yoast_head":"<!-- This site is optimized with the Yoast SEO plugin v26.4 - https:\/\/yoast.com\/wordpress\/plugins\/seo\/ -->\n<title>Warsztaty - Katedra Fotoniki, Elektroniki i Techniki \u015awietlnej<\/title>\n<meta name=\"robots\" content=\"index, follow, max-snippet:-1, max-image-preview:large, max-video-preview:-1\" \/>\n<link rel=\"canonical\" href=\"https:\/\/we.pb.edu.pl\/kfeits\/w-sieci-rzeczy\/warsztaty\/\" \/>\n<meta property=\"og:locale\" content=\"pl_PL\" \/>\n<meta property=\"og:type\" content=\"article\" \/>\n<meta property=\"og:title\" content=\"Warsztaty - Katedra Fotoniki, Elektroniki i Techniki \u015awietlnej\" \/>\n<meta property=\"og:description\" content=\"&nbsp; Materia\u0142y do warsztat\u00f3w z FreeRTOS: lcd_hd44780_lib.c,\u00a0lcd_hd44780_lib.h event_goupe.zip Materia\u0142y z warsztat\u00f3w &#8222;OpenCV. Przetwarzanie obraz\u00f3w zwi\u0119cej\" \/>\n<meta property=\"og:url\" content=\"https:\/\/we.pb.edu.pl\/kfeits\/w-sieci-rzeczy\/warsztaty\/\" \/>\n<meta property=\"og:site_name\" content=\"Katedra Fotoniki, Elektroniki i Techniki \u015awietlnej\" \/>\n<meta property=\"article:modified_time\" content=\"2025-11-23T12:36:00+00:00\" \/>\n<meta name=\"twitter:card\" content=\"summary_large_image\" \/>\n<meta name=\"twitter:label1\" content=\"Szacowany czas czytania\" \/>\n\t<meta name=\"twitter:data1\" content=\"1 minuta\" \/>\n<script type=\"application\/ld+json\" class=\"yoast-schema-graph\">{\"@context\":\"https:\/\/schema.org\",\"@graph\":[{\"@type\":\"WebPage\",\"@id\":\"https:\/\/we.pb.edu.pl\/kfeits\/w-sieci-rzeczy\/warsztaty\/\",\"url\":\"https:\/\/we.pb.edu.pl\/kfeits\/w-sieci-rzeczy\/warsztaty\/\",\"name\":\"Warsztaty - Katedra Fotoniki, Elektroniki i Techniki \u015awietlnej\",\"isPartOf\":{\"@id\":\"https:\/\/we.pb.edu.pl\/kfeits\/#website\"},\"datePublished\":\"2023-03-04T10:17:58+00:00\",\"dateModified\":\"2025-11-23T12:36:00+00:00\",\"breadcrumb\":{\"@id\":\"https:\/\/we.pb.edu.pl\/kfeits\/w-sieci-rzeczy\/warsztaty\/#breadcrumb\"},\"inLanguage\":\"pl-PL\",\"potentialAction\":[{\"@type\":\"ReadAction\",\"target\":[\"https:\/\/we.pb.edu.pl\/kfeits\/w-sieci-rzeczy\/warsztaty\/\"]}]},{\"@type\":\"BreadcrumbList\",\"@id\":\"https:\/\/we.pb.edu.pl\/kfeits\/w-sieci-rzeczy\/warsztaty\/#breadcrumb\",\"itemListElement\":[{\"@type\":\"ListItem\",\"position\":1,\"name\":\"Strona g\u0142\u00f3wna\",\"item\":\"https:\/\/we.pb.edu.pl\/kfeits\/\"},{\"@type\":\"ListItem\",\"position\":2,\"name\":\"Ko\u0142o Naukowe System\u00f3w Wbudowanych &#8222;W sieci rzeczy&#8221;\",\"item\":\"https:\/\/we.pb.edu.pl\/kfeits\/w-sieci-rzeczy\/\"},{\"@type\":\"ListItem\",\"position\":3,\"name\":\"Warsztaty\"}]},{\"@type\":\"WebSite\",\"@id\":\"https:\/\/we.pb.edu.pl\/kfeits\/#website\",\"url\":\"https:\/\/we.pb.edu.pl\/kfeits\/\",\"name\":\"Katedra Fotoniki, Elektroniki i Techniki \u015awietlnej\",\"description\":\"\",\"potentialAction\":[{\"@type\":\"SearchAction\",\"target\":{\"@type\":\"EntryPoint\",\"urlTemplate\":\"https:\/\/we.pb.edu.pl\/kfeits\/?s={search_term_string}\"},\"query-input\":{\"@type\":\"PropertyValueSpecification\",\"valueRequired\":true,\"valueName\":\"search_term_string\"}}],\"inLanguage\":\"pl-PL\"}]}<\/script>\n<!-- \/ Yoast SEO plugin. -->","yoast_head_json":{"title":"Warsztaty - Katedra Fotoniki, Elektroniki i Techniki \u015awietlnej","robots":{"index":"index","follow":"follow","max-snippet":"max-snippet:-1","max-image-preview":"max-image-preview:large","max-video-preview":"max-video-preview:-1"},"canonical":"https:\/\/we.pb.edu.pl\/kfeits\/w-sieci-rzeczy\/warsztaty\/","og_locale":"pl_PL","og_type":"article","og_title":"Warsztaty - Katedra Fotoniki, Elektroniki i Techniki \u015awietlnej","og_description":"&nbsp; Materia\u0142y do warsztat\u00f3w z FreeRTOS: lcd_hd44780_lib.c,\u00a0lcd_hd44780_lib.h event_goupe.zip Materia\u0142y z warsztat\u00f3w &#8222;OpenCV. Przetwarzanie obraz\u00f3w zwi\u0119cej","og_url":"https:\/\/we.pb.edu.pl\/kfeits\/w-sieci-rzeczy\/warsztaty\/","og_site_name":"Katedra Fotoniki, Elektroniki i Techniki \u015awietlnej","article_modified_time":"2025-11-23T12:36:00+00:00","twitter_card":"summary_large_image","twitter_misc":{"Szacowany czas czytania":"1 minuta"},"schema":{"@context":"https:\/\/schema.org","@graph":[{"@type":"WebPage","@id":"https:\/\/we.pb.edu.pl\/kfeits\/w-sieci-rzeczy\/warsztaty\/","url":"https:\/\/we.pb.edu.pl\/kfeits\/w-sieci-rzeczy\/warsztaty\/","name":"Warsztaty - Katedra Fotoniki, Elektroniki i Techniki \u015awietlnej","isPartOf":{"@id":"https:\/\/we.pb.edu.pl\/kfeits\/#website"},"datePublished":"2023-03-04T10:17:58+00:00","dateModified":"2025-11-23T12:36:00+00:00","breadcrumb":{"@id":"https:\/\/we.pb.edu.pl\/kfeits\/w-sieci-rzeczy\/warsztaty\/#breadcrumb"},"inLanguage":"pl-PL","potentialAction":[{"@type":"ReadAction","target":["https:\/\/we.pb.edu.pl\/kfeits\/w-sieci-rzeczy\/warsztaty\/"]}]},{"@type":"BreadcrumbList","@id":"https:\/\/we.pb.edu.pl\/kfeits\/w-sieci-rzeczy\/warsztaty\/#breadcrumb","itemListElement":[{"@type":"ListItem","position":1,"name":"Strona g\u0142\u00f3wna","item":"https:\/\/we.pb.edu.pl\/kfeits\/"},{"@type":"ListItem","position":2,"name":"Ko\u0142o Naukowe System\u00f3w Wbudowanych &#8222;W sieci rzeczy&#8221;","item":"https:\/\/we.pb.edu.pl\/kfeits\/w-sieci-rzeczy\/"},{"@type":"ListItem","position":3,"name":"Warsztaty"}]},{"@type":"WebSite","@id":"https:\/\/we.pb.edu.pl\/kfeits\/#website","url":"https:\/\/we.pb.edu.pl\/kfeits\/","name":"Katedra Fotoniki, Elektroniki i Techniki \u015awietlnej","description":"","potentialAction":[{"@type":"SearchAction","target":{"@type":"EntryPoint","urlTemplate":"https:\/\/we.pb.edu.pl\/kfeits\/?s={search_term_string}"},"query-input":{"@type":"PropertyValueSpecification","valueRequired":true,"valueName":"search_term_string"}}],"inLanguage":"pl-PL"}]}},"_links":{"self":[{"href":"https:\/\/we.pb.edu.pl\/kfeits\/wp-json\/wp\/v2\/pages\/4125","targetHints":{"allow":["GET"]}}],"collection":[{"href":"https:\/\/we.pb.edu.pl\/kfeits\/wp-json\/wp\/v2\/pages"}],"about":[{"href":"https:\/\/we.pb.edu.pl\/kfeits\/wp-json\/wp\/v2\/types\/page"}],"author":[{"embeddable":true,"href":"https:\/\/we.pb.edu.pl\/kfeits\/wp-json\/wp\/v2\/users\/20"}],"replies":[{"embeddable":true,"href":"https:\/\/we.pb.edu.pl\/kfeits\/wp-json\/wp\/v2\/comments?post=4125"}],"version-history":[{"count":13,"href":"https:\/\/we.pb.edu.pl\/kfeits\/wp-json\/wp\/v2\/pages\/4125\/revisions"}],"predecessor-version":[{"id":6075,"href":"https:\/\/we.pb.edu.pl\/kfeits\/wp-json\/wp\/v2\/pages\/4125\/revisions\/6075"}],"up":[{"embeddable":true,"href":"https:\/\/we.pb.edu.pl\/kfeits\/wp-json\/wp\/v2\/pages\/788"}],"wp:attachment":[{"href":"https:\/\/we.pb.edu.pl\/kfeits\/wp-json\/wp\/v2\/media?parent=4125"}],"curies":[{"name":"wp","href":"https:\/\/api.w.org\/{rel}","templated":true}]}}