{"id":4112,"date":"2023-03-01T01:24:51","date_gmt":"2023-03-01T00:24:51","guid":{"rendered":"https:\/\/we.pb.edu.pl\/kfeits\/?page_id=4112"},"modified":"2023-03-01T01:24:51","modified_gmt":"2023-03-01T00:24:51","slug":"sist2-old","status":"publish","type":"page","link":"https:\/\/we.pb.edu.pl\/kfeits\/andrzej-zankiewicz\/sist2-old\/","title":{"rendered":"SiST2-old"},"content":{"rendered":"<p><strong>Studia dzienne, EiT TiO, sem. 4<\/strong><\/p>\n<hr \/>\n<p style=\"text-align: left\"><strong>Instrukcje do \u0107wicze\u0144 laboratoryjnych<\/strong><\/p>\n<table style=\"height: 425px;width: 70.2%;border-style: none;border-collapse: collapse\">\n<tbody>\n<tr style=\"border-style: double;height: 43px\">\n<td style=\"border-style: double;width: 8.74%;height: 43px;text-align: center\"><strong><span style=\"font-size: 10pt\">Numer \u0107wiczenia<\/span><\/strong><\/td>\n<td style=\"border-style: double;width: 76.79%;height: 43px;text-align: center\"><strong><span style=\"font-size: 10pt\">Temat<\/span><\/strong><\/td>\n<td style=\"width: 10.75%;height: 43px;text-align: center\"><strong><span style=\"font-size: 10pt\">Instrukcja<\/span><\/strong><\/td>\n<\/tr>\n<tr style=\"border-style: double;height: 45px\">\n<td style=\"border-style: solid;width: 8.74%;height: 22px;text-align: center\"><span style=\"font-size: 10pt\">1.<\/span><\/td>\n<td style=\"border-style: double;width: 76.79%;height: 22px;padding-left: 5px\"><span style=\"font-size: 10pt\">Podstawy obs\u0142ugi i konfiguracji router\u00f3w i prze\u0142\u0105cznik\u00f3w sieciowych.<\/span><\/td>\n<td style=\"width: 10.75%;height: 22px\"><a href=\"https:\/\/box.biaman.pl\/f\/0b86e18649884923a023\/?dl=1\" target=\"_blank\" rel=\"noopener noreferrer\"><img loading=\"lazy\" decoding=\"async\" class=\"aligncenter\" src=\"https:\/\/we.pb.edu.pl\/kfeits\/wp-content\/uploads\/sites\/5\/2020\/03\/pdf.gif\" alt=\"\" width=\"32\" height=\"32\" \/><\/a><\/td>\n<\/tr>\n<tr style=\"border-style: double;height: 45px\">\n<td style=\"border-style: double;width: 8.74%;height: 22px;text-align: center\"><span style=\"font-size: 10pt\">2.<\/span><\/td>\n<td style=\"width: 76.79%;height: 22px;padding-left: 5px\"><span style=\"font-size: 10pt\">Konfiguracja i badanie routingu statycznego w sieci wielosegmentowej.<\/span><\/td>\n<td style=\"border-style: double;width: 10.75%;height: 22px\"><a href=\"https:\/\/box.biaman.pl\/f\/decdebf8af144d9190d7\/?dl=1\" target=\"_blank\" rel=\"noopener noreferrer\"><img loading=\"lazy\" decoding=\"async\" class=\"aligncenter\" src=\"https:\/\/we.pb.edu.pl\/kfeits\/wp-content\/uploads\/sites\/5\/2020\/03\/pdf.gif\" alt=\"\" width=\"32\" height=\"32\" \/><\/a><\/td>\n<\/tr>\n<tr style=\"border-style: double;height: 45px\">\n<td style=\"border-style: double;width: 8.74%;height: 22px;text-align: center\"><span style=\"font-size: 10pt\">3.<\/span><\/td>\n<td style=\"border-style: double;width: 76.79%;height: 22px;padding-left: 5px\"><span style=\"font-size: 10pt\">Konfiguracja i badanie protoko\u0142\u00f3w routingu dynamicznego.<\/span><\/td>\n<td style=\"border-style: double;width: 10.75%;height: 22px\"><a href=\"https:\/\/box.biaman.pl\/f\/bf5edd34d8ac420b9b3d\/?dl=1\" target=\"_blank\" rel=\"noopener noreferrer\"><img loading=\"lazy\" decoding=\"async\" class=\"aligncenter\" src=\"https:\/\/we.pb.edu.pl\/kfeits\/wp-content\/uploads\/sites\/5\/2020\/03\/pdf.gif\" alt=\"\" width=\"32\" height=\"32\" \/><\/a><\/td>\n<\/tr>\n<tr style=\"border-style: double;height: 45px\">\n<td style=\"border-style: double;width: 8.74%;height: 22px;text-align: center\"><span style=\"font-size: 10pt\">4.<\/span><\/td>\n<td style=\"border-style: double;width: 76.79%;height: 22px;padding-left: 5px\"><span style=\"font-size: 10pt\">Konfiguracja i badanie routingu statycznego w sieci Frame-Relay.<\/span><\/td>\n<td style=\"border-style: double;width: 10.75%;height: 22px\"><a href=\"https:\/\/box.biaman.pl\/f\/f9323525bc2a4b2cba6f\/?dl=1\" target=\"_blank\" rel=\"noopener noreferrer\"><img loading=\"lazy\" decoding=\"async\" class=\"aligncenter\" src=\"https:\/\/we.pb.edu.pl\/kfeits\/wp-content\/uploads\/sites\/5\/2020\/03\/pdf.gif\" alt=\"\" width=\"32\" height=\"32\" \/><\/a><\/td>\n<\/tr>\n<tr style=\"border-style: double;height: 45px\">\n<td style=\"border-style: double;width: 8.74%;height: 22px;text-align: center\"><span style=\"font-size: 10pt\">5.<\/span><\/td>\n<td style=\"border-style: double;width: 76.79%;height: 22px;padding-left: 5px\"><span style=\"font-size: 10pt\">Realizacja kontroli ruchu w sieci IP z wykorzystaniem list dost\u0119powych (ACL).<\/span><\/td>\n<td style=\"border-style: double;width: 10.75%;height: 22px\"><a href=\"https:\/\/box.biaman.pl\/f\/f1ac5316b1754957bf89\/?dl=1\" target=\"_blank\" rel=\"noopener noreferrer\"><img loading=\"lazy\" decoding=\"async\" class=\"aligncenter\" src=\"https:\/\/we.pb.edu.pl\/kfeits\/wp-content\/uploads\/sites\/5\/2020\/03\/pdf.gif\" alt=\"\" width=\"32\" height=\"32\" \/><\/a><\/td>\n<\/tr>\n<tr style=\"border-style: double;height: 45px\">\n<td style=\"border-style: double;width: 8.74%;height: 22px;text-align: center\"><span style=\"font-size: 10pt\">6.<\/span><\/td>\n<td style=\"border-style: double;width: 76.79%;height: 22px;padding-left: 5px\"><span style=\"font-size: 10pt\">Realizacja i badanie sieci LAN i VLAN z wykorzystaniem zarz\u0105dzalnych prze\u0142\u0105cznik\u00f3w Ethernet.<\/span><\/td>\n<td style=\"border-style: double;width: 10.75%;height: 22px\"><a href=\"https:\/\/box.biaman.pl\/f\/b0ca339818a046b4b486\/?dl=1\" target=\"_blank\" rel=\"noopener noreferrer\"><img loading=\"lazy\" decoding=\"async\" class=\"aligncenter\" src=\"https:\/\/we.pb.edu.pl\/kfeits\/wp-content\/uploads\/sites\/5\/2020\/03\/pdf.gif\" alt=\"\" width=\"32\" height=\"32\" \/><\/a><\/td>\n<\/tr>\n<tr style=\"border-style: double;height: 45px\">\n<td style=\"border-style: double;width: 8.74%;height: 22px;text-align: center\"><span style=\"font-size: 10pt\">7.<\/span><\/td>\n<td style=\"border-style: double;width: 76.79%;height: 22px;padding-left: 5px\"><span style=\"font-size: 10pt\">Konfiguracja wybranych parametr\u00f3w jako\u015bciowych (QoS) transmisji sieciowej.<\/span><\/td>\n<td style=\"border-style: double;width: 10.75%;height: 22px\"><a href=\"https:\/\/box.biaman.pl\/f\/bf0af95ef6404192a7c1\/?dl=1\" target=\"_blank\" rel=\"noopener noreferrer\"><img loading=\"lazy\" decoding=\"async\" class=\"aligncenter\" src=\"https:\/\/we.pb.edu.pl\/kfeits\/wp-content\/uploads\/sites\/5\/2020\/03\/pdf.gif\" alt=\"\" width=\"32\" height=\"32\" \/><\/a><\/td>\n<\/tr>\n<\/tbody>\n<\/table>\n<p>&nbsp;<\/p>\n","protected":false},"excerpt":{"rendered":"<p>Studia dzienne, EiT TiO, sem. 4 Instrukcje do \u0107wicze\u0144 laboratoryjnych Numer \u0107wiczenia Temat Instrukcja 1.<a class=\"read-more\" href=\"https:\/\/we.pb.edu.pl\/kfeits\/andrzej-zankiewicz\/sist2-old\/\" title=\"Poka\u017c artyku\u0142 SiST2-old\">wi\u0119cej<\/a><\/p>\n","protected":false},"author":24,"featured_media":0,"parent":573,"menu_order":0,"comment_status":"closed","ping_status":"closed","template":"","meta":{"inline_featured_image":false,"ngg_post_thumbnail":0,"footnotes":""},"class_list":["post-4112","page","type-page","status-publish","hentry"],"acf":[],"yoast_head":"<!-- This site is optimized with the Yoast SEO plugin v26.4 - https:\/\/yoast.com\/wordpress\/plugins\/seo\/ -->\n<title>SiST2-old - Katedra Fotoniki, Elektroniki i Techniki \u015awietlnej<\/title>\n<meta name=\"robots\" content=\"index, follow, max-snippet:-1, max-image-preview:large, max-video-preview:-1\" \/>\n<link rel=\"canonical\" href=\"https:\/\/we.pb.edu.pl\/kfeits\/andrzej-zankiewicz\/sist2-old\/\" \/>\n<meta property=\"og:locale\" content=\"pl_PL\" \/>\n<meta property=\"og:type\" content=\"article\" \/>\n<meta property=\"og:title\" content=\"SiST2-old - Katedra Fotoniki, Elektroniki i Techniki \u015awietlnej\" \/>\n<meta property=\"og:description\" content=\"Studia dzienne, EiT TiO, sem. 4 Instrukcje do \u0107wicze\u0144 laboratoryjnych Numer \u0107wiczenia Temat Instrukcja 1.wi\u0119cej\" \/>\n<meta property=\"og:url\" content=\"https:\/\/we.pb.edu.pl\/kfeits\/andrzej-zankiewicz\/sist2-old\/\" \/>\n<meta property=\"og:site_name\" content=\"Katedra Fotoniki, Elektroniki i Techniki \u015awietlnej\" \/>\n<meta property=\"og:image\" content=\"https:\/\/we.pb.edu.pl\/kfeits\/wp-content\/uploads\/sites\/5\/2020\/03\/pdf.gif\" \/>\n<meta name=\"twitter:card\" content=\"summary_large_image\" \/>\n<script type=\"application\/ld+json\" class=\"yoast-schema-graph\">{\"@context\":\"https:\/\/schema.org\",\"@graph\":[{\"@type\":\"WebPage\",\"@id\":\"https:\/\/we.pb.edu.pl\/kfeits\/andrzej-zankiewicz\/sist2-old\/\",\"url\":\"https:\/\/we.pb.edu.pl\/kfeits\/andrzej-zankiewicz\/sist2-old\/\",\"name\":\"SiST2-old - Katedra Fotoniki, Elektroniki i Techniki \u015awietlnej\",\"isPartOf\":{\"@id\":\"https:\/\/we.pb.edu.pl\/kfeits\/#website\"},\"primaryImageOfPage\":{\"@id\":\"https:\/\/we.pb.edu.pl\/kfeits\/andrzej-zankiewicz\/sist2-old\/#primaryimage\"},\"image\":{\"@id\":\"https:\/\/we.pb.edu.pl\/kfeits\/andrzej-zankiewicz\/sist2-old\/#primaryimage\"},\"thumbnailUrl\":\"https:\/\/we.pb.edu.pl\/kfeits\/wp-content\/uploads\/sites\/5\/2020\/03\/pdf.gif\",\"datePublished\":\"2023-03-01T00:24:51+00:00\",\"breadcrumb\":{\"@id\":\"https:\/\/we.pb.edu.pl\/kfeits\/andrzej-zankiewicz\/sist2-old\/#breadcrumb\"},\"inLanguage\":\"pl-PL\",\"potentialAction\":[{\"@type\":\"ReadAction\",\"target\":[\"https:\/\/we.pb.edu.pl\/kfeits\/andrzej-zankiewicz\/sist2-old\/\"]}]},{\"@type\":\"ImageObject\",\"inLanguage\":\"pl-PL\",\"@id\":\"https:\/\/we.pb.edu.pl\/kfeits\/andrzej-zankiewicz\/sist2-old\/#primaryimage\",\"url\":\"https:\/\/we.pb.edu.pl\/kfeits\/wp-content\/uploads\/sites\/5\/2020\/03\/pdf.gif\",\"contentUrl\":\"https:\/\/we.pb.edu.pl\/kfeits\/wp-content\/uploads\/sites\/5\/2020\/03\/pdf.gif\",\"width\":32,\"height\":32},{\"@type\":\"BreadcrumbList\",\"@id\":\"https:\/\/we.pb.edu.pl\/kfeits\/andrzej-zankiewicz\/sist2-old\/#breadcrumb\",\"itemListElement\":[{\"@type\":\"ListItem\",\"position\":1,\"name\":\"Strona g\u0142\u00f3wna\",\"item\":\"https:\/\/we.pb.edu.pl\/kfeits\/\"},{\"@type\":\"ListItem\",\"position\":2,\"name\":\"dr in\u017c. Andrzej Zankiewicz\",\"item\":\"https:\/\/we.pb.edu.pl\/kfeits\/andrzej-zankiewicz\/\"},{\"@type\":\"ListItem\",\"position\":3,\"name\":\"SiST2-old\"}]},{\"@type\":\"WebSite\",\"@id\":\"https:\/\/we.pb.edu.pl\/kfeits\/#website\",\"url\":\"https:\/\/we.pb.edu.pl\/kfeits\/\",\"name\":\"Katedra Fotoniki, Elektroniki i Techniki \u015awietlnej\",\"description\":\"\",\"potentialAction\":[{\"@type\":\"SearchAction\",\"target\":{\"@type\":\"EntryPoint\",\"urlTemplate\":\"https:\/\/we.pb.edu.pl\/kfeits\/?s={search_term_string}\"},\"query-input\":{\"@type\":\"PropertyValueSpecification\",\"valueRequired\":true,\"valueName\":\"search_term_string\"}}],\"inLanguage\":\"pl-PL\"}]}<\/script>\n<!-- \/ Yoast SEO plugin. -->","yoast_head_json":{"title":"SiST2-old - Katedra Fotoniki, Elektroniki i Techniki \u015awietlnej","robots":{"index":"index","follow":"follow","max-snippet":"max-snippet:-1","max-image-preview":"max-image-preview:large","max-video-preview":"max-video-preview:-1"},"canonical":"https:\/\/we.pb.edu.pl\/kfeits\/andrzej-zankiewicz\/sist2-old\/","og_locale":"pl_PL","og_type":"article","og_title":"SiST2-old - Katedra Fotoniki, Elektroniki i Techniki \u015awietlnej","og_description":"Studia dzienne, EiT TiO, sem. 4 Instrukcje do \u0107wicze\u0144 laboratoryjnych Numer \u0107wiczenia Temat Instrukcja 1.wi\u0119cej","og_url":"https:\/\/we.pb.edu.pl\/kfeits\/andrzej-zankiewicz\/sist2-old\/","og_site_name":"Katedra Fotoniki, Elektroniki i Techniki \u015awietlnej","og_image":[{"url":"https:\/\/we.pb.edu.pl\/kfeits\/wp-content\/uploads\/sites\/5\/2020\/03\/pdf.gif","type":"","width":"","height":""}],"twitter_card":"summary_large_image","schema":{"@context":"https:\/\/schema.org","@graph":[{"@type":"WebPage","@id":"https:\/\/we.pb.edu.pl\/kfeits\/andrzej-zankiewicz\/sist2-old\/","url":"https:\/\/we.pb.edu.pl\/kfeits\/andrzej-zankiewicz\/sist2-old\/","name":"SiST2-old - Katedra Fotoniki, Elektroniki i Techniki \u015awietlnej","isPartOf":{"@id":"https:\/\/we.pb.edu.pl\/kfeits\/#website"},"primaryImageOfPage":{"@id":"https:\/\/we.pb.edu.pl\/kfeits\/andrzej-zankiewicz\/sist2-old\/#primaryimage"},"image":{"@id":"https:\/\/we.pb.edu.pl\/kfeits\/andrzej-zankiewicz\/sist2-old\/#primaryimage"},"thumbnailUrl":"https:\/\/we.pb.edu.pl\/kfeits\/wp-content\/uploads\/sites\/5\/2020\/03\/pdf.gif","datePublished":"2023-03-01T00:24:51+00:00","breadcrumb":{"@id":"https:\/\/we.pb.edu.pl\/kfeits\/andrzej-zankiewicz\/sist2-old\/#breadcrumb"},"inLanguage":"pl-PL","potentialAction":[{"@type":"ReadAction","target":["https:\/\/we.pb.edu.pl\/kfeits\/andrzej-zankiewicz\/sist2-old\/"]}]},{"@type":"ImageObject","inLanguage":"pl-PL","@id":"https:\/\/we.pb.edu.pl\/kfeits\/andrzej-zankiewicz\/sist2-old\/#primaryimage","url":"https:\/\/we.pb.edu.pl\/kfeits\/wp-content\/uploads\/sites\/5\/2020\/03\/pdf.gif","contentUrl":"https:\/\/we.pb.edu.pl\/kfeits\/wp-content\/uploads\/sites\/5\/2020\/03\/pdf.gif","width":32,"height":32},{"@type":"BreadcrumbList","@id":"https:\/\/we.pb.edu.pl\/kfeits\/andrzej-zankiewicz\/sist2-old\/#breadcrumb","itemListElement":[{"@type":"ListItem","position":1,"name":"Strona g\u0142\u00f3wna","item":"https:\/\/we.pb.edu.pl\/kfeits\/"},{"@type":"ListItem","position":2,"name":"dr in\u017c. Andrzej Zankiewicz","item":"https:\/\/we.pb.edu.pl\/kfeits\/andrzej-zankiewicz\/"},{"@type":"ListItem","position":3,"name":"SiST2-old"}]},{"@type":"WebSite","@id":"https:\/\/we.pb.edu.pl\/kfeits\/#website","url":"https:\/\/we.pb.edu.pl\/kfeits\/","name":"Katedra Fotoniki, Elektroniki i Techniki \u015awietlnej","description":"","potentialAction":[{"@type":"SearchAction","target":{"@type":"EntryPoint","urlTemplate":"https:\/\/we.pb.edu.pl\/kfeits\/?s={search_term_string}"},"query-input":{"@type":"PropertyValueSpecification","valueRequired":true,"valueName":"search_term_string"}}],"inLanguage":"pl-PL"}]}},"_links":{"self":[{"href":"https:\/\/we.pb.edu.pl\/kfeits\/wp-json\/wp\/v2\/pages\/4112","targetHints":{"allow":["GET"]}}],"collection":[{"href":"https:\/\/we.pb.edu.pl\/kfeits\/wp-json\/wp\/v2\/pages"}],"about":[{"href":"https:\/\/we.pb.edu.pl\/kfeits\/wp-json\/wp\/v2\/types\/page"}],"author":[{"embeddable":true,"href":"https:\/\/we.pb.edu.pl\/kfeits\/wp-json\/wp\/v2\/users\/24"}],"replies":[{"embeddable":true,"href":"https:\/\/we.pb.edu.pl\/kfeits\/wp-json\/wp\/v2\/comments?post=4112"}],"version-history":[{"count":2,"href":"https:\/\/we.pb.edu.pl\/kfeits\/wp-json\/wp\/v2\/pages\/4112\/revisions"}],"predecessor-version":[{"id":4114,"href":"https:\/\/we.pb.edu.pl\/kfeits\/wp-json\/wp\/v2\/pages\/4112\/revisions\/4114"}],"up":[{"embeddable":true,"href":"https:\/\/we.pb.edu.pl\/kfeits\/wp-json\/wp\/v2\/pages\/573"}],"wp:attachment":[{"href":"https:\/\/we.pb.edu.pl\/kfeits\/wp-json\/wp\/v2\/media?parent=4112"}],"curies":[{"name":"wp","href":"https:\/\/api.w.org\/{rel}","templated":true}]}}