{"id":4015,"date":"2022-11-28T14:08:09","date_gmt":"2022-11-28T13:08:09","guid":{"rendered":"https:\/\/we.pb.edu.pl\/kfeits\/?page_id=4015"},"modified":"2025-10-29T12:08:32","modified_gmt":"2025-10-29T11:08:32","slug":"operating-systems-linux-android","status":"publish","type":"page","link":"https:\/\/we.pb.edu.pl\/kfeits\/krzysztof-konopko\/erasmus\/operating-systems-linux-android\/","title":{"rendered":"Operating systems Linux and Android"},"content":{"rendered":"<p><strong>ul. Zwierzyniecka 10, 15-351 Bia\u0142ystok, s. CBD-32<\/strong><\/p>\n<p><span class=\"tlid-translation translation\"><span class=\"\" title=\"\">lecturer<\/span><\/span>: <a href=\"\/kfeits\/krzysztof-konopko\/\">Krzysztof Konopko<\/a><\/p>\n<hr \/>\n<p>Presentations from the lecture:<\/p>\n<ul>\n<li><a href=\"https:\/\/box.biaman.pl\/f\/bb7044b681e247e1ac4b\/?raw=1&amp;ext=.pdf\">Introduction.<\/a><\/li>\n<li><a href=\"https:\/\/box.biaman.pl\/f\/27408f286cf343d99660\/?raw=1&amp;ext=.pdf\">Introduction to Linux.<\/a><\/li>\n<li>Linux shell.<\/li>\n<li>Linux shell scripts.<\/li>\n<li>File system.<\/li>\n<li>Configuration.<\/li>\n<li>GUI.<\/li>\n<li>Android.<\/li>\n<li>Linux applications.<\/li>\n<\/ul>\n","protected":false},"excerpt":{"rendered":"<p>ul. Zwierzyniecka 10, 15-351 Bia\u0142ystok, s. CBD-32 lecturer: Krzysztof Konopko Presentations from the lecture: Introduction.<a class=\"read-more\" href=\"https:\/\/we.pb.edu.pl\/kfeits\/krzysztof-konopko\/erasmus\/operating-systems-linux-android\/\" title=\"Poka\u017c artyku\u0142 Operating systems Linux and Android\">wi\u0119cej<\/a><\/p>\n","protected":false},"author":20,"featured_media":0,"parent":4413,"menu_order":0,"comment_status":"closed","ping_status":"closed","template":"","meta":{"inline_featured_image":false,"ngg_post_thumbnail":0,"footnotes":""},"class_list":["post-4015","page","type-page","status-publish","hentry"],"acf":[],"yoast_head":"<!-- This site is optimized with the Yoast SEO plugin v26.4 - https:\/\/yoast.com\/wordpress\/plugins\/seo\/ -->\n<title>Operating systems Linux and Android - Katedra Fotoniki, Elektroniki i Techniki \u015awietlnej<\/title>\n<meta name=\"robots\" content=\"index, follow, max-snippet:-1, max-image-preview:large, max-video-preview:-1\" \/>\n<link rel=\"canonical\" href=\"https:\/\/we.pb.edu.pl\/kfeits\/krzysztof-konopko\/erasmus\/operating-systems-linux-android\/\" \/>\n<meta property=\"og:locale\" content=\"pl_PL\" \/>\n<meta property=\"og:type\" content=\"article\" \/>\n<meta property=\"og:title\" content=\"Operating systems Linux and Android - Katedra Fotoniki, Elektroniki i Techniki \u015awietlnej\" \/>\n<meta property=\"og:description\" content=\"ul. Zwierzyniecka 10, 15-351 Bia\u0142ystok, s. CBD-32 lecturer: Krzysztof Konopko Presentations from the lecture: Introduction.wi\u0119cej\" \/>\n<meta property=\"og:url\" content=\"https:\/\/we.pb.edu.pl\/kfeits\/krzysztof-konopko\/erasmus\/operating-systems-linux-android\/\" \/>\n<meta property=\"og:site_name\" content=\"Katedra Fotoniki, Elektroniki i Techniki \u015awietlnej\" \/>\n<meta property=\"article:modified_time\" content=\"2025-10-29T11:08:32+00:00\" \/>\n<meta name=\"twitter:card\" content=\"summary_large_image\" \/>\n<meta name=\"twitter:label1\" content=\"Szacowany czas czytania\" \/>\n\t<meta name=\"twitter:data1\" content=\"1 minuta\" \/>\n<script type=\"application\/ld+json\" class=\"yoast-schema-graph\">{\"@context\":\"https:\/\/schema.org\",\"@graph\":[{\"@type\":\"WebPage\",\"@id\":\"https:\/\/we.pb.edu.pl\/kfeits\/krzysztof-konopko\/erasmus\/operating-systems-linux-android\/\",\"url\":\"https:\/\/we.pb.edu.pl\/kfeits\/krzysztof-konopko\/erasmus\/operating-systems-linux-android\/\",\"name\":\"Operating systems Linux and Android - Katedra Fotoniki, Elektroniki i Techniki \u015awietlnej\",\"isPartOf\":{\"@id\":\"https:\/\/we.pb.edu.pl\/kfeits\/#website\"},\"datePublished\":\"2022-11-28T13:08:09+00:00\",\"dateModified\":\"2025-10-29T11:08:32+00:00\",\"breadcrumb\":{\"@id\":\"https:\/\/we.pb.edu.pl\/kfeits\/krzysztof-konopko\/erasmus\/operating-systems-linux-android\/#breadcrumb\"},\"inLanguage\":\"pl-PL\",\"potentialAction\":[{\"@type\":\"ReadAction\",\"target\":[\"https:\/\/we.pb.edu.pl\/kfeits\/krzysztof-konopko\/erasmus\/operating-systems-linux-android\/\"]}]},{\"@type\":\"BreadcrumbList\",\"@id\":\"https:\/\/we.pb.edu.pl\/kfeits\/krzysztof-konopko\/erasmus\/operating-systems-linux-android\/#breadcrumb\",\"itemListElement\":[{\"@type\":\"ListItem\",\"position\":1,\"name\":\"Strona g\u0142\u00f3wna\",\"item\":\"https:\/\/we.pb.edu.pl\/kfeits\/\"},{\"@type\":\"ListItem\",\"position\":2,\"name\":\"dr in\u017c. Krzysztof Konopko\",\"item\":\"https:\/\/we.pb.edu.pl\/kfeits\/krzysztof-konopko\/\"},{\"@type\":\"ListItem\",\"position\":3,\"name\":\"Erasmus\",\"item\":\"https:\/\/we.pb.edu.pl\/kfeits\/krzysztof-konopko\/erasmus\/\"},{\"@type\":\"ListItem\",\"position\":4,\"name\":\"Operating systems Linux and Android\"}]},{\"@type\":\"WebSite\",\"@id\":\"https:\/\/we.pb.edu.pl\/kfeits\/#website\",\"url\":\"https:\/\/we.pb.edu.pl\/kfeits\/\",\"name\":\"Katedra Fotoniki, Elektroniki i Techniki \u015awietlnej\",\"description\":\"\",\"potentialAction\":[{\"@type\":\"SearchAction\",\"target\":{\"@type\":\"EntryPoint\",\"urlTemplate\":\"https:\/\/we.pb.edu.pl\/kfeits\/?s={search_term_string}\"},\"query-input\":{\"@type\":\"PropertyValueSpecification\",\"valueRequired\":true,\"valueName\":\"search_term_string\"}}],\"inLanguage\":\"pl-PL\"}]}<\/script>\n<!-- \/ Yoast SEO plugin. -->","yoast_head_json":{"title":"Operating systems Linux and Android - Katedra Fotoniki, Elektroniki i Techniki \u015awietlnej","robots":{"index":"index","follow":"follow","max-snippet":"max-snippet:-1","max-image-preview":"max-image-preview:large","max-video-preview":"max-video-preview:-1"},"canonical":"https:\/\/we.pb.edu.pl\/kfeits\/krzysztof-konopko\/erasmus\/operating-systems-linux-android\/","og_locale":"pl_PL","og_type":"article","og_title":"Operating systems Linux and Android - Katedra Fotoniki, Elektroniki i Techniki \u015awietlnej","og_description":"ul. Zwierzyniecka 10, 15-351 Bia\u0142ystok, s. CBD-32 lecturer: Krzysztof Konopko Presentations from the lecture: Introduction.wi\u0119cej","og_url":"https:\/\/we.pb.edu.pl\/kfeits\/krzysztof-konopko\/erasmus\/operating-systems-linux-android\/","og_site_name":"Katedra Fotoniki, Elektroniki i Techniki \u015awietlnej","article_modified_time":"2025-10-29T11:08:32+00:00","twitter_card":"summary_large_image","twitter_misc":{"Szacowany czas czytania":"1 minuta"},"schema":{"@context":"https:\/\/schema.org","@graph":[{"@type":"WebPage","@id":"https:\/\/we.pb.edu.pl\/kfeits\/krzysztof-konopko\/erasmus\/operating-systems-linux-android\/","url":"https:\/\/we.pb.edu.pl\/kfeits\/krzysztof-konopko\/erasmus\/operating-systems-linux-android\/","name":"Operating systems Linux and Android - Katedra Fotoniki, Elektroniki i Techniki \u015awietlnej","isPartOf":{"@id":"https:\/\/we.pb.edu.pl\/kfeits\/#website"},"datePublished":"2022-11-28T13:08:09+00:00","dateModified":"2025-10-29T11:08:32+00:00","breadcrumb":{"@id":"https:\/\/we.pb.edu.pl\/kfeits\/krzysztof-konopko\/erasmus\/operating-systems-linux-android\/#breadcrumb"},"inLanguage":"pl-PL","potentialAction":[{"@type":"ReadAction","target":["https:\/\/we.pb.edu.pl\/kfeits\/krzysztof-konopko\/erasmus\/operating-systems-linux-android\/"]}]},{"@type":"BreadcrumbList","@id":"https:\/\/we.pb.edu.pl\/kfeits\/krzysztof-konopko\/erasmus\/operating-systems-linux-android\/#breadcrumb","itemListElement":[{"@type":"ListItem","position":1,"name":"Strona g\u0142\u00f3wna","item":"https:\/\/we.pb.edu.pl\/kfeits\/"},{"@type":"ListItem","position":2,"name":"dr in\u017c. Krzysztof Konopko","item":"https:\/\/we.pb.edu.pl\/kfeits\/krzysztof-konopko\/"},{"@type":"ListItem","position":3,"name":"Erasmus","item":"https:\/\/we.pb.edu.pl\/kfeits\/krzysztof-konopko\/erasmus\/"},{"@type":"ListItem","position":4,"name":"Operating systems Linux and Android"}]},{"@type":"WebSite","@id":"https:\/\/we.pb.edu.pl\/kfeits\/#website","url":"https:\/\/we.pb.edu.pl\/kfeits\/","name":"Katedra Fotoniki, Elektroniki i Techniki \u015awietlnej","description":"","potentialAction":[{"@type":"SearchAction","target":{"@type":"EntryPoint","urlTemplate":"https:\/\/we.pb.edu.pl\/kfeits\/?s={search_term_string}"},"query-input":{"@type":"PropertyValueSpecification","valueRequired":true,"valueName":"search_term_string"}}],"inLanguage":"pl-PL"}]}},"_links":{"self":[{"href":"https:\/\/we.pb.edu.pl\/kfeits\/wp-json\/wp\/v2\/pages\/4015","targetHints":{"allow":["GET"]}}],"collection":[{"href":"https:\/\/we.pb.edu.pl\/kfeits\/wp-json\/wp\/v2\/pages"}],"about":[{"href":"https:\/\/we.pb.edu.pl\/kfeits\/wp-json\/wp\/v2\/types\/page"}],"author":[{"embeddable":true,"href":"https:\/\/we.pb.edu.pl\/kfeits\/wp-json\/wp\/v2\/users\/20"}],"replies":[{"embeddable":true,"href":"https:\/\/we.pb.edu.pl\/kfeits\/wp-json\/wp\/v2\/comments?post=4015"}],"version-history":[{"count":16,"href":"https:\/\/we.pb.edu.pl\/kfeits\/wp-json\/wp\/v2\/pages\/4015\/revisions"}],"predecessor-version":[{"id":5986,"href":"https:\/\/we.pb.edu.pl\/kfeits\/wp-json\/wp\/v2\/pages\/4015\/revisions\/5986"}],"up":[{"embeddable":true,"href":"https:\/\/we.pb.edu.pl\/kfeits\/wp-json\/wp\/v2\/pages\/4413"}],"wp:attachment":[{"href":"https:\/\/we.pb.edu.pl\/kfeits\/wp-json\/wp\/v2\/media?parent=4015"}],"curies":[{"name":"wp","href":"https:\/\/api.w.org\/{rel}","templated":true}]}}