{"id":3576,"date":"2022-03-15T17:21:04","date_gmt":"2022-03-15T16:21:04","guid":{"rendered":"https:\/\/we.pb.edu.pl\/kfeits\/?page_id=3576"},"modified":"2024-05-26T13:59:11","modified_gmt":"2024-05-26T11:59:11","slug":"tz2e200034-nwkpst","status":"publish","type":"page","link":"https:\/\/we.pb.edu.pl\/kfeits\/tz2e200034-nwkpst\/","title":{"rendered":"TZ2E200034 Narz\u0119dzia wspomaganego komputerowo projektowania sieci telekomunikacyjnych"},"content":{"rendered":"<p>TZ2E200034<\/p>\n<p>Narz\u0119dzia wspomaganego komputerowo projektowania sieci telekomunikacyjnych (NWKPST)<\/p>\n<p>Wyk\u0142ad\u00a0 10h, pracownia &#8211; 20 h<\/p>\n<p>Zaj\u0119cia na studiach niestacjonarnych<\/p>\n<p>&nbsp;<\/p>\n<p>Zaj\u0119cia odbywaj\u0105 si\u0119 w w trakcie zjazd\u00f3w studi\u00f3w zaocznych w niedziele w godz. 11.40-14.15, sala WE-101:<\/p>\n<p>&nbsp;<\/p>\n<p>Materia\u0142y pomocnicze do wyk\u0142adu<\/p>\n<ol>\n<li><a href=\"https:\/\/box.biaman.pl\/f\/7c48b3563aa444e384ec\/?dl=1\">Zagadnienia prawne<\/a><\/li>\n<li><a href=\"https:\/\/box.biaman.pl\/f\/c8980e203ca746c78ac3\/?dl=1\">Elementy kartografii<\/a><\/li>\n<li><a href=\"https:\/\/box.biaman.pl\/f\/9eb00dbb83854e618b43\/?dl=1\">Systemy GNSS<\/a><\/li>\n<li><a href=\"https:\/\/box.biaman.pl\/f\/3515e403f20e475192cf\/?dl=1\">Podstawowe zasady projektowe<\/a><\/li>\n<li>Zaliczenie wyk\u0142adu: 8 czerwca 2024, godz. 11.40<\/li>\n<\/ol>\n<p><a href=\"https:\/\/box.biaman.pl\/f\/5e2d0065104c4d73b934\/?dl=1\">Prawo Budowlane<\/a><\/p>\n<p><a href=\"https:\/\/box.biaman.pl\/f\/d237eb881586489b840a\/?dl=1\">Prawo Telekomunikacyjne<\/a><\/p>\n<p><a href=\"https:\/\/box.biaman.pl\/f\/6f3da40c4a634091b258\/\">Wykaz norm &#8211; PIIB wiosna 2022<\/a><\/p>\n<p><a href=\"https:\/\/box.biaman.pl\/f\/800d07d91b784c82af14\/\">Wykaz akt\u00f3w prawnych &#8211; PIIB wiosna 2022<\/a><\/p>\n<p>&nbsp;<\/p>\n<p><strong>Materia\u0142y pomocnicze do pracowni<\/strong><\/p>\n<ol>\n<li><a href=\"https:\/\/box.biaman.pl\/f\/300c580779dd4a9a8030\/\">Materia\u0142y Commscope dotycz\u0105ce linii radiowych\u00a0<\/a><\/li>\n<li><a href=\"https:\/\/box.biaman.pl\/f\/b8e51868dda64a13ae07\/\">Katalog Anten Andrew<\/a><\/li>\n<li><a href=\"https:\/\/box.biaman.pl\/f\/c7ef742fbb1442e0925f\/\">Katalog anten Nera<\/a><\/li>\n<li><a href=\"https:\/\/box.biaman.pl\/f\/3a15dc19089e4efdadb4\/\">Katalog RFS<\/a><\/li>\n<\/ol>\n<p>&nbsp;<\/p>\n<p>&nbsp;<\/p>\n","protected":false},"excerpt":{"rendered":"<p>TZ2E200034 Narz\u0119dzia wspomaganego komputerowo projektowania sieci telekomunikacyjnych (NWKPST) Wyk\u0142ad\u00a0 10h, pracownia &#8211; 20 h Zaj\u0119cia<a class=\"read-more\" href=\"https:\/\/we.pb.edu.pl\/kfeits\/tz2e200034-nwkpst\/\" title=\"Poka\u017c artyku\u0142 TZ2E200034 Narz\u0119dzia wspomaganego komputerowo projektowania sieci telekomunikacyjnych\">wi\u0119cej<\/a><\/p>\n","protected":false},"author":21,"featured_media":0,"parent":0,"menu_order":0,"comment_status":"closed","ping_status":"closed","template":"","meta":{"inline_featured_image":false,"ngg_post_thumbnail":0,"footnotes":""},"class_list":["post-3576","page","type-page","status-publish","hentry"],"acf":[],"yoast_head":"<!-- This site is optimized with the Yoast SEO plugin v26.4 - https:\/\/yoast.com\/wordpress\/plugins\/seo\/ -->\n<title>TZ2E200034 Narz\u0119dzia wspomaganego komputerowo projektowania sieci telekomunikacyjnych - Katedra Fotoniki, Elektroniki i Techniki \u015awietlnej<\/title>\n<meta name=\"robots\" content=\"index, follow, max-snippet:-1, max-image-preview:large, max-video-preview:-1\" \/>\n<link rel=\"canonical\" href=\"https:\/\/we.pb.edu.pl\/kfeits\/tz2e200034-nwkpst\/\" \/>\n<meta property=\"og:locale\" content=\"pl_PL\" \/>\n<meta property=\"og:type\" content=\"article\" \/>\n<meta property=\"og:title\" content=\"TZ2E200034 Narz\u0119dzia wspomaganego komputerowo projektowania sieci telekomunikacyjnych - Katedra Fotoniki, Elektroniki i Techniki \u015awietlnej\" \/>\n<meta property=\"og:description\" content=\"TZ2E200034 Narz\u0119dzia wspomaganego komputerowo projektowania sieci telekomunikacyjnych (NWKPST) Wyk\u0142ad\u00a0 10h, pracownia &#8211; 20 h Zaj\u0119ciawi\u0119cej\" \/>\n<meta property=\"og:url\" content=\"https:\/\/we.pb.edu.pl\/kfeits\/tz2e200034-nwkpst\/\" \/>\n<meta property=\"og:site_name\" content=\"Katedra Fotoniki, Elektroniki i Techniki \u015awietlnej\" \/>\n<meta property=\"article:modified_time\" content=\"2024-05-26T11:59:11+00:00\" \/>\n<meta name=\"twitter:card\" content=\"summary_large_image\" \/>\n<meta name=\"twitter:label1\" content=\"Szacowany czas czytania\" \/>\n\t<meta name=\"twitter:data1\" content=\"1 minuta\" \/>\n<script type=\"application\/ld+json\" class=\"yoast-schema-graph\">{\"@context\":\"https:\/\/schema.org\",\"@graph\":[{\"@type\":\"WebPage\",\"@id\":\"https:\/\/we.pb.edu.pl\/kfeits\/tz2e200034-nwkpst\/\",\"url\":\"https:\/\/we.pb.edu.pl\/kfeits\/tz2e200034-nwkpst\/\",\"name\":\"TZ2E200034 Narz\u0119dzia wspomaganego komputerowo projektowania sieci telekomunikacyjnych - Katedra Fotoniki, Elektroniki i Techniki \u015awietlnej\",\"isPartOf\":{\"@id\":\"https:\/\/we.pb.edu.pl\/kfeits\/#website\"},\"datePublished\":\"2022-03-15T16:21:04+00:00\",\"dateModified\":\"2024-05-26T11:59:11+00:00\",\"breadcrumb\":{\"@id\":\"https:\/\/we.pb.edu.pl\/kfeits\/tz2e200034-nwkpst\/#breadcrumb\"},\"inLanguage\":\"pl-PL\",\"potentialAction\":[{\"@type\":\"ReadAction\",\"target\":[\"https:\/\/we.pb.edu.pl\/kfeits\/tz2e200034-nwkpst\/\"]}]},{\"@type\":\"BreadcrumbList\",\"@id\":\"https:\/\/we.pb.edu.pl\/kfeits\/tz2e200034-nwkpst\/#breadcrumb\",\"itemListElement\":[{\"@type\":\"ListItem\",\"position\":1,\"name\":\"Strona g\u0142\u00f3wna\",\"item\":\"https:\/\/we.pb.edu.pl\/kfeits\/\"},{\"@type\":\"ListItem\",\"position\":2,\"name\":\"TZ2E200034 Narz\u0119dzia wspomaganego komputerowo projektowania sieci telekomunikacyjnych\"}]},{\"@type\":\"WebSite\",\"@id\":\"https:\/\/we.pb.edu.pl\/kfeits\/#website\",\"url\":\"https:\/\/we.pb.edu.pl\/kfeits\/\",\"name\":\"Katedra Fotoniki, Elektroniki i Techniki \u015awietlnej\",\"description\":\"\",\"potentialAction\":[{\"@type\":\"SearchAction\",\"target\":{\"@type\":\"EntryPoint\",\"urlTemplate\":\"https:\/\/we.pb.edu.pl\/kfeits\/?s={search_term_string}\"},\"query-input\":{\"@type\":\"PropertyValueSpecification\",\"valueRequired\":true,\"valueName\":\"search_term_string\"}}],\"inLanguage\":\"pl-PL\"}]}<\/script>\n<!-- \/ Yoast SEO plugin. -->","yoast_head_json":{"title":"TZ2E200034 Narz\u0119dzia wspomaganego komputerowo projektowania sieci telekomunikacyjnych - Katedra Fotoniki, Elektroniki i Techniki \u015awietlnej","robots":{"index":"index","follow":"follow","max-snippet":"max-snippet:-1","max-image-preview":"max-image-preview:large","max-video-preview":"max-video-preview:-1"},"canonical":"https:\/\/we.pb.edu.pl\/kfeits\/tz2e200034-nwkpst\/","og_locale":"pl_PL","og_type":"article","og_title":"TZ2E200034 Narz\u0119dzia wspomaganego komputerowo projektowania sieci telekomunikacyjnych - Katedra Fotoniki, Elektroniki i Techniki \u015awietlnej","og_description":"TZ2E200034 Narz\u0119dzia wspomaganego komputerowo projektowania sieci telekomunikacyjnych (NWKPST) Wyk\u0142ad\u00a0 10h, pracownia &#8211; 20 h Zaj\u0119ciawi\u0119cej","og_url":"https:\/\/we.pb.edu.pl\/kfeits\/tz2e200034-nwkpst\/","og_site_name":"Katedra Fotoniki, Elektroniki i Techniki \u015awietlnej","article_modified_time":"2024-05-26T11:59:11+00:00","twitter_card":"summary_large_image","twitter_misc":{"Szacowany czas czytania":"1 minuta"},"schema":{"@context":"https:\/\/schema.org","@graph":[{"@type":"WebPage","@id":"https:\/\/we.pb.edu.pl\/kfeits\/tz2e200034-nwkpst\/","url":"https:\/\/we.pb.edu.pl\/kfeits\/tz2e200034-nwkpst\/","name":"TZ2E200034 Narz\u0119dzia wspomaganego komputerowo projektowania sieci telekomunikacyjnych - Katedra Fotoniki, Elektroniki i Techniki \u015awietlnej","isPartOf":{"@id":"https:\/\/we.pb.edu.pl\/kfeits\/#website"},"datePublished":"2022-03-15T16:21:04+00:00","dateModified":"2024-05-26T11:59:11+00:00","breadcrumb":{"@id":"https:\/\/we.pb.edu.pl\/kfeits\/tz2e200034-nwkpst\/#breadcrumb"},"inLanguage":"pl-PL","potentialAction":[{"@type":"ReadAction","target":["https:\/\/we.pb.edu.pl\/kfeits\/tz2e200034-nwkpst\/"]}]},{"@type":"BreadcrumbList","@id":"https:\/\/we.pb.edu.pl\/kfeits\/tz2e200034-nwkpst\/#breadcrumb","itemListElement":[{"@type":"ListItem","position":1,"name":"Strona g\u0142\u00f3wna","item":"https:\/\/we.pb.edu.pl\/kfeits\/"},{"@type":"ListItem","position":2,"name":"TZ2E200034 Narz\u0119dzia wspomaganego komputerowo projektowania sieci telekomunikacyjnych"}]},{"@type":"WebSite","@id":"https:\/\/we.pb.edu.pl\/kfeits\/#website","url":"https:\/\/we.pb.edu.pl\/kfeits\/","name":"Katedra Fotoniki, Elektroniki i Techniki \u015awietlnej","description":"","potentialAction":[{"@type":"SearchAction","target":{"@type":"EntryPoint","urlTemplate":"https:\/\/we.pb.edu.pl\/kfeits\/?s={search_term_string}"},"query-input":{"@type":"PropertyValueSpecification","valueRequired":true,"valueName":"search_term_string"}}],"inLanguage":"pl-PL"}]}},"_links":{"self":[{"href":"https:\/\/we.pb.edu.pl\/kfeits\/wp-json\/wp\/v2\/pages\/3576","targetHints":{"allow":["GET"]}}],"collection":[{"href":"https:\/\/we.pb.edu.pl\/kfeits\/wp-json\/wp\/v2\/pages"}],"about":[{"href":"https:\/\/we.pb.edu.pl\/kfeits\/wp-json\/wp\/v2\/types\/page"}],"author":[{"embeddable":true,"href":"https:\/\/we.pb.edu.pl\/kfeits\/wp-json\/wp\/v2\/users\/21"}],"replies":[{"embeddable":true,"href":"https:\/\/we.pb.edu.pl\/kfeits\/wp-json\/wp\/v2\/comments?post=3576"}],"version-history":[{"count":8,"href":"https:\/\/we.pb.edu.pl\/kfeits\/wp-json\/wp\/v2\/pages\/3576\/revisions"}],"predecessor-version":[{"id":5075,"href":"https:\/\/we.pb.edu.pl\/kfeits\/wp-json\/wp\/v2\/pages\/3576\/revisions\/5075"}],"wp:attachment":[{"href":"https:\/\/we.pb.edu.pl\/kfeits\/wp-json\/wp\/v2\/media?parent=3576"}],"curies":[{"name":"wp","href":"https:\/\/api.w.org\/{rel}","templated":true}]}}