{"id":3482,"date":"2022-03-02T22:36:42","date_gmt":"2022-03-02T21:36:42","guid":{"rendered":"https:\/\/we.pb.edu.pl\/kfeits\/?page_id=3482"},"modified":"2026-04-24T07:56:32","modified_gmt":"2026-04-24T05:56:32","slug":"telekomunikacja","status":"publish","type":"page","link":"https:\/\/we.pb.edu.pl\/kfeits\/krzysztof-konopko\/air1s\/telekomunikacja\/","title":{"rendered":"Podstawy telekomunikacji"},"content":{"rendered":"<p><strong>ul. Zwierzyniecka 10, 15-351 Bia\u0142ystok, s. CBD-32<\/strong><\/p>\n<p>prowadz\u0105cy: <a href=\"\/kfeits\/krzysztof-konopko\/\">Krzysztof Konopko<\/a>, Mateusz Sumorek<\/p>\n<hr \/>\n<p><strong>Prezentacje z wyk\u0142adu:<\/strong><\/p>\n<ul>\n<li><a href=\"https:\/\/box.biaman.pl\/f\/697bec9b89074e9187e0\/?raw=1&amp;ext=.pdf\">Informacje o przedmiocie.<\/a>\u00a0<a href=\"https:\/\/box.biaman.pl\/f\/ebcec40ea8924dccbfcb\/?raw=1&amp;ext=.pdf\">Modele system\u00f3w telekomunikacyjnych.<\/a><\/li>\n<li><a href=\"https:\/\/box.biaman.pl\/f\/c8d92d8128034c55b272\/?raw=1&amp;ext=.pdf\">Sygna\u0142y deterministyczne<\/a>.\u00a0<a href=\"https:\/\/box.biaman.pl\/f\/c8d92d8128034c55b272\/?raw=1&amp;ext=.pdf\">Sygna\u0142y stochastyczne<\/a>.<\/li>\n<li><a href=\"https:\/\/box.biaman.pl\/f\/3ba3c3ba46784673a174\/?raw=1&amp;ext=.pdf\">Media Transmisyjne. <\/a><\/li>\n<li><a href=\"https:\/\/box.biaman.pl\/f\/bf34b934a589475cb18b\/?raw=1&amp;ext=.pdf\">Modulacje analogowe.<\/a> <a href=\"https:\/\/box.biaman.pl\/f\/679e7ae522ce40a181d0\/?raw=1&amp;ext=.pdf\">Transmisja sygna\u0142\u00f3w analogowych.<\/a><\/li>\n<li>\n<div>Cyfrowa reprezentacja sygna\u0142\u00f3w.<\/div>\n<\/li>\n<li>\n<div>Transmisja sygna\u0142\u00f3w cyfrowych w pa\u015bmie podstawowym.\u00a0Modulacje cyfrowe.<\/div>\n<\/li>\n<li>Telekomutacja. Systemy telekomunikacyjne.<\/li>\n<\/ul>\n<hr \/>\n<p><strong>Instrukcje do \u0107wicze\u0144 laboratoryjnych:<\/strong><\/p>\n<ul>\n<li><a href=\"https:\/\/box.biaman.pl\/f\/ebbb008e046e4667a370\/?raw=1&amp;ext=.pdf\">Sygna\u0142y deterministyczne i stochastyczne.<\/a>\n<ul>\n<li><a href=\"https:\/\/box.biaman.pl\/f\/104a1775a4b54808ba0d\/?dl=1\">syg_rzecz_det.grc,<\/a><\/li>\n<li><a href=\"https:\/\/box.biaman.pl\/f\/2c44fb20fd9c4a5590c9\/?dl=1\">syg_zesp_det.grc,<\/a><\/li>\n<li><a href=\"https:\/\/box.biaman.pl\/f\/78eddad844ae426ea5fe\/?dl=1\">syg_rzecz_los.grc,<\/a><\/li>\n<li><a href=\"https:\/\/box.biaman.pl\/f\/5c8b35b2d33d49a3862f\/?dl=1\">hack_rf_syg.grc.<\/a><\/li>\n<\/ul>\n<\/li>\n<li><a href=\"https:\/\/box.biaman.pl\/f\/9e7e79528cf34d8db743\/?raw=1&amp;ext=.pdf\">Charakterystyki widmowe kana\u0142u telefonicznego.<\/a>\n<ul>\n<li><a href=\"https:\/\/box.biaman.pl\/f\/7799628cf63c439e87f4\/\">char_ampl.grc.<\/a><\/li>\n<li><a href=\"https:\/\/box.biaman.pl\/f\/be2ceb4e81454c88a515\/\">opoznienie.grc,<\/a><\/li>\n<li><a href=\"https:\/\/box.biaman.pl\/f\/837953436f5b4b60905d\/\">char_faz.grc.<\/a><\/li>\n<\/ul>\n<\/li>\n<li><a href=\"https:\/\/box.biaman.pl\/f\/baaa8eb2420f4658b8dd\/?raw=1&amp;ext=.pdf\">PCM &#8211; pr\u00f3bkowanie i kwantyzacja sygna\u0142\u00f3w analogowych.<\/a>\n<ul>\n<li><a href=\"https:\/\/box.biaman.pl\/f\/0ab80671c1814534903d\/\">sampler.grc<\/a><\/li>\n<li><a href=\"https:\/\/box.biaman.pl\/f\/67659d3bf0ad48dfafb8\/\">kwantyzator.grc<\/a><\/li>\n<\/ul>\n<\/li>\n<li><a href=\"https:\/\/box.biaman.pl\/f\/91fb7845adbc46828c1b\/?raw=1&amp;ext=.pdf\">Transmisja sygna\u0142\u00f3w w pa\u015bmie podstawowym &#8211; BER:<\/a>\n<ul>\n<li><a href=\"https:\/\/box.biaman.pl\/f\/f40c1817126b47799632\/\">transmisja.grc,<\/a><\/li>\n<li><a href=\"https:\/\/box.biaman.pl\/f\/ca005b56aeb1496ead1f\/\">transmisja BER.grc.<\/a><\/li>\n<\/ul>\n<\/li>\n<\/ul>\n<ul>\n<li><a href=\"https:\/\/box.biaman.pl\/f\/fd1684aa79d94a5bb00f\/?raw=1&amp;ext=.pdf\">Cyfrowa transmisja pasmowa.<\/a>\n<ul>\n<li><a href=\"https:\/\/box.biaman.pl\/f\/953effdba09e4081b0b3\/\">modulacje_cyfrowe.grc,<\/a><\/li>\n<li><a href=\"https:\/\/box.biaman.pl\/f\/889ad32718dd4948952f\/\">modulacje_cyfrowe_BER.grc.<\/a><\/li>\n<li><a href=\"https:\/\/box.biaman.pl\/f\/b3d9a3c7ed8c49b683b9\/?raw=1&amp;ext=.txt\">konstelacje<\/a><\/li>\n<\/ul>\n<\/li>\n<\/ul>\n<hr \/>\n<hr \/>\n<p><strong>Materia\u0142y dodatkowe:<\/strong><\/p>\n<ul>\n<li><a href=\"https:\/\/box.biaman.pl\/f\/dc77c72bec194da7ac2e\/?raw=1&amp;ext=.pdf\">Wprowadzenie do programu GNURadio.<\/a><\/li>\n<\/ul>\n<hr \/>\n<p><strong>Literatura:<\/strong><\/p>\n<ul>\n<li>Richard Read, <em>Telekomunikacja<\/em>, Wydawnictwa Komunikacji i \u0141\u0105czno\u015bci, Warszawa 2004<\/li>\n<li>Simon Haykin, <em>Systemy telekomunikacyjne<\/em>, Wydawnictwa Komunikacji i \u0141\u0105czno\u015bci, Warszawa 2004<\/li>\n<li>Krzysztof Weso\u0142owski, <em>Podstawy cyfrowych system\u00f3w telekomunikacyjnych<\/em>, Wydawnictwa Komunikacji i \u0141\u0105czno\u015bci, Warszawa 2003<\/li>\n<\/ul>\n","protected":false},"excerpt":{"rendered":"<p>ul. Zwierzyniecka 10, 15-351 Bia\u0142ystok, s. CBD-32 prowadz\u0105cy: Krzysztof Konopko, Mateusz Sumorek Prezentacje z wyk\u0142adu:<a class=\"read-more\" href=\"https:\/\/we.pb.edu.pl\/kfeits\/krzysztof-konopko\/air1s\/telekomunikacja\/\" title=\"Poka\u017c artyku\u0142 Podstawy telekomunikacji\">wi\u0119cej<\/a><\/p>\n","protected":false},"author":20,"featured_media":0,"parent":4405,"menu_order":0,"comment_status":"closed","ping_status":"closed","template":"","meta":{"inline_featured_image":false,"ngg_post_thumbnail":0,"footnotes":""},"class_list":["post-3482","page","type-page","status-publish","hentry"],"acf":[],"yoast_head":"<!-- This site is optimized with the Yoast SEO plugin v26.4 - https:\/\/yoast.com\/wordpress\/plugins\/seo\/ -->\n<title>Podstawy telekomunikacji - Katedra Fotoniki, Elektroniki i Techniki \u015awietlnej<\/title>\n<meta name=\"robots\" content=\"index, follow, max-snippet:-1, max-image-preview:large, max-video-preview:-1\" \/>\n<link rel=\"canonical\" href=\"https:\/\/we.pb.edu.pl\/kfeits\/krzysztof-konopko\/air1s\/telekomunikacja\/\" \/>\n<meta property=\"og:locale\" content=\"pl_PL\" \/>\n<meta property=\"og:type\" content=\"article\" \/>\n<meta property=\"og:title\" content=\"Podstawy telekomunikacji - Katedra Fotoniki, Elektroniki i Techniki \u015awietlnej\" \/>\n<meta property=\"og:description\" content=\"ul. Zwierzyniecka 10, 15-351 Bia\u0142ystok, s. CBD-32 prowadz\u0105cy: Krzysztof Konopko, Mateusz Sumorek Prezentacje z wyk\u0142adu:wi\u0119cej\" \/>\n<meta property=\"og:url\" content=\"https:\/\/we.pb.edu.pl\/kfeits\/krzysztof-konopko\/air1s\/telekomunikacja\/\" \/>\n<meta property=\"og:site_name\" content=\"Katedra Fotoniki, Elektroniki i Techniki \u015awietlnej\" \/>\n<meta property=\"article:modified_time\" content=\"2026-04-24T05:56:32+00:00\" \/>\n<meta name=\"twitter:card\" content=\"summary_large_image\" \/>\n<meta name=\"twitter:label1\" content=\"Szacowany czas czytania\" \/>\n\t<meta name=\"twitter:data1\" content=\"1 minuta\" \/>\n<script type=\"application\/ld+json\" class=\"yoast-schema-graph\">{\"@context\":\"https:\/\/schema.org\",\"@graph\":[{\"@type\":\"WebPage\",\"@id\":\"https:\/\/we.pb.edu.pl\/kfeits\/krzysztof-konopko\/air1s\/telekomunikacja\/\",\"url\":\"https:\/\/we.pb.edu.pl\/kfeits\/krzysztof-konopko\/air1s\/telekomunikacja\/\",\"name\":\"Podstawy telekomunikacji - Katedra Fotoniki, Elektroniki i Techniki \u015awietlnej\",\"isPartOf\":{\"@id\":\"https:\/\/we.pb.edu.pl\/kfeits\/#website\"},\"datePublished\":\"2022-03-02T21:36:42+00:00\",\"dateModified\":\"2026-04-24T05:56:32+00:00\",\"breadcrumb\":{\"@id\":\"https:\/\/we.pb.edu.pl\/kfeits\/krzysztof-konopko\/air1s\/telekomunikacja\/#breadcrumb\"},\"inLanguage\":\"pl-PL\",\"potentialAction\":[{\"@type\":\"ReadAction\",\"target\":[\"https:\/\/we.pb.edu.pl\/kfeits\/krzysztof-konopko\/air1s\/telekomunikacja\/\"]}]},{\"@type\":\"BreadcrumbList\",\"@id\":\"https:\/\/we.pb.edu.pl\/kfeits\/krzysztof-konopko\/air1s\/telekomunikacja\/#breadcrumb\",\"itemListElement\":[{\"@type\":\"ListItem\",\"position\":1,\"name\":\"Strona g\u0142\u00f3wna\",\"item\":\"https:\/\/we.pb.edu.pl\/kfeits\/\"},{\"@type\":\"ListItem\",\"position\":2,\"name\":\"dr in\u017c. Krzysztof Konopko\",\"item\":\"https:\/\/we.pb.edu.pl\/kfeits\/krzysztof-konopko\/\"},{\"@type\":\"ListItem\",\"position\":3,\"name\":\"AiR1S\",\"item\":\"https:\/\/we.pb.edu.pl\/kfeits\/krzysztof-konopko\/air1s\/\"},{\"@type\":\"ListItem\",\"position\":4,\"name\":\"Podstawy telekomunikacji\"}]},{\"@type\":\"WebSite\",\"@id\":\"https:\/\/we.pb.edu.pl\/kfeits\/#website\",\"url\":\"https:\/\/we.pb.edu.pl\/kfeits\/\",\"name\":\"Katedra Fotoniki, Elektroniki i Techniki \u015awietlnej\",\"description\":\"\",\"potentialAction\":[{\"@type\":\"SearchAction\",\"target\":{\"@type\":\"EntryPoint\",\"urlTemplate\":\"https:\/\/we.pb.edu.pl\/kfeits\/?s={search_term_string}\"},\"query-input\":{\"@type\":\"PropertyValueSpecification\",\"valueRequired\":true,\"valueName\":\"search_term_string\"}}],\"inLanguage\":\"pl-PL\"}]}<\/script>\n<!-- \/ Yoast SEO plugin. -->","yoast_head_json":{"title":"Podstawy telekomunikacji - Katedra Fotoniki, Elektroniki i Techniki \u015awietlnej","robots":{"index":"index","follow":"follow","max-snippet":"max-snippet:-1","max-image-preview":"max-image-preview:large","max-video-preview":"max-video-preview:-1"},"canonical":"https:\/\/we.pb.edu.pl\/kfeits\/krzysztof-konopko\/air1s\/telekomunikacja\/","og_locale":"pl_PL","og_type":"article","og_title":"Podstawy telekomunikacji - Katedra Fotoniki, Elektroniki i Techniki \u015awietlnej","og_description":"ul. Zwierzyniecka 10, 15-351 Bia\u0142ystok, s. CBD-32 prowadz\u0105cy: Krzysztof Konopko, Mateusz Sumorek Prezentacje z wyk\u0142adu:wi\u0119cej","og_url":"https:\/\/we.pb.edu.pl\/kfeits\/krzysztof-konopko\/air1s\/telekomunikacja\/","og_site_name":"Katedra Fotoniki, Elektroniki i Techniki \u015awietlnej","article_modified_time":"2026-04-24T05:56:32+00:00","twitter_card":"summary_large_image","twitter_misc":{"Szacowany czas czytania":"1 minuta"},"schema":{"@context":"https:\/\/schema.org","@graph":[{"@type":"WebPage","@id":"https:\/\/we.pb.edu.pl\/kfeits\/krzysztof-konopko\/air1s\/telekomunikacja\/","url":"https:\/\/we.pb.edu.pl\/kfeits\/krzysztof-konopko\/air1s\/telekomunikacja\/","name":"Podstawy telekomunikacji - Katedra Fotoniki, Elektroniki i Techniki \u015awietlnej","isPartOf":{"@id":"https:\/\/we.pb.edu.pl\/kfeits\/#website"},"datePublished":"2022-03-02T21:36:42+00:00","dateModified":"2026-04-24T05:56:32+00:00","breadcrumb":{"@id":"https:\/\/we.pb.edu.pl\/kfeits\/krzysztof-konopko\/air1s\/telekomunikacja\/#breadcrumb"},"inLanguage":"pl-PL","potentialAction":[{"@type":"ReadAction","target":["https:\/\/we.pb.edu.pl\/kfeits\/krzysztof-konopko\/air1s\/telekomunikacja\/"]}]},{"@type":"BreadcrumbList","@id":"https:\/\/we.pb.edu.pl\/kfeits\/krzysztof-konopko\/air1s\/telekomunikacja\/#breadcrumb","itemListElement":[{"@type":"ListItem","position":1,"name":"Strona g\u0142\u00f3wna","item":"https:\/\/we.pb.edu.pl\/kfeits\/"},{"@type":"ListItem","position":2,"name":"dr in\u017c. Krzysztof Konopko","item":"https:\/\/we.pb.edu.pl\/kfeits\/krzysztof-konopko\/"},{"@type":"ListItem","position":3,"name":"AiR1S","item":"https:\/\/we.pb.edu.pl\/kfeits\/krzysztof-konopko\/air1s\/"},{"@type":"ListItem","position":4,"name":"Podstawy telekomunikacji"}]},{"@type":"WebSite","@id":"https:\/\/we.pb.edu.pl\/kfeits\/#website","url":"https:\/\/we.pb.edu.pl\/kfeits\/","name":"Katedra Fotoniki, Elektroniki i Techniki \u015awietlnej","description":"","potentialAction":[{"@type":"SearchAction","target":{"@type":"EntryPoint","urlTemplate":"https:\/\/we.pb.edu.pl\/kfeits\/?s={search_term_string}"},"query-input":{"@type":"PropertyValueSpecification","valueRequired":true,"valueName":"search_term_string"}}],"inLanguage":"pl-PL"}]}},"_links":{"self":[{"href":"https:\/\/we.pb.edu.pl\/kfeits\/wp-json\/wp\/v2\/pages\/3482","targetHints":{"allow":["GET"]}}],"collection":[{"href":"https:\/\/we.pb.edu.pl\/kfeits\/wp-json\/wp\/v2\/pages"}],"about":[{"href":"https:\/\/we.pb.edu.pl\/kfeits\/wp-json\/wp\/v2\/types\/page"}],"author":[{"embeddable":true,"href":"https:\/\/we.pb.edu.pl\/kfeits\/wp-json\/wp\/v2\/users\/20"}],"replies":[{"embeddable":true,"href":"https:\/\/we.pb.edu.pl\/kfeits\/wp-json\/wp\/v2\/comments?post=3482"}],"version-history":[{"count":35,"href":"https:\/\/we.pb.edu.pl\/kfeits\/wp-json\/wp\/v2\/pages\/3482\/revisions"}],"predecessor-version":[{"id":6397,"href":"https:\/\/we.pb.edu.pl\/kfeits\/wp-json\/wp\/v2\/pages\/3482\/revisions\/6397"}],"up":[{"embeddable":true,"href":"https:\/\/we.pb.edu.pl\/kfeits\/wp-json\/wp\/v2\/pages\/4405"}],"wp:attachment":[{"href":"https:\/\/we.pb.edu.pl\/kfeits\/wp-json\/wp\/v2\/media?parent=3482"}],"curies":[{"name":"wp","href":"https:\/\/api.w.org\/{rel}","templated":true}]}}