{"id":3470,"date":"2022-02-27T19:37:15","date_gmt":"2022-02-27T18:37:15","guid":{"rendered":"https:\/\/we.pb.edu.pl\/kfeits\/?page_id=3470"},"modified":"2023-09-27T19:48:50","modified_gmt":"2023-09-27T17:48:50","slug":"programowanie-aplikacji-mobilnych","status":"publish","type":"page","link":"https:\/\/we.pb.edu.pl\/kfeits\/krzysztof-konopko\/eit2s\/programowanie-aplikacji-mobilnych\/","title":{"rendered":"Programowanie aplikacji mobilnych"},"content":{"rendered":"<p><strong>ul. Zwierzyniecka 10, 15-351 Bia\u0142ystok, s. CBD-32<\/strong><\/p>\n<p>prowadz\u0105cy: <a href=\"https:\/\/we.pb.edu.pl\/kfeits\/krzysztof-konopko\/\">Krzysztof Konopko<\/a><\/p>\n<hr \/>\n<p><strong>Prezentacje z wyk\u0142adu:<\/strong><\/p>\n<ul>\n<li><a href=\"https:\/\/box.biaman.pl\/f\/fe9d3ee822854046bb10\/?raw=1&amp;ext=.pdf\">Wiadomo\u015bci wst\u0119pne.<\/a><\/li>\n<li><a href=\"https:\/\/box.biaman.pl\/f\/022fb61130464397a14b\/?raw=1&amp;ext=.pdf\">Platformy mobilne, wprowadzenie do systemu Android.<\/a><\/li>\n<li><a href=\"https:\/\/box.biaman.pl\/f\/0545b4a9f50442248f90\/?raw=1&amp;ext=.pdf\">XML, Java &#8211; przygotowanie do programowania w systemie Android.<\/a><\/li>\n<li><a href=\"https:\/\/box.biaman.pl\/f\/482d5afab486403d9334\/?raw=1&amp;ext=.pdf\">Zasoby aplikacji.<\/a><\/li>\n<li><a href=\"https:\/\/box.biaman.pl\/f\/beba6c0395be4196a7d2\/?raw=1&amp;ext=.pdf\">Koncepcja interfejsu u\u017cytkownika.<\/a><\/li>\n<li><a href=\"https:\/\/box.biaman.pl\/f\/d7da33ed5a38495c8807\/?raw=1&amp;ext=.pdf\">Intencje.<\/a><\/li>\n<li><a href=\"https:\/\/box.biaman.pl\/f\/8f2ad42ed7b7484c9d39\/?raw=1&amp;ext=.pdf\">Interfejs u\u017cytkownika \u2013 uk\u0142ady.<\/a><\/li>\n<li><a href=\"https:\/\/box.biaman.pl\/f\/0372cd806e754e529cba\/?raw=1&amp;ext=.pdf\">Powiadomienia, dialogi, czujniki.<\/a><\/li>\n<li><a href=\"https:\/\/box.biaman.pl\/f\/7d179b965b7a4fa289d0\/?raw=1&amp;ext=.pdf\">Dostawcy tre\u015bci, us\u0142ugi, multimedia.<\/a><\/li>\n<li><a href=\"https:\/\/box.biaman.pl\/f\/bb58a72bb9ae4a2cb9f6\/?raw=1&amp;ext=.pdf\">Komunikacja sieciowa.<\/a><\/li>\n<\/ul>\n<hr \/>\n<p><strong>Zaj\u0119cia projektowe<\/strong><strong>:<\/strong><\/p>\n<ul>\n<li><a href=\"https:\/\/box.biaman.pl\/f\/e5cb2fd7598848ee9ebc\/?raw=1&amp;ext=.pdf\">Wiadomo\u015bci wst\u0119pne.<\/a><\/li>\n<li><a href=\"https:\/\/box.biaman.pl\/f\/dfabc9c64c454bcda229\/?raw=1&amp;ext=.pdf\">Konfiguracja \u015brodowiska programistycznego Android Studio<\/a>, <a href=\"https:\/\/box.biaman.pl\/f\/4dc9ab44df9a412eb96b\/?raw=1&amp;ext=.pdf\">instrukcja.<\/a><\/li>\n<li><a href=\"https:\/\/box.biaman.pl\/f\/632d85ecf48e4cc5bde1\/?raw=1&amp;ext=.pdf\">Podstawy programowania dla systemu Android: podstawowe komponenty GUI &#8211; kontrolki.<\/a>\n<ul>\n<li><a href=\"https:\/\/box.biaman.pl\/f\/fbd4a1bfc5994d419398\/?dl=1\">link do archiwum z projektem<\/a><\/li>\n<\/ul>\n<\/li>\n<li><a href=\"https:\/\/box.biaman.pl\/f\/10f7ba2bd58944e79025\/?raw=1&amp;ext=.pdf\">Podstawy programowania dla systemu Android: podstawowe komponenty GUI &#8211; uk\u0142ady<\/a>.<\/li>\n<li><a href=\"https:\/\/box.biaman.pl\/f\/13a5bca251c9462288d3\/?raw=1&amp;ext=.pdf\">Podstawy programowania dla systemu Android: podstawowe komponenty GUI &#8211; obs\u0142uga menu.<\/a>\n<ul>\n<li><a href=\"https:\/\/box.biaman.pl\/f\/c1fd95a3d3bb4a87aa60\/\">Menu<\/a><\/li>\n<li><a href=\"https:\/\/box.biaman.pl\/f\/08ae8549d173426793bb\/\">Intencje<\/a><\/li>\n<li><a href=\"https:\/\/box.biaman.pl\/f\/e1f5b9aaaf8049fead16\/\">Bundle<\/a><\/li>\n<\/ul>\n<\/li>\n<li><a href=\"https:\/\/box.biaman.pl\/f\/cb80741a276c4c6aa1b9\/?raw=1&amp;ext=.pdf\">Obs\u0142uga i wykorzystanie czujnik\u00f3w dost\u0119pnych w urz\u0105dzeniach pracuj\u0105cych pod kontrol\u0105 systemu Android.<\/a><\/li>\n<li><a href=\"https:\/\/box.biaman.pl\/f\/d937fd5ac16340c1bae6\/?raw=1&amp;ext=.pdf\">Podstawy programowania dla systemu Android: Services, BroadcastReceivers, Notifications.<\/a>\n<ul>\n<li><a href=\"https:\/\/box.biaman.pl\/f\/7395e1a64f734b5eae96\/?dl=1\">Powiadomienia<\/a><\/li>\n<\/ul>\n<ul>\n<li><a href=\"https:\/\/box.biaman.pl\/f\/8a380e0943294eae9130\/?dl=1\">Uslugi<\/a><\/li>\n<\/ul>\n<\/li>\n<\/ul>\n<hr \/>\n<p><strong>Literatura:<\/strong><\/p>\n<ul>\n<li>Dokumentacja SDK on-line, <a href=\"http:\/\/developer.android.com\">http:\/\/developer.android.com<\/a><\/li>\n<li>Griffiths D., Griffiths D., <em>Android programowanie aplikacji<\/em>, Helion, Gliwice, 2016<\/li>\n<li>P\u0142onkowski M., <em>Android Studio. Tworzenie aplikacji mobilnych<\/em>, Helion, Gliwice, 2017<\/li>\n<li>Zapata Bel\u00e9n C., <em>Android Studio: podstawy: najlepsze IDE dla programist\u00f3w platformy<\/em><br \/>\n<em>Android!<\/em>, Helion, Gliwice, 2016<\/li>\n<li>Strona internetowa Android.com: <a href=\"http:\/\/www.android.com\">http:\/\/www.android.com<\/a><\/li>\n<\/ul>\n","protected":false},"excerpt":{"rendered":"<p>ul. Zwierzyniecka 10, 15-351 Bia\u0142ystok, s. CBD-32 prowadz\u0105cy: Krzysztof Konopko Prezentacje z wyk\u0142adu: Wiadomo\u015bci wst\u0119pne.<a class=\"read-more\" href=\"https:\/\/we.pb.edu.pl\/kfeits\/krzysztof-konopko\/eit2s\/programowanie-aplikacji-mobilnych\/\" title=\"Poka\u017c artyku\u0142 Programowanie aplikacji mobilnych\">wi\u0119cej<\/a><\/p>\n","protected":false},"author":20,"featured_media":0,"parent":4399,"menu_order":0,"comment_status":"closed","ping_status":"closed","template":"","meta":{"inline_featured_image":false,"ngg_post_thumbnail":0,"footnotes":""},"class_list":["post-3470","page","type-page","status-publish","hentry"],"acf":[],"yoast_head":"<!-- This site is optimized with the Yoast SEO plugin v26.4 - https:\/\/yoast.com\/wordpress\/plugins\/seo\/ -->\n<title>Programowanie aplikacji mobilnych - Katedra Fotoniki, Elektroniki i Techniki \u015awietlnej<\/title>\n<meta name=\"robots\" content=\"index, follow, max-snippet:-1, max-image-preview:large, max-video-preview:-1\" \/>\n<link rel=\"canonical\" href=\"https:\/\/we.pb.edu.pl\/kfeits\/krzysztof-konopko\/eit2s\/programowanie-aplikacji-mobilnych\/\" \/>\n<meta property=\"og:locale\" content=\"pl_PL\" \/>\n<meta property=\"og:type\" content=\"article\" \/>\n<meta property=\"og:title\" content=\"Programowanie aplikacji mobilnych - Katedra Fotoniki, Elektroniki i Techniki \u015awietlnej\" \/>\n<meta property=\"og:description\" content=\"ul. Zwierzyniecka 10, 15-351 Bia\u0142ystok, s. CBD-32 prowadz\u0105cy: Krzysztof Konopko Prezentacje z wyk\u0142adu: Wiadomo\u015bci wst\u0119pne.wi\u0119cej\" \/>\n<meta property=\"og:url\" content=\"https:\/\/we.pb.edu.pl\/kfeits\/krzysztof-konopko\/eit2s\/programowanie-aplikacji-mobilnych\/\" \/>\n<meta property=\"og:site_name\" content=\"Katedra Fotoniki, Elektroniki i Techniki \u015awietlnej\" \/>\n<meta property=\"article:modified_time\" content=\"2023-09-27T17:48:50+00:00\" \/>\n<meta name=\"twitter:card\" content=\"summary_large_image\" \/>\n<meta name=\"twitter:label1\" content=\"Szacowany czas czytania\" \/>\n\t<meta name=\"twitter:data1\" content=\"1 minuta\" \/>\n<script type=\"application\/ld+json\" class=\"yoast-schema-graph\">{\"@context\":\"https:\/\/schema.org\",\"@graph\":[{\"@type\":\"WebPage\",\"@id\":\"https:\/\/we.pb.edu.pl\/kfeits\/krzysztof-konopko\/eit2s\/programowanie-aplikacji-mobilnych\/\",\"url\":\"https:\/\/we.pb.edu.pl\/kfeits\/krzysztof-konopko\/eit2s\/programowanie-aplikacji-mobilnych\/\",\"name\":\"Programowanie aplikacji mobilnych - Katedra Fotoniki, Elektroniki i Techniki \u015awietlnej\",\"isPartOf\":{\"@id\":\"https:\/\/we.pb.edu.pl\/kfeits\/#website\"},\"datePublished\":\"2022-02-27T18:37:15+00:00\",\"dateModified\":\"2023-09-27T17:48:50+00:00\",\"breadcrumb\":{\"@id\":\"https:\/\/we.pb.edu.pl\/kfeits\/krzysztof-konopko\/eit2s\/programowanie-aplikacji-mobilnych\/#breadcrumb\"},\"inLanguage\":\"pl-PL\",\"potentialAction\":[{\"@type\":\"ReadAction\",\"target\":[\"https:\/\/we.pb.edu.pl\/kfeits\/krzysztof-konopko\/eit2s\/programowanie-aplikacji-mobilnych\/\"]}]},{\"@type\":\"BreadcrumbList\",\"@id\":\"https:\/\/we.pb.edu.pl\/kfeits\/krzysztof-konopko\/eit2s\/programowanie-aplikacji-mobilnych\/#breadcrumb\",\"itemListElement\":[{\"@type\":\"ListItem\",\"position\":1,\"name\":\"Strona g\u0142\u00f3wna\",\"item\":\"https:\/\/we.pb.edu.pl\/kfeits\/\"},{\"@type\":\"ListItem\",\"position\":2,\"name\":\"dr in\u017c. Krzysztof Konopko\",\"item\":\"https:\/\/we.pb.edu.pl\/kfeits\/krzysztof-konopko\/\"},{\"@type\":\"ListItem\",\"position\":3,\"name\":\"EiT2S\",\"item\":\"https:\/\/we.pb.edu.pl\/kfeits\/krzysztof-konopko\/eit2s\/\"},{\"@type\":\"ListItem\",\"position\":4,\"name\":\"Programowanie aplikacji mobilnych\"}]},{\"@type\":\"WebSite\",\"@id\":\"https:\/\/we.pb.edu.pl\/kfeits\/#website\",\"url\":\"https:\/\/we.pb.edu.pl\/kfeits\/\",\"name\":\"Katedra Fotoniki, Elektroniki i Techniki \u015awietlnej\",\"description\":\"\",\"potentialAction\":[{\"@type\":\"SearchAction\",\"target\":{\"@type\":\"EntryPoint\",\"urlTemplate\":\"https:\/\/we.pb.edu.pl\/kfeits\/?s={search_term_string}\"},\"query-input\":{\"@type\":\"PropertyValueSpecification\",\"valueRequired\":true,\"valueName\":\"search_term_string\"}}],\"inLanguage\":\"pl-PL\"}]}<\/script>\n<!-- \/ Yoast SEO plugin. -->","yoast_head_json":{"title":"Programowanie aplikacji mobilnych - Katedra Fotoniki, Elektroniki i Techniki \u015awietlnej","robots":{"index":"index","follow":"follow","max-snippet":"max-snippet:-1","max-image-preview":"max-image-preview:large","max-video-preview":"max-video-preview:-1"},"canonical":"https:\/\/we.pb.edu.pl\/kfeits\/krzysztof-konopko\/eit2s\/programowanie-aplikacji-mobilnych\/","og_locale":"pl_PL","og_type":"article","og_title":"Programowanie aplikacji mobilnych - Katedra Fotoniki, Elektroniki i Techniki \u015awietlnej","og_description":"ul. Zwierzyniecka 10, 15-351 Bia\u0142ystok, s. CBD-32 prowadz\u0105cy: Krzysztof Konopko Prezentacje z wyk\u0142adu: Wiadomo\u015bci wst\u0119pne.wi\u0119cej","og_url":"https:\/\/we.pb.edu.pl\/kfeits\/krzysztof-konopko\/eit2s\/programowanie-aplikacji-mobilnych\/","og_site_name":"Katedra Fotoniki, Elektroniki i Techniki \u015awietlnej","article_modified_time":"2023-09-27T17:48:50+00:00","twitter_card":"summary_large_image","twitter_misc":{"Szacowany czas czytania":"1 minuta"},"schema":{"@context":"https:\/\/schema.org","@graph":[{"@type":"WebPage","@id":"https:\/\/we.pb.edu.pl\/kfeits\/krzysztof-konopko\/eit2s\/programowanie-aplikacji-mobilnych\/","url":"https:\/\/we.pb.edu.pl\/kfeits\/krzysztof-konopko\/eit2s\/programowanie-aplikacji-mobilnych\/","name":"Programowanie aplikacji mobilnych - Katedra Fotoniki, Elektroniki i Techniki \u015awietlnej","isPartOf":{"@id":"https:\/\/we.pb.edu.pl\/kfeits\/#website"},"datePublished":"2022-02-27T18:37:15+00:00","dateModified":"2023-09-27T17:48:50+00:00","breadcrumb":{"@id":"https:\/\/we.pb.edu.pl\/kfeits\/krzysztof-konopko\/eit2s\/programowanie-aplikacji-mobilnych\/#breadcrumb"},"inLanguage":"pl-PL","potentialAction":[{"@type":"ReadAction","target":["https:\/\/we.pb.edu.pl\/kfeits\/krzysztof-konopko\/eit2s\/programowanie-aplikacji-mobilnych\/"]}]},{"@type":"BreadcrumbList","@id":"https:\/\/we.pb.edu.pl\/kfeits\/krzysztof-konopko\/eit2s\/programowanie-aplikacji-mobilnych\/#breadcrumb","itemListElement":[{"@type":"ListItem","position":1,"name":"Strona g\u0142\u00f3wna","item":"https:\/\/we.pb.edu.pl\/kfeits\/"},{"@type":"ListItem","position":2,"name":"dr in\u017c. Krzysztof Konopko","item":"https:\/\/we.pb.edu.pl\/kfeits\/krzysztof-konopko\/"},{"@type":"ListItem","position":3,"name":"EiT2S","item":"https:\/\/we.pb.edu.pl\/kfeits\/krzysztof-konopko\/eit2s\/"},{"@type":"ListItem","position":4,"name":"Programowanie aplikacji mobilnych"}]},{"@type":"WebSite","@id":"https:\/\/we.pb.edu.pl\/kfeits\/#website","url":"https:\/\/we.pb.edu.pl\/kfeits\/","name":"Katedra Fotoniki, Elektroniki i Techniki \u015awietlnej","description":"","potentialAction":[{"@type":"SearchAction","target":{"@type":"EntryPoint","urlTemplate":"https:\/\/we.pb.edu.pl\/kfeits\/?s={search_term_string}"},"query-input":{"@type":"PropertyValueSpecification","valueRequired":true,"valueName":"search_term_string"}}],"inLanguage":"pl-PL"}]}},"_links":{"self":[{"href":"https:\/\/we.pb.edu.pl\/kfeits\/wp-json\/wp\/v2\/pages\/3470","targetHints":{"allow":["GET"]}}],"collection":[{"href":"https:\/\/we.pb.edu.pl\/kfeits\/wp-json\/wp\/v2\/pages"}],"about":[{"href":"https:\/\/we.pb.edu.pl\/kfeits\/wp-json\/wp\/v2\/types\/page"}],"author":[{"embeddable":true,"href":"https:\/\/we.pb.edu.pl\/kfeits\/wp-json\/wp\/v2\/users\/20"}],"replies":[{"embeddable":true,"href":"https:\/\/we.pb.edu.pl\/kfeits\/wp-json\/wp\/v2\/comments?post=3470"}],"version-history":[{"count":42,"href":"https:\/\/we.pb.edu.pl\/kfeits\/wp-json\/wp\/v2\/pages\/3470\/revisions"}],"predecessor-version":[{"id":4283,"href":"https:\/\/we.pb.edu.pl\/kfeits\/wp-json\/wp\/v2\/pages\/3470\/revisions\/4283"}],"up":[{"embeddable":true,"href":"https:\/\/we.pb.edu.pl\/kfeits\/wp-json\/wp\/v2\/pages\/4399"}],"wp:attachment":[{"href":"https:\/\/we.pb.edu.pl\/kfeits\/wp-json\/wp\/v2\/media?parent=3470"}],"curies":[{"name":"wp","href":"https:\/\/api.w.org\/{rel}","templated":true}]}}