{"id":335,"date":"2018-06-04T11:06:52","date_gmt":"2018-06-04T09:06:52","guid":{"rendered":"https:\/\/we.pb.edu.pl\/ktiae\/?page_id=335"},"modified":"2018-06-04T13:22:44","modified_gmt":"2018-06-04T11:22:44","slug":"zaklocenia-w-ukladach-elektroenergetycznych-studia-stacjonarne","status":"publish","type":"page","link":"https:\/\/we.pb.edu.pl\/kfeits\/dydaktyka\/zaklocenia-w-ukladach-elektroenergetycznych-studia-stacjonarne\/","title":{"rendered":"Zak\u0142\u00f3cenia w Uk\u0142adach Elektroenergetycznych (studia stacjonarne)"},"content":{"rendered":"<h3><span class=\"label label-primary\">laboratorium<\/span><\/h3>\n<span class=\"label label-default\">studia stacjonarne II stopnia, sem. II, Elektrotechnika, 15 godzin<\/span>\n<h3>Tematyka \u0107wicze\u0144 laboratoryjnych<\/h3>\n<ul>\n<li>Wprowadzenie, regulamin la\u00adbo\u00adra\u00adto\u00adrium, za\u00adga\u00addnie\u00adnia BHP \u2013 1&nbsp;godz.<\/li>\n<\/ul>\n<h5>Seria I (WE-346)<\/h5>\n<ol>\n<li>Sprz\u0119\u017cenia mi\u0119dzy uk\u0142a\u00adda\u00admi prze\u00adwo\u00add\u00f3w <span class=\"nr_instrukcji\">(nr in\u00adstruk\u00adcji 1)<\/span> \u2013 2&nbsp;godz.<\/li>\n<li>Badanie w\u0142a\u015bciwo\u015bci och\u00adron\u00adnych od\u00adgrom\u00adni\u00adk\u00f3w ga\u00adzo\u00adwych <span class=\"nr_instrukcji\">(nr in\u00adstruk\u00adcji 4)<\/span> \u2013 2&nbsp;godz.<\/li>\n<li>Elementy i&nbsp;uk\u0142ady do ogra\u00adni\u00adcza\u00adnia prze\u00adpi\u0119\u0107 <span class=\"nr_instrukcji\">(nr in\u00adstruk\u00adcji 5)<\/span> \u2013 2&nbsp;godz.<\/li>\n<\/ol>\n<h5>Seria II (IET-1\/30)<\/h5>\n<ol start=\"4\">\n<li>Generatory udarowe <span class=\"nr_instrukcji\">(nr in\u00adstruk\u00adcji 7)<\/span> \u2013 2&nbsp;godz.<\/li>\n<li>Badanie t\u0142umienia r\u00f3\u017c\u00adne\u00adgo ro\u00addza\u00adju ekra\u00adn\u00f3w <span class=\"nr_instrukcji\">(nr in\u00adstruk\u00adcji 9)<\/span> \u2013 2&nbsp;godz.<\/li>\n<li>Zjawiska falowe w&nbsp;liniach d\u0142ugich <span class=\"nr_instrukcji\">(nr instrukcji 13)<\/span> \u2013 2&nbsp;godz.<\/li>\n<\/ol>\n<ul>\n<li>Zaliczenie ko\u0144\u00adco\u00adwe \u2013 2&nbsp;godz.<\/li>\n<\/ul>\n<h3>Literatura<\/h3>\n<ol>\n<li>Augustyniak L., <i>Laboratorium kom\u00adpa\u00adty\u00adbil\u00adno\u015b\u00adci elek\u00adtro\u00admag\u00adne\u00adtycz\u00adnej<\/i>, Ofi\u00adcy\u00adna Wy\u00addaw\u00adni\u00adcza Po\u00adli\u00adtech\u00adni\u00adki Bia\u00ad\u0142o\u00adstoc\u00adkiej, Bia\u00ad\u0142y\u00adstok 2010.<\/li>\n<li>Charoy A., <i>Zak\u0142\u00f3cenia w urz\u0105dzeniach elek\u00adtro\u00adnicz\u00adnych: za\u00adsa\u00addy i&nbsp;po\u00adra\u00addy in\u00adsta\u00adla\u00adcyj\u00adne;<\/i> tom 1: <i>\u0179r\u00f3d\u00ad\u0142a, sprz\u0119\u00ad\u017ce\u00adnia, skut\u00adki;<\/i> tom 2: <i>Uzie\u00admie\u00adnia, ma\u00adsy, oprze\u00adwo\u00addo\u00adwa\u00adnie;<\/i> tom 3: <i>Ekra\u00adny, fil\u00adtry ka\u00adble i&nbsp;prze\u00adwo\u00addy ekra\u00adno\u00adwa\u00adne;<\/i> tom 4: <i>Za\u00adsi\u00adla\u00adnie, ochro\u00adna od\u00adgro\u00admo\u00adwa, \u015brod\u00adki za\u00adrad\u00adcze<\/i>, WNT, Warszawa, 1999\/2000.<\/li>\n<li>Bem J. D. i in., <i>Im\u00adpul\u00adso\u00adwe na\u00adra\u00ad\u017ce\u00adnia elek\u00adtro\u00admag\u00adne\u00adtycz\u00adne<\/i>, Wy\u00addaw\u00adnic\u00adtwo Po\u00adli\u00adtech\u00adni\u00adki Wroc\u00ad\u0142aw\u00adskiej, Wroc\u00ad\u0142aw 1994.<\/li>\n<li>Sowa A., <i>Kom\u00adplek\u00adso\u00adwa ochro\u00adna od\u00adgro\u00admo\u00adwa i&nbsp;prze\u00adpi\u0119\u00adcio\u00adwa<\/i>, Bi\u00adblio\u00adte\u00adka COSiW SEP, 2005.<\/li>\n<li>Sowa A. W., <i>Ochro\u00adna urz\u0105\u00addze\u0144 oraz sys\u00adte\u00adm\u00f3w elek\u00adtro\u00adnicz\u00adnych przed na\u00adra\u00ad\u017ce\u00adnia\u00admi pio\u00adru\u00adno\u00adwy\u00admi<\/i>, Ofi\u00adcy\u00adna Wy\u00addaw\u00adni\u00adcza Po\u00adli\u00adtech\u00adni\u00adki Bia\u00ad\u0142o\u00adstoc\u00adkiej, Bia\u00ad\u0142y\u00adstok 2011.<\/li>\n<li>Mar\u00adkow\u00adska R., Sowa A., <i>Ogra\u00adni\u00adcza\u00adnie prze\u00adpi\u0119\u0107 w in\u00adsta\u00adla\u00adcjach elek\u00adtrycz\u00adnych w obiek\u00adtach bu\u00addow\u00adla\u00adnych<\/i>, seria: <i>Ze\u00adszy\u00adty dla elek\u00adtry\u00adk\u00f3w \u2013 nr 9<\/i>, Dom Wy\u00addaw\u00adni\u00adczy ME\u00adDIUM, War\u00adsza\u00adwa 2011.<\/li>\n<li>Hasse P., <i>Over\u00advolt\u00adage pro\u00adtec\u00adtion of low volt\u00adage sys\u00adtems<\/i>, The In\u00adsti\u00adtu\u00adtion of Elec\u00adtri\u00adcal En\u00adgi\u00adneers, Lon\u00addon 2004.<\/li>\n<li>Wi\u0119c\u00adkow\u00adski T. W., <i>Ba\u00adda\u00adnia kom\u00adpa\u00adty\u00adbil\u00adno\u00ad\u015bci elek\u00adtro\u00adma\u00adgne\u00adtycz\u00adnej urz\u0105\u00addze\u0144 elek\u00adtrycz\u00adnych i elek\u00adtro\u00adnicz\u00adnych<\/i>, Ofi\u00adcy\u00adna Wy\u00addaw\u00adni\u00adcza Po\u00adli\u00adtech\u00adni\u00adki Wro\u00adc\u0142aw\u00adskiej, Wro\u00adc\u0142aw 2001.<\/li>\n<li>Ott H. W., <i>Elec\u00adtro\u00admag\u00adnetic com\u00adpat\u00adi\u00adbil\u00adity en\u00adgi\u00adneer\u00ading<\/i>, Wiley, Hobo\u00adken 2009.<\/li>\n<li>Ko\u00addali V. P., <i>En\u00adgi\u00adneer\u00ading elec\u00adtro\u00admag\u00adnetic com\u00adpat\u00adi\u00adbil\u00adity: prin\u00adci\u00adples, mea\u00adsure\u00adments, tech\u00adnolo\u00adgies and com\u00adputer mod\u00adels<\/i>, The In\u00adsti\u00adtute of Elec\u00adtri\u00adcal and Elec\u00adtron\u00adics En\u00adgi\u00adneers, New York 2000.<\/li>\n<li>Williams T., <i>EMC for sys\u00adtems and in\u00adstal\u00adla\u00adtions<\/i>, Newnes, Ox\u00adford 2000.<\/li>\n<li>Fli\u00adsow\u00adski Z., <i>Tech\u00adni\u00adka wy\u00adso\u00adkich na\u00adpi\u0119\u0107<\/i>, WNT, War\u00adsza\u00adwa 2009.<\/li>\n<li>Szpor S. i in., <i>Tech\u00adni\u00adka wy\u00adso\u00adkich na\u00adpi\u0119\u0107<\/i>, WNT, War\u00adsza\u00adwa 1967, s. 145.<\/li>\n<\/ol>\n<h3>Instrukcje do \u0107wicze\u0144 laboratoryjnych<\/h3>\n<p><a href=\"https:\/\/box.biaman.pl\/d\/7aba7db768fb4271abfe\/\">Instrukcje<\/a><\/p>\n","protected":false},"excerpt":{"rendered":"<p>Tematyka \u0107wicze\u0144 laboratoryjnych Wprowadzenie, regulamin la\u00adbo\u00adra\u00adto\u00adrium, za\u00adga\u00addnie\u00adnia BHP \u2013 1&nbsp;godz. Seria I (WE-346) Sprz\u0119\u017cenia mi\u0119dzy<a class=\"read-more\" href=\"https:\/\/we.pb.edu.pl\/kfeits\/dydaktyka\/zaklocenia-w-ukladach-elektroenergetycznych-studia-stacjonarne\/\" title=\"Poka\u017c artyku\u0142 Zak\u0142\u00f3cenia w Uk\u0142adach Elektroenergetycznych (studia stacjonarne)\">wi\u0119cej<\/a><\/p>\n","protected":false},"author":9,"featured_media":0,"parent":253,"menu_order":0,"comment_status":"closed","ping_status":"closed","template":"","meta":{"inline_featured_image":false,"ngg_post_thumbnail":0,"footnotes":""},"class_list":["post-335","page","type-page","status-publish","hentry"],"acf":[],"yoast_head":"<!-- This site is optimized with the Yoast SEO plugin v26.4 - https:\/\/yoast.com\/wordpress\/plugins\/seo\/ -->\n<title>Zak\u0142\u00f3cenia w Uk\u0142adach Elektroenergetycznych (studia stacjonarne) - Katedra Fotoniki, Elektroniki i Techniki \u015awietlnej<\/title>\n<meta name=\"robots\" content=\"index, follow, max-snippet:-1, max-image-preview:large, max-video-preview:-1\" \/>\n<link rel=\"canonical\" href=\"https:\/\/we.pb.edu.pl\/kfeits\/dydaktyka\/zaklocenia-w-ukladach-elektroenergetycznych-studia-stacjonarne\/\" \/>\n<meta property=\"og:locale\" content=\"pl_PL\" \/>\n<meta property=\"og:type\" content=\"article\" \/>\n<meta property=\"og:title\" content=\"Zak\u0142\u00f3cenia w Uk\u0142adach Elektroenergetycznych (studia stacjonarne) - Katedra Fotoniki, Elektroniki i Techniki \u015awietlnej\" \/>\n<meta property=\"og:description\" content=\"Tematyka \u0107wicze\u0144 laboratoryjnych Wprowadzenie, regulamin la\u00adbo\u00adra\u00adto\u00adrium, za\u00adga\u00addnie\u00adnia BHP \u2013 1&nbsp;godz. Seria I (WE-346) Sprz\u0119\u017cenia mi\u0119dzywi\u0119cej\" \/>\n<meta property=\"og:url\" content=\"https:\/\/we.pb.edu.pl\/kfeits\/dydaktyka\/zaklocenia-w-ukladach-elektroenergetycznych-studia-stacjonarne\/\" \/>\n<meta property=\"og:site_name\" content=\"Katedra Fotoniki, Elektroniki i Techniki \u015awietlnej\" \/>\n<meta property=\"article:modified_time\" content=\"2018-06-04T11:22:44+00:00\" \/>\n<meta name=\"twitter:card\" content=\"summary_large_image\" \/>\n<meta name=\"twitter:label1\" content=\"Szacowany czas czytania\" \/>\n\t<meta name=\"twitter:data1\" content=\"3 minuty\" \/>\n<script type=\"application\/ld+json\" class=\"yoast-schema-graph\">{\"@context\":\"https:\/\/schema.org\",\"@graph\":[{\"@type\":\"WebPage\",\"@id\":\"https:\/\/we.pb.edu.pl\/kfeits\/dydaktyka\/zaklocenia-w-ukladach-elektroenergetycznych-studia-stacjonarne\/\",\"url\":\"https:\/\/we.pb.edu.pl\/kfeits\/dydaktyka\/zaklocenia-w-ukladach-elektroenergetycznych-studia-stacjonarne\/\",\"name\":\"Zak\u0142\u00f3cenia w Uk\u0142adach Elektroenergetycznych (studia stacjonarne) - Katedra Fotoniki, Elektroniki i Techniki \u015awietlnej\",\"isPartOf\":{\"@id\":\"https:\/\/we.pb.edu.pl\/kfeits\/#website\"},\"datePublished\":\"2018-06-04T09:06:52+00:00\",\"dateModified\":\"2018-06-04T11:22:44+00:00\",\"breadcrumb\":{\"@id\":\"https:\/\/we.pb.edu.pl\/kfeits\/dydaktyka\/zaklocenia-w-ukladach-elektroenergetycznych-studia-stacjonarne\/#breadcrumb\"},\"inLanguage\":\"pl-PL\",\"potentialAction\":[{\"@type\":\"ReadAction\",\"target\":[\"https:\/\/we.pb.edu.pl\/kfeits\/dydaktyka\/zaklocenia-w-ukladach-elektroenergetycznych-studia-stacjonarne\/\"]}]},{\"@type\":\"BreadcrumbList\",\"@id\":\"https:\/\/we.pb.edu.pl\/kfeits\/dydaktyka\/zaklocenia-w-ukladach-elektroenergetycznych-studia-stacjonarne\/#breadcrumb\",\"itemListElement\":[{\"@type\":\"ListItem\",\"position\":1,\"name\":\"Strona g\u0142\u00f3wna\",\"item\":\"https:\/\/we.pb.edu.pl\/kfeits\/\"},{\"@type\":\"ListItem\",\"position\":2,\"name\":\"Dydaktyka\",\"item\":\"https:\/\/we.pb.edu.pl\/kfeits\/dydaktyka\/\"},{\"@type\":\"ListItem\",\"position\":3,\"name\":\"Zak\u0142\u00f3cenia w Uk\u0142adach Elektroenergetycznych (studia stacjonarne)\"}]},{\"@type\":\"WebSite\",\"@id\":\"https:\/\/we.pb.edu.pl\/kfeits\/#website\",\"url\":\"https:\/\/we.pb.edu.pl\/kfeits\/\",\"name\":\"Katedra Fotoniki, Elektroniki i Techniki \u015awietlnej\",\"description\":\"\",\"potentialAction\":[{\"@type\":\"SearchAction\",\"target\":{\"@type\":\"EntryPoint\",\"urlTemplate\":\"https:\/\/we.pb.edu.pl\/kfeits\/?s={search_term_string}\"},\"query-input\":{\"@type\":\"PropertyValueSpecification\",\"valueRequired\":true,\"valueName\":\"search_term_string\"}}],\"inLanguage\":\"pl-PL\"}]}<\/script>\n<!-- \/ Yoast SEO plugin. -->","yoast_head_json":{"title":"Zak\u0142\u00f3cenia w Uk\u0142adach Elektroenergetycznych (studia stacjonarne) - Katedra Fotoniki, Elektroniki i Techniki \u015awietlnej","robots":{"index":"index","follow":"follow","max-snippet":"max-snippet:-1","max-image-preview":"max-image-preview:large","max-video-preview":"max-video-preview:-1"},"canonical":"https:\/\/we.pb.edu.pl\/kfeits\/dydaktyka\/zaklocenia-w-ukladach-elektroenergetycznych-studia-stacjonarne\/","og_locale":"pl_PL","og_type":"article","og_title":"Zak\u0142\u00f3cenia w Uk\u0142adach Elektroenergetycznych (studia stacjonarne) - Katedra Fotoniki, Elektroniki i Techniki \u015awietlnej","og_description":"Tematyka \u0107wicze\u0144 laboratoryjnych Wprowadzenie, regulamin la\u00adbo\u00adra\u00adto\u00adrium, za\u00adga\u00addnie\u00adnia BHP \u2013 1&nbsp;godz. Seria I (WE-346) Sprz\u0119\u017cenia mi\u0119dzywi\u0119cej","og_url":"https:\/\/we.pb.edu.pl\/kfeits\/dydaktyka\/zaklocenia-w-ukladach-elektroenergetycznych-studia-stacjonarne\/","og_site_name":"Katedra Fotoniki, Elektroniki i Techniki \u015awietlnej","article_modified_time":"2018-06-04T11:22:44+00:00","twitter_card":"summary_large_image","twitter_misc":{"Szacowany czas czytania":"3 minuty"},"schema":{"@context":"https:\/\/schema.org","@graph":[{"@type":"WebPage","@id":"https:\/\/we.pb.edu.pl\/kfeits\/dydaktyka\/zaklocenia-w-ukladach-elektroenergetycznych-studia-stacjonarne\/","url":"https:\/\/we.pb.edu.pl\/kfeits\/dydaktyka\/zaklocenia-w-ukladach-elektroenergetycznych-studia-stacjonarne\/","name":"Zak\u0142\u00f3cenia w Uk\u0142adach Elektroenergetycznych (studia stacjonarne) - Katedra Fotoniki, Elektroniki i Techniki \u015awietlnej","isPartOf":{"@id":"https:\/\/we.pb.edu.pl\/kfeits\/#website"},"datePublished":"2018-06-04T09:06:52+00:00","dateModified":"2018-06-04T11:22:44+00:00","breadcrumb":{"@id":"https:\/\/we.pb.edu.pl\/kfeits\/dydaktyka\/zaklocenia-w-ukladach-elektroenergetycznych-studia-stacjonarne\/#breadcrumb"},"inLanguage":"pl-PL","potentialAction":[{"@type":"ReadAction","target":["https:\/\/we.pb.edu.pl\/kfeits\/dydaktyka\/zaklocenia-w-ukladach-elektroenergetycznych-studia-stacjonarne\/"]}]},{"@type":"BreadcrumbList","@id":"https:\/\/we.pb.edu.pl\/kfeits\/dydaktyka\/zaklocenia-w-ukladach-elektroenergetycznych-studia-stacjonarne\/#breadcrumb","itemListElement":[{"@type":"ListItem","position":1,"name":"Strona g\u0142\u00f3wna","item":"https:\/\/we.pb.edu.pl\/kfeits\/"},{"@type":"ListItem","position":2,"name":"Dydaktyka","item":"https:\/\/we.pb.edu.pl\/kfeits\/dydaktyka\/"},{"@type":"ListItem","position":3,"name":"Zak\u0142\u00f3cenia w Uk\u0142adach Elektroenergetycznych (studia stacjonarne)"}]},{"@type":"WebSite","@id":"https:\/\/we.pb.edu.pl\/kfeits\/#website","url":"https:\/\/we.pb.edu.pl\/kfeits\/","name":"Katedra Fotoniki, Elektroniki i Techniki \u015awietlnej","description":"","potentialAction":[{"@type":"SearchAction","target":{"@type":"EntryPoint","urlTemplate":"https:\/\/we.pb.edu.pl\/kfeits\/?s={search_term_string}"},"query-input":{"@type":"PropertyValueSpecification","valueRequired":true,"valueName":"search_term_string"}}],"inLanguage":"pl-PL"}]}},"_links":{"self":[{"href":"https:\/\/we.pb.edu.pl\/kfeits\/wp-json\/wp\/v2\/pages\/335","targetHints":{"allow":["GET"]}}],"collection":[{"href":"https:\/\/we.pb.edu.pl\/kfeits\/wp-json\/wp\/v2\/pages"}],"about":[{"href":"https:\/\/we.pb.edu.pl\/kfeits\/wp-json\/wp\/v2\/types\/page"}],"author":[{"embeddable":true,"href":"https:\/\/we.pb.edu.pl\/kfeits\/wp-json\/wp\/v2\/users\/9"}],"replies":[{"embeddable":true,"href":"https:\/\/we.pb.edu.pl\/kfeits\/wp-json\/wp\/v2\/comments?post=335"}],"version-history":[{"count":3,"href":"https:\/\/we.pb.edu.pl\/kfeits\/wp-json\/wp\/v2\/pages\/335\/revisions"}],"predecessor-version":[{"id":349,"href":"https:\/\/we.pb.edu.pl\/kfeits\/wp-json\/wp\/v2\/pages\/335\/revisions\/349"}],"up":[{"embeddable":true,"href":"https:\/\/we.pb.edu.pl\/kfeits\/wp-json\/wp\/v2\/pages\/253"}],"wp:attachment":[{"href":"https:\/\/we.pb.edu.pl\/kfeits\/wp-json\/wp\/v2\/media?parent=335"}],"curies":[{"name":"wp","href":"https:\/\/api.w.org\/{rel}","templated":true}]}}