{"id":3300,"date":"2021-11-15T19:27:30","date_gmt":"2021-11-15T18:27:30","guid":{"rendered":"https:\/\/we.pb.edu.pl\/kfeits\/?page_id=3300"},"modified":"2025-01-21T14:03:19","modified_gmt":"2025-01-21T13:03:19","slug":"ts2e200010-narzedzia-wspomaganego-komputerowo-projektowania-sieci-telekomunikacyjnych","status":"publish","type":"page","link":"https:\/\/we.pb.edu.pl\/kfeits\/ts2e200010-narzedzia-wspomaganego-komputerowo-projektowania-sieci-telekomunikacyjnych\/","title":{"rendered":"TS2E200010 Narz\u0119dzia wspomaganego komputerowo projektowania sieci telekomunikacyjnych"},"content":{"rendered":"<p>TS2E200010<\/p>\n<p>Narz\u0119dzia wspomaganego komputerowo projektowania sieci telekomunikacyjnych<\/p>\n<p>Wyk\u0142ad\u00a0 15h, pracownia &#8211; 30 h<\/p>\n<p>Zaj\u0119cia odbywaj\u0105 si\u0119 w \u015brod\u0119, 17.40-19.55, sala WE-105 oraz w czwartek, godz. 12.15-14.00.<\/p>\n<p>&nbsp;<\/p>\n<p>Materia\u0142y pomocnicze do wyk\u0142adu<\/p>\n<ol>\n<li><a href=\"https:\/\/box.biaman.pl\/f\/d051cb99ba254e87bc64\/?dl=1\">Zagadnienia prawne<\/a><\/li>\n<li><a href=\"https:\/\/box.biaman.pl\/f\/6af1bcd513d742c289b0\/?dl=1\">Elementy kartografii<\/a><\/li>\n<li><a href=\"https:\/\/box.biaman.pl\/f\/9f9b56baf769448fbed4\/?dl=1\">Systemy GNSS<\/a><\/li>\n<li><a href=\"https:\/\/box.biaman.pl\/f\/4b0dcf2d068648bfad01\/?dl=1\">Zasady projektowe<\/a><\/li>\n<\/ol>\n<p><a href=\"https:\/\/box.biaman.pl\/f\/5e2d0065104c4d73b934\/?dl=1\">Prawo Budowlane<\/a><\/p>\n<p><a href=\"https:\/\/box.biaman.pl\/f\/d237eb881586489b840a\/?dl=1\">Prawo Telekomunikacyjne<\/a><\/p>\n<p>&nbsp;<\/p>\n<p>&nbsp;<\/p>\n<p>PRACOWNIA<\/p>\n<p><a href=\"https:\/\/box.biaman.pl\/f\/bb899ec1fbe34dacb1d4\/?dl=1\">Instrukcja do pracowni<\/a><\/p>\n<p><a href=\"https:\/\/box.biaman.pl\/f\/767a99b769d545008596\/?dl=1\">Instrukcja do cz\u0119\u015bci radioliniowej<\/a><\/p>\n<p>&nbsp;<\/p>\n<p>&nbsp;<\/p>\n<p>&nbsp;<\/p>\n<p>&nbsp;<\/p>\n<p>&nbsp;<\/p>\n<p>&nbsp;<\/p>\n<p>&nbsp;<\/p>\n<p>&nbsp;<\/p>\n<p>&nbsp;<\/p>\n","protected":false},"excerpt":{"rendered":"<p>TS2E200010 Narz\u0119dzia wspomaganego komputerowo projektowania sieci telekomunikacyjnych Wyk\u0142ad\u00a0 15h, pracownia &#8211; 30 h Zaj\u0119cia odbywaj\u0105<a class=\"read-more\" href=\"https:\/\/we.pb.edu.pl\/kfeits\/ts2e200010-narzedzia-wspomaganego-komputerowo-projektowania-sieci-telekomunikacyjnych\/\" title=\"Poka\u017c artyku\u0142 TS2E200010 Narz\u0119dzia wspomaganego komputerowo projektowania sieci telekomunikacyjnych\">wi\u0119cej<\/a><\/p>\n","protected":false},"author":21,"featured_media":0,"parent":0,"menu_order":0,"comment_status":"closed","ping_status":"closed","template":"","meta":{"inline_featured_image":false,"ngg_post_thumbnail":0,"footnotes":""},"class_list":["post-3300","page","type-page","status-publish","hentry"],"acf":[],"yoast_head":"<!-- This site is optimized with the Yoast SEO plugin v26.4 - https:\/\/yoast.com\/wordpress\/plugins\/seo\/ -->\n<title>TS2E200010 Narz\u0119dzia wspomaganego komputerowo projektowania sieci telekomunikacyjnych - Katedra Fotoniki, Elektroniki i Techniki \u015awietlnej<\/title>\n<meta name=\"robots\" content=\"index, follow, max-snippet:-1, max-image-preview:large, max-video-preview:-1\" \/>\n<link rel=\"canonical\" href=\"https:\/\/we.pb.edu.pl\/kfeits\/ts2e200010-narzedzia-wspomaganego-komputerowo-projektowania-sieci-telekomunikacyjnych\/\" \/>\n<meta property=\"og:locale\" content=\"pl_PL\" \/>\n<meta property=\"og:type\" content=\"article\" \/>\n<meta property=\"og:title\" content=\"TS2E200010 Narz\u0119dzia wspomaganego komputerowo projektowania sieci telekomunikacyjnych - Katedra Fotoniki, Elektroniki i Techniki \u015awietlnej\" \/>\n<meta property=\"og:description\" content=\"TS2E200010 Narz\u0119dzia wspomaganego komputerowo projektowania sieci telekomunikacyjnych Wyk\u0142ad\u00a0 15h, pracownia &#8211; 30 h Zaj\u0119cia odbywaj\u0105wi\u0119cej\" \/>\n<meta property=\"og:url\" content=\"https:\/\/we.pb.edu.pl\/kfeits\/ts2e200010-narzedzia-wspomaganego-komputerowo-projektowania-sieci-telekomunikacyjnych\/\" \/>\n<meta property=\"og:site_name\" content=\"Katedra Fotoniki, Elektroniki i Techniki \u015awietlnej\" \/>\n<meta property=\"article:modified_time\" content=\"2025-01-21T13:03:19+00:00\" \/>\n<meta name=\"twitter:card\" content=\"summary_large_image\" \/>\n<meta name=\"twitter:label1\" content=\"Szacowany czas czytania\" \/>\n\t<meta name=\"twitter:data1\" content=\"1 minuta\" \/>\n<script type=\"application\/ld+json\" class=\"yoast-schema-graph\">{\"@context\":\"https:\/\/schema.org\",\"@graph\":[{\"@type\":\"WebPage\",\"@id\":\"https:\/\/we.pb.edu.pl\/kfeits\/ts2e200010-narzedzia-wspomaganego-komputerowo-projektowania-sieci-telekomunikacyjnych\/\",\"url\":\"https:\/\/we.pb.edu.pl\/kfeits\/ts2e200010-narzedzia-wspomaganego-komputerowo-projektowania-sieci-telekomunikacyjnych\/\",\"name\":\"TS2E200010 Narz\u0119dzia wspomaganego komputerowo projektowania sieci telekomunikacyjnych - Katedra Fotoniki, Elektroniki i Techniki \u015awietlnej\",\"isPartOf\":{\"@id\":\"https:\/\/we.pb.edu.pl\/kfeits\/#website\"},\"datePublished\":\"2021-11-15T18:27:30+00:00\",\"dateModified\":\"2025-01-21T13:03:19+00:00\",\"breadcrumb\":{\"@id\":\"https:\/\/we.pb.edu.pl\/kfeits\/ts2e200010-narzedzia-wspomaganego-komputerowo-projektowania-sieci-telekomunikacyjnych\/#breadcrumb\"},\"inLanguage\":\"pl-PL\",\"potentialAction\":[{\"@type\":\"ReadAction\",\"target\":[\"https:\/\/we.pb.edu.pl\/kfeits\/ts2e200010-narzedzia-wspomaganego-komputerowo-projektowania-sieci-telekomunikacyjnych\/\"]}]},{\"@type\":\"BreadcrumbList\",\"@id\":\"https:\/\/we.pb.edu.pl\/kfeits\/ts2e200010-narzedzia-wspomaganego-komputerowo-projektowania-sieci-telekomunikacyjnych\/#breadcrumb\",\"itemListElement\":[{\"@type\":\"ListItem\",\"position\":1,\"name\":\"Strona g\u0142\u00f3wna\",\"item\":\"https:\/\/we.pb.edu.pl\/kfeits\/\"},{\"@type\":\"ListItem\",\"position\":2,\"name\":\"TS2E200010 Narz\u0119dzia wspomaganego komputerowo projektowania sieci telekomunikacyjnych\"}]},{\"@type\":\"WebSite\",\"@id\":\"https:\/\/we.pb.edu.pl\/kfeits\/#website\",\"url\":\"https:\/\/we.pb.edu.pl\/kfeits\/\",\"name\":\"Katedra Fotoniki, Elektroniki i Techniki \u015awietlnej\",\"description\":\"\",\"potentialAction\":[{\"@type\":\"SearchAction\",\"target\":{\"@type\":\"EntryPoint\",\"urlTemplate\":\"https:\/\/we.pb.edu.pl\/kfeits\/?s={search_term_string}\"},\"query-input\":{\"@type\":\"PropertyValueSpecification\",\"valueRequired\":true,\"valueName\":\"search_term_string\"}}],\"inLanguage\":\"pl-PL\"}]}<\/script>\n<!-- \/ Yoast SEO plugin. -->","yoast_head_json":{"title":"TS2E200010 Narz\u0119dzia wspomaganego komputerowo projektowania sieci telekomunikacyjnych - Katedra Fotoniki, Elektroniki i Techniki \u015awietlnej","robots":{"index":"index","follow":"follow","max-snippet":"max-snippet:-1","max-image-preview":"max-image-preview:large","max-video-preview":"max-video-preview:-1"},"canonical":"https:\/\/we.pb.edu.pl\/kfeits\/ts2e200010-narzedzia-wspomaganego-komputerowo-projektowania-sieci-telekomunikacyjnych\/","og_locale":"pl_PL","og_type":"article","og_title":"TS2E200010 Narz\u0119dzia wspomaganego komputerowo projektowania sieci telekomunikacyjnych - Katedra Fotoniki, Elektroniki i Techniki \u015awietlnej","og_description":"TS2E200010 Narz\u0119dzia wspomaganego komputerowo projektowania sieci telekomunikacyjnych Wyk\u0142ad\u00a0 15h, pracownia &#8211; 30 h Zaj\u0119cia odbywaj\u0105wi\u0119cej","og_url":"https:\/\/we.pb.edu.pl\/kfeits\/ts2e200010-narzedzia-wspomaganego-komputerowo-projektowania-sieci-telekomunikacyjnych\/","og_site_name":"Katedra Fotoniki, Elektroniki i Techniki \u015awietlnej","article_modified_time":"2025-01-21T13:03:19+00:00","twitter_card":"summary_large_image","twitter_misc":{"Szacowany czas czytania":"1 minuta"},"schema":{"@context":"https:\/\/schema.org","@graph":[{"@type":"WebPage","@id":"https:\/\/we.pb.edu.pl\/kfeits\/ts2e200010-narzedzia-wspomaganego-komputerowo-projektowania-sieci-telekomunikacyjnych\/","url":"https:\/\/we.pb.edu.pl\/kfeits\/ts2e200010-narzedzia-wspomaganego-komputerowo-projektowania-sieci-telekomunikacyjnych\/","name":"TS2E200010 Narz\u0119dzia wspomaganego komputerowo projektowania sieci telekomunikacyjnych - Katedra Fotoniki, Elektroniki i Techniki \u015awietlnej","isPartOf":{"@id":"https:\/\/we.pb.edu.pl\/kfeits\/#website"},"datePublished":"2021-11-15T18:27:30+00:00","dateModified":"2025-01-21T13:03:19+00:00","breadcrumb":{"@id":"https:\/\/we.pb.edu.pl\/kfeits\/ts2e200010-narzedzia-wspomaganego-komputerowo-projektowania-sieci-telekomunikacyjnych\/#breadcrumb"},"inLanguage":"pl-PL","potentialAction":[{"@type":"ReadAction","target":["https:\/\/we.pb.edu.pl\/kfeits\/ts2e200010-narzedzia-wspomaganego-komputerowo-projektowania-sieci-telekomunikacyjnych\/"]}]},{"@type":"BreadcrumbList","@id":"https:\/\/we.pb.edu.pl\/kfeits\/ts2e200010-narzedzia-wspomaganego-komputerowo-projektowania-sieci-telekomunikacyjnych\/#breadcrumb","itemListElement":[{"@type":"ListItem","position":1,"name":"Strona g\u0142\u00f3wna","item":"https:\/\/we.pb.edu.pl\/kfeits\/"},{"@type":"ListItem","position":2,"name":"TS2E200010 Narz\u0119dzia wspomaganego komputerowo projektowania sieci telekomunikacyjnych"}]},{"@type":"WebSite","@id":"https:\/\/we.pb.edu.pl\/kfeits\/#website","url":"https:\/\/we.pb.edu.pl\/kfeits\/","name":"Katedra Fotoniki, Elektroniki i Techniki \u015awietlnej","description":"","potentialAction":[{"@type":"SearchAction","target":{"@type":"EntryPoint","urlTemplate":"https:\/\/we.pb.edu.pl\/kfeits\/?s={search_term_string}"},"query-input":{"@type":"PropertyValueSpecification","valueRequired":true,"valueName":"search_term_string"}}],"inLanguage":"pl-PL"}]}},"_links":{"self":[{"href":"https:\/\/we.pb.edu.pl\/kfeits\/wp-json\/wp\/v2\/pages\/3300","targetHints":{"allow":["GET"]}}],"collection":[{"href":"https:\/\/we.pb.edu.pl\/kfeits\/wp-json\/wp\/v2\/pages"}],"about":[{"href":"https:\/\/we.pb.edu.pl\/kfeits\/wp-json\/wp\/v2\/types\/page"}],"author":[{"embeddable":true,"href":"https:\/\/we.pb.edu.pl\/kfeits\/wp-json\/wp\/v2\/users\/21"}],"replies":[{"embeddable":true,"href":"https:\/\/we.pb.edu.pl\/kfeits\/wp-json\/wp\/v2\/comments?post=3300"}],"version-history":[{"count":11,"href":"https:\/\/we.pb.edu.pl\/kfeits\/wp-json\/wp\/v2\/pages\/3300\/revisions"}],"predecessor-version":[{"id":5590,"href":"https:\/\/we.pb.edu.pl\/kfeits\/wp-json\/wp\/v2\/pages\/3300\/revisions\/5590"}],"wp:attachment":[{"href":"https:\/\/we.pb.edu.pl\/kfeits\/wp-json\/wp\/v2\/media?parent=3300"}],"curies":[{"name":"wp","href":"https:\/\/api.w.org\/{rel}","templated":true}]}}