{"id":2996,"date":"2021-04-13T17:50:57","date_gmt":"2021-04-13T15:50:57","guid":{"rendered":"https:\/\/we.pb.edu.pl\/kfeits\/?page_id=2996"},"modified":"2023-09-29T20:49:47","modified_gmt":"2023-09-29T18:49:47","slug":"przetwarzanie-sygnalow-i-obrazow","status":"publish","type":"page","link":"https:\/\/we.pb.edu.pl\/kfeits\/dariusz-janczak\/przetwarzanie-sygnalow-i-obrazow\/","title":{"rendered":"Przetwarzanie Sygna\u0142\u00f3w i Obraz\u00f3w"},"content":{"rendered":"<hr \/>\n<p><b>Instrukcje do \u0107wicze\u0144 laboratoryjnych:<\/b><\/p>\n<ul>\n<li><a href=\"https:\/\/box.biaman.pl\/f\/adc046fbd6a74783ad91\/?dl=1\">Synteza i analiza cyfrowych filtr\u00f3w o niesko\u0144czonej odpowiedzi impulsowej<\/a><\/li>\n<li><a href=\"https:\/\/box.biaman.pl\/f\/dbeae345b4f144b48cd3\/?dl=1\">Badanie podstawowych charakterystyk i w\u0142a\u015bciwo\u015bci filtr\u00f3w o sko\u0144czonej odpowiedzi impulsowej<\/a><\/li>\n<li><a href=\"https:\/\/box.biaman.pl\/f\/b8a5f2f611ab4ae68b1e\/?dl=1\">Kompresja obraz\u00f3w z elementami standardu JPEG<\/a><\/li>\n<\/ul>\n","protected":false},"excerpt":{"rendered":"<p>Instrukcje do \u0107wicze\u0144 laboratoryjnych: Synteza i analiza cyfrowych filtr\u00f3w o niesko\u0144czonej odpowiedzi impulsowej Badanie podstawowych<a class=\"read-more\" href=\"https:\/\/we.pb.edu.pl\/kfeits\/dariusz-janczak\/przetwarzanie-sygnalow-i-obrazow\/\" title=\"Poka\u017c artyku\u0142 Przetwarzanie Sygna\u0142\u00f3w i Obraz\u00f3w\">wi\u0119cej<\/a><\/p>\n","protected":false},"author":22,"featured_media":0,"parent":536,"menu_order":0,"comment_status":"closed","ping_status":"closed","template":"","meta":{"inline_featured_image":false,"ngg_post_thumbnail":0,"footnotes":""},"class_list":["post-2996","page","type-page","status-publish","hentry"],"acf":[],"yoast_head":"<!-- This site is optimized with the Yoast SEO plugin v26.4 - https:\/\/yoast.com\/wordpress\/plugins\/seo\/ -->\n<title>Przetwarzanie Sygna\u0142\u00f3w i Obraz\u00f3w - Katedra Fotoniki, Elektroniki i Techniki \u015awietlnej<\/title>\n<meta name=\"robots\" content=\"index, follow, max-snippet:-1, max-image-preview:large, max-video-preview:-1\" \/>\n<link rel=\"canonical\" href=\"https:\/\/we.pb.edu.pl\/kfeits\/dariusz-janczak\/przetwarzanie-sygnalow-i-obrazow\/\" \/>\n<meta property=\"og:locale\" content=\"pl_PL\" \/>\n<meta property=\"og:type\" content=\"article\" \/>\n<meta property=\"og:title\" content=\"Przetwarzanie Sygna\u0142\u00f3w i Obraz\u00f3w - Katedra Fotoniki, Elektroniki i Techniki \u015awietlnej\" \/>\n<meta property=\"og:description\" content=\"Instrukcje do \u0107wicze\u0144 laboratoryjnych: Synteza i analiza cyfrowych filtr\u00f3w o niesko\u0144czonej odpowiedzi impulsowej Badanie podstawowychwi\u0119cej\" \/>\n<meta property=\"og:url\" content=\"https:\/\/we.pb.edu.pl\/kfeits\/dariusz-janczak\/przetwarzanie-sygnalow-i-obrazow\/\" \/>\n<meta property=\"og:site_name\" content=\"Katedra Fotoniki, Elektroniki i Techniki \u015awietlnej\" \/>\n<meta property=\"article:modified_time\" content=\"2023-09-29T18:49:47+00:00\" \/>\n<meta name=\"twitter:card\" content=\"summary_large_image\" \/>\n<meta name=\"twitter:label1\" content=\"Szacowany czas czytania\" \/>\n\t<meta name=\"twitter:data1\" content=\"1 minuta\" \/>\n<script type=\"application\/ld+json\" class=\"yoast-schema-graph\">{\"@context\":\"https:\/\/schema.org\",\"@graph\":[{\"@type\":\"WebPage\",\"@id\":\"https:\/\/we.pb.edu.pl\/kfeits\/dariusz-janczak\/przetwarzanie-sygnalow-i-obrazow\/\",\"url\":\"https:\/\/we.pb.edu.pl\/kfeits\/dariusz-janczak\/przetwarzanie-sygnalow-i-obrazow\/\",\"name\":\"Przetwarzanie Sygna\u0142\u00f3w i Obraz\u00f3w - Katedra Fotoniki, Elektroniki i Techniki \u015awietlnej\",\"isPartOf\":{\"@id\":\"https:\/\/we.pb.edu.pl\/kfeits\/#website\"},\"datePublished\":\"2021-04-13T15:50:57+00:00\",\"dateModified\":\"2023-09-29T18:49:47+00:00\",\"breadcrumb\":{\"@id\":\"https:\/\/we.pb.edu.pl\/kfeits\/dariusz-janczak\/przetwarzanie-sygnalow-i-obrazow\/#breadcrumb\"},\"inLanguage\":\"pl-PL\",\"potentialAction\":[{\"@type\":\"ReadAction\",\"target\":[\"https:\/\/we.pb.edu.pl\/kfeits\/dariusz-janczak\/przetwarzanie-sygnalow-i-obrazow\/\"]}]},{\"@type\":\"BreadcrumbList\",\"@id\":\"https:\/\/we.pb.edu.pl\/kfeits\/dariusz-janczak\/przetwarzanie-sygnalow-i-obrazow\/#breadcrumb\",\"itemListElement\":[{\"@type\":\"ListItem\",\"position\":1,\"name\":\"Strona g\u0142\u00f3wna\",\"item\":\"https:\/\/we.pb.edu.pl\/kfeits\/\"},{\"@type\":\"ListItem\",\"position\":2,\"name\":\"dr hab. in\u017c. Dariusz Ja\u0144czak, prof. PB\",\"item\":\"https:\/\/we.pb.edu.pl\/kfeits\/dariusz-janczak\/\"},{\"@type\":\"ListItem\",\"position\":3,\"name\":\"Przetwarzanie Sygna\u0142\u00f3w i Obraz\u00f3w\"}]},{\"@type\":\"WebSite\",\"@id\":\"https:\/\/we.pb.edu.pl\/kfeits\/#website\",\"url\":\"https:\/\/we.pb.edu.pl\/kfeits\/\",\"name\":\"Katedra Fotoniki, Elektroniki i Techniki \u015awietlnej\",\"description\":\"\",\"potentialAction\":[{\"@type\":\"SearchAction\",\"target\":{\"@type\":\"EntryPoint\",\"urlTemplate\":\"https:\/\/we.pb.edu.pl\/kfeits\/?s={search_term_string}\"},\"query-input\":{\"@type\":\"PropertyValueSpecification\",\"valueRequired\":true,\"valueName\":\"search_term_string\"}}],\"inLanguage\":\"pl-PL\"}]}<\/script>\n<!-- \/ Yoast SEO plugin. -->","yoast_head_json":{"title":"Przetwarzanie Sygna\u0142\u00f3w i Obraz\u00f3w - Katedra Fotoniki, Elektroniki i Techniki \u015awietlnej","robots":{"index":"index","follow":"follow","max-snippet":"max-snippet:-1","max-image-preview":"max-image-preview:large","max-video-preview":"max-video-preview:-1"},"canonical":"https:\/\/we.pb.edu.pl\/kfeits\/dariusz-janczak\/przetwarzanie-sygnalow-i-obrazow\/","og_locale":"pl_PL","og_type":"article","og_title":"Przetwarzanie Sygna\u0142\u00f3w i Obraz\u00f3w - Katedra Fotoniki, Elektroniki i Techniki \u015awietlnej","og_description":"Instrukcje do \u0107wicze\u0144 laboratoryjnych: Synteza i analiza cyfrowych filtr\u00f3w o niesko\u0144czonej odpowiedzi impulsowej Badanie podstawowychwi\u0119cej","og_url":"https:\/\/we.pb.edu.pl\/kfeits\/dariusz-janczak\/przetwarzanie-sygnalow-i-obrazow\/","og_site_name":"Katedra Fotoniki, Elektroniki i Techniki \u015awietlnej","article_modified_time":"2023-09-29T18:49:47+00:00","twitter_card":"summary_large_image","twitter_misc":{"Szacowany czas czytania":"1 minuta"},"schema":{"@context":"https:\/\/schema.org","@graph":[{"@type":"WebPage","@id":"https:\/\/we.pb.edu.pl\/kfeits\/dariusz-janczak\/przetwarzanie-sygnalow-i-obrazow\/","url":"https:\/\/we.pb.edu.pl\/kfeits\/dariusz-janczak\/przetwarzanie-sygnalow-i-obrazow\/","name":"Przetwarzanie Sygna\u0142\u00f3w i Obraz\u00f3w - Katedra Fotoniki, Elektroniki i Techniki \u015awietlnej","isPartOf":{"@id":"https:\/\/we.pb.edu.pl\/kfeits\/#website"},"datePublished":"2021-04-13T15:50:57+00:00","dateModified":"2023-09-29T18:49:47+00:00","breadcrumb":{"@id":"https:\/\/we.pb.edu.pl\/kfeits\/dariusz-janczak\/przetwarzanie-sygnalow-i-obrazow\/#breadcrumb"},"inLanguage":"pl-PL","potentialAction":[{"@type":"ReadAction","target":["https:\/\/we.pb.edu.pl\/kfeits\/dariusz-janczak\/przetwarzanie-sygnalow-i-obrazow\/"]}]},{"@type":"BreadcrumbList","@id":"https:\/\/we.pb.edu.pl\/kfeits\/dariusz-janczak\/przetwarzanie-sygnalow-i-obrazow\/#breadcrumb","itemListElement":[{"@type":"ListItem","position":1,"name":"Strona g\u0142\u00f3wna","item":"https:\/\/we.pb.edu.pl\/kfeits\/"},{"@type":"ListItem","position":2,"name":"dr hab. in\u017c. Dariusz Ja\u0144czak, prof. PB","item":"https:\/\/we.pb.edu.pl\/kfeits\/dariusz-janczak\/"},{"@type":"ListItem","position":3,"name":"Przetwarzanie Sygna\u0142\u00f3w i Obraz\u00f3w"}]},{"@type":"WebSite","@id":"https:\/\/we.pb.edu.pl\/kfeits\/#website","url":"https:\/\/we.pb.edu.pl\/kfeits\/","name":"Katedra Fotoniki, Elektroniki i Techniki \u015awietlnej","description":"","potentialAction":[{"@type":"SearchAction","target":{"@type":"EntryPoint","urlTemplate":"https:\/\/we.pb.edu.pl\/kfeits\/?s={search_term_string}"},"query-input":{"@type":"PropertyValueSpecification","valueRequired":true,"valueName":"search_term_string"}}],"inLanguage":"pl-PL"}]}},"_links":{"self":[{"href":"https:\/\/we.pb.edu.pl\/kfeits\/wp-json\/wp\/v2\/pages\/2996","targetHints":{"allow":["GET"]}}],"collection":[{"href":"https:\/\/we.pb.edu.pl\/kfeits\/wp-json\/wp\/v2\/pages"}],"about":[{"href":"https:\/\/we.pb.edu.pl\/kfeits\/wp-json\/wp\/v2\/types\/page"}],"author":[{"embeddable":true,"href":"https:\/\/we.pb.edu.pl\/kfeits\/wp-json\/wp\/v2\/users\/22"}],"replies":[{"embeddable":true,"href":"https:\/\/we.pb.edu.pl\/kfeits\/wp-json\/wp\/v2\/comments?post=2996"}],"version-history":[{"count":14,"href":"https:\/\/we.pb.edu.pl\/kfeits\/wp-json\/wp\/v2\/pages\/2996\/revisions"}],"predecessor-version":[{"id":4095,"href":"https:\/\/we.pb.edu.pl\/kfeits\/wp-json\/wp\/v2\/pages\/2996\/revisions\/4095"}],"up":[{"embeddable":true,"href":"https:\/\/we.pb.edu.pl\/kfeits\/wp-json\/wp\/v2\/pages\/536"}],"wp:attachment":[{"href":"https:\/\/we.pb.edu.pl\/kfeits\/wp-json\/wp\/v2\/media?parent=2996"}],"curies":[{"name":"wp","href":"https:\/\/api.w.org\/{rel}","templated":true}]}}