{"id":255,"date":"2018-05-23T09:26:47","date_gmt":"2018-05-23T07:26:47","guid":{"rendered":"https:\/\/we.pb.edu.pl\/ktiae\/?page_id=255"},"modified":"2024-12-04T11:07:00","modified_gmt":"2024-12-04T10:07:00","slug":"nauka-i-badania","status":"publish","type":"page","link":"https:\/\/we.pb.edu.pl\/kfeits\/nauka-i-badania\/","title":{"rendered":"Nauka i badania"},"content":{"rendered":"<style>span.y837 { font-weight: 400; }<\/style>\n<p class=\"std\">Dzia\u0142alno\u015b\u0107 naukowa pracownik\u00f3w katedry koncentruje si\u0119 wok\u00f3\u0142 nast\u0119puj\u0105cych zagadnie\u0144:<\/p>\n<ul class=\"compact\" style=\"margin-bottom: 2em;\">\n<li>konstrukcja \u015bwiat\u0142owod\u00f3w aktywnych do budowy laser\u00f3w i\u00a0wzmacniaczy w\u0142\u00f3knowych;<\/li>\n<li>\u015bwiat\u0142owody o\u00a0specjalnych konstrukcjach do budowy czujnik\u00f3w, czujniki \u015bwiat\u0142owodowe;<\/li>\n<li>zastosowania \u015bwiat\u0142owod\u00f3w i\u00a0diod LED w\u00a0technice \u015bwietlnej;<\/li>\n<li>badanie fotometrycznych, kolorymetrycznych, elektrycznych i\u00a0termicznych parametr\u00f3w \u017ar\u00f3de\u0142 \u015bwiat\u0142a;<\/li>\n<li>metody projektowania uk\u0142ad\u00f3w \u015bwietlnooptycznych;<\/li>\n<li>projektowanie przyrz\u0105d\u00f3w pomiarowych: fotometrycznych, kolorymetrycznych, optycznych, \u015bwiat\u0142owodowych i\u00a0innych;<\/li>\n<li>badania odporno\u015bci urz\u0105dze\u0144 elektrycznych i\u00a0elektronicznych na udary i\u00a0ESD;<\/li>\n<li>badania wytrzyma\u0142o\u015bci napi\u0119ciowej urz\u0105dze\u0144;<\/li>\n<li>uk\u0142ady przetwarzania sygna\u0142\u00f3w cyfrowych;<\/li>\n<li>technologie Internetu rzeczy (IoT);<\/li>\n<li>infrastruktura telekomunikacyjna, komunikacja bezprzewodowa, uk\u0142ady antenowe;<\/li>\n<li>projektowanie, badanie uk\u0142ad\u00f3w radioelektronicznych.<\/li>\n<\/ul>\n<div class=\"row\">\n<div class=\"col-sm-4\">\n<div class=\"panel panel-default panel-sport animated zoomIn\">\n<div class=\"panel-heading text-center\"><span class=\"lead\">Prace w\u0142asne zespo\u0142owe<\/span><\/div>\n<div class=\"panel-body\">\n<div class=\"image\"><a href=\"\/nauka-i-badania\/prace-badawcze-zespolowe\/prace-zespolowe-prowadzone-przez-kfeits\/\"><img loading=\"lazy\" decoding=\"async\" src=\"\/wp-content\/uploads\/sites\/7\/2018\/05\/pixabay-nauka-696-410.jpg\" alt=\"\" width=\"696\" height=\"410\"><\/a><\/div>\n<\/p><\/div>\n<\/p><\/div>\n<\/div>\n<div class=\"col-sm-4\">\n<div class=\"panel panel-default panel-sport animated zoomIn\">\n<div class=\"panel-heading text-center\"><span class=\"lead\">Seminaria<\/span><\/div>\n<div class=\"panel-body\">\n<div class=\"image\"><a href=\"seminaria\/\"><img loading=\"lazy\" decoding=\"async\" src=\"\/kfeits\/wp-content\/uploads\/sites\/5\/2020\/05\/seminaria_stock.jpg\" alt=\"\" width=\"696\" height=\"410\"><\/a><\/div>\n<\/p><\/div>\n<\/p><\/div>\n<\/div>\n<div class=\"col-sm-4\">\n<div class=\"panel panel-default panel-sport animated zoomIn\">\n<div class=\"panel-heading text-center\"><span class=\"lead\">Bialystok Photonics<\/span><\/div>\n<div class=\"panel-body\">\n<div class=\"image\"><a href=\"bialystok-photonics\/\"><img loading=\"lazy\" decoding=\"async\" src=\"\/kfeits\/wp-content\/uploads\/sites\/5\/2020\/05\/logo-phb-mini.jpg\" alt=\"\" width=\"696\" height=\"410\"><\/a><\/div>\n<\/div>\n<\/div>\n<\/div>\n<\/div>\n<h2>Projekty badawcze<\/h2>\n<ol style=\"font-weight: 700;\">\n<li>Opracowanie falowod\u00f3w szk\u0142o-ceramicznych o niskiej energii fonon\u00f3w domieszkowanych jonami ziem rzadkich o emisji w zakresie 1,8-3,1 \u03bcm do budowy mikrolaser\u00f3w<br \/>\n<span class=\"y837\">Kierownik projektu: <span class=\"b\">dr in\u017c. Tomasz Ragi\u0144<br \/>\nOkres realizacji: <span class=\"b\">2024 \u2013 2026<br \/>\nInstytucja finansuj\u0105ca: <span class=\"b\">Narodowe Centrum Nauki<br \/>\nRodzaj konkursu: <span class=\"b\">SONATA 19<\/span>\n<\/li>\n<li>\u015awiat\u0142owody z profilowanym rdzeniem domieszkowanym jonami Tm<sup>3+<\/sup>, Ho<sup>3+<\/sup> do laser\u00f3w \u015bwiat\u0142owodowych typu flat-top beam pracuj\u0105cych w zakresie d\u0142ugo\u015bci fali 1,7-2,1 \u00b5m<br \/>\n<span class=\"y837\">Kierownik projektu: <span class=\"b\">dr hab. in\u017c.Piotr Miluski<\/span><br \/>\nOkres realizacji: <span class=\"b\">2024 \u2013 2028<\/span><br \/>\nInstytucja finansuj\u0105ca: <span class=\"b\">Narodowe Centrum Nauki<\/span><br \/>\nRodzaj konkursu: <span class=\"b\">OPUS 25<\/span><\/span>\n<\/li>\n<li>Opracowanie algorytmu optymalizacji doboru rozk\u0142adu spektralnego o\u015bwietlacza p\u00f3\u0142przewodnikowego do zwi\u0119kszenia kontrastu obrazowania tkanek<br \/>\n<span class=\"y837\">Kierownik projektu: <span class=\"b\">dr in\u017c. \u0141ukasz Gryko<\/span><br \/>\nOkres realizacji: <span class=\"b\">2021 \u2013 2023<\/span><br \/>\nInstytucja finansuj\u0105ca: <span class=\"b\">Narodowe Centrum Nauki<\/span><br \/>\nRodzaj konkursu: <span class=\"b\">MINIATURA 5<\/span><\/span>\n<\/li>\n<li>Nowe aktywne \u015bwiat\u0142owody o multi-pier\u015bcieniowym rdzeniu typu LMA do ultra-szerokopasmowej emisji w zakresie bezpiecznym dla wzroku<br \/>\n<span class=\"y837\">Kierownik projektu: <span class=\"b\">dr hab. in\u017c. Piotr Miluski<\/span><br \/>\nOkres realizacji: <span class=\"b\">2021 \u2013 2024<\/span><br \/>\nInstytucja finansuj\u0105ca: <span class=\"b\">Narodowe Centrum Nauki<\/span><br \/>\nRodzaj konkursu: <span class=\"b\">OPUS<\/span><\/span>\n<\/li>\n<li>Szklano-ceramiczne \u015bwiat\u0142owody domieszkowane jonami lantanowc\u00f3w \u2013 badania i technologia<br \/>\n<span class=\"y837\">Kierownik projektu: <span class=\"b\">dr hab. in\u017c. Jacek \u017bmojda<\/span><br \/>\nOkres realizacji: <span class=\"b\">2020 \u2013 2023<\/span><br \/>\nInstytucja finansuj\u0105ca: <span class=\"b\">Narodowe Centrum Nauki<\/span><br \/>\nRodzaj konkursu: PRELUDIUM BIS<\/span><\/span>\n<\/li>\n<li>Ultraszerokopasmowa emisja 1,0 \u2013 2,1 \u00b5m w\u00a0\u015bwiat\u0142owodach wielordzeniowych domieszkowanych ziemiami rzadkimi i\u00a0metalami Ni, Cr, Bi<br \/>\n<span class=\"y837\">Kierownik projektu: <span class=\"b\">dr hab. in\u017c. Marcin Kochanowicz<\/span><br \/>\nOkres realizacji: <span class=\"b\">2020 \u2013 2024<\/span><br \/>\nInstytucja finansuj\u0105ca: <span class=\"b\">Narodowe Centrum Nauki<\/span><br \/>\nRodzaj konkursu: <span class=\"b\">OPUS<\/span><\/span>\n<\/li>\n<li>Opracowanie metody i stanowiska do wzorcowania przyrz\u0105d\u00f3w pomiarowych dedykowanych do pomiar\u00f3w rozk\u0142ad\u00f3w luminancji<br \/>\n<span class=\"y837\">Kierownik projektu: <span class=\"b\">dr in\u017c. Urszula B\u0142aszczak<\/span><br \/>\nOkres realizacji: <span class=\"b\">2022 \u2013 2024<\/span><br \/>\nInstytucja finansuj\u0105ca: <span class=\"b\">MNiSW<\/span><br \/>\nProgram: <span class=\"b\">Polska Metrologia<\/span><\/span>\n<\/li>\n<\/ol>\n","protected":false},"excerpt":{"rendered":"<p>Dzia\u0142alno\u015b\u0107 naukowa pracownik\u00f3w katedry koncentruje si\u0119 wok\u00f3\u0142 nast\u0119puj\u0105cych zagadnie\u0144: konstrukcja \u015bwiat\u0142owod\u00f3w aktywnych do budowy laser\u00f3w<a class=\"read-more\" href=\"https:\/\/we.pb.edu.pl\/kfeits\/nauka-i-badania\/\" title=\"Poka\u017c artyku\u0142 Nauka i badania\">wi\u0119cej<\/a><\/p>\n","protected":false},"author":9,"featured_media":0,"parent":0,"menu_order":0,"comment_status":"closed","ping_status":"closed","template":"","meta":{"inline_featured_image":false,"ngg_post_thumbnail":0,"footnotes":""},"class_list":["post-255","page","type-page","status-publish","hentry"],"acf":[],"yoast_head":"<!-- This site is optimized with the Yoast SEO plugin v26.4 - https:\/\/yoast.com\/wordpress\/plugins\/seo\/ -->\n<title>Nauka i badania - Katedra Fotoniki, Elektroniki i Techniki \u015awietlnej<\/title>\n<meta name=\"robots\" content=\"index, follow, max-snippet:-1, max-image-preview:large, max-video-preview:-1\" \/>\n<link rel=\"canonical\" href=\"https:\/\/we.pb.edu.pl\/kfeits\/nauka-i-badania\/\" \/>\n<meta property=\"og:locale\" content=\"pl_PL\" \/>\n<meta property=\"og:type\" content=\"article\" \/>\n<meta property=\"og:title\" content=\"Nauka i badania - Katedra Fotoniki, Elektroniki i Techniki \u015awietlnej\" \/>\n<meta property=\"og:description\" content=\"Dzia\u0142alno\u015b\u0107 naukowa pracownik\u00f3w katedry koncentruje si\u0119 wok\u00f3\u0142 nast\u0119puj\u0105cych zagadnie\u0144: konstrukcja \u015bwiat\u0142owod\u00f3w aktywnych do budowy laser\u00f3wwi\u0119cej\" \/>\n<meta property=\"og:url\" content=\"https:\/\/we.pb.edu.pl\/kfeits\/nauka-i-badania\/\" \/>\n<meta property=\"og:site_name\" content=\"Katedra Fotoniki, Elektroniki i Techniki \u015awietlnej\" \/>\n<meta property=\"article:modified_time\" content=\"2024-12-04T10:07:00+00:00\" \/>\n<meta name=\"twitter:card\" content=\"summary_large_image\" \/>\n<meta name=\"twitter:label1\" content=\"Szacowany czas czytania\" \/>\n\t<meta name=\"twitter:data1\" content=\"3 minuty\" \/>\n<script type=\"application\/ld+json\" class=\"yoast-schema-graph\">{\"@context\":\"https:\/\/schema.org\",\"@graph\":[{\"@type\":\"WebPage\",\"@id\":\"https:\/\/we.pb.edu.pl\/kfeits\/nauka-i-badania\/\",\"url\":\"https:\/\/we.pb.edu.pl\/kfeits\/nauka-i-badania\/\",\"name\":\"Nauka i badania - Katedra Fotoniki, Elektroniki i Techniki \u015awietlnej\",\"isPartOf\":{\"@id\":\"https:\/\/we.pb.edu.pl\/kfeits\/#website\"},\"datePublished\":\"2018-05-23T07:26:47+00:00\",\"dateModified\":\"2024-12-04T10:07:00+00:00\",\"breadcrumb\":{\"@id\":\"https:\/\/we.pb.edu.pl\/kfeits\/nauka-i-badania\/#breadcrumb\"},\"inLanguage\":\"pl-PL\",\"potentialAction\":[{\"@type\":\"ReadAction\",\"target\":[\"https:\/\/we.pb.edu.pl\/kfeits\/nauka-i-badania\/\"]}]},{\"@type\":\"BreadcrumbList\",\"@id\":\"https:\/\/we.pb.edu.pl\/kfeits\/nauka-i-badania\/#breadcrumb\",\"itemListElement\":[{\"@type\":\"ListItem\",\"position\":1,\"name\":\"Strona g\u0142\u00f3wna\",\"item\":\"https:\/\/we.pb.edu.pl\/kfeits\/\"},{\"@type\":\"ListItem\",\"position\":2,\"name\":\"Nauka i badania\"}]},{\"@type\":\"WebSite\",\"@id\":\"https:\/\/we.pb.edu.pl\/kfeits\/#website\",\"url\":\"https:\/\/we.pb.edu.pl\/kfeits\/\",\"name\":\"Katedra Fotoniki, Elektroniki i Techniki \u015awietlnej\",\"description\":\"\",\"potentialAction\":[{\"@type\":\"SearchAction\",\"target\":{\"@type\":\"EntryPoint\",\"urlTemplate\":\"https:\/\/we.pb.edu.pl\/kfeits\/?s={search_term_string}\"},\"query-input\":{\"@type\":\"PropertyValueSpecification\",\"valueRequired\":true,\"valueName\":\"search_term_string\"}}],\"inLanguage\":\"pl-PL\"}]}<\/script>\n<!-- \/ Yoast SEO plugin. -->","yoast_head_json":{"title":"Nauka i badania - Katedra Fotoniki, Elektroniki i Techniki \u015awietlnej","robots":{"index":"index","follow":"follow","max-snippet":"max-snippet:-1","max-image-preview":"max-image-preview:large","max-video-preview":"max-video-preview:-1"},"canonical":"https:\/\/we.pb.edu.pl\/kfeits\/nauka-i-badania\/","og_locale":"pl_PL","og_type":"article","og_title":"Nauka i badania - Katedra Fotoniki, Elektroniki i Techniki \u015awietlnej","og_description":"Dzia\u0142alno\u015b\u0107 naukowa pracownik\u00f3w katedry koncentruje si\u0119 wok\u00f3\u0142 nast\u0119puj\u0105cych zagadnie\u0144: konstrukcja \u015bwiat\u0142owod\u00f3w aktywnych do budowy laser\u00f3wwi\u0119cej","og_url":"https:\/\/we.pb.edu.pl\/kfeits\/nauka-i-badania\/","og_site_name":"Katedra Fotoniki, Elektroniki i Techniki \u015awietlnej","article_modified_time":"2024-12-04T10:07:00+00:00","twitter_card":"summary_large_image","twitter_misc":{"Szacowany czas czytania":"3 minuty"},"schema":{"@context":"https:\/\/schema.org","@graph":[{"@type":"WebPage","@id":"https:\/\/we.pb.edu.pl\/kfeits\/nauka-i-badania\/","url":"https:\/\/we.pb.edu.pl\/kfeits\/nauka-i-badania\/","name":"Nauka i badania - Katedra Fotoniki, Elektroniki i Techniki \u015awietlnej","isPartOf":{"@id":"https:\/\/we.pb.edu.pl\/kfeits\/#website"},"datePublished":"2018-05-23T07:26:47+00:00","dateModified":"2024-12-04T10:07:00+00:00","breadcrumb":{"@id":"https:\/\/we.pb.edu.pl\/kfeits\/nauka-i-badania\/#breadcrumb"},"inLanguage":"pl-PL","potentialAction":[{"@type":"ReadAction","target":["https:\/\/we.pb.edu.pl\/kfeits\/nauka-i-badania\/"]}]},{"@type":"BreadcrumbList","@id":"https:\/\/we.pb.edu.pl\/kfeits\/nauka-i-badania\/#breadcrumb","itemListElement":[{"@type":"ListItem","position":1,"name":"Strona g\u0142\u00f3wna","item":"https:\/\/we.pb.edu.pl\/kfeits\/"},{"@type":"ListItem","position":2,"name":"Nauka i badania"}]},{"@type":"WebSite","@id":"https:\/\/we.pb.edu.pl\/kfeits\/#website","url":"https:\/\/we.pb.edu.pl\/kfeits\/","name":"Katedra Fotoniki, Elektroniki i Techniki \u015awietlnej","description":"","potentialAction":[{"@type":"SearchAction","target":{"@type":"EntryPoint","urlTemplate":"https:\/\/we.pb.edu.pl\/kfeits\/?s={search_term_string}"},"query-input":{"@type":"PropertyValueSpecification","valueRequired":true,"valueName":"search_term_string"}}],"inLanguage":"pl-PL"}]}},"_links":{"self":[{"href":"https:\/\/we.pb.edu.pl\/kfeits\/wp-json\/wp\/v2\/pages\/255","targetHints":{"allow":["GET"]}}],"collection":[{"href":"https:\/\/we.pb.edu.pl\/kfeits\/wp-json\/wp\/v2\/pages"}],"about":[{"href":"https:\/\/we.pb.edu.pl\/kfeits\/wp-json\/wp\/v2\/types\/page"}],"author":[{"embeddable":true,"href":"https:\/\/we.pb.edu.pl\/kfeits\/wp-json\/wp\/v2\/users\/9"}],"replies":[{"embeddable":true,"href":"https:\/\/we.pb.edu.pl\/kfeits\/wp-json\/wp\/v2\/comments?post=255"}],"version-history":[{"count":10,"href":"https:\/\/we.pb.edu.pl\/kfeits\/wp-json\/wp\/v2\/pages\/255\/revisions"}],"predecessor-version":[{"id":5504,"href":"https:\/\/we.pb.edu.pl\/kfeits\/wp-json\/wp\/v2\/pages\/255\/revisions\/5504"}],"wp:attachment":[{"href":"https:\/\/we.pb.edu.pl\/kfeits\/wp-json\/wp\/v2\/media?parent=255"}],"curies":[{"name":"wp","href":"https:\/\/api.w.org\/{rel}","templated":true}]}}