{"id":253,"date":"2018-05-23T09:26:12","date_gmt":"2018-05-23T07:26:12","guid":{"rendered":"https:\/\/we.pb.edu.pl\/ktiae\/?page_id=253"},"modified":"2024-12-04T09:34:34","modified_gmt":"2024-12-04T08:34:34","slug":"dydaktyka","status":"publish","type":"page","link":"https:\/\/we.pb.edu.pl\/kfeits\/dydaktyka\/","title":{"rendered":"Dydaktyka"},"content":{"rendered":"<p class=\"std\">Prowadzone przez pracownik\u00f3w Katedry zaj\u0119cia dydaktyczne s\u0105 powi\u0105zane z\u00a0tre\u015bciami kszta\u0142cenia na kierunkach:<\/p>\n<ul class=\"compact\">\n<li>Elektronika i Telekomunikacja<\/li>\n<li>Ekoenergetyka<\/li>\n<li>Automatyka i Robotyka<\/li>\n<li>Elektrotechnika<\/li>\n<li>Cyfryzacja przemys\u0142u<\/li>\n<\/ul>\n<p class=\"std\">takimi jak elementy i\u00a0uk\u0142ady optoelektroniczne, podstawy techniki \u015bwiat\u0142owodowej, energetyka s\u0142oneczna, przetwarzanie sygna\u0142\u00f3w, techniki bezprzewodowe, sieci teleinformatyczne, technologie internetowe, internet rzeczy, technika wielkich cz\u0119stotliwo\u015bci, kompatybilno\u015b\u0107 elektromagnetyczna.<\/p>\n<p class=\"std\">Prowadzone s\u0105 r\u00f3wnie\u017c zaj\u0119cia dydaktyczne w j\u0119zyku angielskim dla student\u00f3w przyje\u017cd\u017caj\u0105cych w ramach programu Erasmus+.<\/p>\n<p class=\"std\">Katedra realizuje zaj\u0119cia dydaktyczne dotycz\u0105ce nast\u0119puj\u0105cych zagadnie\u0144:<\/p>\n<ul class=\"compact\">\n<li>\u015awiat\u0142owody i systemy pomiarowe<\/li>\n<li>Diagnostyka telekomunikacyjnych sieci \u015bwiat\u0142owodowych<\/li>\n<li>\u0141\u0105czno\u015b\u0107 optyczna w przestrzeni otwartej<\/li>\n<li>Czujniki \u015bwiat\u0142owodowe<\/li>\n<li>\u0179r\u00f3d\u0142a i detektory promieniowania<\/li>\n<li>Projektowanie o\u015bwietlenia wn\u0119trz i\u00a0teren\u00f3w zewn\u0119trznych<\/li>\n<li>Energetyka s\u0142oneczna, Projektowanie system\u00f3w solarnych<\/li>\n<li>Systemy komunikacji bezprzewodowej<\/li>\n<li>Przetwarzanie sygna\u0142\u00f3w w aparaturze pomiarowej. Analizatory sygna\u0142\u00f3w i\u00a0analizatory widma<\/li>\n<li>Parametry podstawowych konstrukcji anten<\/li>\n<li>Technika wielkich cz\u0119stotliwo\u015bci<\/li>\n<li>Metody i techniki testowania uk\u0142ad\u00f3w elektronicznych<\/li>\n<li>Urz\u0105dzenia radiowo-telewizyjne<\/li>\n<li>Uk\u0142ady radioelektroniczne<\/li>\n<li>Bezpiecze\u0144stwo system\u00f3w informacyjnych<\/li>\n<li>Zarz\u0105dzanie sieciami i us\u0142ugami telekomunikacyjnymi<\/li>\n<li>Sieci i aplikacje TCP\/IP<\/li>\n<\/ul>\n<div class=\"row\" style=\"margin-top: 1.5em;\">\n<div class=\"col-sm-4\">\n<div class=\"panel panel-default panel-sport animated zoomIn\">\n<div class=\"panel-heading text-center\"><span class=\"lead\">Materia\u0142y dydaktyczne<br \/>\n<\/span><\/div>\n<div class=\"panel-body\">\n<div class=\"image\"><a href=\"https:\/\/we.pb.edu.pl\/kfeits\/materialy-dydaktyczne\/\"><img loading=\"lazy\" decoding=\"async\" class=\"aligncenter wp-image-266 size-full\" src=\"\/kfeits\/wp-content\/uploads\/sites\/5\/2020\/03\/materia\u0142y_dydaktyczne_img.jpg\" alt=\"\" width=\"696\" height=\"410\"><\/a><\/div>\n<\/div>\n<\/div>\n<\/div>\n<div class=\"col-sm-4\">\n<div class=\"panel panel-default panel-sport animated zoomIn\">\n<div class=\"panel-heading text-center\"><span class=\"lead\">Egzamin dyplomowy<br \/>\n<\/span><\/div>\n<div class=\"panel-body\">\n<div class=\"image\"><a href=\"https:\/\/we.pb.edu.pl\/kfeits\/egzaminy-dyplomowe\/\"><img loading=\"lazy\" decoding=\"async\" class=\"aligncenter wp-image-786 size-full\" src=\"\/kfeits\/wp-content\/uploads\/sites\/5\/2020\/03\/egzaminy_dyplomowe_img.jpg\" alt=\"\" width=\"696\" height=\"410\"><\/a><\/div>\n<\/div>\n<\/div>\n<\/div>\n<div class=\"col-sm-4\">\n<div class=\"panel panel-default panel-sport animated zoomIn\">\n<div class=\"panel-heading text-center\"><span class=\"lead\">Konsultacje<br \/>\n<\/span><\/div>\n<div class=\"panel-body\">\n<div class=\"image\"><a href=\"https:\/\/we.pb.edu.pl\/kfeits\/konsultacje\/\"><img loading=\"lazy\" decoding=\"async\" class=\"wp-image-925 size-full aligncenter\" src=\"\/kfeits\/wp-content\/uploads\/sites\/5\/2020\/03\/konsultacje_img.jpg\" alt=\"\" width=\"696\" height=\"410\"><\/a><\/div>\n<\/div>\n<\/div>\n<\/div>\n<\/div>\n<p><!--\n\n\n<h3>Prace dyplomowe<\/h3>\n\n\n<a href=\"\/ktiae\/dydaktyka\/pytania-na-egzamin-dyplomowy\/\">Pytania na egzamin dyplomowy<\/a>\n\n<a href=\"https:\/\/we.pb.edu.pl\/ktiae\/wp-content\/uploads\/sites\/5\/2019\/06\/20190618135929421.pdf\">Pytania na egzamin dyplomowy - magisterski<\/a>\n--><\/p>\n","protected":false},"excerpt":{"rendered":"<p>Prowadzone przez pracownik\u00f3w Katedry zaj\u0119cia dydaktyczne s\u0105 powi\u0105zane z\u00a0tre\u015bciami kszta\u0142cenia na kierunkach: Elektronika i Telekomunikacja<a class=\"read-more\" href=\"https:\/\/we.pb.edu.pl\/kfeits\/dydaktyka\/\" title=\"Poka\u017c artyku\u0142 Dydaktyka\">wi\u0119cej<\/a><\/p>\n","protected":false},"author":9,"featured_media":0,"parent":0,"menu_order":0,"comment_status":"closed","ping_status":"closed","template":"","meta":{"inline_featured_image":false,"ngg_post_thumbnail":0,"footnotes":""},"class_list":["post-253","page","type-page","status-publish","hentry"],"acf":[],"yoast_head":"<!-- This site is optimized with the Yoast SEO plugin v26.4 - https:\/\/yoast.com\/wordpress\/plugins\/seo\/ -->\n<title>Dydaktyka - Katedra Fotoniki, Elektroniki i Techniki \u015awietlnej<\/title>\n<meta name=\"robots\" content=\"index, follow, max-snippet:-1, max-image-preview:large, max-video-preview:-1\" \/>\n<link rel=\"canonical\" href=\"https:\/\/we.pb.edu.pl\/kfeits\/dydaktyka\/\" \/>\n<meta property=\"og:locale\" content=\"pl_PL\" \/>\n<meta property=\"og:type\" content=\"article\" \/>\n<meta property=\"og:title\" content=\"Dydaktyka - Katedra Fotoniki, Elektroniki i Techniki \u015awietlnej\" \/>\n<meta property=\"og:description\" content=\"Prowadzone przez pracownik\u00f3w Katedry zaj\u0119cia dydaktyczne s\u0105 powi\u0105zane z\u00a0tre\u015bciami kszta\u0142cenia na kierunkach: Elektronika i Telekomunikacjawi\u0119cej\" \/>\n<meta property=\"og:url\" content=\"https:\/\/we.pb.edu.pl\/kfeits\/dydaktyka\/\" \/>\n<meta property=\"og:site_name\" content=\"Katedra Fotoniki, Elektroniki i Techniki \u015awietlnej\" \/>\n<meta property=\"article:modified_time\" content=\"2024-12-04T08:34:34+00:00\" \/>\n<meta name=\"twitter:card\" content=\"summary_large_image\" \/>\n<meta name=\"twitter:label1\" content=\"Szacowany czas czytania\" \/>\n\t<meta name=\"twitter:data1\" content=\"1 minuta\" \/>\n<script type=\"application\/ld+json\" class=\"yoast-schema-graph\">{\"@context\":\"https:\/\/schema.org\",\"@graph\":[{\"@type\":\"WebPage\",\"@id\":\"https:\/\/we.pb.edu.pl\/kfeits\/dydaktyka\/\",\"url\":\"https:\/\/we.pb.edu.pl\/kfeits\/dydaktyka\/\",\"name\":\"Dydaktyka - Katedra Fotoniki, Elektroniki i Techniki \u015awietlnej\",\"isPartOf\":{\"@id\":\"https:\/\/we.pb.edu.pl\/kfeits\/#website\"},\"datePublished\":\"2018-05-23T07:26:12+00:00\",\"dateModified\":\"2024-12-04T08:34:34+00:00\",\"breadcrumb\":{\"@id\":\"https:\/\/we.pb.edu.pl\/kfeits\/dydaktyka\/#breadcrumb\"},\"inLanguage\":\"pl-PL\",\"potentialAction\":[{\"@type\":\"ReadAction\",\"target\":[\"https:\/\/we.pb.edu.pl\/kfeits\/dydaktyka\/\"]}]},{\"@type\":\"BreadcrumbList\",\"@id\":\"https:\/\/we.pb.edu.pl\/kfeits\/dydaktyka\/#breadcrumb\",\"itemListElement\":[{\"@type\":\"ListItem\",\"position\":1,\"name\":\"Strona g\u0142\u00f3wna\",\"item\":\"https:\/\/we.pb.edu.pl\/kfeits\/\"},{\"@type\":\"ListItem\",\"position\":2,\"name\":\"Dydaktyka\"}]},{\"@type\":\"WebSite\",\"@id\":\"https:\/\/we.pb.edu.pl\/kfeits\/#website\",\"url\":\"https:\/\/we.pb.edu.pl\/kfeits\/\",\"name\":\"Katedra Fotoniki, Elektroniki i Techniki \u015awietlnej\",\"description\":\"\",\"potentialAction\":[{\"@type\":\"SearchAction\",\"target\":{\"@type\":\"EntryPoint\",\"urlTemplate\":\"https:\/\/we.pb.edu.pl\/kfeits\/?s={search_term_string}\"},\"query-input\":{\"@type\":\"PropertyValueSpecification\",\"valueRequired\":true,\"valueName\":\"search_term_string\"}}],\"inLanguage\":\"pl-PL\"}]}<\/script>\n<!-- \/ Yoast SEO plugin. -->","yoast_head_json":{"title":"Dydaktyka - Katedra Fotoniki, Elektroniki i Techniki \u015awietlnej","robots":{"index":"index","follow":"follow","max-snippet":"max-snippet:-1","max-image-preview":"max-image-preview:large","max-video-preview":"max-video-preview:-1"},"canonical":"https:\/\/we.pb.edu.pl\/kfeits\/dydaktyka\/","og_locale":"pl_PL","og_type":"article","og_title":"Dydaktyka - Katedra Fotoniki, Elektroniki i Techniki \u015awietlnej","og_description":"Prowadzone przez pracownik\u00f3w Katedry zaj\u0119cia dydaktyczne s\u0105 powi\u0105zane z\u00a0tre\u015bciami kszta\u0142cenia na kierunkach: Elektronika i Telekomunikacjawi\u0119cej","og_url":"https:\/\/we.pb.edu.pl\/kfeits\/dydaktyka\/","og_site_name":"Katedra Fotoniki, Elektroniki i Techniki \u015awietlnej","article_modified_time":"2024-12-04T08:34:34+00:00","twitter_card":"summary_large_image","twitter_misc":{"Szacowany czas czytania":"1 minuta"},"schema":{"@context":"https:\/\/schema.org","@graph":[{"@type":"WebPage","@id":"https:\/\/we.pb.edu.pl\/kfeits\/dydaktyka\/","url":"https:\/\/we.pb.edu.pl\/kfeits\/dydaktyka\/","name":"Dydaktyka - Katedra Fotoniki, Elektroniki i Techniki \u015awietlnej","isPartOf":{"@id":"https:\/\/we.pb.edu.pl\/kfeits\/#website"},"datePublished":"2018-05-23T07:26:12+00:00","dateModified":"2024-12-04T08:34:34+00:00","breadcrumb":{"@id":"https:\/\/we.pb.edu.pl\/kfeits\/dydaktyka\/#breadcrumb"},"inLanguage":"pl-PL","potentialAction":[{"@type":"ReadAction","target":["https:\/\/we.pb.edu.pl\/kfeits\/dydaktyka\/"]}]},{"@type":"BreadcrumbList","@id":"https:\/\/we.pb.edu.pl\/kfeits\/dydaktyka\/#breadcrumb","itemListElement":[{"@type":"ListItem","position":1,"name":"Strona g\u0142\u00f3wna","item":"https:\/\/we.pb.edu.pl\/kfeits\/"},{"@type":"ListItem","position":2,"name":"Dydaktyka"}]},{"@type":"WebSite","@id":"https:\/\/we.pb.edu.pl\/kfeits\/#website","url":"https:\/\/we.pb.edu.pl\/kfeits\/","name":"Katedra Fotoniki, Elektroniki i Techniki \u015awietlnej","description":"","potentialAction":[{"@type":"SearchAction","target":{"@type":"EntryPoint","urlTemplate":"https:\/\/we.pb.edu.pl\/kfeits\/?s={search_term_string}"},"query-input":{"@type":"PropertyValueSpecification","valueRequired":true,"valueName":"search_term_string"}}],"inLanguage":"pl-PL"}]}},"_links":{"self":[{"href":"https:\/\/we.pb.edu.pl\/kfeits\/wp-json\/wp\/v2\/pages\/253","targetHints":{"allow":["GET"]}}],"collection":[{"href":"https:\/\/we.pb.edu.pl\/kfeits\/wp-json\/wp\/v2\/pages"}],"about":[{"href":"https:\/\/we.pb.edu.pl\/kfeits\/wp-json\/wp\/v2\/types\/page"}],"author":[{"embeddable":true,"href":"https:\/\/we.pb.edu.pl\/kfeits\/wp-json\/wp\/v2\/users\/9"}],"replies":[{"embeddable":true,"href":"https:\/\/we.pb.edu.pl\/kfeits\/wp-json\/wp\/v2\/comments?post=253"}],"version-history":[{"count":32,"href":"https:\/\/we.pb.edu.pl\/kfeits\/wp-json\/wp\/v2\/pages\/253\/revisions"}],"predecessor-version":[{"id":5499,"href":"https:\/\/we.pb.edu.pl\/kfeits\/wp-json\/wp\/v2\/pages\/253\/revisions\/5499"}],"wp:attachment":[{"href":"https:\/\/we.pb.edu.pl\/kfeits\/wp-json\/wp\/v2\/media?parent=253"}],"curies":[{"name":"wp","href":"https:\/\/api.w.org\/{rel}","templated":true}]}}