{"id":2525,"date":"2020-10-09T22:02:13","date_gmt":"2020-10-09T20:02:13","guid":{"rendered":"https:\/\/we.pb.edu.pl\/kfeits\/?page_id=2525"},"modified":"2026-01-16T21:47:57","modified_gmt":"2026-01-16T20:47:57","slug":"anteny-i-techniki-bezprzewodowe","status":"publish","type":"page","link":"https:\/\/we.pb.edu.pl\/kfeits\/anteny-i-techniki-bezprzewodowe\/","title":{"rendered":"TS1F5040 Anteny i Techniki Bezprzewodowe"},"content":{"rendered":"<p style=\"text-align: center\"><strong>Materia\u0142y pomocnicze do wyk\u0142adu<\/strong><\/p>\n<p>&nbsp;<\/p>\n<p><span style=\"font-size: 14pt\">Prowadz\u0105cy zaj\u0119cia:\u00a0dr in\u017c. Maciej Sadowski<\/span><\/p>\n<p><span style=\"font-size: 14pt\">Termin: wyk\u0142ad, wtorek, godz. 10.15-12.00, sala WE-232<\/span><\/p>\n<p><span style=\"font-size: 14pt\">\u00a0 \u00a0 \u00a0 \u00a0 \u00a0 \u00a0 \u00a0 \u00a0laboratorium, wtorek, godz. 14.15-17.35, sala WE-319<\/span><\/p>\n<p>&nbsp;<\/p>\n<p>&nbsp;<\/p>\n<p>Wprowadzenie<\/p>\n<p><a href=\"https:\/\/box.biaman.pl\/f\/f13e9e88a0be4020a236\/\"><span style=\"font-size: 12pt\">Wyk\u0142ad 1<\/span><\/a><\/p>\n<p><a href=\"https:\/\/box.biaman.pl\/f\/ccb7957f4bc24c0986ad\/\"><span style=\"font-size: 12pt\">Wyk\u0142ad 2<\/span><\/a><\/p>\n<p><a href=\"https:\/\/box.biaman.pl\/f\/b74deea1366b45ba9f4f\/\">Wyk\u0142ad 3<\/a><\/p>\n<p><a href=\"https:\/\/box.biaman.pl\/f\/298210d30add49668615\/\">Wyk\u0142ad 4<\/a><\/p>\n<p><a href=\"https:\/\/box.biaman.pl\/seafhttp\/f\/acedb97aa74b42cc9734\/?op=view\">Karty katalogowe do kolokwium<\/a><\/p>\n<p>&nbsp;<\/p>\n<p><a href=\"https:\/\/box.biaman.pl\/f\/6e35983eaeed4b8bbbbc\/\">Wyk\u0142ad 5<\/a><\/p>\n<p><a href=\"https:\/\/box.biaman.pl\/f\/13eb790af9104343ac1f\/\">Wyk\u0142ad 6<\/a><\/p>\n<p><a href=\"https:\/\/box.biaman.pl\/f\/b4adfac6b3ac49d5a0de\/\">Wyk\u0142ad 7<\/a><\/p>\n<p>Propagacja<\/p>\n<p>&nbsp;<\/p>\n<p>Zagadnienia zaliczeniowe<\/p>\n<p>&nbsp;<\/p>\n<p>&nbsp;<\/p>\n<p>&nbsp;<\/p>\n<p style=\"text-align: center\"><strong>LABORATORIUM<\/strong><\/p>\n<p>Harmonogram zaj\u0119\u0107<\/p>\n<p><a href=\"https:\/\/box.biaman.pl\/f\/74304a2eb09f473daea8\/\">\u0106wiczenie 1<\/a><\/p>\n<p><a href=\"https:\/\/box.biaman.pl\/f\/e0d01a1df50f4c5b9b08\/\">\u0106wiczenie 2<\/a><\/p>\n<p><a href=\"https:\/\/box.biaman.pl\/f\/252e3b1b888c42bfbfb8\/\">\u0106wiczenie 3<\/a><\/p>\n<p>&nbsp;<\/p>\n<p><a href=\"https:\/\/box.biaman.pl\/f\/ac936671f81a41fe82da\/\">\u0106wiczenie 4<\/a><\/p>\n<p><a href=\"https:\/\/box.biaman.pl\/f\/c64244c810fd44d48ee8\/\">\u0106wiczenie 5<\/a><\/p>\n<p>\u0106wiczenie 6 (instrukcja b\u0119dzie dostepna wkr\u00f3tce)<\/p>\n<p>&nbsp;<\/p>\n<p>Informacje dotycz\u0105ce sprawozda\u0144<\/p>\n<ul>\n<li>sprawozdania wykonywane s\u0105 w postaci elektronicznej<\/li>\n<li>prosz\u0119 o nadawanie tytu\u0142\u00f3w plik\u00f3w sprawozda\u0144 zgodnie z nast\u0119puj\u0105cym wzorem:<strong> G1_Z1_CW1_Nazwisko.pdf<\/strong> (tzn. G numer grupy_Z-zesp\u00f3\u0142 numer zespo\u0142u_CW &#8211; \u0107wiczenie, numer cwiczenia)<\/li>\n<\/ul>\n<p>&nbsp;<\/p>\n<p>&nbsp;<\/p>\n","protected":false},"excerpt":{"rendered":"<p>Materia\u0142y pomocnicze do wyk\u0142adu &nbsp; Prowadz\u0105cy zaj\u0119cia:\u00a0dr in\u017c. Maciej Sadowski Termin: wyk\u0142ad, wtorek, godz. 10.15-12.00,<a class=\"read-more\" href=\"https:\/\/we.pb.edu.pl\/kfeits\/anteny-i-techniki-bezprzewodowe\/\" title=\"Poka\u017c artyku\u0142 TS1F5040 Anteny i Techniki Bezprzewodowe\">wi\u0119cej<\/a><\/p>\n","protected":false},"author":21,"featured_media":0,"parent":0,"menu_order":0,"comment_status":"closed","ping_status":"closed","template":"","meta":{"inline_featured_image":false,"ngg_post_thumbnail":0,"footnotes":""},"class_list":["post-2525","page","type-page","status-publish","hentry"],"acf":[],"yoast_head":"<!-- This site is optimized with the Yoast SEO plugin v26.4 - https:\/\/yoast.com\/wordpress\/plugins\/seo\/ -->\n<title>TS1F5040 Anteny i Techniki Bezprzewodowe - Katedra Fotoniki, Elektroniki i Techniki \u015awietlnej<\/title>\n<meta name=\"robots\" content=\"index, follow, max-snippet:-1, max-image-preview:large, max-video-preview:-1\" \/>\n<link rel=\"canonical\" href=\"https:\/\/we.pb.edu.pl\/kfeits\/anteny-i-techniki-bezprzewodowe\/\" \/>\n<meta property=\"og:locale\" content=\"pl_PL\" \/>\n<meta property=\"og:type\" content=\"article\" \/>\n<meta property=\"og:title\" content=\"TS1F5040 Anteny i Techniki Bezprzewodowe - Katedra Fotoniki, Elektroniki i Techniki \u015awietlnej\" \/>\n<meta property=\"og:description\" content=\"Materia\u0142y pomocnicze do wyk\u0142adu &nbsp; Prowadz\u0105cy zaj\u0119cia:\u00a0dr in\u017c. Maciej Sadowski Termin: wyk\u0142ad, wtorek, godz. 10.15-12.00,wi\u0119cej\" \/>\n<meta property=\"og:url\" content=\"https:\/\/we.pb.edu.pl\/kfeits\/anteny-i-techniki-bezprzewodowe\/\" \/>\n<meta property=\"og:site_name\" content=\"Katedra Fotoniki, Elektroniki i Techniki \u015awietlnej\" \/>\n<meta property=\"article:modified_time\" content=\"2026-01-16T20:47:57+00:00\" \/>\n<meta name=\"twitter:card\" content=\"summary_large_image\" \/>\n<meta name=\"twitter:label1\" content=\"Szacowany czas czytania\" \/>\n\t<meta name=\"twitter:data1\" content=\"1 minuta\" \/>\n<script type=\"application\/ld+json\" class=\"yoast-schema-graph\">{\"@context\":\"https:\/\/schema.org\",\"@graph\":[{\"@type\":\"WebPage\",\"@id\":\"https:\/\/we.pb.edu.pl\/kfeits\/anteny-i-techniki-bezprzewodowe\/\",\"url\":\"https:\/\/we.pb.edu.pl\/kfeits\/anteny-i-techniki-bezprzewodowe\/\",\"name\":\"TS1F5040 Anteny i Techniki Bezprzewodowe - Katedra Fotoniki, Elektroniki i Techniki \u015awietlnej\",\"isPartOf\":{\"@id\":\"https:\/\/we.pb.edu.pl\/kfeits\/#website\"},\"datePublished\":\"2020-10-09T20:02:13+00:00\",\"dateModified\":\"2026-01-16T20:47:57+00:00\",\"breadcrumb\":{\"@id\":\"https:\/\/we.pb.edu.pl\/kfeits\/anteny-i-techniki-bezprzewodowe\/#breadcrumb\"},\"inLanguage\":\"pl-PL\",\"potentialAction\":[{\"@type\":\"ReadAction\",\"target\":[\"https:\/\/we.pb.edu.pl\/kfeits\/anteny-i-techniki-bezprzewodowe\/\"]}]},{\"@type\":\"BreadcrumbList\",\"@id\":\"https:\/\/we.pb.edu.pl\/kfeits\/anteny-i-techniki-bezprzewodowe\/#breadcrumb\",\"itemListElement\":[{\"@type\":\"ListItem\",\"position\":1,\"name\":\"Strona g\u0142\u00f3wna\",\"item\":\"https:\/\/we.pb.edu.pl\/kfeits\/\"},{\"@type\":\"ListItem\",\"position\":2,\"name\":\"TS1F5040 Anteny i Techniki Bezprzewodowe\"}]},{\"@type\":\"WebSite\",\"@id\":\"https:\/\/we.pb.edu.pl\/kfeits\/#website\",\"url\":\"https:\/\/we.pb.edu.pl\/kfeits\/\",\"name\":\"Katedra Fotoniki, Elektroniki i Techniki \u015awietlnej\",\"description\":\"\",\"potentialAction\":[{\"@type\":\"SearchAction\",\"target\":{\"@type\":\"EntryPoint\",\"urlTemplate\":\"https:\/\/we.pb.edu.pl\/kfeits\/?s={search_term_string}\"},\"query-input\":{\"@type\":\"PropertyValueSpecification\",\"valueRequired\":true,\"valueName\":\"search_term_string\"}}],\"inLanguage\":\"pl-PL\"}]}<\/script>\n<!-- \/ Yoast SEO plugin. -->","yoast_head_json":{"title":"TS1F5040 Anteny i Techniki Bezprzewodowe - Katedra Fotoniki, Elektroniki i Techniki \u015awietlnej","robots":{"index":"index","follow":"follow","max-snippet":"max-snippet:-1","max-image-preview":"max-image-preview:large","max-video-preview":"max-video-preview:-1"},"canonical":"https:\/\/we.pb.edu.pl\/kfeits\/anteny-i-techniki-bezprzewodowe\/","og_locale":"pl_PL","og_type":"article","og_title":"TS1F5040 Anteny i Techniki Bezprzewodowe - Katedra Fotoniki, Elektroniki i Techniki \u015awietlnej","og_description":"Materia\u0142y pomocnicze do wyk\u0142adu &nbsp; Prowadz\u0105cy zaj\u0119cia:\u00a0dr in\u017c. Maciej Sadowski Termin: wyk\u0142ad, wtorek, godz. 10.15-12.00,wi\u0119cej","og_url":"https:\/\/we.pb.edu.pl\/kfeits\/anteny-i-techniki-bezprzewodowe\/","og_site_name":"Katedra Fotoniki, Elektroniki i Techniki \u015awietlnej","article_modified_time":"2026-01-16T20:47:57+00:00","twitter_card":"summary_large_image","twitter_misc":{"Szacowany czas czytania":"1 minuta"},"schema":{"@context":"https:\/\/schema.org","@graph":[{"@type":"WebPage","@id":"https:\/\/we.pb.edu.pl\/kfeits\/anteny-i-techniki-bezprzewodowe\/","url":"https:\/\/we.pb.edu.pl\/kfeits\/anteny-i-techniki-bezprzewodowe\/","name":"TS1F5040 Anteny i Techniki Bezprzewodowe - Katedra Fotoniki, Elektroniki i Techniki \u015awietlnej","isPartOf":{"@id":"https:\/\/we.pb.edu.pl\/kfeits\/#website"},"datePublished":"2020-10-09T20:02:13+00:00","dateModified":"2026-01-16T20:47:57+00:00","breadcrumb":{"@id":"https:\/\/we.pb.edu.pl\/kfeits\/anteny-i-techniki-bezprzewodowe\/#breadcrumb"},"inLanguage":"pl-PL","potentialAction":[{"@type":"ReadAction","target":["https:\/\/we.pb.edu.pl\/kfeits\/anteny-i-techniki-bezprzewodowe\/"]}]},{"@type":"BreadcrumbList","@id":"https:\/\/we.pb.edu.pl\/kfeits\/anteny-i-techniki-bezprzewodowe\/#breadcrumb","itemListElement":[{"@type":"ListItem","position":1,"name":"Strona g\u0142\u00f3wna","item":"https:\/\/we.pb.edu.pl\/kfeits\/"},{"@type":"ListItem","position":2,"name":"TS1F5040 Anteny i Techniki Bezprzewodowe"}]},{"@type":"WebSite","@id":"https:\/\/we.pb.edu.pl\/kfeits\/#website","url":"https:\/\/we.pb.edu.pl\/kfeits\/","name":"Katedra Fotoniki, Elektroniki i Techniki \u015awietlnej","description":"","potentialAction":[{"@type":"SearchAction","target":{"@type":"EntryPoint","urlTemplate":"https:\/\/we.pb.edu.pl\/kfeits\/?s={search_term_string}"},"query-input":{"@type":"PropertyValueSpecification","valueRequired":true,"valueName":"search_term_string"}}],"inLanguage":"pl-PL"}]}},"_links":{"self":[{"href":"https:\/\/we.pb.edu.pl\/kfeits\/wp-json\/wp\/v2\/pages\/2525","targetHints":{"allow":["GET"]}}],"collection":[{"href":"https:\/\/we.pb.edu.pl\/kfeits\/wp-json\/wp\/v2\/pages"}],"about":[{"href":"https:\/\/we.pb.edu.pl\/kfeits\/wp-json\/wp\/v2\/types\/page"}],"author":[{"embeddable":true,"href":"https:\/\/we.pb.edu.pl\/kfeits\/wp-json\/wp\/v2\/users\/21"}],"replies":[{"embeddable":true,"href":"https:\/\/we.pb.edu.pl\/kfeits\/wp-json\/wp\/v2\/comments?post=2525"}],"version-history":[{"count":19,"href":"https:\/\/we.pb.edu.pl\/kfeits\/wp-json\/wp\/v2\/pages\/2525\/revisions"}],"predecessor-version":[{"id":6172,"href":"https:\/\/we.pb.edu.pl\/kfeits\/wp-json\/wp\/v2\/pages\/2525\/revisions\/6172"}],"wp:attachment":[{"href":"https:\/\/we.pb.edu.pl\/kfeits\/wp-json\/wp\/v2\/media?parent=2525"}],"curies":[{"name":"wp","href":"https:\/\/api.w.org\/{rel}","templated":true}]}}