{"id":2437,"date":"2020-09-28T15:32:13","date_gmt":"2020-09-28T13:32:13","guid":{"rendered":"https:\/\/we.pb.edu.pl\/kfeits\/?page_id=2437"},"modified":"2024-11-26T16:13:37","modified_gmt":"2024-11-26T15:13:37","slug":"systemy-voip","status":"publish","type":"page","link":"https:\/\/we.pb.edu.pl\/kfeits\/krzysztof-konopko\/eit1s\/systemy-voip\/","title":{"rendered":"Systemy VoIP"},"content":{"rendered":"<p><strong>ul. Zwierzyniecka 10, 15-351 Bia\u0142ystok, s. CBD-32<\/strong><\/p>\n<p>prowadz\u0105cy: <a href=\"https:\/\/we.pb.edu.pl\/kfeits\/krzysztof-konopko\/\">Krzysztof Konopko<\/a><\/p>\n<hr \/>\n<p><strong>Prezentacje z wyk\u0142adu:<\/strong><\/p>\n<ul>\n<li><a href=\"https:\/\/box.biaman.pl\/f\/dc150cdf58f1445e81e4\/?raw=1&amp;ext=.pdf\">Wiadomo\u015bci wst\u0119pne.\u00a0Voice over Internet Protocol.\u00a0Session Initiation Protocol.<\/a><\/li>\n<li><a href=\"https:\/\/box.biaman.pl\/f\/77b7e17379844355a1c4\/?raw=1&amp;ext=.pdf\">Protoko\u0142y komunikacyjne stosowane w systemach VoIP: SDP (ang Session Description Protocol), RTP (ang. Real-time Transport Protocol). Wprowadzenie do Asteriska.<\/a><\/li>\n<li><a href=\"https:\/\/box.biaman.pl\/f\/a9db73f8dcb846b7a04c\/?raw=1&amp;ext=.pdf\">Programowa centrala Asterisk: konfiguracja interfejs\u00f3w do sieci komutowanych i pakietowych, administracja abonentami, kierowanie wywo\u0142a\u0144, wybrane us\u0142ugi.<\/a><\/li>\n<li><a href=\"https:\/\/box.biaman.pl\/f\/e57db76c71b342f9853c\/?raw=1&amp;ext=.pdf\">System monitorowania i bezpiecze\u0144stwo system\u00f3w VoIP. Metody oceny jako\u015bci transmisji sygna\u0142\u00f3w mowy.<\/a><\/li>\n<li>Standaryzacja w systemach VoIP.<\/li>\n<\/ul>\n<hr \/>\n<p><strong>Instrukcje do<\/strong> <strong>\u0107wicze\u0144 laboratoryjnych:<\/strong><\/p>\n<ul>\n<li><a href=\"https:\/\/box.biaman.pl\/f\/9ccd15d396fa4f16b9a2\/?raw=1&amp;ext=.pdf\">Instalacja centrali Asterisk PBX w systemie wbudowanym.<\/a><\/li>\n<li><a href=\"https:\/\/box.biaman.pl\/f\/0783f38bb61b4973802c\/?raw=1&amp;ext=.pdf\">Asterisk: konfiguracja kana\u0142\u00f3w transmisyjnych.<\/a><\/li>\n<li><a href=\"https:\/\/box.biaman.pl\/f\/5f0ce80d749f4986a6d9\/?raw=1&amp;ext=.pdf\">Asterisk: us\u0142ugi.<\/a><\/li>\n<li><a href=\"https:\/\/box.biaman.pl\/f\/c213d956aade41a0a21d\/?raw=1&amp;ext=.pdf\">Pomiar jako\u015bci transmisji sygna\u0142\u00f3w mowy.<\/a><\/li>\n<\/ul>\n<hr \/>\n<p><strong>Literatura:<\/strong><\/p>\n<ul>\n<li>J. Van Meggelen, R. Bryant, L. Madsen. Asterisk: The Definitive Guide: Open Source<br \/>\nTelephony for the Enterprise. O\u2019Reilly Media, 2019.<\/li>\n<li>T. Wallingford, E. Muszy\u0144ska, M. Marczak. VoIP: praktyczny przewodnik po telefonii in-<br \/>\nternetowej. Helion, 2007.<\/li>\n<li>Asterisk. https:\/\/wiki.asterisk.org\/wiki\/display\/AST\/Home\/, 2020.<\/li>\n<li>Wireshark user\u2019s guide v. 3.3. https:\/\/www.wireshark.org\/docs\/wsug_html\/, 2020.<\/li>\n<\/ul>\n","protected":false},"excerpt":{"rendered":"<p>ul. Zwierzyniecka 10, 15-351 Bia\u0142ystok, s. CBD-32 prowadz\u0105cy: Krzysztof Konopko Prezentacje z wyk\u0142adu: Wiadomo\u015bci wst\u0119pne.\u00a0Voice<a class=\"read-more\" href=\"https:\/\/we.pb.edu.pl\/kfeits\/krzysztof-konopko\/eit1s\/systemy-voip\/\" title=\"Poka\u017c artyku\u0142 Systemy VoIP\">wi\u0119cej<\/a><\/p>\n","protected":false},"author":20,"featured_media":0,"parent":4393,"menu_order":0,"comment_status":"closed","ping_status":"closed","template":"","meta":{"inline_featured_image":false,"ngg_post_thumbnail":0,"footnotes":""},"class_list":["post-2437","page","type-page","status-publish","hentry"],"acf":[],"yoast_head":"<!-- This site is optimized with the Yoast SEO plugin v26.4 - https:\/\/yoast.com\/wordpress\/plugins\/seo\/ -->\n<title>Systemy VoIP - Katedra Fotoniki, Elektroniki i Techniki \u015awietlnej<\/title>\n<meta name=\"robots\" content=\"index, follow, max-snippet:-1, max-image-preview:large, max-video-preview:-1\" \/>\n<link rel=\"canonical\" href=\"https:\/\/we.pb.edu.pl\/kfeits\/krzysztof-konopko\/eit1s\/systemy-voip\/\" \/>\n<meta property=\"og:locale\" content=\"pl_PL\" \/>\n<meta property=\"og:type\" content=\"article\" \/>\n<meta property=\"og:title\" content=\"Systemy VoIP - Katedra Fotoniki, Elektroniki i Techniki \u015awietlnej\" \/>\n<meta property=\"og:description\" content=\"ul. Zwierzyniecka 10, 15-351 Bia\u0142ystok, s. CBD-32 prowadz\u0105cy: Krzysztof Konopko Prezentacje z wyk\u0142adu: Wiadomo\u015bci wst\u0119pne.\u00a0Voicewi\u0119cej\" \/>\n<meta property=\"og:url\" content=\"https:\/\/we.pb.edu.pl\/kfeits\/krzysztof-konopko\/eit1s\/systemy-voip\/\" \/>\n<meta property=\"og:site_name\" content=\"Katedra Fotoniki, Elektroniki i Techniki \u015awietlnej\" \/>\n<meta property=\"article:modified_time\" content=\"2024-11-26T15:13:37+00:00\" \/>\n<meta name=\"twitter:card\" content=\"summary_large_image\" \/>\n<meta name=\"twitter:label1\" content=\"Szacowany czas czytania\" \/>\n\t<meta name=\"twitter:data1\" content=\"1 minuta\" \/>\n<script type=\"application\/ld+json\" class=\"yoast-schema-graph\">{\"@context\":\"https:\/\/schema.org\",\"@graph\":[{\"@type\":\"WebPage\",\"@id\":\"https:\/\/we.pb.edu.pl\/kfeits\/krzysztof-konopko\/eit1s\/systemy-voip\/\",\"url\":\"https:\/\/we.pb.edu.pl\/kfeits\/krzysztof-konopko\/eit1s\/systemy-voip\/\",\"name\":\"Systemy VoIP - Katedra Fotoniki, Elektroniki i Techniki \u015awietlnej\",\"isPartOf\":{\"@id\":\"https:\/\/we.pb.edu.pl\/kfeits\/#website\"},\"datePublished\":\"2020-09-28T13:32:13+00:00\",\"dateModified\":\"2024-11-26T15:13:37+00:00\",\"breadcrumb\":{\"@id\":\"https:\/\/we.pb.edu.pl\/kfeits\/krzysztof-konopko\/eit1s\/systemy-voip\/#breadcrumb\"},\"inLanguage\":\"pl-PL\",\"potentialAction\":[{\"@type\":\"ReadAction\",\"target\":[\"https:\/\/we.pb.edu.pl\/kfeits\/krzysztof-konopko\/eit1s\/systemy-voip\/\"]}]},{\"@type\":\"BreadcrumbList\",\"@id\":\"https:\/\/we.pb.edu.pl\/kfeits\/krzysztof-konopko\/eit1s\/systemy-voip\/#breadcrumb\",\"itemListElement\":[{\"@type\":\"ListItem\",\"position\":1,\"name\":\"Strona g\u0142\u00f3wna\",\"item\":\"https:\/\/we.pb.edu.pl\/kfeits\/\"},{\"@type\":\"ListItem\",\"position\":2,\"name\":\"dr in\u017c. Krzysztof Konopko\",\"item\":\"https:\/\/we.pb.edu.pl\/kfeits\/krzysztof-konopko\/\"},{\"@type\":\"ListItem\",\"position\":3,\"name\":\"EiT1S\",\"item\":\"https:\/\/we.pb.edu.pl\/kfeits\/krzysztof-konopko\/eit1s\/\"},{\"@type\":\"ListItem\",\"position\":4,\"name\":\"Systemy VoIP\"}]},{\"@type\":\"WebSite\",\"@id\":\"https:\/\/we.pb.edu.pl\/kfeits\/#website\",\"url\":\"https:\/\/we.pb.edu.pl\/kfeits\/\",\"name\":\"Katedra Fotoniki, Elektroniki i Techniki \u015awietlnej\",\"description\":\"\",\"potentialAction\":[{\"@type\":\"SearchAction\",\"target\":{\"@type\":\"EntryPoint\",\"urlTemplate\":\"https:\/\/we.pb.edu.pl\/kfeits\/?s={search_term_string}\"},\"query-input\":{\"@type\":\"PropertyValueSpecification\",\"valueRequired\":true,\"valueName\":\"search_term_string\"}}],\"inLanguage\":\"pl-PL\"}]}<\/script>\n<!-- \/ Yoast SEO plugin. -->","yoast_head_json":{"title":"Systemy VoIP - Katedra Fotoniki, Elektroniki i Techniki \u015awietlnej","robots":{"index":"index","follow":"follow","max-snippet":"max-snippet:-1","max-image-preview":"max-image-preview:large","max-video-preview":"max-video-preview:-1"},"canonical":"https:\/\/we.pb.edu.pl\/kfeits\/krzysztof-konopko\/eit1s\/systemy-voip\/","og_locale":"pl_PL","og_type":"article","og_title":"Systemy VoIP - Katedra Fotoniki, Elektroniki i Techniki \u015awietlnej","og_description":"ul. Zwierzyniecka 10, 15-351 Bia\u0142ystok, s. CBD-32 prowadz\u0105cy: Krzysztof Konopko Prezentacje z wyk\u0142adu: Wiadomo\u015bci wst\u0119pne.\u00a0Voicewi\u0119cej","og_url":"https:\/\/we.pb.edu.pl\/kfeits\/krzysztof-konopko\/eit1s\/systemy-voip\/","og_site_name":"Katedra Fotoniki, Elektroniki i Techniki \u015awietlnej","article_modified_time":"2024-11-26T15:13:37+00:00","twitter_card":"summary_large_image","twitter_misc":{"Szacowany czas czytania":"1 minuta"},"schema":{"@context":"https:\/\/schema.org","@graph":[{"@type":"WebPage","@id":"https:\/\/we.pb.edu.pl\/kfeits\/krzysztof-konopko\/eit1s\/systemy-voip\/","url":"https:\/\/we.pb.edu.pl\/kfeits\/krzysztof-konopko\/eit1s\/systemy-voip\/","name":"Systemy VoIP - Katedra Fotoniki, Elektroniki i Techniki \u015awietlnej","isPartOf":{"@id":"https:\/\/we.pb.edu.pl\/kfeits\/#website"},"datePublished":"2020-09-28T13:32:13+00:00","dateModified":"2024-11-26T15:13:37+00:00","breadcrumb":{"@id":"https:\/\/we.pb.edu.pl\/kfeits\/krzysztof-konopko\/eit1s\/systemy-voip\/#breadcrumb"},"inLanguage":"pl-PL","potentialAction":[{"@type":"ReadAction","target":["https:\/\/we.pb.edu.pl\/kfeits\/krzysztof-konopko\/eit1s\/systemy-voip\/"]}]},{"@type":"BreadcrumbList","@id":"https:\/\/we.pb.edu.pl\/kfeits\/krzysztof-konopko\/eit1s\/systemy-voip\/#breadcrumb","itemListElement":[{"@type":"ListItem","position":1,"name":"Strona g\u0142\u00f3wna","item":"https:\/\/we.pb.edu.pl\/kfeits\/"},{"@type":"ListItem","position":2,"name":"dr in\u017c. Krzysztof Konopko","item":"https:\/\/we.pb.edu.pl\/kfeits\/krzysztof-konopko\/"},{"@type":"ListItem","position":3,"name":"EiT1S","item":"https:\/\/we.pb.edu.pl\/kfeits\/krzysztof-konopko\/eit1s\/"},{"@type":"ListItem","position":4,"name":"Systemy VoIP"}]},{"@type":"WebSite","@id":"https:\/\/we.pb.edu.pl\/kfeits\/#website","url":"https:\/\/we.pb.edu.pl\/kfeits\/","name":"Katedra Fotoniki, Elektroniki i Techniki \u015awietlnej","description":"","potentialAction":[{"@type":"SearchAction","target":{"@type":"EntryPoint","urlTemplate":"https:\/\/we.pb.edu.pl\/kfeits\/?s={search_term_string}"},"query-input":{"@type":"PropertyValueSpecification","valueRequired":true,"valueName":"search_term_string"}}],"inLanguage":"pl-PL"}]}},"_links":{"self":[{"href":"https:\/\/we.pb.edu.pl\/kfeits\/wp-json\/wp\/v2\/pages\/2437","targetHints":{"allow":["GET"]}}],"collection":[{"href":"https:\/\/we.pb.edu.pl\/kfeits\/wp-json\/wp\/v2\/pages"}],"about":[{"href":"https:\/\/we.pb.edu.pl\/kfeits\/wp-json\/wp\/v2\/types\/page"}],"author":[{"embeddable":true,"href":"https:\/\/we.pb.edu.pl\/kfeits\/wp-json\/wp\/v2\/users\/20"}],"replies":[{"embeddable":true,"href":"https:\/\/we.pb.edu.pl\/kfeits\/wp-json\/wp\/v2\/comments?post=2437"}],"version-history":[{"count":46,"href":"https:\/\/we.pb.edu.pl\/kfeits\/wp-json\/wp\/v2\/pages\/2437\/revisions"}],"predecessor-version":[{"id":5468,"href":"https:\/\/we.pb.edu.pl\/kfeits\/wp-json\/wp\/v2\/pages\/2437\/revisions\/5468"}],"up":[{"embeddable":true,"href":"https:\/\/we.pb.edu.pl\/kfeits\/wp-json\/wp\/v2\/pages\/4393"}],"wp:attachment":[{"href":"https:\/\/we.pb.edu.pl\/kfeits\/wp-json\/wp\/v2\/media?parent=2437"}],"curies":[{"name":"wp","href":"https:\/\/api.w.org\/{rel}","templated":true}]}}