{"id":2415,"date":"2020-09-22T10:20:51","date_gmt":"2020-09-22T08:20:51","guid":{"rendered":"https:\/\/we.pb.edu.pl\/kfeits\/?page_id=2415"},"modified":"2023-09-27T19:50:14","modified_gmt":"2023-09-27T17:50:14","slug":"programowanie-systemow-wbudowanych","status":"publish","type":"page","link":"https:\/\/we.pb.edu.pl\/kfeits\/krzysztof-konopko\/air1s\/programowanie-systemow-wbudowanych\/","title":{"rendered":"Programowanie system\u00f3w wbudowanych"},"content":{"rendered":"<p><strong>ul. Zwierzyniecka 10, 15-351 Bia\u0142ystok, s. CBD-32<\/strong><\/p>\n<p>prowadz\u0105cy: <a href=\"\/kfeits\/krzysztof-konopko\/\">Krzysztof Konopko,<\/a> Dariusz Ja\u0144czak, Jaros\u0142aw Wiater<\/p>\n<hr \/>\n<p><strong>Prezentacje z wyk\u0142ad\u00f3w:<br \/>\n<\/strong><\/p>\n<ul>\n<li><a href=\"https:\/\/box.biaman.pl\/f\/0c1d1b62dcf04875bc99\/?raw=1&amp;ext=.pdf\">Informacje o przedmiocie<\/a>.<\/li>\n<li><a href=\"https:\/\/box.biaman.pl\/f\/bc0b019693394dc9a692\/?raw=1&amp;ext=.pdf\">Wprowadzenie do system\u00f3w wbudowanych<\/a>.<\/li>\n<li><a href=\"https:\/\/box.biaman.pl\/f\/417bc22e666443178beb\/?raw=1&amp;ext=.pdf\">Cortex-M. RCC. GPIO.<\/a><\/li>\n<li><a href=\"https:\/\/box.biaman.pl\/f\/3de9f944ae0b4e1eb822\/?raw=1&amp;ext=.pdf\">Przerwania. Timery.<\/a><\/li>\n<li><a href=\"https:\/\/box.biaman.pl\/f\/a8f6cf973f714c3fb5f1\/?raw=1&amp;ext=.pdf\">Przetworniki. Interfejsy komunikacyjne.<\/a><\/li>\n<li><a href=\"https:\/\/box.biaman.pl\/f\/c7c2f0bcfb5945568098\/?raw=1&amp;ext=.pdf\">\u015arodowisko kompilacji skro\u015bnej &#8211; toolchain.<\/a><\/li>\n<li><a href=\"https:\/\/box.biaman.pl\/f\/f68221d2ff6040449b94\/?raw=1&amp;ext=.pdf\">System bazowy.<\/a><\/li>\n<li><a href=\"https:\/\/box.biaman.pl\/f\/2f2156986add409bb664\/?raw=1&amp;ext=.pdf\">Programowanie system\u00f3w wbudowanych.<\/a><\/li>\n<\/ul>\n<hr \/>\n<p><strong>Instrukcje do \u0107wicze\u0144 laboratoryjnych:<\/strong><\/p>\n<ul>\n<li><a href=\"https:\/\/box.biaman.pl\/f\/84a6d9024fdd4887b6f8\/?raw=1&amp;ext=.pdf\">Atolic TrueSTUDIO<\/a>.<\/li>\n<li><a href=\"https:\/\/box.biaman.pl\/f\/8db0939be13e4b568151\/?raw=1&amp;ext=.pdf\">GPIO<\/a>, <a href=\"https:\/\/box.biaman.pl\/f\/098cdb2a50774e00af80\/?raw=1&amp;ext=.pdf\">zadania<\/a>.<\/li>\n<li><a href=\"https:\/\/box.biaman.pl\/f\/750bb093f5ef4488b25c\/?raw=1&amp;ext=.pdf\">RCC<\/a>, <a href=\"https:\/\/box.biaman.pl\/f\/91b2a59efcc042cd8f24\/?raw=1&amp;ext=.pdf\">zadania.<\/a><\/li>\n<li><a href=\"https:\/\/box.biaman.pl\/f\/dd6c5dc3bbb84165ac0c\/?raw=1&amp;ext=.pdf\">LCD<\/a>, <a href=\"https:\/\/box.biaman.pl\/f\/42b95a6c78e544b58bf4\/?raw=1&amp;ext=.pdf\">zadania.<\/a><\/li>\n<li><a href=\"https:\/\/box.biaman.pl\/f\/59048921c95c4cfb9ca5\/?raw=1&amp;ext=.pdf\">ADC<\/a>, <a href=\"https:\/\/box.biaman.pl\/f\/1de01c39ef194635bd2a\/?raw=1&amp;ext=.pdf\">zadania.<\/a><\/li>\n<li><a href=\"https:\/\/box.biaman.pl\/f\/368e2b1073a34c6289b7\/?raw=1&amp;ext=.pdf\">Obs\u0142uga przerwa\u0144<\/a>, <a href=\"https:\/\/box.biaman.pl\/f\/665ca6b6775a41beac36\/?raw=1&amp;ext=.pdf\">zadania.<\/a><\/li>\n<li><a href=\"https:\/\/box.biaman.pl\/f\/b1ef84bceb3145b38688\/?raw=1&amp;ext=.pdf\">Timery<\/a>, <a href=\"https:\/\/box.biaman.pl\/f\/ac42196d8bbe436ca637\/?raw=1&amp;ext=.pdf\">zadania.<\/a><\/li>\n<li><a href=\"https:\/\/box.biaman.pl\/f\/4be191f0a4d84c54bdba\/?raw=1&amp;ext=.pdf\">DAC<\/a>, <a href=\"https:\/\/box.biaman.pl\/f\/df3443d617f74a6695e8\/?raw=1&amp;ext=.pdf\">zadania.<\/a><\/li>\n<li><a href=\"https:\/\/box.biaman.pl\/f\/f592585092b74cb5bad9\/?raw=1&amp;ext=.pdf\">Konfigurowanie \u015brodowiska kompilacji skro\u015bnej dla architektury ARM.<\/a><\/li>\n<li><a href=\"https:\/\/box.biaman.pl\/f\/88201cdbd55e458c8e3b\/?raw=1&amp;ext=.pdf\">Kompilacja skro\u015bna j\u0105dra Linuksa dla systemu wbudowanego.<\/a><\/li>\n<li><a href=\"https:\/\/box.biaman.pl\/f\/3f70b51f0e8d426982bb\/\">Minimalistyczny system z zastosowaniem Busyboksa<\/a> (obraz systemu <a href=\"https:\/\/box.biaman.pl\/f\/6a37fe0658924929ae79\/?dl=1\">rpi.img<\/a>, plik <a href=\"https:\/\/box.biaman.pl\/f\/c6b2e120e48f45d0844f\/?dl=1\">config.txt<\/a>, plik <a href=\"https:\/\/box.biaman.pl\/f\/fb9e3440c0ce46f79779\/?dl=1\">cmdline.txt<\/a>).<\/li>\n<li><a href=\"https:\/\/box.biaman.pl\/f\/5890361c456b4676b02f\/?raw=1&amp;ext=.pdf\">Obs\u0142uga sensor\u00f3w w systemie wbudowanym.<\/a><\/li>\n<li><a href=\"https:\/\/box.biaman.pl\/f\/eb830eb6b5074aa28974\/?raw=1&amp;ext=.pdf\">Programowanie system\u00f3w wbudowanych.<\/a><\/li>\n<\/ul>\n<p><strong>Materia\u0142y dodatkowe:<\/strong><\/p>\n<ul>\n<li><a href=\"https:\/\/box.biaman.pl\/f\/71f135a9d29b4b6ea137\/?dl=1\">Pusty projekt<\/a>.<\/li>\n<li><a href=\"https:\/\/box.biaman.pl\/f\/7d9e31b9cc4c4d60a205\/?dl=1\">LCD projekt.<\/a><\/li>\n<li><a href=\"https:\/\/box.biaman.pl\/f\/1b20cd3853e445369c8d\/?dl=1\">EXTI projekt.<\/a><\/li>\n<\/ul>\n<hr \/>\n<p><strong>Literatura:<\/strong><\/p>\n<ul>\n<li>Maciej Szumski, <em>Mikrokontrolery STM32 w systemach sterowania i regulacji<\/em>, Wydawnictwo BTC, Legionowo, 2017.<\/li>\n<li>Bis M., <i>Linux w systemach embedded<\/i>, Wydawnictwo BTC, Warszawa 2011.<\/li>\n<li>Love R., <i>J\u0105dro Linuksa : przewodnik programisty<\/i>, Helion, Gliwice 2014.<\/li>\n<li>Dokumentacja zestawu ZL29ARM: <a href=\"http:\/\/kamami.pl\/dl\/zl29arm.pdf\">http:\/\/kamami.pl\/dl\/zl29arm.pdf.<\/a><\/li>\n<li>STM32F107VC Datasheet: <a href=\"http:\/\/www.st.com\/resource\/en\/datasheet\/stm32f107vc.pdf\">http:\/\/www.st.com\/resource\/en\/datasheet\/stm32f107vc.pdf<\/a>, 2015 RM0008:<\/li>\n<li>STM32F101xx, STM32F102xx, STM32F103xx, STM32F105xx and STM32F107xx advanced ARM\u00ae-based 32-bit MCUs: <a href=\"http:\/\/www.st.com\/resource\/en\/reference_manual\/cd00171190.pdf\">http:\/\/www.st.com\/resource\/en\/reference_manual\/cd00171190.pdf<\/a>, 2015 PM0075.<\/li>\n<li>STM32F105xx and STM32F107xx revision Z connectivity line device limitations: <a href=\"http:\/\/www.st.com\/resource\/en\/errata_sheet\/cd00238166.pdf\">http:\/\/www.st.com\/ resource\/en\/errata_sheet\/cd00238166.pdf<\/a>, 2013.<\/li>\n<li>STM32F10xxx Flash memory microcontrollers: <a href=\"http:\/\/www.st.com\/resource\/en\/reference_manual\/cd00171190.pdf\">http:\/\/www.st.com\/resource\/en\/reference_manual\/cd00171190.pdf<\/a>, 2012 PM0056.<\/li>\n<li>STM32F10xxx\/20xxx\/21xxx\/L1xxxx Cortex-M3 programming manual: <a href=\"http:\/\/www.st.com\/resource\/en\/programming_manual\/cd00228163.pdf\">http:\/\/www.st.com\/resource\/en\/programming_manual\/cd00228163.pdf<\/a>, 2013.<\/li>\n<li>Krzysztof Paprocki, <em>Mikrokontrolery STM32 w praktyce<\/em>, BTC, 2011.<\/li>\n<\/ul>\n","protected":false},"excerpt":{"rendered":"<p>ul. Zwierzyniecka 10, 15-351 Bia\u0142ystok, s. CBD-32 prowadz\u0105cy: Krzysztof Konopko, Dariusz Ja\u0144czak, Jaros\u0142aw Wiater Prezentacje<a class=\"read-more\" href=\"https:\/\/we.pb.edu.pl\/kfeits\/krzysztof-konopko\/air1s\/programowanie-systemow-wbudowanych\/\" title=\"Poka\u017c artyku\u0142 Programowanie system\u00f3w wbudowanych\">wi\u0119cej<\/a><\/p>\n","protected":false},"author":20,"featured_media":0,"parent":4405,"menu_order":0,"comment_status":"closed","ping_status":"closed","template":"","meta":{"inline_featured_image":false,"ngg_post_thumbnail":0,"footnotes":""},"class_list":["post-2415","page","type-page","status-publish","hentry"],"acf":[],"yoast_head":"<!-- This site is optimized with the Yoast SEO plugin v26.4 - https:\/\/yoast.com\/wordpress\/plugins\/seo\/ -->\n<title>Programowanie system\u00f3w wbudowanych - Katedra Fotoniki, Elektroniki i Techniki \u015awietlnej<\/title>\n<meta name=\"robots\" content=\"index, follow, max-snippet:-1, max-image-preview:large, max-video-preview:-1\" \/>\n<link rel=\"canonical\" href=\"https:\/\/we.pb.edu.pl\/kfeits\/krzysztof-konopko\/air1s\/programowanie-systemow-wbudowanych\/\" \/>\n<meta property=\"og:locale\" content=\"pl_PL\" \/>\n<meta property=\"og:type\" content=\"article\" \/>\n<meta property=\"og:title\" content=\"Programowanie system\u00f3w wbudowanych - Katedra Fotoniki, Elektroniki i Techniki \u015awietlnej\" \/>\n<meta property=\"og:description\" content=\"ul. Zwierzyniecka 10, 15-351 Bia\u0142ystok, s. CBD-32 prowadz\u0105cy: Krzysztof Konopko, Dariusz Ja\u0144czak, Jaros\u0142aw Wiater Prezentacjewi\u0119cej\" \/>\n<meta property=\"og:url\" content=\"https:\/\/we.pb.edu.pl\/kfeits\/krzysztof-konopko\/air1s\/programowanie-systemow-wbudowanych\/\" \/>\n<meta property=\"og:site_name\" content=\"Katedra Fotoniki, Elektroniki i Techniki \u015awietlnej\" \/>\n<meta property=\"article:modified_time\" content=\"2023-09-27T17:50:14+00:00\" \/>\n<meta name=\"twitter:card\" content=\"summary_large_image\" \/>\n<meta name=\"twitter:label1\" content=\"Szacowany czas czytania\" \/>\n\t<meta name=\"twitter:data1\" content=\"2 minuty\" \/>\n<script type=\"application\/ld+json\" class=\"yoast-schema-graph\">{\"@context\":\"https:\/\/schema.org\",\"@graph\":[{\"@type\":\"WebPage\",\"@id\":\"https:\/\/we.pb.edu.pl\/kfeits\/krzysztof-konopko\/air1s\/programowanie-systemow-wbudowanych\/\",\"url\":\"https:\/\/we.pb.edu.pl\/kfeits\/krzysztof-konopko\/air1s\/programowanie-systemow-wbudowanych\/\",\"name\":\"Programowanie system\u00f3w wbudowanych - Katedra Fotoniki, Elektroniki i Techniki \u015awietlnej\",\"isPartOf\":{\"@id\":\"https:\/\/we.pb.edu.pl\/kfeits\/#website\"},\"datePublished\":\"2020-09-22T08:20:51+00:00\",\"dateModified\":\"2023-09-27T17:50:14+00:00\",\"breadcrumb\":{\"@id\":\"https:\/\/we.pb.edu.pl\/kfeits\/krzysztof-konopko\/air1s\/programowanie-systemow-wbudowanych\/#breadcrumb\"},\"inLanguage\":\"pl-PL\",\"potentialAction\":[{\"@type\":\"ReadAction\",\"target\":[\"https:\/\/we.pb.edu.pl\/kfeits\/krzysztof-konopko\/air1s\/programowanie-systemow-wbudowanych\/\"]}]},{\"@type\":\"BreadcrumbList\",\"@id\":\"https:\/\/we.pb.edu.pl\/kfeits\/krzysztof-konopko\/air1s\/programowanie-systemow-wbudowanych\/#breadcrumb\",\"itemListElement\":[{\"@type\":\"ListItem\",\"position\":1,\"name\":\"Strona g\u0142\u00f3wna\",\"item\":\"https:\/\/we.pb.edu.pl\/kfeits\/\"},{\"@type\":\"ListItem\",\"position\":2,\"name\":\"dr in\u017c. Krzysztof Konopko\",\"item\":\"https:\/\/we.pb.edu.pl\/kfeits\/krzysztof-konopko\/\"},{\"@type\":\"ListItem\",\"position\":3,\"name\":\"AiR1S\",\"item\":\"https:\/\/we.pb.edu.pl\/kfeits\/krzysztof-konopko\/air1s\/\"},{\"@type\":\"ListItem\",\"position\":4,\"name\":\"Programowanie system\u00f3w wbudowanych\"}]},{\"@type\":\"WebSite\",\"@id\":\"https:\/\/we.pb.edu.pl\/kfeits\/#website\",\"url\":\"https:\/\/we.pb.edu.pl\/kfeits\/\",\"name\":\"Katedra Fotoniki, Elektroniki i Techniki \u015awietlnej\",\"description\":\"\",\"potentialAction\":[{\"@type\":\"SearchAction\",\"target\":{\"@type\":\"EntryPoint\",\"urlTemplate\":\"https:\/\/we.pb.edu.pl\/kfeits\/?s={search_term_string}\"},\"query-input\":{\"@type\":\"PropertyValueSpecification\",\"valueRequired\":true,\"valueName\":\"search_term_string\"}}],\"inLanguage\":\"pl-PL\"}]}<\/script>\n<!-- \/ Yoast SEO plugin. -->","yoast_head_json":{"title":"Programowanie system\u00f3w wbudowanych - Katedra Fotoniki, Elektroniki i Techniki \u015awietlnej","robots":{"index":"index","follow":"follow","max-snippet":"max-snippet:-1","max-image-preview":"max-image-preview:large","max-video-preview":"max-video-preview:-1"},"canonical":"https:\/\/we.pb.edu.pl\/kfeits\/krzysztof-konopko\/air1s\/programowanie-systemow-wbudowanych\/","og_locale":"pl_PL","og_type":"article","og_title":"Programowanie system\u00f3w wbudowanych - Katedra Fotoniki, Elektroniki i Techniki \u015awietlnej","og_description":"ul. Zwierzyniecka 10, 15-351 Bia\u0142ystok, s. CBD-32 prowadz\u0105cy: Krzysztof Konopko, Dariusz Ja\u0144czak, Jaros\u0142aw Wiater Prezentacjewi\u0119cej","og_url":"https:\/\/we.pb.edu.pl\/kfeits\/krzysztof-konopko\/air1s\/programowanie-systemow-wbudowanych\/","og_site_name":"Katedra Fotoniki, Elektroniki i Techniki \u015awietlnej","article_modified_time":"2023-09-27T17:50:14+00:00","twitter_card":"summary_large_image","twitter_misc":{"Szacowany czas czytania":"2 minuty"},"schema":{"@context":"https:\/\/schema.org","@graph":[{"@type":"WebPage","@id":"https:\/\/we.pb.edu.pl\/kfeits\/krzysztof-konopko\/air1s\/programowanie-systemow-wbudowanych\/","url":"https:\/\/we.pb.edu.pl\/kfeits\/krzysztof-konopko\/air1s\/programowanie-systemow-wbudowanych\/","name":"Programowanie system\u00f3w wbudowanych - Katedra Fotoniki, Elektroniki i Techniki \u015awietlnej","isPartOf":{"@id":"https:\/\/we.pb.edu.pl\/kfeits\/#website"},"datePublished":"2020-09-22T08:20:51+00:00","dateModified":"2023-09-27T17:50:14+00:00","breadcrumb":{"@id":"https:\/\/we.pb.edu.pl\/kfeits\/krzysztof-konopko\/air1s\/programowanie-systemow-wbudowanych\/#breadcrumb"},"inLanguage":"pl-PL","potentialAction":[{"@type":"ReadAction","target":["https:\/\/we.pb.edu.pl\/kfeits\/krzysztof-konopko\/air1s\/programowanie-systemow-wbudowanych\/"]}]},{"@type":"BreadcrumbList","@id":"https:\/\/we.pb.edu.pl\/kfeits\/krzysztof-konopko\/air1s\/programowanie-systemow-wbudowanych\/#breadcrumb","itemListElement":[{"@type":"ListItem","position":1,"name":"Strona g\u0142\u00f3wna","item":"https:\/\/we.pb.edu.pl\/kfeits\/"},{"@type":"ListItem","position":2,"name":"dr in\u017c. Krzysztof Konopko","item":"https:\/\/we.pb.edu.pl\/kfeits\/krzysztof-konopko\/"},{"@type":"ListItem","position":3,"name":"AiR1S","item":"https:\/\/we.pb.edu.pl\/kfeits\/krzysztof-konopko\/air1s\/"},{"@type":"ListItem","position":4,"name":"Programowanie system\u00f3w wbudowanych"}]},{"@type":"WebSite","@id":"https:\/\/we.pb.edu.pl\/kfeits\/#website","url":"https:\/\/we.pb.edu.pl\/kfeits\/","name":"Katedra Fotoniki, Elektroniki i Techniki \u015awietlnej","description":"","potentialAction":[{"@type":"SearchAction","target":{"@type":"EntryPoint","urlTemplate":"https:\/\/we.pb.edu.pl\/kfeits\/?s={search_term_string}"},"query-input":{"@type":"PropertyValueSpecification","valueRequired":true,"valueName":"search_term_string"}}],"inLanguage":"pl-PL"}]}},"_links":{"self":[{"href":"https:\/\/we.pb.edu.pl\/kfeits\/wp-json\/wp\/v2\/pages\/2415","targetHints":{"allow":["GET"]}}],"collection":[{"href":"https:\/\/we.pb.edu.pl\/kfeits\/wp-json\/wp\/v2\/pages"}],"about":[{"href":"https:\/\/we.pb.edu.pl\/kfeits\/wp-json\/wp\/v2\/types\/page"}],"author":[{"embeddable":true,"href":"https:\/\/we.pb.edu.pl\/kfeits\/wp-json\/wp\/v2\/users\/20"}],"replies":[{"embeddable":true,"href":"https:\/\/we.pb.edu.pl\/kfeits\/wp-json\/wp\/v2\/comments?post=2415"}],"version-history":[{"count":57,"href":"https:\/\/we.pb.edu.pl\/kfeits\/wp-json\/wp\/v2\/pages\/2415\/revisions"}],"predecessor-version":[{"id":6158,"href":"https:\/\/we.pb.edu.pl\/kfeits\/wp-json\/wp\/v2\/pages\/2415\/revisions\/6158"}],"up":[{"embeddable":true,"href":"https:\/\/we.pb.edu.pl\/kfeits\/wp-json\/wp\/v2\/pages\/4405"}],"wp:attachment":[{"href":"https:\/\/we.pb.edu.pl\/kfeits\/wp-json\/wp\/v2\/media?parent=2415"}],"curies":[{"name":"wp","href":"https:\/\/api.w.org\/{rel}","templated":true}]}}