{"id":2405,"date":"2020-09-17T15:49:17","date_gmt":"2020-09-17T13:49:17","guid":{"rendered":"https:\/\/we.pb.edu.pl\/kfeits\/?page_id=2405"},"modified":"2023-09-27T19:44:26","modified_gmt":"2023-09-27T17:44:26","slug":"mobile-applications","status":"publish","type":"page","link":"https:\/\/we.pb.edu.pl\/kfeits\/krzysztof-konopko\/erasmus\/mobile-applications\/","title":{"rendered":"Mobile applications"},"content":{"rendered":"<p><strong>ul. Zwierzyniecka 10, 15-351 Bia\u0142ystok, s. CBD-32<\/strong><\/p>\n<p><span class=\"tlid-translation translation\"><span class=\"\" title=\"\">lecturer<\/span><\/span>: <a href=\"\/kfeits\/krzysztof-konopko\/\">Krzysztof Konopko<\/a><\/p>\n<hr \/>\n<p>Presentations from the lecture:<\/p>\n<ul>\n<li><a href=\"https:\/\/box.biaman.pl\/f\/58396f7e8f784edf8d36\/?raw=1&amp;ext=.pdf\">Information about course<\/a>.<\/li>\n<li><a href=\"https:\/\/box.biaman.pl\/f\/c0813a2c4e674e979161\/?raw=1&amp;ext=.pdf\">Introduction to Android.<\/a><\/li>\n<li><a href=\"https:\/\/box.biaman.pl\/f\/f0e25d7c795f40dab8e2\/?raw=1&amp;ext=.pdf\">Structure and resources of Android applications.<\/a><\/li>\n<li><a href=\"https:\/\/box.biaman.pl\/f\/f1bc4fe9cbf34deaad26\/?raw=1&amp;ext=.pdf\">Application resources.<\/a><\/li>\n<li><a href=\"https:\/\/box.biaman.pl\/f\/49817c96d42c4cf2853c\/?raw=1&amp;ext=.pdf\">User interface.<\/a><\/li>\n<li><a href=\"https:\/\/box.biaman.pl\/f\/98db2cd7f1e84940ab9c\/?raw=1&amp;ext=.pdf\">Intents.<\/a><\/li>\n<li><a href=\"https:\/\/box.biaman.pl\/f\/30d9bfa2abc04c56bea5\/?raw=1&amp;ext=.pdf\">User interface &#8211; layouts.<\/a><\/li>\n<li><a href=\"https:\/\/box.biaman.pl\/f\/d61c88b6f2ff45deaee6\/?raw=1&amp;ext=.pdf\">Notifications, broadcast receivers, services.<\/a><\/li>\n<li><a href=\"https:\/\/box.biaman.pl\/f\/a9f5043cdcff418c98c6\/?raw=1&amp;ext=.pdf\">Dialogues, sensors.<\/a><\/li>\n<li><a href=\"https:\/\/box.biaman.pl\/f\/e4a20f2bb0b941b2a90f\/?raw=1&amp;ext=.pdf\">Multimedia.<\/a><\/li>\n<\/ul>\n<hr \/>\n<p>Instructions for laboratory exercises:<\/p>\n<ul>\n<li><a href=\"https:\/\/box.biaman.pl\/f\/13588264391b4106b836\/?raw=1&amp;ext=.pdf\">Setting up an Android Studio Development Environment.<\/a><\/li>\n<li><a href=\"https:\/\/box.biaman.pl\/f\/b7b9dddad760422185c7\/?raw=1&amp;ext=.pdf\">Basic Android Software Development Kit (SDK) tools. Introduction to graphic user interface design<\/a> &#8211; files from an example project: <a href=\"https:\/\/box.biaman.pl\/f\/afaf1664f966482d9c92\/\">activity_main.xml<\/a>, <a href=\"https:\/\/box.biaman.pl\/f\/3edd3c6648f147bdbfbf\/\">MyActivity.java.<\/a><\/li>\n<li><a href=\"https:\/\/box.biaman.pl\/f\/f6b6e41dca0a4bd3bbd2\/?raw=1&amp;ext=.pdf\">Fundamentals of Android programming: basic GUI components &#8211; layouts.<\/a><\/li>\n<li><a href=\"https:\/\/box.biaman.pl\/f\/74576dd905eb41a8a915\/?raw=1&amp;ext=.pdf\">Fundamentals of Android programming: basic GUI components &#8211; menu:<\/a>\u00a0 <a href=\"https:\/\/box.biaman.pl\/f\/6b1044e8109a40ac8c0b\/\">activity_main.xml,<\/a> <a href=\"https:\/\/box.biaman.pl\/f\/f102a626fed845039f97\/\">MainActivity.java<\/a>, <a href=\"https:\/\/box.biaman.pl\/f\/881a5dfb90574e23b99b\/\">my_menu.xml.<\/a><\/li>\n<li><a href=\"https:\/\/box.biaman.pl\/f\/0974fbb7edbf41d1a4ed\/?raw=1&amp;ext=.pdf\">Fundamentals of Android programming: basic GUI components &#8211; Services, BroadcastReceivers, Notifications.<\/a><\/li>\n<li><a href=\"https:\/\/box.biaman.pl\/f\/fa6b2a06e05b4b60a665\/?raw=1&amp;ext=.pdf\">The use of sensors available in Android devices.<\/a><\/li>\n<li><a href=\"https:\/\/box.biaman.pl\/f\/d5976b67806245bb8f38\/?raw=1&amp;ext=.pdf\">The use of multimedia in Android devices.<\/a><\/li>\n<\/ul>\n","protected":false},"excerpt":{"rendered":"<p>ul. Zwierzyniecka 10, 15-351 Bia\u0142ystok, s. CBD-32 lecturer: Krzysztof Konopko Presentations from the lecture: Information<a class=\"read-more\" href=\"https:\/\/we.pb.edu.pl\/kfeits\/krzysztof-konopko\/erasmus\/mobile-applications\/\" title=\"Poka\u017c artyku\u0142 Mobile applications\">wi\u0119cej<\/a><\/p>\n","protected":false},"author":20,"featured_media":0,"parent":4413,"menu_order":0,"comment_status":"closed","ping_status":"closed","template":"","meta":{"inline_featured_image":false,"ngg_post_thumbnail":0,"footnotes":""},"class_list":["post-2405","page","type-page","status-publish","hentry"],"acf":[],"yoast_head":"<!-- This site is optimized with the Yoast SEO plugin v26.4 - https:\/\/yoast.com\/wordpress\/plugins\/seo\/ -->\n<title>Mobile applications - Katedra Fotoniki, Elektroniki i Techniki \u015awietlnej<\/title>\n<meta name=\"robots\" content=\"index, follow, max-snippet:-1, max-image-preview:large, max-video-preview:-1\" \/>\n<link rel=\"canonical\" href=\"https:\/\/we.pb.edu.pl\/kfeits\/krzysztof-konopko\/erasmus\/mobile-applications\/\" \/>\n<meta property=\"og:locale\" content=\"pl_PL\" \/>\n<meta property=\"og:type\" content=\"article\" \/>\n<meta property=\"og:title\" content=\"Mobile applications - Katedra Fotoniki, Elektroniki i Techniki \u015awietlnej\" \/>\n<meta property=\"og:description\" content=\"ul. Zwierzyniecka 10, 15-351 Bia\u0142ystok, s. CBD-32 lecturer: Krzysztof Konopko Presentations from the lecture: Informationwi\u0119cej\" \/>\n<meta property=\"og:url\" content=\"https:\/\/we.pb.edu.pl\/kfeits\/krzysztof-konopko\/erasmus\/mobile-applications\/\" \/>\n<meta property=\"og:site_name\" content=\"Katedra Fotoniki, Elektroniki i Techniki \u015awietlnej\" \/>\n<meta property=\"article:modified_time\" content=\"2023-09-27T17:44:26+00:00\" \/>\n<meta name=\"twitter:card\" content=\"summary_large_image\" \/>\n<meta name=\"twitter:label1\" content=\"Szacowany czas czytania\" \/>\n\t<meta name=\"twitter:data1\" content=\"1 minuta\" \/>\n<script type=\"application\/ld+json\" class=\"yoast-schema-graph\">{\"@context\":\"https:\/\/schema.org\",\"@graph\":[{\"@type\":\"WebPage\",\"@id\":\"https:\/\/we.pb.edu.pl\/kfeits\/krzysztof-konopko\/erasmus\/mobile-applications\/\",\"url\":\"https:\/\/we.pb.edu.pl\/kfeits\/krzysztof-konopko\/erasmus\/mobile-applications\/\",\"name\":\"Mobile applications - Katedra Fotoniki, Elektroniki i Techniki \u015awietlnej\",\"isPartOf\":{\"@id\":\"https:\/\/we.pb.edu.pl\/kfeits\/#website\"},\"datePublished\":\"2020-09-17T13:49:17+00:00\",\"dateModified\":\"2023-09-27T17:44:26+00:00\",\"breadcrumb\":{\"@id\":\"https:\/\/we.pb.edu.pl\/kfeits\/krzysztof-konopko\/erasmus\/mobile-applications\/#breadcrumb\"},\"inLanguage\":\"pl-PL\",\"potentialAction\":[{\"@type\":\"ReadAction\",\"target\":[\"https:\/\/we.pb.edu.pl\/kfeits\/krzysztof-konopko\/erasmus\/mobile-applications\/\"]}]},{\"@type\":\"BreadcrumbList\",\"@id\":\"https:\/\/we.pb.edu.pl\/kfeits\/krzysztof-konopko\/erasmus\/mobile-applications\/#breadcrumb\",\"itemListElement\":[{\"@type\":\"ListItem\",\"position\":1,\"name\":\"Strona g\u0142\u00f3wna\",\"item\":\"https:\/\/we.pb.edu.pl\/kfeits\/\"},{\"@type\":\"ListItem\",\"position\":2,\"name\":\"dr in\u017c. Krzysztof Konopko\",\"item\":\"https:\/\/we.pb.edu.pl\/kfeits\/krzysztof-konopko\/\"},{\"@type\":\"ListItem\",\"position\":3,\"name\":\"Erasmus\",\"item\":\"https:\/\/we.pb.edu.pl\/kfeits\/krzysztof-konopko\/erasmus\/\"},{\"@type\":\"ListItem\",\"position\":4,\"name\":\"Mobile applications\"}]},{\"@type\":\"WebSite\",\"@id\":\"https:\/\/we.pb.edu.pl\/kfeits\/#website\",\"url\":\"https:\/\/we.pb.edu.pl\/kfeits\/\",\"name\":\"Katedra Fotoniki, Elektroniki i Techniki \u015awietlnej\",\"description\":\"\",\"potentialAction\":[{\"@type\":\"SearchAction\",\"target\":{\"@type\":\"EntryPoint\",\"urlTemplate\":\"https:\/\/we.pb.edu.pl\/kfeits\/?s={search_term_string}\"},\"query-input\":{\"@type\":\"PropertyValueSpecification\",\"valueRequired\":true,\"valueName\":\"search_term_string\"}}],\"inLanguage\":\"pl-PL\"}]}<\/script>\n<!-- \/ Yoast SEO plugin. -->","yoast_head_json":{"title":"Mobile applications - Katedra Fotoniki, Elektroniki i Techniki \u015awietlnej","robots":{"index":"index","follow":"follow","max-snippet":"max-snippet:-1","max-image-preview":"max-image-preview:large","max-video-preview":"max-video-preview:-1"},"canonical":"https:\/\/we.pb.edu.pl\/kfeits\/krzysztof-konopko\/erasmus\/mobile-applications\/","og_locale":"pl_PL","og_type":"article","og_title":"Mobile applications - Katedra Fotoniki, Elektroniki i Techniki \u015awietlnej","og_description":"ul. Zwierzyniecka 10, 15-351 Bia\u0142ystok, s. CBD-32 lecturer: Krzysztof Konopko Presentations from the lecture: Informationwi\u0119cej","og_url":"https:\/\/we.pb.edu.pl\/kfeits\/krzysztof-konopko\/erasmus\/mobile-applications\/","og_site_name":"Katedra Fotoniki, Elektroniki i Techniki \u015awietlnej","article_modified_time":"2023-09-27T17:44:26+00:00","twitter_card":"summary_large_image","twitter_misc":{"Szacowany czas czytania":"1 minuta"},"schema":{"@context":"https:\/\/schema.org","@graph":[{"@type":"WebPage","@id":"https:\/\/we.pb.edu.pl\/kfeits\/krzysztof-konopko\/erasmus\/mobile-applications\/","url":"https:\/\/we.pb.edu.pl\/kfeits\/krzysztof-konopko\/erasmus\/mobile-applications\/","name":"Mobile applications - Katedra Fotoniki, Elektroniki i Techniki \u015awietlnej","isPartOf":{"@id":"https:\/\/we.pb.edu.pl\/kfeits\/#website"},"datePublished":"2020-09-17T13:49:17+00:00","dateModified":"2023-09-27T17:44:26+00:00","breadcrumb":{"@id":"https:\/\/we.pb.edu.pl\/kfeits\/krzysztof-konopko\/erasmus\/mobile-applications\/#breadcrumb"},"inLanguage":"pl-PL","potentialAction":[{"@type":"ReadAction","target":["https:\/\/we.pb.edu.pl\/kfeits\/krzysztof-konopko\/erasmus\/mobile-applications\/"]}]},{"@type":"BreadcrumbList","@id":"https:\/\/we.pb.edu.pl\/kfeits\/krzysztof-konopko\/erasmus\/mobile-applications\/#breadcrumb","itemListElement":[{"@type":"ListItem","position":1,"name":"Strona g\u0142\u00f3wna","item":"https:\/\/we.pb.edu.pl\/kfeits\/"},{"@type":"ListItem","position":2,"name":"dr in\u017c. Krzysztof Konopko","item":"https:\/\/we.pb.edu.pl\/kfeits\/krzysztof-konopko\/"},{"@type":"ListItem","position":3,"name":"Erasmus","item":"https:\/\/we.pb.edu.pl\/kfeits\/krzysztof-konopko\/erasmus\/"},{"@type":"ListItem","position":4,"name":"Mobile applications"}]},{"@type":"WebSite","@id":"https:\/\/we.pb.edu.pl\/kfeits\/#website","url":"https:\/\/we.pb.edu.pl\/kfeits\/","name":"Katedra Fotoniki, Elektroniki i Techniki \u015awietlnej","description":"","potentialAction":[{"@type":"SearchAction","target":{"@type":"EntryPoint","urlTemplate":"https:\/\/we.pb.edu.pl\/kfeits\/?s={search_term_string}"},"query-input":{"@type":"PropertyValueSpecification","valueRequired":true,"valueName":"search_term_string"}}],"inLanguage":"pl-PL"}]}},"_links":{"self":[{"href":"https:\/\/we.pb.edu.pl\/kfeits\/wp-json\/wp\/v2\/pages\/2405","targetHints":{"allow":["GET"]}}],"collection":[{"href":"https:\/\/we.pb.edu.pl\/kfeits\/wp-json\/wp\/v2\/pages"}],"about":[{"href":"https:\/\/we.pb.edu.pl\/kfeits\/wp-json\/wp\/v2\/types\/page"}],"author":[{"embeddable":true,"href":"https:\/\/we.pb.edu.pl\/kfeits\/wp-json\/wp\/v2\/users\/20"}],"replies":[{"embeddable":true,"href":"https:\/\/we.pb.edu.pl\/kfeits\/wp-json\/wp\/v2\/comments?post=2405"}],"version-history":[{"count":12,"href":"https:\/\/we.pb.edu.pl\/kfeits\/wp-json\/wp\/v2\/pages\/2405\/revisions"}],"predecessor-version":[{"id":2714,"href":"https:\/\/we.pb.edu.pl\/kfeits\/wp-json\/wp\/v2\/pages\/2405\/revisions\/2714"}],"up":[{"embeddable":true,"href":"https:\/\/we.pb.edu.pl\/kfeits\/wp-json\/wp\/v2\/pages\/4413"}],"wp:attachment":[{"href":"https:\/\/we.pb.edu.pl\/kfeits\/wp-json\/wp\/v2\/media?parent=2405"}],"curies":[{"name":"wp","href":"https:\/\/api.w.org\/{rel}","templated":true}]}}