{"id":2403,"date":"2020-09-24T07:57:03","date_gmt":"2020-09-24T05:57:03","guid":{"rendered":"https:\/\/we.pb.edu.pl\/kfeits\/?page_id=2403"},"modified":"2024-01-30T08:41:29","modified_gmt":"2024-01-30T07:41:29","slug":"programming-embedded-systems","status":"publish","type":"page","link":"https:\/\/we.pb.edu.pl\/kfeits\/krzysztof-konopko\/erasmus\/programming-embedded-systems\/","title":{"rendered":"Programming of embedded systems"},"content":{"rendered":"<p><strong>ul. Zwierzyniecka 10, 15-351 Bia\u0142ystok, s. CBD-32<\/strong><\/p>\n<p>prowadz\u0105cy: <a href=\"https:\/\/we.pb.edu.pl\/kfeits\/krzysztof-konopko\/\">Krzysztof Konopko<\/a><\/p>\n<hr \/>\n<p>Presentations from the lecture:<\/p>\n<ul>\n<li><a href=\"https:\/\/box.biaman.pl\/f\/337c3cfe352246d19459\/?raw=1&amp;ext=.pdf\">Information about course.<\/a><\/li>\n<li><a href=\"https:\/\/box.biaman.pl\/f\/347262c1465c45018253\/?raw=1&amp;ext=.pdf\">Introduction to the embedded systems.<\/a><\/li>\n<li><a href=\"https:\/\/box.biaman.pl\/f\/6cd6217bf4a14708a97a\/?raw=1&amp;ext=.pdf\">Cortex-M. RCC. GPIO.<\/a><\/li>\n<li><a href=\"https:\/\/box.biaman.pl\/f\/ec53812a724c42789c33\/?raw=1&amp;ext=.pdf\">Interrupts.<\/a><\/li>\n<li><a href=\"https:\/\/box.biaman.pl\/f\/3c6293921e864e3b81e5\/?raw=1&amp;ext=.pdf\">Analog-to-digital converters.<\/a><\/li>\n<li><a href=\"https:\/\/box.biaman.pl\/f\/620839f87716440997bc\/?raw=1&amp;ext=.pdf\">Timers.<\/a><\/li>\n<li><a href=\"https:\/\/box.biaman.pl\/f\/5fc2833e0e594a7da0be\/?raw=1&amp;ext=.pdf\">Digital-to-analog converters.<\/a><\/li>\n<li><a href=\"https:\/\/box.biaman.pl\/f\/07b623c47d724a2497e7\/?raw=1&amp;ext=.pdf\">Toolchain. Linux kernel.<\/a><\/li>\n<li><a href=\"https:\/\/box.biaman.pl\/f\/de238a571e0643a5a285\/?raw=1&amp;ext=.pdf\">Minimal system for embedded devices.<\/a><\/li>\n<li>Buildroot. OpenWrt.<\/li>\n<li>Developing applications on embedded Linux.<\/li>\n<\/ul>\n<hr \/>\n<p>Instructions for laboratory exercises:<\/p>\n<ul>\n<li><a href=\"https:\/\/box.biaman.pl\/f\/3a96db0064564a2bb4da\/?raw=1&amp;ext=.pdf\">GPIO tasks.<\/a><\/li>\n<li><a href=\"https:\/\/box.biaman.pl\/f\/921e68e067f94a559823\/?raw=1&amp;ext=.pdf\">Interrupt handling tasks.<\/a><\/li>\n<li><a href=\"https:\/\/box.biaman.pl\/f\/f10d37c020974e909e61\/?raw=1&amp;ext=.pdf\">ADC, tasks.<\/a><\/li>\n<li><a href=\"https:\/\/box.biaman.pl\/f\/78ec59616bb4463d9f98\/?raw=1&amp;ext=.pdf\">Timers, tasks.<\/a><\/li>\n<li><a href=\"https:\/\/box.biaman.pl\/f\/481987c5841a4837919d\/?raw=1&amp;ext=.pdf\">DAC, tasks.<\/a><\/li>\n<li>Toolchain.<\/li>\n<li><a href=\"https:\/\/box.biaman.pl\/f\/1879f936787d4488b002\/?raw=1&amp;ext=.pdf\">Embedded systems with Busybox\u00a0<\/a> (a image rpi.img, a file config.txt, a file cmdline.txt).<\/li>\n<li>Installation and configuration of OpenWrt.<\/li>\n<li>Application development and debugging.<\/li>\n<\/ul>\n<hr \/>\n<p>Example programms:<\/p>\n<ul>\n<li><a href=\"https:\/\/box.biaman.pl\/f\/32641e4b8b1840dc987f\/?dl=1\">lcd_int_joy.zip<\/a><\/li>\n<\/ul>\n<p>&nbsp;<\/p>\n<p><span class=\"tlid-translation translation\" lang=\"en\"><span class=\"\" title=\"\">Interesting links<\/span><\/span>:<\/p>\n<ul>\n<li><a href=\"https:\/\/www.linuxjournal.com\/content\/diy-build-custom-minimal-linux-distribution-source\">DIY: Build a Custom Minimal Linux Distribution from Source.<\/a><\/li>\n<\/ul>\n<hr \/>\n<p><strong>Bibliography:<\/strong><\/p>\n<ul>\n<li>ARM Developer. Arm cortex-m4 processor technical reference manual, 2020. URL:<a href=\"https:\/\/www.st.com\/resource\/en\/reference_manual\/rm0351-stm32l47xxx-stm32l48xxx-stm32l49xxx-and-stm32l4axxx-advanced-armbased-32bit-mcus-stmicroelectronics.pdf\">https:\/\/www.st.com\/resource\/en\/reference_manual\/rm0351-stm32l47xxx-stm32l48xxx-stm32l49xxx-and-stm32l4axxx-advanced-armbased-32bit-mcus-stmicroelectronics.pdf<\/a>.<\/li>\n<li>RM0351 Reference manual. Stm32l47xxx, stm32l48xxx, stm32l49xxx and stm32l4axxx advancedarm-based 32-bit mcus, 2021. URL: <a href=\"https:\/\/www.st.com\/resource\/en\/reference_manual\/rm0351-stm32l47xxx-stm32l48xxx-stm32l49xxx-and-stm32l4axxx-advanced-armbased-32bit-mcus-stmicroelectronics.pdf\">https:\/\/www.st.com\/resource\/en\/reference_manual\/rm0351-stm32l47xxx-stm32l48xxx-stm32l49xxx-and-stm32l4axxx-advanced-armbased-32bit-mcus-stmicroelectronics.pdf<\/a>.<\/li>\n<li>DS11585 Rev 16. Ultra-low-power arm cortex-m4 32-bit mcu+fpu, 100 dmips, up to 1mb flash, 320 kb sram, usb otg fs, audio, external smps, 2022. URL: <a href=\"https:\/\/www.st.com\/resource\/en\/datasheet\/stm32l496ae.pdf\">https:\/\/www.st.com\/resource\/en\/datasheet\/stm32l496ae.pdf<\/a>.<\/li>\n<li>UM2563 User manual. Stm32cubeide installation guide, 2022. URL:<a href=\"https:\/\/www.st.com\/resource\/en\/user_manual\/um2563-stm32cubeide-installation-guide-stmicroelectronics.pdf\">https:\/\/www.st.com\/resource\/en\/user_manual\/um2563-stm32cubeide-installation-guide-stmicroelectronics.pdf<\/a>.<\/li>\n<li>UM2609 User manual. Stm32cubeide user guide, 2022. URL:<a href=\"https:\/\/www.st.com\/resource\/en\/user_manual\/um2563-stm32cubeide-installation-guide-stmicroelectronics.pdf.\">https:\/\/www.st.com\/resource\/en\/user_manual\/um2563-stm32cubeide-installation-guide-stmicroelectronics.pdf.<\/a><\/li>\n<li>UM1884 User manual. Description of stm32l4\/l4+ hal and low-layer drivers, 2021. URL: <a href=\"https:\/\/www.st.com\/resource\/en\/user_manual\/um1884-description-of-stm32l4l4-hal-and-lowlayer-drivers-stmicroelectronics.pdf\">https:\/\/www.st.com\/resource\/en\/user_manual\/um1884-description-of-stm32l4l4-hal-and-lowlayer-drivers-stmicroelectronics.pdf<\/a>.<\/li>\n<li>UM1722 User manual. Developing applications on stm32cube with rtos, 2019. URL: <a href=\"https:\/\/www.st.com\/resource\/en\/user_manual\/um1884-description-of-stm32l4l4-hal-and-lowlayer-drivers-stmicroelectronics.pdf\">https:\/\/www.st.com\/resource\/en\/user_manual\/um1884-description-of-stm32l4l4-hal-and-lowlayer-drivers-stmicroelectronics.pdf<\/a>.<\/li>\n<li>Abbott D.: Linux for embedded and real-time applications, Burlington : Newnes, 2003.<\/li>\n<\/ul>\n","protected":false},"excerpt":{"rendered":"<p>ul. Zwierzyniecka 10, 15-351 Bia\u0142ystok, s. CBD-32 prowadz\u0105cy: Krzysztof Konopko Presentations from the lecture: Information<a class=\"read-more\" href=\"https:\/\/we.pb.edu.pl\/kfeits\/krzysztof-konopko\/erasmus\/programming-embedded-systems\/\" title=\"Poka\u017c artyku\u0142 Programming of embedded systems\">wi\u0119cej<\/a><\/p>\n","protected":false},"author":20,"featured_media":0,"parent":4413,"menu_order":0,"comment_status":"closed","ping_status":"closed","template":"","meta":{"inline_featured_image":false,"ngg_post_thumbnail":0,"footnotes":""},"class_list":["post-2403","page","type-page","status-publish","hentry"],"acf":[],"yoast_head":"<!-- This site is optimized with the Yoast SEO plugin v26.4 - https:\/\/yoast.com\/wordpress\/plugins\/seo\/ -->\n<title>Programming of embedded systems - Katedra Fotoniki, Elektroniki i Techniki \u015awietlnej<\/title>\n<meta name=\"robots\" content=\"index, follow, max-snippet:-1, max-image-preview:large, max-video-preview:-1\" \/>\n<link rel=\"canonical\" href=\"https:\/\/we.pb.edu.pl\/kfeits\/krzysztof-konopko\/erasmus\/programming-embedded-systems\/\" \/>\n<meta property=\"og:locale\" content=\"pl_PL\" \/>\n<meta property=\"og:type\" content=\"article\" \/>\n<meta property=\"og:title\" content=\"Programming of embedded systems - Katedra Fotoniki, Elektroniki i Techniki \u015awietlnej\" \/>\n<meta property=\"og:description\" content=\"ul. Zwierzyniecka 10, 15-351 Bia\u0142ystok, s. CBD-32 prowadz\u0105cy: Krzysztof Konopko Presentations from the lecture: Informationwi\u0119cej\" \/>\n<meta property=\"og:url\" content=\"https:\/\/we.pb.edu.pl\/kfeits\/krzysztof-konopko\/erasmus\/programming-embedded-systems\/\" \/>\n<meta property=\"og:site_name\" content=\"Katedra Fotoniki, Elektroniki i Techniki \u015awietlnej\" \/>\n<meta property=\"article:modified_time\" content=\"2024-01-30T07:41:29+00:00\" \/>\n<meta name=\"twitter:card\" content=\"summary_large_image\" \/>\n<meta name=\"twitter:label1\" content=\"Szacowany czas czytania\" \/>\n\t<meta name=\"twitter:data1\" content=\"2 minuty\" \/>\n<script type=\"application\/ld+json\" class=\"yoast-schema-graph\">{\"@context\":\"https:\/\/schema.org\",\"@graph\":[{\"@type\":\"WebPage\",\"@id\":\"https:\/\/we.pb.edu.pl\/kfeits\/krzysztof-konopko\/erasmus\/programming-embedded-systems\/\",\"url\":\"https:\/\/we.pb.edu.pl\/kfeits\/krzysztof-konopko\/erasmus\/programming-embedded-systems\/\",\"name\":\"Programming of embedded systems - Katedra Fotoniki, Elektroniki i Techniki \u015awietlnej\",\"isPartOf\":{\"@id\":\"https:\/\/we.pb.edu.pl\/kfeits\/#website\"},\"datePublished\":\"2020-09-24T05:57:03+00:00\",\"dateModified\":\"2024-01-30T07:41:29+00:00\",\"breadcrumb\":{\"@id\":\"https:\/\/we.pb.edu.pl\/kfeits\/krzysztof-konopko\/erasmus\/programming-embedded-systems\/#breadcrumb\"},\"inLanguage\":\"pl-PL\",\"potentialAction\":[{\"@type\":\"ReadAction\",\"target\":[\"https:\/\/we.pb.edu.pl\/kfeits\/krzysztof-konopko\/erasmus\/programming-embedded-systems\/\"]}]},{\"@type\":\"BreadcrumbList\",\"@id\":\"https:\/\/we.pb.edu.pl\/kfeits\/krzysztof-konopko\/erasmus\/programming-embedded-systems\/#breadcrumb\",\"itemListElement\":[{\"@type\":\"ListItem\",\"position\":1,\"name\":\"Strona g\u0142\u00f3wna\",\"item\":\"https:\/\/we.pb.edu.pl\/kfeits\/\"},{\"@type\":\"ListItem\",\"position\":2,\"name\":\"dr in\u017c. Krzysztof Konopko\",\"item\":\"https:\/\/we.pb.edu.pl\/kfeits\/krzysztof-konopko\/\"},{\"@type\":\"ListItem\",\"position\":3,\"name\":\"Erasmus\",\"item\":\"https:\/\/we.pb.edu.pl\/kfeits\/krzysztof-konopko\/erasmus\/\"},{\"@type\":\"ListItem\",\"position\":4,\"name\":\"Programming of embedded systems\"}]},{\"@type\":\"WebSite\",\"@id\":\"https:\/\/we.pb.edu.pl\/kfeits\/#website\",\"url\":\"https:\/\/we.pb.edu.pl\/kfeits\/\",\"name\":\"Katedra Fotoniki, Elektroniki i Techniki \u015awietlnej\",\"description\":\"\",\"potentialAction\":[{\"@type\":\"SearchAction\",\"target\":{\"@type\":\"EntryPoint\",\"urlTemplate\":\"https:\/\/we.pb.edu.pl\/kfeits\/?s={search_term_string}\"},\"query-input\":{\"@type\":\"PropertyValueSpecification\",\"valueRequired\":true,\"valueName\":\"search_term_string\"}}],\"inLanguage\":\"pl-PL\"}]}<\/script>\n<!-- \/ Yoast SEO plugin. -->","yoast_head_json":{"title":"Programming of embedded systems - Katedra Fotoniki, Elektroniki i Techniki \u015awietlnej","robots":{"index":"index","follow":"follow","max-snippet":"max-snippet:-1","max-image-preview":"max-image-preview:large","max-video-preview":"max-video-preview:-1"},"canonical":"https:\/\/we.pb.edu.pl\/kfeits\/krzysztof-konopko\/erasmus\/programming-embedded-systems\/","og_locale":"pl_PL","og_type":"article","og_title":"Programming of embedded systems - Katedra Fotoniki, Elektroniki i Techniki \u015awietlnej","og_description":"ul. Zwierzyniecka 10, 15-351 Bia\u0142ystok, s. CBD-32 prowadz\u0105cy: Krzysztof Konopko Presentations from the lecture: Informationwi\u0119cej","og_url":"https:\/\/we.pb.edu.pl\/kfeits\/krzysztof-konopko\/erasmus\/programming-embedded-systems\/","og_site_name":"Katedra Fotoniki, Elektroniki i Techniki \u015awietlnej","article_modified_time":"2024-01-30T07:41:29+00:00","twitter_card":"summary_large_image","twitter_misc":{"Szacowany czas czytania":"2 minuty"},"schema":{"@context":"https:\/\/schema.org","@graph":[{"@type":"WebPage","@id":"https:\/\/we.pb.edu.pl\/kfeits\/krzysztof-konopko\/erasmus\/programming-embedded-systems\/","url":"https:\/\/we.pb.edu.pl\/kfeits\/krzysztof-konopko\/erasmus\/programming-embedded-systems\/","name":"Programming of embedded systems - Katedra Fotoniki, Elektroniki i Techniki \u015awietlnej","isPartOf":{"@id":"https:\/\/we.pb.edu.pl\/kfeits\/#website"},"datePublished":"2020-09-24T05:57:03+00:00","dateModified":"2024-01-30T07:41:29+00:00","breadcrumb":{"@id":"https:\/\/we.pb.edu.pl\/kfeits\/krzysztof-konopko\/erasmus\/programming-embedded-systems\/#breadcrumb"},"inLanguage":"pl-PL","potentialAction":[{"@type":"ReadAction","target":["https:\/\/we.pb.edu.pl\/kfeits\/krzysztof-konopko\/erasmus\/programming-embedded-systems\/"]}]},{"@type":"BreadcrumbList","@id":"https:\/\/we.pb.edu.pl\/kfeits\/krzysztof-konopko\/erasmus\/programming-embedded-systems\/#breadcrumb","itemListElement":[{"@type":"ListItem","position":1,"name":"Strona g\u0142\u00f3wna","item":"https:\/\/we.pb.edu.pl\/kfeits\/"},{"@type":"ListItem","position":2,"name":"dr in\u017c. Krzysztof Konopko","item":"https:\/\/we.pb.edu.pl\/kfeits\/krzysztof-konopko\/"},{"@type":"ListItem","position":3,"name":"Erasmus","item":"https:\/\/we.pb.edu.pl\/kfeits\/krzysztof-konopko\/erasmus\/"},{"@type":"ListItem","position":4,"name":"Programming of embedded systems"}]},{"@type":"WebSite","@id":"https:\/\/we.pb.edu.pl\/kfeits\/#website","url":"https:\/\/we.pb.edu.pl\/kfeits\/","name":"Katedra Fotoniki, Elektroniki i Techniki \u015awietlnej","description":"","potentialAction":[{"@type":"SearchAction","target":{"@type":"EntryPoint","urlTemplate":"https:\/\/we.pb.edu.pl\/kfeits\/?s={search_term_string}"},"query-input":{"@type":"PropertyValueSpecification","valueRequired":true,"valueName":"search_term_string"}}],"inLanguage":"pl-PL"}]}},"_links":{"self":[{"href":"https:\/\/we.pb.edu.pl\/kfeits\/wp-json\/wp\/v2\/pages\/2403","targetHints":{"allow":["GET"]}}],"collection":[{"href":"https:\/\/we.pb.edu.pl\/kfeits\/wp-json\/wp\/v2\/pages"}],"about":[{"href":"https:\/\/we.pb.edu.pl\/kfeits\/wp-json\/wp\/v2\/types\/page"}],"author":[{"embeddable":true,"href":"https:\/\/we.pb.edu.pl\/kfeits\/wp-json\/wp\/v2\/users\/20"}],"replies":[{"embeddable":true,"href":"https:\/\/we.pb.edu.pl\/kfeits\/wp-json\/wp\/v2\/comments?post=2403"}],"version-history":[{"count":17,"href":"https:\/\/we.pb.edu.pl\/kfeits\/wp-json\/wp\/v2\/pages\/2403\/revisions"}],"predecessor-version":[{"id":4811,"href":"https:\/\/we.pb.edu.pl\/kfeits\/wp-json\/wp\/v2\/pages\/2403\/revisions\/4811"}],"up":[{"embeddable":true,"href":"https:\/\/we.pb.edu.pl\/kfeits\/wp-json\/wp\/v2\/pages\/4413"}],"wp:attachment":[{"href":"https:\/\/we.pb.edu.pl\/kfeits\/wp-json\/wp\/v2\/media?parent=2403"}],"curies":[{"name":"wp","href":"https:\/\/api.w.org\/{rel}","templated":true}]}}