{"id":2094,"date":"2020-05-07T09:25:27","date_gmt":"2020-05-07T07:25:27","guid":{"rendered":"https:\/\/we.pb.edu.pl\/kfeits\/?page_id=2094"},"modified":"2020-05-07T20:59:15","modified_gmt":"2020-05-07T18:59:15","slug":"projects","status":"publish","type":"page","link":"https:\/\/we.pb.edu.pl\/kfeits\/nauka-i-badania\/bialystok-photonics\/projects\/","title":{"rendered":"Projects"},"content":{"rendered":"<p><strong>List of projects<\/strong><\/p>\n<ol>\n<li>Research Project Ministry of Science and Higher Education No 3 T08 D 031 27<strong><em>, <\/em><\/strong>O<em>xide glasses activated with selected rare earth elements for fiber lasers 1,0-1,3&nbsp;<\/em><em>u<\/em><em>m<\/em><strong>.<\/strong>&nbsp;Project duration: 2004-2007<\/li>\n<li>Research Project Ministry of Science and Higher Education No 3 T08D 046 29, <em>Development of the basics of technology of side surface emitting optical fiber, <\/em>Project duration: 2004-2007<\/li>\n<li>Development research project MNiSzW Nr R 08&nbsp;022 02, S<em>pecial optical fibres technology,&nbsp;<\/em>&nbsp;Project duration: 2007-2010<\/li>\n<li>Research Project Ministry of Science and Higher Education No N N507 285636, <em>The elaboration of active glasses and fibres technology doped with double lanthanides for laser generation in the NIR (1300-2300 nm) range,<\/em>&nbsp;Project duration: 2009-2012<\/li>\n<li>Research Project National Science Centre Nr N N515 512340. <em>Double doped active optical fiber<\/em>, Project duration: 2011-2014,&nbsp;<\/li>\n<li>The project financed from the program for young doctors within the framework of the project &#8222;Increasing the capacity of universities as a factor in the development of knowledge-based economy&#8221; co-financed by the EU under the European Social Fund. <em>&#8222;Development of the construction of optical fibers doped with rare earth elements for systems dedicated to photonics fiber optics<\/em>&#8222;, 2012<\/li>\n<li>Research Project NCN Nr DEC-2013\/09\/D\/ST8\/03987, <em>Examination of mechanisms influencing differences in luminescent properties of glasses and optical fibers doped with lanthanides<\/em>, Project duration: 2014-2017<\/li>\n<li>Research Project NCN nr DEC-2012\/07\/B\/ST8\/04019, <em>New glass antimony mixed truss low- and high-phonon as a matrix for the construction of active fibers, <\/em>&nbsp;Project duration: 2013-2016<\/li>\n<li>Research Project NCN 2011\/03\/B\/ST7\/01743<em>, Bezo\u0142owiowe tlenkowo-fluorkowe szk\u0142a i w\u0142&oacute;kna szklane oraz materia\u0142y szklano-ceramiczne aktywowane jonami lantanowc&oacute;w dla fotoniki.<\/em> University of Silesia, Bialystok University of Technology, Project duration: 2013-2016<\/li>\n<li>Research Project NCN 2015\/17\/B\/ST7\/03730. <em>Szk\u0142a i w\u0142&oacute;kna aktywne dla emisji \u015bwiat\u0142a bia\u0142ego i promieniowania w zakresie bliskiej podczerwieni przy 2000 nm,<\/em> University of Silesia, Bialystok University of Technology, Project duration: 2016-2019,&nbsp;<\/li>\n<li>Application research Project &bdquo;Wsparcie w Ramach Du\u017cego Bonu &ndash; Edycja 2015<strong>, &bdquo; <\/strong><em>Near infrared amplified sponteous emission optical fiber source, <\/em>agreement 102\/WDB\/DPP\/15, Optors, Bialystok University of Technology, 2015, contractor,<\/li>\n<li>International research project COST MP1401, <em>&bdquo;Advanced fibre laser and coherent source as tools for society, manufacturing and lifescience&rdquo;<\/em><strong>.<\/strong> Project duration: 2014-2017<\/li>\n<li>Polish &#8211; Czech research project nr 7AMB16PL04, <em>Nanoparticle doped soft-glass optical fibers for fiber-lasers<\/em>, Institute of Photonics and Electronics of the AS CR, v.v.i., Bialystok University of Technology, 2016 &ndash; 2017,<\/li>\n<li>International research project CNR-PAS joint project, <em>Nanostructured systems in opal configuration for the development of photonic devices<\/em>, Institute IFN &ndash; CNR, Bialystok University of Technology, Project duration: 2014-2016<\/li>\n<li>Research Project NCN nr DEC- 2016\/21\/D\/ST7\/03453, <em>Optical fibers co-doped with lanthanides and noble metal nanoparticles<\/em>, Project duration: 2017-2020<\/li>\n<li>Research Project NCN 2016\/23\/B\/ST8\/00706, <em>Germanate glasses doped with lanthanide &#8211; spectroscopic and structural investigations,<\/em><em>AGH -Krakow,<\/em>&nbsp;Project duration: 2017-2020<\/li>\n<li>Research Project NCN&nbsp;Nr DEC-2017\/25\/B\/ST8\/02530, <em>Effect of rare-earth co-doping on spectroscopic properties of the fluoroindate glasses<\/em>, AGH &#8211; BUT, Project duration: 2018-2021<\/li>\n<\/ol>\n","protected":false},"excerpt":{"rendered":"<p>List of projects Research Project Ministry of Science and Higher Education No 3 T08 D<a class=\"read-more\" href=\"https:\/\/we.pb.edu.pl\/kfeits\/nauka-i-badania\/bialystok-photonics\/projects\/\" title=\"Poka\u017c artyku\u0142 Projects\">wi\u0119cej<\/a><\/p>\n","protected":false},"author":30,"featured_media":0,"parent":2082,"menu_order":2,"comment_status":"closed","ping_status":"closed","template":"","meta":{"inline_featured_image":false,"ngg_post_thumbnail":0,"footnotes":""},"class_list":["post-2094","page","type-page","status-publish","hentry"],"acf":[],"yoast_head":"<!-- This site is optimized with the Yoast SEO plugin v26.4 - https:\/\/yoast.com\/wordpress\/plugins\/seo\/ -->\n<title>Projects - Katedra Fotoniki, Elektroniki i Techniki \u015awietlnej<\/title>\n<meta name=\"robots\" content=\"index, follow, max-snippet:-1, max-image-preview:large, max-video-preview:-1\" \/>\n<link rel=\"canonical\" href=\"https:\/\/we.pb.edu.pl\/kfeits\/nauka-i-badania\/bialystok-photonics\/projects\/\" \/>\n<meta property=\"og:locale\" content=\"pl_PL\" \/>\n<meta property=\"og:type\" content=\"article\" \/>\n<meta property=\"og:title\" content=\"Projects - Katedra Fotoniki, Elektroniki i Techniki \u015awietlnej\" \/>\n<meta property=\"og:description\" content=\"List of projects Research Project Ministry of Science and Higher Education No 3 T08 Dwi\u0119cej\" \/>\n<meta property=\"og:url\" content=\"https:\/\/we.pb.edu.pl\/kfeits\/nauka-i-badania\/bialystok-photonics\/projects\/\" \/>\n<meta property=\"og:site_name\" content=\"Katedra Fotoniki, Elektroniki i Techniki \u015awietlnej\" \/>\n<meta property=\"article:modified_time\" content=\"2020-05-07T18:59:15+00:00\" \/>\n<meta name=\"twitter:card\" content=\"summary_large_image\" \/>\n<meta name=\"twitter:label1\" content=\"Szacowany czas czytania\" \/>\n\t<meta name=\"twitter:data1\" content=\"2 minuty\" \/>\n<script type=\"application\/ld+json\" class=\"yoast-schema-graph\">{\"@context\":\"https:\/\/schema.org\",\"@graph\":[{\"@type\":\"WebPage\",\"@id\":\"https:\/\/we.pb.edu.pl\/kfeits\/nauka-i-badania\/bialystok-photonics\/projects\/\",\"url\":\"https:\/\/we.pb.edu.pl\/kfeits\/nauka-i-badania\/bialystok-photonics\/projects\/\",\"name\":\"Projects - Katedra Fotoniki, Elektroniki i Techniki \u015awietlnej\",\"isPartOf\":{\"@id\":\"https:\/\/we.pb.edu.pl\/kfeits\/#website\"},\"datePublished\":\"2020-05-07T07:25:27+00:00\",\"dateModified\":\"2020-05-07T18:59:15+00:00\",\"breadcrumb\":{\"@id\":\"https:\/\/we.pb.edu.pl\/kfeits\/nauka-i-badania\/bialystok-photonics\/projects\/#breadcrumb\"},\"inLanguage\":\"pl-PL\",\"potentialAction\":[{\"@type\":\"ReadAction\",\"target\":[\"https:\/\/we.pb.edu.pl\/kfeits\/nauka-i-badania\/bialystok-photonics\/projects\/\"]}]},{\"@type\":\"BreadcrumbList\",\"@id\":\"https:\/\/we.pb.edu.pl\/kfeits\/nauka-i-badania\/bialystok-photonics\/projects\/#breadcrumb\",\"itemListElement\":[{\"@type\":\"ListItem\",\"position\":1,\"name\":\"Strona g\u0142\u00f3wna\",\"item\":\"https:\/\/we.pb.edu.pl\/kfeits\/\"},{\"@type\":\"ListItem\",\"position\":2,\"name\":\"Nauka i badania\",\"item\":\"https:\/\/we.pb.edu.pl\/kfeits\/nauka-i-badania\/\"},{\"@type\":\"ListItem\",\"position\":3,\"name\":\"Photonics Bialystok research group\",\"item\":\"https:\/\/we.pb.edu.pl\/kfeits\/nauka-i-badania\/bialystok-photonics\/\"},{\"@type\":\"ListItem\",\"position\":4,\"name\":\"Projects\"}]},{\"@type\":\"WebSite\",\"@id\":\"https:\/\/we.pb.edu.pl\/kfeits\/#website\",\"url\":\"https:\/\/we.pb.edu.pl\/kfeits\/\",\"name\":\"Katedra Fotoniki, Elektroniki i Techniki \u015awietlnej\",\"description\":\"\",\"potentialAction\":[{\"@type\":\"SearchAction\",\"target\":{\"@type\":\"EntryPoint\",\"urlTemplate\":\"https:\/\/we.pb.edu.pl\/kfeits\/?s={search_term_string}\"},\"query-input\":{\"@type\":\"PropertyValueSpecification\",\"valueRequired\":true,\"valueName\":\"search_term_string\"}}],\"inLanguage\":\"pl-PL\"}]}<\/script>\n<!-- \/ Yoast SEO plugin. -->","yoast_head_json":{"title":"Projects - Katedra Fotoniki, Elektroniki i Techniki \u015awietlnej","robots":{"index":"index","follow":"follow","max-snippet":"max-snippet:-1","max-image-preview":"max-image-preview:large","max-video-preview":"max-video-preview:-1"},"canonical":"https:\/\/we.pb.edu.pl\/kfeits\/nauka-i-badania\/bialystok-photonics\/projects\/","og_locale":"pl_PL","og_type":"article","og_title":"Projects - Katedra Fotoniki, Elektroniki i Techniki \u015awietlnej","og_description":"List of projects Research Project Ministry of Science and Higher Education No 3 T08 Dwi\u0119cej","og_url":"https:\/\/we.pb.edu.pl\/kfeits\/nauka-i-badania\/bialystok-photonics\/projects\/","og_site_name":"Katedra Fotoniki, Elektroniki i Techniki \u015awietlnej","article_modified_time":"2020-05-07T18:59:15+00:00","twitter_card":"summary_large_image","twitter_misc":{"Szacowany czas czytania":"2 minuty"},"schema":{"@context":"https:\/\/schema.org","@graph":[{"@type":"WebPage","@id":"https:\/\/we.pb.edu.pl\/kfeits\/nauka-i-badania\/bialystok-photonics\/projects\/","url":"https:\/\/we.pb.edu.pl\/kfeits\/nauka-i-badania\/bialystok-photonics\/projects\/","name":"Projects - Katedra Fotoniki, Elektroniki i Techniki \u015awietlnej","isPartOf":{"@id":"https:\/\/we.pb.edu.pl\/kfeits\/#website"},"datePublished":"2020-05-07T07:25:27+00:00","dateModified":"2020-05-07T18:59:15+00:00","breadcrumb":{"@id":"https:\/\/we.pb.edu.pl\/kfeits\/nauka-i-badania\/bialystok-photonics\/projects\/#breadcrumb"},"inLanguage":"pl-PL","potentialAction":[{"@type":"ReadAction","target":["https:\/\/we.pb.edu.pl\/kfeits\/nauka-i-badania\/bialystok-photonics\/projects\/"]}]},{"@type":"BreadcrumbList","@id":"https:\/\/we.pb.edu.pl\/kfeits\/nauka-i-badania\/bialystok-photonics\/projects\/#breadcrumb","itemListElement":[{"@type":"ListItem","position":1,"name":"Strona g\u0142\u00f3wna","item":"https:\/\/we.pb.edu.pl\/kfeits\/"},{"@type":"ListItem","position":2,"name":"Nauka i badania","item":"https:\/\/we.pb.edu.pl\/kfeits\/nauka-i-badania\/"},{"@type":"ListItem","position":3,"name":"Photonics Bialystok research group","item":"https:\/\/we.pb.edu.pl\/kfeits\/nauka-i-badania\/bialystok-photonics\/"},{"@type":"ListItem","position":4,"name":"Projects"}]},{"@type":"WebSite","@id":"https:\/\/we.pb.edu.pl\/kfeits\/#website","url":"https:\/\/we.pb.edu.pl\/kfeits\/","name":"Katedra Fotoniki, Elektroniki i Techniki \u015awietlnej","description":"","potentialAction":[{"@type":"SearchAction","target":{"@type":"EntryPoint","urlTemplate":"https:\/\/we.pb.edu.pl\/kfeits\/?s={search_term_string}"},"query-input":{"@type":"PropertyValueSpecification","valueRequired":true,"valueName":"search_term_string"}}],"inLanguage":"pl-PL"}]}},"_links":{"self":[{"href":"https:\/\/we.pb.edu.pl\/kfeits\/wp-json\/wp\/v2\/pages\/2094","targetHints":{"allow":["GET"]}}],"collection":[{"href":"https:\/\/we.pb.edu.pl\/kfeits\/wp-json\/wp\/v2\/pages"}],"about":[{"href":"https:\/\/we.pb.edu.pl\/kfeits\/wp-json\/wp\/v2\/types\/page"}],"author":[{"embeddable":true,"href":"https:\/\/we.pb.edu.pl\/kfeits\/wp-json\/wp\/v2\/users\/30"}],"replies":[{"embeddable":true,"href":"https:\/\/we.pb.edu.pl\/kfeits\/wp-json\/wp\/v2\/comments?post=2094"}],"version-history":[{"count":4,"href":"https:\/\/we.pb.edu.pl\/kfeits\/wp-json\/wp\/v2\/pages\/2094\/revisions"}],"predecessor-version":[{"id":2171,"href":"https:\/\/we.pb.edu.pl\/kfeits\/wp-json\/wp\/v2\/pages\/2094\/revisions\/2171"}],"up":[{"embeddable":true,"href":"https:\/\/we.pb.edu.pl\/kfeits\/wp-json\/wp\/v2\/pages\/2082"}],"wp:attachment":[{"href":"https:\/\/we.pb.edu.pl\/kfeits\/wp-json\/wp\/v2\/media?parent=2094"}],"curies":[{"name":"wp","href":"https:\/\/api.w.org\/{rel}","templated":true}]}}