{"id":1859,"date":"2020-03-26T22:51:46","date_gmt":"2020-03-26T21:51:46","guid":{"rendered":"https:\/\/we.pb.edu.pl\/kfeits\/?page_id=1859"},"modified":"2024-05-31T17:21:12","modified_gmt":"2024-05-31T15:21:12","slug":"telecommunication-devices-fee-100-37","status":"publish","type":"page","link":"https:\/\/we.pb.edu.pl\/kfeits\/maciej-sadowski\/telecommunication-devices-fee-100-37\/","title":{"rendered":"Telecommunication Devices FEE-10037"},"content":{"rendered":"<p><span style=\"font-size: 14pt\"><strong>Telecommunication Devices FEE-10037<\/strong><\/span><\/p>\n<p><span style=\"font-size: 14pt\">for Erasmus students<\/span><\/p>\n<p>edition: spring 2024<\/p>\n<p>&nbsp;<\/p>\n<p>&nbsp;<\/p>\n<p><a href=\"https:\/\/box.biaman.pl\/f\/4e6db66533cb4af29012\/?dl=1\">Materials for reading for homework 1<\/a><\/p>\n<p>&nbsp;<\/p>\n<p>&nbsp;<\/p>\n<p>&nbsp;<\/p>\n<p>&nbsp;<\/p>\n<p>&nbsp;<\/p>\n<div class=\"tlid-input input\">\n<div class=\"source-wrap\">\n<div class=\"input-full-height-wrapper tlid-input-full-height-wrapper\">\n<div class=\"source-input\">\n<div class=\"source-footer-wrap source-or-target-footer\">\n<div class=\"source-footer\">\n<div class=\"speech-wrap source-or-target-footer-button left-positioned\">\n<div id=\"gt-speech\" class=\"speech-button goog-toolbar-button\" role=\"button\" aria-label=\"W\u0142\u0105cz g\u0142osowe wprowadzanie tekstu\" data-tooltip-align=\"t,c\" data-tooltip=\"W\u0142\u0105cz g\u0142osowe wprowadzanie tekstu\"><\/div>\n<\/div>\n<div class=\"src-tts left-positioned ttsbutton jfk-button-flat source-or-target-footer-button jfk-button\" role=\"button\" aria-label=\"S\u0142uchaj\" data-tooltip=\"S\u0142uchaj\" data-tooltip-align=\"t,c\" aria-hidden=\"false\">\n<div class=\"jfk-button-img\"><\/div>\n<\/div>\n<\/div>\n<\/div>\n<\/div>\n<\/div>\n<\/div>\n<\/div>\n<div class=\"tlid-results-container results-container\">\n<div class=\"tlid-result result-dict-wrapper\">\n<div class=\"result tlid-copy-target\">\n<div class=\"result-header\">\n<div class=\"starbutton jfk-button-flat jfk-button unstarred\" role=\"button\" aria-label=\"Oznacz t\u0142umaczenie gwiazdk\u0105\" data-tooltip=\"Oznacz t\u0142umaczenie gwiazdk\u0105\" data-tooltip-align=\"t,c\">\n<div class=\"jfk-button-img\"><\/div>\n<\/div>\n<\/div>\n<div class=\"text-wrap tlid-copy-target\">\n<div class=\"result-shield-container tlid-copy-target\"><\/div>\n<\/div>\n<\/div>\n<\/div>\n<\/div>\n<p>&nbsp;<\/p>\n<p>&nbsp;<\/p>\n<p>&nbsp;<\/p>\n<p>&nbsp;<\/p>\n","protected":false},"excerpt":{"rendered":"<p>Telecommunication Devices FEE-10037 for Erasmus students edition: spring 2024 &nbsp; &nbsp; Materials for reading for<a class=\"read-more\" href=\"https:\/\/we.pb.edu.pl\/kfeits\/maciej-sadowski\/telecommunication-devices-fee-100-37\/\" title=\"Poka\u017c artyku\u0142 Telecommunication Devices FEE-10037\">wi\u0119cej<\/a><\/p>\n","protected":false},"author":21,"featured_media":0,"parent":528,"menu_order":0,"comment_status":"closed","ping_status":"closed","template":"","meta":{"inline_featured_image":false,"ngg_post_thumbnail":0,"footnotes":""},"class_list":["post-1859","page","type-page","status-publish","hentry"],"acf":[],"yoast_head":"<!-- This site is optimized with the Yoast SEO plugin v26.4 - https:\/\/yoast.com\/wordpress\/plugins\/seo\/ -->\n<title>Telecommunication Devices FEE-10037 - Katedra Fotoniki, Elektroniki i Techniki \u015awietlnej<\/title>\n<meta name=\"robots\" content=\"index, follow, max-snippet:-1, max-image-preview:large, max-video-preview:-1\" \/>\n<link rel=\"canonical\" href=\"https:\/\/we.pb.edu.pl\/kfeits\/maciej-sadowski\/telecommunication-devices-fee-100-37\/\" \/>\n<meta property=\"og:locale\" content=\"pl_PL\" \/>\n<meta property=\"og:type\" content=\"article\" \/>\n<meta property=\"og:title\" content=\"Telecommunication Devices FEE-10037 - Katedra Fotoniki, Elektroniki i Techniki \u015awietlnej\" \/>\n<meta property=\"og:description\" content=\"Telecommunication Devices FEE-10037 for Erasmus students edition: spring 2024 &nbsp; &nbsp; Materials for reading forwi\u0119cej\" \/>\n<meta property=\"og:url\" content=\"https:\/\/we.pb.edu.pl\/kfeits\/maciej-sadowski\/telecommunication-devices-fee-100-37\/\" \/>\n<meta property=\"og:site_name\" content=\"Katedra Fotoniki, Elektroniki i Techniki \u015awietlnej\" \/>\n<meta property=\"article:modified_time\" content=\"2024-05-31T15:21:12+00:00\" \/>\n<meta name=\"twitter:card\" content=\"summary_large_image\" \/>\n<meta name=\"twitter:label1\" content=\"Szacowany czas czytania\" \/>\n\t<meta name=\"twitter:data1\" content=\"1 minuta\" \/>\n<script type=\"application\/ld+json\" class=\"yoast-schema-graph\">{\"@context\":\"https:\/\/schema.org\",\"@graph\":[{\"@type\":\"WebPage\",\"@id\":\"https:\/\/we.pb.edu.pl\/kfeits\/maciej-sadowski\/telecommunication-devices-fee-100-37\/\",\"url\":\"https:\/\/we.pb.edu.pl\/kfeits\/maciej-sadowski\/telecommunication-devices-fee-100-37\/\",\"name\":\"Telecommunication Devices FEE-10037 - Katedra Fotoniki, Elektroniki i Techniki \u015awietlnej\",\"isPartOf\":{\"@id\":\"https:\/\/we.pb.edu.pl\/kfeits\/#website\"},\"datePublished\":\"2020-03-26T21:51:46+00:00\",\"dateModified\":\"2024-05-31T15:21:12+00:00\",\"breadcrumb\":{\"@id\":\"https:\/\/we.pb.edu.pl\/kfeits\/maciej-sadowski\/telecommunication-devices-fee-100-37\/#breadcrumb\"},\"inLanguage\":\"pl-PL\",\"potentialAction\":[{\"@type\":\"ReadAction\",\"target\":[\"https:\/\/we.pb.edu.pl\/kfeits\/maciej-sadowski\/telecommunication-devices-fee-100-37\/\"]}]},{\"@type\":\"BreadcrumbList\",\"@id\":\"https:\/\/we.pb.edu.pl\/kfeits\/maciej-sadowski\/telecommunication-devices-fee-100-37\/#breadcrumb\",\"itemListElement\":[{\"@type\":\"ListItem\",\"position\":1,\"name\":\"Strona g\u0142\u00f3wna\",\"item\":\"https:\/\/we.pb.edu.pl\/kfeits\/\"},{\"@type\":\"ListItem\",\"position\":2,\"name\":\"dr in\u017c. Maciej Sadowski\",\"item\":\"https:\/\/we.pb.edu.pl\/kfeits\/maciej-sadowski\/\"},{\"@type\":\"ListItem\",\"position\":3,\"name\":\"Telecommunication Devices FEE-10037\"}]},{\"@type\":\"WebSite\",\"@id\":\"https:\/\/we.pb.edu.pl\/kfeits\/#website\",\"url\":\"https:\/\/we.pb.edu.pl\/kfeits\/\",\"name\":\"Katedra Fotoniki, Elektroniki i Techniki \u015awietlnej\",\"description\":\"\",\"potentialAction\":[{\"@type\":\"SearchAction\",\"target\":{\"@type\":\"EntryPoint\",\"urlTemplate\":\"https:\/\/we.pb.edu.pl\/kfeits\/?s={search_term_string}\"},\"query-input\":{\"@type\":\"PropertyValueSpecification\",\"valueRequired\":true,\"valueName\":\"search_term_string\"}}],\"inLanguage\":\"pl-PL\"}]}<\/script>\n<!-- \/ Yoast SEO plugin. -->","yoast_head_json":{"title":"Telecommunication Devices FEE-10037 - Katedra Fotoniki, Elektroniki i Techniki \u015awietlnej","robots":{"index":"index","follow":"follow","max-snippet":"max-snippet:-1","max-image-preview":"max-image-preview:large","max-video-preview":"max-video-preview:-1"},"canonical":"https:\/\/we.pb.edu.pl\/kfeits\/maciej-sadowski\/telecommunication-devices-fee-100-37\/","og_locale":"pl_PL","og_type":"article","og_title":"Telecommunication Devices FEE-10037 - Katedra Fotoniki, Elektroniki i Techniki \u015awietlnej","og_description":"Telecommunication Devices FEE-10037 for Erasmus students edition: spring 2024 &nbsp; &nbsp; Materials for reading forwi\u0119cej","og_url":"https:\/\/we.pb.edu.pl\/kfeits\/maciej-sadowski\/telecommunication-devices-fee-100-37\/","og_site_name":"Katedra Fotoniki, Elektroniki i Techniki \u015awietlnej","article_modified_time":"2024-05-31T15:21:12+00:00","twitter_card":"summary_large_image","twitter_misc":{"Szacowany czas czytania":"1 minuta"},"schema":{"@context":"https:\/\/schema.org","@graph":[{"@type":"WebPage","@id":"https:\/\/we.pb.edu.pl\/kfeits\/maciej-sadowski\/telecommunication-devices-fee-100-37\/","url":"https:\/\/we.pb.edu.pl\/kfeits\/maciej-sadowski\/telecommunication-devices-fee-100-37\/","name":"Telecommunication Devices FEE-10037 - Katedra Fotoniki, Elektroniki i Techniki \u015awietlnej","isPartOf":{"@id":"https:\/\/we.pb.edu.pl\/kfeits\/#website"},"datePublished":"2020-03-26T21:51:46+00:00","dateModified":"2024-05-31T15:21:12+00:00","breadcrumb":{"@id":"https:\/\/we.pb.edu.pl\/kfeits\/maciej-sadowski\/telecommunication-devices-fee-100-37\/#breadcrumb"},"inLanguage":"pl-PL","potentialAction":[{"@type":"ReadAction","target":["https:\/\/we.pb.edu.pl\/kfeits\/maciej-sadowski\/telecommunication-devices-fee-100-37\/"]}]},{"@type":"BreadcrumbList","@id":"https:\/\/we.pb.edu.pl\/kfeits\/maciej-sadowski\/telecommunication-devices-fee-100-37\/#breadcrumb","itemListElement":[{"@type":"ListItem","position":1,"name":"Strona g\u0142\u00f3wna","item":"https:\/\/we.pb.edu.pl\/kfeits\/"},{"@type":"ListItem","position":2,"name":"dr in\u017c. Maciej Sadowski","item":"https:\/\/we.pb.edu.pl\/kfeits\/maciej-sadowski\/"},{"@type":"ListItem","position":3,"name":"Telecommunication Devices FEE-10037"}]},{"@type":"WebSite","@id":"https:\/\/we.pb.edu.pl\/kfeits\/#website","url":"https:\/\/we.pb.edu.pl\/kfeits\/","name":"Katedra Fotoniki, Elektroniki i Techniki \u015awietlnej","description":"","potentialAction":[{"@type":"SearchAction","target":{"@type":"EntryPoint","urlTemplate":"https:\/\/we.pb.edu.pl\/kfeits\/?s={search_term_string}"},"query-input":{"@type":"PropertyValueSpecification","valueRequired":true,"valueName":"search_term_string"}}],"inLanguage":"pl-PL"}]}},"_links":{"self":[{"href":"https:\/\/we.pb.edu.pl\/kfeits\/wp-json\/wp\/v2\/pages\/1859","targetHints":{"allow":["GET"]}}],"collection":[{"href":"https:\/\/we.pb.edu.pl\/kfeits\/wp-json\/wp\/v2\/pages"}],"about":[{"href":"https:\/\/we.pb.edu.pl\/kfeits\/wp-json\/wp\/v2\/types\/page"}],"author":[{"embeddable":true,"href":"https:\/\/we.pb.edu.pl\/kfeits\/wp-json\/wp\/v2\/users\/21"}],"replies":[{"embeddable":true,"href":"https:\/\/we.pb.edu.pl\/kfeits\/wp-json\/wp\/v2\/comments?post=1859"}],"version-history":[{"count":22,"href":"https:\/\/we.pb.edu.pl\/kfeits\/wp-json\/wp\/v2\/pages\/1859\/revisions"}],"predecessor-version":[{"id":5086,"href":"https:\/\/we.pb.edu.pl\/kfeits\/wp-json\/wp\/v2\/pages\/1859\/revisions\/5086"}],"up":[{"embeddable":true,"href":"https:\/\/we.pb.edu.pl\/kfeits\/wp-json\/wp\/v2\/pages\/528"}],"wp:attachment":[{"href":"https:\/\/we.pb.edu.pl\/kfeits\/wp-json\/wp\/v2\/media?parent=1859"}],"curies":[{"name":"wp","href":"https:\/\/api.w.org\/{rel}","templated":true}]}}